{"id":36104,"date":"2025-05-08T07:49:11","date_gmt":"2025-05-08T07:49:11","guid":{"rendered":"https:\/\/meteoquebec.ca\/?post_type=product&#038;p=36104"},"modified":"2026-03-27T14:01:52","modified_gmt":"2026-03-27T18:01:52","slug":"soulier-de-travail-protector-a9052-11","status":"publish","type":"product","link":"https:\/\/autravail.ca\/en\/product\/soulier-de-travail-protector-a9052-11\/","title":{"rendered":"Soulier de travail Protector &#8211; A9052-11"},"content":{"rendered":"<h3>Soulier de travail Protector &#8211; A9052-11<\/h3>\n<p>Soulier de travail Protector &#8211; A9052-11 de <a href=\"https:\/\/autravail.ca\/en\/product-brand\/acton\/\">Acton<\/a> est un soulier de s\u00e9curit\u00e9 bas (hauteur de 4,75 pouces \/ 12 cm) con\u00e7u pour offrir une protection robuste dans un format compact. Contrairement \u00e0 d&rsquo;autres mod\u00e8les de la marque qui privil\u00e9gient le composite, celui-ci utilise des composants en\u00a0<strong class=\"Yjhzub\" data-sfc-root=\"c\" data-sfc-cb=\"\" data-complete=\"true\" data-processed=\"true\">acier<\/strong>\u00a0pour la s\u00e9curit\u00e9.<\/p>\n<p><img decoding=\"async\" class=\"alignnone size-full wp-image-40117\" src=\"https:\/\/autravail.ca\/wp-content\/uploads\/2025\/09\/Certification-Omega-Triangle-vert.jpg\" alt=\"Certifications Om\u00e9ga Triangle vert\" width=\"193\" height=\"110\" srcset=\"https:\/\/autravail.ca\/wp-content\/uploads\/2025\/09\/Certification-Omega-Triangle-vert.jpg 193w, https:\/\/autravail.ca\/wp-content\/uploads\/2025\/09\/Certification-Omega-Triangle-vert-150x85.jpg 150w, https:\/\/autravail.ca\/wp-content\/uploads\/2025\/09\/Certification-Omega-Triangle-vert-18x10.jpg 18w\" sizes=\"(max-width: 193px) 100vw, 193px\" \/><\/p>\n<h6>Characteristics:<\/h6>\n<div id=\"tab-1\" class=\"r-tabs-panel r-tabs-state-active\" style=\"display: block; min-height: 393.733px;\">\n<div class=\"rte\">\n<div id=\"tab-1\" class=\"r-tabs-panel r-tabs-state-active\" style=\"display: block;\">\n<div class=\"rte\">\n<div id=\"tab-1\" class=\"r-tabs-panel r-tabs-state-active\" style=\"display: block; min-height: 448.733px;\">\n<div class=\"rte\">\n<div id=\"tab-1\" class=\"r-tabs-panel r-tabs-state-active\" style=\"display: block; min-height: 284.733px;\">\n<div class=\"rte\">\n<div id=\"tab-1\" class=\"r-tabs-panel r-tabs-state-active\" style=\"display: block; min-height: 284.733px;\">\n<div class=\"rte\">\n<div id=\"tab-1\" class=\"r-tabs-panel r-tabs-state-active\" style=\"display: block; min-height: 339.733px;\">\n<div class=\"rte\">\n<ul>\n<li class=\"dF3vjf\" data-sfc-root=\"c\" data-sfc-cb=\"\" data-hveid=\"CAEIBBAA\" data-complete=\"true\" data-sae=\"\"><span class=\"T286Pc\" data-sfc-cp=\"\" data-sfc-root=\"c\" data-sfc-cb=\"\" data-complete=\"true\"><strong class=\"Yjhzub\" data-sfc-root=\"c\" data-sfc-cb=\"\" data-complete=\"true\">Steel Buckle<\/strong>\u00a0et d&rsquo;une\u00a0<strong class=\"Yjhzub\" data-sfc-root=\"c\" data-sfc-cb=\"\" data-complete=\"true\">semelle antiperforation en acier<\/strong>, r\u00e9pondant aux normes\u00a0<strong class=\"Yjhzub\" data-sfc-root=\"c\" data-sfc-cb=\"\" data-complete=\"true\">CSA Grade 1<\/strong>. Certifi\u00e9 <strong class=\"Yjhzub\" data-sfc-root=\"c\" data-sfc-cb=\"\" data-complete=\"true\">ESR<\/strong>\u00a0pour la protection contre les chocs \u00e9lectriques.<\/span><\/li>\n<li class=\"dF3vjf\" data-sfc-root=\"c\" data-sfc-cb=\"\" data-hveid=\"CAEIBBAB\" data-complete=\"true\" data-sae=\"\"><span class=\"T286Pc\" data-sfc-cp=\"\" data-sfc-root=\"c\" data-sfc-cb=\"\" data-complete=\"true\">La tige est fabriqu\u00e9e en cuir pleine fleur imperm\u00e9able de 2 mm (parfois list\u00e9 \u00e0 3 mm selon les sources) pour une durabilit\u00e9 accrue.<\/span><\/li>\n<li class=\"dF3vjf\" data-sfc-root=\"c\" data-sfc-cb=\"\" data-hveid=\"CAEIBBAC\" data-complete=\"true\" data-sae=\"\"><span class=\"T286Pc\" data-sfc-cp=\"\" data-sfc-root=\"c\" data-sfc-cb=\"\" data-complete=\"true\" aria-owns=\"action-menu-parent-container\"><strong class=\"Yjhzub\" data-sfc-root=\"c\" data-sfc-cb=\"\" data-complete=\"true\">C<\/strong><strong class=\"Yjhzub\" data-sfc-root=\"c\" data-sfc-cb=\"\" data-complete=\"true\">ambrion en acier<\/strong>\u00a0(steel shank) pour un meilleur soutien de la vo\u00fbte plantaire et une stabilit\u00e9 accrue.<\/span><\/li>\n<li class=\"dF3vjf\" data-sfc-root=\"c\" data-sfc-cb=\"\" data-hveid=\"CAEIBhAA\" data-complete=\"true\" data-sae=\"\"><span class=\"T286Pc\" data-sfc-cp=\"\" data-sfc-root=\"c\" data-sfc-cb=\"\" data-complete=\"true\">Doublure respirante et absorbante qui \u00e9vacue l&rsquo;humidit\u00e9 pour garder le pied au sec, compl\u00e9t\u00e9e par un traitement <strong class=\"Yjhzub\" data-sfc-root=\"c\" data-sfc-cb=\"\" data-complete=\"true\">antimicrobien<\/strong>.<\/span><\/li>\n<li class=\"dF3vjf\" data-sfc-root=\"c\" data-sfc-cb=\"\" data-hveid=\"CAEIBhAB\" data-complete=\"true\" data-sae=\"\"><span class=\"T286Pc\" data-sfc-cp=\"\" data-sfc-root=\"c\" data-sfc-cb=\"\" data-complete=\"true\"><b>S<\/b>emelle int\u00e9rieure amovible en polyur\u00e9thane (PU) moul\u00e9 qui offre un bon amorti et peut \u00eatre remplac\u00e9e par des orth\u00e8ses au besoin.<\/span><\/li>\n<li class=\"dF3vjf\" data-sfc-root=\"c\" data-sfc-cb=\"\" data-hveid=\"CAEIBhAC\" data-complete=\"true\" data-sae=\"\"><span class=\"T286Pc\" data-sfc-cp=\"\" data-sfc-root=\"c\" data-sfc-cb=\"\" data-complete=\"true\" aria-owns=\"action-menu-parent-container\"><strong class=\"Yjhzub\" data-sfc-root=\"c\" data-sfc-cb=\"\" data-complete=\"true\">Semelle ext\u00e9rieure<\/strong>\u00a0en PU ultra-l\u00e9ger et r\u00e9sistant aux huiles, elle pr\u00e9sente un\u00a0<strong class=\"Yjhzub\" data-sfc-root=\"c\" data-sfc-cb=\"\" data-complete=\"true\">talon \u00e0 90\u00b0<\/strong>\u00a0pour une meilleure stabilit\u00e9 sur les \u00e9chelles.<\/span><\/li>\n<\/ul>\n<p><em><span style=\"color: #fa0b0b;\">Possible slight additional delivery delay for this model.<\/span><\/em><\/p>\n<p><em><span style=\"color: #fa0b0b;\">Unisex U.S. men's sizes presented. To convert to U.S. women's size, add 2 sizes. Example: 5 U.S. men = 7 U.S. women<\/span><\/em><\/p>\n<p><img decoding=\"async\" class=\"alignnone wp-image-40620\" src=\"https:\/\/autravail.ca\/wp-content\/uploads\/2025\/09\/Jachete-quebec-et-canada.jpg\" alt=\"Logo de l'achat local\" width=\"162\" height=\"139\" \/>Merci d&rsquo;encourager une entreprise 100% d&rsquo;ici!<\/p>\n<p>TS2603H<\/p>\n<\/div>\n<\/div>\n<\/div>\n<\/div>\n<\/div>\n<\/div>\n<\/div>\n<\/div>\n<\/div>\n<\/div>\n<\/div>\n<\/div>","protected":false},"excerpt":{"rendered":"<p>Soulier de travail Protector &#8211; A9052-11 Soulier de travail Protector &#8211; A9052-11 de Acton est un soulier de s\u00e9curit\u00e9 bas (hauteur de 4,75 pouces \/ 12 cm) con\u00e7u pour offrir une protection robuste dans un format compact. Contrairement \u00e0 d&rsquo;autres mod\u00e8les de la marque qui privil\u00e9gient le composite, celui-ci utilise des composants en\u00a0acier\u00a0pour la s\u00e9curit\u00e9. [&hellip;]<\/p>","protected":false},"featured_media":21800,"comment_status":"open","ping_status":"closed","template":"","meta":[],"product_cat":[633,602,617],"product_tag":[357,252,255,242,253,257],"class_list":{"0":"post-36104","1":"product","2":"type-product","3":"status-publish","4":"has-post-thumbnail","6":"product_brand-acton","7":"product_cat-femmes","8":"product_cat-hommes","9":"product_cat-souliers-de-travail-femme","10":"product_tag-acton-shoes","11":"product_tag-electric-shock-resistant","12":"product_tag-femme","13":"product_tag-homme","14":"product_tag-sole-protection","15":"product_tag-souliers-de-travail","17":"first","18":"instock","19":"taxable","20":"shipping-taxable","21":"purchasable","22":"product-type-variable"},"yoast_head":"<!-- This site is optimized with the Yoast SEO plugin v25.3.1 - https:\/\/yoast.com\/wordpress\/plugins\/seo\/ -->\n<title>Soulier de travail Protector - A9052-11 - Le Magasin Industriel<\/title>\n<meta name=\"description\" content=\"Soulier de travail Protector - A9052-11 embout et semelle en acier, collet et langue coussin\u00e9s, cuir pleine fleur, doublure respirante\" \/>\n<meta name=\"robots\" content=\"index, follow, max-snippet:-1, max-image-preview:large, max-video-preview:-1\" \/>\n<link rel=\"canonical\" href=\"https:\/\/autravail.ca\/en\/product\/soulier-de-travail-protector-a9052-11\/\" \/>\n<meta property=\"og:locale\" content=\"en_US\" \/>\n<meta property=\"og:type\" content=\"article\" \/>\n<meta property=\"og:title\" content=\"Soulier de travail Protector - A9052-11 - Le Magasin Industriel\" \/>\n<meta property=\"og:description\" content=\"Soulier de travail Protector - A9052-11 embout et semelle en acier, collet et langue coussin\u00e9s, cuir pleine fleur, doublure respirante\" \/>\n<meta property=\"og:url\" content=\"https:\/\/autravail.ca\/en\/product\/soulier-de-travail-protector-a9052-11\/\" \/>\n<meta property=\"og:site_name\" content=\"Le Magasin Industriel\" \/>\n<meta property=\"article:publisher\" content=\"https:\/\/www.facebook.com\/lemagasinindustriel\/?locale=fr_FR\" \/>\n<meta property=\"article:modified_time\" content=\"2026-03-27T18:01:52+00:00\" \/>\n<meta property=\"og:image\" content=\"https:\/\/autravail.ca\/wp-content\/uploads\/2025\/05\/A9052-11_A01.jpg\" \/>\n\t<meta property=\"og:image:width\" content=\"1000\" \/>\n\t<meta property=\"og:image:height\" content=\"1000\" \/>\n\t<meta property=\"og:image:type\" content=\"image\/jpeg\" \/>\n<meta name=\"twitter:card\" content=\"summary_large_image\" \/>\n<meta name=\"twitter:label1\" content=\"Est. reading time\" \/>\n\t<meta name=\"twitter:data1\" content=\"2 minutes\" \/>\n<script type=\"application\/ld+json\" class=\"yoast-schema-graph\">{\"@context\":\"https:\/\/schema.org\",\"@graph\":[{\"@type\":\"WebPage\",\"@id\":\"https:\/\/autravail.ca\/product\/soulier-de-travail-protector-a9052-11\/\",\"url\":\"https:\/\/autravail.ca\/product\/soulier-de-travail-protector-a9052-11\/\",\"name\":\"Soulier de travail Protector - A9052-11 - Le Magasin Industriel\",\"isPartOf\":{\"@id\":\"https:\/\/autravail.ca\/#website\"},\"primaryImageOfPage\":{\"@id\":\"https:\/\/autravail.ca\/product\/soulier-de-travail-protector-a9052-11\/#primaryimage\"},\"image\":{\"@id\":\"https:\/\/autravail.ca\/product\/soulier-de-travail-protector-a9052-11\/#primaryimage\"},\"thumbnailUrl\":\"https:\/\/autravail.ca\/wp-content\/uploads\/2025\/05\/A9052-11_A01.jpg\",\"datePublished\":\"2025-05-08T07:49:11+00:00\",\"dateModified\":\"2026-03-27T18:01:52+00:00\",\"description\":\"Soulier de travail Protector - A9052-11 embout et semelle en acier, collet et langue coussin\u00e9s, cuir pleine fleur, doublure respirante\",\"breadcrumb\":{\"@id\":\"https:\/\/autravail.ca\/product\/soulier-de-travail-protector-a9052-11\/#breadcrumb\"},\"inLanguage\":\"en-CA\",\"potentialAction\":[{\"@type\":\"ReadAction\",\"target\":[\"https:\/\/autravail.ca\/product\/soulier-de-travail-protector-a9052-11\/\"]}]},{\"@type\":\"ImageObject\",\"inLanguage\":\"en-CA\",\"@id\":\"https:\/\/autravail.ca\/product\/soulier-de-travail-protector-a9052-11\/#primaryimage\",\"url\":\"https:\/\/autravail.ca\/wp-content\/uploads\/2025\/05\/A9052-11_A01.jpg\",\"contentUrl\":\"https:\/\/autravail.ca\/wp-content\/uploads\/2025\/05\/A9052-11_A01.jpg\",\"width\":1000,\"height\":1000,\"caption\":\"Soulier de travail Protector - A9052-11\"},{\"@type\":\"BreadcrumbList\",\"@id\":\"https:\/\/autravail.ca\/product\/soulier-de-travail-protector-a9052-11\/#breadcrumb\",\"itemListElement\":[{\"@type\":\"ListItem\",\"position\":1,\"name\":\"Accueil\",\"item\":\"https:\/\/autravail.ca\/\"},{\"@type\":\"ListItem\",\"position\":2,\"name\":\"Magasin\",\"item\":\"https:\/\/autravail.ca\/en\/shop\/\"},{\"@type\":\"ListItem\",\"position\":3,\"name\":\"Soulier de travail Protector &#8211; A9052-11\"}]},{\"@type\":\"WebSite\",\"@id\":\"https:\/\/autravail.ca\/#website\",\"url\":\"https:\/\/autravail.ca\/\",\"name\":\"Le Magasin Industriel\",\"description\":\"50 ans de tradition de s\u00e9curit\u00e9 au travail\",\"publisher\":{\"@id\":\"https:\/\/autravail.ca\/#organization\"},\"potentialAction\":[{\"@type\":\"SearchAction\",\"target\":{\"@type\":\"EntryPoint\",\"urlTemplate\":\"https:\/\/autravail.ca\/?s={search_term_string}\"},\"query-input\":{\"@type\":\"PropertyValueSpecification\",\"valueRequired\":true,\"valueName\":\"search_term_string\"}}],\"inLanguage\":\"en-CA\"},{\"@type\":\"Organization\",\"@id\":\"https:\/\/autravail.ca\/#organization\",\"name\":\"Le Magasin Industriel\",\"url\":\"https:\/\/autravail.ca\/\",\"logo\":{\"@type\":\"ImageObject\",\"inLanguage\":\"en-CA\",\"@id\":\"https:\/\/autravail.ca\/#\/schema\/logo\/image\/\",\"url\":\"https:\/\/autravail.ca\/wp-content\/uploads\/2025\/05\/cropped-magasin_industriel_120x.avif\",\"contentUrl\":\"https:\/\/autravail.ca\/wp-content\/uploads\/2025\/05\/cropped-magasin_industriel_120x.avif\",\"width\":120,\"height\":24,\"caption\":\"Le Magasin Industriel\"},\"image\":{\"@id\":\"https:\/\/autravail.ca\/#\/schema\/logo\/image\/\"},\"sameAs\":[\"https:\/\/www.facebook.com\/lemagasinindustriel\/?locale=fr_FR\"]}]}<\/script>\n<!-- \/ Yoast SEO plugin. -->","yoast_head_json":{"title":"Soulier de travail Protector - A9052-11 - Le Magasin Industriel","description":"Soulier de travail Protector - A9052-11 embout et semelle en acier, collet et langue coussin\u00e9s, cuir pleine fleur, doublure respirante","robots":{"index":"index","follow":"follow","max-snippet":"max-snippet:-1","max-image-preview":"max-image-preview:large","max-video-preview":"max-video-preview:-1"},"canonical":"https:\/\/autravail.ca\/en\/product\/soulier-de-travail-protector-a9052-11\/","og_locale":"en_US","og_type":"article","og_title":"Soulier de travail Protector - A9052-11 - Le Magasin Industriel","og_description":"Soulier de travail Protector - A9052-11 embout et semelle en acier, collet et langue coussin\u00e9s, cuir pleine fleur, doublure respirante","og_url":"https:\/\/autravail.ca\/en\/product\/soulier-de-travail-protector-a9052-11\/","og_site_name":"Le Magasin Industriel","article_publisher":"https:\/\/www.facebook.com\/lemagasinindustriel\/?locale=fr_FR","article_modified_time":"2026-03-27T18:01:52+00:00","og_image":[{"width":1000,"height":1000,"url":"https:\/\/autravail.ca\/wp-content\/uploads\/2025\/05\/A9052-11_A01.jpg","type":"image\/jpeg"}],"twitter_card":"summary_large_image","twitter_misc":{"Est. reading time":"2 minutes"},"schema":{"@context":"https:\/\/schema.org","@graph":[{"@type":"WebPage","@id":"https:\/\/autravail.ca\/product\/soulier-de-travail-protector-a9052-11\/","url":"https:\/\/autravail.ca\/product\/soulier-de-travail-protector-a9052-11\/","name":"Soulier de travail Protector - A9052-11 - Le Magasin Industriel","isPartOf":{"@id":"https:\/\/autravail.ca\/#website"},"primaryImageOfPage":{"@id":"https:\/\/autravail.ca\/product\/soulier-de-travail-protector-a9052-11\/#primaryimage"},"image":{"@id":"https:\/\/autravail.ca\/product\/soulier-de-travail-protector-a9052-11\/#primaryimage"},"thumbnailUrl":"https:\/\/autravail.ca\/wp-content\/uploads\/2025\/05\/A9052-11_A01.jpg","datePublished":"2025-05-08T07:49:11+00:00","dateModified":"2026-03-27T18:01:52+00:00","description":"Soulier de travail Protector - A9052-11 embout et semelle en acier, collet et langue coussin\u00e9s, cuir pleine fleur, doublure respirante","breadcrumb":{"@id":"https:\/\/autravail.ca\/product\/soulier-de-travail-protector-a9052-11\/#breadcrumb"},"inLanguage":"en-CA","potentialAction":[{"@type":"ReadAction","target":["https:\/\/autravail.ca\/product\/soulier-de-travail-protector-a9052-11\/"]}]},{"@type":"ImageObject","inLanguage":"en-CA","@id":"https:\/\/autravail.ca\/product\/soulier-de-travail-protector-a9052-11\/#primaryimage","url":"https:\/\/autravail.ca\/wp-content\/uploads\/2025\/05\/A9052-11_A01.jpg","contentUrl":"https:\/\/autravail.ca\/wp-content\/uploads\/2025\/05\/A9052-11_A01.jpg","width":1000,"height":1000,"caption":"Soulier de travail Protector - A9052-11"},{"@type":"BreadcrumbList","@id":"https:\/\/autravail.ca\/product\/soulier-de-travail-protector-a9052-11\/#breadcrumb","itemListElement":[{"@type":"ListItem","position":1,"name":"Accueil","item":"https:\/\/autravail.ca\/"},{"@type":"ListItem","position":2,"name":"Magasin","item":"https:\/\/autravail.ca\/en\/shop\/"},{"@type":"ListItem","position":3,"name":"Soulier de travail Protector &#8211; A9052-11"}]},{"@type":"WebSite","@id":"https:\/\/autravail.ca\/#website","url":"https:\/\/autravail.ca\/","name":"Le Magasin Industriel","description":"50 ans de tradition de s\u00e9curit\u00e9 au travail","publisher":{"@id":"https:\/\/autravail.ca\/#organization"},"potentialAction":[{"@type":"SearchAction","target":{"@type":"EntryPoint","urlTemplate":"https:\/\/autravail.ca\/?s={search_term_string}"},"query-input":{"@type":"PropertyValueSpecification","valueRequired":true,"valueName":"search_term_string"}}],"inLanguage":"en-CA"},{"@type":"Organization","@id":"https:\/\/autravail.ca\/#organization","name":"Le Magasin Industriel","url":"https:\/\/autravail.ca\/","logo":{"@type":"ImageObject","inLanguage":"en-CA","@id":"https:\/\/autravail.ca\/#\/schema\/logo\/image\/","url":"https:\/\/autravail.ca\/wp-content\/uploads\/2025\/05\/cropped-magasin_industriel_120x.avif","contentUrl":"https:\/\/autravail.ca\/wp-content\/uploads\/2025\/05\/cropped-magasin_industriel_120x.avif","width":120,"height":24,"caption":"Le Magasin Industriel"},"image":{"@id":"https:\/\/autravail.ca\/#\/schema\/logo\/image\/"},"sameAs":["https:\/\/www.facebook.com\/lemagasinindustriel\/?locale=fr_FR"]}]}},"jetpack_sharing_enabled":true,"_links":{"self":[{"href":"https:\/\/autravail.ca\/en\/wp-json\/wp\/v2\/product\/36104","targetHints":{"allow":["GET"]}}],"collection":[{"href":"https:\/\/autravail.ca\/en\/wp-json\/wp\/v2\/product"}],"about":[{"href":"https:\/\/autravail.ca\/en\/wp-json\/wp\/v2\/types\/product"}],"replies":[{"embeddable":true,"href":"https:\/\/autravail.ca\/en\/wp-json\/wp\/v2\/comments?post=36104"}],"wp:featuredmedia":[{"embeddable":true,"href":"https:\/\/autravail.ca\/en\/wp-json\/wp\/v2\/media\/21800"}],"wp:attachment":[{"href":"https:\/\/autravail.ca\/en\/wp-json\/wp\/v2\/media?parent=36104"}],"wp:term":[{"taxonomy":"product_cat","embeddable":true,"href":"https:\/\/autravail.ca\/en\/wp-json\/wp\/v2\/product_cat?post=36104"},{"taxonomy":"product_tag","embeddable":true,"href":"https:\/\/autravail.ca\/en\/wp-json\/wp\/v2\/product_tag?post=36104"}],"curies":[{"name":"wp","href":"https:\/\/api.w.org\/{rel}","templated":true}]}}