{"id":36103,"date":"2025-05-08T07:49:10","date_gmt":"2025-05-08T07:49:10","guid":{"rendered":"https:\/\/meteoquebec.ca\/?post_type=product&#038;p=36103"},"modified":"2026-04-02T12:55:03","modified_gmt":"2026-04-02T16:55:03","slug":"protecteur-universel-impermeabilisant","status":"publish","type":"product","link":"https:\/\/autravail.ca\/en\/product\/protecteur-universel-impermeabilisant\/","title":{"rendered":"Protecteur Universel Imperm\u00e9abilisant"},"content":{"rendered":"<h3>Protecteur Universel Imperm\u00e9abilisant<\/h3>\n<p><!--StartFragment --><\/p>\n<p><!--StartFragment --><\/p>\n<p>Le Protecteur Universel Imperm\u00e9abilisant <a href=\"https:\/\/autravail.ca\/en\/product-brand\/J-Audet-Jr\/\">J. Audet JR<\/a> est con\u00e7u pour prolonger la dur\u00e9e de vie de vos chaussures et accessoires en les prot\u00e9geant efficacement contre l\u2019eau, la neige, la boue et les taches. Sa formule sans PFOA agit sans alt\u00e9rer la respirabilit\u00e9 ni l\u2019apparence des mat\u00e9riaux. Ce produit de traitement convient \u00e0 une grande vari\u00e9t\u00e9 de surfaces, incluant le cuir lisse, le su\u00e8de, le nubuck, les textiles et les mati\u00e8res synth\u00e9tiques. Le Protecteur Universel Imperm\u00e9abilisant laisse aucun r\u00e9sidu visible et aide \u00e0 pr\u00e9venir les marques de sel en hiver. Il est un atout essentiel pour les saisons froides.<\/p>\n<p>Son format a\u00e9rosol de 300 ml permet une application rapide et uniforme, id\u00e9ale pour un usage r\u00e9gulier \u00e0 la maison ou en atelier. Le produit trait\u00e9 est pr\u00eat \u00e0 l\u2019utilisation en seulement 15 minutes, ce qui en fait une solution pratique pour les travailleurs qui manquent de temps durant leurs longues journ\u00e9es.Ce produit est un choix judicieux pour ceux qui souhaitent pr\u00e9server l\u2019apparence et la performance de leurs chaussures, bottes ou sacs.<\/p>\n<h4>Characteristics:<\/h4>\n<ul>\n<li>Imperm\u00e9abilisant pour le cuir et le nylon.<\/li>\n<li>Formule A\u00e9rosol de 300 ml.<\/li>\n<li>For Shoes, ankle boots, shoes, and leather belts.<\/li>\n<li>Help to prevent calcium spots<\/li>\n<li>Completely Invisible and without PFOA<\/li>\n<li>Does not suit leather lacquered and metallic materials.<\/li>\n<\/ul>\n<p><img decoding=\"async\" class=\"alignnone wp-image-40620\" src=\"https:\/\/autravail.ca\/wp-content\/uploads\/2025\/09\/Jachete-quebec-et-canada.jpg\" alt=\"Logo de l'achat local\" width=\"162\" height=\"139\" \/>Merci d&rsquo;encourager une entreprise 100% d&rsquo;ici!<\/p>\n<p>TS2604H<\/p>","protected":false},"excerpt":{"rendered":"<p>Protecteur Universel Imperm\u00e9abilisant Le Protecteur Universel Imperm\u00e9abilisant J. Audet JR est con\u00e7u pour prolonger la dur\u00e9e de vie de vos chaussures et accessoires en les prot\u00e9geant efficacement contre l\u2019eau, la neige, la boue et les taches. Sa formule sans PFOA agit sans alt\u00e9rer la respirabilit\u00e9 ni l\u2019apparence des mat\u00e9riaux. Ce produit de traitement convient \u00e0 [&hellip;]<\/p>","protected":false},"featured_media":46888,"comment_status":"open","ping_status":"closed","template":"","meta":[],"product_cat":[15,657,673],"product_tag":[302,312],"class_list":{"0":"post-36103","1":"product","2":"type-product","3":"status-publish","4":"has-post-thumbnail","6":"product_brand-j-audet-jr","7":"product_cat-uncategorized","8":"product_cat-accessoires-de-chaussures","9":"product_cat-entretien-des-chaussures","10":"product_tag-cadeau","11":"product_tag-entretien","13":"first","14":"instock","15":"taxable","16":"shipping-taxable","17":"purchasable","18":"product-type-simple"},"yoast_head":"<!-- This site is optimized with the Yoast SEO plugin v25.3.1 - https:\/\/yoast.com\/wordpress\/plugins\/seo\/ -->\n<title>Protecteur Universel Imperm\u00e9abilisant - Le Magasin Industriel<\/title>\n<meta name=\"description\" content=\"Protecteur Universel Imperm\u00e9abilisant de J. Audet pour imperm\u00e9abiliser votre chaussure de travail. Fonctionne sur cuir et nylon.\" \/>\n<meta name=\"robots\" content=\"index, follow, max-snippet:-1, max-image-preview:large, max-video-preview:-1\" \/>\n<link rel=\"canonical\" href=\"https:\/\/autravail.ca\/en\/product\/protecteur-universel-impermeabilisant\/\" \/>\n<meta property=\"og:locale\" content=\"en_US\" \/>\n<meta property=\"og:type\" content=\"article\" \/>\n<meta property=\"og:title\" content=\"Protecteur Universel Imperm\u00e9abilisant - Le Magasin Industriel\" \/>\n<meta property=\"og:description\" content=\"Protecteur Universel Imperm\u00e9abilisant de J. Audet pour imperm\u00e9abiliser votre chaussure de travail. Fonctionne sur cuir et nylon.\" \/>\n<meta property=\"og:url\" content=\"https:\/\/autravail.ca\/en\/product\/protecteur-universel-impermeabilisant\/\" \/>\n<meta property=\"og:site_name\" content=\"Le Magasin Industriel\" \/>\n<meta property=\"article:publisher\" content=\"https:\/\/www.facebook.com\/lemagasinindustriel\/?locale=fr_FR\" \/>\n<meta property=\"article:modified_time\" content=\"2026-04-02T16:55:03+00:00\" \/>\n<meta property=\"og:image\" content=\"https:\/\/autravail.ca\/wp-content\/uploads\/2025\/05\/Spray_A01.jpg\" \/>\n\t<meta property=\"og:image:width\" content=\"1000\" \/>\n\t<meta property=\"og:image:height\" content=\"1000\" \/>\n\t<meta property=\"og:image:type\" content=\"image\/jpeg\" \/>\n<meta name=\"twitter:card\" content=\"summary_large_image\" \/>\n<meta name=\"twitter:label1\" content=\"Est. reading time\" \/>\n\t<meta name=\"twitter:data1\" content=\"2 minutes\" \/>\n<script type=\"application\/ld+json\" class=\"yoast-schema-graph\">{\"@context\":\"https:\/\/schema.org\",\"@graph\":[{\"@type\":\"WebPage\",\"@id\":\"https:\/\/autravail.ca\/product\/protecteur-universel-impermeabilisant\/\",\"url\":\"https:\/\/autravail.ca\/product\/protecteur-universel-impermeabilisant\/\",\"name\":\"Protecteur Universel Imperm\u00e9abilisant - Le Magasin Industriel\",\"isPartOf\":{\"@id\":\"https:\/\/autravail.ca\/#website\"},\"primaryImageOfPage\":{\"@id\":\"https:\/\/autravail.ca\/product\/protecteur-universel-impermeabilisant\/#primaryimage\"},\"image\":{\"@id\":\"https:\/\/autravail.ca\/product\/protecteur-universel-impermeabilisant\/#primaryimage\"},\"thumbnailUrl\":\"https:\/\/autravail.ca\/wp-content\/uploads\/2025\/05\/Spray_A01.jpg\",\"datePublished\":\"2025-05-08T07:49:10+00:00\",\"dateModified\":\"2026-04-02T16:55:03+00:00\",\"description\":\"Protecteur Universel Imperm\u00e9abilisant de J. Audet pour imperm\u00e9abiliser votre chaussure de travail. Fonctionne sur cuir et nylon.\",\"breadcrumb\":{\"@id\":\"https:\/\/autravail.ca\/product\/protecteur-universel-impermeabilisant\/#breadcrumb\"},\"inLanguage\":\"en-CA\",\"potentialAction\":[{\"@type\":\"ReadAction\",\"target\":[\"https:\/\/autravail.ca\/product\/protecteur-universel-impermeabilisant\/\"]}]},{\"@type\":\"ImageObject\",\"inLanguage\":\"en-CA\",\"@id\":\"https:\/\/autravail.ca\/product\/protecteur-universel-impermeabilisant\/#primaryimage\",\"url\":\"https:\/\/autravail.ca\/wp-content\/uploads\/2025\/05\/Spray_A01.jpg\",\"contentUrl\":\"https:\/\/autravail.ca\/wp-content\/uploads\/2025\/05\/Spray_A01.jpg\",\"width\":1000,\"height\":1000,\"caption\":\"Protecteur Universel Imperm\u00e9abilisant\"},{\"@type\":\"BreadcrumbList\",\"@id\":\"https:\/\/autravail.ca\/product\/protecteur-universel-impermeabilisant\/#breadcrumb\",\"itemListElement\":[{\"@type\":\"ListItem\",\"position\":1,\"name\":\"Accueil\",\"item\":\"https:\/\/autravail.ca\/\"},{\"@type\":\"ListItem\",\"position\":2,\"name\":\"Magasin\",\"item\":\"https:\/\/autravail.ca\/en\/shop\/\"},{\"@type\":\"ListItem\",\"position\":3,\"name\":\"Protecteur Universel Imperm\u00e9abilisant\"}]},{\"@type\":\"WebSite\",\"@id\":\"https:\/\/autravail.ca\/#website\",\"url\":\"https:\/\/autravail.ca\/\",\"name\":\"Le Magasin Industriel\",\"description\":\"50 ans de tradition de s\u00e9curit\u00e9 au travail\",\"publisher\":{\"@id\":\"https:\/\/autravail.ca\/#organization\"},\"potentialAction\":[{\"@type\":\"SearchAction\",\"target\":{\"@type\":\"EntryPoint\",\"urlTemplate\":\"https:\/\/autravail.ca\/?s={search_term_string}\"},\"query-input\":{\"@type\":\"PropertyValueSpecification\",\"valueRequired\":true,\"valueName\":\"search_term_string\"}}],\"inLanguage\":\"en-CA\"},{\"@type\":\"Organization\",\"@id\":\"https:\/\/autravail.ca\/#organization\",\"name\":\"Le Magasin Industriel\",\"url\":\"https:\/\/autravail.ca\/\",\"logo\":{\"@type\":\"ImageObject\",\"inLanguage\":\"en-CA\",\"@id\":\"https:\/\/autravail.ca\/#\/schema\/logo\/image\/\",\"url\":\"https:\/\/autravail.ca\/wp-content\/uploads\/2025\/05\/cropped-magasin_industriel_120x.avif\",\"contentUrl\":\"https:\/\/autravail.ca\/wp-content\/uploads\/2025\/05\/cropped-magasin_industriel_120x.avif\",\"width\":120,\"height\":24,\"caption\":\"Le Magasin Industriel\"},\"image\":{\"@id\":\"https:\/\/autravail.ca\/#\/schema\/logo\/image\/\"},\"sameAs\":[\"https:\/\/www.facebook.com\/lemagasinindustriel\/?locale=fr_FR\"]}]}<\/script>\n<!-- \/ Yoast SEO plugin. -->","yoast_head_json":{"title":"Protecteur Universel Imperm\u00e9abilisant - Le Magasin Industriel","description":"Protecteur Universel Imperm\u00e9abilisant de J. Audet pour imperm\u00e9abiliser votre chaussure de travail. Fonctionne sur cuir et nylon.","robots":{"index":"index","follow":"follow","max-snippet":"max-snippet:-1","max-image-preview":"max-image-preview:large","max-video-preview":"max-video-preview:-1"},"canonical":"https:\/\/autravail.ca\/en\/product\/protecteur-universel-impermeabilisant\/","og_locale":"en_US","og_type":"article","og_title":"Protecteur Universel Imperm\u00e9abilisant - Le Magasin Industriel","og_description":"Protecteur Universel Imperm\u00e9abilisant de J. Audet pour imperm\u00e9abiliser votre chaussure de travail. Fonctionne sur cuir et nylon.","og_url":"https:\/\/autravail.ca\/en\/product\/protecteur-universel-impermeabilisant\/","og_site_name":"Le Magasin Industriel","article_publisher":"https:\/\/www.facebook.com\/lemagasinindustriel\/?locale=fr_FR","article_modified_time":"2026-04-02T16:55:03+00:00","og_image":[{"width":1000,"height":1000,"url":"https:\/\/autravail.ca\/wp-content\/uploads\/2025\/05\/Spray_A01.jpg","type":"image\/jpeg"}],"twitter_card":"summary_large_image","twitter_misc":{"Est. reading time":"2 minutes"},"schema":{"@context":"https:\/\/schema.org","@graph":[{"@type":"WebPage","@id":"https:\/\/autravail.ca\/product\/protecteur-universel-impermeabilisant\/","url":"https:\/\/autravail.ca\/product\/protecteur-universel-impermeabilisant\/","name":"Protecteur Universel Imperm\u00e9abilisant - Le Magasin Industriel","isPartOf":{"@id":"https:\/\/autravail.ca\/#website"},"primaryImageOfPage":{"@id":"https:\/\/autravail.ca\/product\/protecteur-universel-impermeabilisant\/#primaryimage"},"image":{"@id":"https:\/\/autravail.ca\/product\/protecteur-universel-impermeabilisant\/#primaryimage"},"thumbnailUrl":"https:\/\/autravail.ca\/wp-content\/uploads\/2025\/05\/Spray_A01.jpg","datePublished":"2025-05-08T07:49:10+00:00","dateModified":"2026-04-02T16:55:03+00:00","description":"Protecteur Universel Imperm\u00e9abilisant de J. Audet pour imperm\u00e9abiliser votre chaussure de travail. Fonctionne sur cuir et nylon.","breadcrumb":{"@id":"https:\/\/autravail.ca\/product\/protecteur-universel-impermeabilisant\/#breadcrumb"},"inLanguage":"en-CA","potentialAction":[{"@type":"ReadAction","target":["https:\/\/autravail.ca\/product\/protecteur-universel-impermeabilisant\/"]}]},{"@type":"ImageObject","inLanguage":"en-CA","@id":"https:\/\/autravail.ca\/product\/protecteur-universel-impermeabilisant\/#primaryimage","url":"https:\/\/autravail.ca\/wp-content\/uploads\/2025\/05\/Spray_A01.jpg","contentUrl":"https:\/\/autravail.ca\/wp-content\/uploads\/2025\/05\/Spray_A01.jpg","width":1000,"height":1000,"caption":"Protecteur Universel Imperm\u00e9abilisant"},{"@type":"BreadcrumbList","@id":"https:\/\/autravail.ca\/product\/protecteur-universel-impermeabilisant\/#breadcrumb","itemListElement":[{"@type":"ListItem","position":1,"name":"Accueil","item":"https:\/\/autravail.ca\/"},{"@type":"ListItem","position":2,"name":"Magasin","item":"https:\/\/autravail.ca\/en\/shop\/"},{"@type":"ListItem","position":3,"name":"Protecteur Universel Imperm\u00e9abilisant"}]},{"@type":"WebSite","@id":"https:\/\/autravail.ca\/#website","url":"https:\/\/autravail.ca\/","name":"Le Magasin Industriel","description":"50 ans de tradition de s\u00e9curit\u00e9 au travail","publisher":{"@id":"https:\/\/autravail.ca\/#organization"},"potentialAction":[{"@type":"SearchAction","target":{"@type":"EntryPoint","urlTemplate":"https:\/\/autravail.ca\/?s={search_term_string}"},"query-input":{"@type":"PropertyValueSpecification","valueRequired":true,"valueName":"search_term_string"}}],"inLanguage":"en-CA"},{"@type":"Organization","@id":"https:\/\/autravail.ca\/#organization","name":"Le Magasin Industriel","url":"https:\/\/autravail.ca\/","logo":{"@type":"ImageObject","inLanguage":"en-CA","@id":"https:\/\/autravail.ca\/#\/schema\/logo\/image\/","url":"https:\/\/autravail.ca\/wp-content\/uploads\/2025\/05\/cropped-magasin_industriel_120x.avif","contentUrl":"https:\/\/autravail.ca\/wp-content\/uploads\/2025\/05\/cropped-magasin_industriel_120x.avif","width":120,"height":24,"caption":"Le Magasin Industriel"},"image":{"@id":"https:\/\/autravail.ca\/#\/schema\/logo\/image\/"},"sameAs":["https:\/\/www.facebook.com\/lemagasinindustriel\/?locale=fr_FR"]}]}},"jetpack_sharing_enabled":true,"_links":{"self":[{"href":"https:\/\/autravail.ca\/en\/wp-json\/wp\/v2\/product\/36103","targetHints":{"allow":["GET"]}}],"collection":[{"href":"https:\/\/autravail.ca\/en\/wp-json\/wp\/v2\/product"}],"about":[{"href":"https:\/\/autravail.ca\/en\/wp-json\/wp\/v2\/types\/product"}],"replies":[{"embeddable":true,"href":"https:\/\/autravail.ca\/en\/wp-json\/wp\/v2\/comments?post=36103"}],"wp:featuredmedia":[{"embeddable":true,"href":"https:\/\/autravail.ca\/en\/wp-json\/wp\/v2\/media\/46888"}],"wp:attachment":[{"href":"https:\/\/autravail.ca\/en\/wp-json\/wp\/v2\/media?parent=36103"}],"wp:term":[{"taxonomy":"product_cat","embeddable":true,"href":"https:\/\/autravail.ca\/en\/wp-json\/wp\/v2\/product_cat?post=36103"},{"taxonomy":"product_tag","embeddable":true,"href":"https:\/\/autravail.ca\/en\/wp-json\/wp\/v2\/product_tag?post=36103"}],"curies":[{"name":"wp","href":"https:\/\/api.w.org\/{rel}","templated":true}]}}