{"id":36049,"date":"2025-05-08T07:48:20","date_gmt":"2025-05-08T07:48:20","guid":{"rendered":"https:\/\/meteoquebec.ca\/?post_type=product&#038;p=36049"},"modified":"2026-02-24T12:38:40","modified_gmt":"2026-02-24T16:38:40","slug":"botte-de-travail-pf690","status":"publish","type":"product","link":"https:\/\/autravail.ca\/en\/product\/botte-de-travail-pf690\/","title":{"rendered":"Botte de travail &#8211; PF690"},"content":{"rendered":"<h3>Botte de travail &#8211; PF690<\/h3>\n<p>Botte de travail &#8211; PF690 de\u00a0<span data-sfc-cp=\"\" data-wiz-uids=\"WNLAK_e\" data-complete=\"true\" data-processed=\"true\"><a class=\"H23r4e\" href=\"https:\/\/autravail.ca\/en\/product-brand\/pilote-et-filles\/\" target=\"_blank\" rel=\"noopener\" data-hveid=\"CAEIAhAB\" data-processed=\"true\">Pilote &amp; Filles<\/a><\/span> est un bottillon de s\u00e9curit\u00e9 de 6 pouces qui se distingue par son look sportif et urbain, cachant habilement ses caract\u00e9ristiques de protection. D\u00e9couvrez notre chaussure de s\u00e9curit\u00e9 6 pouces pour femmes, \u00e0 mi-chemin entre le soulier de s\u00e9curit\u00e9 et la botte de travail : un style \u00ab\u00a0high-top\u00a0\u00bbqui combine l\u00e9g\u00e8ret\u00e9, confort et protection au quotidien. Sans m\u00e9tal et ultra confortable, elle est parfaite pour les environnements o\u00f9 la mobilit\u00e9 et la performance sont essentielles.<\/p>\n<p><img decoding=\"async\" class=\"alignnone size-full wp-image-40117\" src=\"https:\/\/autravail.ca\/wp-content\/uploads\/2025\/09\/Certification-Omega-Triangle-vert.jpg\" alt=\"Certifications Om\u00e9ga Triangle vert\" width=\"193\" height=\"110\" srcset=\"https:\/\/autravail.ca\/wp-content\/uploads\/2025\/09\/Certification-Omega-Triangle-vert.jpg 193w, https:\/\/autravail.ca\/wp-content\/uploads\/2025\/09\/Certification-Omega-Triangle-vert-150x85.jpg 150w, https:\/\/autravail.ca\/wp-content\/uploads\/2025\/09\/Certification-Omega-Triangle-vert-18x10.jpg 18w\" sizes=\"(max-width: 193px) 100vw, 193px\" \/><\/p>\n<ul>\n<li>Tige en cuir nubuck avec un chaussant plus large pour un confort accru.<\/li>\n<li>Internal reinforcement at the heel.<\/li>\n<li>Semelle double densit\u00e9 phylon et caoutchouc pour la l\u00e9g\u00e8ret\u00e9 et l&rsquo;absorption des chocs, antid\u00e9rapante et r\u00e9sistante aux huiles.<\/li>\n<li>Resistant lining.<\/li>\n<li>Polymeric eyelets.<\/li>\n<li>Semelle int\u00e9rieure amovible et antibact\u00e9rienne.<\/li>\n<li>Ce mod\u00e8le est souvent livr\u00e9 avec\u00a0<strong class=\"Yjhzub\" data-complete=\"true\">deux paires de lacets<\/strong>\u00a0de couleurs diff\u00e9rentes pour varier le style.<\/li>\n<li>Protection cap and perforation-resistant sole made of light and non-conductive composite.<\/li>\n<li>Approuv\u00e9\u00a0<strong class=\"Yjhzub\" data-complete=\"true\">CSA Classe 1<\/strong>\u00a0et r\u00e9sistant aux chocs \u00e9lectriques (di\u00e9lectrique).<\/li>\n<\/ul>\n<p><img decoding=\"async\" class=\"alignnone wp-image-40620\" src=\"https:\/\/autravail.ca\/wp-content\/uploads\/2025\/09\/Jachete-quebec-et-canada.jpg\" alt=\"Logo de l'achat local\" width=\"162\" height=\"139\" \/>Merci d&rsquo;encourager une entreprise 100% d&rsquo;ici!<\/p>\n<p>TS2602H<\/p>","protected":false},"excerpt":{"rendered":"<p>Botte de travail &#8211; PF690 Botte de travail &#8211; PF690 de\u00a0Pilote &amp; Filles est un bottillon de s\u00e9curit\u00e9 de 6 pouces qui se distingue par son look sportif et urbain, cachant habilement ses caract\u00e9ristiques de protection. D\u00e9couvrez notre chaussure de s\u00e9curit\u00e9 6 pouces pour femmes, \u00e0 mi-chemin entre le soulier de s\u00e9curit\u00e9 et la botte [&hellip;]<\/p>","protected":false},"featured_media":21715,"comment_status":"open","ping_status":"closed","template":"","meta":[],"product_cat":[621,806,633],"product_tag":[260,252,255],"class_list":{"0":"post-36049","1":"product","2":"type-product","3":"status-publish","4":"has-post-thumbnail","6":"product_brand-pilote-et-filles","7":"product_cat-bottes-de-travail-6","8":"product_cat-bottes-de-travail-6-femme","9":"product_cat-femmes","10":"product_tag-bottillons-de-travail","11":"product_tag-electric-shock-resistant","12":"product_tag-femme","14":"first","15":"instock","16":"taxable","17":"shipping-taxable","18":"purchasable","19":"product-type-variable"},"yoast_head":"<!-- This site is optimized with the Yoast SEO plugin v25.3.1 - https:\/\/yoast.com\/wordpress\/plugins\/seo\/ -->\n<title>Botte de travail - PF690 - Le Magasin Industriel<\/title>\n<meta name=\"description\" content=\"Botte de travail - PF690 est un bottillon de 6 pouces qui se distingue par son look sportif et urbain, embout protecteur en fibre de verre\" \/>\n<meta name=\"robots\" content=\"index, follow, max-snippet:-1, max-image-preview:large, max-video-preview:-1\" \/>\n<link rel=\"canonical\" href=\"https:\/\/autravail.ca\/en\/product\/botte-de-travail-pf690\/\" \/>\n<meta property=\"og:locale\" content=\"en_US\" \/>\n<meta property=\"og:type\" content=\"article\" \/>\n<meta property=\"og:title\" content=\"Botte de travail - PF690 - Le Magasin Industriel\" \/>\n<meta property=\"og:description\" content=\"Botte de travail - PF690 est un bottillon de 6 pouces qui se distingue par son look sportif et urbain, embout protecteur en fibre de verre\" \/>\n<meta property=\"og:url\" content=\"https:\/\/autravail.ca\/en\/product\/botte-de-travail-pf690\/\" \/>\n<meta property=\"og:site_name\" content=\"Le Magasin Industriel\" \/>\n<meta property=\"article:publisher\" content=\"https:\/\/www.facebook.com\/lemagasinindustriel\/?locale=fr_FR\" \/>\n<meta property=\"article:modified_time\" content=\"2026-02-24T16:38:40+00:00\" \/>\n<meta property=\"og:image\" content=\"https:\/\/autravail.ca\/wp-content\/uploads\/2025\/05\/PF690_red_A01.jpg\" \/>\n\t<meta property=\"og:image:width\" content=\"1000\" \/>\n\t<meta property=\"og:image:height\" content=\"1000\" \/>\n\t<meta property=\"og:image:type\" content=\"image\/jpeg\" \/>\n<meta name=\"twitter:card\" content=\"summary_large_image\" \/>\n<meta name=\"twitter:label1\" content=\"Est. reading time\" \/>\n\t<meta name=\"twitter:data1\" content=\"2 minutes\" \/>\n<script type=\"application\/ld+json\" class=\"yoast-schema-graph\">{\"@context\":\"https:\/\/schema.org\",\"@graph\":[{\"@type\":\"WebPage\",\"@id\":\"https:\/\/autravail.ca\/product\/botte-de-travail-pf690\/\",\"url\":\"https:\/\/autravail.ca\/product\/botte-de-travail-pf690\/\",\"name\":\"Botte de travail - PF690 - Le Magasin Industriel\",\"isPartOf\":{\"@id\":\"https:\/\/autravail.ca\/#website\"},\"primaryImageOfPage\":{\"@id\":\"https:\/\/autravail.ca\/product\/botte-de-travail-pf690\/#primaryimage\"},\"image\":{\"@id\":\"https:\/\/autravail.ca\/product\/botte-de-travail-pf690\/#primaryimage\"},\"thumbnailUrl\":\"https:\/\/autravail.ca\/wp-content\/uploads\/2025\/05\/PF690_red_A01.jpg\",\"datePublished\":\"2025-05-08T07:48:20+00:00\",\"dateModified\":\"2026-02-24T16:38:40+00:00\",\"description\":\"Botte de travail - PF690 est un bottillon de 6 pouces qui se distingue par son look sportif et urbain, embout protecteur en fibre de verre\",\"breadcrumb\":{\"@id\":\"https:\/\/autravail.ca\/product\/botte-de-travail-pf690\/#breadcrumb\"},\"inLanguage\":\"en-CA\",\"potentialAction\":[{\"@type\":\"ReadAction\",\"target\":[\"https:\/\/autravail.ca\/product\/botte-de-travail-pf690\/\"]}]},{\"@type\":\"ImageObject\",\"inLanguage\":\"en-CA\",\"@id\":\"https:\/\/autravail.ca\/product\/botte-de-travail-pf690\/#primaryimage\",\"url\":\"https:\/\/autravail.ca\/wp-content\/uploads\/2025\/05\/PF690_red_A01.jpg\",\"contentUrl\":\"https:\/\/autravail.ca\/wp-content\/uploads\/2025\/05\/PF690_red_A01.jpg\",\"width\":1000,\"height\":1000,\"caption\":\"Botte de travail - PF690\"},{\"@type\":\"BreadcrumbList\",\"@id\":\"https:\/\/autravail.ca\/product\/botte-de-travail-pf690\/#breadcrumb\",\"itemListElement\":[{\"@type\":\"ListItem\",\"position\":1,\"name\":\"Accueil\",\"item\":\"https:\/\/autravail.ca\/\"},{\"@type\":\"ListItem\",\"position\":2,\"name\":\"Magasin\",\"item\":\"https:\/\/autravail.ca\/en\/shop\/\"},{\"@type\":\"ListItem\",\"position\":3,\"name\":\"Botte de travail &#8211; PF690\"}]},{\"@type\":\"WebSite\",\"@id\":\"https:\/\/autravail.ca\/#website\",\"url\":\"https:\/\/autravail.ca\/\",\"name\":\"Le Magasin Industriel\",\"description\":\"50 ans de tradition de s\u00e9curit\u00e9 au travail\",\"publisher\":{\"@id\":\"https:\/\/autravail.ca\/#organization\"},\"potentialAction\":[{\"@type\":\"SearchAction\",\"target\":{\"@type\":\"EntryPoint\",\"urlTemplate\":\"https:\/\/autravail.ca\/?s={search_term_string}\"},\"query-input\":{\"@type\":\"PropertyValueSpecification\",\"valueRequired\":true,\"valueName\":\"search_term_string\"}}],\"inLanguage\":\"en-CA\"},{\"@type\":\"Organization\",\"@id\":\"https:\/\/autravail.ca\/#organization\",\"name\":\"Le Magasin Industriel\",\"url\":\"https:\/\/autravail.ca\/\",\"logo\":{\"@type\":\"ImageObject\",\"inLanguage\":\"en-CA\",\"@id\":\"https:\/\/autravail.ca\/#\/schema\/logo\/image\/\",\"url\":\"https:\/\/autravail.ca\/wp-content\/uploads\/2025\/05\/cropped-magasin_industriel_120x.avif\",\"contentUrl\":\"https:\/\/autravail.ca\/wp-content\/uploads\/2025\/05\/cropped-magasin_industriel_120x.avif\",\"width\":120,\"height\":24,\"caption\":\"Le Magasin Industriel\"},\"image\":{\"@id\":\"https:\/\/autravail.ca\/#\/schema\/logo\/image\/\"},\"sameAs\":[\"https:\/\/www.facebook.com\/lemagasinindustriel\/?locale=fr_FR\"]}]}<\/script>\n<!-- \/ Yoast SEO plugin. -->","yoast_head_json":{"title":"Botte de travail - PF690 - Le Magasin Industriel","description":"Botte de travail - PF690 est un bottillon de 6 pouces qui se distingue par son look sportif et urbain, embout protecteur en fibre de verre","robots":{"index":"index","follow":"follow","max-snippet":"max-snippet:-1","max-image-preview":"max-image-preview:large","max-video-preview":"max-video-preview:-1"},"canonical":"https:\/\/autravail.ca\/en\/product\/botte-de-travail-pf690\/","og_locale":"en_US","og_type":"article","og_title":"Botte de travail - PF690 - Le Magasin Industriel","og_description":"Botte de travail - PF690 est un bottillon de 6 pouces qui se distingue par son look sportif et urbain, embout protecteur en fibre de verre","og_url":"https:\/\/autravail.ca\/en\/product\/botte-de-travail-pf690\/","og_site_name":"Le Magasin Industriel","article_publisher":"https:\/\/www.facebook.com\/lemagasinindustriel\/?locale=fr_FR","article_modified_time":"2026-02-24T16:38:40+00:00","og_image":[{"width":1000,"height":1000,"url":"https:\/\/autravail.ca\/wp-content\/uploads\/2025\/05\/PF690_red_A01.jpg","type":"image\/jpeg"}],"twitter_card":"summary_large_image","twitter_misc":{"Est. reading time":"2 minutes"},"schema":{"@context":"https:\/\/schema.org","@graph":[{"@type":"WebPage","@id":"https:\/\/autravail.ca\/product\/botte-de-travail-pf690\/","url":"https:\/\/autravail.ca\/product\/botte-de-travail-pf690\/","name":"Botte de travail - PF690 - Le Magasin Industriel","isPartOf":{"@id":"https:\/\/autravail.ca\/#website"},"primaryImageOfPage":{"@id":"https:\/\/autravail.ca\/product\/botte-de-travail-pf690\/#primaryimage"},"image":{"@id":"https:\/\/autravail.ca\/product\/botte-de-travail-pf690\/#primaryimage"},"thumbnailUrl":"https:\/\/autravail.ca\/wp-content\/uploads\/2025\/05\/PF690_red_A01.jpg","datePublished":"2025-05-08T07:48:20+00:00","dateModified":"2026-02-24T16:38:40+00:00","description":"Botte de travail - PF690 est un bottillon de 6 pouces qui se distingue par son look sportif et urbain, embout protecteur en fibre de verre","breadcrumb":{"@id":"https:\/\/autravail.ca\/product\/botte-de-travail-pf690\/#breadcrumb"},"inLanguage":"en-CA","potentialAction":[{"@type":"ReadAction","target":["https:\/\/autravail.ca\/product\/botte-de-travail-pf690\/"]}]},{"@type":"ImageObject","inLanguage":"en-CA","@id":"https:\/\/autravail.ca\/product\/botte-de-travail-pf690\/#primaryimage","url":"https:\/\/autravail.ca\/wp-content\/uploads\/2025\/05\/PF690_red_A01.jpg","contentUrl":"https:\/\/autravail.ca\/wp-content\/uploads\/2025\/05\/PF690_red_A01.jpg","width":1000,"height":1000,"caption":"Botte de travail - PF690"},{"@type":"BreadcrumbList","@id":"https:\/\/autravail.ca\/product\/botte-de-travail-pf690\/#breadcrumb","itemListElement":[{"@type":"ListItem","position":1,"name":"Accueil","item":"https:\/\/autravail.ca\/"},{"@type":"ListItem","position":2,"name":"Magasin","item":"https:\/\/autravail.ca\/en\/shop\/"},{"@type":"ListItem","position":3,"name":"Botte de travail &#8211; PF690"}]},{"@type":"WebSite","@id":"https:\/\/autravail.ca\/#website","url":"https:\/\/autravail.ca\/","name":"Le Magasin Industriel","description":"50 ans de tradition de s\u00e9curit\u00e9 au travail","publisher":{"@id":"https:\/\/autravail.ca\/#organization"},"potentialAction":[{"@type":"SearchAction","target":{"@type":"EntryPoint","urlTemplate":"https:\/\/autravail.ca\/?s={search_term_string}"},"query-input":{"@type":"PropertyValueSpecification","valueRequired":true,"valueName":"search_term_string"}}],"inLanguage":"en-CA"},{"@type":"Organization","@id":"https:\/\/autravail.ca\/#organization","name":"Le Magasin Industriel","url":"https:\/\/autravail.ca\/","logo":{"@type":"ImageObject","inLanguage":"en-CA","@id":"https:\/\/autravail.ca\/#\/schema\/logo\/image\/","url":"https:\/\/autravail.ca\/wp-content\/uploads\/2025\/05\/cropped-magasin_industriel_120x.avif","contentUrl":"https:\/\/autravail.ca\/wp-content\/uploads\/2025\/05\/cropped-magasin_industriel_120x.avif","width":120,"height":24,"caption":"Le Magasin Industriel"},"image":{"@id":"https:\/\/autravail.ca\/#\/schema\/logo\/image\/"},"sameAs":["https:\/\/www.facebook.com\/lemagasinindustriel\/?locale=fr_FR"]}]}},"jetpack_sharing_enabled":true,"_links":{"self":[{"href":"https:\/\/autravail.ca\/en\/wp-json\/wp\/v2\/product\/36049","targetHints":{"allow":["GET"]}}],"collection":[{"href":"https:\/\/autravail.ca\/en\/wp-json\/wp\/v2\/product"}],"about":[{"href":"https:\/\/autravail.ca\/en\/wp-json\/wp\/v2\/types\/product"}],"replies":[{"embeddable":true,"href":"https:\/\/autravail.ca\/en\/wp-json\/wp\/v2\/comments?post=36049"}],"wp:featuredmedia":[{"embeddable":true,"href":"https:\/\/autravail.ca\/en\/wp-json\/wp\/v2\/media\/21715"}],"wp:attachment":[{"href":"https:\/\/autravail.ca\/en\/wp-json\/wp\/v2\/media?parent=36049"}],"wp:term":[{"taxonomy":"product_cat","embeddable":true,"href":"https:\/\/autravail.ca\/en\/wp-json\/wp\/v2\/product_cat?post=36049"},{"taxonomy":"product_tag","embeddable":true,"href":"https:\/\/autravail.ca\/en\/wp-json\/wp\/v2\/product_tag?post=36049"}],"curies":[{"name":"wp","href":"https:\/\/api.w.org\/{rel}","templated":true}]}}