{"id":35698,"date":"2025-05-08T07:43:47","date_gmt":"2025-05-08T07:43:47","guid":{"rendered":"https:\/\/meteoquebec.ca\/?post_type=product&#038;p=35698"},"modified":"2026-02-23T15:10:43","modified_gmt":"2026-02-23T19:10:43","slug":"soulier-de-travail-pf605","status":"publish","type":"product","link":"https:\/\/autravail.ca\/en\/product\/soulier-de-travail-pf605\/","title":{"rendered":"Soulier de travail &#8211; PF605"},"content":{"rendered":"<h3>Soulier de travail &#8211; PF605<\/h3>\n<p>Soulier de travail &#8211; PF605 de\u00a0<span data-sfc-cp=\"\" data-wiz-uids=\"v31Uzf_e\" data-processed=\"true\" data-complete=\"true\"><a class=\"H23r4e\" href=\"https:\/\/autravail.ca\/en\/product-brand\/pilote-et-filles\/\" target=\"_blank\" rel=\"noopener\" data-hveid=\"CAEIAhAB\" data-processed=\"true\">Pilote &amp; Filles<\/a><\/span>\u00a0est un\u00a0<strong class=\"Yjhzub\" data-complete=\"true\" data-processed=\"true\">soulier de travail lac\u00e9<\/strong> pour femme, con\u00e7u pour celles qui recherchent une chaussure de s\u00e9curit\u00e9 ultra-l\u00e9g\u00e8re et styl\u00e9e sans le volume d&rsquo;une botte traditionnelle. Notre soulier de protection pour femme l\u00e9ger et confortable avec embout en acier et plaque antiperforation en composite. Id\u00e9al pour allier s\u00e9curit\u00e9, f\u00e9minit\u00e9 et bien-\u00eatre au quotidien.<\/p>\n<p><img decoding=\"async\" class=\"alignnone size-full wp-image-40117\" src=\"https:\/\/autravail.ca\/wp-content\/uploads\/2025\/09\/Certification-Omega-Triangle-vert.jpg\" alt=\"Certifications Om\u00e9ga Triangle vert\" width=\"193\" height=\"110\" srcset=\"https:\/\/autravail.ca\/wp-content\/uploads\/2025\/09\/Certification-Omega-Triangle-vert.jpg 193w, https:\/\/autravail.ca\/wp-content\/uploads\/2025\/09\/Certification-Omega-Triangle-vert-150x85.jpg 150w, https:\/\/autravail.ca\/wp-content\/uploads\/2025\/09\/Certification-Omega-Triangle-vert-18x10.jpg 18w\" sizes=\"(max-width: 193px) 100vw, 193px\" \/><\/p>\n<p>Characteristics:<\/p>\n<ul>\n<li>Tige en cuir nubuck.<\/li>\n<li>Resistant lining with floral pattern.<\/li>\n<li>Ultra-light sole in EVA.<\/li>\n<li>Deux paires de lacets color\u00e9s.<\/li>\n<li>Semelle int\u00e9rieure amovible faite de PU, antibact\u00e9rienne et absorbant les chocs pour un confort prolong\u00e9.<\/li>\n<li>Embout de protection en composite l\u00e9ger et semelle antiperforation en acier.<\/li>\n<\/ul>\n<p><img decoding=\"async\" class=\"alignnone wp-image-40620\" src=\"https:\/\/autravail.ca\/wp-content\/uploads\/2025\/09\/Jachete-quebec-et-canada.jpg\" alt=\"Logo de l'achat local\" width=\"162\" height=\"139\" \/>Merci d&rsquo;encourager une entreprise 100% d&rsquo;ici!<\/p>\n<p>TS2602H<\/p>","protected":false},"excerpt":{"rendered":"<p>Soulier de travail &#8211; PF605 Soulier de travail &#8211; PF605 de\u00a0Pilote &amp; Filles\u00a0est un\u00a0soulier de travail lac\u00e9 pour femme, con\u00e7u pour celles qui recherchent une chaussure de s\u00e9curit\u00e9 ultra-l\u00e9g\u00e8re et styl\u00e9e sans le volume d&rsquo;une botte traditionnelle. Notre soulier de protection pour femme l\u00e9ger et confortable avec embout en acier et plaque antiperforation en composite. [&hellip;]<\/p>","protected":false},"featured_media":21286,"comment_status":"open","ping_status":"closed","template":"","meta":[],"product_cat":[633,619,617],"product_tag":[252,255,261,253,257],"class_list":{"0":"post-35698","1":"product","2":"type-product","3":"status-publish","4":"has-post-thumbnail","6":"product_brand-pilote-et-filles","7":"product_cat-femmes","8":"product_cat-souliers-de-travail","9":"product_cat-souliers-de-travail-femme","10":"product_tag-electric-shock-resistant","11":"product_tag-femme","12":"product_tag-novago","13":"product_tag-sole-protection","14":"product_tag-souliers-de-travail","16":"first","17":"instock","18":"sale","19":"taxable","20":"shipping-taxable","21":"purchasable","22":"product-type-variable"},"yoast_head":"<!-- This site is optimized with the Yoast SEO plugin v25.3.1 - https:\/\/yoast.com\/wordpress\/plugins\/seo\/ -->\n<title>Soulier de travail - PF605 - Le Magasin Industriel<\/title>\n<meta name=\"description\" content=\"Soulier de travail - PF605 est un soulier de travail lac\u00e9 ultra-l\u00e9g\u00e8re et styl\u00e9e con\u00e7u pour les femmes, embout en acier classe 1\" \/>\n<meta name=\"robots\" content=\"index, follow, max-snippet:-1, max-image-preview:large, max-video-preview:-1\" \/>\n<link rel=\"canonical\" href=\"https:\/\/autravail.ca\/en\/product\/soulier-de-travail-pf605\/\" \/>\n<meta property=\"og:locale\" content=\"en_US\" \/>\n<meta property=\"og:type\" content=\"article\" \/>\n<meta property=\"og:title\" content=\"Soulier de travail - PF605 - Le Magasin Industriel\" \/>\n<meta property=\"og:description\" content=\"Soulier de travail - PF605 est un soulier de travail lac\u00e9 ultra-l\u00e9g\u00e8re et styl\u00e9e con\u00e7u pour les femmes, embout en acier classe 1\" \/>\n<meta property=\"og:url\" content=\"https:\/\/autravail.ca\/en\/product\/soulier-de-travail-pf605\/\" \/>\n<meta property=\"og:site_name\" content=\"Le Magasin Industriel\" \/>\n<meta property=\"article:publisher\" content=\"https:\/\/www.facebook.com\/lemagasinindustriel\/?locale=fr_FR\" \/>\n<meta property=\"article:modified_time\" content=\"2026-02-23T19:10:43+00:00\" \/>\n<meta property=\"og:image\" content=\"https:\/\/autravail.ca\/wp-content\/uploads\/2025\/05\/PF605_rasp_01.jpg\" \/>\n\t<meta property=\"og:image:width\" content=\"1000\" \/>\n\t<meta property=\"og:image:height\" content=\"1000\" \/>\n\t<meta property=\"og:image:type\" content=\"image\/jpeg\" \/>\n<meta name=\"twitter:card\" content=\"summary_large_image\" \/>\n<meta name=\"twitter:label1\" content=\"Est. reading time\" \/>\n\t<meta name=\"twitter:data1\" content=\"2 minutes\" \/>\n<script type=\"application\/ld+json\" class=\"yoast-schema-graph\">{\"@context\":\"https:\/\/schema.org\",\"@graph\":[{\"@type\":\"WebPage\",\"@id\":\"https:\/\/autravail.ca\/product\/soulier-de-travail-pf605\/\",\"url\":\"https:\/\/autravail.ca\/product\/soulier-de-travail-pf605\/\",\"name\":\"Soulier de travail - PF605 - Le Magasin Industriel\",\"isPartOf\":{\"@id\":\"https:\/\/autravail.ca\/#website\"},\"primaryImageOfPage\":{\"@id\":\"https:\/\/autravail.ca\/product\/soulier-de-travail-pf605\/#primaryimage\"},\"image\":{\"@id\":\"https:\/\/autravail.ca\/product\/soulier-de-travail-pf605\/#primaryimage\"},\"thumbnailUrl\":\"https:\/\/autravail.ca\/wp-content\/uploads\/2025\/05\/PF605_rasp_01.jpg\",\"datePublished\":\"2025-05-08T07:43:47+00:00\",\"dateModified\":\"2026-02-23T19:10:43+00:00\",\"description\":\"Soulier de travail - PF605 est un soulier de travail lac\u00e9 ultra-l\u00e9g\u00e8re et styl\u00e9e con\u00e7u pour les femmes, embout en acier classe 1\",\"breadcrumb\":{\"@id\":\"https:\/\/autravail.ca\/product\/soulier-de-travail-pf605\/#breadcrumb\"},\"inLanguage\":\"en-CA\",\"potentialAction\":[{\"@type\":\"ReadAction\",\"target\":[\"https:\/\/autravail.ca\/product\/soulier-de-travail-pf605\/\"]}]},{\"@type\":\"ImageObject\",\"inLanguage\":\"en-CA\",\"@id\":\"https:\/\/autravail.ca\/product\/soulier-de-travail-pf605\/#primaryimage\",\"url\":\"https:\/\/autravail.ca\/wp-content\/uploads\/2025\/05\/PF605_rasp_01.jpg\",\"contentUrl\":\"https:\/\/autravail.ca\/wp-content\/uploads\/2025\/05\/PF605_rasp_01.jpg\",\"width\":1000,\"height\":1000,\"caption\":\"Soulier de travail - PF605\"},{\"@type\":\"BreadcrumbList\",\"@id\":\"https:\/\/autravail.ca\/product\/soulier-de-travail-pf605\/#breadcrumb\",\"itemListElement\":[{\"@type\":\"ListItem\",\"position\":1,\"name\":\"Accueil\",\"item\":\"https:\/\/autravail.ca\/\"},{\"@type\":\"ListItem\",\"position\":2,\"name\":\"Magasin\",\"item\":\"https:\/\/autravail.ca\/en\/shop\/\"},{\"@type\":\"ListItem\",\"position\":3,\"name\":\"Soulier de travail &#8211; PF605\"}]},{\"@type\":\"WebSite\",\"@id\":\"https:\/\/autravail.ca\/#website\",\"url\":\"https:\/\/autravail.ca\/\",\"name\":\"Le Magasin Industriel\",\"description\":\"50 ans de tradition de s\u00e9curit\u00e9 au travail\",\"publisher\":{\"@id\":\"https:\/\/autravail.ca\/#organization\"},\"potentialAction\":[{\"@type\":\"SearchAction\",\"target\":{\"@type\":\"EntryPoint\",\"urlTemplate\":\"https:\/\/autravail.ca\/?s={search_term_string}\"},\"query-input\":{\"@type\":\"PropertyValueSpecification\",\"valueRequired\":true,\"valueName\":\"search_term_string\"}}],\"inLanguage\":\"en-CA\"},{\"@type\":\"Organization\",\"@id\":\"https:\/\/autravail.ca\/#organization\",\"name\":\"Le Magasin Industriel\",\"url\":\"https:\/\/autravail.ca\/\",\"logo\":{\"@type\":\"ImageObject\",\"inLanguage\":\"en-CA\",\"@id\":\"https:\/\/autravail.ca\/#\/schema\/logo\/image\/\",\"url\":\"https:\/\/autravail.ca\/wp-content\/uploads\/2025\/05\/cropped-magasin_industriel_120x.avif\",\"contentUrl\":\"https:\/\/autravail.ca\/wp-content\/uploads\/2025\/05\/cropped-magasin_industriel_120x.avif\",\"width\":120,\"height\":24,\"caption\":\"Le Magasin Industriel\"},\"image\":{\"@id\":\"https:\/\/autravail.ca\/#\/schema\/logo\/image\/\"},\"sameAs\":[\"https:\/\/www.facebook.com\/lemagasinindustriel\/?locale=fr_FR\"]}]}<\/script>\n<!-- \/ Yoast SEO plugin. -->","yoast_head_json":{"title":"Soulier de travail - PF605 - Le Magasin Industriel","description":"Soulier de travail - PF605 est un soulier de travail lac\u00e9 ultra-l\u00e9g\u00e8re et styl\u00e9e con\u00e7u pour les femmes, embout en acier classe 1","robots":{"index":"index","follow":"follow","max-snippet":"max-snippet:-1","max-image-preview":"max-image-preview:large","max-video-preview":"max-video-preview:-1"},"canonical":"https:\/\/autravail.ca\/en\/product\/soulier-de-travail-pf605\/","og_locale":"en_US","og_type":"article","og_title":"Soulier de travail - PF605 - Le Magasin Industriel","og_description":"Soulier de travail - PF605 est un soulier de travail lac\u00e9 ultra-l\u00e9g\u00e8re et styl\u00e9e con\u00e7u pour les femmes, embout en acier classe 1","og_url":"https:\/\/autravail.ca\/en\/product\/soulier-de-travail-pf605\/","og_site_name":"Le Magasin Industriel","article_publisher":"https:\/\/www.facebook.com\/lemagasinindustriel\/?locale=fr_FR","article_modified_time":"2026-02-23T19:10:43+00:00","og_image":[{"width":1000,"height":1000,"url":"https:\/\/autravail.ca\/wp-content\/uploads\/2025\/05\/PF605_rasp_01.jpg","type":"image\/jpeg"}],"twitter_card":"summary_large_image","twitter_misc":{"Est. reading time":"2 minutes"},"schema":{"@context":"https:\/\/schema.org","@graph":[{"@type":"WebPage","@id":"https:\/\/autravail.ca\/product\/soulier-de-travail-pf605\/","url":"https:\/\/autravail.ca\/product\/soulier-de-travail-pf605\/","name":"Soulier de travail - PF605 - Le Magasin Industriel","isPartOf":{"@id":"https:\/\/autravail.ca\/#website"},"primaryImageOfPage":{"@id":"https:\/\/autravail.ca\/product\/soulier-de-travail-pf605\/#primaryimage"},"image":{"@id":"https:\/\/autravail.ca\/product\/soulier-de-travail-pf605\/#primaryimage"},"thumbnailUrl":"https:\/\/autravail.ca\/wp-content\/uploads\/2025\/05\/PF605_rasp_01.jpg","datePublished":"2025-05-08T07:43:47+00:00","dateModified":"2026-02-23T19:10:43+00:00","description":"Soulier de travail - PF605 est un soulier de travail lac\u00e9 ultra-l\u00e9g\u00e8re et styl\u00e9e con\u00e7u pour les femmes, embout en acier classe 1","breadcrumb":{"@id":"https:\/\/autravail.ca\/product\/soulier-de-travail-pf605\/#breadcrumb"},"inLanguage":"en-CA","potentialAction":[{"@type":"ReadAction","target":["https:\/\/autravail.ca\/product\/soulier-de-travail-pf605\/"]}]},{"@type":"ImageObject","inLanguage":"en-CA","@id":"https:\/\/autravail.ca\/product\/soulier-de-travail-pf605\/#primaryimage","url":"https:\/\/autravail.ca\/wp-content\/uploads\/2025\/05\/PF605_rasp_01.jpg","contentUrl":"https:\/\/autravail.ca\/wp-content\/uploads\/2025\/05\/PF605_rasp_01.jpg","width":1000,"height":1000,"caption":"Soulier de travail - PF605"},{"@type":"BreadcrumbList","@id":"https:\/\/autravail.ca\/product\/soulier-de-travail-pf605\/#breadcrumb","itemListElement":[{"@type":"ListItem","position":1,"name":"Accueil","item":"https:\/\/autravail.ca\/"},{"@type":"ListItem","position":2,"name":"Magasin","item":"https:\/\/autravail.ca\/en\/shop\/"},{"@type":"ListItem","position":3,"name":"Soulier de travail &#8211; PF605"}]},{"@type":"WebSite","@id":"https:\/\/autravail.ca\/#website","url":"https:\/\/autravail.ca\/","name":"Le Magasin Industriel","description":"50 ans de tradition de s\u00e9curit\u00e9 au travail","publisher":{"@id":"https:\/\/autravail.ca\/#organization"},"potentialAction":[{"@type":"SearchAction","target":{"@type":"EntryPoint","urlTemplate":"https:\/\/autravail.ca\/?s={search_term_string}"},"query-input":{"@type":"PropertyValueSpecification","valueRequired":true,"valueName":"search_term_string"}}],"inLanguage":"en-CA"},{"@type":"Organization","@id":"https:\/\/autravail.ca\/#organization","name":"Le Magasin Industriel","url":"https:\/\/autravail.ca\/","logo":{"@type":"ImageObject","inLanguage":"en-CA","@id":"https:\/\/autravail.ca\/#\/schema\/logo\/image\/","url":"https:\/\/autravail.ca\/wp-content\/uploads\/2025\/05\/cropped-magasin_industriel_120x.avif","contentUrl":"https:\/\/autravail.ca\/wp-content\/uploads\/2025\/05\/cropped-magasin_industriel_120x.avif","width":120,"height":24,"caption":"Le Magasin Industriel"},"image":{"@id":"https:\/\/autravail.ca\/#\/schema\/logo\/image\/"},"sameAs":["https:\/\/www.facebook.com\/lemagasinindustriel\/?locale=fr_FR"]}]}},"jetpack_sharing_enabled":true,"_links":{"self":[{"href":"https:\/\/autravail.ca\/en\/wp-json\/wp\/v2\/product\/35698","targetHints":{"allow":["GET"]}}],"collection":[{"href":"https:\/\/autravail.ca\/en\/wp-json\/wp\/v2\/product"}],"about":[{"href":"https:\/\/autravail.ca\/en\/wp-json\/wp\/v2\/types\/product"}],"replies":[{"embeddable":true,"href":"https:\/\/autravail.ca\/en\/wp-json\/wp\/v2\/comments?post=35698"}],"wp:featuredmedia":[{"embeddable":true,"href":"https:\/\/autravail.ca\/en\/wp-json\/wp\/v2\/media\/21286"}],"wp:attachment":[{"href":"https:\/\/autravail.ca\/en\/wp-json\/wp\/v2\/media?parent=35698"}],"wp:term":[{"taxonomy":"product_cat","embeddable":true,"href":"https:\/\/autravail.ca\/en\/wp-json\/wp\/v2\/product_cat?post=35698"},{"taxonomy":"product_tag","embeddable":true,"href":"https:\/\/autravail.ca\/en\/wp-json\/wp\/v2\/product_tag?post=35698"}],"curies":[{"name":"wp","href":"https:\/\/api.w.org\/{rel}","templated":true}]}}