{"id":35667,"date":"2025-05-08T07:43:28","date_gmt":"2025-05-08T07:43:28","guid":{"rendered":"https:\/\/meteoquebec.ca\/?post_type=product&#038;p=35667"},"modified":"2026-02-20T15:04:13","modified_gmt":"2026-02-20T19:04:13","slug":"botte-de-travail-femme-pf368","status":"publish","type":"product","link":"https:\/\/autravail.ca\/en\/product\/botte-de-travail-femme-pf368\/","title":{"rendered":"Botte de travail femme &#8211; PF368"},"content":{"rendered":"<h3>Botte de travail femme &#8211; PF368<\/h3>\n<p>Botte de travail femme &#8211; PF368 de\u00a0<span data-sfc-cp=\"\" data-wiz-uids=\"PpibNd_e\" data-complete=\"true\" data-processed=\"true\"><a class=\"H23r4e\" href=\"https:\/\/autravail.ca\/en\/product-brand\/pilote-et-filles\/\" target=\"_blank\" rel=\"noopener\" data-hveid=\"CAEIAhAB\" data-processed=\"true\">Pilote &amp; Filles<\/a><\/span>\u00a0est une\u00a0<mark class=\"HxTRcb\" data-complete=\"true\" data-processed=\"true\" data-sae=\"\">botte de s\u00e9curit\u00e9 de\u00a0<strong class=\"Yjhzub\" data-complete=\"true\">8 pouces<\/strong>\u00a0de hauteur con\u00e7ue sp\u00e9cifiquement pour les femmes<\/mark>. Reconnue pour son style distinctif et sa l\u00e9g\u00e8ret\u00e9, elle allie protection industrielle et confort. Avec son look exceptionnel et sa finition unique, la PF368 est bien plus qu\u2019une botte de travail : c\u2019est une d\u00e9claration de style. Con\u00e7ue en cuir huil\u00e9 pleine fleur avec un empi\u00e8cement en cuir italien textur\u00e9, elle allie robustesse, \u00e9l\u00e9gance et confort absolu \u2014 aussi agr\u00e9able \u00e0 porter que des pantoufles. L\u2019alli\u00e9e id\u00e9ale pour affronter vos journ\u00e9es actives sans compromis sur le style ni le bien-\u00eatre.<\/p>\n<p><img decoding=\"async\" class=\"alignnone size-full wp-image-40117\" src=\"https:\/\/autravail.ca\/wp-content\/uploads\/2025\/09\/Certification-Omega-Triangle-vert.jpg\" alt=\"Certifications Om\u00e9ga Triangle vert\" width=\"193\" height=\"110\" srcset=\"https:\/\/autravail.ca\/wp-content\/uploads\/2025\/09\/Certification-Omega-Triangle-vert.jpg 193w, https:\/\/autravail.ca\/wp-content\/uploads\/2025\/09\/Certification-Omega-Triangle-vert-150x85.jpg 150w, https:\/\/autravail.ca\/wp-content\/uploads\/2025\/09\/Certification-Omega-Triangle-vert-18x10.jpg 18w\" sizes=\"(max-width: 193px) 100vw, 193px\" \/><\/p>\n<h6>Characteristics:<\/h6>\n<p>&nbsp;<\/p>\n<ul>\n<li>Hauteur : 8&Prime;\u00a0\/\u00a020.4 cm<\/li>\n<li>Tige en cuir huil\u00e9 pleine fleur avec empi\u00e8cement de cuir italien textur\u00e9 haute r\u00e9sistance.<\/li>\n<li>Breathable and abrasion-resistant lining with antimicrobial treatment.<\/li>\n<li>Semelle double densit\u00e9 PU\u00a0\/\u00a0caoutchouc, antid\u00e9rapante et r\u00e9sistante aux huiles.<\/li>\n<li>Semelle int\u00e9rieure amovible faite de PU, antibact\u00e9rienne et absorbant les chocs pour un confort prolong\u00e9.<\/li>\n<li>Renfort d\u2019usure au talon int\u00e9rieur.<\/li>\n<li>Fermoir YKK sur c\u00f4t\u00e9 int\u00e9rieur.<\/li>\n<li>Embout de protection et semelle antiperforation en acier.<\/li>\n<li>Protective corner guard made of PU for increased protection.<\/li>\n<li>Deux paires de lacets color\u00e9s.<\/li>\n<\/ul>\n<p><img decoding=\"async\" class=\"alignnone wp-image-40620\" src=\"https:\/\/autravail.ca\/wp-content\/uploads\/2025\/09\/Jachete-quebec-et-canada.jpg\" alt=\"Logo de l'achat local\" width=\"162\" height=\"139\" \/>Merci d&rsquo;encourager une entreprise 100% d&rsquo;ici!<\/p>\n<p>TS2602H<\/p>","protected":false},"excerpt":{"rendered":"<p>Botte de travail femme &#8211; PF368 Botte de travail femme &#8211; PF368 de\u00a0Pilote &amp; Filles\u00a0est une\u00a0botte de s\u00e9curit\u00e9 de\u00a08 pouces\u00a0de hauteur con\u00e7ue sp\u00e9cifiquement pour les femmes. Reconnue pour son style distinctif et sa l\u00e9g\u00e8ret\u00e9, elle allie protection industrielle et confort. Avec son look exceptionnel et sa finition unique, la PF368 est bien plus qu\u2019une botte [&hellip;]<\/p>","protected":false},"featured_media":21235,"comment_status":"open","ping_status":"closed","template":"","meta":[],"product_cat":[613,642,633],"product_tag":[251,252,255,253],"class_list":{"0":"post-35667","1":"product","2":"type-product","3":"status-publish","4":"has-post-thumbnail","6":"product_brand-pilote-et-filles","7":"product_cat-bottes-de-travail","8":"product_cat-bottes-de-travail-femme","9":"product_cat-femmes","10":"product_tag-bottes-de-travail","11":"product_tag-electric-shock-resistant","12":"product_tag-femme","13":"product_tag-sole-protection","15":"first","16":"instock","17":"taxable","18":"shipping-taxable","19":"purchasable","20":"product-type-variable"},"yoast_head":"<!-- This site is optimized with the Yoast SEO plugin v25.3.1 - https:\/\/yoast.com\/wordpress\/plugins\/seo\/ -->\n<title>Botte de travail femme - PF368 - Le Magasin Industriel<\/title>\n<meta name=\"description\" content=\"Botte de travail femme - PF368 est une botte de s\u00e9curit\u00e9 de 8 pouces de hauteur con\u00e7ue sp\u00e9cifiquement pour les femmes, embout d&#039;acier\" \/>\n<meta name=\"robots\" content=\"index, follow, max-snippet:-1, max-image-preview:large, max-video-preview:-1\" \/>\n<link rel=\"canonical\" href=\"https:\/\/autravail.ca\/en\/product\/botte-de-travail-femme-pf368\/\" \/>\n<meta property=\"og:locale\" content=\"en_US\" \/>\n<meta property=\"og:type\" content=\"article\" \/>\n<meta property=\"og:title\" content=\"Botte de travail femme - PF368 - Le Magasin Industriel\" \/>\n<meta property=\"og:description\" content=\"Botte de travail femme - PF368 est une botte de s\u00e9curit\u00e9 de 8 pouces de hauteur con\u00e7ue sp\u00e9cifiquement pour les femmes, embout d&#039;acier\" \/>\n<meta property=\"og:url\" content=\"https:\/\/autravail.ca\/en\/product\/botte-de-travail-femme-pf368\/\" \/>\n<meta property=\"og:site_name\" content=\"Le Magasin Industriel\" \/>\n<meta property=\"article:publisher\" content=\"https:\/\/www.facebook.com\/lemagasinindustriel\/?locale=fr_FR\" \/>\n<meta property=\"article:modified_time\" content=\"2026-02-20T19:04:13+00:00\" \/>\n<meta property=\"og:image\" content=\"https:\/\/autravail.ca\/wp-content\/uploads\/2025\/05\/PF368_tan_A01.jpg\" \/>\n\t<meta property=\"og:image:width\" content=\"1000\" \/>\n\t<meta property=\"og:image:height\" content=\"1000\" \/>\n\t<meta property=\"og:image:type\" content=\"image\/jpeg\" \/>\n<meta name=\"twitter:card\" content=\"summary_large_image\" \/>\n<meta name=\"twitter:label1\" content=\"Est. reading time\" \/>\n\t<meta name=\"twitter:data1\" content=\"2 minutes\" \/>\n<script type=\"application\/ld+json\" class=\"yoast-schema-graph\">{\"@context\":\"https:\/\/schema.org\",\"@graph\":[{\"@type\":\"WebPage\",\"@id\":\"https:\/\/autravail.ca\/product\/botte-de-travail-femme-pf368\/\",\"url\":\"https:\/\/autravail.ca\/product\/botte-de-travail-femme-pf368\/\",\"name\":\"Botte de travail femme - PF368 - Le Magasin Industriel\",\"isPartOf\":{\"@id\":\"https:\/\/autravail.ca\/#website\"},\"primaryImageOfPage\":{\"@id\":\"https:\/\/autravail.ca\/product\/botte-de-travail-femme-pf368\/#primaryimage\"},\"image\":{\"@id\":\"https:\/\/autravail.ca\/product\/botte-de-travail-femme-pf368\/#primaryimage\"},\"thumbnailUrl\":\"https:\/\/autravail.ca\/wp-content\/uploads\/2025\/05\/PF368_tan_A01.jpg\",\"datePublished\":\"2025-05-08T07:43:28+00:00\",\"dateModified\":\"2026-02-20T19:04:13+00:00\",\"description\":\"Botte de travail femme - PF368 est une botte de s\u00e9curit\u00e9 de 8 pouces de hauteur con\u00e7ue sp\u00e9cifiquement pour les femmes, embout d'acier\",\"breadcrumb\":{\"@id\":\"https:\/\/autravail.ca\/product\/botte-de-travail-femme-pf368\/#breadcrumb\"},\"inLanguage\":\"en-CA\",\"potentialAction\":[{\"@type\":\"ReadAction\",\"target\":[\"https:\/\/autravail.ca\/product\/botte-de-travail-femme-pf368\/\"]}]},{\"@type\":\"ImageObject\",\"inLanguage\":\"en-CA\",\"@id\":\"https:\/\/autravail.ca\/product\/botte-de-travail-femme-pf368\/#primaryimage\",\"url\":\"https:\/\/autravail.ca\/wp-content\/uploads\/2025\/05\/PF368_tan_A01.jpg\",\"contentUrl\":\"https:\/\/autravail.ca\/wp-content\/uploads\/2025\/05\/PF368_tan_A01.jpg\",\"width\":1000,\"height\":1000,\"caption\":\"Botte de travail femme - PF368\"},{\"@type\":\"BreadcrumbList\",\"@id\":\"https:\/\/autravail.ca\/product\/botte-de-travail-femme-pf368\/#breadcrumb\",\"itemListElement\":[{\"@type\":\"ListItem\",\"position\":1,\"name\":\"Accueil\",\"item\":\"https:\/\/autravail.ca\/\"},{\"@type\":\"ListItem\",\"position\":2,\"name\":\"Magasin\",\"item\":\"https:\/\/autravail.ca\/en\/shop\/\"},{\"@type\":\"ListItem\",\"position\":3,\"name\":\"Botte de travail femme &#8211; PF368\"}]},{\"@type\":\"WebSite\",\"@id\":\"https:\/\/autravail.ca\/#website\",\"url\":\"https:\/\/autravail.ca\/\",\"name\":\"Le Magasin Industriel\",\"description\":\"50 ans de tradition de s\u00e9curit\u00e9 au travail\",\"publisher\":{\"@id\":\"https:\/\/autravail.ca\/#organization\"},\"potentialAction\":[{\"@type\":\"SearchAction\",\"target\":{\"@type\":\"EntryPoint\",\"urlTemplate\":\"https:\/\/autravail.ca\/?s={search_term_string}\"},\"query-input\":{\"@type\":\"PropertyValueSpecification\",\"valueRequired\":true,\"valueName\":\"search_term_string\"}}],\"inLanguage\":\"en-CA\"},{\"@type\":\"Organization\",\"@id\":\"https:\/\/autravail.ca\/#organization\",\"name\":\"Le Magasin Industriel\",\"url\":\"https:\/\/autravail.ca\/\",\"logo\":{\"@type\":\"ImageObject\",\"inLanguage\":\"en-CA\",\"@id\":\"https:\/\/autravail.ca\/#\/schema\/logo\/image\/\",\"url\":\"https:\/\/autravail.ca\/wp-content\/uploads\/2025\/05\/cropped-magasin_industriel_120x.avif\",\"contentUrl\":\"https:\/\/autravail.ca\/wp-content\/uploads\/2025\/05\/cropped-magasin_industriel_120x.avif\",\"width\":120,\"height\":24,\"caption\":\"Le Magasin Industriel\"},\"image\":{\"@id\":\"https:\/\/autravail.ca\/#\/schema\/logo\/image\/\"},\"sameAs\":[\"https:\/\/www.facebook.com\/lemagasinindustriel\/?locale=fr_FR\"]}]}<\/script>\n<!-- \/ Yoast SEO plugin. -->","yoast_head_json":{"title":"Botte de travail femme - PF368 - Le Magasin Industriel","description":"Botte de travail femme - PF368 est une botte de s\u00e9curit\u00e9 de 8 pouces de hauteur con\u00e7ue sp\u00e9cifiquement pour les femmes, embout d'acier","robots":{"index":"index","follow":"follow","max-snippet":"max-snippet:-1","max-image-preview":"max-image-preview:large","max-video-preview":"max-video-preview:-1"},"canonical":"https:\/\/autravail.ca\/en\/product\/botte-de-travail-femme-pf368\/","og_locale":"en_US","og_type":"article","og_title":"Botte de travail femme - PF368 - Le Magasin Industriel","og_description":"Botte de travail femme - PF368 est une botte de s\u00e9curit\u00e9 de 8 pouces de hauteur con\u00e7ue sp\u00e9cifiquement pour les femmes, embout d'acier","og_url":"https:\/\/autravail.ca\/en\/product\/botte-de-travail-femme-pf368\/","og_site_name":"Le Magasin Industriel","article_publisher":"https:\/\/www.facebook.com\/lemagasinindustriel\/?locale=fr_FR","article_modified_time":"2026-02-20T19:04:13+00:00","og_image":[{"width":1000,"height":1000,"url":"https:\/\/autravail.ca\/wp-content\/uploads\/2025\/05\/PF368_tan_A01.jpg","type":"image\/jpeg"}],"twitter_card":"summary_large_image","twitter_misc":{"Est. reading time":"2 minutes"},"schema":{"@context":"https:\/\/schema.org","@graph":[{"@type":"WebPage","@id":"https:\/\/autravail.ca\/product\/botte-de-travail-femme-pf368\/","url":"https:\/\/autravail.ca\/product\/botte-de-travail-femme-pf368\/","name":"Botte de travail femme - PF368 - Le Magasin Industriel","isPartOf":{"@id":"https:\/\/autravail.ca\/#website"},"primaryImageOfPage":{"@id":"https:\/\/autravail.ca\/product\/botte-de-travail-femme-pf368\/#primaryimage"},"image":{"@id":"https:\/\/autravail.ca\/product\/botte-de-travail-femme-pf368\/#primaryimage"},"thumbnailUrl":"https:\/\/autravail.ca\/wp-content\/uploads\/2025\/05\/PF368_tan_A01.jpg","datePublished":"2025-05-08T07:43:28+00:00","dateModified":"2026-02-20T19:04:13+00:00","description":"Botte de travail femme - PF368 est une botte de s\u00e9curit\u00e9 de 8 pouces de hauteur con\u00e7ue sp\u00e9cifiquement pour les femmes, embout d'acier","breadcrumb":{"@id":"https:\/\/autravail.ca\/product\/botte-de-travail-femme-pf368\/#breadcrumb"},"inLanguage":"en-CA","potentialAction":[{"@type":"ReadAction","target":["https:\/\/autravail.ca\/product\/botte-de-travail-femme-pf368\/"]}]},{"@type":"ImageObject","inLanguage":"en-CA","@id":"https:\/\/autravail.ca\/product\/botte-de-travail-femme-pf368\/#primaryimage","url":"https:\/\/autravail.ca\/wp-content\/uploads\/2025\/05\/PF368_tan_A01.jpg","contentUrl":"https:\/\/autravail.ca\/wp-content\/uploads\/2025\/05\/PF368_tan_A01.jpg","width":1000,"height":1000,"caption":"Botte de travail femme - PF368"},{"@type":"BreadcrumbList","@id":"https:\/\/autravail.ca\/product\/botte-de-travail-femme-pf368\/#breadcrumb","itemListElement":[{"@type":"ListItem","position":1,"name":"Accueil","item":"https:\/\/autravail.ca\/"},{"@type":"ListItem","position":2,"name":"Magasin","item":"https:\/\/autravail.ca\/en\/shop\/"},{"@type":"ListItem","position":3,"name":"Botte de travail femme &#8211; PF368"}]},{"@type":"WebSite","@id":"https:\/\/autravail.ca\/#website","url":"https:\/\/autravail.ca\/","name":"Le Magasin Industriel","description":"50 ans de tradition de s\u00e9curit\u00e9 au travail","publisher":{"@id":"https:\/\/autravail.ca\/#organization"},"potentialAction":[{"@type":"SearchAction","target":{"@type":"EntryPoint","urlTemplate":"https:\/\/autravail.ca\/?s={search_term_string}"},"query-input":{"@type":"PropertyValueSpecification","valueRequired":true,"valueName":"search_term_string"}}],"inLanguage":"en-CA"},{"@type":"Organization","@id":"https:\/\/autravail.ca\/#organization","name":"Le Magasin Industriel","url":"https:\/\/autravail.ca\/","logo":{"@type":"ImageObject","inLanguage":"en-CA","@id":"https:\/\/autravail.ca\/#\/schema\/logo\/image\/","url":"https:\/\/autravail.ca\/wp-content\/uploads\/2025\/05\/cropped-magasin_industriel_120x.avif","contentUrl":"https:\/\/autravail.ca\/wp-content\/uploads\/2025\/05\/cropped-magasin_industriel_120x.avif","width":120,"height":24,"caption":"Le Magasin Industriel"},"image":{"@id":"https:\/\/autravail.ca\/#\/schema\/logo\/image\/"},"sameAs":["https:\/\/www.facebook.com\/lemagasinindustriel\/?locale=fr_FR"]}]}},"jetpack_sharing_enabled":true,"_links":{"self":[{"href":"https:\/\/autravail.ca\/en\/wp-json\/wp\/v2\/product\/35667","targetHints":{"allow":["GET"]}}],"collection":[{"href":"https:\/\/autravail.ca\/en\/wp-json\/wp\/v2\/product"}],"about":[{"href":"https:\/\/autravail.ca\/en\/wp-json\/wp\/v2\/types\/product"}],"replies":[{"embeddable":true,"href":"https:\/\/autravail.ca\/en\/wp-json\/wp\/v2\/comments?post=35667"}],"wp:featuredmedia":[{"embeddable":true,"href":"https:\/\/autravail.ca\/en\/wp-json\/wp\/v2\/media\/21235"}],"wp:attachment":[{"href":"https:\/\/autravail.ca\/en\/wp-json\/wp\/v2\/media?parent=35667"}],"wp:term":[{"taxonomy":"product_cat","embeddable":true,"href":"https:\/\/autravail.ca\/en\/wp-json\/wp\/v2\/product_cat?post=35667"},{"taxonomy":"product_tag","embeddable":true,"href":"https:\/\/autravail.ca\/en\/wp-json\/wp\/v2\/product_tag?post=35667"}],"curies":[{"name":"wp","href":"https:\/\/api.w.org\/{rel}","templated":true}]}}