{"id":35607,"date":"2025-05-08T07:42:50","date_gmt":"2025-05-08T07:42:50","guid":{"rendered":"https:\/\/meteoquebec.ca\/?post_type=product&#038;p=35607"},"modified":"2025-12-05T05:10:05","modified_gmt":"2025-12-05T09:10:05","slug":"1252-pantalons-impermeables-de-hugo-strong","status":"publish","type":"product","link":"https:\/\/autravail.ca\/en\/product\/1252-pantalons-impermeables-de-hugo-strong\/","title":{"rendered":"1252 - Hugoboss Waterproof Trousers"},"content":{"rendered":"<h3>Thunder Rain Pants<br \/>\n<\/h3>\n<ul>\n<li>Induction of polyurethane, PVC (360 g\/m - waterproof and robust)<strong data-mce-fragment=\"1\"><\/strong> with watertightness 5000 mm<\/li>\n<li>Hugo Strong Thunder Model number 1252\n<\/li>\n<li>Entirely elasticated waist with 2 hand loops<\/li>\n<li>Feet with zip under leg\u00a0<\/li>\n<li>Clamping leg<\/li>\n<li>Thermally Welded Watertight Seams<\/li>\n<li>Waterproof coat sold separately <a href=\"https:\/\/autravail.ca\/en\/products\/impermeable-hugo-strong-orage\/\" target=\"_blank\" title=\"Waterproof Jacket Storm\" rel=\"noopener noreferrer\">Storm 2055<\/a>\n<\/li>\n<\/ul>","protected":false},"excerpt":{"rendered":"<p>Tonnerre Rain Pants, Polyurethane Enduction with PVC (360 g\/m - waterproof and robust) with a waterproof rating of 5000 mm. Hugo Strong model number 1252. Entirely elastic size. With 2 adjustable waistbands featuring zip pockets under the leg, zipped cuffs, and reinforced seams. SOLD SEPARATELY: Orage 2055 waterproof coat.<\/p>","protected":false},"featured_media":21166,"comment_status":"open","ping_status":"closed","template":"","meta":[],"product_cat":[599,677,665],"product_tag":[242,280,243],"class_list":{"0":"post-35607","1":"product","2":"type-product","3":"status-publish","4":"has-post-thumbnail","6":"product_brand-hugo-strong","7":"product_cat-apparel-accessories","8":"product_cat-hugo-strong","9":"product_cat-pantalons","10":"product_tag-homme","11":"product_tag-impermeables","12":"product_tag-pantalons","14":"first","15":"instock","16":"taxable","17":"shipping-taxable","18":"purchasable","19":"product-type-variable"},"yoast_head":"<!-- This site is optimized with the Yoast SEO plugin v25.3.1 - https:\/\/yoast.com\/wordpress\/plugins\/seo\/ -->\n<title>1252 - Pantalons Imperm\u00e9ables de Hugo Strong - Le Magasin Industriel<\/title>\n<meta name=\"robots\" content=\"index, follow, max-snippet:-1, max-image-preview:large, max-video-preview:-1\" \/>\n<link rel=\"canonical\" href=\"https:\/\/autravail.ca\/en\/product\/1252-pantalons-impermeables-de-hugo-strong\/\" \/>\n<meta property=\"og:locale\" content=\"en_US\" \/>\n<meta property=\"og:type\" content=\"article\" \/>\n<meta property=\"og:title\" content=\"1252 - Pantalons Imperm\u00e9ables de Hugo Strong - Le Magasin Industriel\" \/>\n<meta property=\"og:description\" content=\"Pantalons de pluie Tonnerre Enduction de polyur\u00e9thane, PVC (360 g\/m\u00b2 \u2013 \u00e9tanche et robuste) avec \u00e9tanch\u00e9it\u00e9 5000 mm Mod\u00e8le Tonnerre de Hugo Strong num\u00e9ro 1252 Taille enti\u00e8rement \u00e9lastiqu\u00e9e avec 2 passe-mains Bbas de jambes avec zip sous patte\u00a0 Patte de resserrage Coutures thermosoud\u00e9es \u00e9tanches Manteau imperm\u00e9able vendu s\u00e9par\u00e9ment: Orage 2055\" \/>\n<meta property=\"og:url\" content=\"https:\/\/autravail.ca\/en\/product\/1252-pantalons-impermeables-de-hugo-strong\/\" \/>\n<meta property=\"og:site_name\" content=\"Le Magasin Industriel\" \/>\n<meta property=\"article:publisher\" content=\"https:\/\/www.facebook.com\/lemagasinindustriel\/?locale=fr_FR\" \/>\n<meta property=\"article:modified_time\" content=\"2025-12-05T09:10:05+00:00\" \/>\n<meta property=\"og:image\" content=\"https:\/\/autravail.ca\/wp-content\/uploads\/2025\/05\/Tonnerre_A01.jpg\" \/>\n\t<meta property=\"og:image:width\" content=\"800\" \/>\n\t<meta property=\"og:image:height\" content=\"720\" \/>\n\t<meta property=\"og:image:type\" content=\"image\/jpeg\" \/>\n<meta name=\"twitter:card\" content=\"summary_large_image\" \/>\n<script type=\"application\/ld+json\" class=\"yoast-schema-graph\">{\"@context\":\"https:\/\/schema.org\",\"@graph\":[{\"@type\":\"WebPage\",\"@id\":\"https:\/\/autravail.ca\/product\/1252-pantalons-impermeables-de-hugo-strong\/\",\"url\":\"https:\/\/autravail.ca\/product\/1252-pantalons-impermeables-de-hugo-strong\/\",\"name\":\"1252 - Pantalons Imperm\u00e9ables de Hugo Strong - Le Magasin Industriel\",\"isPartOf\":{\"@id\":\"https:\/\/autravail.ca\/#website\"},\"primaryImageOfPage\":{\"@id\":\"https:\/\/autravail.ca\/product\/1252-pantalons-impermeables-de-hugo-strong\/#primaryimage\"},\"image\":{\"@id\":\"https:\/\/autravail.ca\/product\/1252-pantalons-impermeables-de-hugo-strong\/#primaryimage\"},\"thumbnailUrl\":\"https:\/\/autravail.ca\/wp-content\/uploads\/2025\/05\/Tonnerre_A01.jpg\",\"datePublished\":\"2025-05-08T07:42:50+00:00\",\"dateModified\":\"2025-12-05T09:10:05+00:00\",\"breadcrumb\":{\"@id\":\"https:\/\/autravail.ca\/product\/1252-pantalons-impermeables-de-hugo-strong\/#breadcrumb\"},\"inLanguage\":\"en-CA\",\"potentialAction\":[{\"@type\":\"ReadAction\",\"target\":[\"https:\/\/autravail.ca\/product\/1252-pantalons-impermeables-de-hugo-strong\/\"]}]},{\"@type\":\"ImageObject\",\"inLanguage\":\"en-CA\",\"@id\":\"https:\/\/autravail.ca\/product\/1252-pantalons-impermeables-de-hugo-strong\/#primaryimage\",\"url\":\"https:\/\/autravail.ca\/wp-content\/uploads\/2025\/05\/Tonnerre_A01.jpg\",\"contentUrl\":\"https:\/\/autravail.ca\/wp-content\/uploads\/2025\/05\/Tonnerre_A01.jpg\",\"width\":800,\"height\":720},{\"@type\":\"BreadcrumbList\",\"@id\":\"https:\/\/autravail.ca\/product\/1252-pantalons-impermeables-de-hugo-strong\/#breadcrumb\",\"itemListElement\":[{\"@type\":\"ListItem\",\"position\":1,\"name\":\"Accueil\",\"item\":\"https:\/\/autravail.ca\/\"},{\"@type\":\"ListItem\",\"position\":2,\"name\":\"Magasin\",\"item\":\"https:\/\/autravail.ca\/en\/shop\/\"},{\"@type\":\"ListItem\",\"position\":3,\"name\":\"1252 &#8211; Pantalons Imperm\u00e9ables de Hugo Strong\"}]},{\"@type\":\"WebSite\",\"@id\":\"https:\/\/autravail.ca\/#website\",\"url\":\"https:\/\/autravail.ca\/\",\"name\":\"Le Magasin Industriel\",\"description\":\"50 ans de tradition de s\u00e9curit\u00e9 au travail\",\"publisher\":{\"@id\":\"https:\/\/autravail.ca\/#organization\"},\"potentialAction\":[{\"@type\":\"SearchAction\",\"target\":{\"@type\":\"EntryPoint\",\"urlTemplate\":\"https:\/\/autravail.ca\/?s={search_term_string}\"},\"query-input\":{\"@type\":\"PropertyValueSpecification\",\"valueRequired\":true,\"valueName\":\"search_term_string\"}}],\"inLanguage\":\"en-CA\"},{\"@type\":\"Organization\",\"@id\":\"https:\/\/autravail.ca\/#organization\",\"name\":\"Le Magasin Industriel\",\"url\":\"https:\/\/autravail.ca\/\",\"logo\":{\"@type\":\"ImageObject\",\"inLanguage\":\"en-CA\",\"@id\":\"https:\/\/autravail.ca\/#\/schema\/logo\/image\/\",\"url\":\"https:\/\/autravail.ca\/wp-content\/uploads\/2025\/05\/cropped-magasin_industriel_120x.avif\",\"contentUrl\":\"https:\/\/autravail.ca\/wp-content\/uploads\/2025\/05\/cropped-magasin_industriel_120x.avif\",\"width\":120,\"height\":24,\"caption\":\"Le Magasin Industriel\"},\"image\":{\"@id\":\"https:\/\/autravail.ca\/#\/schema\/logo\/image\/\"},\"sameAs\":[\"https:\/\/www.facebook.com\/lemagasinindustriel\/?locale=fr_FR\"]}]}<\/script>\n<!-- \/ Yoast SEO plugin. -->","yoast_head_json":{"title":"1252 - Pantalons Imperm\u00e9ables de Hugo Strong - Le Magasin Industriel","robots":{"index":"index","follow":"follow","max-snippet":"max-snippet:-1","max-image-preview":"max-image-preview:large","max-video-preview":"max-video-preview:-1"},"canonical":"https:\/\/autravail.ca\/en\/product\/1252-pantalons-impermeables-de-hugo-strong\/","og_locale":"en_US","og_type":"article","og_title":"1252 - Pantalons Imperm\u00e9ables de Hugo Strong - Le Magasin Industriel","og_description":"Pantalons de pluie Tonnerre Enduction de polyur\u00e9thane, PVC (360 g\/m\u00b2 \u2013 \u00e9tanche et robuste) avec \u00e9tanch\u00e9it\u00e9 5000 mm Mod\u00e8le Tonnerre de Hugo Strong num\u00e9ro 1252 Taille enti\u00e8rement \u00e9lastiqu\u00e9e avec 2 passe-mains Bbas de jambes avec zip sous patte\u00a0 Patte de resserrage Coutures thermosoud\u00e9es \u00e9tanches Manteau imperm\u00e9able vendu s\u00e9par\u00e9ment: Orage 2055","og_url":"https:\/\/autravail.ca\/en\/product\/1252-pantalons-impermeables-de-hugo-strong\/","og_site_name":"Le Magasin Industriel","article_publisher":"https:\/\/www.facebook.com\/lemagasinindustriel\/?locale=fr_FR","article_modified_time":"2025-12-05T09:10:05+00:00","og_image":[{"width":800,"height":720,"url":"https:\/\/autravail.ca\/wp-content\/uploads\/2025\/05\/Tonnerre_A01.jpg","type":"image\/jpeg"}],"twitter_card":"summary_large_image","schema":{"@context":"https:\/\/schema.org","@graph":[{"@type":"WebPage","@id":"https:\/\/autravail.ca\/product\/1252-pantalons-impermeables-de-hugo-strong\/","url":"https:\/\/autravail.ca\/product\/1252-pantalons-impermeables-de-hugo-strong\/","name":"1252 - Pantalons Imperm\u00e9ables de Hugo Strong - Le Magasin Industriel","isPartOf":{"@id":"https:\/\/autravail.ca\/#website"},"primaryImageOfPage":{"@id":"https:\/\/autravail.ca\/product\/1252-pantalons-impermeables-de-hugo-strong\/#primaryimage"},"image":{"@id":"https:\/\/autravail.ca\/product\/1252-pantalons-impermeables-de-hugo-strong\/#primaryimage"},"thumbnailUrl":"https:\/\/autravail.ca\/wp-content\/uploads\/2025\/05\/Tonnerre_A01.jpg","datePublished":"2025-05-08T07:42:50+00:00","dateModified":"2025-12-05T09:10:05+00:00","breadcrumb":{"@id":"https:\/\/autravail.ca\/product\/1252-pantalons-impermeables-de-hugo-strong\/#breadcrumb"},"inLanguage":"en-CA","potentialAction":[{"@type":"ReadAction","target":["https:\/\/autravail.ca\/product\/1252-pantalons-impermeables-de-hugo-strong\/"]}]},{"@type":"ImageObject","inLanguage":"en-CA","@id":"https:\/\/autravail.ca\/product\/1252-pantalons-impermeables-de-hugo-strong\/#primaryimage","url":"https:\/\/autravail.ca\/wp-content\/uploads\/2025\/05\/Tonnerre_A01.jpg","contentUrl":"https:\/\/autravail.ca\/wp-content\/uploads\/2025\/05\/Tonnerre_A01.jpg","width":800,"height":720},{"@type":"BreadcrumbList","@id":"https:\/\/autravail.ca\/product\/1252-pantalons-impermeables-de-hugo-strong\/#breadcrumb","itemListElement":[{"@type":"ListItem","position":1,"name":"Accueil","item":"https:\/\/autravail.ca\/"},{"@type":"ListItem","position":2,"name":"Magasin","item":"https:\/\/autravail.ca\/en\/shop\/"},{"@type":"ListItem","position":3,"name":"1252 &#8211; Pantalons Imperm\u00e9ables de Hugo Strong"}]},{"@type":"WebSite","@id":"https:\/\/autravail.ca\/#website","url":"https:\/\/autravail.ca\/","name":"Le Magasin Industriel","description":"50 ans de tradition de s\u00e9curit\u00e9 au travail","publisher":{"@id":"https:\/\/autravail.ca\/#organization"},"potentialAction":[{"@type":"SearchAction","target":{"@type":"EntryPoint","urlTemplate":"https:\/\/autravail.ca\/?s={search_term_string}"},"query-input":{"@type":"PropertyValueSpecification","valueRequired":true,"valueName":"search_term_string"}}],"inLanguage":"en-CA"},{"@type":"Organization","@id":"https:\/\/autravail.ca\/#organization","name":"Le Magasin Industriel","url":"https:\/\/autravail.ca\/","logo":{"@type":"ImageObject","inLanguage":"en-CA","@id":"https:\/\/autravail.ca\/#\/schema\/logo\/image\/","url":"https:\/\/autravail.ca\/wp-content\/uploads\/2025\/05\/cropped-magasin_industriel_120x.avif","contentUrl":"https:\/\/autravail.ca\/wp-content\/uploads\/2025\/05\/cropped-magasin_industriel_120x.avif","width":120,"height":24,"caption":"Le Magasin Industriel"},"image":{"@id":"https:\/\/autravail.ca\/#\/schema\/logo\/image\/"},"sameAs":["https:\/\/www.facebook.com\/lemagasinindustriel\/?locale=fr_FR"]}]}},"jetpack_sharing_enabled":true,"_links":{"self":[{"href":"https:\/\/autravail.ca\/en\/wp-json\/wp\/v2\/product\/35607","targetHints":{"allow":["GET"]}}],"collection":[{"href":"https:\/\/autravail.ca\/en\/wp-json\/wp\/v2\/product"}],"about":[{"href":"https:\/\/autravail.ca\/en\/wp-json\/wp\/v2\/types\/product"}],"replies":[{"embeddable":true,"href":"https:\/\/autravail.ca\/en\/wp-json\/wp\/v2\/comments?post=35607"}],"wp:featuredmedia":[{"embeddable":true,"href":"https:\/\/autravail.ca\/en\/wp-json\/wp\/v2\/media\/21166"}],"wp:attachment":[{"href":"https:\/\/autravail.ca\/en\/wp-json\/wp\/v2\/media?parent=35607"}],"wp:term":[{"taxonomy":"product_cat","embeddable":true,"href":"https:\/\/autravail.ca\/en\/wp-json\/wp\/v2\/product_cat?post=35607"},{"taxonomy":"product_tag","embeddable":true,"href":"https:\/\/autravail.ca\/en\/wp-json\/wp\/v2\/product_tag?post=35607"}],"curies":[{"name":"wp","href":"https:\/\/api.w.org\/{rel}","templated":true}]}}