{"id":35577,"date":"2025-05-08T07:42:24","date_gmt":"2025-05-08T07:42:24","guid":{"rendered":"https:\/\/meteoquebec.ca\/?post_type=product&#038;p=35577"},"modified":"2026-02-19T11:45:13","modified_gmt":"2026-02-19T15:45:13","slug":"pantalons-de-travail-ironhide-timberland","status":"publish","type":"product","link":"https:\/\/autravail.ca\/en\/product\/pantalons-de-travail-ironhide-timberland\/","title":{"rendered":"Work Pants Ironhide - Timberland"},"content":{"rendered":"<h3>Work Pants A1OYL IRONHIDE, Timberland Pro<\/h3>\n<ul>\n<li><span lang=\"fr\" class=\"Y2IQFc\">Color Navy<\/span><\/li>\n<li><span lang=\"fr\" class=\"Y2IQFc\">Modern Timberland Pro.<br \/><\/span><\/li>\n<li><span lang=\"fr\" class=\"Y2IQFc\">Technical Fabric Flex Durable and Breathable <\/span><\/li>\n<li><span lang=\"fr\" class=\"Y2IQFc\">Knee articulated with 2 hole for drainage<\/span><\/li>\n<li><span lang=\"fr\" class=\"Y2IQFc\">Pocket for money on the left and rear heel protection plate made of 1000D Cordura nylon fabric <\/span><\/li>\n<li><span lang=\"fr\" class=\"Y2IQFc\">Fits with Timberland PRO Anti-Fatigue Insertion<br \/><\/span><\/li>\n<li><span lang=\"fr\" class=\"Y2IQFc\">Thigh gusset <\/span><\/li>\n<li><span lang=\"fr\" class=\"Y2IQFc\">7 ducks of belt <\/span><\/li>\n<li><span lang=\"fr\" class=\"Y2IQFc\">Reinforced back pockets and reinforced cargo pocket with several utility pockets <\/span><\/li>\n<li><span lang=\"fr\" class=\"Y2IQFc\">Solid fabric hammer loop <\/span><\/li>\n<li><span lang=\"fr\" class=\"Y2IQFc\">Heat-sensitive logo on the front cargo pocket <\/span><\/li>\n<li><span lang=\"fr\" class=\"Y2IQFc\">Badge logo on the loop of the rear goose <\/span><\/li>\n<li><span lang=\"fr\" class=\"Y2IQFc\">Label, Logo, Flag on the front of the waist <\/span><\/li>\n<li><span lang=\"fr\" class=\"Y2IQFc\">Grip elastic<\/span><\/li>\n<\/ul>","protected":false},"excerpt":{"rendered":"<p>A1OYL IronHide Work Pants  Timberland Pro Navy color. Modern Timberland Pro cut. Durable, breathable Flex Tech fabric. Articulated knees with 2-inch drainage hole. Left coin pocket and rugged 1000D Cordura rear hem guard. Compatible with Timberland PRO Anti-Fatigue knee inserts.<\/p>","protected":false},"featured_media":21126,"comment_status":"open","ping_status":"closed","template":"","meta":[],"product_cat":[15,602,665,717,604],"product_tag":[243,347],"class_list":{"0":"post-35577","1":"product","2":"type-product","3":"status-publish","4":"has-post-thumbnail","6":"product_brand-timberland-wear","7":"product_cat-uncategorized","8":"product_cat-hommes","9":"product_cat-pantalons","10":"product_cat-timberland-pro-wear","11":"product_cat-vetements-de-travail","12":"product_tag-pantalons","13":"product_tag-timberland-wear","15":"first","16":"instock","17":"taxable","18":"shipping-taxable","19":"purchasable","20":"product-type-variable"},"yoast_head":"<!-- This site is optimized with the Yoast SEO plugin v25.3.1 - https:\/\/yoast.com\/wordpress\/plugins\/seo\/ -->\n<title>PANTALONS DE TRAVAIL IRONHIDE - TIMBERLAND - Le Magasin Industriel<\/title>\n<meta name=\"robots\" content=\"index, follow, max-snippet:-1, max-image-preview:large, max-video-preview:-1\" \/>\n<link rel=\"canonical\" href=\"https:\/\/autravail.ca\/en\/product\/pantalons-de-travail-ironhide-timberland\/\" \/>\n<meta property=\"og:locale\" content=\"en_US\" \/>\n<meta property=\"og:type\" content=\"article\" \/>\n<meta property=\"og:title\" content=\"PANTALONS DE TRAVAIL IRONHIDE - TIMBERLAND - Le Magasin Industriel\" \/>\n<meta property=\"og:description\" content=\"Pantalons de travail A1OYL IRONHIDE, Timberland Pro Couleur Marine (Navy) Coupe moderne Timberland Pro. Tissus technique Flex durable et respirante Genoux articul\u00e9 avec trou de drainage de 2\u00a0po. Poche \u00e0 monnaie \u00e0 gauche et plaque de protection de l&rsquo;ourlet arri\u00e8re en toile de nylon Cordura 1000D robuste Fit avec genouill\u00e8re Timberland PRO\u00ae Anti-Fatigue Insertion. Gousset [&hellip;]\" \/>\n<meta property=\"og:url\" content=\"https:\/\/autravail.ca\/en\/product\/pantalons-de-travail-ironhide-timberland\/\" \/>\n<meta property=\"og:site_name\" content=\"Le Magasin Industriel\" \/>\n<meta property=\"article:publisher\" content=\"https:\/\/www.facebook.com\/lemagasinindustriel\/?locale=fr_FR\" \/>\n<meta property=\"article:modified_time\" content=\"2026-02-19T15:45:13+00:00\" \/>\n<meta property=\"og:image\" content=\"https:\/\/autravail.ca\/wp-content\/uploads\/2025\/05\/Pants_A1OYL_navy_A01.jpg\" \/>\n\t<meta property=\"og:image:width\" content=\"800\" \/>\n\t<meta property=\"og:image:height\" content=\"720\" \/>\n\t<meta property=\"og:image:type\" content=\"image\/jpeg\" \/>\n<meta name=\"twitter:card\" content=\"summary_large_image\" \/>\n<meta name=\"twitter:label1\" content=\"Est. reading time\" \/>\n\t<meta name=\"twitter:data1\" content=\"1 minute\" \/>\n<script type=\"application\/ld+json\" class=\"yoast-schema-graph\">{\"@context\":\"https:\/\/schema.org\",\"@graph\":[{\"@type\":\"WebPage\",\"@id\":\"https:\/\/autravail.ca\/product\/pantalons-de-travail-ironhide-timberland\/\",\"url\":\"https:\/\/autravail.ca\/product\/pantalons-de-travail-ironhide-timberland\/\",\"name\":\"PANTALONS DE TRAVAIL IRONHIDE - TIMBERLAND - Le Magasin Industriel\",\"isPartOf\":{\"@id\":\"https:\/\/autravail.ca\/#website\"},\"primaryImageOfPage\":{\"@id\":\"https:\/\/autravail.ca\/product\/pantalons-de-travail-ironhide-timberland\/#primaryimage\"},\"image\":{\"@id\":\"https:\/\/autravail.ca\/product\/pantalons-de-travail-ironhide-timberland\/#primaryimage\"},\"thumbnailUrl\":\"https:\/\/autravail.ca\/wp-content\/uploads\/2025\/05\/Pants_A1OYL_navy_A01.jpg\",\"datePublished\":\"2025-05-08T07:42:24+00:00\",\"dateModified\":\"2026-02-19T15:45:13+00:00\",\"breadcrumb\":{\"@id\":\"https:\/\/autravail.ca\/product\/pantalons-de-travail-ironhide-timberland\/#breadcrumb\"},\"inLanguage\":\"en-CA\",\"potentialAction\":[{\"@type\":\"ReadAction\",\"target\":[\"https:\/\/autravail.ca\/product\/pantalons-de-travail-ironhide-timberland\/\"]}]},{\"@type\":\"ImageObject\",\"inLanguage\":\"en-CA\",\"@id\":\"https:\/\/autravail.ca\/product\/pantalons-de-travail-ironhide-timberland\/#primaryimage\",\"url\":\"https:\/\/autravail.ca\/wp-content\/uploads\/2025\/05\/Pants_A1OYL_navy_A01.jpg\",\"contentUrl\":\"https:\/\/autravail.ca\/wp-content\/uploads\/2025\/05\/Pants_A1OYL_navy_A01.jpg\",\"width\":800,\"height\":720},{\"@type\":\"BreadcrumbList\",\"@id\":\"https:\/\/autravail.ca\/product\/pantalons-de-travail-ironhide-timberland\/#breadcrumb\",\"itemListElement\":[{\"@type\":\"ListItem\",\"position\":1,\"name\":\"Accueil\",\"item\":\"https:\/\/autravail.ca\/\"},{\"@type\":\"ListItem\",\"position\":2,\"name\":\"Magasin\",\"item\":\"https:\/\/autravail.ca\/en\/shop\/\"},{\"@type\":\"ListItem\",\"position\":3,\"name\":\"PANTALONS DE TRAVAIL IRONHIDE &#8211; TIMBERLAND\"}]},{\"@type\":\"WebSite\",\"@id\":\"https:\/\/autravail.ca\/#website\",\"url\":\"https:\/\/autravail.ca\/\",\"name\":\"Le Magasin Industriel\",\"description\":\"50 ans de tradition de s\u00e9curit\u00e9 au travail\",\"publisher\":{\"@id\":\"https:\/\/autravail.ca\/#organization\"},\"potentialAction\":[{\"@type\":\"SearchAction\",\"target\":{\"@type\":\"EntryPoint\",\"urlTemplate\":\"https:\/\/autravail.ca\/?s={search_term_string}\"},\"query-input\":{\"@type\":\"PropertyValueSpecification\",\"valueRequired\":true,\"valueName\":\"search_term_string\"}}],\"inLanguage\":\"en-CA\"},{\"@type\":\"Organization\",\"@id\":\"https:\/\/autravail.ca\/#organization\",\"name\":\"Le Magasin Industriel\",\"url\":\"https:\/\/autravail.ca\/\",\"logo\":{\"@type\":\"ImageObject\",\"inLanguage\":\"en-CA\",\"@id\":\"https:\/\/autravail.ca\/#\/schema\/logo\/image\/\",\"url\":\"https:\/\/autravail.ca\/wp-content\/uploads\/2025\/05\/cropped-magasin_industriel_120x.avif\",\"contentUrl\":\"https:\/\/autravail.ca\/wp-content\/uploads\/2025\/05\/cropped-magasin_industriel_120x.avif\",\"width\":120,\"height\":24,\"caption\":\"Le Magasin Industriel\"},\"image\":{\"@id\":\"https:\/\/autravail.ca\/#\/schema\/logo\/image\/\"},\"sameAs\":[\"https:\/\/www.facebook.com\/lemagasinindustriel\/?locale=fr_FR\"]}]}<\/script>\n<!-- \/ Yoast SEO plugin. -->","yoast_head_json":{"title":"PANTALONS DE TRAVAIL IRONHIDE - TIMBERLAND - Le Magasin Industriel","robots":{"index":"index","follow":"follow","max-snippet":"max-snippet:-1","max-image-preview":"max-image-preview:large","max-video-preview":"max-video-preview:-1"},"canonical":"https:\/\/autravail.ca\/en\/product\/pantalons-de-travail-ironhide-timberland\/","og_locale":"en_US","og_type":"article","og_title":"PANTALONS DE TRAVAIL IRONHIDE - TIMBERLAND - Le Magasin Industriel","og_description":"Pantalons de travail A1OYL IRONHIDE, Timberland Pro Couleur Marine (Navy) Coupe moderne Timberland Pro. Tissus technique Flex durable et respirante Genoux articul\u00e9 avec trou de drainage de 2\u00a0po. Poche \u00e0 monnaie \u00e0 gauche et plaque de protection de l&rsquo;ourlet arri\u00e8re en toile de nylon Cordura 1000D robuste Fit avec genouill\u00e8re Timberland PRO\u00ae Anti-Fatigue Insertion. Gousset [&hellip;]","og_url":"https:\/\/autravail.ca\/en\/product\/pantalons-de-travail-ironhide-timberland\/","og_site_name":"Le Magasin Industriel","article_publisher":"https:\/\/www.facebook.com\/lemagasinindustriel\/?locale=fr_FR","article_modified_time":"2026-02-19T15:45:13+00:00","og_image":[{"width":800,"height":720,"url":"https:\/\/autravail.ca\/wp-content\/uploads\/2025\/05\/Pants_A1OYL_navy_A01.jpg","type":"image\/jpeg"}],"twitter_card":"summary_large_image","twitter_misc":{"Est. reading time":"1 minute"},"schema":{"@context":"https:\/\/schema.org","@graph":[{"@type":"WebPage","@id":"https:\/\/autravail.ca\/product\/pantalons-de-travail-ironhide-timberland\/","url":"https:\/\/autravail.ca\/product\/pantalons-de-travail-ironhide-timberland\/","name":"PANTALONS DE TRAVAIL IRONHIDE - TIMBERLAND - Le Magasin Industriel","isPartOf":{"@id":"https:\/\/autravail.ca\/#website"},"primaryImageOfPage":{"@id":"https:\/\/autravail.ca\/product\/pantalons-de-travail-ironhide-timberland\/#primaryimage"},"image":{"@id":"https:\/\/autravail.ca\/product\/pantalons-de-travail-ironhide-timberland\/#primaryimage"},"thumbnailUrl":"https:\/\/autravail.ca\/wp-content\/uploads\/2025\/05\/Pants_A1OYL_navy_A01.jpg","datePublished":"2025-05-08T07:42:24+00:00","dateModified":"2026-02-19T15:45:13+00:00","breadcrumb":{"@id":"https:\/\/autravail.ca\/product\/pantalons-de-travail-ironhide-timberland\/#breadcrumb"},"inLanguage":"en-CA","potentialAction":[{"@type":"ReadAction","target":["https:\/\/autravail.ca\/product\/pantalons-de-travail-ironhide-timberland\/"]}]},{"@type":"ImageObject","inLanguage":"en-CA","@id":"https:\/\/autravail.ca\/product\/pantalons-de-travail-ironhide-timberland\/#primaryimage","url":"https:\/\/autravail.ca\/wp-content\/uploads\/2025\/05\/Pants_A1OYL_navy_A01.jpg","contentUrl":"https:\/\/autravail.ca\/wp-content\/uploads\/2025\/05\/Pants_A1OYL_navy_A01.jpg","width":800,"height":720},{"@type":"BreadcrumbList","@id":"https:\/\/autravail.ca\/product\/pantalons-de-travail-ironhide-timberland\/#breadcrumb","itemListElement":[{"@type":"ListItem","position":1,"name":"Accueil","item":"https:\/\/autravail.ca\/"},{"@type":"ListItem","position":2,"name":"Magasin","item":"https:\/\/autravail.ca\/en\/shop\/"},{"@type":"ListItem","position":3,"name":"PANTALONS DE TRAVAIL IRONHIDE &#8211; TIMBERLAND"}]},{"@type":"WebSite","@id":"https:\/\/autravail.ca\/#website","url":"https:\/\/autravail.ca\/","name":"Le Magasin Industriel","description":"50 ans de tradition de s\u00e9curit\u00e9 au travail","publisher":{"@id":"https:\/\/autravail.ca\/#organization"},"potentialAction":[{"@type":"SearchAction","target":{"@type":"EntryPoint","urlTemplate":"https:\/\/autravail.ca\/?s={search_term_string}"},"query-input":{"@type":"PropertyValueSpecification","valueRequired":true,"valueName":"search_term_string"}}],"inLanguage":"en-CA"},{"@type":"Organization","@id":"https:\/\/autravail.ca\/#organization","name":"Le Magasin Industriel","url":"https:\/\/autravail.ca\/","logo":{"@type":"ImageObject","inLanguage":"en-CA","@id":"https:\/\/autravail.ca\/#\/schema\/logo\/image\/","url":"https:\/\/autravail.ca\/wp-content\/uploads\/2025\/05\/cropped-magasin_industriel_120x.avif","contentUrl":"https:\/\/autravail.ca\/wp-content\/uploads\/2025\/05\/cropped-magasin_industriel_120x.avif","width":120,"height":24,"caption":"Le Magasin Industriel"},"image":{"@id":"https:\/\/autravail.ca\/#\/schema\/logo\/image\/"},"sameAs":["https:\/\/www.facebook.com\/lemagasinindustriel\/?locale=fr_FR"]}]}},"jetpack_sharing_enabled":true,"_links":{"self":[{"href":"https:\/\/autravail.ca\/en\/wp-json\/wp\/v2\/product\/35577","targetHints":{"allow":["GET"]}}],"collection":[{"href":"https:\/\/autravail.ca\/en\/wp-json\/wp\/v2\/product"}],"about":[{"href":"https:\/\/autravail.ca\/en\/wp-json\/wp\/v2\/types\/product"}],"replies":[{"embeddable":true,"href":"https:\/\/autravail.ca\/en\/wp-json\/wp\/v2\/comments?post=35577"}],"wp:featuredmedia":[{"embeddable":true,"href":"https:\/\/autravail.ca\/en\/wp-json\/wp\/v2\/media\/21126"}],"wp:attachment":[{"href":"https:\/\/autravail.ca\/en\/wp-json\/wp\/v2\/media?parent=35577"}],"wp:term":[{"taxonomy":"product_cat","embeddable":true,"href":"https:\/\/autravail.ca\/en\/wp-json\/wp\/v2\/product_cat?post=35577"},{"taxonomy":"product_tag","embeddable":true,"href":"https:\/\/autravail.ca\/en\/wp-json\/wp\/v2\/product_tag?post=35577"}],"curies":[{"name":"wp","href":"https:\/\/api.w.org\/{rel}","templated":true}]}}