{"id":35548,"date":"2025-05-08T07:41:59","date_gmt":"2025-05-08T07:41:59","guid":{"rendered":"https:\/\/meteoquebec.ca\/?post_type=product&#038;p=35548"},"modified":"2025-12-05T05:10:06","modified_gmt":"2025-12-05T09:10:06","slug":"1783-pantalons-de-travail-cortex","status":"publish","type":"product","link":"https:\/\/autravail.ca\/en\/product\/1783-pantalons-de-travail-cortex\/","title":{"rendered":"1783 - WORK PANTS - LEATHER"},"content":{"rendered":"<h3>Work Pants Cortex - Hugo Strong<br \/>\n<\/h3>\n<ul>\n<li>Work stretch multi-pocket pants<\/li>\n<li>Composition of 68% cotton, 30% polyester, 2% elasthanne  300 g\/m\n<\/li>\n<li>Cortex Model number 1783<\/li>\n<li>Pants with knee inserts model <a href=\"https:\/\/autravail.ca\/en\/products\/28300-genouilleres-pour-pantalons-de-travail\/\" target=\"_blank\" title=\"Hugo Knees (Strong)\" rel=\"noopener noreferrer\">28300 INOX<\/a>\n<\/li>\n<li>Knee caps sold separately<\/li>\n<li>Button with nail head and zippered strap<\/li>\n<li>Adjustable belt with side buckle featuring a contrasting elastic<\/li>\n<li>Raised belt at the back<\/li>\n<li>Reinforced main pocket opening and Oxford ticket pocket<\/li>\n<li>Zippered pouch inserted into bias cut<\/li>\n<li>Key with hammer<\/li>\n<li>Knee supports (front and back)<\/li>\n<\/ul>","protected":false},"excerpt":{"rendered":"<p>CORTEX Work Pants  Hugo Strong Stretch multi-pocket work pants. Composition: 68% cotton, 30% polyester, 2% elastane  300 g\/m. Cortex model number 1783. Pants with inserts for model 28300 INOX kneepads. Kneepads sold separately. Button and zipper fly closure. Adjustable waistband with elastic tabs on sides []<\/p>","protected":false},"featured_media":21095,"comment_status":"open","ping_status":"closed","template":"","meta":[],"product_cat":[599,677,665],"product_tag":[242,243],"class_list":{"0":"post-35548","1":"product","2":"type-product","3":"status-publish","4":"has-post-thumbnail","6":"product_brand-hugo-strong","7":"product_cat-apparel-accessories","8":"product_cat-hugo-strong","9":"product_cat-pantalons","10":"product_tag-homme","11":"product_tag-pantalons","13":"first","14":"instock","15":"taxable","16":"shipping-taxable","17":"purchasable","18":"product-type-variable"},"yoast_head":"<!-- This site is optimized with the Yoast SEO plugin v25.3.1 - https:\/\/yoast.com\/wordpress\/plugins\/seo\/ -->\n<title>1783 - PANTALONS DE TRAVAIL - CORTEX - Le Magasin Industriel<\/title>\n<meta name=\"robots\" content=\"index, follow, max-snippet:-1, max-image-preview:large, max-video-preview:-1\" \/>\n<link rel=\"canonical\" href=\"https:\/\/autravail.ca\/en\/product\/1783-pantalons-de-travail-cortex\/\" \/>\n<meta property=\"og:locale\" content=\"en_US\" \/>\n<meta property=\"og:type\" content=\"article\" \/>\n<meta property=\"og:title\" content=\"1783 - PANTALONS DE TRAVAIL - CORTEX - Le Magasin Industriel\" \/>\n<meta property=\"og:description\" content=\"Pantalons de travail CORTEX &#8211; Hugo Strong Pantalons de travail stretch multipoches Composition de 68% coton, 30% polyester, 2% \u00e9lasthanne \u2013 300 g\/m\u00b2 Mod\u00e8le Cortex num\u00e9ro 1783 Pantalons avec insertions pour les genouill\u00e8res mod\u00e8le 28300 INOX Genouill\u00e8res vendues s\u00e9par\u00e9ment Fermeture bouton clou et braguette zipp\u00e9e Ceinture resserable sur les c\u00f4t\u00e9s par patte avec \u00e9lastique contrastant [&hellip;]\" \/>\n<meta property=\"og:url\" content=\"https:\/\/autravail.ca\/en\/product\/1783-pantalons-de-travail-cortex\/\" \/>\n<meta property=\"og:site_name\" content=\"Le Magasin Industriel\" \/>\n<meta property=\"article:publisher\" content=\"https:\/\/www.facebook.com\/lemagasinindustriel\/?locale=fr_FR\" \/>\n<meta property=\"article:modified_time\" content=\"2025-12-05T09:10:06+00:00\" \/>\n<meta property=\"og:image\" content=\"https:\/\/autravail.ca\/wp-content\/uploads\/2025\/05\/Cortex_work_pants_1783_A01.jpg\" \/>\n\t<meta property=\"og:image:width\" content=\"800\" \/>\n\t<meta property=\"og:image:height\" content=\"720\" \/>\n\t<meta property=\"og:image:type\" content=\"image\/jpeg\" \/>\n<meta name=\"twitter:card\" content=\"summary_large_image\" \/>\n<script type=\"application\/ld+json\" class=\"yoast-schema-graph\">{\"@context\":\"https:\/\/schema.org\",\"@graph\":[{\"@type\":\"WebPage\",\"@id\":\"https:\/\/autravail.ca\/product\/1783-pantalons-de-travail-cortex\/\",\"url\":\"https:\/\/autravail.ca\/product\/1783-pantalons-de-travail-cortex\/\",\"name\":\"1783 - PANTALONS DE TRAVAIL - CORTEX - Le Magasin Industriel\",\"isPartOf\":{\"@id\":\"https:\/\/autravail.ca\/#website\"},\"primaryImageOfPage\":{\"@id\":\"https:\/\/autravail.ca\/product\/1783-pantalons-de-travail-cortex\/#primaryimage\"},\"image\":{\"@id\":\"https:\/\/autravail.ca\/product\/1783-pantalons-de-travail-cortex\/#primaryimage\"},\"thumbnailUrl\":\"https:\/\/autravail.ca\/wp-content\/uploads\/2025\/05\/Cortex_work_pants_1783_A01.jpg\",\"datePublished\":\"2025-05-08T07:41:59+00:00\",\"dateModified\":\"2025-12-05T09:10:06+00:00\",\"breadcrumb\":{\"@id\":\"https:\/\/autravail.ca\/product\/1783-pantalons-de-travail-cortex\/#breadcrumb\"},\"inLanguage\":\"en-CA\",\"potentialAction\":[{\"@type\":\"ReadAction\",\"target\":[\"https:\/\/autravail.ca\/product\/1783-pantalons-de-travail-cortex\/\"]}]},{\"@type\":\"ImageObject\",\"inLanguage\":\"en-CA\",\"@id\":\"https:\/\/autravail.ca\/product\/1783-pantalons-de-travail-cortex\/#primaryimage\",\"url\":\"https:\/\/autravail.ca\/wp-content\/uploads\/2025\/05\/Cortex_work_pants_1783_A01.jpg\",\"contentUrl\":\"https:\/\/autravail.ca\/wp-content\/uploads\/2025\/05\/Cortex_work_pants_1783_A01.jpg\",\"width\":800,\"height\":720},{\"@type\":\"BreadcrumbList\",\"@id\":\"https:\/\/autravail.ca\/product\/1783-pantalons-de-travail-cortex\/#breadcrumb\",\"itemListElement\":[{\"@type\":\"ListItem\",\"position\":1,\"name\":\"Accueil\",\"item\":\"https:\/\/autravail.ca\/\"},{\"@type\":\"ListItem\",\"position\":2,\"name\":\"Magasin\",\"item\":\"https:\/\/autravail.ca\/en\/shop\/\"},{\"@type\":\"ListItem\",\"position\":3,\"name\":\"1783 &#8211; PANTALONS DE TRAVAIL &#8211; CORTEX\"}]},{\"@type\":\"WebSite\",\"@id\":\"https:\/\/autravail.ca\/#website\",\"url\":\"https:\/\/autravail.ca\/\",\"name\":\"Le Magasin Industriel\",\"description\":\"50 ans de tradition de s\u00e9curit\u00e9 au travail\",\"publisher\":{\"@id\":\"https:\/\/autravail.ca\/#organization\"},\"potentialAction\":[{\"@type\":\"SearchAction\",\"target\":{\"@type\":\"EntryPoint\",\"urlTemplate\":\"https:\/\/autravail.ca\/?s={search_term_string}\"},\"query-input\":{\"@type\":\"PropertyValueSpecification\",\"valueRequired\":true,\"valueName\":\"search_term_string\"}}],\"inLanguage\":\"en-CA\"},{\"@type\":\"Organization\",\"@id\":\"https:\/\/autravail.ca\/#organization\",\"name\":\"Le Magasin Industriel\",\"url\":\"https:\/\/autravail.ca\/\",\"logo\":{\"@type\":\"ImageObject\",\"inLanguage\":\"en-CA\",\"@id\":\"https:\/\/autravail.ca\/#\/schema\/logo\/image\/\",\"url\":\"https:\/\/autravail.ca\/wp-content\/uploads\/2025\/05\/cropped-magasin_industriel_120x.avif\",\"contentUrl\":\"https:\/\/autravail.ca\/wp-content\/uploads\/2025\/05\/cropped-magasin_industriel_120x.avif\",\"width\":120,\"height\":24,\"caption\":\"Le Magasin Industriel\"},\"image\":{\"@id\":\"https:\/\/autravail.ca\/#\/schema\/logo\/image\/\"},\"sameAs\":[\"https:\/\/www.facebook.com\/lemagasinindustriel\/?locale=fr_FR\"]}]}<\/script>\n<!-- \/ Yoast SEO plugin. -->","yoast_head_json":{"title":"1783 - PANTALONS DE TRAVAIL - CORTEX - Le Magasin Industriel","robots":{"index":"index","follow":"follow","max-snippet":"max-snippet:-1","max-image-preview":"max-image-preview:large","max-video-preview":"max-video-preview:-1"},"canonical":"https:\/\/autravail.ca\/en\/product\/1783-pantalons-de-travail-cortex\/","og_locale":"en_US","og_type":"article","og_title":"1783 - PANTALONS DE TRAVAIL - CORTEX - Le Magasin Industriel","og_description":"Pantalons de travail CORTEX &#8211; Hugo Strong Pantalons de travail stretch multipoches Composition de 68% coton, 30% polyester, 2% \u00e9lasthanne \u2013 300 g\/m\u00b2 Mod\u00e8le Cortex num\u00e9ro 1783 Pantalons avec insertions pour les genouill\u00e8res mod\u00e8le 28300 INOX Genouill\u00e8res vendues s\u00e9par\u00e9ment Fermeture bouton clou et braguette zipp\u00e9e Ceinture resserable sur les c\u00f4t\u00e9s par patte avec \u00e9lastique contrastant [&hellip;]","og_url":"https:\/\/autravail.ca\/en\/product\/1783-pantalons-de-travail-cortex\/","og_site_name":"Le Magasin Industriel","article_publisher":"https:\/\/www.facebook.com\/lemagasinindustriel\/?locale=fr_FR","article_modified_time":"2025-12-05T09:10:06+00:00","og_image":[{"width":800,"height":720,"url":"https:\/\/autravail.ca\/wp-content\/uploads\/2025\/05\/Cortex_work_pants_1783_A01.jpg","type":"image\/jpeg"}],"twitter_card":"summary_large_image","schema":{"@context":"https:\/\/schema.org","@graph":[{"@type":"WebPage","@id":"https:\/\/autravail.ca\/product\/1783-pantalons-de-travail-cortex\/","url":"https:\/\/autravail.ca\/product\/1783-pantalons-de-travail-cortex\/","name":"1783 - PANTALONS DE TRAVAIL - CORTEX - Le Magasin Industriel","isPartOf":{"@id":"https:\/\/autravail.ca\/#website"},"primaryImageOfPage":{"@id":"https:\/\/autravail.ca\/product\/1783-pantalons-de-travail-cortex\/#primaryimage"},"image":{"@id":"https:\/\/autravail.ca\/product\/1783-pantalons-de-travail-cortex\/#primaryimage"},"thumbnailUrl":"https:\/\/autravail.ca\/wp-content\/uploads\/2025\/05\/Cortex_work_pants_1783_A01.jpg","datePublished":"2025-05-08T07:41:59+00:00","dateModified":"2025-12-05T09:10:06+00:00","breadcrumb":{"@id":"https:\/\/autravail.ca\/product\/1783-pantalons-de-travail-cortex\/#breadcrumb"},"inLanguage":"en-CA","potentialAction":[{"@type":"ReadAction","target":["https:\/\/autravail.ca\/product\/1783-pantalons-de-travail-cortex\/"]}]},{"@type":"ImageObject","inLanguage":"en-CA","@id":"https:\/\/autravail.ca\/product\/1783-pantalons-de-travail-cortex\/#primaryimage","url":"https:\/\/autravail.ca\/wp-content\/uploads\/2025\/05\/Cortex_work_pants_1783_A01.jpg","contentUrl":"https:\/\/autravail.ca\/wp-content\/uploads\/2025\/05\/Cortex_work_pants_1783_A01.jpg","width":800,"height":720},{"@type":"BreadcrumbList","@id":"https:\/\/autravail.ca\/product\/1783-pantalons-de-travail-cortex\/#breadcrumb","itemListElement":[{"@type":"ListItem","position":1,"name":"Accueil","item":"https:\/\/autravail.ca\/"},{"@type":"ListItem","position":2,"name":"Magasin","item":"https:\/\/autravail.ca\/en\/shop\/"},{"@type":"ListItem","position":3,"name":"1783 &#8211; PANTALONS DE TRAVAIL &#8211; CORTEX"}]},{"@type":"WebSite","@id":"https:\/\/autravail.ca\/#website","url":"https:\/\/autravail.ca\/","name":"Le Magasin Industriel","description":"50 ans de tradition de s\u00e9curit\u00e9 au travail","publisher":{"@id":"https:\/\/autravail.ca\/#organization"},"potentialAction":[{"@type":"SearchAction","target":{"@type":"EntryPoint","urlTemplate":"https:\/\/autravail.ca\/?s={search_term_string}"},"query-input":{"@type":"PropertyValueSpecification","valueRequired":true,"valueName":"search_term_string"}}],"inLanguage":"en-CA"},{"@type":"Organization","@id":"https:\/\/autravail.ca\/#organization","name":"Le Magasin Industriel","url":"https:\/\/autravail.ca\/","logo":{"@type":"ImageObject","inLanguage":"en-CA","@id":"https:\/\/autravail.ca\/#\/schema\/logo\/image\/","url":"https:\/\/autravail.ca\/wp-content\/uploads\/2025\/05\/cropped-magasin_industriel_120x.avif","contentUrl":"https:\/\/autravail.ca\/wp-content\/uploads\/2025\/05\/cropped-magasin_industriel_120x.avif","width":120,"height":24,"caption":"Le Magasin Industriel"},"image":{"@id":"https:\/\/autravail.ca\/#\/schema\/logo\/image\/"},"sameAs":["https:\/\/www.facebook.com\/lemagasinindustriel\/?locale=fr_FR"]}]}},"jetpack_sharing_enabled":true,"_links":{"self":[{"href":"https:\/\/autravail.ca\/en\/wp-json\/wp\/v2\/product\/35548","targetHints":{"allow":["GET"]}}],"collection":[{"href":"https:\/\/autravail.ca\/en\/wp-json\/wp\/v2\/product"}],"about":[{"href":"https:\/\/autravail.ca\/en\/wp-json\/wp\/v2\/types\/product"}],"replies":[{"embeddable":true,"href":"https:\/\/autravail.ca\/en\/wp-json\/wp\/v2\/comments?post=35548"}],"wp:featuredmedia":[{"embeddable":true,"href":"https:\/\/autravail.ca\/en\/wp-json\/wp\/v2\/media\/21095"}],"wp:attachment":[{"href":"https:\/\/autravail.ca\/en\/wp-json\/wp\/v2\/media?parent=35548"}],"wp:term":[{"taxonomy":"product_cat","embeddable":true,"href":"https:\/\/autravail.ca\/en\/wp-json\/wp\/v2\/product_cat?post=35548"},{"taxonomy":"product_tag","embeddable":true,"href":"https:\/\/autravail.ca\/en\/wp-json\/wp\/v2\/product_tag?post=35548"}],"curies":[{"name":"wp","href":"https:\/\/api.w.org\/{rel}","templated":true}]}}