{"id":35517,"date":"2025-05-08T07:41:35","date_gmt":"2025-05-08T07:41:35","guid":{"rendered":"https:\/\/meteoquebec.ca\/?post_type=product&#038;p=35517"},"modified":"2025-12-05T05:10:06","modified_gmt":"2025-12-05T09:10:06","slug":"p725308-espadrille-de-travail-streamline-caterpillar","status":"publish","type":"product","link":"https:\/\/autravail.ca\/en\/product\/p725308-espadrille-de-travail-streamline-caterpillar\/","title":{"rendered":"P725308 - STREAMLINE WORK sneakers, CATERPILLAR"},"content":{"rendered":"<p>Safety sneakers, Streamline 2.0 - Caterpillar<\/p>\n<p>When all you know is overalls, you need work shoes that keep their promises. The CSA Streamline 2.0 Composite Toe Work Shoe transitions easily from active work to after-work, with an athletic style that matches your pace. The full-grain leather shaft combined with a composite toe offers protection, while the durable rubber outsole provides traction on all surfaces. And if work lasts long, its technical innersoles and breathable lining offer all-day comfort. This shoe is versatile, everyday wear.<br \/>Main characteristics:<br \/>Composite non-metallic toe protecting against impacts or compression (CAN\/CSA Z195-14)<br \/>Comfort designed to keep you energized all day<br \/>Lightweight and Athletic<br \/>Exterior sole in rubber for adhesion on all surfaces<br \/>Full bloom leather tube for protection and durability<br \/>Construction Strobel for flexibility<br \/>Sock liner made of soft and breathable nylon mesh with control of probiotic odors using CLEANSPORT NXT<br \/>The external outsole with antislip rubber SRX is resistant to wear, resists oil and water, and offers the best traction of its category on slippery surfaces.<br \/>Resistant shock protection under normal use and wear conditions (CAN\/CSA Z195-14)<\/p>","protected":false},"excerpt":{"rendered":"<p>Espadrille de s\u00e9curit\u00e9, Streamline 2.0 &#8211; Caterpillar Quand tout ce que vous savez est tout-en-un, vous avez besoin de chaussures qui tiennent leurs promesses. La chaussure de travail CSA Streamline 2.0 \u00e0 bout composite en cuir passe facilement du travail actif \u00e0 l&rsquo;apr\u00e8s-travail, avec un style athl\u00e9tique qui correspond \u00e0 votre vitesse. La tige en [&hellip;]<\/p>","protected":false},"featured_media":21032,"comment_status":"open","ping_status":"closed","template":"","meta":[],"product_cat":[645,602],"product_tag":[252,270,242,253],"class_list":{"0":"post-35517","1":"product","2":"type-product","3":"status-publish","4":"has-post-thumbnail","6":"product_brand-caterpillar","7":"product_cat-espadrilles-de-travail","8":"product_cat-hommes","9":"product_tag-electric-shock-resistant","10":"product_tag-espadrilles-de-travail","11":"product_tag-homme","12":"product_tag-sole-protection","14":"first","15":"instock","16":"taxable","17":"shipping-taxable","18":"purchasable","19":"product-type-variable"},"yoast_head":"<!-- This site is optimized with the Yoast SEO plugin v25.3.1 - https:\/\/yoast.com\/wordpress\/plugins\/seo\/ -->\n<title>P725308 - ESPADRILLE DE TRAVAIL, STREAMLINE - CATERPILLAR - Le Magasin Industriel<\/title>\n<meta name=\"robots\" content=\"index, follow, max-snippet:-1, max-image-preview:large, max-video-preview:-1\" \/>\n<link rel=\"canonical\" href=\"https:\/\/autravail.ca\/en\/product\/p725308-espadrille-de-travail-streamline-caterpillar\/\" \/>\n<meta property=\"og:locale\" content=\"en_US\" \/>\n<meta property=\"og:type\" content=\"article\" \/>\n<meta property=\"og:title\" content=\"P725308 - ESPADRILLE DE TRAVAIL, STREAMLINE - CATERPILLAR - Le Magasin Industriel\" \/>\n<meta property=\"og:description\" content=\"Espadrille de s\u00e9curit\u00e9, Streamline 2.0 &#8211; Caterpillar Quand tout ce que vous savez est tout-en-un, vous avez besoin de chaussures qui tiennent leurs promesses. La chaussure de travail CSA Streamline 2.0 \u00e0 bout composite en cuir passe facilement du travail actif \u00e0 l&rsquo;apr\u00e8s-travail, avec un style athl\u00e9tique qui correspond \u00e0 votre vitesse. La tige en [&hellip;]\" \/>\n<meta property=\"og:url\" content=\"https:\/\/autravail.ca\/en\/product\/p725308-espadrille-de-travail-streamline-caterpillar\/\" \/>\n<meta property=\"og:site_name\" content=\"Le Magasin Industriel\" \/>\n<meta property=\"article:publisher\" content=\"https:\/\/www.facebook.com\/lemagasinindustriel\/?locale=fr_FR\" \/>\n<meta property=\"article:modified_time\" content=\"2025-12-05T09:10:06+00:00\" \/>\n<meta property=\"og:image\" content=\"https:\/\/autravail.ca\/wp-content\/uploads\/2025\/05\/P725308_A01_3186f3ad-6b55-48f8-9820-652ac3bbacd9.jpg\" \/>\n\t<meta property=\"og:image:width\" content=\"1000\" \/>\n\t<meta property=\"og:image:height\" content=\"1000\" \/>\n\t<meta property=\"og:image:type\" content=\"image\/jpeg\" \/>\n<meta name=\"twitter:card\" content=\"summary_large_image\" \/>\n<meta name=\"twitter:label1\" content=\"Est. reading time\" \/>\n\t<meta name=\"twitter:data1\" content=\"1 minute\" \/>\n<script type=\"application\/ld+json\" class=\"yoast-schema-graph\">{\"@context\":\"https:\/\/schema.org\",\"@graph\":[{\"@type\":\"WebPage\",\"@id\":\"https:\/\/autravail.ca\/product\/p725308-espadrille-de-travail-streamline-caterpillar\/\",\"url\":\"https:\/\/autravail.ca\/product\/p725308-espadrille-de-travail-streamline-caterpillar\/\",\"name\":\"P725308 - ESPADRILLE DE TRAVAIL, STREAMLINE - CATERPILLAR - Le Magasin Industriel\",\"isPartOf\":{\"@id\":\"https:\/\/autravail.ca\/#website\"},\"primaryImageOfPage\":{\"@id\":\"https:\/\/autravail.ca\/product\/p725308-espadrille-de-travail-streamline-caterpillar\/#primaryimage\"},\"image\":{\"@id\":\"https:\/\/autravail.ca\/product\/p725308-espadrille-de-travail-streamline-caterpillar\/#primaryimage\"},\"thumbnailUrl\":\"https:\/\/autravail.ca\/wp-content\/uploads\/2025\/05\/P725308_A01_3186f3ad-6b55-48f8-9820-652ac3bbacd9.jpg\",\"datePublished\":\"2025-05-08T07:41:35+00:00\",\"dateModified\":\"2025-12-05T09:10:06+00:00\",\"breadcrumb\":{\"@id\":\"https:\/\/autravail.ca\/product\/p725308-espadrille-de-travail-streamline-caterpillar\/#breadcrumb\"},\"inLanguage\":\"en-CA\",\"potentialAction\":[{\"@type\":\"ReadAction\",\"target\":[\"https:\/\/autravail.ca\/product\/p725308-espadrille-de-travail-streamline-caterpillar\/\"]}]},{\"@type\":\"ImageObject\",\"inLanguage\":\"en-CA\",\"@id\":\"https:\/\/autravail.ca\/product\/p725308-espadrille-de-travail-streamline-caterpillar\/#primaryimage\",\"url\":\"https:\/\/autravail.ca\/wp-content\/uploads\/2025\/05\/P725308_A01_3186f3ad-6b55-48f8-9820-652ac3bbacd9.jpg\",\"contentUrl\":\"https:\/\/autravail.ca\/wp-content\/uploads\/2025\/05\/P725308_A01_3186f3ad-6b55-48f8-9820-652ac3bbacd9.jpg\",\"width\":1000,\"height\":1000},{\"@type\":\"BreadcrumbList\",\"@id\":\"https:\/\/autravail.ca\/product\/p725308-espadrille-de-travail-streamline-caterpillar\/#breadcrumb\",\"itemListElement\":[{\"@type\":\"ListItem\",\"position\":1,\"name\":\"Accueil\",\"item\":\"https:\/\/autravail.ca\/\"},{\"@type\":\"ListItem\",\"position\":2,\"name\":\"Magasin\",\"item\":\"https:\/\/autravail.ca\/en\/shop\/\"},{\"@type\":\"ListItem\",\"position\":3,\"name\":\"P725308 &#8211; ESPADRILLE DE TRAVAIL, STREAMLINE &#8211; CATERPILLAR\"}]},{\"@type\":\"WebSite\",\"@id\":\"https:\/\/autravail.ca\/#website\",\"url\":\"https:\/\/autravail.ca\/\",\"name\":\"Le Magasin Industriel\",\"description\":\"50 ans de tradition de s\u00e9curit\u00e9 au travail\",\"publisher\":{\"@id\":\"https:\/\/autravail.ca\/#organization\"},\"potentialAction\":[{\"@type\":\"SearchAction\",\"target\":{\"@type\":\"EntryPoint\",\"urlTemplate\":\"https:\/\/autravail.ca\/?s={search_term_string}\"},\"query-input\":{\"@type\":\"PropertyValueSpecification\",\"valueRequired\":true,\"valueName\":\"search_term_string\"}}],\"inLanguage\":\"en-CA\"},{\"@type\":\"Organization\",\"@id\":\"https:\/\/autravail.ca\/#organization\",\"name\":\"Le Magasin Industriel\",\"url\":\"https:\/\/autravail.ca\/\",\"logo\":{\"@type\":\"ImageObject\",\"inLanguage\":\"en-CA\",\"@id\":\"https:\/\/autravail.ca\/#\/schema\/logo\/image\/\",\"url\":\"https:\/\/autravail.ca\/wp-content\/uploads\/2025\/05\/cropped-magasin_industriel_120x.avif\",\"contentUrl\":\"https:\/\/autravail.ca\/wp-content\/uploads\/2025\/05\/cropped-magasin_industriel_120x.avif\",\"width\":120,\"height\":24,\"caption\":\"Le Magasin Industriel\"},\"image\":{\"@id\":\"https:\/\/autravail.ca\/#\/schema\/logo\/image\/\"},\"sameAs\":[\"https:\/\/www.facebook.com\/lemagasinindustriel\/?locale=fr_FR\"]}]}<\/script>\n<!-- \/ Yoast SEO plugin. -->","yoast_head_json":{"title":"P725308 - ESPADRILLE DE TRAVAIL, STREAMLINE - CATERPILLAR - Le Magasin Industriel","robots":{"index":"index","follow":"follow","max-snippet":"max-snippet:-1","max-image-preview":"max-image-preview:large","max-video-preview":"max-video-preview:-1"},"canonical":"https:\/\/autravail.ca\/en\/product\/p725308-espadrille-de-travail-streamline-caterpillar\/","og_locale":"en_US","og_type":"article","og_title":"P725308 - ESPADRILLE DE TRAVAIL, STREAMLINE - CATERPILLAR - Le Magasin Industriel","og_description":"Espadrille de s\u00e9curit\u00e9, Streamline 2.0 &#8211; Caterpillar Quand tout ce que vous savez est tout-en-un, vous avez besoin de chaussures qui tiennent leurs promesses. La chaussure de travail CSA Streamline 2.0 \u00e0 bout composite en cuir passe facilement du travail actif \u00e0 l&rsquo;apr\u00e8s-travail, avec un style athl\u00e9tique qui correspond \u00e0 votre vitesse. La tige en [&hellip;]","og_url":"https:\/\/autravail.ca\/en\/product\/p725308-espadrille-de-travail-streamline-caterpillar\/","og_site_name":"Le Magasin Industriel","article_publisher":"https:\/\/www.facebook.com\/lemagasinindustriel\/?locale=fr_FR","article_modified_time":"2025-12-05T09:10:06+00:00","og_image":[{"width":1000,"height":1000,"url":"https:\/\/autravail.ca\/wp-content\/uploads\/2025\/05\/P725308_A01_3186f3ad-6b55-48f8-9820-652ac3bbacd9.jpg","type":"image\/jpeg"}],"twitter_card":"summary_large_image","twitter_misc":{"Est. reading time":"1 minute"},"schema":{"@context":"https:\/\/schema.org","@graph":[{"@type":"WebPage","@id":"https:\/\/autravail.ca\/product\/p725308-espadrille-de-travail-streamline-caterpillar\/","url":"https:\/\/autravail.ca\/product\/p725308-espadrille-de-travail-streamline-caterpillar\/","name":"P725308 - ESPADRILLE DE TRAVAIL, STREAMLINE - CATERPILLAR - Le Magasin Industriel","isPartOf":{"@id":"https:\/\/autravail.ca\/#website"},"primaryImageOfPage":{"@id":"https:\/\/autravail.ca\/product\/p725308-espadrille-de-travail-streamline-caterpillar\/#primaryimage"},"image":{"@id":"https:\/\/autravail.ca\/product\/p725308-espadrille-de-travail-streamline-caterpillar\/#primaryimage"},"thumbnailUrl":"https:\/\/autravail.ca\/wp-content\/uploads\/2025\/05\/P725308_A01_3186f3ad-6b55-48f8-9820-652ac3bbacd9.jpg","datePublished":"2025-05-08T07:41:35+00:00","dateModified":"2025-12-05T09:10:06+00:00","breadcrumb":{"@id":"https:\/\/autravail.ca\/product\/p725308-espadrille-de-travail-streamline-caterpillar\/#breadcrumb"},"inLanguage":"en-CA","potentialAction":[{"@type":"ReadAction","target":["https:\/\/autravail.ca\/product\/p725308-espadrille-de-travail-streamline-caterpillar\/"]}]},{"@type":"ImageObject","inLanguage":"en-CA","@id":"https:\/\/autravail.ca\/product\/p725308-espadrille-de-travail-streamline-caterpillar\/#primaryimage","url":"https:\/\/autravail.ca\/wp-content\/uploads\/2025\/05\/P725308_A01_3186f3ad-6b55-48f8-9820-652ac3bbacd9.jpg","contentUrl":"https:\/\/autravail.ca\/wp-content\/uploads\/2025\/05\/P725308_A01_3186f3ad-6b55-48f8-9820-652ac3bbacd9.jpg","width":1000,"height":1000},{"@type":"BreadcrumbList","@id":"https:\/\/autravail.ca\/product\/p725308-espadrille-de-travail-streamline-caterpillar\/#breadcrumb","itemListElement":[{"@type":"ListItem","position":1,"name":"Accueil","item":"https:\/\/autravail.ca\/"},{"@type":"ListItem","position":2,"name":"Magasin","item":"https:\/\/autravail.ca\/en\/shop\/"},{"@type":"ListItem","position":3,"name":"P725308 &#8211; ESPADRILLE DE TRAVAIL, STREAMLINE &#8211; CATERPILLAR"}]},{"@type":"WebSite","@id":"https:\/\/autravail.ca\/#website","url":"https:\/\/autravail.ca\/","name":"Le Magasin Industriel","description":"50 ans de tradition de s\u00e9curit\u00e9 au travail","publisher":{"@id":"https:\/\/autravail.ca\/#organization"},"potentialAction":[{"@type":"SearchAction","target":{"@type":"EntryPoint","urlTemplate":"https:\/\/autravail.ca\/?s={search_term_string}"},"query-input":{"@type":"PropertyValueSpecification","valueRequired":true,"valueName":"search_term_string"}}],"inLanguage":"en-CA"},{"@type":"Organization","@id":"https:\/\/autravail.ca\/#organization","name":"Le Magasin Industriel","url":"https:\/\/autravail.ca\/","logo":{"@type":"ImageObject","inLanguage":"en-CA","@id":"https:\/\/autravail.ca\/#\/schema\/logo\/image\/","url":"https:\/\/autravail.ca\/wp-content\/uploads\/2025\/05\/cropped-magasin_industriel_120x.avif","contentUrl":"https:\/\/autravail.ca\/wp-content\/uploads\/2025\/05\/cropped-magasin_industriel_120x.avif","width":120,"height":24,"caption":"Le Magasin Industriel"},"image":{"@id":"https:\/\/autravail.ca\/#\/schema\/logo\/image\/"},"sameAs":["https:\/\/www.facebook.com\/lemagasinindustriel\/?locale=fr_FR"]}]}},"jetpack_sharing_enabled":true,"_links":{"self":[{"href":"https:\/\/autravail.ca\/en\/wp-json\/wp\/v2\/product\/35517","targetHints":{"allow":["GET"]}}],"collection":[{"href":"https:\/\/autravail.ca\/en\/wp-json\/wp\/v2\/product"}],"about":[{"href":"https:\/\/autravail.ca\/en\/wp-json\/wp\/v2\/types\/product"}],"replies":[{"embeddable":true,"href":"https:\/\/autravail.ca\/en\/wp-json\/wp\/v2\/comments?post=35517"}],"wp:featuredmedia":[{"embeddable":true,"href":"https:\/\/autravail.ca\/en\/wp-json\/wp\/v2\/media\/21032"}],"wp:attachment":[{"href":"https:\/\/autravail.ca\/en\/wp-json\/wp\/v2\/media?parent=35517"}],"wp:term":[{"taxonomy":"product_cat","embeddable":true,"href":"https:\/\/autravail.ca\/en\/wp-json\/wp\/v2\/product_cat?post=35517"},{"taxonomy":"product_tag","embeddable":true,"href":"https:\/\/autravail.ca\/en\/wp-json\/wp\/v2\/product_tag?post=35517"}],"curies":[{"name":"wp","href":"https:\/\/api.w.org\/{rel}","templated":true}]}}