{"id":35402,"date":"2025-05-08T07:40:07","date_gmt":"2025-05-08T07:40:07","guid":{"rendered":"https:\/\/meteoquebec.ca\/?post_type=product&#038;p=35402"},"modified":"2026-03-06T17:00:18","modified_gmt":"2026-03-06T21:00:18","slug":"botte-de-travail-p722535","status":"publish","type":"product","link":"https:\/\/autravail.ca\/en\/product\/botte-de-travail-p722535\/","title":{"rendered":"Botte de travail &#8211; P722535"},"content":{"rendered":"<h3>Botte de travail &#8211; P722535<\/h3>\n<p>Botte de travail &#8211; P722535 Threshold<strong class=\"Yjhzub\" data-sfc-cb=\"\" data-complete=\"true\" data-processed=\"true\" aria-owns=\"action-menu-parent-container\">\u00a0<\/strong>For <a href=\"https:\/\/autravail.ca\/en\/product-brand\/caterpillar\/\">Caterpillar<\/a>\u00a0 est une botte polyvalente id\u00e9ale pour les projets et les chantiers difficiles. Elle offre une r\u00e9sistance au glissement, une protection contre les risques \u00e9lectriques et un confort optimal.<\/p>\n<p><img decoding=\"async\" class=\"alignnone size-full wp-image-40117\" src=\"https:\/\/autravail.ca\/wp-content\/uploads\/2025\/09\/Certification-Omega-Triangle-vert.jpg\" alt=\"Certifications Om\u00e9ga Triangle vert\" width=\"193\" height=\"110\" srcset=\"https:\/\/autravail.ca\/wp-content\/uploads\/2025\/09\/Certification-Omega-Triangle-vert.jpg 193w, https:\/\/autravail.ca\/wp-content\/uploads\/2025\/09\/Certification-Omega-Triangle-vert-150x85.jpg 150w, https:\/\/autravail.ca\/wp-content\/uploads\/2025\/09\/Certification-Omega-Triangle-vert-18x10.jpg 18w\" sizes=\"(max-width: 193px) 100vw, 193px\" \/><\/p>\n<h6>Characteristics:<\/h6>\n<div class=\"Fsg96\" data-sfc-cp=\"\" data-sfc-cb=\"\" data-complete=\"true\" data-processed=\"true\"><\/div>\n<ul>\n<li><span dir=\"auto\">\u2022 Semelle ext\u00e9rieure antid\u00e9rapante pour une adh\u00e9rence optimale sur les surfaces glissantes<\/span><br \/>\n<span dir=\"auto\">\u2022 Imperm\u00e9abilit\u00e9 garantie gr\u00e2ce \u00e0 des coutures \u00e9tanches<\/span><br \/>\n<span dir=\"auto\">\u2022 Tige en cuir pleine fleur de qualit\u00e9 sup\u00e9rieure : durable, protectrice et r\u00e9sistante \u00e0 l&rsquo;abrasion<\/span><\/li>\n<li>Embout d&rsquo;acier certifi\u00e9 <strong class=\"Yjhzub\" data-sfc-cb=\"\" data-complete=\"true\">ASTM F2413-18<\/strong>, il offre une protection maximale contre les impacts et la compression.<\/li>\n<li class=\"dF3vjf\" data-sfc-cb=\"\" data-hveid=\"CAEIBhAC\" data-complete=\"true\" data-sae=\"\"><span class=\"T286Pc\" data-sfc-cp=\"\" data-sfc-cb=\"\" data-complete=\"true\"><strong class=\"Yjhzub\" data-sfc-cb=\"\" data-complete=\"true\">S<\/strong>emelle ext\u00e9rieure en caoutchouc de qualit\u00e9 sup\u00e9rieure d\u00e9passe les normes de l&rsquo;industrie pour l&rsquo;adh\u00e9rence sur les surfaces huileuses et mouill\u00e9es, un \u00e9l\u00e9ment cl\u00e9 de l&rsquo;ADN Caterpillar.<\/span><button class=\"rBl3me\" tabindex=\"0\" data-amic=\"true\" data-icl-uuid=\"65abcab7-c30b-442a-9a2e-c96e5d25cf7e\" aria-label=\"Afficher les liens associ\u00e9s\" data-wiz-attrbind=\"disabled=eqtJi_1j\/C5gNJc;aria-label=eqtJi_1j\/bOjMyf;class=eqtJi_1j\/UpSNec\" data-ved=\"2ahUKEwjiu5nbk4yTAxUNFlkFHWhGHykQye0OegYIAQgGEAM\" data-hveid=\"CAEIBhAD\"><\/button><\/li>\n<\/ul>\n<h6 class=\"otQkpb\" role=\"heading\" aria-level=\"3\" data-complete=\"true\" data-processed=\"true\">Confort Moderne<\/h6>\n<div class=\"Y3BBE\" data-sfc-cp=\"\" data-sfc-cb=\"\" data-hveid=\"CAEICBAA\" data-complete=\"true\" data-processed=\"true\">L&rsquo;Invader int\u00e8gre une doublure en maille de nylon respirante qui aide \u00e0 r\u00e9guler la temp\u00e9rature du pied durant l&rsquo;effort. La\u00a0<strong class=\"Yjhzub\" data-sfc-cb=\"\" data-complete=\"true\" data-processed=\"true\">semelle int\u00e9rieure Ease<\/strong>, comme mentionn\u00e9 dans votre s\u00e9lection, joue ici un r\u00f4le crucial : elle est 40 % plus l\u00e9g\u00e8re et 30 % plus r\u00e9siliente que l&rsquo;EVA standard, offrant un\u00a0<strong class=\"Yjhzub\" data-sfc-cb=\"\" data-complete=\"true\" data-processed=\"true\">rebond exceptionnel<\/strong> qui absorbe les chocs \u00e0 chaque pas.<\/div>\n<div class=\"Y3BBE\" data-sfc-cp=\"\" data-sfc-cb=\"\" data-hveid=\"CAEICRAA\" data-complete=\"true\" data-processed=\"true\" aria-owns=\"action-menu-parent-container\">Enfin, sa construction\u00a0<strong class=\"Yjhzub\" data-sfc-cb=\"\" data-complete=\"true\" data-processed=\"true\">Strobel<\/strong>\u00a0(technique de couture flexible) garantit une grande libert\u00e9 de mouvement, faisant de la P722535 un choix privil\u00e9gi\u00e9 pour ceux qui exigent la protection d&rsquo;une botte de travail sans le poids oppressant des mod\u00e8les traditionnels.<\/div>\n<div data-sfc-cp=\"\" data-sfc-cb=\"\" data-hveid=\"CAEICRAA\" data-complete=\"true\" data-processed=\"true\" aria-owns=\"action-menu-parent-container\"><\/div>\n<p><em><span style=\"color: #fa0b0b;\">Unisex U.S. men's sizes presented. To convert to U.S. women's size, add 2 sizes. Example: 5 U.S. men = 7 U.S. women<\/span><\/em><\/p>\n<p><img decoding=\"async\" class=\"alignnone wp-image-40620\" src=\"https:\/\/autravail.ca\/wp-content\/uploads\/2025\/09\/Jachete-quebec-et-canada.jpg\" alt=\"Logo de l'achat local\" width=\"162\" height=\"139\" \/>Merci d&rsquo;encourager une entreprise 100% d&rsquo;ici!<\/p>\n<p>TS2603H<\/p>","protected":false},"excerpt":{"rendered":"<p>Botte de travail &#8211; P722535 Botte de travail &#8211; P722535 Threshold\u00a0de Caterpillar\u00a0 est une botte polyvalente id\u00e9ale pour les projets et les chantiers difficiles. Elle offre une r\u00e9sistance au glissement, une protection contre les risques \u00e9lectriques et un confort optimal. Caract\u00e9ristiques: \u2022 Semelle ext\u00e9rieure antid\u00e9rapante pour une adh\u00e9rence optimale sur les surfaces glissantes \u2022 Imperm\u00e9abilit\u00e9 [&hellip;]<\/p>","protected":false},"featured_media":20889,"comment_status":"open","ping_status":"closed","template":"","meta":[],"product_cat":[621,602],"product_tag":[260,252,242,253],"class_list":{"0":"post-35402","1":"product","2":"type-product","3":"status-publish","4":"has-post-thumbnail","6":"product_brand-caterpillar","7":"product_cat-bottes-de-travail-6","8":"product_cat-hommes","9":"product_tag-bottillons-de-travail","10":"product_tag-electric-shock-resistant","11":"product_tag-homme","12":"product_tag-sole-protection","14":"first","15":"instock","16":"taxable","17":"shipping-taxable","18":"purchasable","19":"product-type-variable"},"yoast_head":"<!-- This site is optimized with the Yoast SEO plugin v25.3.1 - https:\/\/yoast.com\/wordpress\/plugins\/seo\/ -->\n<title>Botte de travail - P722535 - Le Magasin Industriel<\/title>\n<meta name=\"description\" content=\"Botte de travail - P722535 fusionnant l&#039;esth\u00e9tique robuste d&#039;une machine de chantier avec le confort agile d&#039;une basket de style \u00ab chunky \u00bb\" \/>\n<meta name=\"robots\" content=\"index, follow, max-snippet:-1, max-image-preview:large, max-video-preview:-1\" \/>\n<link rel=\"canonical\" href=\"https:\/\/autravail.ca\/en\/product\/botte-de-travail-p722535\/\" \/>\n<meta property=\"og:locale\" content=\"en_US\" \/>\n<meta property=\"og:type\" content=\"article\" \/>\n<meta property=\"og:title\" content=\"Botte de travail - P722535 - Le Magasin Industriel\" \/>\n<meta property=\"og:description\" content=\"Botte de travail - P722535 fusionnant l&#039;esth\u00e9tique robuste d&#039;une machine de chantier avec le confort agile d&#039;une basket de style \u00ab chunky \u00bb\" \/>\n<meta property=\"og:url\" content=\"https:\/\/autravail.ca\/en\/product\/botte-de-travail-p722535\/\" \/>\n<meta property=\"og:site_name\" content=\"Le Magasin Industriel\" \/>\n<meta property=\"article:publisher\" content=\"https:\/\/www.facebook.com\/lemagasinindustriel\/?locale=fr_FR\" \/>\n<meta property=\"article:modified_time\" content=\"2026-03-06T21:00:18+00:00\" \/>\n<meta property=\"og:image\" content=\"https:\/\/autravail.ca\/wp-content\/uploads\/2025\/05\/P722535_A01.jpg\" \/>\n\t<meta property=\"og:image:width\" content=\"1000\" \/>\n\t<meta property=\"og:image:height\" content=\"1000\" \/>\n\t<meta property=\"og:image:type\" content=\"image\/jpeg\" \/>\n<meta name=\"twitter:card\" content=\"summary_large_image\" \/>\n<meta name=\"twitter:label1\" content=\"Est. reading time\" \/>\n\t<meta name=\"twitter:data1\" content=\"2 minutes\" \/>\n<script type=\"application\/ld+json\" class=\"yoast-schema-graph\">{\"@context\":\"https:\/\/schema.org\",\"@graph\":[{\"@type\":\"WebPage\",\"@id\":\"https:\/\/autravail.ca\/product\/botte-de-travail-p722535\/\",\"url\":\"https:\/\/autravail.ca\/product\/botte-de-travail-p722535\/\",\"name\":\"Botte de travail - P722535 - Le Magasin Industriel\",\"isPartOf\":{\"@id\":\"https:\/\/autravail.ca\/#website\"},\"primaryImageOfPage\":{\"@id\":\"https:\/\/autravail.ca\/product\/botte-de-travail-p722535\/#primaryimage\"},\"image\":{\"@id\":\"https:\/\/autravail.ca\/product\/botte-de-travail-p722535\/#primaryimage\"},\"thumbnailUrl\":\"https:\/\/autravail.ca\/wp-content\/uploads\/2025\/05\/P722535_A01.jpg\",\"datePublished\":\"2025-05-08T07:40:07+00:00\",\"dateModified\":\"2026-03-06T21:00:18+00:00\",\"description\":\"Botte de travail - P722535 fusionnant l'esth\u00e9tique robuste d'une machine de chantier avec le confort agile d'une basket de style \u00ab chunky \u00bb\",\"breadcrumb\":{\"@id\":\"https:\/\/autravail.ca\/product\/botte-de-travail-p722535\/#breadcrumb\"},\"inLanguage\":\"en-CA\",\"potentialAction\":[{\"@type\":\"ReadAction\",\"target\":[\"https:\/\/autravail.ca\/product\/botte-de-travail-p722535\/\"]}]},{\"@type\":\"ImageObject\",\"inLanguage\":\"en-CA\",\"@id\":\"https:\/\/autravail.ca\/product\/botte-de-travail-p722535\/#primaryimage\",\"url\":\"https:\/\/autravail.ca\/wp-content\/uploads\/2025\/05\/P722535_A01.jpg\",\"contentUrl\":\"https:\/\/autravail.ca\/wp-content\/uploads\/2025\/05\/P722535_A01.jpg\",\"width\":1000,\"height\":1000,\"caption\":\"Botte de travail - P722535\"},{\"@type\":\"BreadcrumbList\",\"@id\":\"https:\/\/autravail.ca\/product\/botte-de-travail-p722535\/#breadcrumb\",\"itemListElement\":[{\"@type\":\"ListItem\",\"position\":1,\"name\":\"Accueil\",\"item\":\"https:\/\/autravail.ca\/\"},{\"@type\":\"ListItem\",\"position\":2,\"name\":\"Magasin\",\"item\":\"https:\/\/autravail.ca\/en\/shop\/\"},{\"@type\":\"ListItem\",\"position\":3,\"name\":\"Botte de travail &#8211; P722535\"}]},{\"@type\":\"WebSite\",\"@id\":\"https:\/\/autravail.ca\/#website\",\"url\":\"https:\/\/autravail.ca\/\",\"name\":\"Le Magasin Industriel\",\"description\":\"50 ans de tradition de s\u00e9curit\u00e9 au travail\",\"publisher\":{\"@id\":\"https:\/\/autravail.ca\/#organization\"},\"potentialAction\":[{\"@type\":\"SearchAction\",\"target\":{\"@type\":\"EntryPoint\",\"urlTemplate\":\"https:\/\/autravail.ca\/?s={search_term_string}\"},\"query-input\":{\"@type\":\"PropertyValueSpecification\",\"valueRequired\":true,\"valueName\":\"search_term_string\"}}],\"inLanguage\":\"en-CA\"},{\"@type\":\"Organization\",\"@id\":\"https:\/\/autravail.ca\/#organization\",\"name\":\"Le Magasin Industriel\",\"url\":\"https:\/\/autravail.ca\/\",\"logo\":{\"@type\":\"ImageObject\",\"inLanguage\":\"en-CA\",\"@id\":\"https:\/\/autravail.ca\/#\/schema\/logo\/image\/\",\"url\":\"https:\/\/autravail.ca\/wp-content\/uploads\/2025\/05\/cropped-magasin_industriel_120x.avif\",\"contentUrl\":\"https:\/\/autravail.ca\/wp-content\/uploads\/2025\/05\/cropped-magasin_industriel_120x.avif\",\"width\":120,\"height\":24,\"caption\":\"Le Magasin Industriel\"},\"image\":{\"@id\":\"https:\/\/autravail.ca\/#\/schema\/logo\/image\/\"},\"sameAs\":[\"https:\/\/www.facebook.com\/lemagasinindustriel\/?locale=fr_FR\"]}]}<\/script>\n<!-- \/ Yoast SEO plugin. -->","yoast_head_json":{"title":"Botte de travail - P722535 - Le Magasin Industriel","description":"Botte de travail - P722535 fusionnant l'esth\u00e9tique robuste d'une machine de chantier avec le confort agile d'une basket de style \u00ab chunky \u00bb","robots":{"index":"index","follow":"follow","max-snippet":"max-snippet:-1","max-image-preview":"max-image-preview:large","max-video-preview":"max-video-preview:-1"},"canonical":"https:\/\/autravail.ca\/en\/product\/botte-de-travail-p722535\/","og_locale":"en_US","og_type":"article","og_title":"Botte de travail - P722535 - Le Magasin Industriel","og_description":"Botte de travail - P722535 fusionnant l'esth\u00e9tique robuste d'une machine de chantier avec le confort agile d'une basket de style \u00ab chunky \u00bb","og_url":"https:\/\/autravail.ca\/en\/product\/botte-de-travail-p722535\/","og_site_name":"Le Magasin Industriel","article_publisher":"https:\/\/www.facebook.com\/lemagasinindustriel\/?locale=fr_FR","article_modified_time":"2026-03-06T21:00:18+00:00","og_image":[{"width":1000,"height":1000,"url":"https:\/\/autravail.ca\/wp-content\/uploads\/2025\/05\/P722535_A01.jpg","type":"image\/jpeg"}],"twitter_card":"summary_large_image","twitter_misc":{"Est. reading time":"2 minutes"},"schema":{"@context":"https:\/\/schema.org","@graph":[{"@type":"WebPage","@id":"https:\/\/autravail.ca\/product\/botte-de-travail-p722535\/","url":"https:\/\/autravail.ca\/product\/botte-de-travail-p722535\/","name":"Botte de travail - P722535 - Le Magasin Industriel","isPartOf":{"@id":"https:\/\/autravail.ca\/#website"},"primaryImageOfPage":{"@id":"https:\/\/autravail.ca\/product\/botte-de-travail-p722535\/#primaryimage"},"image":{"@id":"https:\/\/autravail.ca\/product\/botte-de-travail-p722535\/#primaryimage"},"thumbnailUrl":"https:\/\/autravail.ca\/wp-content\/uploads\/2025\/05\/P722535_A01.jpg","datePublished":"2025-05-08T07:40:07+00:00","dateModified":"2026-03-06T21:00:18+00:00","description":"Botte de travail - P722535 fusionnant l'esth\u00e9tique robuste d'une machine de chantier avec le confort agile d'une basket de style \u00ab chunky \u00bb","breadcrumb":{"@id":"https:\/\/autravail.ca\/product\/botte-de-travail-p722535\/#breadcrumb"},"inLanguage":"en-CA","potentialAction":[{"@type":"ReadAction","target":["https:\/\/autravail.ca\/product\/botte-de-travail-p722535\/"]}]},{"@type":"ImageObject","inLanguage":"en-CA","@id":"https:\/\/autravail.ca\/product\/botte-de-travail-p722535\/#primaryimage","url":"https:\/\/autravail.ca\/wp-content\/uploads\/2025\/05\/P722535_A01.jpg","contentUrl":"https:\/\/autravail.ca\/wp-content\/uploads\/2025\/05\/P722535_A01.jpg","width":1000,"height":1000,"caption":"Botte de travail - P722535"},{"@type":"BreadcrumbList","@id":"https:\/\/autravail.ca\/product\/botte-de-travail-p722535\/#breadcrumb","itemListElement":[{"@type":"ListItem","position":1,"name":"Accueil","item":"https:\/\/autravail.ca\/"},{"@type":"ListItem","position":2,"name":"Magasin","item":"https:\/\/autravail.ca\/en\/shop\/"},{"@type":"ListItem","position":3,"name":"Botte de travail &#8211; P722535"}]},{"@type":"WebSite","@id":"https:\/\/autravail.ca\/#website","url":"https:\/\/autravail.ca\/","name":"Le Magasin Industriel","description":"50 ans de tradition de s\u00e9curit\u00e9 au travail","publisher":{"@id":"https:\/\/autravail.ca\/#organization"},"potentialAction":[{"@type":"SearchAction","target":{"@type":"EntryPoint","urlTemplate":"https:\/\/autravail.ca\/?s={search_term_string}"},"query-input":{"@type":"PropertyValueSpecification","valueRequired":true,"valueName":"search_term_string"}}],"inLanguage":"en-CA"},{"@type":"Organization","@id":"https:\/\/autravail.ca\/#organization","name":"Le Magasin Industriel","url":"https:\/\/autravail.ca\/","logo":{"@type":"ImageObject","inLanguage":"en-CA","@id":"https:\/\/autravail.ca\/#\/schema\/logo\/image\/","url":"https:\/\/autravail.ca\/wp-content\/uploads\/2025\/05\/cropped-magasin_industriel_120x.avif","contentUrl":"https:\/\/autravail.ca\/wp-content\/uploads\/2025\/05\/cropped-magasin_industriel_120x.avif","width":120,"height":24,"caption":"Le Magasin Industriel"},"image":{"@id":"https:\/\/autravail.ca\/#\/schema\/logo\/image\/"},"sameAs":["https:\/\/www.facebook.com\/lemagasinindustriel\/?locale=fr_FR"]}]}},"jetpack_sharing_enabled":true,"_links":{"self":[{"href":"https:\/\/autravail.ca\/en\/wp-json\/wp\/v2\/product\/35402","targetHints":{"allow":["GET"]}}],"collection":[{"href":"https:\/\/autravail.ca\/en\/wp-json\/wp\/v2\/product"}],"about":[{"href":"https:\/\/autravail.ca\/en\/wp-json\/wp\/v2\/types\/product"}],"replies":[{"embeddable":true,"href":"https:\/\/autravail.ca\/en\/wp-json\/wp\/v2\/comments?post=35402"}],"wp:featuredmedia":[{"embeddable":true,"href":"https:\/\/autravail.ca\/en\/wp-json\/wp\/v2\/media\/20889"}],"wp:attachment":[{"href":"https:\/\/autravail.ca\/en\/wp-json\/wp\/v2\/media?parent=35402"}],"wp:term":[{"taxonomy":"product_cat","embeddable":true,"href":"https:\/\/autravail.ca\/en\/wp-json\/wp\/v2\/product_cat?post=35402"},{"taxonomy":"product_tag","embeddable":true,"href":"https:\/\/autravail.ca\/en\/wp-json\/wp\/v2\/product_tag?post=35402"}],"curies":[{"name":"wp","href":"https:\/\/api.w.org\/{rel}","templated":true}]}}