{"id":35260,"date":"2025-05-08T07:38:06","date_gmt":"2025-05-08T07:38:06","guid":{"rendered":"https:\/\/meteoquebec.ca\/?post_type=product&#038;p=35260"},"modified":"2026-02-24T16:22:21","modified_gmt":"2026-02-24T20:22:21","slug":"chaussure-outscape-oss-000","status":"publish","type":"product","link":"https:\/\/autravail.ca\/en\/product\/chaussure-outscape-oss-000\/","title":{"rendered":"Chaussure Outscape &#8211; OSS-000"},"content":{"rendered":"<h3>Chaussure Outscape &#8211; OSS-000<\/h3>\n<p>Chaussure Outscape &#8211; OSS-000. Nous restons fid\u00e8les \u00e0 nos racines et notre objectif de fabriquer des bottes 100 % \u00c0 L&rsquo;\u00c9PREUVE DE LA BOUE, dot\u00e9es d&rsquo;un confort et d&rsquo;une protection imperm\u00e9able exceptionnels. La toute nouvelle collection Outscape s&rsquo;inspire de notre tr\u00e8s populaire collection jardinage Muckster II et offre une nouvelle silhouette polyvalente qui convient \u00e0 tous ceux qui ne restent pas en place. La Outscape a \u00e9t\u00e9 con\u00e7ue pour offrir une performance 100 % imperm\u00e9able et une grande polyvalence pour vos t\u00e2ches \u00e0 l&rsquo;ext\u00e9rieur, que ce soit de travailler dans le jardin ou promener le chien.<\/p>\n<h6>Characteristics:<\/h6>\n<ul>\n<li>100% imperm\u00e9able. Utilise un n\u00e9opr\u00e8ne flexible avec un rev\u00eatement en caoutchouc imprim\u00e9 pour r\u00e9duire le poids tout en restant r\u00e9sistant \u00e0 l&rsquo;abrasion.<\/li>\n<li>Semelle interm\u00e9diaire l\u00e9g\u00e8re en mousse amortissante<\/li>\n<li>Semelle ext\u00e9rieure autonettoyante pour une adh\u00e9rence et une fiabilit\u00e9 optimales<\/li>\n<li>Embout et talon en caoutchouc Guarden pour une plus grande durabilit\u00e9 et une utilisation prolong\u00e9e<\/li>\n<li>Rev\u00eatement sup\u00e9rieur de la semelle bioDEWIX\u2122 avec NZYM\u2122 pour le contr\u00f4le des odeurs et la gestion de l&rsquo;humidit\u00e9.<\/li>\n<\/ul>\n<p><img decoding=\"async\" class=\"alignnone wp-image-40620\" src=\"https:\/\/autravail.ca\/wp-content\/uploads\/2025\/09\/Jachete-quebec-et-canada.jpg\" alt=\"Logo de l'achat local\" width=\"162\" height=\"139\" \/>Merci d&rsquo;encourager une entreprise 100% d&rsquo;ici!<\/p>\n<p>TS2602H<\/p>","protected":false},"excerpt":{"rendered":"<p>Chaussure Outscape &#8211; OSS-000 Chaussure Outscape &#8211; OSS-000. Nous restons fid\u00e8les \u00e0 nos racines et notre objectif de fabriquer des bottes 100 % \u00c0 L&rsquo;\u00c9PREUVE DE LA BOUE, dot\u00e9es d&rsquo;un confort et d&rsquo;une protection imperm\u00e9able exceptionnels. La toute nouvelle collection Outscape s&rsquo;inspire de notre tr\u00e8s populaire collection jardinage Muckster II et offre une nouvelle silhouette [&hellip;]<\/p>","protected":false},"featured_media":20679,"comment_status":"open","ping_status":"closed","template":"","meta":[],"product_cat":[602],"product_tag":[242],"class_list":{"0":"post-35260","1":"product","2":"type-product","3":"status-publish","4":"has-post-thumbnail","6":"product_brand-muck","7":"product_cat-hommes","8":"product_tag-homme","10":"first","11":"instock","12":"taxable","13":"shipping-taxable","14":"purchasable","15":"product-type-variable"},"yoast_head":"<!-- This site is optimized with the Yoast SEO plugin v25.3.1 - https:\/\/yoast.com\/wordpress\/plugins\/seo\/ -->\n<title>Chaussure Outscape - OSS-000 - Le Magasin Industriel<\/title>\n<meta name=\"description\" content=\"Chaussure Outscape - OSS-000 la toute nouvelle collection Outscape s&#039;inspire de notre tr\u00e8s populaire collection jardinage Muckster II\" \/>\n<meta name=\"robots\" content=\"index, follow, max-snippet:-1, max-image-preview:large, max-video-preview:-1\" \/>\n<link rel=\"canonical\" href=\"https:\/\/autravail.ca\/en\/product\/chaussure-outscape-oss-000\/\" \/>\n<meta property=\"og:locale\" content=\"en_US\" \/>\n<meta property=\"og:type\" content=\"article\" \/>\n<meta property=\"og:title\" content=\"Chaussure Outscape - OSS-000 - Le Magasin Industriel\" \/>\n<meta property=\"og:description\" content=\"Chaussure Outscape - OSS-000 la toute nouvelle collection Outscape s&#039;inspire de notre tr\u00e8s populaire collection jardinage Muckster II\" \/>\n<meta property=\"og:url\" content=\"https:\/\/autravail.ca\/en\/product\/chaussure-outscape-oss-000\/\" \/>\n<meta property=\"og:site_name\" content=\"Le Magasin Industriel\" \/>\n<meta property=\"article:publisher\" content=\"https:\/\/www.facebook.com\/lemagasinindustriel\/?locale=fr_FR\" \/>\n<meta property=\"article:modified_time\" content=\"2026-02-24T20:22:21+00:00\" \/>\n<meta property=\"og:image\" content=\"https:\/\/autravail.ca\/wp-content\/uploads\/2025\/05\/OSS000_A01.jpg\" \/>\n\t<meta property=\"og:image:width\" content=\"800\" \/>\n\t<meta property=\"og:image:height\" content=\"720\" \/>\n\t<meta property=\"og:image:type\" content=\"image\/jpeg\" \/>\n<meta name=\"twitter:card\" content=\"summary_large_image\" \/>\n<meta name=\"twitter:label1\" content=\"Est. reading time\" \/>\n\t<meta name=\"twitter:data1\" content=\"2 minutes\" \/>\n<script type=\"application\/ld+json\" class=\"yoast-schema-graph\">{\"@context\":\"https:\/\/schema.org\",\"@graph\":[{\"@type\":\"WebPage\",\"@id\":\"https:\/\/autravail.ca\/product\/chaussure-outscape-oss-000\/\",\"url\":\"https:\/\/autravail.ca\/product\/chaussure-outscape-oss-000\/\",\"name\":\"Chaussure Outscape - OSS-000 - Le Magasin Industriel\",\"isPartOf\":{\"@id\":\"https:\/\/autravail.ca\/#website\"},\"primaryImageOfPage\":{\"@id\":\"https:\/\/autravail.ca\/product\/chaussure-outscape-oss-000\/#primaryimage\"},\"image\":{\"@id\":\"https:\/\/autravail.ca\/product\/chaussure-outscape-oss-000\/#primaryimage\"},\"thumbnailUrl\":\"https:\/\/autravail.ca\/wp-content\/uploads\/2025\/05\/OSS000_A01.jpg\",\"datePublished\":\"2025-05-08T07:38:06+00:00\",\"dateModified\":\"2026-02-24T20:22:21+00:00\",\"description\":\"Chaussure Outscape - OSS-000 la toute nouvelle collection Outscape s'inspire de notre tr\u00e8s populaire collection jardinage Muckster II\",\"breadcrumb\":{\"@id\":\"https:\/\/autravail.ca\/product\/chaussure-outscape-oss-000\/#breadcrumb\"},\"inLanguage\":\"en-CA\",\"potentialAction\":[{\"@type\":\"ReadAction\",\"target\":[\"https:\/\/autravail.ca\/product\/chaussure-outscape-oss-000\/\"]}]},{\"@type\":\"ImageObject\",\"inLanguage\":\"en-CA\",\"@id\":\"https:\/\/autravail.ca\/product\/chaussure-outscape-oss-000\/#primaryimage\",\"url\":\"https:\/\/autravail.ca\/wp-content\/uploads\/2025\/05\/OSS000_A01.jpg\",\"contentUrl\":\"https:\/\/autravail.ca\/wp-content\/uploads\/2025\/05\/OSS000_A01.jpg\",\"width\":800,\"height\":720,\"caption\":\"Chaussure Outscape - OSS-000\"},{\"@type\":\"BreadcrumbList\",\"@id\":\"https:\/\/autravail.ca\/product\/chaussure-outscape-oss-000\/#breadcrumb\",\"itemListElement\":[{\"@type\":\"ListItem\",\"position\":1,\"name\":\"Accueil\",\"item\":\"https:\/\/autravail.ca\/\"},{\"@type\":\"ListItem\",\"position\":2,\"name\":\"Magasin\",\"item\":\"https:\/\/autravail.ca\/en\/shop\/\"},{\"@type\":\"ListItem\",\"position\":3,\"name\":\"Chaussure Outscape &#8211; OSS-000\"}]},{\"@type\":\"WebSite\",\"@id\":\"https:\/\/autravail.ca\/#website\",\"url\":\"https:\/\/autravail.ca\/\",\"name\":\"Le Magasin Industriel\",\"description\":\"50 ans de tradition de s\u00e9curit\u00e9 au travail\",\"publisher\":{\"@id\":\"https:\/\/autravail.ca\/#organization\"},\"potentialAction\":[{\"@type\":\"SearchAction\",\"target\":{\"@type\":\"EntryPoint\",\"urlTemplate\":\"https:\/\/autravail.ca\/?s={search_term_string}\"},\"query-input\":{\"@type\":\"PropertyValueSpecification\",\"valueRequired\":true,\"valueName\":\"search_term_string\"}}],\"inLanguage\":\"en-CA\"},{\"@type\":\"Organization\",\"@id\":\"https:\/\/autravail.ca\/#organization\",\"name\":\"Le Magasin Industriel\",\"url\":\"https:\/\/autravail.ca\/\",\"logo\":{\"@type\":\"ImageObject\",\"inLanguage\":\"en-CA\",\"@id\":\"https:\/\/autravail.ca\/#\/schema\/logo\/image\/\",\"url\":\"https:\/\/autravail.ca\/wp-content\/uploads\/2025\/05\/cropped-magasin_industriel_120x.avif\",\"contentUrl\":\"https:\/\/autravail.ca\/wp-content\/uploads\/2025\/05\/cropped-magasin_industriel_120x.avif\",\"width\":120,\"height\":24,\"caption\":\"Le Magasin Industriel\"},\"image\":{\"@id\":\"https:\/\/autravail.ca\/#\/schema\/logo\/image\/\"},\"sameAs\":[\"https:\/\/www.facebook.com\/lemagasinindustriel\/?locale=fr_FR\"]}]}<\/script>\n<!-- \/ Yoast SEO plugin. -->","yoast_head_json":{"title":"Chaussure Outscape - OSS-000 - Le Magasin Industriel","description":"Chaussure Outscape - OSS-000 la toute nouvelle collection Outscape s'inspire de notre tr\u00e8s populaire collection jardinage Muckster II","robots":{"index":"index","follow":"follow","max-snippet":"max-snippet:-1","max-image-preview":"max-image-preview:large","max-video-preview":"max-video-preview:-1"},"canonical":"https:\/\/autravail.ca\/en\/product\/chaussure-outscape-oss-000\/","og_locale":"en_US","og_type":"article","og_title":"Chaussure Outscape - OSS-000 - Le Magasin Industriel","og_description":"Chaussure Outscape - OSS-000 la toute nouvelle collection Outscape s'inspire de notre tr\u00e8s populaire collection jardinage Muckster II","og_url":"https:\/\/autravail.ca\/en\/product\/chaussure-outscape-oss-000\/","og_site_name":"Le Magasin Industriel","article_publisher":"https:\/\/www.facebook.com\/lemagasinindustriel\/?locale=fr_FR","article_modified_time":"2026-02-24T20:22:21+00:00","og_image":[{"width":800,"height":720,"url":"https:\/\/autravail.ca\/wp-content\/uploads\/2025\/05\/OSS000_A01.jpg","type":"image\/jpeg"}],"twitter_card":"summary_large_image","twitter_misc":{"Est. reading time":"2 minutes"},"schema":{"@context":"https:\/\/schema.org","@graph":[{"@type":"WebPage","@id":"https:\/\/autravail.ca\/product\/chaussure-outscape-oss-000\/","url":"https:\/\/autravail.ca\/product\/chaussure-outscape-oss-000\/","name":"Chaussure Outscape - OSS-000 - Le Magasin Industriel","isPartOf":{"@id":"https:\/\/autravail.ca\/#website"},"primaryImageOfPage":{"@id":"https:\/\/autravail.ca\/product\/chaussure-outscape-oss-000\/#primaryimage"},"image":{"@id":"https:\/\/autravail.ca\/product\/chaussure-outscape-oss-000\/#primaryimage"},"thumbnailUrl":"https:\/\/autravail.ca\/wp-content\/uploads\/2025\/05\/OSS000_A01.jpg","datePublished":"2025-05-08T07:38:06+00:00","dateModified":"2026-02-24T20:22:21+00:00","description":"Chaussure Outscape - OSS-000 la toute nouvelle collection Outscape s'inspire de notre tr\u00e8s populaire collection jardinage Muckster II","breadcrumb":{"@id":"https:\/\/autravail.ca\/product\/chaussure-outscape-oss-000\/#breadcrumb"},"inLanguage":"en-CA","potentialAction":[{"@type":"ReadAction","target":["https:\/\/autravail.ca\/product\/chaussure-outscape-oss-000\/"]}]},{"@type":"ImageObject","inLanguage":"en-CA","@id":"https:\/\/autravail.ca\/product\/chaussure-outscape-oss-000\/#primaryimage","url":"https:\/\/autravail.ca\/wp-content\/uploads\/2025\/05\/OSS000_A01.jpg","contentUrl":"https:\/\/autravail.ca\/wp-content\/uploads\/2025\/05\/OSS000_A01.jpg","width":800,"height":720,"caption":"Chaussure Outscape - OSS-000"},{"@type":"BreadcrumbList","@id":"https:\/\/autravail.ca\/product\/chaussure-outscape-oss-000\/#breadcrumb","itemListElement":[{"@type":"ListItem","position":1,"name":"Accueil","item":"https:\/\/autravail.ca\/"},{"@type":"ListItem","position":2,"name":"Magasin","item":"https:\/\/autravail.ca\/en\/shop\/"},{"@type":"ListItem","position":3,"name":"Chaussure Outscape &#8211; OSS-000"}]},{"@type":"WebSite","@id":"https:\/\/autravail.ca\/#website","url":"https:\/\/autravail.ca\/","name":"Le Magasin Industriel","description":"50 ans de tradition de s\u00e9curit\u00e9 au travail","publisher":{"@id":"https:\/\/autravail.ca\/#organization"},"potentialAction":[{"@type":"SearchAction","target":{"@type":"EntryPoint","urlTemplate":"https:\/\/autravail.ca\/?s={search_term_string}"},"query-input":{"@type":"PropertyValueSpecification","valueRequired":true,"valueName":"search_term_string"}}],"inLanguage":"en-CA"},{"@type":"Organization","@id":"https:\/\/autravail.ca\/#organization","name":"Le Magasin Industriel","url":"https:\/\/autravail.ca\/","logo":{"@type":"ImageObject","inLanguage":"en-CA","@id":"https:\/\/autravail.ca\/#\/schema\/logo\/image\/","url":"https:\/\/autravail.ca\/wp-content\/uploads\/2025\/05\/cropped-magasin_industriel_120x.avif","contentUrl":"https:\/\/autravail.ca\/wp-content\/uploads\/2025\/05\/cropped-magasin_industriel_120x.avif","width":120,"height":24,"caption":"Le Magasin Industriel"},"image":{"@id":"https:\/\/autravail.ca\/#\/schema\/logo\/image\/"},"sameAs":["https:\/\/www.facebook.com\/lemagasinindustriel\/?locale=fr_FR"]}]}},"jetpack_sharing_enabled":true,"_links":{"self":[{"href":"https:\/\/autravail.ca\/en\/wp-json\/wp\/v2\/product\/35260","targetHints":{"allow":["GET"]}}],"collection":[{"href":"https:\/\/autravail.ca\/en\/wp-json\/wp\/v2\/product"}],"about":[{"href":"https:\/\/autravail.ca\/en\/wp-json\/wp\/v2\/types\/product"}],"replies":[{"embeddable":true,"href":"https:\/\/autravail.ca\/en\/wp-json\/wp\/v2\/comments?post=35260"}],"wp:featuredmedia":[{"embeddable":true,"href":"https:\/\/autravail.ca\/en\/wp-json\/wp\/v2\/media\/20679"}],"wp:attachment":[{"href":"https:\/\/autravail.ca\/en\/wp-json\/wp\/v2\/media?parent=35260"}],"wp:term":[{"taxonomy":"product_cat","embeddable":true,"href":"https:\/\/autravail.ca\/en\/wp-json\/wp\/v2\/product_cat?post=35260"},{"taxonomy":"product_tag","embeddable":true,"href":"https:\/\/autravail.ca\/en\/wp-json\/wp\/v2\/product_tag?post=35260"}],"curies":[{"name":"wp","href":"https:\/\/api.w.org\/{rel}","templated":true}]}}