{"id":35259,"date":"2025-05-08T07:38:05","date_gmt":"2025-05-08T07:38:05","guid":{"rendered":"https:\/\/meteoquebec.ca\/?post_type=product&#038;p=35259"},"modified":"2025-12-05T05:10:08","modified_gmt":"2025-12-05T09:10:08","slug":"osc-900-botte-chelsea-outscape","status":"publish","type":"product","link":"https:\/\/autravail.ca\/en\/product\/osc-900-botte-chelsea-outscape\/","title":{"rendered":"OSC-900 - CHELSEA boots OUTSCAPE"},"content":{"rendered":"<p>Outscape boots, Chelsea - Mud <\/p>\n<li>Performance and versatility are essential when you're on the move and need to work; whether it's in the garden, working in the yard, going for a hike with the dog or for days when you can't choose between the waterproof boots you need and the light sneaker you want to wear. The Outscape is a light and 100% waterproof shoe, designed to keep you comfortable and allow you to do more each day.\n<ul>\n<li>100% waterproof.<\/li>\n<li>Flexible Neoprene Muckskin with abrasion-resistant rubber coating.<\/li>\n<li>boots and sole in rubber Guarden for durability and extended wear.<\/li>\n<li>The breathable mesh lining improves air circulation for better comfort, reducing heat and moisture.<\/li>\n<li>Comfortable inner sole with double density memory foam cushioning for long-lasting support.<\/li>\n<li>BioDEWIK, internal antibacterial sole with Nzyme treatment for odor control.<\/li>\n<li>Intermediate light sole for comfort and all-day support.<\/li>\n<li>Exterior sole made of self-cleaning rubber for optimal traction and reliability.<\/li>\n<li>[Nylon Tube] ready to use for increased stability underfoot when using gardening tools.<\/li>\n<\/ul>\n<\/li>","protected":false},"excerpt":{"rendered":"<p>Botte Outscape, Chelsea &#8211; Muck La performance et la polyvalence sont essentielles lorsque vous \u00eates en d\u00e9placement et que vous devez faire le travail; que ce soit dans le jardin, travailler dans la cour, faire de la randonn\u00e9e avec le chien ou pour les jours o\u00f9 vous ne pouvez pas choisir entre la botte imperm\u00e9able [&hellip;]<\/p>","protected":false},"featured_media":20659,"comment_status":"open","ping_status":"closed","template":"","meta":[],"product_cat":[602],"product_tag":[],"class_list":{"0":"post-35259","1":"product","2":"type-product","3":"status-publish","4":"has-post-thumbnail","6":"product_brand-magasin-industriel","7":"product_cat-hommes","9":"first","10":"instock","11":"taxable","12":"shipping-taxable","13":"purchasable","14":"product-type-variable"},"yoast_head":"<!-- This site is optimized with the Yoast SEO plugin v25.3.1 - https:\/\/yoast.com\/wordpress\/plugins\/seo\/ -->\n<title>OSC-900 - BOTTE CHELSEA OUTSCAPE - Le Magasin Industriel<\/title>\n<meta name=\"robots\" content=\"index, follow, max-snippet:-1, max-image-preview:large, max-video-preview:-1\" \/>\n<link rel=\"canonical\" href=\"https:\/\/autravail.ca\/en\/product\/osc-900-botte-chelsea-outscape\/\" \/>\n<meta property=\"og:locale\" content=\"en_US\" \/>\n<meta property=\"og:type\" content=\"article\" \/>\n<meta property=\"og:title\" content=\"OSC-900 - BOTTE CHELSEA OUTSCAPE - Le Magasin Industriel\" \/>\n<meta property=\"og:description\" content=\"Botte Outscape, Chelsea &#8211; Muck La performance et la polyvalence sont essentielles lorsque vous \u00eates en d\u00e9placement et que vous devez faire le travail; que ce soit dans le jardin, travailler dans la cour, faire de la randonn\u00e9e avec le chien ou pour les jours o\u00f9 vous ne pouvez pas choisir entre la botte imperm\u00e9able [&hellip;]\" \/>\n<meta property=\"og:url\" content=\"https:\/\/autravail.ca\/en\/product\/osc-900-botte-chelsea-outscape\/\" \/>\n<meta property=\"og:site_name\" content=\"Le Magasin Industriel\" \/>\n<meta property=\"article:publisher\" content=\"https:\/\/www.facebook.com\/lemagasinindustriel\/?locale=fr_FR\" \/>\n<meta property=\"article:modified_time\" content=\"2025-12-05T09:10:08+00:00\" \/>\n<meta property=\"og:image\" content=\"https:\/\/autravail.ca\/wp-content\/uploads\/2025\/05\/OSC900_A01.jpg\" \/>\n\t<meta property=\"og:image:width\" content=\"800\" \/>\n\t<meta property=\"og:image:height\" content=\"720\" \/>\n\t<meta property=\"og:image:type\" content=\"image\/jpeg\" \/>\n<meta name=\"twitter:card\" content=\"summary_large_image\" \/>\n<meta name=\"twitter:label1\" content=\"Est. reading time\" \/>\n\t<meta name=\"twitter:data1\" content=\"1 minute\" \/>\n<script type=\"application\/ld+json\" class=\"yoast-schema-graph\">{\"@context\":\"https:\/\/schema.org\",\"@graph\":[{\"@type\":\"WebPage\",\"@id\":\"https:\/\/autravail.ca\/en\/product\/osc-900-botte-chelsea-outscape\/\",\"url\":\"https:\/\/autravail.ca\/en\/product\/osc-900-botte-chelsea-outscape\/\",\"name\":\"OSC-900 - BOTTE CHELSEA OUTSCAPE - Le Magasin Industriel\",\"isPartOf\":{\"@id\":\"https:\/\/autravail.ca\/#website\"},\"primaryImageOfPage\":{\"@id\":\"https:\/\/autravail.ca\/en\/product\/osc-900-botte-chelsea-outscape\/#primaryimage\"},\"image\":{\"@id\":\"https:\/\/autravail.ca\/en\/product\/osc-900-botte-chelsea-outscape\/#primaryimage\"},\"thumbnailUrl\":\"https:\/\/autravail.ca\/wp-content\/uploads\/2025\/05\/OSC900_A01.jpg\",\"datePublished\":\"2025-05-08T07:38:05+00:00\",\"dateModified\":\"2025-12-05T09:10:08+00:00\",\"breadcrumb\":{\"@id\":\"https:\/\/autravail.ca\/en\/product\/osc-900-botte-chelsea-outscape\/#breadcrumb\"},\"inLanguage\":\"en-CA\",\"potentialAction\":[{\"@type\":\"ReadAction\",\"target\":[\"https:\/\/autravail.ca\/en\/product\/osc-900-botte-chelsea-outscape\/\"]}]},{\"@type\":\"ImageObject\",\"inLanguage\":\"en-CA\",\"@id\":\"https:\/\/autravail.ca\/en\/product\/osc-900-botte-chelsea-outscape\/#primaryimage\",\"url\":\"https:\/\/autravail.ca\/wp-content\/uploads\/2025\/05\/OSC900_A01.jpg\",\"contentUrl\":\"https:\/\/autravail.ca\/wp-content\/uploads\/2025\/05\/OSC900_A01.jpg\",\"width\":800,\"height\":720},{\"@type\":\"BreadcrumbList\",\"@id\":\"https:\/\/autravail.ca\/en\/product\/osc-900-botte-chelsea-outscape\/#breadcrumb\",\"itemListElement\":[{\"@type\":\"ListItem\",\"position\":1,\"name\":\"Accueil\",\"item\":\"https:\/\/autravail.ca\/\"},{\"@type\":\"ListItem\",\"position\":2,\"name\":\"Magasin\",\"item\":\"https:\/\/autravail.ca\/en\/shop\/\"},{\"@type\":\"ListItem\",\"position\":3,\"name\":\"OSC-900 &#8211; BOTTE CHELSEA OUTSCAPE\"}]},{\"@type\":\"WebSite\",\"@id\":\"https:\/\/autravail.ca\/#website\",\"url\":\"https:\/\/autravail.ca\/\",\"name\":\"Le Magasin Industriel\",\"description\":\"50 ans de tradition de s\u00e9curit\u00e9 au travail\",\"publisher\":{\"@id\":\"https:\/\/autravail.ca\/#organization\"},\"potentialAction\":[{\"@type\":\"SearchAction\",\"target\":{\"@type\":\"EntryPoint\",\"urlTemplate\":\"https:\/\/autravail.ca\/?s={search_term_string}\"},\"query-input\":{\"@type\":\"PropertyValueSpecification\",\"valueRequired\":true,\"valueName\":\"search_term_string\"}}],\"inLanguage\":\"en-CA\"},{\"@type\":\"Organization\",\"@id\":\"https:\/\/autravail.ca\/#organization\",\"name\":\"Le Magasin Industriel\",\"url\":\"https:\/\/autravail.ca\/\",\"logo\":{\"@type\":\"ImageObject\",\"inLanguage\":\"en-CA\",\"@id\":\"https:\/\/autravail.ca\/#\/schema\/logo\/image\/\",\"url\":\"https:\/\/autravail.ca\/wp-content\/uploads\/2025\/05\/cropped-magasin_industriel_120x.avif\",\"contentUrl\":\"https:\/\/autravail.ca\/wp-content\/uploads\/2025\/05\/cropped-magasin_industriel_120x.avif\",\"width\":120,\"height\":24,\"caption\":\"Le Magasin Industriel\"},\"image\":{\"@id\":\"https:\/\/autravail.ca\/#\/schema\/logo\/image\/\"},\"sameAs\":[\"https:\/\/www.facebook.com\/lemagasinindustriel\/?locale=fr_FR\"]}]}<\/script>\n<!-- \/ Yoast SEO plugin. -->","yoast_head_json":{"title":"OSC-900 - BOTTE CHELSEA OUTSCAPE - Le Magasin Industriel","robots":{"index":"index","follow":"follow","max-snippet":"max-snippet:-1","max-image-preview":"max-image-preview:large","max-video-preview":"max-video-preview:-1"},"canonical":"https:\/\/autravail.ca\/en\/product\/osc-900-botte-chelsea-outscape\/","og_locale":"en_US","og_type":"article","og_title":"OSC-900 - BOTTE CHELSEA OUTSCAPE - Le Magasin Industriel","og_description":"Botte Outscape, Chelsea &#8211; Muck La performance et la polyvalence sont essentielles lorsque vous \u00eates en d\u00e9placement et que vous devez faire le travail; que ce soit dans le jardin, travailler dans la cour, faire de la randonn\u00e9e avec le chien ou pour les jours o\u00f9 vous ne pouvez pas choisir entre la botte imperm\u00e9able [&hellip;]","og_url":"https:\/\/autravail.ca\/en\/product\/osc-900-botte-chelsea-outscape\/","og_site_name":"Le Magasin Industriel","article_publisher":"https:\/\/www.facebook.com\/lemagasinindustriel\/?locale=fr_FR","article_modified_time":"2025-12-05T09:10:08+00:00","og_image":[{"width":800,"height":720,"url":"https:\/\/autravail.ca\/wp-content\/uploads\/2025\/05\/OSC900_A01.jpg","type":"image\/jpeg"}],"twitter_card":"summary_large_image","twitter_misc":{"Est. reading time":"1 minute"},"schema":{"@context":"https:\/\/schema.org","@graph":[{"@type":"WebPage","@id":"https:\/\/autravail.ca\/en\/product\/osc-900-botte-chelsea-outscape\/","url":"https:\/\/autravail.ca\/en\/product\/osc-900-botte-chelsea-outscape\/","name":"OSC-900 - BOTTE CHELSEA OUTSCAPE - Le Magasin Industriel","isPartOf":{"@id":"https:\/\/autravail.ca\/#website"},"primaryImageOfPage":{"@id":"https:\/\/autravail.ca\/en\/product\/osc-900-botte-chelsea-outscape\/#primaryimage"},"image":{"@id":"https:\/\/autravail.ca\/en\/product\/osc-900-botte-chelsea-outscape\/#primaryimage"},"thumbnailUrl":"https:\/\/autravail.ca\/wp-content\/uploads\/2025\/05\/OSC900_A01.jpg","datePublished":"2025-05-08T07:38:05+00:00","dateModified":"2025-12-05T09:10:08+00:00","breadcrumb":{"@id":"https:\/\/autravail.ca\/en\/product\/osc-900-botte-chelsea-outscape\/#breadcrumb"},"inLanguage":"en-CA","potentialAction":[{"@type":"ReadAction","target":["https:\/\/autravail.ca\/en\/product\/osc-900-botte-chelsea-outscape\/"]}]},{"@type":"ImageObject","inLanguage":"en-CA","@id":"https:\/\/autravail.ca\/en\/product\/osc-900-botte-chelsea-outscape\/#primaryimage","url":"https:\/\/autravail.ca\/wp-content\/uploads\/2025\/05\/OSC900_A01.jpg","contentUrl":"https:\/\/autravail.ca\/wp-content\/uploads\/2025\/05\/OSC900_A01.jpg","width":800,"height":720},{"@type":"BreadcrumbList","@id":"https:\/\/autravail.ca\/en\/product\/osc-900-botte-chelsea-outscape\/#breadcrumb","itemListElement":[{"@type":"ListItem","position":1,"name":"Accueil","item":"https:\/\/autravail.ca\/"},{"@type":"ListItem","position":2,"name":"Magasin","item":"https:\/\/autravail.ca\/en\/shop\/"},{"@type":"ListItem","position":3,"name":"OSC-900 &#8211; BOTTE CHELSEA OUTSCAPE"}]},{"@type":"WebSite","@id":"https:\/\/autravail.ca\/#website","url":"https:\/\/autravail.ca\/","name":"Le Magasin Industriel","description":"50 ans de tradition de s\u00e9curit\u00e9 au travail","publisher":{"@id":"https:\/\/autravail.ca\/#organization"},"potentialAction":[{"@type":"SearchAction","target":{"@type":"EntryPoint","urlTemplate":"https:\/\/autravail.ca\/?s={search_term_string}"},"query-input":{"@type":"PropertyValueSpecification","valueRequired":true,"valueName":"search_term_string"}}],"inLanguage":"en-CA"},{"@type":"Organization","@id":"https:\/\/autravail.ca\/#organization","name":"Le Magasin Industriel","url":"https:\/\/autravail.ca\/","logo":{"@type":"ImageObject","inLanguage":"en-CA","@id":"https:\/\/autravail.ca\/#\/schema\/logo\/image\/","url":"https:\/\/autravail.ca\/wp-content\/uploads\/2025\/05\/cropped-magasin_industriel_120x.avif","contentUrl":"https:\/\/autravail.ca\/wp-content\/uploads\/2025\/05\/cropped-magasin_industriel_120x.avif","width":120,"height":24,"caption":"Le Magasin Industriel"},"image":{"@id":"https:\/\/autravail.ca\/#\/schema\/logo\/image\/"},"sameAs":["https:\/\/www.facebook.com\/lemagasinindustriel\/?locale=fr_FR"]}]}},"jetpack_sharing_enabled":true,"_links":{"self":[{"href":"https:\/\/autravail.ca\/en\/wp-json\/wp\/v2\/product\/35259","targetHints":{"allow":["GET"]}}],"collection":[{"href":"https:\/\/autravail.ca\/en\/wp-json\/wp\/v2\/product"}],"about":[{"href":"https:\/\/autravail.ca\/en\/wp-json\/wp\/v2\/types\/product"}],"replies":[{"embeddable":true,"href":"https:\/\/autravail.ca\/en\/wp-json\/wp\/v2\/comments?post=35259"}],"wp:featuredmedia":[{"embeddable":true,"href":"https:\/\/autravail.ca\/en\/wp-json\/wp\/v2\/media\/20659"}],"wp:attachment":[{"href":"https:\/\/autravail.ca\/en\/wp-json\/wp\/v2\/media?parent=35259"}],"wp:term":[{"taxonomy":"product_cat","embeddable":true,"href":"https:\/\/autravail.ca\/en\/wp-json\/wp\/v2\/product_cat?post=35259"},{"taxonomy":"product_tag","embeddable":true,"href":"https:\/\/autravail.ca\/en\/wp-json\/wp\/v2\/product_tag?post=35259"}],"curies":[{"name":"wp","href":"https:\/\/api.w.org\/{rel}","templated":true}]}}