{"id":35230,"date":"2025-05-08T07:37:45","date_gmt":"2025-05-08T07:37:45","guid":{"rendered":"https:\/\/meteoquebec.ca\/?post_type=product&#038;p=35230"},"modified":"2025-12-05T05:10:08","modified_gmt":"2025-12-05T09:10:08","slug":"nexgrip-couvre-botte-ice-haven-ob1534blk","status":"publish","type":"product","link":"https:\/\/autravail.ca\/en\/product\/nexgrip-couvre-botte-ice-haven-ob1534blk\/","title":{"rendered":"NEXGRIP COUVRE-BOTTE &#8211; ICE HAVEN OB1534BLK"},"content":{"rendered":"<h3>NEXGRIP COUVRE-BOTTE &#8211; ICE HAVEN OB1534BLK<\/h3>\n<p>Transformez votre chaussure de s\u00e9curit\u00e9 en botte d&rsquo;hiver pour affronter les intemp\u00e9ries et les froids canadiens.\u00a0 Avec une empeigne compos\u00e9e d&rsquo;un isolant Thinsulate et d&rsquo;un nylon industriel imperm\u00e9able, le NEXGRIP COUVRE-BOTTE\u00a0 ICE HAVEN OB1534BLK permet aux travailleurs de conserver les pieds au chaud et au sec. De plus, la semelle antid\u00e9rapante et les crampons r\u00e9tractables fourniront une meilleure stabilit\u00e9s sur les sols mouill\u00e9s et glac\u00e9s.<\/p>\n<h4>Characteristics:<\/h4>\n<ul>\n<li>Waterproof Nylon (Industrial Grade)<\/li>\n<li>Height of 15 inches extends up to 20 inches with gauge<\/li>\n<li>Waterproof membrane<\/li>\n<li>Retractable ice crampon system, NexGrip Tech<\/li>\n<li>Rubber sole designed to offer effective traction on icy surfaces.<\/li>\n<li>Isolation Thinsulate (-35 Celsius)<\/li>\n<li>Inner sole in EVA foam allows for adjustment of size<\/li>\n<\/ul>","protected":false},"excerpt":{"rendered":"<p>NEXGRIP COUVRE-BOTTE &#8211; ICE HAVEN OB1534BLK Transformez votre chaussure de s\u00e9curit\u00e9 en botte d&rsquo;hiver pour affronter les intemp\u00e9ries et les froids canadiens.\u00a0 Avec une empeigne compos\u00e9e d&rsquo;un isolant Thinsulate et d&rsquo;un nylon industriel imperm\u00e9able, le NEXGRIP COUVRE-BOTTE\u00a0 ICE HAVEN OB1534BLK permet aux travailleurs de conserver les pieds au chaud et au sec. De plus, la [&hellip;]<\/p>","protected":false},"featured_media":20631,"comment_status":"open","ping_status":"closed","template":"","meta":[],"product_cat":[657,709,749,602],"product_tag":[292,255,242,403],"class_list":{"0":"post-35230","1":"product","2":"type-product","3":"status-publish","4":"has-post-thumbnail","6":"product_brand-nexgrip","7":"product_cat-accessoires-de-chaussures","8":"product_cat-couvre-chaussures","9":"product_cat-doublure-de-botte","10":"product_cat-hommes","11":"product_tag-couvre-chaussures-et-claques","12":"product_tag-femme","13":"product_tag-homme","14":"product_tag-nexgrip","16":"first","17":"instock","18":"taxable","19":"shipping-taxable","20":"purchasable","21":"product-type-variable"},"yoast_head":"<!-- This site is optimized with the Yoast SEO plugin v25.3.1 - https:\/\/yoast.com\/wordpress\/plugins\/seo\/ -->\n<title>NEXGRIP COUVRE-BOTTE - ICE HAVEN OB1534BLK - Le Magasin Industriel<\/title>\n<meta name=\"description\" content=\"Le NEXGRIP COUVRE-BOTTE - ICE HAVEN OB1534BLK est d\u00e9al pour transformer votre chaussure de travail en botte d&#039;hiver isol\u00e9e avec une semelle antid\u00e9rapante.\" \/>\n<meta name=\"robots\" content=\"index, follow, max-snippet:-1, max-image-preview:large, max-video-preview:-1\" \/>\n<link rel=\"canonical\" href=\"https:\/\/autravail.ca\/en\/product\/nexgrip-couvre-botte-ice-haven-ob1534blk\/\" \/>\n<meta property=\"og:locale\" content=\"en_US\" \/>\n<meta property=\"og:type\" content=\"article\" \/>\n<meta property=\"og:title\" content=\"NEXGRIP COUVRE-BOTTE - ICE HAVEN OB1534BLK - Le Magasin Industriel\" \/>\n<meta property=\"og:description\" content=\"Le NEXGRIP COUVRE-BOTTE - ICE HAVEN OB1534BLK est d\u00e9al pour transformer votre chaussure de travail en botte d&#039;hiver isol\u00e9e avec une semelle antid\u00e9rapante.\" \/>\n<meta property=\"og:url\" content=\"https:\/\/autravail.ca\/en\/product\/nexgrip-couvre-botte-ice-haven-ob1534blk\/\" \/>\n<meta property=\"og:site_name\" content=\"Le Magasin Industriel\" \/>\n<meta property=\"article:publisher\" content=\"https:\/\/www.facebook.com\/lemagasinindustriel\/?locale=fr_FR\" \/>\n<meta property=\"article:modified_time\" content=\"2025-12-05T09:10:08+00:00\" \/>\n<meta property=\"og:image\" content=\"https:\/\/autravail.ca\/wp-content\/uploads\/2025\/05\/ICE-HAVEN_A01.jpg\" \/>\n\t<meta property=\"og:image:width\" content=\"1000\" \/>\n\t<meta property=\"og:image:height\" content=\"1000\" \/>\n\t<meta property=\"og:image:type\" content=\"image\/jpeg\" \/>\n<meta name=\"twitter:card\" content=\"summary_large_image\" \/>\n<meta name=\"twitter:label1\" content=\"Est. reading time\" \/>\n\t<meta name=\"twitter:data1\" content=\"1 minute\" \/>\n<script type=\"application\/ld+json\" class=\"yoast-schema-graph\">{\"@context\":\"https:\/\/schema.org\",\"@graph\":[{\"@type\":\"WebPage\",\"@id\":\"https:\/\/autravail.ca\/product\/nexgrip-couvre-botte-ice-haven-ob1534blk\/\",\"url\":\"https:\/\/autravail.ca\/product\/nexgrip-couvre-botte-ice-haven-ob1534blk\/\",\"name\":\"NEXGRIP COUVRE-BOTTE - ICE HAVEN OB1534BLK - Le Magasin Industriel\",\"isPartOf\":{\"@id\":\"https:\/\/autravail.ca\/#website\"},\"primaryImageOfPage\":{\"@id\":\"https:\/\/autravail.ca\/product\/nexgrip-couvre-botte-ice-haven-ob1534blk\/#primaryimage\"},\"image\":{\"@id\":\"https:\/\/autravail.ca\/product\/nexgrip-couvre-botte-ice-haven-ob1534blk\/#primaryimage\"},\"thumbnailUrl\":\"https:\/\/autravail.ca\/wp-content\/uploads\/2025\/05\/ICE-HAVEN_A01.jpg\",\"datePublished\":\"2025-05-08T07:37:45+00:00\",\"dateModified\":\"2025-12-05T09:10:08+00:00\",\"description\":\"Le NEXGRIP COUVRE-BOTTE - ICE HAVEN OB1534BLK est d\u00e9al pour transformer votre chaussure de travail en botte d'hiver isol\u00e9e avec une semelle antid\u00e9rapante.\",\"breadcrumb\":{\"@id\":\"https:\/\/autravail.ca\/product\/nexgrip-couvre-botte-ice-haven-ob1534blk\/#breadcrumb\"},\"inLanguage\":\"en-CA\",\"potentialAction\":[{\"@type\":\"ReadAction\",\"target\":[\"https:\/\/autravail.ca\/product\/nexgrip-couvre-botte-ice-haven-ob1534blk\/\"]}]},{\"@type\":\"ImageObject\",\"inLanguage\":\"en-CA\",\"@id\":\"https:\/\/autravail.ca\/product\/nexgrip-couvre-botte-ice-haven-ob1534blk\/#primaryimage\",\"url\":\"https:\/\/autravail.ca\/wp-content\/uploads\/2025\/05\/ICE-HAVEN_A01.jpg\",\"contentUrl\":\"https:\/\/autravail.ca\/wp-content\/uploads\/2025\/05\/ICE-HAVEN_A01.jpg\",\"width\":1000,\"height\":1000,\"caption\":\"NEXGRIP COUVRE-BOTTE - ICE HAVEN OB1534BLK\"},{\"@type\":\"BreadcrumbList\",\"@id\":\"https:\/\/autravail.ca\/product\/nexgrip-couvre-botte-ice-haven-ob1534blk\/#breadcrumb\",\"itemListElement\":[{\"@type\":\"ListItem\",\"position\":1,\"name\":\"Accueil\",\"item\":\"https:\/\/autravail.ca\/\"},{\"@type\":\"ListItem\",\"position\":2,\"name\":\"Magasin\",\"item\":\"https:\/\/autravail.ca\/en\/shop\/\"},{\"@type\":\"ListItem\",\"position\":3,\"name\":\"NEXGRIP COUVRE-BOTTE &#8211; ICE HAVEN OB1534BLK\"}]},{\"@type\":\"WebSite\",\"@id\":\"https:\/\/autravail.ca\/#website\",\"url\":\"https:\/\/autravail.ca\/\",\"name\":\"Le Magasin Industriel\",\"description\":\"50 ans de tradition de s\u00e9curit\u00e9 au travail\",\"publisher\":{\"@id\":\"https:\/\/autravail.ca\/#organization\"},\"potentialAction\":[{\"@type\":\"SearchAction\",\"target\":{\"@type\":\"EntryPoint\",\"urlTemplate\":\"https:\/\/autravail.ca\/?s={search_term_string}\"},\"query-input\":{\"@type\":\"PropertyValueSpecification\",\"valueRequired\":true,\"valueName\":\"search_term_string\"}}],\"inLanguage\":\"en-CA\"},{\"@type\":\"Organization\",\"@id\":\"https:\/\/autravail.ca\/#organization\",\"name\":\"Le Magasin Industriel\",\"url\":\"https:\/\/autravail.ca\/\",\"logo\":{\"@type\":\"ImageObject\",\"inLanguage\":\"en-CA\",\"@id\":\"https:\/\/autravail.ca\/#\/schema\/logo\/image\/\",\"url\":\"https:\/\/autravail.ca\/wp-content\/uploads\/2025\/05\/cropped-magasin_industriel_120x.avif\",\"contentUrl\":\"https:\/\/autravail.ca\/wp-content\/uploads\/2025\/05\/cropped-magasin_industriel_120x.avif\",\"width\":120,\"height\":24,\"caption\":\"Le Magasin Industriel\"},\"image\":{\"@id\":\"https:\/\/autravail.ca\/#\/schema\/logo\/image\/\"},\"sameAs\":[\"https:\/\/www.facebook.com\/lemagasinindustriel\/?locale=fr_FR\"]}]}<\/script>\n<!-- \/ Yoast SEO plugin. -->","yoast_head_json":{"title":"NEXGRIP COUVRE-BOTTE - ICE HAVEN OB1534BLK - Le Magasin Industriel","description":"Le NEXGRIP COUVRE-BOTTE - ICE HAVEN OB1534BLK est d\u00e9al pour transformer votre chaussure de travail en botte d'hiver isol\u00e9e avec une semelle antid\u00e9rapante.","robots":{"index":"index","follow":"follow","max-snippet":"max-snippet:-1","max-image-preview":"max-image-preview:large","max-video-preview":"max-video-preview:-1"},"canonical":"https:\/\/autravail.ca\/en\/product\/nexgrip-couvre-botte-ice-haven-ob1534blk\/","og_locale":"en_US","og_type":"article","og_title":"NEXGRIP COUVRE-BOTTE - ICE HAVEN OB1534BLK - Le Magasin Industriel","og_description":"Le NEXGRIP COUVRE-BOTTE - ICE HAVEN OB1534BLK est d\u00e9al pour transformer votre chaussure de travail en botte d'hiver isol\u00e9e avec une semelle antid\u00e9rapante.","og_url":"https:\/\/autravail.ca\/en\/product\/nexgrip-couvre-botte-ice-haven-ob1534blk\/","og_site_name":"Le Magasin Industriel","article_publisher":"https:\/\/www.facebook.com\/lemagasinindustriel\/?locale=fr_FR","article_modified_time":"2025-12-05T09:10:08+00:00","og_image":[{"width":1000,"height":1000,"url":"https:\/\/autravail.ca\/wp-content\/uploads\/2025\/05\/ICE-HAVEN_A01.jpg","type":"image\/jpeg"}],"twitter_card":"summary_large_image","twitter_misc":{"Est. reading time":"1 minute"},"schema":{"@context":"https:\/\/schema.org","@graph":[{"@type":"WebPage","@id":"https:\/\/autravail.ca\/product\/nexgrip-couvre-botte-ice-haven-ob1534blk\/","url":"https:\/\/autravail.ca\/product\/nexgrip-couvre-botte-ice-haven-ob1534blk\/","name":"NEXGRIP COUVRE-BOTTE - ICE HAVEN OB1534BLK - Le Magasin Industriel","isPartOf":{"@id":"https:\/\/autravail.ca\/#website"},"primaryImageOfPage":{"@id":"https:\/\/autravail.ca\/product\/nexgrip-couvre-botte-ice-haven-ob1534blk\/#primaryimage"},"image":{"@id":"https:\/\/autravail.ca\/product\/nexgrip-couvre-botte-ice-haven-ob1534blk\/#primaryimage"},"thumbnailUrl":"https:\/\/autravail.ca\/wp-content\/uploads\/2025\/05\/ICE-HAVEN_A01.jpg","datePublished":"2025-05-08T07:37:45+00:00","dateModified":"2025-12-05T09:10:08+00:00","description":"Le NEXGRIP COUVRE-BOTTE - ICE HAVEN OB1534BLK est d\u00e9al pour transformer votre chaussure de travail en botte d'hiver isol\u00e9e avec une semelle antid\u00e9rapante.","breadcrumb":{"@id":"https:\/\/autravail.ca\/product\/nexgrip-couvre-botte-ice-haven-ob1534blk\/#breadcrumb"},"inLanguage":"en-CA","potentialAction":[{"@type":"ReadAction","target":["https:\/\/autravail.ca\/product\/nexgrip-couvre-botte-ice-haven-ob1534blk\/"]}]},{"@type":"ImageObject","inLanguage":"en-CA","@id":"https:\/\/autravail.ca\/product\/nexgrip-couvre-botte-ice-haven-ob1534blk\/#primaryimage","url":"https:\/\/autravail.ca\/wp-content\/uploads\/2025\/05\/ICE-HAVEN_A01.jpg","contentUrl":"https:\/\/autravail.ca\/wp-content\/uploads\/2025\/05\/ICE-HAVEN_A01.jpg","width":1000,"height":1000,"caption":"NEXGRIP COUVRE-BOTTE - ICE HAVEN OB1534BLK"},{"@type":"BreadcrumbList","@id":"https:\/\/autravail.ca\/product\/nexgrip-couvre-botte-ice-haven-ob1534blk\/#breadcrumb","itemListElement":[{"@type":"ListItem","position":1,"name":"Accueil","item":"https:\/\/autravail.ca\/"},{"@type":"ListItem","position":2,"name":"Magasin","item":"https:\/\/autravail.ca\/en\/shop\/"},{"@type":"ListItem","position":3,"name":"NEXGRIP COUVRE-BOTTE &#8211; ICE HAVEN OB1534BLK"}]},{"@type":"WebSite","@id":"https:\/\/autravail.ca\/#website","url":"https:\/\/autravail.ca\/","name":"Le Magasin Industriel","description":"50 ans de tradition de s\u00e9curit\u00e9 au travail","publisher":{"@id":"https:\/\/autravail.ca\/#organization"},"potentialAction":[{"@type":"SearchAction","target":{"@type":"EntryPoint","urlTemplate":"https:\/\/autravail.ca\/?s={search_term_string}"},"query-input":{"@type":"PropertyValueSpecification","valueRequired":true,"valueName":"search_term_string"}}],"inLanguage":"en-CA"},{"@type":"Organization","@id":"https:\/\/autravail.ca\/#organization","name":"Le Magasin Industriel","url":"https:\/\/autravail.ca\/","logo":{"@type":"ImageObject","inLanguage":"en-CA","@id":"https:\/\/autravail.ca\/#\/schema\/logo\/image\/","url":"https:\/\/autravail.ca\/wp-content\/uploads\/2025\/05\/cropped-magasin_industriel_120x.avif","contentUrl":"https:\/\/autravail.ca\/wp-content\/uploads\/2025\/05\/cropped-magasin_industriel_120x.avif","width":120,"height":24,"caption":"Le Magasin Industriel"},"image":{"@id":"https:\/\/autravail.ca\/#\/schema\/logo\/image\/"},"sameAs":["https:\/\/www.facebook.com\/lemagasinindustriel\/?locale=fr_FR"]}]}},"jetpack_sharing_enabled":true,"_links":{"self":[{"href":"https:\/\/autravail.ca\/en\/wp-json\/wp\/v2\/product\/35230","targetHints":{"allow":["GET"]}}],"collection":[{"href":"https:\/\/autravail.ca\/en\/wp-json\/wp\/v2\/product"}],"about":[{"href":"https:\/\/autravail.ca\/en\/wp-json\/wp\/v2\/types\/product"}],"replies":[{"embeddable":true,"href":"https:\/\/autravail.ca\/en\/wp-json\/wp\/v2\/comments?post=35230"}],"wp:featuredmedia":[{"embeddable":true,"href":"https:\/\/autravail.ca\/en\/wp-json\/wp\/v2\/media\/20631"}],"wp:attachment":[{"href":"https:\/\/autravail.ca\/en\/wp-json\/wp\/v2\/media?parent=35230"}],"wp:term":[{"taxonomy":"product_cat","embeddable":true,"href":"https:\/\/autravail.ca\/en\/wp-json\/wp\/v2\/product_cat?post=35230"},{"taxonomy":"product_tag","embeddable":true,"href":"https:\/\/autravail.ca\/en\/wp-json\/wp\/v2\/product_tag?post=35230"}],"curies":[{"name":"wp","href":"https:\/\/api.w.org\/{rel}","templated":true}]}}