{"id":35205,"date":"2025-05-08T07:37:21","date_gmt":"2025-05-08T07:37:21","guid":{"rendered":"https:\/\/meteoquebec.ca\/?post_type=product&#038;p=35205"},"modified":"2026-02-24T16:02:13","modified_gmt":"2026-02-24T20:02:13","slug":"botte-originals-ankle-oaw-9pld","status":"publish","type":"product","link":"https:\/\/autravail.ca\/en\/product\/botte-originals-ankle-oaw-9pld\/","title":{"rendered":"Botte Originals Ankle &#8211; OAW-9PLD"},"content":{"rendered":"<h3>Botte Originals Ankle &#8211; OAW-9PLD<\/h3>\n<p>Botte Originals Ankle &#8211; OAW-9PLD. Inspir\u00e9e par notre c\u00e9l\u00e8bre botte Chore, la collection Muck Originals propose une gamme de bottes l\u00e9g\u00e8res et essentielles pour tous les jours. Le chausson en n\u00e9opr\u00e8ne est recouvert d&rsquo;une couche de caoutchouc appliqu\u00e9e \u00e0 la main pour une protection confortable et 100 % imperm\u00e9able. L&rsquo;assise plantaire moul\u00e9e en PU et la mousse m\u00e9moire offrent un excellent confort sous le pied, et la semelle int\u00e9rieure bioDEWIX\u2122 antimicrobienne offre une bonne gestion des odeurs et de l&rsquo;humidit\u00e9. Facile \u00e0 enfiler, elle est dot\u00e9e d&rsquo;une semelle ext\u00e9rieure durable qui offre adh\u00e9rence, style et performance.<\/p>\n<h6>Characteristics:<\/h6>\n<ul>\n<li>Sa conception en n\u00e9opr\u00e8ne envelopp\u00e9 de caoutchouc pos\u00e9 \u00e0 la main garantit une protection 100 % imperm\u00e9able.<\/li>\n<li>Chausson en n\u00e9opr\u00e8ne expos\u00e9 sur les c\u00f4t\u00e9s pour plus de confort et pour l&rsquo;enfiler facilement<\/li>\n<li>Doublure Airmesh 3D respirante<\/li>\n<li>Semelle en PU moul\u00e9 avec mousse m\u00e9moire pour un confort sup\u00e9rieur sous le pied<\/li>\n<li>Semelle bioDEWIX\u2122 Dry avec NZYM\u2122 pour le contr\u00f4le des odeurs et la gestion de l&rsquo;humidit\u00e9<\/li>\n<li>Estimation de la circonf\u00e9rence maximale du mollet : 32 cm\/ 12,5 po<\/li>\n<li>Hauteur estim\u00e9e : 15 cm\/ 6 po<\/li>\n<li>Zone de confort : De z\u00e9ro \u00e0 65\u00b0F \/ 18\u00b0C<\/li>\n<\/ul>\n<p>Les utilisatrices sur le site officiel de Muck\u00a0appr\u00e9cient g\u00e9n\u00e9ralement sa durabilit\u00e9 pour le jardinage ou les journ\u00e9es \u00e0 l&rsquo;\u00e9curie. Cependant, certains commentaires notent que la botte peut tailler un peu grand, surtout au niveau de la cheville, et sugg\u00e8rent l&rsquo;utilisation de chaussettes \u00e9paisses si vous \u00eates entre deux tailles (les demi-pointures n&rsquo;\u00e9tant pas disponibles).<span class=\"uJ19be notranslate\" data-wiz-uids=\"likese_3u,likese_3v\" data-complete=\"true\" data-processed=\"true\"><span class=\"vKEkVd\" data-animation-atomic=\"\" data-wiz-attrbind=\"class=likese_3t\/TKHnVd\" data-sae=\"\"><span aria-hidden=\"true\" aria-owns=\"action-menu-parent-container\">\u00a0<\/span><\/span><\/span><\/p>\n<p><img decoding=\"async\" class=\"alignnone wp-image-40620\" src=\"https:\/\/autravail.ca\/wp-content\/uploads\/2025\/09\/Jachete-quebec-et-canada.jpg\" alt=\"Logo de l'achat local\" width=\"162\" height=\"139\" \/>Merci d&rsquo;encourager une entreprise 100% d&rsquo;ici!<\/p>\n<p>TS2602H<\/p>","protected":false},"excerpt":{"rendered":"<p>Botte Originals Ankle &#8211; OAW-9PLD Botte Originals Ankle &#8211; OAW-9PLD. Inspir\u00e9e par notre c\u00e9l\u00e8bre botte Chore, la collection Muck Originals propose une gamme de bottes l\u00e9g\u00e8res et essentielles pour tous les jours. Le chausson en n\u00e9opr\u00e8ne est recouvert d&rsquo;une couche de caoutchouc appliqu\u00e9e \u00e0 la main pour une protection confortable et 100 % imperm\u00e9able. L&rsquo;assise [&hellip;]<\/p>","protected":false},"featured_media":20608,"comment_status":"open","ping_status":"closed","template":"","meta":[],"product_cat":[633],"product_tag":[255],"class_list":{"0":"post-35205","1":"product","2":"type-product","3":"status-publish","4":"has-post-thumbnail","6":"product_brand-muck","7":"product_cat-femmes","8":"product_tag-femme","10":"first","11":"instock","12":"taxable","13":"shipping-taxable","14":"purchasable","15":"product-type-variable"},"yoast_head":"<!-- This site is optimized with the Yoast SEO plugin v25.3.1 - https:\/\/yoast.com\/wordpress\/plugins\/seo\/ -->\n<title>Botte Originals Ankle - OAW-9PLD - Le Magasin Industriel<\/title>\n<meta name=\"description\" content=\"Botte Originals Ankle - OAW-9PLD la collection Muck Originals propose une gamme de bottes l\u00e9g\u00e8res et essentielles pour tous les jours\" \/>\n<meta name=\"robots\" content=\"index, follow, max-snippet:-1, max-image-preview:large, max-video-preview:-1\" \/>\n<link rel=\"canonical\" href=\"https:\/\/autravail.ca\/en\/product\/botte-originals-ankle-oaw-9pld\/\" \/>\n<meta property=\"og:locale\" content=\"en_US\" \/>\n<meta property=\"og:type\" content=\"article\" \/>\n<meta property=\"og:title\" content=\"Botte Originals Ankle - OAW-9PLD - Le Magasin Industriel\" \/>\n<meta property=\"og:description\" content=\"Botte Originals Ankle - OAW-9PLD la collection Muck Originals propose une gamme de bottes l\u00e9g\u00e8res et essentielles pour tous les jours\" \/>\n<meta property=\"og:url\" content=\"https:\/\/autravail.ca\/en\/product\/botte-originals-ankle-oaw-9pld\/\" \/>\n<meta property=\"og:site_name\" content=\"Le Magasin Industriel\" \/>\n<meta property=\"article:publisher\" content=\"https:\/\/www.facebook.com\/lemagasinindustriel\/?locale=fr_FR\" \/>\n<meta property=\"article:modified_time\" content=\"2026-02-24T20:02:13+00:00\" \/>\n<meta property=\"og:image\" content=\"https:\/\/autravail.ca\/wp-content\/uploads\/2025\/05\/OAW9PLD_A01.jpg\" \/>\n\t<meta property=\"og:image:width\" content=\"800\" \/>\n\t<meta property=\"og:image:height\" content=\"720\" \/>\n\t<meta property=\"og:image:type\" content=\"image\/jpeg\" \/>\n<meta name=\"twitter:card\" content=\"summary_large_image\" \/>\n<meta name=\"twitter:label1\" content=\"Est. reading time\" \/>\n\t<meta name=\"twitter:data1\" content=\"2 minutes\" \/>\n<script type=\"application\/ld+json\" class=\"yoast-schema-graph\">{\"@context\":\"https:\/\/schema.org\",\"@graph\":[{\"@type\":\"WebPage\",\"@id\":\"https:\/\/autravail.ca\/product\/botte-originals-ankle-oaw-9pld\/\",\"url\":\"https:\/\/autravail.ca\/product\/botte-originals-ankle-oaw-9pld\/\",\"name\":\"Botte Originals Ankle - OAW-9PLD - Le Magasin Industriel\",\"isPartOf\":{\"@id\":\"https:\/\/autravail.ca\/#website\"},\"primaryImageOfPage\":{\"@id\":\"https:\/\/autravail.ca\/product\/botte-originals-ankle-oaw-9pld\/#primaryimage\"},\"image\":{\"@id\":\"https:\/\/autravail.ca\/product\/botte-originals-ankle-oaw-9pld\/#primaryimage\"},\"thumbnailUrl\":\"https:\/\/autravail.ca\/wp-content\/uploads\/2025\/05\/OAW9PLD_A01.jpg\",\"datePublished\":\"2025-05-08T07:37:21+00:00\",\"dateModified\":\"2026-02-24T20:02:13+00:00\",\"description\":\"Botte Originals Ankle - OAW-9PLD la collection Muck Originals propose une gamme de bottes l\u00e9g\u00e8res et essentielles pour tous les jours\",\"breadcrumb\":{\"@id\":\"https:\/\/autravail.ca\/product\/botte-originals-ankle-oaw-9pld\/#breadcrumb\"},\"inLanguage\":\"en-CA\",\"potentialAction\":[{\"@type\":\"ReadAction\",\"target\":[\"https:\/\/autravail.ca\/product\/botte-originals-ankle-oaw-9pld\/\"]}]},{\"@type\":\"ImageObject\",\"inLanguage\":\"en-CA\",\"@id\":\"https:\/\/autravail.ca\/product\/botte-originals-ankle-oaw-9pld\/#primaryimage\",\"url\":\"https:\/\/autravail.ca\/wp-content\/uploads\/2025\/05\/OAW9PLD_A01.jpg\",\"contentUrl\":\"https:\/\/autravail.ca\/wp-content\/uploads\/2025\/05\/OAW9PLD_A01.jpg\",\"width\":800,\"height\":720,\"caption\":\"Botte Originals Ankle - OAW-9PLD\"},{\"@type\":\"BreadcrumbList\",\"@id\":\"https:\/\/autravail.ca\/product\/botte-originals-ankle-oaw-9pld\/#breadcrumb\",\"itemListElement\":[{\"@type\":\"ListItem\",\"position\":1,\"name\":\"Accueil\",\"item\":\"https:\/\/autravail.ca\/\"},{\"@type\":\"ListItem\",\"position\":2,\"name\":\"Magasin\",\"item\":\"https:\/\/autravail.ca\/en\/shop\/\"},{\"@type\":\"ListItem\",\"position\":3,\"name\":\"Botte Originals Ankle &#8211; OAW-9PLD\"}]},{\"@type\":\"WebSite\",\"@id\":\"https:\/\/autravail.ca\/#website\",\"url\":\"https:\/\/autravail.ca\/\",\"name\":\"Le Magasin Industriel\",\"description\":\"50 ans de tradition de s\u00e9curit\u00e9 au travail\",\"publisher\":{\"@id\":\"https:\/\/autravail.ca\/#organization\"},\"potentialAction\":[{\"@type\":\"SearchAction\",\"target\":{\"@type\":\"EntryPoint\",\"urlTemplate\":\"https:\/\/autravail.ca\/?s={search_term_string}\"},\"query-input\":{\"@type\":\"PropertyValueSpecification\",\"valueRequired\":true,\"valueName\":\"search_term_string\"}}],\"inLanguage\":\"en-CA\"},{\"@type\":\"Organization\",\"@id\":\"https:\/\/autravail.ca\/#organization\",\"name\":\"Le Magasin Industriel\",\"url\":\"https:\/\/autravail.ca\/\",\"logo\":{\"@type\":\"ImageObject\",\"inLanguage\":\"en-CA\",\"@id\":\"https:\/\/autravail.ca\/#\/schema\/logo\/image\/\",\"url\":\"https:\/\/autravail.ca\/wp-content\/uploads\/2025\/05\/cropped-magasin_industriel_120x.avif\",\"contentUrl\":\"https:\/\/autravail.ca\/wp-content\/uploads\/2025\/05\/cropped-magasin_industriel_120x.avif\",\"width\":120,\"height\":24,\"caption\":\"Le Magasin Industriel\"},\"image\":{\"@id\":\"https:\/\/autravail.ca\/#\/schema\/logo\/image\/\"},\"sameAs\":[\"https:\/\/www.facebook.com\/lemagasinindustriel\/?locale=fr_FR\"]}]}<\/script>\n<!-- \/ Yoast SEO plugin. -->","yoast_head_json":{"title":"Botte Originals Ankle - OAW-9PLD - Le Magasin Industriel","description":"Botte Originals Ankle - OAW-9PLD la collection Muck Originals propose une gamme de bottes l\u00e9g\u00e8res et essentielles pour tous les jours","robots":{"index":"index","follow":"follow","max-snippet":"max-snippet:-1","max-image-preview":"max-image-preview:large","max-video-preview":"max-video-preview:-1"},"canonical":"https:\/\/autravail.ca\/en\/product\/botte-originals-ankle-oaw-9pld\/","og_locale":"en_US","og_type":"article","og_title":"Botte Originals Ankle - OAW-9PLD - Le Magasin Industriel","og_description":"Botte Originals Ankle - OAW-9PLD la collection Muck Originals propose une gamme de bottes l\u00e9g\u00e8res et essentielles pour tous les jours","og_url":"https:\/\/autravail.ca\/en\/product\/botte-originals-ankle-oaw-9pld\/","og_site_name":"Le Magasin Industriel","article_publisher":"https:\/\/www.facebook.com\/lemagasinindustriel\/?locale=fr_FR","article_modified_time":"2026-02-24T20:02:13+00:00","og_image":[{"width":800,"height":720,"url":"https:\/\/autravail.ca\/wp-content\/uploads\/2025\/05\/OAW9PLD_A01.jpg","type":"image\/jpeg"}],"twitter_card":"summary_large_image","twitter_misc":{"Est. reading time":"2 minutes"},"schema":{"@context":"https:\/\/schema.org","@graph":[{"@type":"WebPage","@id":"https:\/\/autravail.ca\/product\/botte-originals-ankle-oaw-9pld\/","url":"https:\/\/autravail.ca\/product\/botte-originals-ankle-oaw-9pld\/","name":"Botte Originals Ankle - OAW-9PLD - Le Magasin Industriel","isPartOf":{"@id":"https:\/\/autravail.ca\/#website"},"primaryImageOfPage":{"@id":"https:\/\/autravail.ca\/product\/botte-originals-ankle-oaw-9pld\/#primaryimage"},"image":{"@id":"https:\/\/autravail.ca\/product\/botte-originals-ankle-oaw-9pld\/#primaryimage"},"thumbnailUrl":"https:\/\/autravail.ca\/wp-content\/uploads\/2025\/05\/OAW9PLD_A01.jpg","datePublished":"2025-05-08T07:37:21+00:00","dateModified":"2026-02-24T20:02:13+00:00","description":"Botte Originals Ankle - OAW-9PLD la collection Muck Originals propose une gamme de bottes l\u00e9g\u00e8res et essentielles pour tous les jours","breadcrumb":{"@id":"https:\/\/autravail.ca\/product\/botte-originals-ankle-oaw-9pld\/#breadcrumb"},"inLanguage":"en-CA","potentialAction":[{"@type":"ReadAction","target":["https:\/\/autravail.ca\/product\/botte-originals-ankle-oaw-9pld\/"]}]},{"@type":"ImageObject","inLanguage":"en-CA","@id":"https:\/\/autravail.ca\/product\/botte-originals-ankle-oaw-9pld\/#primaryimage","url":"https:\/\/autravail.ca\/wp-content\/uploads\/2025\/05\/OAW9PLD_A01.jpg","contentUrl":"https:\/\/autravail.ca\/wp-content\/uploads\/2025\/05\/OAW9PLD_A01.jpg","width":800,"height":720,"caption":"Botte Originals Ankle - OAW-9PLD"},{"@type":"BreadcrumbList","@id":"https:\/\/autravail.ca\/product\/botte-originals-ankle-oaw-9pld\/#breadcrumb","itemListElement":[{"@type":"ListItem","position":1,"name":"Accueil","item":"https:\/\/autravail.ca\/"},{"@type":"ListItem","position":2,"name":"Magasin","item":"https:\/\/autravail.ca\/en\/shop\/"},{"@type":"ListItem","position":3,"name":"Botte Originals Ankle &#8211; OAW-9PLD"}]},{"@type":"WebSite","@id":"https:\/\/autravail.ca\/#website","url":"https:\/\/autravail.ca\/","name":"Le Magasin Industriel","description":"50 ans de tradition de s\u00e9curit\u00e9 au travail","publisher":{"@id":"https:\/\/autravail.ca\/#organization"},"potentialAction":[{"@type":"SearchAction","target":{"@type":"EntryPoint","urlTemplate":"https:\/\/autravail.ca\/?s={search_term_string}"},"query-input":{"@type":"PropertyValueSpecification","valueRequired":true,"valueName":"search_term_string"}}],"inLanguage":"en-CA"},{"@type":"Organization","@id":"https:\/\/autravail.ca\/#organization","name":"Le Magasin Industriel","url":"https:\/\/autravail.ca\/","logo":{"@type":"ImageObject","inLanguage":"en-CA","@id":"https:\/\/autravail.ca\/#\/schema\/logo\/image\/","url":"https:\/\/autravail.ca\/wp-content\/uploads\/2025\/05\/cropped-magasin_industriel_120x.avif","contentUrl":"https:\/\/autravail.ca\/wp-content\/uploads\/2025\/05\/cropped-magasin_industriel_120x.avif","width":120,"height":24,"caption":"Le Magasin Industriel"},"image":{"@id":"https:\/\/autravail.ca\/#\/schema\/logo\/image\/"},"sameAs":["https:\/\/www.facebook.com\/lemagasinindustriel\/?locale=fr_FR"]}]}},"jetpack_sharing_enabled":true,"_links":{"self":[{"href":"https:\/\/autravail.ca\/en\/wp-json\/wp\/v2\/product\/35205","targetHints":{"allow":["GET"]}}],"collection":[{"href":"https:\/\/autravail.ca\/en\/wp-json\/wp\/v2\/product"}],"about":[{"href":"https:\/\/autravail.ca\/en\/wp-json\/wp\/v2\/types\/product"}],"replies":[{"embeddable":true,"href":"https:\/\/autravail.ca\/en\/wp-json\/wp\/v2\/comments?post=35205"}],"wp:featuredmedia":[{"embeddable":true,"href":"https:\/\/autravail.ca\/en\/wp-json\/wp\/v2\/media\/20608"}],"wp:attachment":[{"href":"https:\/\/autravail.ca\/en\/wp-json\/wp\/v2\/media?parent=35205"}],"wp:term":[{"taxonomy":"product_cat","embeddable":true,"href":"https:\/\/autravail.ca\/en\/wp-json\/wp\/v2\/product_cat?post=35205"},{"taxonomy":"product_tag","embeddable":true,"href":"https:\/\/autravail.ca\/en\/wp-json\/wp\/v2\/product_tag?post=35205"}],"curies":[{"name":"wp","href":"https:\/\/api.w.org\/{rel}","templated":true}]}}