{"id":35203,"date":"2025-05-08T07:37:20","date_gmt":"2025-05-08T07:37:20","guid":{"rendered":"https:\/\/meteoquebec.ca\/?post_type=product&#038;p=35203"},"modified":"2026-02-24T15:51:00","modified_gmt":"2026-02-24T19:51:00","slug":"botte-normadic-sport-nwva-000","status":"publish","type":"product","link":"https:\/\/autravail.ca\/en\/product\/botte-normadic-sport-nwva-000\/","title":{"rendered":"Botte Normadic Sport &#8211; NWVA-000"},"content":{"rendered":"<h3>Botte Normadic Sport &#8211; NWVA-000<\/h3>\n<p>Botte Normadic Sport &#8211; NWVA-000, une nouvelle technologie d&rsquo;adh\u00e9rence. La nouvelle semelle Vibram Arctic Grip All Terrain dot\u00e9e de la nouvelle technologie Vibram XS Trek Evo offre une adh\u00e9rence innovante sur tous les terrains, y compris la glace mouill\u00e9e, la neige, les surfaces mixtes et les sols durs ; b\u00e9n\u00e9ficiez d&rsquo;une adh\u00e9rence sup\u00e9rieure sous toutes les conditions.<\/p>\n<p>Con\u00e7ue pour des performances \u00e9lev\u00e9es par temps froid, la Nomadic Sport offre une chaleur imperm\u00e9able in\u00e9gal\u00e9e et une adh\u00e9rence sup\u00e9rieure dans une botte sportive d\u00e9contract\u00e9e que vous pourrez porter presque partout. La tige \u00e9l\u00e9gante est compos\u00e9e d&rsquo;un textile 100 % imperm\u00e9able, d&rsquo;une doublure en molleton thermique et d&rsquo;une isolation 200g pour offrir un maximum de chaleur et de confort lorsque les temp\u00e9ratures descendent jusqu&rsquo;\u00e0 -20F \/ -30C.<\/p>\n<h6>Characteristics:<\/h6>\n<ul>\n<li>100% imperm\u00e9able<\/li>\n<li>Caoutchouc dans les zones strat\u00e9giques pour une durabilit\u00e9 et une utilisation prolong\u00e9es<\/li>\n<li>Lacets pour un meilleur ajustement<\/li>\n<li>Semelle Vibram\u00ae Arctic Grip A.T pour l&rsquo;adh\u00e9rence sur glace mouill\u00e9e et technologie XS Trek Evo pour une durabilit\u00e9 et une adh\u00e9rence am\u00e9lior\u00e9e sur les surfaces humides et s\u00e8ches.<\/li>\n<li>Semelle interm\u00e9diaire l\u00e9g\u00e8re et amortissante en EVA pour plus de confort \/ Syst\u00e8me de semelle interm\u00e9diaire Vibram\u00ae SPE pour plus de soutien et d&rsquo;amorti<\/li>\n<li>Doublure en molleton pour plus de chaleur<\/li>\n<li>Isolant Cosmo\u2122 Therm 200G<\/li>\n<li>Premi\u00e8re de propret\u00e9 bioDEWIX\u2122Dry avec NZYM\u2122 pour le contr\u00f4le des odeurs et la gestion de l&rsquo;humidit\u00e9.<\/li>\n<li>Languette de tirage pour l&rsquo;enfiler et la retirer facilement<\/li>\n<li>Poids : 2,25 lb pour une taille 7<\/li>\n<li>Hauteur estim\u00e9e : 22 cm\/ 8,7 po<\/li>\n<li>Estimation de la circonf\u00e9rence maximale du mollet : 26 cm\/ 10,2 po<\/li>\n<li>Zone de confort : -20\u00b0F \u00e0 50\u00b0F \/ -30\u00b0C \u00e0 10\u00b0C<\/li>\n<\/ul>\n<p><img decoding=\"async\" class=\"alignnone wp-image-40620\" src=\"https:\/\/autravail.ca\/wp-content\/uploads\/2025\/09\/Jachete-quebec-et-canada.jpg\" alt=\"Logo de l'achat local\" width=\"162\" height=\"139\" \/>Merci d&rsquo;encourager une entreprise 100% d&rsquo;ici!<\/p>\n<p>TS2602H<\/p>","protected":false},"excerpt":{"rendered":"<p>Botte Normadic Sport &#8211; NWVA-000 Botte Normadic Sport &#8211; NWVA-000, une nouvelle technologie d&rsquo;adh\u00e9rence. La nouvelle semelle Vibram Arctic Grip All Terrain dot\u00e9e de la nouvelle technologie Vibram XS Trek Evo offre une adh\u00e9rence innovante sur tous les terrains, y compris la glace mouill\u00e9e, la neige, les surfaces mixtes et les sols durs ; b\u00e9n\u00e9ficiez [&hellip;]<\/p>","protected":false},"featured_media":20577,"comment_status":"open","ping_status":"closed","template":"","meta":[],"product_cat":[670,633],"product_tag":[255],"class_list":{"0":"post-35203","1":"product","2":"type-product","3":"status-publish","4":"has-post-thumbnail","6":"product_brand-muck","7":"product_cat-bottes-dhiver","8":"product_cat-femmes","9":"product_tag-femme","11":"first","12":"instock","13":"taxable","14":"shipping-taxable","15":"purchasable","16":"product-type-variable"},"yoast_head":"<!-- This site is optimized with the Yoast SEO plugin v25.3.1 - https:\/\/yoast.com\/wordpress\/plugins\/seo\/ -->\n<title>Botte Normadic Sport - NWVA-000 - Le Magasin Industriel<\/title>\n<meta name=\"description\" content=\"Botte Normadic Sport - NWVA-000 La nouvelle semelle Vibram Arctic Grip All Terrain dot\u00e9e de la nouvelle technologie Vibram XS Trek Evo\" \/>\n<meta name=\"robots\" content=\"index, follow, max-snippet:-1, max-image-preview:large, max-video-preview:-1\" \/>\n<link rel=\"canonical\" href=\"https:\/\/autravail.ca\/en\/product\/botte-normadic-sport-nwva-000\/\" \/>\n<meta property=\"og:locale\" content=\"en_US\" \/>\n<meta property=\"og:type\" content=\"article\" \/>\n<meta property=\"og:title\" content=\"Botte Normadic Sport - NWVA-000 - Le Magasin Industriel\" \/>\n<meta property=\"og:description\" content=\"Botte Normadic Sport - NWVA-000 La nouvelle semelle Vibram Arctic Grip All Terrain dot\u00e9e de la nouvelle technologie Vibram XS Trek Evo\" \/>\n<meta property=\"og:url\" content=\"https:\/\/autravail.ca\/en\/product\/botte-normadic-sport-nwva-000\/\" \/>\n<meta property=\"og:site_name\" content=\"Le Magasin Industriel\" \/>\n<meta property=\"article:publisher\" content=\"https:\/\/www.facebook.com\/lemagasinindustriel\/?locale=fr_FR\" \/>\n<meta property=\"article:modified_time\" content=\"2026-02-24T19:51:00+00:00\" \/>\n<meta property=\"og:image\" content=\"https:\/\/autravail.ca\/wp-content\/uploads\/2025\/05\/NWVA000_A01_30e21dd0-4c20-4752-8cde-dbefa4e14e82.jpg\" \/>\n\t<meta property=\"og:image:width\" content=\"800\" \/>\n\t<meta property=\"og:image:height\" content=\"720\" \/>\n\t<meta property=\"og:image:type\" content=\"image\/jpeg\" \/>\n<meta name=\"twitter:card\" content=\"summary_large_image\" \/>\n<meta name=\"twitter:label1\" content=\"Est. reading time\" \/>\n\t<meta name=\"twitter:data1\" content=\"2 minutes\" \/>\n<script type=\"application\/ld+json\" class=\"yoast-schema-graph\">{\"@context\":\"https:\/\/schema.org\",\"@graph\":[{\"@type\":\"WebPage\",\"@id\":\"https:\/\/autravail.ca\/product\/botte-normadic-sport-nwva-000\/\",\"url\":\"https:\/\/autravail.ca\/product\/botte-normadic-sport-nwva-000\/\",\"name\":\"Botte Normadic Sport - NWVA-000 - Le Magasin Industriel\",\"isPartOf\":{\"@id\":\"https:\/\/autravail.ca\/#website\"},\"primaryImageOfPage\":{\"@id\":\"https:\/\/autravail.ca\/product\/botte-normadic-sport-nwva-000\/#primaryimage\"},\"image\":{\"@id\":\"https:\/\/autravail.ca\/product\/botte-normadic-sport-nwva-000\/#primaryimage\"},\"thumbnailUrl\":\"https:\/\/autravail.ca\/wp-content\/uploads\/2025\/05\/NWVA000_A01_30e21dd0-4c20-4752-8cde-dbefa4e14e82.jpg\",\"datePublished\":\"2025-05-08T07:37:20+00:00\",\"dateModified\":\"2026-02-24T19:51:00+00:00\",\"description\":\"Botte Normadic Sport - NWVA-000 La nouvelle semelle Vibram Arctic Grip All Terrain dot\u00e9e de la nouvelle technologie Vibram XS Trek Evo\",\"breadcrumb\":{\"@id\":\"https:\/\/autravail.ca\/product\/botte-normadic-sport-nwva-000\/#breadcrumb\"},\"inLanguage\":\"en-CA\",\"potentialAction\":[{\"@type\":\"ReadAction\",\"target\":[\"https:\/\/autravail.ca\/product\/botte-normadic-sport-nwva-000\/\"]}]},{\"@type\":\"ImageObject\",\"inLanguage\":\"en-CA\",\"@id\":\"https:\/\/autravail.ca\/product\/botte-normadic-sport-nwva-000\/#primaryimage\",\"url\":\"https:\/\/autravail.ca\/wp-content\/uploads\/2025\/05\/NWVA000_A01_30e21dd0-4c20-4752-8cde-dbefa4e14e82.jpg\",\"contentUrl\":\"https:\/\/autravail.ca\/wp-content\/uploads\/2025\/05\/NWVA000_A01_30e21dd0-4c20-4752-8cde-dbefa4e14e82.jpg\",\"width\":800,\"height\":720,\"caption\":\"Botte Normadic Sport - NWVA-000\"},{\"@type\":\"BreadcrumbList\",\"@id\":\"https:\/\/autravail.ca\/product\/botte-normadic-sport-nwva-000\/#breadcrumb\",\"itemListElement\":[{\"@type\":\"ListItem\",\"position\":1,\"name\":\"Accueil\",\"item\":\"https:\/\/autravail.ca\/\"},{\"@type\":\"ListItem\",\"position\":2,\"name\":\"Magasin\",\"item\":\"https:\/\/autravail.ca\/en\/shop\/\"},{\"@type\":\"ListItem\",\"position\":3,\"name\":\"Botte Normadic Sport &#8211; NWVA-000\"}]},{\"@type\":\"WebSite\",\"@id\":\"https:\/\/autravail.ca\/#website\",\"url\":\"https:\/\/autravail.ca\/\",\"name\":\"Le Magasin Industriel\",\"description\":\"50 ans de tradition de s\u00e9curit\u00e9 au travail\",\"publisher\":{\"@id\":\"https:\/\/autravail.ca\/#organization\"},\"potentialAction\":[{\"@type\":\"SearchAction\",\"target\":{\"@type\":\"EntryPoint\",\"urlTemplate\":\"https:\/\/autravail.ca\/?s={search_term_string}\"},\"query-input\":{\"@type\":\"PropertyValueSpecification\",\"valueRequired\":true,\"valueName\":\"search_term_string\"}}],\"inLanguage\":\"en-CA\"},{\"@type\":\"Organization\",\"@id\":\"https:\/\/autravail.ca\/#organization\",\"name\":\"Le Magasin Industriel\",\"url\":\"https:\/\/autravail.ca\/\",\"logo\":{\"@type\":\"ImageObject\",\"inLanguage\":\"en-CA\",\"@id\":\"https:\/\/autravail.ca\/#\/schema\/logo\/image\/\",\"url\":\"https:\/\/autravail.ca\/wp-content\/uploads\/2025\/05\/cropped-magasin_industriel_120x.avif\",\"contentUrl\":\"https:\/\/autravail.ca\/wp-content\/uploads\/2025\/05\/cropped-magasin_industriel_120x.avif\",\"width\":120,\"height\":24,\"caption\":\"Le Magasin Industriel\"},\"image\":{\"@id\":\"https:\/\/autravail.ca\/#\/schema\/logo\/image\/\"},\"sameAs\":[\"https:\/\/www.facebook.com\/lemagasinindustriel\/?locale=fr_FR\"]}]}<\/script>\n<!-- \/ Yoast SEO plugin. -->","yoast_head_json":{"title":"Botte Normadic Sport - NWVA-000 - Le Magasin Industriel","description":"Botte Normadic Sport - NWVA-000 La nouvelle semelle Vibram Arctic Grip All Terrain dot\u00e9e de la nouvelle technologie Vibram XS Trek Evo","robots":{"index":"index","follow":"follow","max-snippet":"max-snippet:-1","max-image-preview":"max-image-preview:large","max-video-preview":"max-video-preview:-1"},"canonical":"https:\/\/autravail.ca\/en\/product\/botte-normadic-sport-nwva-000\/","og_locale":"en_US","og_type":"article","og_title":"Botte Normadic Sport - NWVA-000 - Le Magasin Industriel","og_description":"Botte Normadic Sport - NWVA-000 La nouvelle semelle Vibram Arctic Grip All Terrain dot\u00e9e de la nouvelle technologie Vibram XS Trek Evo","og_url":"https:\/\/autravail.ca\/en\/product\/botte-normadic-sport-nwva-000\/","og_site_name":"Le Magasin Industriel","article_publisher":"https:\/\/www.facebook.com\/lemagasinindustriel\/?locale=fr_FR","article_modified_time":"2026-02-24T19:51:00+00:00","og_image":[{"width":800,"height":720,"url":"https:\/\/autravail.ca\/wp-content\/uploads\/2025\/05\/NWVA000_A01_30e21dd0-4c20-4752-8cde-dbefa4e14e82.jpg","type":"image\/jpeg"}],"twitter_card":"summary_large_image","twitter_misc":{"Est. reading time":"2 minutes"},"schema":{"@context":"https:\/\/schema.org","@graph":[{"@type":"WebPage","@id":"https:\/\/autravail.ca\/product\/botte-normadic-sport-nwva-000\/","url":"https:\/\/autravail.ca\/product\/botte-normadic-sport-nwva-000\/","name":"Botte Normadic Sport - NWVA-000 - Le Magasin Industriel","isPartOf":{"@id":"https:\/\/autravail.ca\/#website"},"primaryImageOfPage":{"@id":"https:\/\/autravail.ca\/product\/botte-normadic-sport-nwva-000\/#primaryimage"},"image":{"@id":"https:\/\/autravail.ca\/product\/botte-normadic-sport-nwva-000\/#primaryimage"},"thumbnailUrl":"https:\/\/autravail.ca\/wp-content\/uploads\/2025\/05\/NWVA000_A01_30e21dd0-4c20-4752-8cde-dbefa4e14e82.jpg","datePublished":"2025-05-08T07:37:20+00:00","dateModified":"2026-02-24T19:51:00+00:00","description":"Botte Normadic Sport - NWVA-000 La nouvelle semelle Vibram Arctic Grip All Terrain dot\u00e9e de la nouvelle technologie Vibram XS Trek Evo","breadcrumb":{"@id":"https:\/\/autravail.ca\/product\/botte-normadic-sport-nwva-000\/#breadcrumb"},"inLanguage":"en-CA","potentialAction":[{"@type":"ReadAction","target":["https:\/\/autravail.ca\/product\/botte-normadic-sport-nwva-000\/"]}]},{"@type":"ImageObject","inLanguage":"en-CA","@id":"https:\/\/autravail.ca\/product\/botte-normadic-sport-nwva-000\/#primaryimage","url":"https:\/\/autravail.ca\/wp-content\/uploads\/2025\/05\/NWVA000_A01_30e21dd0-4c20-4752-8cde-dbefa4e14e82.jpg","contentUrl":"https:\/\/autravail.ca\/wp-content\/uploads\/2025\/05\/NWVA000_A01_30e21dd0-4c20-4752-8cde-dbefa4e14e82.jpg","width":800,"height":720,"caption":"Botte Normadic Sport - NWVA-000"},{"@type":"BreadcrumbList","@id":"https:\/\/autravail.ca\/product\/botte-normadic-sport-nwva-000\/#breadcrumb","itemListElement":[{"@type":"ListItem","position":1,"name":"Accueil","item":"https:\/\/autravail.ca\/"},{"@type":"ListItem","position":2,"name":"Magasin","item":"https:\/\/autravail.ca\/en\/shop\/"},{"@type":"ListItem","position":3,"name":"Botte Normadic Sport &#8211; NWVA-000"}]},{"@type":"WebSite","@id":"https:\/\/autravail.ca\/#website","url":"https:\/\/autravail.ca\/","name":"Le Magasin Industriel","description":"50 ans de tradition de s\u00e9curit\u00e9 au travail","publisher":{"@id":"https:\/\/autravail.ca\/#organization"},"potentialAction":[{"@type":"SearchAction","target":{"@type":"EntryPoint","urlTemplate":"https:\/\/autravail.ca\/?s={search_term_string}"},"query-input":{"@type":"PropertyValueSpecification","valueRequired":true,"valueName":"search_term_string"}}],"inLanguage":"en-CA"},{"@type":"Organization","@id":"https:\/\/autravail.ca\/#organization","name":"Le Magasin Industriel","url":"https:\/\/autravail.ca\/","logo":{"@type":"ImageObject","inLanguage":"en-CA","@id":"https:\/\/autravail.ca\/#\/schema\/logo\/image\/","url":"https:\/\/autravail.ca\/wp-content\/uploads\/2025\/05\/cropped-magasin_industriel_120x.avif","contentUrl":"https:\/\/autravail.ca\/wp-content\/uploads\/2025\/05\/cropped-magasin_industriel_120x.avif","width":120,"height":24,"caption":"Le Magasin Industriel"},"image":{"@id":"https:\/\/autravail.ca\/#\/schema\/logo\/image\/"},"sameAs":["https:\/\/www.facebook.com\/lemagasinindustriel\/?locale=fr_FR"]}]}},"jetpack_sharing_enabled":true,"_links":{"self":[{"href":"https:\/\/autravail.ca\/en\/wp-json\/wp\/v2\/product\/35203","targetHints":{"allow":["GET"]}}],"collection":[{"href":"https:\/\/autravail.ca\/en\/wp-json\/wp\/v2\/product"}],"about":[{"href":"https:\/\/autravail.ca\/en\/wp-json\/wp\/v2\/types\/product"}],"replies":[{"embeddable":true,"href":"https:\/\/autravail.ca\/en\/wp-json\/wp\/v2\/comments?post=35203"}],"wp:featuredmedia":[{"embeddable":true,"href":"https:\/\/autravail.ca\/en\/wp-json\/wp\/v2\/media\/20577"}],"wp:attachment":[{"href":"https:\/\/autravail.ca\/en\/wp-json\/wp\/v2\/media?parent=35203"}],"wp:term":[{"taxonomy":"product_cat","embeddable":true,"href":"https:\/\/autravail.ca\/en\/wp-json\/wp\/v2\/product_cat?post=35203"},{"taxonomy":"product_tag","embeddable":true,"href":"https:\/\/autravail.ca\/en\/wp-json\/wp\/v2\/product_tag?post=35203"}],"curies":[{"name":"wp","href":"https:\/\/api.w.org\/{rel}","templated":true}]}}