{"id":34925,"date":"2025-05-08T07:33:59","date_gmt":"2025-05-08T07:33:59","guid":{"rendered":"https:\/\/meteoquebec.ca\/?post_type=product&#038;p=34925"},"modified":"2025-12-05T05:10:10","modified_gmt":"2025-12-05T09:10:10","slug":"mcspehpgo-espadrille-de-travail-speedware-new-balance","status":"publish","type":"product","link":"https:\/\/autravail.ca\/en\/product\/mcspehpgo-espadrille-de-travail-speedware-new-balance\/","title":{"rendered":"MCSPEHPGO - WORK sneakers, SPEEDWARE - NEW BALANCE"},"content":{"rendered":"<p>Safety sneakers, Speedware - New Balance<\/p>\n<p>Speedware offers the ultimate in safety and comfortable lightweight shoes. Equipped with New Balance ACTEVA Performance midsole technology combined with the NB Comfort insert, it creates the perfect blend of support, cushioning, and flexibility. The AT TREAD exterior pattern offers our highest level of anti-slip resistance. Speedware was designed for the active worker in a wide range of conditions, both indoors and outdoors.\u00a0<\/p>\n<p>Intermediate Anti-Perforation Sole<br \/>Outside anti-slip sole.<br \/>Composite Cuff<br \/>Heel support<br \/>Tongue Leash (Ankle Strap)<br \/>PU Comfort Insert<\/p>\n<p><\/p>","protected":false},"excerpt":{"rendered":"<p>Speedware Safety Sneaker  New Balance Speedware offers the ultimate in lightweight, comfortable safety shoes. Features New Balance ACTEVA Performance midsole technology paired with an NB Comfort insert, creating the ideal blend of support, cushioning, and flexibility. AT-pattern outsole.<\/p>","protected":false},"featured_media":20242,"comment_status":"open","ping_status":"closed","template":"","meta":[],"product_cat":[645,602],"product_tag":[252,270,242,253],"class_list":{"0":"post-34925","1":"product","2":"type-product","3":"status-publish","4":"has-post-thumbnail","6":"product_brand-new-balance","7":"product_cat-espadrilles-de-travail","8":"product_cat-hommes","9":"product_tag-electric-shock-resistant","10":"product_tag-espadrilles-de-travail","11":"product_tag-homme","12":"product_tag-sole-protection","14":"first","15":"instock","16":"taxable","17":"shipping-taxable","18":"purchasable","19":"product-type-variable"},"yoast_head":"<!-- This site is optimized with the Yoast SEO plugin v25.3.1 - https:\/\/yoast.com\/wordpress\/plugins\/seo\/ -->\n<title>MCSPEHPGO - ESPADRILLE DE TRAVAIL, SPEEDWARE - NEW BALANCE - Le Magasin Industriel<\/title>\n<meta name=\"robots\" content=\"index, follow, max-snippet:-1, max-image-preview:large, max-video-preview:-1\" \/>\n<link rel=\"canonical\" href=\"https:\/\/autravail.ca\/en\/product\/mcspehpgo-espadrille-de-travail-speedware-new-balance\/\" \/>\n<meta property=\"og:locale\" content=\"en_US\" \/>\n<meta property=\"og:type\" content=\"article\" \/>\n<meta property=\"og:title\" content=\"MCSPEHPGO - ESPADRILLE DE TRAVAIL, SPEEDWARE - NEW BALANCE - Le Magasin Industriel\" \/>\n<meta property=\"og:description\" content=\"Espadrille de s\u00e9curit\u00e9, Speedware &#8211; New Balance Speedware propose le nec plus ultra en mati\u00e8re de chaussures de s\u00e9curit\u00e9 l\u00e9g\u00e8res et confortables. Dot\u00e9e de la technologie de semelle interm\u00e9diaire New Balance ACTEVA Performance associ\u00e9e \u00e0 l&rsquo;insert NB Comfort, elle cr\u00e9e le m\u00e9lange id\u00e9al de soutien, d&rsquo;amorti et de flexibilit\u00e9. La semelle ext\u00e9rieure \u00e0 motif AT [&hellip;]\" \/>\n<meta property=\"og:url\" content=\"https:\/\/autravail.ca\/en\/product\/mcspehpgo-espadrille-de-travail-speedware-new-balance\/\" \/>\n<meta property=\"og:site_name\" content=\"Le Magasin Industriel\" \/>\n<meta property=\"article:publisher\" content=\"https:\/\/www.facebook.com\/lemagasinindustriel\/?locale=fr_FR\" \/>\n<meta property=\"article:modified_time\" content=\"2025-12-05T09:10:10+00:00\" \/>\n<meta property=\"og:image\" content=\"https:\/\/autravail.ca\/wp-content\/uploads\/2025\/05\/MIDSPWREHPR_A01.jpg\" \/>\n\t<meta property=\"og:image:width\" content=\"1000\" \/>\n\t<meta property=\"og:image:height\" content=\"1000\" \/>\n\t<meta property=\"og:image:type\" content=\"image\/jpeg\" \/>\n<meta name=\"twitter:card\" content=\"summary_large_image\" \/>\n<meta name=\"twitter:label1\" content=\"Est. reading time\" \/>\n\t<meta name=\"twitter:data1\" content=\"1 minute\" \/>\n<script type=\"application\/ld+json\" class=\"yoast-schema-graph\">{\"@context\":\"https:\/\/schema.org\",\"@graph\":[{\"@type\":\"WebPage\",\"@id\":\"https:\/\/autravail.ca\/product\/mcspehpgo-espadrille-de-travail-speedware-new-balance\/\",\"url\":\"https:\/\/autravail.ca\/product\/mcspehpgo-espadrille-de-travail-speedware-new-balance\/\",\"name\":\"MCSPEHPGO - ESPADRILLE DE TRAVAIL, SPEEDWARE - NEW BALANCE - Le Magasin Industriel\",\"isPartOf\":{\"@id\":\"https:\/\/autravail.ca\/#website\"},\"primaryImageOfPage\":{\"@id\":\"https:\/\/autravail.ca\/product\/mcspehpgo-espadrille-de-travail-speedware-new-balance\/#primaryimage\"},\"image\":{\"@id\":\"https:\/\/autravail.ca\/product\/mcspehpgo-espadrille-de-travail-speedware-new-balance\/#primaryimage\"},\"thumbnailUrl\":\"https:\/\/autravail.ca\/wp-content\/uploads\/2025\/05\/MIDSPWREHPR_A01.jpg\",\"datePublished\":\"2025-05-08T07:33:59+00:00\",\"dateModified\":\"2025-12-05T09:10:10+00:00\",\"breadcrumb\":{\"@id\":\"https:\/\/autravail.ca\/product\/mcspehpgo-espadrille-de-travail-speedware-new-balance\/#breadcrumb\"},\"inLanguage\":\"en-CA\",\"potentialAction\":[{\"@type\":\"ReadAction\",\"target\":[\"https:\/\/autravail.ca\/product\/mcspehpgo-espadrille-de-travail-speedware-new-balance\/\"]}]},{\"@type\":\"ImageObject\",\"inLanguage\":\"en-CA\",\"@id\":\"https:\/\/autravail.ca\/product\/mcspehpgo-espadrille-de-travail-speedware-new-balance\/#primaryimage\",\"url\":\"https:\/\/autravail.ca\/wp-content\/uploads\/2025\/05\/MIDSPWREHPR_A01.jpg\",\"contentUrl\":\"https:\/\/autravail.ca\/wp-content\/uploads\/2025\/05\/MIDSPWREHPR_A01.jpg\",\"width\":1000,\"height\":1000},{\"@type\":\"BreadcrumbList\",\"@id\":\"https:\/\/autravail.ca\/product\/mcspehpgo-espadrille-de-travail-speedware-new-balance\/#breadcrumb\",\"itemListElement\":[{\"@type\":\"ListItem\",\"position\":1,\"name\":\"Accueil\",\"item\":\"https:\/\/autravail.ca\/\"},{\"@type\":\"ListItem\",\"position\":2,\"name\":\"Magasin\",\"item\":\"https:\/\/autravail.ca\/en\/shop\/\"},{\"@type\":\"ListItem\",\"position\":3,\"name\":\"MCSPEHPGO &#8211; ESPADRILLE DE TRAVAIL, SPEEDWARE &#8211; NEW BALANCE\"}]},{\"@type\":\"WebSite\",\"@id\":\"https:\/\/autravail.ca\/#website\",\"url\":\"https:\/\/autravail.ca\/\",\"name\":\"Le Magasin Industriel\",\"description\":\"50 ans de tradition de s\u00e9curit\u00e9 au travail\",\"publisher\":{\"@id\":\"https:\/\/autravail.ca\/#organization\"},\"potentialAction\":[{\"@type\":\"SearchAction\",\"target\":{\"@type\":\"EntryPoint\",\"urlTemplate\":\"https:\/\/autravail.ca\/?s={search_term_string}\"},\"query-input\":{\"@type\":\"PropertyValueSpecification\",\"valueRequired\":true,\"valueName\":\"search_term_string\"}}],\"inLanguage\":\"en-CA\"},{\"@type\":\"Organization\",\"@id\":\"https:\/\/autravail.ca\/#organization\",\"name\":\"Le Magasin Industriel\",\"url\":\"https:\/\/autravail.ca\/\",\"logo\":{\"@type\":\"ImageObject\",\"inLanguage\":\"en-CA\",\"@id\":\"https:\/\/autravail.ca\/#\/schema\/logo\/image\/\",\"url\":\"https:\/\/autravail.ca\/wp-content\/uploads\/2025\/05\/cropped-magasin_industriel_120x.avif\",\"contentUrl\":\"https:\/\/autravail.ca\/wp-content\/uploads\/2025\/05\/cropped-magasin_industriel_120x.avif\",\"width\":120,\"height\":24,\"caption\":\"Le Magasin Industriel\"},\"image\":{\"@id\":\"https:\/\/autravail.ca\/#\/schema\/logo\/image\/\"},\"sameAs\":[\"https:\/\/www.facebook.com\/lemagasinindustriel\/?locale=fr_FR\"]}]}<\/script>\n<!-- \/ Yoast SEO plugin. -->","yoast_head_json":{"title":"MCSPEHPGO - ESPADRILLE DE TRAVAIL, SPEEDWARE - NEW BALANCE - Le Magasin Industriel","robots":{"index":"index","follow":"follow","max-snippet":"max-snippet:-1","max-image-preview":"max-image-preview:large","max-video-preview":"max-video-preview:-1"},"canonical":"https:\/\/autravail.ca\/en\/product\/mcspehpgo-espadrille-de-travail-speedware-new-balance\/","og_locale":"en_US","og_type":"article","og_title":"MCSPEHPGO - ESPADRILLE DE TRAVAIL, SPEEDWARE - NEW BALANCE - Le Magasin Industriel","og_description":"Espadrille de s\u00e9curit\u00e9, Speedware &#8211; New Balance Speedware propose le nec plus ultra en mati\u00e8re de chaussures de s\u00e9curit\u00e9 l\u00e9g\u00e8res et confortables. Dot\u00e9e de la technologie de semelle interm\u00e9diaire New Balance ACTEVA Performance associ\u00e9e \u00e0 l&rsquo;insert NB Comfort, elle cr\u00e9e le m\u00e9lange id\u00e9al de soutien, d&rsquo;amorti et de flexibilit\u00e9. La semelle ext\u00e9rieure \u00e0 motif AT [&hellip;]","og_url":"https:\/\/autravail.ca\/en\/product\/mcspehpgo-espadrille-de-travail-speedware-new-balance\/","og_site_name":"Le Magasin Industriel","article_publisher":"https:\/\/www.facebook.com\/lemagasinindustriel\/?locale=fr_FR","article_modified_time":"2025-12-05T09:10:10+00:00","og_image":[{"width":1000,"height":1000,"url":"https:\/\/autravail.ca\/wp-content\/uploads\/2025\/05\/MIDSPWREHPR_A01.jpg","type":"image\/jpeg"}],"twitter_card":"summary_large_image","twitter_misc":{"Est. reading time":"1 minute"},"schema":{"@context":"https:\/\/schema.org","@graph":[{"@type":"WebPage","@id":"https:\/\/autravail.ca\/product\/mcspehpgo-espadrille-de-travail-speedware-new-balance\/","url":"https:\/\/autravail.ca\/product\/mcspehpgo-espadrille-de-travail-speedware-new-balance\/","name":"MCSPEHPGO - ESPADRILLE DE TRAVAIL, SPEEDWARE - NEW BALANCE - Le Magasin Industriel","isPartOf":{"@id":"https:\/\/autravail.ca\/#website"},"primaryImageOfPage":{"@id":"https:\/\/autravail.ca\/product\/mcspehpgo-espadrille-de-travail-speedware-new-balance\/#primaryimage"},"image":{"@id":"https:\/\/autravail.ca\/product\/mcspehpgo-espadrille-de-travail-speedware-new-balance\/#primaryimage"},"thumbnailUrl":"https:\/\/autravail.ca\/wp-content\/uploads\/2025\/05\/MIDSPWREHPR_A01.jpg","datePublished":"2025-05-08T07:33:59+00:00","dateModified":"2025-12-05T09:10:10+00:00","breadcrumb":{"@id":"https:\/\/autravail.ca\/product\/mcspehpgo-espadrille-de-travail-speedware-new-balance\/#breadcrumb"},"inLanguage":"en-CA","potentialAction":[{"@type":"ReadAction","target":["https:\/\/autravail.ca\/product\/mcspehpgo-espadrille-de-travail-speedware-new-balance\/"]}]},{"@type":"ImageObject","inLanguage":"en-CA","@id":"https:\/\/autravail.ca\/product\/mcspehpgo-espadrille-de-travail-speedware-new-balance\/#primaryimage","url":"https:\/\/autravail.ca\/wp-content\/uploads\/2025\/05\/MIDSPWREHPR_A01.jpg","contentUrl":"https:\/\/autravail.ca\/wp-content\/uploads\/2025\/05\/MIDSPWREHPR_A01.jpg","width":1000,"height":1000},{"@type":"BreadcrumbList","@id":"https:\/\/autravail.ca\/product\/mcspehpgo-espadrille-de-travail-speedware-new-balance\/#breadcrumb","itemListElement":[{"@type":"ListItem","position":1,"name":"Accueil","item":"https:\/\/autravail.ca\/"},{"@type":"ListItem","position":2,"name":"Magasin","item":"https:\/\/autravail.ca\/en\/shop\/"},{"@type":"ListItem","position":3,"name":"MCSPEHPGO &#8211; ESPADRILLE DE TRAVAIL, SPEEDWARE &#8211; NEW BALANCE"}]},{"@type":"WebSite","@id":"https:\/\/autravail.ca\/#website","url":"https:\/\/autravail.ca\/","name":"Le Magasin Industriel","description":"50 ans de tradition de s\u00e9curit\u00e9 au travail","publisher":{"@id":"https:\/\/autravail.ca\/#organization"},"potentialAction":[{"@type":"SearchAction","target":{"@type":"EntryPoint","urlTemplate":"https:\/\/autravail.ca\/?s={search_term_string}"},"query-input":{"@type":"PropertyValueSpecification","valueRequired":true,"valueName":"search_term_string"}}],"inLanguage":"en-CA"},{"@type":"Organization","@id":"https:\/\/autravail.ca\/#organization","name":"Le Magasin Industriel","url":"https:\/\/autravail.ca\/","logo":{"@type":"ImageObject","inLanguage":"en-CA","@id":"https:\/\/autravail.ca\/#\/schema\/logo\/image\/","url":"https:\/\/autravail.ca\/wp-content\/uploads\/2025\/05\/cropped-magasin_industriel_120x.avif","contentUrl":"https:\/\/autravail.ca\/wp-content\/uploads\/2025\/05\/cropped-magasin_industriel_120x.avif","width":120,"height":24,"caption":"Le Magasin Industriel"},"image":{"@id":"https:\/\/autravail.ca\/#\/schema\/logo\/image\/"},"sameAs":["https:\/\/www.facebook.com\/lemagasinindustriel\/?locale=fr_FR"]}]}},"jetpack_sharing_enabled":true,"_links":{"self":[{"href":"https:\/\/autravail.ca\/en\/wp-json\/wp\/v2\/product\/34925","targetHints":{"allow":["GET"]}}],"collection":[{"href":"https:\/\/autravail.ca\/en\/wp-json\/wp\/v2\/product"}],"about":[{"href":"https:\/\/autravail.ca\/en\/wp-json\/wp\/v2\/types\/product"}],"replies":[{"embeddable":true,"href":"https:\/\/autravail.ca\/en\/wp-json\/wp\/v2\/comments?post=34925"}],"wp:featuredmedia":[{"embeddable":true,"href":"https:\/\/autravail.ca\/en\/wp-json\/wp\/v2\/media\/20242"}],"wp:attachment":[{"href":"https:\/\/autravail.ca\/en\/wp-json\/wp\/v2\/media?parent=34925"}],"wp:term":[{"taxonomy":"product_cat","embeddable":true,"href":"https:\/\/autravail.ca\/en\/wp-json\/wp\/v2\/product_cat?post=34925"},{"taxonomy":"product_tag","embeddable":true,"href":"https:\/\/autravail.ca\/en\/wp-json\/wp\/v2\/product_tag?post=34925"}],"curies":[{"name":"wp","href":"https:\/\/api.w.org\/{rel}","templated":true}]}}