{"id":34898,"date":"2025-05-08T07:33:34","date_gmt":"2025-05-08T07:33:34","guid":{"rendered":"https:\/\/meteoquebec.ca\/?post_type=product&#038;p=34898"},"modified":"2026-04-03T14:42:19","modified_gmt":"2026-04-03T18:42:19","slug":"wcspehpbd-espadrille-de-travail-speed-ware-new-balance","status":"publish","type":"product","link":"https:\/\/autravail.ca\/en\/product\/wcspehpbd-espadrille-de-travail-speed-ware-new-balance\/","title":{"rendered":"WCSPEHPBD - Work sneakers, SPEED WARE - NEW BALANCE"},"content":{"rendered":"<p>Safety sneakers, Speed Ware - New Balance<\/p>\n<p>The New Balance Speedware work shoe for women offers the ultimate combination of light comfort and high-performance safety. Designed for active workers, the Speedware shoe features New Balance ACTEVA Performance midsole technology and a comfortable PU NB insert, offering exceptional support, cushioning and flexibility for all-day wear. Its AT TREAD outer sole pattern ensures superior slip resistance, while its anti-perforation intermediate sole and composite toe provide advanced protection without additional weight. Designed for durability and comfort,<\/p>\n<p>The Speedware shoe includes a reinforced heel counter for stability, a pull-loop at the heel for easy on and off, and a design tailored for airports for hassle-free travel. With antistatic properties and an elegant athletic silhouette, this work shoe is designed to meet job requirements without compromising comfort or style.<\/p>\n<p>Composite Buttons and Plates CSA Class 1, Resistant to Electrical Shocks (ESR)<\/p>","protected":false},"excerpt":{"rendered":"<p>Womens Speed Ware Safety Sneaker  New Balance The New Balance Speedware work shoe for women offers the ultimate combination of lightweight comfort and high-performance safety. Designed for active workers, it features New Balance ACTEVA Performance midsole technology and a comfortable PU insert.<\/p>","protected":false},"featured_media":20219,"comment_status":"open","ping_status":"closed","template":"","meta":[],"product_cat":[645,633],"product_tag":[252,270,255,253],"class_list":{"0":"post-34898","1":"product","2":"type-product","3":"status-publish","4":"has-post-thumbnail","6":"product_brand-new-balance","7":"product_cat-espadrilles-de-travail","8":"product_cat-femmes","9":"product_tag-electric-shock-resistant","10":"product_tag-espadrilles-de-travail","11":"product_tag-femme","12":"product_tag-sole-protection","14":"first","15":"instock","16":"taxable","17":"shipping-taxable","18":"purchasable","19":"product-type-variable"},"yoast_head":"<!-- This site is optimized with the Yoast SEO plugin v25.3.1 - https:\/\/yoast.com\/wordpress\/plugins\/seo\/ -->\n<title>WCSPEHPBD - ESPADRILLE DE TRAVAIL, SPEED WARE - NEW BALANCE - Le Magasin Industriel<\/title>\n<meta name=\"robots\" content=\"index, follow, max-snippet:-1, max-image-preview:large, max-video-preview:-1\" \/>\n<link rel=\"canonical\" href=\"https:\/\/autravail.ca\/en\/product\/wcspehpbd-espadrille-de-travail-speed-ware-new-balance\/\" \/>\n<meta property=\"og:locale\" content=\"en_US\" \/>\n<meta property=\"og:type\" content=\"article\" \/>\n<meta property=\"og:title\" content=\"WCSPEHPBD - ESPADRILLE DE TRAVAIL, SPEED WARE - NEW BALANCE - Le Magasin Industriel\" \/>\n<meta property=\"og:description\" content=\"Espadrille de s\u00e9curit\u00e9, Speed Ware &#8211; New Balance La chaussure de travail New Balance Speedware pour femme offre la combinaison ultime de confort l\u00e9ger et de s\u00e9curit\u00e9 haute performance. Con\u00e7ue pour les travailleuses actives, la chaussure Speedware est dot\u00e9e de la technologie de semelle interm\u00e9diaire New Balance ACTEVA Performance et d&rsquo;un insert confortable en PU [&hellip;]\" \/>\n<meta property=\"og:url\" content=\"https:\/\/autravail.ca\/en\/product\/wcspehpbd-espadrille-de-travail-speed-ware-new-balance\/\" \/>\n<meta property=\"og:site_name\" content=\"Le Magasin Industriel\" \/>\n<meta property=\"article:publisher\" content=\"https:\/\/www.facebook.com\/lemagasinindustriel\/?locale=fr_FR\" \/>\n<meta property=\"article:modified_time\" content=\"2026-04-03T18:42:19+00:00\" \/>\n<meta property=\"og:image\" content=\"https:\/\/autravail.ca\/wp-content\/uploads\/2025\/05\/WCSPEHPBD_A01.jpg\" \/>\n\t<meta property=\"og:image:width\" content=\"1000\" \/>\n\t<meta property=\"og:image:height\" content=\"1000\" \/>\n\t<meta property=\"og:image:type\" content=\"image\/jpeg\" \/>\n<meta name=\"twitter:card\" content=\"summary_large_image\" \/>\n<meta name=\"twitter:label1\" content=\"Est. reading time\" \/>\n\t<meta name=\"twitter:data1\" content=\"1 minute\" \/>\n<script type=\"application\/ld+json\" class=\"yoast-schema-graph\">{\"@context\":\"https:\/\/schema.org\",\"@graph\":[{\"@type\":\"WebPage\",\"@id\":\"https:\/\/autravail.ca\/product\/wcspehpbd-espadrille-de-travail-speed-ware-new-balance\/\",\"url\":\"https:\/\/autravail.ca\/product\/wcspehpbd-espadrille-de-travail-speed-ware-new-balance\/\",\"name\":\"WCSPEHPBD - ESPADRILLE DE TRAVAIL, SPEED WARE - NEW BALANCE - Le Magasin Industriel\",\"isPartOf\":{\"@id\":\"https:\/\/autravail.ca\/#website\"},\"primaryImageOfPage\":{\"@id\":\"https:\/\/autravail.ca\/product\/wcspehpbd-espadrille-de-travail-speed-ware-new-balance\/#primaryimage\"},\"image\":{\"@id\":\"https:\/\/autravail.ca\/product\/wcspehpbd-espadrille-de-travail-speed-ware-new-balance\/#primaryimage\"},\"thumbnailUrl\":\"https:\/\/autravail.ca\/wp-content\/uploads\/2025\/05\/WCSPEHPBD_A01.jpg\",\"datePublished\":\"2025-05-08T07:33:34+00:00\",\"dateModified\":\"2026-04-03T18:42:19+00:00\",\"breadcrumb\":{\"@id\":\"https:\/\/autravail.ca\/product\/wcspehpbd-espadrille-de-travail-speed-ware-new-balance\/#breadcrumb\"},\"inLanguage\":\"en-CA\",\"potentialAction\":[{\"@type\":\"ReadAction\",\"target\":[\"https:\/\/autravail.ca\/product\/wcspehpbd-espadrille-de-travail-speed-ware-new-balance\/\"]}]},{\"@type\":\"ImageObject\",\"inLanguage\":\"en-CA\",\"@id\":\"https:\/\/autravail.ca\/product\/wcspehpbd-espadrille-de-travail-speed-ware-new-balance\/#primaryimage\",\"url\":\"https:\/\/autravail.ca\/wp-content\/uploads\/2025\/05\/WCSPEHPBD_A01.jpg\",\"contentUrl\":\"https:\/\/autravail.ca\/wp-content\/uploads\/2025\/05\/WCSPEHPBD_A01.jpg\",\"width\":1000,\"height\":1000},{\"@type\":\"BreadcrumbList\",\"@id\":\"https:\/\/autravail.ca\/product\/wcspehpbd-espadrille-de-travail-speed-ware-new-balance\/#breadcrumb\",\"itemListElement\":[{\"@type\":\"ListItem\",\"position\":1,\"name\":\"Accueil\",\"item\":\"https:\/\/autravail.ca\/\"},{\"@type\":\"ListItem\",\"position\":2,\"name\":\"Magasin\",\"item\":\"https:\/\/autravail.ca\/en\/shop\/\"},{\"@type\":\"ListItem\",\"position\":3,\"name\":\"WCSPEHPBD &#8211; ESPADRILLE DE TRAVAIL, SPEED WARE &#8211; NEW BALANCE\"}]},{\"@type\":\"WebSite\",\"@id\":\"https:\/\/autravail.ca\/#website\",\"url\":\"https:\/\/autravail.ca\/\",\"name\":\"Le Magasin Industriel\",\"description\":\"50 ans de tradition de s\u00e9curit\u00e9 au travail\",\"publisher\":{\"@id\":\"https:\/\/autravail.ca\/#organization\"},\"potentialAction\":[{\"@type\":\"SearchAction\",\"target\":{\"@type\":\"EntryPoint\",\"urlTemplate\":\"https:\/\/autravail.ca\/?s={search_term_string}\"},\"query-input\":{\"@type\":\"PropertyValueSpecification\",\"valueRequired\":true,\"valueName\":\"search_term_string\"}}],\"inLanguage\":\"en-CA\"},{\"@type\":\"Organization\",\"@id\":\"https:\/\/autravail.ca\/#organization\",\"name\":\"Le Magasin Industriel\",\"url\":\"https:\/\/autravail.ca\/\",\"logo\":{\"@type\":\"ImageObject\",\"inLanguage\":\"en-CA\",\"@id\":\"https:\/\/autravail.ca\/#\/schema\/logo\/image\/\",\"url\":\"https:\/\/autravail.ca\/wp-content\/uploads\/2025\/05\/cropped-magasin_industriel_120x.avif\",\"contentUrl\":\"https:\/\/autravail.ca\/wp-content\/uploads\/2025\/05\/cropped-magasin_industriel_120x.avif\",\"width\":120,\"height\":24,\"caption\":\"Le Magasin Industriel\"},\"image\":{\"@id\":\"https:\/\/autravail.ca\/#\/schema\/logo\/image\/\"},\"sameAs\":[\"https:\/\/www.facebook.com\/lemagasinindustriel\/?locale=fr_FR\"]}]}<\/script>\n<!-- \/ Yoast SEO plugin. -->","yoast_head_json":{"title":"WCSPEHPBD - ESPADRILLE DE TRAVAIL, SPEED WARE - NEW BALANCE - Le Magasin Industriel","robots":{"index":"index","follow":"follow","max-snippet":"max-snippet:-1","max-image-preview":"max-image-preview:large","max-video-preview":"max-video-preview:-1"},"canonical":"https:\/\/autravail.ca\/en\/product\/wcspehpbd-espadrille-de-travail-speed-ware-new-balance\/","og_locale":"en_US","og_type":"article","og_title":"WCSPEHPBD - ESPADRILLE DE TRAVAIL, SPEED WARE - NEW BALANCE - Le Magasin Industriel","og_description":"Espadrille de s\u00e9curit\u00e9, Speed Ware &#8211; New Balance La chaussure de travail New Balance Speedware pour femme offre la combinaison ultime de confort l\u00e9ger et de s\u00e9curit\u00e9 haute performance. Con\u00e7ue pour les travailleuses actives, la chaussure Speedware est dot\u00e9e de la technologie de semelle interm\u00e9diaire New Balance ACTEVA Performance et d&rsquo;un insert confortable en PU [&hellip;]","og_url":"https:\/\/autravail.ca\/en\/product\/wcspehpbd-espadrille-de-travail-speed-ware-new-balance\/","og_site_name":"Le Magasin Industriel","article_publisher":"https:\/\/www.facebook.com\/lemagasinindustriel\/?locale=fr_FR","article_modified_time":"2026-04-03T18:42:19+00:00","og_image":[{"width":1000,"height":1000,"url":"https:\/\/autravail.ca\/wp-content\/uploads\/2025\/05\/WCSPEHPBD_A01.jpg","type":"image\/jpeg"}],"twitter_card":"summary_large_image","twitter_misc":{"Est. reading time":"1 minute"},"schema":{"@context":"https:\/\/schema.org","@graph":[{"@type":"WebPage","@id":"https:\/\/autravail.ca\/product\/wcspehpbd-espadrille-de-travail-speed-ware-new-balance\/","url":"https:\/\/autravail.ca\/product\/wcspehpbd-espadrille-de-travail-speed-ware-new-balance\/","name":"WCSPEHPBD - ESPADRILLE DE TRAVAIL, SPEED WARE - NEW BALANCE - Le Magasin Industriel","isPartOf":{"@id":"https:\/\/autravail.ca\/#website"},"primaryImageOfPage":{"@id":"https:\/\/autravail.ca\/product\/wcspehpbd-espadrille-de-travail-speed-ware-new-balance\/#primaryimage"},"image":{"@id":"https:\/\/autravail.ca\/product\/wcspehpbd-espadrille-de-travail-speed-ware-new-balance\/#primaryimage"},"thumbnailUrl":"https:\/\/autravail.ca\/wp-content\/uploads\/2025\/05\/WCSPEHPBD_A01.jpg","datePublished":"2025-05-08T07:33:34+00:00","dateModified":"2026-04-03T18:42:19+00:00","breadcrumb":{"@id":"https:\/\/autravail.ca\/product\/wcspehpbd-espadrille-de-travail-speed-ware-new-balance\/#breadcrumb"},"inLanguage":"en-CA","potentialAction":[{"@type":"ReadAction","target":["https:\/\/autravail.ca\/product\/wcspehpbd-espadrille-de-travail-speed-ware-new-balance\/"]}]},{"@type":"ImageObject","inLanguage":"en-CA","@id":"https:\/\/autravail.ca\/product\/wcspehpbd-espadrille-de-travail-speed-ware-new-balance\/#primaryimage","url":"https:\/\/autravail.ca\/wp-content\/uploads\/2025\/05\/WCSPEHPBD_A01.jpg","contentUrl":"https:\/\/autravail.ca\/wp-content\/uploads\/2025\/05\/WCSPEHPBD_A01.jpg","width":1000,"height":1000},{"@type":"BreadcrumbList","@id":"https:\/\/autravail.ca\/product\/wcspehpbd-espadrille-de-travail-speed-ware-new-balance\/#breadcrumb","itemListElement":[{"@type":"ListItem","position":1,"name":"Accueil","item":"https:\/\/autravail.ca\/"},{"@type":"ListItem","position":2,"name":"Magasin","item":"https:\/\/autravail.ca\/en\/shop\/"},{"@type":"ListItem","position":3,"name":"WCSPEHPBD &#8211; ESPADRILLE DE TRAVAIL, SPEED WARE &#8211; NEW BALANCE"}]},{"@type":"WebSite","@id":"https:\/\/autravail.ca\/#website","url":"https:\/\/autravail.ca\/","name":"Le Magasin Industriel","description":"50 ans de tradition de s\u00e9curit\u00e9 au travail","publisher":{"@id":"https:\/\/autravail.ca\/#organization"},"potentialAction":[{"@type":"SearchAction","target":{"@type":"EntryPoint","urlTemplate":"https:\/\/autravail.ca\/?s={search_term_string}"},"query-input":{"@type":"PropertyValueSpecification","valueRequired":true,"valueName":"search_term_string"}}],"inLanguage":"en-CA"},{"@type":"Organization","@id":"https:\/\/autravail.ca\/#organization","name":"Le Magasin Industriel","url":"https:\/\/autravail.ca\/","logo":{"@type":"ImageObject","inLanguage":"en-CA","@id":"https:\/\/autravail.ca\/#\/schema\/logo\/image\/","url":"https:\/\/autravail.ca\/wp-content\/uploads\/2025\/05\/cropped-magasin_industriel_120x.avif","contentUrl":"https:\/\/autravail.ca\/wp-content\/uploads\/2025\/05\/cropped-magasin_industriel_120x.avif","width":120,"height":24,"caption":"Le Magasin Industriel"},"image":{"@id":"https:\/\/autravail.ca\/#\/schema\/logo\/image\/"},"sameAs":["https:\/\/www.facebook.com\/lemagasinindustriel\/?locale=fr_FR"]}]}},"jetpack_sharing_enabled":true,"_links":{"self":[{"href":"https:\/\/autravail.ca\/en\/wp-json\/wp\/v2\/product\/34898","targetHints":{"allow":["GET"]}}],"collection":[{"href":"https:\/\/autravail.ca\/en\/wp-json\/wp\/v2\/product"}],"about":[{"href":"https:\/\/autravail.ca\/en\/wp-json\/wp\/v2\/types\/product"}],"replies":[{"embeddable":true,"href":"https:\/\/autravail.ca\/en\/wp-json\/wp\/v2\/comments?post=34898"}],"wp:featuredmedia":[{"embeddable":true,"href":"https:\/\/autravail.ca\/en\/wp-json\/wp\/v2\/media\/20219"}],"wp:attachment":[{"href":"https:\/\/autravail.ca\/en\/wp-json\/wp\/v2\/media?parent=34898"}],"wp:term":[{"taxonomy":"product_cat","embeddable":true,"href":"https:\/\/autravail.ca\/en\/wp-json\/wp\/v2\/product_cat?post=34898"},{"taxonomy":"product_tag","embeddable":true,"href":"https:\/\/autravail.ca\/en\/wp-json\/wp\/v2\/product_tag?post=34898"}],"curies":[{"name":"wp","href":"https:\/\/api.w.org\/{rel}","templated":true}]}}