{"id":34897,"date":"2025-05-08T07:33:33","date_gmt":"2025-05-08T07:33:33","guid":{"rendered":"https:\/\/meteoquebec.ca\/?post_type=product&#038;p=34897"},"modified":"2026-04-02T11:52:17","modified_gmt":"2026-04-02T15:52:17","slug":"botte-de-travail-mckinney-wedge-834qwt","status":"publish","type":"product","link":"https:\/\/autravail.ca\/en\/product\/botte-de-travail-mckinney-wedge-834qwt\/","title":{"rendered":"Botte de travail McKinney Wedge &#8211; 834QWT"},"content":{"rendered":"<h3>Botte de travail McKinney Wedge &#8211; 834QWT<\/h3>\n<p>Botte de travail McKinney Wedge &#8211; 834QWT de Kodiak. La chaussure compens\u00e9e Kodiak\u00ae McKinney de 15 cm (6 pouces) est con\u00e7ue pour le confort et la flexibilit\u00e9. Alliant cuir haut de gamme et empi\u00e8cements en daim cr\u00e9ant des points de flexion sur la tige, elle s&rsquo;adapte sans effort \u00e0 toutes les positions de travail. La semelle ext\u00e9rieure compens\u00e9e, r\u00e9sistante aux hydrocarbures et offrant une adh\u00e9rence optimale, est dot\u00e9e de rainures de flexion et int\u00e8gre une mousse BLOOM\u2122 \u00e0 base d&rsquo;algues, plus respectueuse de l&rsquo;environnement. Le la\u00e7age \u00e0 crochets m\u00e9talliques assure un ajustement parfait, tandis que l&#8217;embout de protection homologu\u00e9 CSA, la plaque de protection et les composants ESR compl\u00e8tent la protection.<\/p>\n<p><img decoding=\"async\" class=\"alignnone size-full wp-image-40117\" src=\"https:\/\/autravail.ca\/wp-content\/uploads\/2025\/09\/Certification-Omega-Triangle-vert.jpg\" alt=\"Certifications Om\u00e9ga Triangle vert\" width=\"193\" height=\"110\" srcset=\"https:\/\/autravail.ca\/wp-content\/uploads\/2025\/09\/Certification-Omega-Triangle-vert.jpg 193w, https:\/\/autravail.ca\/wp-content\/uploads\/2025\/09\/Certification-Omega-Triangle-vert-150x85.jpg 150w, https:\/\/autravail.ca\/wp-content\/uploads\/2025\/09\/Certification-Omega-Triangle-vert-18x10.jpg 18w\" sizes=\"(max-width: 193px) 100vw, 193px\" \/><\/p>\n<h6>Characteristics:<\/h6>\n<ul class=\"mb-0 styled-list product-features\">\n<li><span dir=\"auto\"><span dir=\"auto\">Bottes de travail Kodiak\u00ae 6&Prime; robustes en cuir pleine fleur avec empeigne mocassin<\/span><\/span><\/li>\n<li><span dir=\"auto\"><span dir=\"auto\">Languette rembourr\u00e9e en daim pour plus de confort et tige flexible<\/span><\/span><\/li>\n<li><span dir=\"auto\"><span dir=\"auto\">Syst\u00e8me de la\u00e7age traditionnel \u00e0 \u0153illets et crochets rapides<\/span><\/span><\/li>\n<li><span dir=\"auto\"><span dir=\"auto\">Doublure et dentelle 100 % polyester recycl\u00e9<\/span><\/span><\/li>\n<li><span dir=\"auto\"><span dir=\"auto\">Technologie de contr\u00f4le des odeurs KODIAK\u00ae SOS Smell Out Science\u00ae<\/span><\/span><\/li>\n<li><span dir=\"auto\"><span dir=\"auto\">Semelle int\u00e9rieure Comfortzone\u00ae LITE fabriqu\u00e9e avec le compos\u00e9 Ortholite\u00ae Hybrid\u2122<\/span><\/span><\/li>\n<li><span dir=\"auto\"><span dir=\"auto\">Semelle ext\u00e9rieure Rubberlon l\u00e9g\u00e8re, r\u00e9sistante \u00e0 l&rsquo;huile et antid\u00e9rapante, int\u00e9grant une mousse \u00e0 base d&rsquo;algues Bloom\u2122<\/span><\/span><\/li>\n<li><span dir=\"auto\"><span dir=\"auto\">Embout de s\u00e9curit\u00e9 composite homologu\u00e9 CSA, plaque composite, ESR<\/span><\/span><\/li>\n<li>Homologu\u00e9e\u00a0<strong class=\"Yjhzub\" data-sfc-root=\"c\" data-sfc-cb=\"\" data-complete=\"true\">CSA Classe 1<\/strong>\u00a0et r\u00e9sistante aux chocs \u00e9lectriques (ESR\/EH).<\/li>\n<li><span dir=\"auto\"><span dir=\"auto\">Poids : 718 grammes \/ 1,58 lb par botte de pointure 9<\/span><\/span><\/li>\n<\/ul>\n<p><em><span style=\"color: #fa0b0b;\">Unisex U.S. men's sizes presented. To convert to U.S. women's size, add 2 sizes. Example: 5 U.S. men = 7 U.S. women<\/span><\/em><\/p>\n<p><img decoding=\"async\" class=\"alignnone wp-image-40620\" src=\"https:\/\/autravail.ca\/wp-content\/uploads\/2025\/09\/Jachete-quebec-et-canada.jpg\" alt=\"Logo de l'achat local\" width=\"162\" height=\"139\" \/>Merci d&rsquo;encourager une entreprise 100% d&rsquo;ici!<\/p>\n<p>TS2604H<\/p>\n<p>&nbsp;<\/p>","protected":false},"excerpt":{"rendered":"<p>Botte de travail McKinney Wedge &#8211; 834QWT Botte de travail McKinney Wedge &#8211; 834QWT de Kodiak. La chaussure compens\u00e9e Kodiak\u00ae McKinney de 15 cm (6 pouces) est con\u00e7ue pour le confort et la flexibilit\u00e9. Alliant cuir haut de gamme et empi\u00e8cements en daim cr\u00e9ant des points de flexion sur la tige, elle s&rsquo;adapte sans effort [&hellip;]<\/p>","protected":false},"featured_media":20201,"comment_status":"open","ping_status":"closed","template":"","meta":[],"product_cat":[613,805,602],"product_tag":[251,252,242,253],"class_list":{"0":"post-34897","1":"product","2":"type-product","3":"status-publish","4":"has-post-thumbnail","6":"product_brand-kodiak","7":"product_cat-bottes-de-travail","8":"product_cat-bottes-de-travail-homme","9":"product_cat-hommes","10":"product_tag-bottes-de-travail","11":"product_tag-electric-shock-resistant","12":"product_tag-homme","13":"product_tag-sole-protection","15":"first","16":"instock","17":"taxable","18":"shipping-taxable","19":"purchasable","20":"product-type-variable"},"yoast_head":"<!-- This site is optimized with the Yoast SEO plugin v25.3.1 - https:\/\/yoast.com\/wordpress\/plugins\/seo\/ -->\n<title>Botte de travail McKinney Wedge - 834QWT - Le Magasin Industriel<\/title>\n<meta name=\"description\" content=\"Botte de travail McKinney Wedge - 834QWT. Alliant cuir haut de gamme et empi\u00e8cements en daim cr\u00e9ant des points de flexion sur la tige\" \/>\n<meta name=\"robots\" content=\"index, follow, max-snippet:-1, max-image-preview:large, max-video-preview:-1\" \/>\n<link rel=\"canonical\" href=\"https:\/\/autravail.ca\/en\/product\/botte-de-travail-mckinney-wedge-834qwt\/\" \/>\n<meta property=\"og:locale\" content=\"en_US\" \/>\n<meta property=\"og:type\" content=\"article\" \/>\n<meta property=\"og:title\" content=\"Botte de travail McKinney Wedge - 834QWT - Le Magasin Industriel\" \/>\n<meta property=\"og:description\" content=\"Botte de travail McKinney Wedge - 834QWT. Alliant cuir haut de gamme et empi\u00e8cements en daim cr\u00e9ant des points de flexion sur la tige\" \/>\n<meta property=\"og:url\" content=\"https:\/\/autravail.ca\/en\/product\/botte-de-travail-mckinney-wedge-834qwt\/\" \/>\n<meta property=\"og:site_name\" content=\"Le Magasin Industriel\" \/>\n<meta property=\"article:publisher\" content=\"https:\/\/www.facebook.com\/lemagasinindustriel\/?locale=fr_FR\" \/>\n<meta property=\"article:modified_time\" content=\"2026-04-02T15:52:17+00:00\" \/>\n<meta property=\"og:image\" content=\"https:\/\/autravail.ca\/wp-content\/uploads\/2025\/05\/834NWT_A01_f08a9c2d-6836-4001-adda-bb68ec912827.jpg\" \/>\n\t<meta property=\"og:image:width\" content=\"1000\" \/>\n\t<meta property=\"og:image:height\" content=\"1000\" \/>\n\t<meta property=\"og:image:type\" content=\"image\/jpeg\" \/>\n<meta name=\"twitter:card\" content=\"summary_large_image\" \/>\n<meta name=\"twitter:label1\" content=\"Est. reading time\" \/>\n\t<meta name=\"twitter:data1\" content=\"2 minutes\" \/>\n<script type=\"application\/ld+json\" class=\"yoast-schema-graph\">{\"@context\":\"https:\/\/schema.org\",\"@graph\":[{\"@type\":\"WebPage\",\"@id\":\"https:\/\/autravail.ca\/product\/botte-de-travail-mckinney-wedge-834qwt\/\",\"url\":\"https:\/\/autravail.ca\/product\/botte-de-travail-mckinney-wedge-834qwt\/\",\"name\":\"Botte de travail McKinney Wedge - 834QWT - Le Magasin Industriel\",\"isPartOf\":{\"@id\":\"https:\/\/autravail.ca\/#website\"},\"primaryImageOfPage\":{\"@id\":\"https:\/\/autravail.ca\/product\/botte-de-travail-mckinney-wedge-834qwt\/#primaryimage\"},\"image\":{\"@id\":\"https:\/\/autravail.ca\/product\/botte-de-travail-mckinney-wedge-834qwt\/#primaryimage\"},\"thumbnailUrl\":\"https:\/\/autravail.ca\/wp-content\/uploads\/2025\/05\/834NWT_A01_f08a9c2d-6836-4001-adda-bb68ec912827.jpg\",\"datePublished\":\"2025-05-08T07:33:33+00:00\",\"dateModified\":\"2026-04-02T15:52:17+00:00\",\"description\":\"Botte de travail McKinney Wedge - 834QWT. Alliant cuir haut de gamme et empi\u00e8cements en daim cr\u00e9ant des points de flexion sur la tige\",\"breadcrumb\":{\"@id\":\"https:\/\/autravail.ca\/product\/botte-de-travail-mckinney-wedge-834qwt\/#breadcrumb\"},\"inLanguage\":\"en-CA\",\"potentialAction\":[{\"@type\":\"ReadAction\",\"target\":[\"https:\/\/autravail.ca\/product\/botte-de-travail-mckinney-wedge-834qwt\/\"]}]},{\"@type\":\"ImageObject\",\"inLanguage\":\"en-CA\",\"@id\":\"https:\/\/autravail.ca\/product\/botte-de-travail-mckinney-wedge-834qwt\/#primaryimage\",\"url\":\"https:\/\/autravail.ca\/wp-content\/uploads\/2025\/05\/834NWT_A01_f08a9c2d-6836-4001-adda-bb68ec912827.jpg\",\"contentUrl\":\"https:\/\/autravail.ca\/wp-content\/uploads\/2025\/05\/834NWT_A01_f08a9c2d-6836-4001-adda-bb68ec912827.jpg\",\"width\":1000,\"height\":1000,\"caption\":\"Botte de travail McKinney Wedge - 834QWT\"},{\"@type\":\"BreadcrumbList\",\"@id\":\"https:\/\/autravail.ca\/product\/botte-de-travail-mckinney-wedge-834qwt\/#breadcrumb\",\"itemListElement\":[{\"@type\":\"ListItem\",\"position\":1,\"name\":\"Accueil\",\"item\":\"https:\/\/autravail.ca\/\"},{\"@type\":\"ListItem\",\"position\":2,\"name\":\"Magasin\",\"item\":\"https:\/\/autravail.ca\/en\/shop\/\"},{\"@type\":\"ListItem\",\"position\":3,\"name\":\"Botte de travail McKinney Wedge &#8211; 834QWT\"}]},{\"@type\":\"WebSite\",\"@id\":\"https:\/\/autravail.ca\/#website\",\"url\":\"https:\/\/autravail.ca\/\",\"name\":\"Le Magasin Industriel\",\"description\":\"50 ans de tradition de s\u00e9curit\u00e9 au travail\",\"publisher\":{\"@id\":\"https:\/\/autravail.ca\/#organization\"},\"potentialAction\":[{\"@type\":\"SearchAction\",\"target\":{\"@type\":\"EntryPoint\",\"urlTemplate\":\"https:\/\/autravail.ca\/?s={search_term_string}\"},\"query-input\":{\"@type\":\"PropertyValueSpecification\",\"valueRequired\":true,\"valueName\":\"search_term_string\"}}],\"inLanguage\":\"en-CA\"},{\"@type\":\"Organization\",\"@id\":\"https:\/\/autravail.ca\/#organization\",\"name\":\"Le Magasin Industriel\",\"url\":\"https:\/\/autravail.ca\/\",\"logo\":{\"@type\":\"ImageObject\",\"inLanguage\":\"en-CA\",\"@id\":\"https:\/\/autravail.ca\/#\/schema\/logo\/image\/\",\"url\":\"https:\/\/autravail.ca\/wp-content\/uploads\/2025\/05\/cropped-magasin_industriel_120x.avif\",\"contentUrl\":\"https:\/\/autravail.ca\/wp-content\/uploads\/2025\/05\/cropped-magasin_industriel_120x.avif\",\"width\":120,\"height\":24,\"caption\":\"Le Magasin Industriel\"},\"image\":{\"@id\":\"https:\/\/autravail.ca\/#\/schema\/logo\/image\/\"},\"sameAs\":[\"https:\/\/www.facebook.com\/lemagasinindustriel\/?locale=fr_FR\"]}]}<\/script>\n<!-- \/ Yoast SEO plugin. -->","yoast_head_json":{"title":"Botte de travail McKinney Wedge - 834QWT - Le Magasin Industriel","description":"Botte de travail McKinney Wedge - 834QWT. Alliant cuir haut de gamme et empi\u00e8cements en daim cr\u00e9ant des points de flexion sur la tige","robots":{"index":"index","follow":"follow","max-snippet":"max-snippet:-1","max-image-preview":"max-image-preview:large","max-video-preview":"max-video-preview:-1"},"canonical":"https:\/\/autravail.ca\/en\/product\/botte-de-travail-mckinney-wedge-834qwt\/","og_locale":"en_US","og_type":"article","og_title":"Botte de travail McKinney Wedge - 834QWT - Le Magasin Industriel","og_description":"Botte de travail McKinney Wedge - 834QWT. Alliant cuir haut de gamme et empi\u00e8cements en daim cr\u00e9ant des points de flexion sur la tige","og_url":"https:\/\/autravail.ca\/en\/product\/botte-de-travail-mckinney-wedge-834qwt\/","og_site_name":"Le Magasin Industriel","article_publisher":"https:\/\/www.facebook.com\/lemagasinindustriel\/?locale=fr_FR","article_modified_time":"2026-04-02T15:52:17+00:00","og_image":[{"width":1000,"height":1000,"url":"https:\/\/autravail.ca\/wp-content\/uploads\/2025\/05\/834NWT_A01_f08a9c2d-6836-4001-adda-bb68ec912827.jpg","type":"image\/jpeg"}],"twitter_card":"summary_large_image","twitter_misc":{"Est. reading time":"2 minutes"},"schema":{"@context":"https:\/\/schema.org","@graph":[{"@type":"WebPage","@id":"https:\/\/autravail.ca\/product\/botte-de-travail-mckinney-wedge-834qwt\/","url":"https:\/\/autravail.ca\/product\/botte-de-travail-mckinney-wedge-834qwt\/","name":"Botte de travail McKinney Wedge - 834QWT - Le Magasin Industriel","isPartOf":{"@id":"https:\/\/autravail.ca\/#website"},"primaryImageOfPage":{"@id":"https:\/\/autravail.ca\/product\/botte-de-travail-mckinney-wedge-834qwt\/#primaryimage"},"image":{"@id":"https:\/\/autravail.ca\/product\/botte-de-travail-mckinney-wedge-834qwt\/#primaryimage"},"thumbnailUrl":"https:\/\/autravail.ca\/wp-content\/uploads\/2025\/05\/834NWT_A01_f08a9c2d-6836-4001-adda-bb68ec912827.jpg","datePublished":"2025-05-08T07:33:33+00:00","dateModified":"2026-04-02T15:52:17+00:00","description":"Botte de travail McKinney Wedge - 834QWT. Alliant cuir haut de gamme et empi\u00e8cements en daim cr\u00e9ant des points de flexion sur la tige","breadcrumb":{"@id":"https:\/\/autravail.ca\/product\/botte-de-travail-mckinney-wedge-834qwt\/#breadcrumb"},"inLanguage":"en-CA","potentialAction":[{"@type":"ReadAction","target":["https:\/\/autravail.ca\/product\/botte-de-travail-mckinney-wedge-834qwt\/"]}]},{"@type":"ImageObject","inLanguage":"en-CA","@id":"https:\/\/autravail.ca\/product\/botte-de-travail-mckinney-wedge-834qwt\/#primaryimage","url":"https:\/\/autravail.ca\/wp-content\/uploads\/2025\/05\/834NWT_A01_f08a9c2d-6836-4001-adda-bb68ec912827.jpg","contentUrl":"https:\/\/autravail.ca\/wp-content\/uploads\/2025\/05\/834NWT_A01_f08a9c2d-6836-4001-adda-bb68ec912827.jpg","width":1000,"height":1000,"caption":"Botte de travail McKinney Wedge - 834QWT"},{"@type":"BreadcrumbList","@id":"https:\/\/autravail.ca\/product\/botte-de-travail-mckinney-wedge-834qwt\/#breadcrumb","itemListElement":[{"@type":"ListItem","position":1,"name":"Accueil","item":"https:\/\/autravail.ca\/"},{"@type":"ListItem","position":2,"name":"Magasin","item":"https:\/\/autravail.ca\/en\/shop\/"},{"@type":"ListItem","position":3,"name":"Botte de travail McKinney Wedge &#8211; 834QWT"}]},{"@type":"WebSite","@id":"https:\/\/autravail.ca\/#website","url":"https:\/\/autravail.ca\/","name":"Le Magasin Industriel","description":"50 ans de tradition de s\u00e9curit\u00e9 au travail","publisher":{"@id":"https:\/\/autravail.ca\/#organization"},"potentialAction":[{"@type":"SearchAction","target":{"@type":"EntryPoint","urlTemplate":"https:\/\/autravail.ca\/?s={search_term_string}"},"query-input":{"@type":"PropertyValueSpecification","valueRequired":true,"valueName":"search_term_string"}}],"inLanguage":"en-CA"},{"@type":"Organization","@id":"https:\/\/autravail.ca\/#organization","name":"Le Magasin Industriel","url":"https:\/\/autravail.ca\/","logo":{"@type":"ImageObject","inLanguage":"en-CA","@id":"https:\/\/autravail.ca\/#\/schema\/logo\/image\/","url":"https:\/\/autravail.ca\/wp-content\/uploads\/2025\/05\/cropped-magasin_industriel_120x.avif","contentUrl":"https:\/\/autravail.ca\/wp-content\/uploads\/2025\/05\/cropped-magasin_industriel_120x.avif","width":120,"height":24,"caption":"Le Magasin Industriel"},"image":{"@id":"https:\/\/autravail.ca\/#\/schema\/logo\/image\/"},"sameAs":["https:\/\/www.facebook.com\/lemagasinindustriel\/?locale=fr_FR"]}]}},"jetpack_sharing_enabled":true,"_links":{"self":[{"href":"https:\/\/autravail.ca\/en\/wp-json\/wp\/v2\/product\/34897","targetHints":{"allow":["GET"]}}],"collection":[{"href":"https:\/\/autravail.ca\/en\/wp-json\/wp\/v2\/product"}],"about":[{"href":"https:\/\/autravail.ca\/en\/wp-json\/wp\/v2\/types\/product"}],"replies":[{"embeddable":true,"href":"https:\/\/autravail.ca\/en\/wp-json\/wp\/v2\/comments?post=34897"}],"wp:featuredmedia":[{"embeddable":true,"href":"https:\/\/autravail.ca\/en\/wp-json\/wp\/v2\/media\/20201"}],"wp:attachment":[{"href":"https:\/\/autravail.ca\/en\/wp-json\/wp\/v2\/media?parent=34897"}],"wp:term":[{"taxonomy":"product_cat","embeddable":true,"href":"https:\/\/autravail.ca\/en\/wp-json\/wp\/v2\/product_cat?post=34897"},{"taxonomy":"product_tag","embeddable":true,"href":"https:\/\/autravail.ca\/en\/wp-json\/wp\/v2\/product_tag?post=34897"}],"curies":[{"name":"wp","href":"https:\/\/api.w.org\/{rel}","templated":true}]}}