{"id":34841,"date":"2025-05-08T07:32:37","date_gmt":"2025-05-08T07:32:37","guid":{"rendered":"https:\/\/meteoquebec.ca\/?post_type=product&#038;p=34841"},"modified":"2025-12-05T05:10:11","modified_gmt":"2025-12-05T09:10:11","slug":"manteau-impermeable-torrent-5335n-dri-duck","status":"publish","type":"product","link":"https:\/\/autravail.ca\/en\/product\/manteau-impermeable-torrent-5335n-dri-duck\/","title":{"rendered":"Manteau Inpermable Torrent - 5335N - DRI DUCK"},"content":{"rendered":"<h3>Raincoat, Dri Duck<\/h3>\n<ul data-mce-fragment=\"1\">\n<li data-mce-fragment=\"1\">5.8 oz, envelope 100% nylon<\/li>\n<li data-mce-fragment=\"1\">Double-layered body and hood made of mesh<\/li>\n<li data-mce-fragment=\"1\">Waterproof, welded sewing, 10 000 mm<\/li>\n<li data-mce-fragment=\"1\">Breathing, 5000 g<\/li>\n<li data-mce-fragment=\"1\">Windbreak<\/li>\n<li data-mce-fragment=\"1\">Interior pocket for phone<\/li>\n<li data-mce-fragment=\"1\">Sleeves, hood and adjustable cuffs<\/li>\n<li data-mce-fragment=\"1\">Quick sealing closures<\/li>\n<li data-mce-fragment=\"1\">Access to embroidery for easier decoration<\/li>\n<\/ul>","protected":false},"excerpt":{"rendered":"<p>Waterproof Jacket, Dri Duck 5.8 oz, 100% nylon body and hood lined with mesh, waterproof, sealed sewing, 10,000 mm breathable, 5,000 g wind cutting Pocket for phone Interior, adjustable hood and cuffs, quick-lightening zippers Access to embroidery for easy decoration<\/p>","protected":false},"featured_media":20109,"comment_status":"open","ping_status":"closed","template":"","meta":[],"product_cat":[15],"product_tag":[242,280,250,343],"class_list":{"0":"post-34841","1":"product","2":"type-product","3":"status-publish","4":"has-post-thumbnail","6":"product_brand-dri-duck","7":"product_cat-uncategorized","8":"product_tag-homme","9":"product_tag-impermeables","10":"product_tag-manteaux","11":"product_tag-veste","13":"first","14":"instock","15":"taxable","16":"shipping-taxable","17":"purchasable","18":"product-type-variable"},"yoast_head":"<!-- This site is optimized with the Yoast SEO plugin v25.3.1 - https:\/\/yoast.com\/wordpress\/plugins\/seo\/ -->\n<title>MANTEAU IMPERM\u00c9ABLE TORRENT - 5335N - DRI DUCK - Le Magasin Industriel<\/title>\n<meta name=\"robots\" content=\"index, follow, max-snippet:-1, max-image-preview:large, max-video-preview:-1\" \/>\n<link rel=\"canonical\" href=\"https:\/\/autravail.ca\/en\/product\/manteau-impermeable-torrent-5335n-dri-duck\/\" \/>\n<meta property=\"og:locale\" content=\"en_US\" \/>\n<meta property=\"og:type\" content=\"article\" \/>\n<meta property=\"og:title\" content=\"MANTEAU IMPERM\u00c9ABLE TORRENT - 5335N - DRI DUCK - Le Magasin Industriel\" \/>\n<meta property=\"og:description\" content=\"Veste imperm\u00e9able, Dri Duck 5,8 oz, enveloppe 100% nylon Corps et capuche doubl\u00e9s de maille Imperm\u00e9able, couture scell\u00e9e, 10 000 mm Respirant, 5 000 g Coupe-vent Poche int\u00e9rieure pour t\u00e9l\u00e9phone Ourlet, capuche et poignets r\u00e9glables Fermetures \u00e9clair \u00e9tanches Acc\u00e8s aux broderies pour faciliter la d\u00e9coration\" \/>\n<meta property=\"og:url\" content=\"https:\/\/autravail.ca\/en\/product\/manteau-impermeable-torrent-5335n-dri-duck\/\" \/>\n<meta property=\"og:site_name\" content=\"Le Magasin Industriel\" \/>\n<meta property=\"article:publisher\" content=\"https:\/\/www.facebook.com\/lemagasinindustriel\/?locale=fr_FR\" \/>\n<meta property=\"article:modified_time\" content=\"2025-12-05T09:10:11+00:00\" \/>\n<meta property=\"og:image\" content=\"https:\/\/autravail.ca\/wp-content\/uploads\/2025\/05\/5335N_A01.jpg\" \/>\n\t<meta property=\"og:image:width\" content=\"1000\" \/>\n\t<meta property=\"og:image:height\" content=\"1000\" \/>\n\t<meta property=\"og:image:type\" content=\"image\/jpeg\" \/>\n<meta name=\"twitter:card\" content=\"summary_large_image\" \/>\n<script type=\"application\/ld+json\" class=\"yoast-schema-graph\">{\"@context\":\"https:\/\/schema.org\",\"@graph\":[{\"@type\":\"WebPage\",\"@id\":\"https:\/\/autravail.ca\/en\/product\/manteau-impermeable-torrent-5335n-dri-duck\/\",\"url\":\"https:\/\/autravail.ca\/en\/product\/manteau-impermeable-torrent-5335n-dri-duck\/\",\"name\":\"MANTEAU IMPERM\u00c9ABLE TORRENT - 5335N - DRI DUCK - Le Magasin Industriel\",\"isPartOf\":{\"@id\":\"https:\/\/autravail.ca\/#website\"},\"primaryImageOfPage\":{\"@id\":\"https:\/\/autravail.ca\/en\/product\/manteau-impermeable-torrent-5335n-dri-duck\/#primaryimage\"},\"image\":{\"@id\":\"https:\/\/autravail.ca\/en\/product\/manteau-impermeable-torrent-5335n-dri-duck\/#primaryimage\"},\"thumbnailUrl\":\"https:\/\/autravail.ca\/wp-content\/uploads\/2025\/05\/5335N_A01.jpg\",\"datePublished\":\"2025-05-08T07:32:37+00:00\",\"dateModified\":\"2025-12-05T09:10:11+00:00\",\"breadcrumb\":{\"@id\":\"https:\/\/autravail.ca\/en\/product\/manteau-impermeable-torrent-5335n-dri-duck\/#breadcrumb\"},\"inLanguage\":\"en-CA\",\"potentialAction\":[{\"@type\":\"ReadAction\",\"target\":[\"https:\/\/autravail.ca\/en\/product\/manteau-impermeable-torrent-5335n-dri-duck\/\"]}]},{\"@type\":\"ImageObject\",\"inLanguage\":\"en-CA\",\"@id\":\"https:\/\/autravail.ca\/en\/product\/manteau-impermeable-torrent-5335n-dri-duck\/#primaryimage\",\"url\":\"https:\/\/autravail.ca\/wp-content\/uploads\/2025\/05\/5335N_A01.jpg\",\"contentUrl\":\"https:\/\/autravail.ca\/wp-content\/uploads\/2025\/05\/5335N_A01.jpg\",\"width\":1000,\"height\":1000},{\"@type\":\"BreadcrumbList\",\"@id\":\"https:\/\/autravail.ca\/en\/product\/manteau-impermeable-torrent-5335n-dri-duck\/#breadcrumb\",\"itemListElement\":[{\"@type\":\"ListItem\",\"position\":1,\"name\":\"Accueil\",\"item\":\"https:\/\/autravail.ca\/\"},{\"@type\":\"ListItem\",\"position\":2,\"name\":\"Magasin\",\"item\":\"https:\/\/autravail.ca\/en\/shop\/\"},{\"@type\":\"ListItem\",\"position\":3,\"name\":\"MANTEAU IMPERM\u00c9ABLE TORRENT &#8211; 5335N &#8211; DRI DUCK\"}]},{\"@type\":\"WebSite\",\"@id\":\"https:\/\/autravail.ca\/#website\",\"url\":\"https:\/\/autravail.ca\/\",\"name\":\"Le Magasin Industriel\",\"description\":\"50 ans de tradition de s\u00e9curit\u00e9 au travail\",\"publisher\":{\"@id\":\"https:\/\/autravail.ca\/#organization\"},\"potentialAction\":[{\"@type\":\"SearchAction\",\"target\":{\"@type\":\"EntryPoint\",\"urlTemplate\":\"https:\/\/autravail.ca\/?s={search_term_string}\"},\"query-input\":{\"@type\":\"PropertyValueSpecification\",\"valueRequired\":true,\"valueName\":\"search_term_string\"}}],\"inLanguage\":\"en-CA\"},{\"@type\":\"Organization\",\"@id\":\"https:\/\/autravail.ca\/#organization\",\"name\":\"Le Magasin Industriel\",\"url\":\"https:\/\/autravail.ca\/\",\"logo\":{\"@type\":\"ImageObject\",\"inLanguage\":\"en-CA\",\"@id\":\"https:\/\/autravail.ca\/#\/schema\/logo\/image\/\",\"url\":\"https:\/\/autravail.ca\/wp-content\/uploads\/2025\/05\/cropped-magasin_industriel_120x.avif\",\"contentUrl\":\"https:\/\/autravail.ca\/wp-content\/uploads\/2025\/05\/cropped-magasin_industriel_120x.avif\",\"width\":120,\"height\":24,\"caption\":\"Le Magasin Industriel\"},\"image\":{\"@id\":\"https:\/\/autravail.ca\/#\/schema\/logo\/image\/\"},\"sameAs\":[\"https:\/\/www.facebook.com\/lemagasinindustriel\/?locale=fr_FR\"]}]}<\/script>\n<!-- \/ Yoast SEO plugin. -->","yoast_head_json":{"title":"MANTEAU IMPERM\u00c9ABLE TORRENT - 5335N - DRI DUCK - Le Magasin Industriel","robots":{"index":"index","follow":"follow","max-snippet":"max-snippet:-1","max-image-preview":"max-image-preview:large","max-video-preview":"max-video-preview:-1"},"canonical":"https:\/\/autravail.ca\/en\/product\/manteau-impermeable-torrent-5335n-dri-duck\/","og_locale":"en_US","og_type":"article","og_title":"MANTEAU IMPERM\u00c9ABLE TORRENT - 5335N - DRI DUCK - Le Magasin Industriel","og_description":"Veste imperm\u00e9able, Dri Duck 5,8 oz, enveloppe 100% nylon Corps et capuche doubl\u00e9s de maille Imperm\u00e9able, couture scell\u00e9e, 10 000 mm Respirant, 5 000 g Coupe-vent Poche int\u00e9rieure pour t\u00e9l\u00e9phone Ourlet, capuche et poignets r\u00e9glables Fermetures \u00e9clair \u00e9tanches Acc\u00e8s aux broderies pour faciliter la d\u00e9coration","og_url":"https:\/\/autravail.ca\/en\/product\/manteau-impermeable-torrent-5335n-dri-duck\/","og_site_name":"Le Magasin Industriel","article_publisher":"https:\/\/www.facebook.com\/lemagasinindustriel\/?locale=fr_FR","article_modified_time":"2025-12-05T09:10:11+00:00","og_image":[{"width":1000,"height":1000,"url":"https:\/\/autravail.ca\/wp-content\/uploads\/2025\/05\/5335N_A01.jpg","type":"image\/jpeg"}],"twitter_card":"summary_large_image","schema":{"@context":"https:\/\/schema.org","@graph":[{"@type":"WebPage","@id":"https:\/\/autravail.ca\/en\/product\/manteau-impermeable-torrent-5335n-dri-duck\/","url":"https:\/\/autravail.ca\/en\/product\/manteau-impermeable-torrent-5335n-dri-duck\/","name":"MANTEAU IMPERM\u00c9ABLE TORRENT - 5335N - DRI DUCK - Le Magasin Industriel","isPartOf":{"@id":"https:\/\/autravail.ca\/#website"},"primaryImageOfPage":{"@id":"https:\/\/autravail.ca\/en\/product\/manteau-impermeable-torrent-5335n-dri-duck\/#primaryimage"},"image":{"@id":"https:\/\/autravail.ca\/en\/product\/manteau-impermeable-torrent-5335n-dri-duck\/#primaryimage"},"thumbnailUrl":"https:\/\/autravail.ca\/wp-content\/uploads\/2025\/05\/5335N_A01.jpg","datePublished":"2025-05-08T07:32:37+00:00","dateModified":"2025-12-05T09:10:11+00:00","breadcrumb":{"@id":"https:\/\/autravail.ca\/en\/product\/manteau-impermeable-torrent-5335n-dri-duck\/#breadcrumb"},"inLanguage":"en-CA","potentialAction":[{"@type":"ReadAction","target":["https:\/\/autravail.ca\/en\/product\/manteau-impermeable-torrent-5335n-dri-duck\/"]}]},{"@type":"ImageObject","inLanguage":"en-CA","@id":"https:\/\/autravail.ca\/en\/product\/manteau-impermeable-torrent-5335n-dri-duck\/#primaryimage","url":"https:\/\/autravail.ca\/wp-content\/uploads\/2025\/05\/5335N_A01.jpg","contentUrl":"https:\/\/autravail.ca\/wp-content\/uploads\/2025\/05\/5335N_A01.jpg","width":1000,"height":1000},{"@type":"BreadcrumbList","@id":"https:\/\/autravail.ca\/en\/product\/manteau-impermeable-torrent-5335n-dri-duck\/#breadcrumb","itemListElement":[{"@type":"ListItem","position":1,"name":"Accueil","item":"https:\/\/autravail.ca\/"},{"@type":"ListItem","position":2,"name":"Magasin","item":"https:\/\/autravail.ca\/en\/shop\/"},{"@type":"ListItem","position":3,"name":"MANTEAU IMPERM\u00c9ABLE TORRENT &#8211; 5335N &#8211; DRI DUCK"}]},{"@type":"WebSite","@id":"https:\/\/autravail.ca\/#website","url":"https:\/\/autravail.ca\/","name":"Le Magasin Industriel","description":"50 ans de tradition de s\u00e9curit\u00e9 au travail","publisher":{"@id":"https:\/\/autravail.ca\/#organization"},"potentialAction":[{"@type":"SearchAction","target":{"@type":"EntryPoint","urlTemplate":"https:\/\/autravail.ca\/?s={search_term_string}"},"query-input":{"@type":"PropertyValueSpecification","valueRequired":true,"valueName":"search_term_string"}}],"inLanguage":"en-CA"},{"@type":"Organization","@id":"https:\/\/autravail.ca\/#organization","name":"Le Magasin Industriel","url":"https:\/\/autravail.ca\/","logo":{"@type":"ImageObject","inLanguage":"en-CA","@id":"https:\/\/autravail.ca\/#\/schema\/logo\/image\/","url":"https:\/\/autravail.ca\/wp-content\/uploads\/2025\/05\/cropped-magasin_industriel_120x.avif","contentUrl":"https:\/\/autravail.ca\/wp-content\/uploads\/2025\/05\/cropped-magasin_industriel_120x.avif","width":120,"height":24,"caption":"Le Magasin Industriel"},"image":{"@id":"https:\/\/autravail.ca\/#\/schema\/logo\/image\/"},"sameAs":["https:\/\/www.facebook.com\/lemagasinindustriel\/?locale=fr_FR"]}]}},"jetpack_sharing_enabled":true,"_links":{"self":[{"href":"https:\/\/autravail.ca\/en\/wp-json\/wp\/v2\/product\/34841","targetHints":{"allow":["GET"]}}],"collection":[{"href":"https:\/\/autravail.ca\/en\/wp-json\/wp\/v2\/product"}],"about":[{"href":"https:\/\/autravail.ca\/en\/wp-json\/wp\/v2\/types\/product"}],"replies":[{"embeddable":true,"href":"https:\/\/autravail.ca\/en\/wp-json\/wp\/v2\/comments?post=34841"}],"wp:featuredmedia":[{"embeddable":true,"href":"https:\/\/autravail.ca\/en\/wp-json\/wp\/v2\/media\/20109"}],"wp:attachment":[{"href":"https:\/\/autravail.ca\/en\/wp-json\/wp\/v2\/media?parent=34841"}],"wp:term":[{"taxonomy":"product_cat","embeddable":true,"href":"https:\/\/autravail.ca\/en\/wp-json\/wp\/v2\/product_cat?post=34841"},{"taxonomy":"product_tag","embeddable":true,"href":"https:\/\/autravail.ca\/en\/wp-json\/wp\/v2\/product_tag?post=34841"}],"curies":[{"name":"wp","href":"https:\/\/api.w.org\/{rel}","templated":true}]}}