{"id":34783,"date":"2025-05-08T07:31:46","date_gmt":"2025-05-08T07:31:46","guid":{"rendered":"https:\/\/meteoquebec.ca\/?post_type=product&#038;p=34783"},"modified":"2026-04-02T12:51:15","modified_gmt":"2026-04-02T16:51:15","slug":"lacet-rond-nylon","status":"publish","type":"product","link":"https:\/\/autravail.ca\/en\/product\/lacet-rond-nylon\/","title":{"rendered":"Lacet rond nylon"},"content":{"rendered":"<h3>Lacet rond nylon<\/h3>\n<p>Lacet rond nylon de <a href=\"https:\/\/autravail.ca\/en\/product-brand\/J-Audet-Jr\/\">J. Audet<\/a>. <span class=\"OYPEnA font-feature-liga-off font-feature-clig-off font-feature-calt-off text-decoration-none text-strikethrough-none\">Nos\u00a0<\/span><span class=\"OYPEnA font-feature-liga-off font-feature-clig-off font-feature-calt-off text-decoration-none text-strikethrough-none\">lacets en nylon<\/span><span class=\"OYPEnA font-feature-liga-off font-feature-clig-off font-feature-calt-off text-decoration-none text-strikethrough-none\"> sont con\u00e7us pour offrir durabilit\u00e9 et fiabilit\u00e9. Fabriqu\u00e9s \u00e0 partir de nylon de haute qualit\u00e9, ils sont r\u00e9sistants \u00e0 l&rsquo;usure, \u00e0 l&rsquo;abrasion et aux d\u00e9chirures. Disponibles dans une vari\u00e9t\u00e9 de couleurs et de longueurs, ces lacets sont parfaits pour tous types de chaussures, des bottes de travail aux chaussures de tous les jours. Avec leur solidit\u00e9 et leur durabilit\u00e9, ces lacets en nylon sont un choix s\u00fbr pour tous vos besoins en mati\u00e8re de lacets.\u00a0<\/span><\/p>\n<h6>Characteristics:<\/h6>\n<ul class=\"KsbFXc U6u95\" data-sfc-root=\"c\" data-sfc-cb=\"\" data-complete=\"true\" data-processed=\"true\">\n<li class=\"dF3vjf\" data-sfc-root=\"c\" data-sfc-cb=\"\" data-hveid=\"CAEIAxAA\" data-complete=\"true\" data-sae=\"\"><span class=\"T286Pc\" data-sfc-cp=\"\" data-sfc-root=\"c\" data-sfc-cb=\"\" data-complete=\"true\"><strong class=\"Yjhzub\" data-sfc-root=\"c\" data-sfc-cb=\"\" data-complete=\"true\">Grande durabilit\u00e9<\/strong>\u00a0: Le nylon est une fibre synth\u00e9tique reconnue pour sa haute r\u00e9sistance \u00e0 l&rsquo;abrasion et \u00e0 la tension, ce qui emp\u00eache les lacets de casser facilement sous l&rsquo;effort.<\/span><\/li>\n<li class=\"dF3vjf\" data-sfc-root=\"c\" data-sfc-cb=\"\" data-hveid=\"CAEIAxAB\" data-complete=\"true\" data-sae=\"\"><span class=\"T286Pc\" data-sfc-cp=\"\" data-sfc-root=\"c\" data-sfc-cb=\"\" data-complete=\"true\"><strong class=\"Yjhzub\" data-sfc-root=\"c\" data-sfc-cb=\"\" data-complete=\"true\">R\u00e9sistance aux intemp\u00e9ries<\/strong>\u00a0: Contrairement au coton, le nylon n&rsquo;absorbe presque pas l&rsquo;humidit\u00e9, ce qui permet aux lacets de rester l\u00e9gers et de s\u00e9cher rapidement apr\u00e8s une exposition \u00e0 la pluie ou \u00e0 la neige.<\/span><\/li>\n<li class=\"dF3vjf\" data-sfc-root=\"c\" data-sfc-cb=\"\" data-hveid=\"CAEIAxAC\" data-complete=\"true\" data-sae=\"\"><span class=\"T286Pc\" data-sfc-cp=\"\" data-sfc-root=\"c\" data-sfc-cb=\"\" data-complete=\"true\">Cette forme permet au lacet de glisser facilement dans les \u0153illets, facilitant ainsi un serrage rapide et uniforme de la chaussure.<\/span><\/li>\n<li class=\"dF3vjf\" data-sfc-root=\"c\" data-sfc-cb=\"\" data-hveid=\"CAEIAxAD\" data-complete=\"true\" data-sae=\"\"><span class=\"T286Pc\" data-sfc-cp=\"\" data-sfc-root=\"c\" data-sfc-cb=\"\" data-complete=\"true\">Ils sont parfaits pour les <strong class=\"Yjhzub\" data-sfc-root=\"c\" data-sfc-cb=\"\" data-complete=\"true\">bottes de randonn\u00e9e<\/strong>, les\u00a0<strong class=\"Yjhzub\" data-sfc-root=\"c\" data-sfc-cb=\"\" data-complete=\"true\">chaussures de sport<\/strong>, les\u00a0<strong class=\"Yjhzub\" data-sfc-root=\"c\" data-sfc-cb=\"\" data-complete=\"true\">bottes de marche<\/strong>\u00a0et m\u00eame certaines chaussures de travail moins massives.<\/span><\/li>\n<li class=\"dF3vjf\" data-sfc-root=\"c\" data-sfc-cb=\"\" data-hveid=\"CAEIAxAE\" data-complete=\"true\" data-sae=\"\"><span class=\"T286Pc\" data-sfc-cp=\"\" data-sfc-root=\"c\" data-sfc-cb=\"\" data-complete=\"true\"><strong class=\"Yjhzub\" data-sfc-root=\"c\" data-sfc-cb=\"\" data-complete=\"true\">Entretien facile<\/strong> : Ils ne s&rsquo;effilochent pas rapidement et conservent leur couleur originale m\u00eame apr\u00e8s plusieurs lavages ou expositions au soleil.<\/span><\/li>\n<li data-sfc-root=\"c\" data-sfc-cb=\"\" data-hveid=\"CAEIAxAE\" data-complete=\"true\" data-sae=\"\"><span class=\"OYPEnA font-feature-liga-off font-feature-clig-off font-feature-calt-off text-decoration-none text-strikethrough-none\">Fabriqu\u00e9s au Canada.<\/span><\/li>\n<\/ul>\n<h6>Recommended Sizes:<\/h6>\n<ul>\n<li>63 \" for work bottles 6 \"<\/li>\n<li>72 or more for work boots 8\"<\/li>\n<\/ul>\n<p><img decoding=\"async\" class=\"alignnone wp-image-40620\" src=\"https:\/\/autravail.ca\/wp-content\/uploads\/2025\/09\/Jachete-quebec-et-canada.jpg\" alt=\"Logo de l'achat local\" width=\"162\" height=\"139\" \/>Merci d&rsquo;encourager une entreprise 100% d&rsquo;ici!<\/p>\n<p>TS2604H<\/p>","protected":false},"excerpt":{"rendered":"<p>Lacet rond nylon Lacet rond nylon de J. Audet. Nos\u00a0lacets en nylon sont con\u00e7us pour offrir durabilit\u00e9 et fiabilit\u00e9. Fabriqu\u00e9s \u00e0 partir de nylon de haute qualit\u00e9, ils sont r\u00e9sistants \u00e0 l&rsquo;usure, \u00e0 l&rsquo;abrasion et aux d\u00e9chirures. Disponibles dans une vari\u00e9t\u00e9 de couleurs et de longueurs, ces lacets sont parfaits pour tous types de chaussures, [&hellip;]<\/p>","protected":false},"featured_media":46881,"comment_status":"open","ping_status":"closed","template":"","meta":[],"product_cat":[759],"product_tag":[395],"class_list":{"0":"post-34783","1":"product","2":"type-product","3":"status-publish","4":"has-post-thumbnail","6":"product_brand-j-audet-jr","7":"product_cat-lacets","8":"product_tag-lacets","10":"first","11":"instock","12":"taxable","13":"shipping-taxable","14":"purchasable","15":"product-type-variable"},"yoast_head":"<!-- This site is optimized with the Yoast SEO plugin v25.3.1 - https:\/\/yoast.com\/wordpress\/plugins\/seo\/ -->\n<title>Lacet rond nylon - Le Magasin Industriel<\/title>\n<meta name=\"description\" content=\"Lacet rond nylon sont con\u00e7us pour offrir durabilit\u00e9 et fiabilit\u00e9. Fabriqu\u00e9s \u00e0 partir de nylon de haute qualit\u00e9, ils sont r\u00e9sistants \u00e0 l&#039;usure\" \/>\n<meta name=\"robots\" content=\"index, follow, max-snippet:-1, max-image-preview:large, max-video-preview:-1\" \/>\n<link rel=\"canonical\" href=\"https:\/\/autravail.ca\/en\/product\/lacet-rond-nylon\/\" \/>\n<meta property=\"og:locale\" content=\"en_US\" \/>\n<meta property=\"og:type\" content=\"article\" \/>\n<meta property=\"og:title\" content=\"Lacet rond nylon - Le Magasin Industriel\" \/>\n<meta property=\"og:description\" content=\"Lacet rond nylon sont con\u00e7us pour offrir durabilit\u00e9 et fiabilit\u00e9. Fabriqu\u00e9s \u00e0 partir de nylon de haute qualit\u00e9, ils sont r\u00e9sistants \u00e0 l&#039;usure\" \/>\n<meta property=\"og:url\" content=\"https:\/\/autravail.ca\/en\/product\/lacet-rond-nylon\/\" \/>\n<meta property=\"og:site_name\" content=\"Le Magasin Industriel\" \/>\n<meta property=\"article:publisher\" content=\"https:\/\/www.facebook.com\/lemagasinindustriel\/?locale=fr_FR\" \/>\n<meta property=\"article:modified_time\" content=\"2026-04-02T16:51:15+00:00\" \/>\n<meta property=\"og:image\" content=\"https:\/\/autravail.ca\/wp-content\/uploads\/2025\/05\/Lacet-nylon_A01.jpg\" \/>\n\t<meta property=\"og:image:width\" content=\"1000\" \/>\n\t<meta property=\"og:image:height\" content=\"1000\" \/>\n\t<meta property=\"og:image:type\" content=\"image\/jpeg\" \/>\n<meta name=\"twitter:card\" content=\"summary_large_image\" \/>\n<meta name=\"twitter:label1\" content=\"Est. reading time\" \/>\n\t<meta name=\"twitter:data1\" content=\"2 minutes\" \/>\n<script type=\"application\/ld+json\" class=\"yoast-schema-graph\">{\"@context\":\"https:\/\/schema.org\",\"@graph\":[{\"@type\":\"WebPage\",\"@id\":\"https:\/\/autravail.ca\/product\/lacet-rond-nylon\/\",\"url\":\"https:\/\/autravail.ca\/product\/lacet-rond-nylon\/\",\"name\":\"Lacet rond nylon - Le Magasin Industriel\",\"isPartOf\":{\"@id\":\"https:\/\/autravail.ca\/#website\"},\"primaryImageOfPage\":{\"@id\":\"https:\/\/autravail.ca\/product\/lacet-rond-nylon\/#primaryimage\"},\"image\":{\"@id\":\"https:\/\/autravail.ca\/product\/lacet-rond-nylon\/#primaryimage\"},\"thumbnailUrl\":\"https:\/\/autravail.ca\/wp-content\/uploads\/2025\/05\/Lacet-nylon_A01.jpg\",\"datePublished\":\"2025-05-08T07:31:46+00:00\",\"dateModified\":\"2026-04-02T16:51:15+00:00\",\"description\":\"Lacet rond nylon sont con\u00e7us pour offrir durabilit\u00e9 et fiabilit\u00e9. Fabriqu\u00e9s \u00e0 partir de nylon de haute qualit\u00e9, ils sont r\u00e9sistants \u00e0 l'usure\",\"breadcrumb\":{\"@id\":\"https:\/\/autravail.ca\/product\/lacet-rond-nylon\/#breadcrumb\"},\"inLanguage\":\"en-CA\",\"potentialAction\":[{\"@type\":\"ReadAction\",\"target\":[\"https:\/\/autravail.ca\/product\/lacet-rond-nylon\/\"]}]},{\"@type\":\"ImageObject\",\"inLanguage\":\"en-CA\",\"@id\":\"https:\/\/autravail.ca\/product\/lacet-rond-nylon\/#primaryimage\",\"url\":\"https:\/\/autravail.ca\/wp-content\/uploads\/2025\/05\/Lacet-nylon_A01.jpg\",\"contentUrl\":\"https:\/\/autravail.ca\/wp-content\/uploads\/2025\/05\/Lacet-nylon_A01.jpg\",\"width\":1000,\"height\":1000,\"caption\":\"Lacet rond nylon\"},{\"@type\":\"BreadcrumbList\",\"@id\":\"https:\/\/autravail.ca\/product\/lacet-rond-nylon\/#breadcrumb\",\"itemListElement\":[{\"@type\":\"ListItem\",\"position\":1,\"name\":\"Accueil\",\"item\":\"https:\/\/autravail.ca\/\"},{\"@type\":\"ListItem\",\"position\":2,\"name\":\"Magasin\",\"item\":\"https:\/\/autravail.ca\/en\/shop\/\"},{\"@type\":\"ListItem\",\"position\":3,\"name\":\"Lacet rond nylon\"}]},{\"@type\":\"WebSite\",\"@id\":\"https:\/\/autravail.ca\/#website\",\"url\":\"https:\/\/autravail.ca\/\",\"name\":\"Le Magasin Industriel\",\"description\":\"50 ans de tradition de s\u00e9curit\u00e9 au travail\",\"publisher\":{\"@id\":\"https:\/\/autravail.ca\/#organization\"},\"potentialAction\":[{\"@type\":\"SearchAction\",\"target\":{\"@type\":\"EntryPoint\",\"urlTemplate\":\"https:\/\/autravail.ca\/?s={search_term_string}\"},\"query-input\":{\"@type\":\"PropertyValueSpecification\",\"valueRequired\":true,\"valueName\":\"search_term_string\"}}],\"inLanguage\":\"en-CA\"},{\"@type\":\"Organization\",\"@id\":\"https:\/\/autravail.ca\/#organization\",\"name\":\"Le Magasin Industriel\",\"url\":\"https:\/\/autravail.ca\/\",\"logo\":{\"@type\":\"ImageObject\",\"inLanguage\":\"en-CA\",\"@id\":\"https:\/\/autravail.ca\/#\/schema\/logo\/image\/\",\"url\":\"https:\/\/autravail.ca\/wp-content\/uploads\/2025\/05\/cropped-magasin_industriel_120x.avif\",\"contentUrl\":\"https:\/\/autravail.ca\/wp-content\/uploads\/2025\/05\/cropped-magasin_industriel_120x.avif\",\"width\":120,\"height\":24,\"caption\":\"Le Magasin Industriel\"},\"image\":{\"@id\":\"https:\/\/autravail.ca\/#\/schema\/logo\/image\/\"},\"sameAs\":[\"https:\/\/www.facebook.com\/lemagasinindustriel\/?locale=fr_FR\"]}]}<\/script>\n<!-- \/ Yoast SEO plugin. -->","yoast_head_json":{"title":"Lacet rond nylon - Le Magasin Industriel","description":"Lacet rond nylon sont con\u00e7us pour offrir durabilit\u00e9 et fiabilit\u00e9. Fabriqu\u00e9s \u00e0 partir de nylon de haute qualit\u00e9, ils sont r\u00e9sistants \u00e0 l'usure","robots":{"index":"index","follow":"follow","max-snippet":"max-snippet:-1","max-image-preview":"max-image-preview:large","max-video-preview":"max-video-preview:-1"},"canonical":"https:\/\/autravail.ca\/en\/product\/lacet-rond-nylon\/","og_locale":"en_US","og_type":"article","og_title":"Lacet rond nylon - Le Magasin Industriel","og_description":"Lacet rond nylon sont con\u00e7us pour offrir durabilit\u00e9 et fiabilit\u00e9. Fabriqu\u00e9s \u00e0 partir de nylon de haute qualit\u00e9, ils sont r\u00e9sistants \u00e0 l'usure","og_url":"https:\/\/autravail.ca\/en\/product\/lacet-rond-nylon\/","og_site_name":"Le Magasin Industriel","article_publisher":"https:\/\/www.facebook.com\/lemagasinindustriel\/?locale=fr_FR","article_modified_time":"2026-04-02T16:51:15+00:00","og_image":[{"width":1000,"height":1000,"url":"https:\/\/autravail.ca\/wp-content\/uploads\/2025\/05\/Lacet-nylon_A01.jpg","type":"image\/jpeg"}],"twitter_card":"summary_large_image","twitter_misc":{"Est. reading time":"2 minutes"},"schema":{"@context":"https:\/\/schema.org","@graph":[{"@type":"WebPage","@id":"https:\/\/autravail.ca\/product\/lacet-rond-nylon\/","url":"https:\/\/autravail.ca\/product\/lacet-rond-nylon\/","name":"Lacet rond nylon - Le Magasin Industriel","isPartOf":{"@id":"https:\/\/autravail.ca\/#website"},"primaryImageOfPage":{"@id":"https:\/\/autravail.ca\/product\/lacet-rond-nylon\/#primaryimage"},"image":{"@id":"https:\/\/autravail.ca\/product\/lacet-rond-nylon\/#primaryimage"},"thumbnailUrl":"https:\/\/autravail.ca\/wp-content\/uploads\/2025\/05\/Lacet-nylon_A01.jpg","datePublished":"2025-05-08T07:31:46+00:00","dateModified":"2026-04-02T16:51:15+00:00","description":"Lacet rond nylon sont con\u00e7us pour offrir durabilit\u00e9 et fiabilit\u00e9. Fabriqu\u00e9s \u00e0 partir de nylon de haute qualit\u00e9, ils sont r\u00e9sistants \u00e0 l'usure","breadcrumb":{"@id":"https:\/\/autravail.ca\/product\/lacet-rond-nylon\/#breadcrumb"},"inLanguage":"en-CA","potentialAction":[{"@type":"ReadAction","target":["https:\/\/autravail.ca\/product\/lacet-rond-nylon\/"]}]},{"@type":"ImageObject","inLanguage":"en-CA","@id":"https:\/\/autravail.ca\/product\/lacet-rond-nylon\/#primaryimage","url":"https:\/\/autravail.ca\/wp-content\/uploads\/2025\/05\/Lacet-nylon_A01.jpg","contentUrl":"https:\/\/autravail.ca\/wp-content\/uploads\/2025\/05\/Lacet-nylon_A01.jpg","width":1000,"height":1000,"caption":"Lacet rond nylon"},{"@type":"BreadcrumbList","@id":"https:\/\/autravail.ca\/product\/lacet-rond-nylon\/#breadcrumb","itemListElement":[{"@type":"ListItem","position":1,"name":"Accueil","item":"https:\/\/autravail.ca\/"},{"@type":"ListItem","position":2,"name":"Magasin","item":"https:\/\/autravail.ca\/en\/shop\/"},{"@type":"ListItem","position":3,"name":"Lacet rond nylon"}]},{"@type":"WebSite","@id":"https:\/\/autravail.ca\/#website","url":"https:\/\/autravail.ca\/","name":"Le Magasin Industriel","description":"50 ans de tradition de s\u00e9curit\u00e9 au travail","publisher":{"@id":"https:\/\/autravail.ca\/#organization"},"potentialAction":[{"@type":"SearchAction","target":{"@type":"EntryPoint","urlTemplate":"https:\/\/autravail.ca\/?s={search_term_string}"},"query-input":{"@type":"PropertyValueSpecification","valueRequired":true,"valueName":"search_term_string"}}],"inLanguage":"en-CA"},{"@type":"Organization","@id":"https:\/\/autravail.ca\/#organization","name":"Le Magasin Industriel","url":"https:\/\/autravail.ca\/","logo":{"@type":"ImageObject","inLanguage":"en-CA","@id":"https:\/\/autravail.ca\/#\/schema\/logo\/image\/","url":"https:\/\/autravail.ca\/wp-content\/uploads\/2025\/05\/cropped-magasin_industriel_120x.avif","contentUrl":"https:\/\/autravail.ca\/wp-content\/uploads\/2025\/05\/cropped-magasin_industriel_120x.avif","width":120,"height":24,"caption":"Le Magasin Industriel"},"image":{"@id":"https:\/\/autravail.ca\/#\/schema\/logo\/image\/"},"sameAs":["https:\/\/www.facebook.com\/lemagasinindustriel\/?locale=fr_FR"]}]}},"jetpack_sharing_enabled":true,"_links":{"self":[{"href":"https:\/\/autravail.ca\/en\/wp-json\/wp\/v2\/product\/34783","targetHints":{"allow":["GET"]}}],"collection":[{"href":"https:\/\/autravail.ca\/en\/wp-json\/wp\/v2\/product"}],"about":[{"href":"https:\/\/autravail.ca\/en\/wp-json\/wp\/v2\/types\/product"}],"replies":[{"embeddable":true,"href":"https:\/\/autravail.ca\/en\/wp-json\/wp\/v2\/comments?post=34783"}],"wp:featuredmedia":[{"embeddable":true,"href":"https:\/\/autravail.ca\/en\/wp-json\/wp\/v2\/media\/46881"}],"wp:attachment":[{"href":"https:\/\/autravail.ca\/en\/wp-json\/wp\/v2\/media?parent=34783"}],"wp:term":[{"taxonomy":"product_cat","embeddable":true,"href":"https:\/\/autravail.ca\/en\/wp-json\/wp\/v2\/product_cat?post=34783"},{"taxonomy":"product_tag","embeddable":true,"href":"https:\/\/autravail.ca\/en\/wp-json\/wp\/v2\/product_tag?post=34783"}],"curies":[{"name":"wp","href":"https:\/\/api.w.org\/{rel}","templated":true}]}}