{"id":34782,"date":"2025-05-08T07:31:46","date_gmt":"2025-05-08T07:31:46","guid":{"rendered":"https:\/\/meteoquebec.ca\/?post_type=product&#038;p=34782"},"modified":"2026-04-02T12:38:36","modified_gmt":"2026-04-02T16:38:36","slug":"lacet-rond-100-kevlar","status":"publish","type":"product","link":"https:\/\/autravail.ca\/en\/product\/lacet-rond-100-kevlar\/","title":{"rendered":"Lacet rond 100% Kevlar"},"content":{"rendered":"<h3>Lacet rond 100% Kevlar<\/h3>\n<p>Lacet rond 100% Kevlar de <a href=\"https:\/\/autravail.ca\/en\/product-brand\/J-Audet-Jr\/\">J. Audet<\/a>. <span class=\"OYPEnA font-feature-liga-off font-feature-clig-off font-feature-calt-off text-decoration-none text-strikethrough-none\">Ces lacets sont fabriqu\u00e9s \u00e0\u00a0<\/span><span class=\"OYPEnA font-feature-liga-off font-feature-clig-off font-feature-calt-off text-decoration-none text-strikethrough-none\">100% de Kevlar<\/span><span class=\"OYPEnA font-feature-liga-off font-feature-clig-off font-feature-calt-off text-decoration-none text-strikethrough-none\">, offrant une r\u00e9sistance exceptionnelle aux d\u00e9chirures, \u00e0 l&rsquo;abrasion et \u00e0 la chaleur. Parfaitement adapt\u00e9s aux environnements difficiles, ces lacets sont con\u00e7us pour durer. Ils offrent une s\u00e9curit\u00e9 accrue et une durabilit\u00e9 exceptionnelle, ce qui en fait un choix id\u00e9al pour les bottes de travail et les chaussures de s\u00e9curit\u00e9. Disponible dans une vari\u00e9t\u00e9 de longueurs. Fabriqu\u00e9s au Canada.<\/span><\/p>\n<h6>Characteristics:<\/h6>\n<ul class=\"KsbFXc U6u95\" data-sfc-root=\"c\" data-sfc-cb=\"\" data-processed=\"true\" data-complete=\"true\">\n<li class=\"dF3vjf\" data-sfc-root=\"c\" data-sfc-cb=\"\" data-hveid=\"CAEIAxAA\" data-complete=\"true\" data-sae=\"\"><span class=\"T286Pc\" data-sfc-cp=\"\" data-sfc-root=\"c\" data-sfc-cb=\"\" data-complete=\"true\"><strong class=\"Yjhzub\" data-sfc-root=\"c\" data-sfc-cb=\"\" data-complete=\"true\">Design et Style<\/strong>\u00a0: Leur forme plate permet une meilleure r\u00e9partition de la pression sur le coup-de-pied, offrant un confort accru et un look plus habill\u00e9 ou athl\u00e9tique selon le mod\u00e8le.<\/span><\/li>\n<li class=\"dF3vjf\" data-sfc-root=\"c\" data-sfc-cb=\"\" data-hveid=\"CAEIAxAB\" data-complete=\"true\" data-sae=\"\"><span class=\"T286Pc\" data-sfc-cp=\"\" data-sfc-root=\"c\" data-sfc-cb=\"\" data-complete=\"true\"><strong class=\"Yjhzub\" data-sfc-root=\"c\" data-sfc-cb=\"\" data-complete=\"true\">Mat\u00e9riau<\/strong>\u00a0: G\u00e9n\u00e9ralement fabriqu\u00e9s en\u00a0<strong class=\"Yjhzub\" data-sfc-root=\"c\" data-sfc-cb=\"\" data-complete=\"true\">coton tress\u00e9<\/strong>\u00a0de haute qualit\u00e9 ou en m\u00e9lange de polyester pour assurer une r\u00e9sistance \u00e0 l&rsquo;\u00e9tirement et \u00e0 l&rsquo;effilochage.<\/span><\/li>\n<li class=\"dF3vjf\" data-sfc-root=\"c\" data-sfc-cb=\"\" data-hveid=\"CAEIAxAC\" data-complete=\"true\" data-sae=\"\"><span class=\"T286Pc\" data-sfc-cp=\"\" data-sfc-root=\"c\" data-sfc-cb=\"\" data-complete=\"true\"><strong class=\"Yjhzub\" data-sfc-root=\"c\" data-sfc-cb=\"\" data-complete=\"true\">Tenue du n\u0153ud<\/strong>\u00a0: Gr\u00e2ce \u00e0 leur surface plane, ils ont tendance \u00e0 mieux rester nou\u00e9s que les lacets ronds, car ils offrent une plus grande surface de friction.<\/span><\/li>\n<\/ul>\n<p>Les lacets plats de\u00a0<strong class=\"Yjhzub\" data-sfc-root=\"c\" data-sfc-cb=\"\" data-complete=\"true\" data-processed=\"true\">J. Audet Jr.<\/strong>\u00a0sont des lacets de remplacement classiques, con\u00e7us pour allier durabilit\u00e9 et esth\u00e9tique soign\u00e9e.<\/p>\n<p><img decoding=\"async\" class=\"alignnone wp-image-40620\" src=\"https:\/\/autravail.ca\/wp-content\/uploads\/2025\/09\/Jachete-quebec-et-canada.jpg\" alt=\"Logo de l'achat local\" width=\"162\" height=\"139\" \/>Merci d&rsquo;encourager une entreprise 100% d&rsquo;ici!<\/p>\n<p>TS2604H<\/p>","protected":false},"excerpt":{"rendered":"<p>Lacet rond 100% Kevlar Lacet rond 100% Kevlar de J. Audet. Ces lacets sont fabriqu\u00e9s \u00e0\u00a0100% de Kevlar, offrant une r\u00e9sistance exceptionnelle aux d\u00e9chirures, \u00e0 l&rsquo;abrasion et \u00e0 la chaleur. Parfaitement adapt\u00e9s aux environnements difficiles, ces lacets sont con\u00e7us pour durer. Ils offrent une s\u00e9curit\u00e9 accrue et une durabilit\u00e9 exceptionnelle, ce qui en fait un [&hellip;]<\/p>","protected":false},"featured_media":46877,"comment_status":"open","ping_status":"closed","template":"","meta":[],"product_cat":[759],"product_tag":[395],"class_list":{"0":"post-34782","1":"product","2":"type-product","3":"status-publish","4":"has-post-thumbnail","6":"product_brand-j-audet-jr","7":"product_cat-lacets","8":"product_tag-lacets","10":"first","11":"instock","12":"taxable","13":"shipping-taxable","14":"purchasable","15":"product-type-variable"},"yoast_head":"<!-- This site is optimized with the Yoast SEO plugin v25.3.1 - https:\/\/yoast.com\/wordpress\/plugins\/seo\/ -->\n<title>Lacet rond 100% Kevlar - Le Magasin Industriel<\/title>\n<meta name=\"description\" content=\"Lacet rond 100% Kevlar offrant une r\u00e9sistance exceptionnelle aux d\u00e9chirures, \u00e0 l&#039;abrasion et \u00e0 la chaleur, adapt\u00e9s aux environnements difficiles\" \/>\n<meta name=\"robots\" content=\"index, follow, max-snippet:-1, max-image-preview:large, max-video-preview:-1\" \/>\n<link rel=\"canonical\" href=\"https:\/\/autravail.ca\/en\/product\/lacet-rond-100-kevlar\/\" \/>\n<meta property=\"og:locale\" content=\"en_US\" \/>\n<meta property=\"og:type\" content=\"article\" \/>\n<meta property=\"og:title\" content=\"Lacet rond 100% Kevlar - Le Magasin Industriel\" \/>\n<meta property=\"og:description\" content=\"Lacet rond 100% Kevlar offrant une r\u00e9sistance exceptionnelle aux d\u00e9chirures, \u00e0 l&#039;abrasion et \u00e0 la chaleur, adapt\u00e9s aux environnements difficiles\" \/>\n<meta property=\"og:url\" content=\"https:\/\/autravail.ca\/en\/product\/lacet-rond-100-kevlar\/\" \/>\n<meta property=\"og:site_name\" content=\"Le Magasin Industriel\" \/>\n<meta property=\"article:publisher\" content=\"https:\/\/www.facebook.com\/lemagasinindustriel\/?locale=fr_FR\" \/>\n<meta property=\"article:modified_time\" content=\"2026-04-02T16:38:36+00:00\" \/>\n<meta property=\"og:image\" content=\"https:\/\/autravail.ca\/wp-content\/uploads\/2025\/05\/Kevlar_A01-1.jpg\" \/>\n\t<meta property=\"og:image:width\" content=\"1000\" \/>\n\t<meta property=\"og:image:height\" content=\"1000\" \/>\n\t<meta property=\"og:image:type\" content=\"image\/jpeg\" \/>\n<meta name=\"twitter:card\" content=\"summary_large_image\" \/>\n<meta name=\"twitter:label1\" content=\"Est. reading time\" \/>\n\t<meta name=\"twitter:data1\" content=\"2 minutes\" \/>\n<script type=\"application\/ld+json\" class=\"yoast-schema-graph\">{\"@context\":\"https:\/\/schema.org\",\"@graph\":[{\"@type\":\"WebPage\",\"@id\":\"https:\/\/autravail.ca\/product\/lacet-rond-100-kevlar\/\",\"url\":\"https:\/\/autravail.ca\/product\/lacet-rond-100-kevlar\/\",\"name\":\"Lacet rond 100% Kevlar - Le Magasin Industriel\",\"isPartOf\":{\"@id\":\"https:\/\/autravail.ca\/#website\"},\"primaryImageOfPage\":{\"@id\":\"https:\/\/autravail.ca\/product\/lacet-rond-100-kevlar\/#primaryimage\"},\"image\":{\"@id\":\"https:\/\/autravail.ca\/product\/lacet-rond-100-kevlar\/#primaryimage\"},\"thumbnailUrl\":\"https:\/\/autravail.ca\/wp-content\/uploads\/2025\/05\/Kevlar_A01-1.jpg\",\"datePublished\":\"2025-05-08T07:31:46+00:00\",\"dateModified\":\"2026-04-02T16:38:36+00:00\",\"description\":\"Lacet rond 100% Kevlar offrant une r\u00e9sistance exceptionnelle aux d\u00e9chirures, \u00e0 l'abrasion et \u00e0 la chaleur, adapt\u00e9s aux environnements difficiles\",\"breadcrumb\":{\"@id\":\"https:\/\/autravail.ca\/product\/lacet-rond-100-kevlar\/#breadcrumb\"},\"inLanguage\":\"en-CA\",\"potentialAction\":[{\"@type\":\"ReadAction\",\"target\":[\"https:\/\/autravail.ca\/product\/lacet-rond-100-kevlar\/\"]}]},{\"@type\":\"ImageObject\",\"inLanguage\":\"en-CA\",\"@id\":\"https:\/\/autravail.ca\/product\/lacet-rond-100-kevlar\/#primaryimage\",\"url\":\"https:\/\/autravail.ca\/wp-content\/uploads\/2025\/05\/Kevlar_A01-1.jpg\",\"contentUrl\":\"https:\/\/autravail.ca\/wp-content\/uploads\/2025\/05\/Kevlar_A01-1.jpg\",\"width\":1000,\"height\":1000,\"caption\":\"Lacet rond 100% Kevlar\"},{\"@type\":\"BreadcrumbList\",\"@id\":\"https:\/\/autravail.ca\/product\/lacet-rond-100-kevlar\/#breadcrumb\",\"itemListElement\":[{\"@type\":\"ListItem\",\"position\":1,\"name\":\"Accueil\",\"item\":\"https:\/\/autravail.ca\/\"},{\"@type\":\"ListItem\",\"position\":2,\"name\":\"Magasin\",\"item\":\"https:\/\/autravail.ca\/en\/shop\/\"},{\"@type\":\"ListItem\",\"position\":3,\"name\":\"Lacet rond 100% Kevlar\"}]},{\"@type\":\"WebSite\",\"@id\":\"https:\/\/autravail.ca\/#website\",\"url\":\"https:\/\/autravail.ca\/\",\"name\":\"Le Magasin Industriel\",\"description\":\"50 ans de tradition de s\u00e9curit\u00e9 au travail\",\"publisher\":{\"@id\":\"https:\/\/autravail.ca\/#organization\"},\"potentialAction\":[{\"@type\":\"SearchAction\",\"target\":{\"@type\":\"EntryPoint\",\"urlTemplate\":\"https:\/\/autravail.ca\/?s={search_term_string}\"},\"query-input\":{\"@type\":\"PropertyValueSpecification\",\"valueRequired\":true,\"valueName\":\"search_term_string\"}}],\"inLanguage\":\"en-CA\"},{\"@type\":\"Organization\",\"@id\":\"https:\/\/autravail.ca\/#organization\",\"name\":\"Le Magasin Industriel\",\"url\":\"https:\/\/autravail.ca\/\",\"logo\":{\"@type\":\"ImageObject\",\"inLanguage\":\"en-CA\",\"@id\":\"https:\/\/autravail.ca\/#\/schema\/logo\/image\/\",\"url\":\"https:\/\/autravail.ca\/wp-content\/uploads\/2025\/05\/cropped-magasin_industriel_120x.avif\",\"contentUrl\":\"https:\/\/autravail.ca\/wp-content\/uploads\/2025\/05\/cropped-magasin_industriel_120x.avif\",\"width\":120,\"height\":24,\"caption\":\"Le Magasin Industriel\"},\"image\":{\"@id\":\"https:\/\/autravail.ca\/#\/schema\/logo\/image\/\"},\"sameAs\":[\"https:\/\/www.facebook.com\/lemagasinindustriel\/?locale=fr_FR\"]}]}<\/script>\n<!-- \/ Yoast SEO plugin. -->","yoast_head_json":{"title":"Lacet rond 100% Kevlar - Le Magasin Industriel","description":"Lacet rond 100% Kevlar offrant une r\u00e9sistance exceptionnelle aux d\u00e9chirures, \u00e0 l'abrasion et \u00e0 la chaleur, adapt\u00e9s aux environnements difficiles","robots":{"index":"index","follow":"follow","max-snippet":"max-snippet:-1","max-image-preview":"max-image-preview:large","max-video-preview":"max-video-preview:-1"},"canonical":"https:\/\/autravail.ca\/en\/product\/lacet-rond-100-kevlar\/","og_locale":"en_US","og_type":"article","og_title":"Lacet rond 100% Kevlar - Le Magasin Industriel","og_description":"Lacet rond 100% Kevlar offrant une r\u00e9sistance exceptionnelle aux d\u00e9chirures, \u00e0 l'abrasion et \u00e0 la chaleur, adapt\u00e9s aux environnements difficiles","og_url":"https:\/\/autravail.ca\/en\/product\/lacet-rond-100-kevlar\/","og_site_name":"Le Magasin Industriel","article_publisher":"https:\/\/www.facebook.com\/lemagasinindustriel\/?locale=fr_FR","article_modified_time":"2026-04-02T16:38:36+00:00","og_image":[{"width":1000,"height":1000,"url":"https:\/\/autravail.ca\/wp-content\/uploads\/2025\/05\/Kevlar_A01-1.jpg","type":"image\/jpeg"}],"twitter_card":"summary_large_image","twitter_misc":{"Est. reading time":"2 minutes"},"schema":{"@context":"https:\/\/schema.org","@graph":[{"@type":"WebPage","@id":"https:\/\/autravail.ca\/product\/lacet-rond-100-kevlar\/","url":"https:\/\/autravail.ca\/product\/lacet-rond-100-kevlar\/","name":"Lacet rond 100% Kevlar - Le Magasin Industriel","isPartOf":{"@id":"https:\/\/autravail.ca\/#website"},"primaryImageOfPage":{"@id":"https:\/\/autravail.ca\/product\/lacet-rond-100-kevlar\/#primaryimage"},"image":{"@id":"https:\/\/autravail.ca\/product\/lacet-rond-100-kevlar\/#primaryimage"},"thumbnailUrl":"https:\/\/autravail.ca\/wp-content\/uploads\/2025\/05\/Kevlar_A01-1.jpg","datePublished":"2025-05-08T07:31:46+00:00","dateModified":"2026-04-02T16:38:36+00:00","description":"Lacet rond 100% Kevlar offrant une r\u00e9sistance exceptionnelle aux d\u00e9chirures, \u00e0 l'abrasion et \u00e0 la chaleur, adapt\u00e9s aux environnements difficiles","breadcrumb":{"@id":"https:\/\/autravail.ca\/product\/lacet-rond-100-kevlar\/#breadcrumb"},"inLanguage":"en-CA","potentialAction":[{"@type":"ReadAction","target":["https:\/\/autravail.ca\/product\/lacet-rond-100-kevlar\/"]}]},{"@type":"ImageObject","inLanguage":"en-CA","@id":"https:\/\/autravail.ca\/product\/lacet-rond-100-kevlar\/#primaryimage","url":"https:\/\/autravail.ca\/wp-content\/uploads\/2025\/05\/Kevlar_A01-1.jpg","contentUrl":"https:\/\/autravail.ca\/wp-content\/uploads\/2025\/05\/Kevlar_A01-1.jpg","width":1000,"height":1000,"caption":"Lacet rond 100% Kevlar"},{"@type":"BreadcrumbList","@id":"https:\/\/autravail.ca\/product\/lacet-rond-100-kevlar\/#breadcrumb","itemListElement":[{"@type":"ListItem","position":1,"name":"Accueil","item":"https:\/\/autravail.ca\/"},{"@type":"ListItem","position":2,"name":"Magasin","item":"https:\/\/autravail.ca\/en\/shop\/"},{"@type":"ListItem","position":3,"name":"Lacet rond 100% Kevlar"}]},{"@type":"WebSite","@id":"https:\/\/autravail.ca\/#website","url":"https:\/\/autravail.ca\/","name":"Le Magasin Industriel","description":"50 ans de tradition de s\u00e9curit\u00e9 au travail","publisher":{"@id":"https:\/\/autravail.ca\/#organization"},"potentialAction":[{"@type":"SearchAction","target":{"@type":"EntryPoint","urlTemplate":"https:\/\/autravail.ca\/?s={search_term_string}"},"query-input":{"@type":"PropertyValueSpecification","valueRequired":true,"valueName":"search_term_string"}}],"inLanguage":"en-CA"},{"@type":"Organization","@id":"https:\/\/autravail.ca\/#organization","name":"Le Magasin Industriel","url":"https:\/\/autravail.ca\/","logo":{"@type":"ImageObject","inLanguage":"en-CA","@id":"https:\/\/autravail.ca\/#\/schema\/logo\/image\/","url":"https:\/\/autravail.ca\/wp-content\/uploads\/2025\/05\/cropped-magasin_industriel_120x.avif","contentUrl":"https:\/\/autravail.ca\/wp-content\/uploads\/2025\/05\/cropped-magasin_industriel_120x.avif","width":120,"height":24,"caption":"Le Magasin Industriel"},"image":{"@id":"https:\/\/autravail.ca\/#\/schema\/logo\/image\/"},"sameAs":["https:\/\/www.facebook.com\/lemagasinindustriel\/?locale=fr_FR"]}]}},"jetpack_sharing_enabled":true,"_links":{"self":[{"href":"https:\/\/autravail.ca\/en\/wp-json\/wp\/v2\/product\/34782","targetHints":{"allow":["GET"]}}],"collection":[{"href":"https:\/\/autravail.ca\/en\/wp-json\/wp\/v2\/product"}],"about":[{"href":"https:\/\/autravail.ca\/en\/wp-json\/wp\/v2\/types\/product"}],"replies":[{"embeddable":true,"href":"https:\/\/autravail.ca\/en\/wp-json\/wp\/v2\/comments?post=34782"}],"wp:featuredmedia":[{"embeddable":true,"href":"https:\/\/autravail.ca\/en\/wp-json\/wp\/v2\/media\/46877"}],"wp:attachment":[{"href":"https:\/\/autravail.ca\/en\/wp-json\/wp\/v2\/media?parent=34782"}],"wp:term":[{"taxonomy":"product_cat","embeddable":true,"href":"https:\/\/autravail.ca\/en\/wp-json\/wp\/v2\/product_cat?post=34782"},{"taxonomy":"product_tag","embeddable":true,"href":"https:\/\/autravail.ca\/en\/wp-json\/wp\/v2\/product_tag?post=34782"}],"curies":[{"name":"wp","href":"https:\/\/api.w.org\/{rel}","templated":true}]}}