{"id":34780,"date":"2025-05-08T07:31:45","date_gmt":"2025-05-08T07:31:45","guid":{"rendered":"https:\/\/meteoquebec.ca\/?post_type=product&#038;p=34780"},"modified":"2026-04-02T12:23:02","modified_gmt":"2026-04-02T16:23:02","slug":"lacet-steel-cord-sc63","status":"publish","type":"product","link":"https:\/\/autravail.ca\/en\/product\/lacet-steel-cord-sc63\/","title":{"rendered":"Lacet Steel Cord &#8211; SC63"},"content":{"rendered":"<h3>Lacet Steel Cord &#8211; SC63<\/h3>\n<p>Lacet Steel Cord &#8211; SC63 de <a href=\"https:\/\/autravail.ca\/en\/product-brand\/J-Audet-Jr\/\">J. Audet<\/a>. Les lacets\u00a0<strong class=\"Yjhzub\" data-sfc-root=\"c\" data-sfc-cb=\"\" data-complete=\"true\" data-processed=\"true\">Steel Cord<\/strong>\u00a0For\u00a0<strong class=\"Yjhzub\" data-sfc-root=\"c\" data-sfc-cb=\"\" data-complete=\"true\" data-processed=\"true\">J. Audet Jr.<\/strong>\u00a0(souvent commercialis\u00e9s sous la gamme\u00a0<strong class=\"Yjhzub\" data-sfc-root=\"c\" data-sfc-cb=\"\" data-complete=\"true\" data-processed=\"true\">Caffrey<\/strong>)\u00a0<mark class=\"HxTRcb\" data-sfc-root=\"c\" data-sfc-cb=\"\" data-complete=\"true\" data-sae=\"\">sont reconnus comme \u00e9tant parmi les plus r\u00e9sistants au monde, con\u00e7us pour les conditions de travail les plus extr\u00eames<\/mark>.<\/p>\n<h6>Characteristics:<\/h6>\n<ul>\n<li><span class=\"OYPEnA font-feature-liga-off font-feature-clig-off font-feature-calt-off text-decoration-none text-strikethrough-none\">Test\u00e9 pour r\u00e9sister \u00e0 une force de traction allant jusqu&rsquo;\u00e0 2000 lb, offrant une robustesse in\u00e9gal\u00e9e pour un usage intensif. Ils sont fabriqu\u00e9s en <strong class=\"Yjhzub\" data-sfc-root=\"c\" data-sfc-cb=\"\" data-complete=\"true\" aria-owns=\"action-menu-parent-container\">fibre d&rsquo;aramide.<\/strong><\/span><\/li>\n<li><span class=\"OYPEnA font-feature-liga-off font-feature-clig-off font-feature-calt-off text-decoration-none text-strikethrough-none\">Con\u00e7us pour supporter des temp\u00e9ratures allant jusqu&rsquo;\u00e0 700\u00b0F sans fondre ni se fragiliser, ce qui les rend id\u00e9aux pour les soudeurs et les pompiers.<\/span><\/li>\n<li><span class=\"OYPEnA font-feature-liga-off font-feature-clig-off font-feature-calt-off text-decoration-none text-strikethrough-none\">Offre une protection exceptionnelle contre le feu et l&rsquo;exposition aux produits chimiques, id\u00e9al pour les conditions industrielles et dangereuses.<\/span><\/li>\n<li><span class=\"OYPEnA font-feature-liga-off font-feature-clig-off font-feature-calt-off text-decoration-none text-strikethrough-none\">Compatible avec les bottes militaires, les chaussures de randonn\u00e9e et plus encore\u2014adapt\u00e9 aux hommes et aux femmes.<\/span><\/li>\n<li><span class=\"OYPEnA font-feature-liga-off font-feature-clig-off font-feature-calt-off text-decoration-none text-strikethrough-none\">Garantie \u00e0 vie : Conservez votre re\u00e7u pour des r\u00e9clamations \u00e0 vie, assurant une confiance totale dans votre achat.<\/span><\/li>\n<\/ul>\n<p><img decoding=\"async\" class=\"alignnone wp-image-40620\" src=\"https:\/\/autravail.ca\/wp-content\/uploads\/2025\/09\/Jachete-quebec-et-canada.jpg\" alt=\"Logo de l'achat local\" width=\"162\" height=\"139\" \/>Merci d&rsquo;encourager une entreprise 100% d&rsquo;ici!<\/p>\n<p>TS2604H<\/p>","protected":false},"excerpt":{"rendered":"<p>Lacet Steel Cord &#8211; SC63 Lacet Steel Cord &#8211; SC63 de J. Audet. Les lacets\u00a0Steel Cord\u00a0de\u00a0J. Audet Jr.\u00a0(souvent commercialis\u00e9s sous la gamme\u00a0Caffrey)\u00a0sont reconnus comme \u00e9tant parmi les plus r\u00e9sistants au monde, con\u00e7us pour les conditions de travail les plus extr\u00eames. Caract\u00e9ristiques: Test\u00e9 pour r\u00e9sister \u00e0 une force de traction allant jusqu&rsquo;\u00e0 2000 lb, offrant une [&hellip;]<\/p>","protected":false},"featured_media":20020,"comment_status":"open","ping_status":"closed","template":"","meta":[],"product_cat":[633,602,759],"product_tag":[255,242,395,273],"class_list":{"0":"post-34780","1":"product","2":"type-product","3":"status-publish","4":"has-post-thumbnail","6":"product_brand-j-audet-jr","7":"product_cat-femmes","8":"product_cat-hommes","9":"product_cat-lacets","10":"product_tag-femme","11":"product_tag-homme","12":"product_tag-lacets","13":"product_tag-new","15":"first","16":"instock","17":"taxable","18":"shipping-taxable","19":"purchasable","20":"product-type-variable"},"yoast_head":"<!-- This site is optimized with the Yoast SEO plugin v25.3.1 - https:\/\/yoast.com\/wordpress\/plugins\/seo\/ -->\n<title>Lacet Steel Cord - SC63 - Le Magasin Industriel<\/title>\n<meta name=\"description\" content=\"Lacet Steel Cord - SC63 test\u00e9 pour r\u00e9sister \u00e0 une force de traction allant jusqu&#039;\u00e0 2000 lb, offrant une robustesse in\u00e9gal\u00e9e pour un usage intensif\" \/>\n<meta name=\"robots\" content=\"index, follow, max-snippet:-1, max-image-preview:large, max-video-preview:-1\" \/>\n<link rel=\"canonical\" href=\"https:\/\/autravail.ca\/en\/product\/lacet-steel-cord-sc63\/\" \/>\n<meta property=\"og:locale\" content=\"en_US\" \/>\n<meta property=\"og:type\" content=\"article\" \/>\n<meta property=\"og:title\" content=\"Lacet Steel Cord - SC63 - Le Magasin Industriel\" \/>\n<meta property=\"og:description\" content=\"Lacet Steel Cord - SC63 test\u00e9 pour r\u00e9sister \u00e0 une force de traction allant jusqu&#039;\u00e0 2000 lb, offrant une robustesse in\u00e9gal\u00e9e pour un usage intensif\" \/>\n<meta property=\"og:url\" content=\"https:\/\/autravail.ca\/en\/product\/lacet-steel-cord-sc63\/\" \/>\n<meta property=\"og:site_name\" content=\"Le Magasin Industriel\" \/>\n<meta property=\"article:publisher\" content=\"https:\/\/www.facebook.com\/lemagasinindustriel\/?locale=fr_FR\" \/>\n<meta property=\"article:modified_time\" content=\"2026-04-02T16:23:02+00:00\" \/>\n<meta property=\"og:image\" content=\"https:\/\/autravail.ca\/wp-content\/uploads\/2025\/05\/SC63_A01.jpg\" \/>\n\t<meta property=\"og:image:width\" content=\"1000\" \/>\n\t<meta property=\"og:image:height\" content=\"1000\" \/>\n\t<meta property=\"og:image:type\" content=\"image\/jpeg\" \/>\n<meta name=\"twitter:card\" content=\"summary_large_image\" \/>\n<meta name=\"twitter:label1\" content=\"Est. reading time\" \/>\n\t<meta name=\"twitter:data1\" content=\"2 minutes\" \/>\n<script type=\"application\/ld+json\" class=\"yoast-schema-graph\">{\"@context\":\"https:\/\/schema.org\",\"@graph\":[{\"@type\":\"WebPage\",\"@id\":\"https:\/\/autravail.ca\/product\/lacet-steel-cord-sc63\/\",\"url\":\"https:\/\/autravail.ca\/product\/lacet-steel-cord-sc63\/\",\"name\":\"Lacet Steel Cord - SC63 - Le Magasin Industriel\",\"isPartOf\":{\"@id\":\"https:\/\/autravail.ca\/#website\"},\"primaryImageOfPage\":{\"@id\":\"https:\/\/autravail.ca\/product\/lacet-steel-cord-sc63\/#primaryimage\"},\"image\":{\"@id\":\"https:\/\/autravail.ca\/product\/lacet-steel-cord-sc63\/#primaryimage\"},\"thumbnailUrl\":\"https:\/\/autravail.ca\/wp-content\/uploads\/2025\/05\/SC63_A01.jpg\",\"datePublished\":\"2025-05-08T07:31:45+00:00\",\"dateModified\":\"2026-04-02T16:23:02+00:00\",\"description\":\"Lacet Steel Cord - SC63 test\u00e9 pour r\u00e9sister \u00e0 une force de traction allant jusqu'\u00e0 2000 lb, offrant une robustesse in\u00e9gal\u00e9e pour un usage intensif\",\"breadcrumb\":{\"@id\":\"https:\/\/autravail.ca\/product\/lacet-steel-cord-sc63\/#breadcrumb\"},\"inLanguage\":\"en-CA\",\"potentialAction\":[{\"@type\":\"ReadAction\",\"target\":[\"https:\/\/autravail.ca\/product\/lacet-steel-cord-sc63\/\"]}]},{\"@type\":\"ImageObject\",\"inLanguage\":\"en-CA\",\"@id\":\"https:\/\/autravail.ca\/product\/lacet-steel-cord-sc63\/#primaryimage\",\"url\":\"https:\/\/autravail.ca\/wp-content\/uploads\/2025\/05\/SC63_A01.jpg\",\"contentUrl\":\"https:\/\/autravail.ca\/wp-content\/uploads\/2025\/05\/SC63_A01.jpg\",\"width\":1000,\"height\":1000,\"caption\":\"Lacet Steel Cord - SC63\"},{\"@type\":\"BreadcrumbList\",\"@id\":\"https:\/\/autravail.ca\/product\/lacet-steel-cord-sc63\/#breadcrumb\",\"itemListElement\":[{\"@type\":\"ListItem\",\"position\":1,\"name\":\"Accueil\",\"item\":\"https:\/\/autravail.ca\/\"},{\"@type\":\"ListItem\",\"position\":2,\"name\":\"Magasin\",\"item\":\"https:\/\/autravail.ca\/en\/shop\/\"},{\"@type\":\"ListItem\",\"position\":3,\"name\":\"Lacet Steel Cord &#8211; SC63\"}]},{\"@type\":\"WebSite\",\"@id\":\"https:\/\/autravail.ca\/#website\",\"url\":\"https:\/\/autravail.ca\/\",\"name\":\"Le Magasin Industriel\",\"description\":\"50 ans de tradition de s\u00e9curit\u00e9 au travail\",\"publisher\":{\"@id\":\"https:\/\/autravail.ca\/#organization\"},\"potentialAction\":[{\"@type\":\"SearchAction\",\"target\":{\"@type\":\"EntryPoint\",\"urlTemplate\":\"https:\/\/autravail.ca\/?s={search_term_string}\"},\"query-input\":{\"@type\":\"PropertyValueSpecification\",\"valueRequired\":true,\"valueName\":\"search_term_string\"}}],\"inLanguage\":\"en-CA\"},{\"@type\":\"Organization\",\"@id\":\"https:\/\/autravail.ca\/#organization\",\"name\":\"Le Magasin Industriel\",\"url\":\"https:\/\/autravail.ca\/\",\"logo\":{\"@type\":\"ImageObject\",\"inLanguage\":\"en-CA\",\"@id\":\"https:\/\/autravail.ca\/#\/schema\/logo\/image\/\",\"url\":\"https:\/\/autravail.ca\/wp-content\/uploads\/2025\/05\/cropped-magasin_industriel_120x.avif\",\"contentUrl\":\"https:\/\/autravail.ca\/wp-content\/uploads\/2025\/05\/cropped-magasin_industriel_120x.avif\",\"width\":120,\"height\":24,\"caption\":\"Le Magasin Industriel\"},\"image\":{\"@id\":\"https:\/\/autravail.ca\/#\/schema\/logo\/image\/\"},\"sameAs\":[\"https:\/\/www.facebook.com\/lemagasinindustriel\/?locale=fr_FR\"]}]}<\/script>\n<!-- \/ Yoast SEO plugin. -->","yoast_head_json":{"title":"Lacet Steel Cord - SC63 - Le Magasin Industriel","description":"Lacet Steel Cord - SC63 test\u00e9 pour r\u00e9sister \u00e0 une force de traction allant jusqu'\u00e0 2000 lb, offrant une robustesse in\u00e9gal\u00e9e pour un usage intensif","robots":{"index":"index","follow":"follow","max-snippet":"max-snippet:-1","max-image-preview":"max-image-preview:large","max-video-preview":"max-video-preview:-1"},"canonical":"https:\/\/autravail.ca\/en\/product\/lacet-steel-cord-sc63\/","og_locale":"en_US","og_type":"article","og_title":"Lacet Steel Cord - SC63 - Le Magasin Industriel","og_description":"Lacet Steel Cord - SC63 test\u00e9 pour r\u00e9sister \u00e0 une force de traction allant jusqu'\u00e0 2000 lb, offrant une robustesse in\u00e9gal\u00e9e pour un usage intensif","og_url":"https:\/\/autravail.ca\/en\/product\/lacet-steel-cord-sc63\/","og_site_name":"Le Magasin Industriel","article_publisher":"https:\/\/www.facebook.com\/lemagasinindustriel\/?locale=fr_FR","article_modified_time":"2026-04-02T16:23:02+00:00","og_image":[{"width":1000,"height":1000,"url":"https:\/\/autravail.ca\/wp-content\/uploads\/2025\/05\/SC63_A01.jpg","type":"image\/jpeg"}],"twitter_card":"summary_large_image","twitter_misc":{"Est. reading time":"2 minutes"},"schema":{"@context":"https:\/\/schema.org","@graph":[{"@type":"WebPage","@id":"https:\/\/autravail.ca\/product\/lacet-steel-cord-sc63\/","url":"https:\/\/autravail.ca\/product\/lacet-steel-cord-sc63\/","name":"Lacet Steel Cord - SC63 - Le Magasin Industriel","isPartOf":{"@id":"https:\/\/autravail.ca\/#website"},"primaryImageOfPage":{"@id":"https:\/\/autravail.ca\/product\/lacet-steel-cord-sc63\/#primaryimage"},"image":{"@id":"https:\/\/autravail.ca\/product\/lacet-steel-cord-sc63\/#primaryimage"},"thumbnailUrl":"https:\/\/autravail.ca\/wp-content\/uploads\/2025\/05\/SC63_A01.jpg","datePublished":"2025-05-08T07:31:45+00:00","dateModified":"2026-04-02T16:23:02+00:00","description":"Lacet Steel Cord - SC63 test\u00e9 pour r\u00e9sister \u00e0 une force de traction allant jusqu'\u00e0 2000 lb, offrant une robustesse in\u00e9gal\u00e9e pour un usage intensif","breadcrumb":{"@id":"https:\/\/autravail.ca\/product\/lacet-steel-cord-sc63\/#breadcrumb"},"inLanguage":"en-CA","potentialAction":[{"@type":"ReadAction","target":["https:\/\/autravail.ca\/product\/lacet-steel-cord-sc63\/"]}]},{"@type":"ImageObject","inLanguage":"en-CA","@id":"https:\/\/autravail.ca\/product\/lacet-steel-cord-sc63\/#primaryimage","url":"https:\/\/autravail.ca\/wp-content\/uploads\/2025\/05\/SC63_A01.jpg","contentUrl":"https:\/\/autravail.ca\/wp-content\/uploads\/2025\/05\/SC63_A01.jpg","width":1000,"height":1000,"caption":"Lacet Steel Cord - SC63"},{"@type":"BreadcrumbList","@id":"https:\/\/autravail.ca\/product\/lacet-steel-cord-sc63\/#breadcrumb","itemListElement":[{"@type":"ListItem","position":1,"name":"Accueil","item":"https:\/\/autravail.ca\/"},{"@type":"ListItem","position":2,"name":"Magasin","item":"https:\/\/autravail.ca\/en\/shop\/"},{"@type":"ListItem","position":3,"name":"Lacet Steel Cord &#8211; SC63"}]},{"@type":"WebSite","@id":"https:\/\/autravail.ca\/#website","url":"https:\/\/autravail.ca\/","name":"Le Magasin Industriel","description":"50 ans de tradition de s\u00e9curit\u00e9 au travail","publisher":{"@id":"https:\/\/autravail.ca\/#organization"},"potentialAction":[{"@type":"SearchAction","target":{"@type":"EntryPoint","urlTemplate":"https:\/\/autravail.ca\/?s={search_term_string}"},"query-input":{"@type":"PropertyValueSpecification","valueRequired":true,"valueName":"search_term_string"}}],"inLanguage":"en-CA"},{"@type":"Organization","@id":"https:\/\/autravail.ca\/#organization","name":"Le Magasin Industriel","url":"https:\/\/autravail.ca\/","logo":{"@type":"ImageObject","inLanguage":"en-CA","@id":"https:\/\/autravail.ca\/#\/schema\/logo\/image\/","url":"https:\/\/autravail.ca\/wp-content\/uploads\/2025\/05\/cropped-magasin_industriel_120x.avif","contentUrl":"https:\/\/autravail.ca\/wp-content\/uploads\/2025\/05\/cropped-magasin_industriel_120x.avif","width":120,"height":24,"caption":"Le Magasin Industriel"},"image":{"@id":"https:\/\/autravail.ca\/#\/schema\/logo\/image\/"},"sameAs":["https:\/\/www.facebook.com\/lemagasinindustriel\/?locale=fr_FR"]}]}},"jetpack_sharing_enabled":true,"_links":{"self":[{"href":"https:\/\/autravail.ca\/en\/wp-json\/wp\/v2\/product\/34780","targetHints":{"allow":["GET"]}}],"collection":[{"href":"https:\/\/autravail.ca\/en\/wp-json\/wp\/v2\/product"}],"about":[{"href":"https:\/\/autravail.ca\/en\/wp-json\/wp\/v2\/types\/product"}],"replies":[{"embeddable":true,"href":"https:\/\/autravail.ca\/en\/wp-json\/wp\/v2\/comments?post=34780"}],"wp:featuredmedia":[{"embeddable":true,"href":"https:\/\/autravail.ca\/en\/wp-json\/wp\/v2\/media\/20020"}],"wp:attachment":[{"href":"https:\/\/autravail.ca\/en\/wp-json\/wp\/v2\/media?parent=34780"}],"wp:term":[{"taxonomy":"product_cat","embeddable":true,"href":"https:\/\/autravail.ca\/en\/wp-json\/wp\/v2\/product_cat?post=34780"},{"taxonomy":"product_tag","embeddable":true,"href":"https:\/\/autravail.ca\/en\/wp-json\/wp\/v2\/product_tag?post=34780"}],"curies":[{"name":"wp","href":"https:\/\/api.w.org\/{rel}","templated":true}]}}