{"id":34632,"date":"2025-05-08T07:29:58","date_gmt":"2025-05-08T07:29:58","guid":{"rendered":"https:\/\/meteoquebec.ca\/?post_type=product&#038;p=34632"},"modified":"2025-12-05T05:10:13","modified_gmt":"2025-12-05T09:10:13","slug":"jg-ubx-1w-manteau-montauk-pour-femme","status":"publish","type":"product","link":"https:\/\/autravail.ca\/en\/product\/jg-ubx-1w-manteau-montauk-pour-femme\/","title":{"rendered":"JG UBX-1W - WOMEN'S MONTAUK COAT"},"content":{"rendered":"<p>Montauk Jacket for Woman - Stormtech<\/p>\n<p>In a category often reserved for performance Jackets or workwear, Montauk offers a unique urban-style system jacket with an elegant and minimalist style. Combined with an outer membrane\/breathable HD H2XTREME serged heavy and durable fabric, this 3-in-1 is equipped with a Thermal Shell padded lining. Perfect for any environment or industry that depends on high-performance equipment to resist heavy wear.<\/p>\n<p>Waterproof\/breathable Outer Shell STORMTECH H2XTREME 8000\/3000<\/p>\n<p>Hydrophobic Finish (PFC-Free)<\/p>\n<p>Stitched seams critically, Insulated zippered lining.<\/p>\n<p>Stormtech HD Exterior Case<\/p>\n<p>Storm shield over entire length.<\/p>\n<p>Multi Media Backpack<\/p>\n<p>Internal Pockets<\/p>\n<p>Double pockets for hands on the shell.<\/p>\n<p>Buttoned cuffs on a 3\/4 length sleeve.<\/p>\n<p>Adjustable Fit.<\/p>\n<p>Elastics at cuffs.<\/p>","protected":false},"excerpt":{"rendered":"<p>Manteau Montauk pour femme &#8211; Stormtech Dans une cat\u00e9gorie souvent r\u00e9serv\u00e9e aux vestes de performance ou aux v\u00eatements de travail, la Montauk propose une veste syst\u00e8me unique de style urbain au style \u00e9l\u00e9gant et minimaliste. Combin\u00e9 avec un tissu ext\u00e9rieur \u00e0 membrane imperm\u00e9able\/respirante serg\u00e9 HD H2XTREME \u00e9pais et r\u00e9sistant, ce 3-en-1 est dot\u00e9 d&rsquo;une doublure [&hellip;]<\/p>","protected":false},"featured_media":39549,"comment_status":"open","ping_status":"closed","template":"","meta":[],"product_cat":[633,610,604],"product_tag":[255,392],"class_list":{"0":"post-34632","1":"product","2":"type-product","3":"status-publish","4":"has-post-thumbnail","6":"product_brand-le-magasin-industriel","7":"product_cat-femmes","8":"product_cat-manteaux","9":"product_cat-vetements-de-travail","10":"product_tag-femme","11":"product_tag-jg","13":"first","14":"outofstock","15":"taxable","16":"shipping-taxable","17":"purchasable","18":"product-type-variable"},"yoast_head":"<!-- This site is optimized with the Yoast SEO plugin v25.3.1 - https:\/\/yoast.com\/wordpress\/plugins\/seo\/ -->\n<title>JG UBX-1W - MANTEAU MONTAUK POUR FEMME - Le Magasin Industriel<\/title>\n<meta name=\"robots\" content=\"index, follow, max-snippet:-1, max-image-preview:large, max-video-preview:-1\" \/>\n<link rel=\"canonical\" href=\"https:\/\/autravail.ca\/en\/product\/jg-ubx-1w-manteau-montauk-pour-femme\/\" \/>\n<meta property=\"og:locale\" content=\"en_US\" \/>\n<meta property=\"og:type\" content=\"article\" \/>\n<meta property=\"og:title\" content=\"JG UBX-1W - MANTEAU MONTAUK POUR FEMME - Le Magasin Industriel\" \/>\n<meta property=\"og:description\" content=\"Manteau Montauk pour femme &#8211; Stormtech Dans une cat\u00e9gorie souvent r\u00e9serv\u00e9e aux vestes de performance ou aux v\u00eatements de travail, la Montauk propose une veste syst\u00e8me unique de style urbain au style \u00e9l\u00e9gant et minimaliste. Combin\u00e9 avec un tissu ext\u00e9rieur \u00e0 membrane imperm\u00e9able\/respirante serg\u00e9 HD H2XTREME \u00e9pais et r\u00e9sistant, ce 3-en-1 est dot\u00e9 d&rsquo;une doublure [&hellip;]\" \/>\n<meta property=\"og:url\" content=\"https:\/\/autravail.ca\/en\/product\/jg-ubx-1w-manteau-montauk-pour-femme\/\" \/>\n<meta property=\"og:site_name\" content=\"Le Magasin Industriel\" \/>\n<meta property=\"article:publisher\" content=\"https:\/\/www.facebook.com\/lemagasinindustriel\/?locale=fr_FR\" \/>\n<meta property=\"article:modified_time\" content=\"2025-12-05T09:10:13+00:00\" \/>\n<meta property=\"og:image\" content=\"https:\/\/autravail.ca\/wp-content\/uploads\/2025\/05\/UBX-1W_noir_A01-1.jpg\" \/>\n\t<meta property=\"og:image:width\" content=\"800\" \/>\n\t<meta property=\"og:image:height\" content=\"720\" \/>\n\t<meta property=\"og:image:type\" content=\"image\/jpeg\" \/>\n<meta name=\"twitter:card\" content=\"summary_large_image\" \/>\n<meta name=\"twitter:label1\" content=\"Est. reading time\" \/>\n\t<meta name=\"twitter:data1\" content=\"1 minute\" \/>\n<script type=\"application\/ld+json\" class=\"yoast-schema-graph\">{\"@context\":\"https:\/\/schema.org\",\"@graph\":[{\"@type\":\"WebPage\",\"@id\":\"https:\/\/autravail.ca\/product\/jg-ubx-1w-manteau-montauk-pour-femme\/\",\"url\":\"https:\/\/autravail.ca\/product\/jg-ubx-1w-manteau-montauk-pour-femme\/\",\"name\":\"JG UBX-1W - MANTEAU MONTAUK POUR FEMME - Le Magasin Industriel\",\"isPartOf\":{\"@id\":\"https:\/\/autravail.ca\/#website\"},\"primaryImageOfPage\":{\"@id\":\"https:\/\/autravail.ca\/product\/jg-ubx-1w-manteau-montauk-pour-femme\/#primaryimage\"},\"image\":{\"@id\":\"https:\/\/autravail.ca\/product\/jg-ubx-1w-manteau-montauk-pour-femme\/#primaryimage\"},\"thumbnailUrl\":\"https:\/\/autravail.ca\/wp-content\/uploads\/2025\/05\/UBX-1W_noir_A01-1.jpg\",\"datePublished\":\"2025-05-08T07:29:58+00:00\",\"dateModified\":\"2025-12-05T09:10:13+00:00\",\"breadcrumb\":{\"@id\":\"https:\/\/autravail.ca\/product\/jg-ubx-1w-manteau-montauk-pour-femme\/#breadcrumb\"},\"inLanguage\":\"en-CA\",\"potentialAction\":[{\"@type\":\"ReadAction\",\"target\":[\"https:\/\/autravail.ca\/product\/jg-ubx-1w-manteau-montauk-pour-femme\/\"]}]},{\"@type\":\"ImageObject\",\"inLanguage\":\"en-CA\",\"@id\":\"https:\/\/autravail.ca\/product\/jg-ubx-1w-manteau-montauk-pour-femme\/#primaryimage\",\"url\":\"https:\/\/autravail.ca\/wp-content\/uploads\/2025\/05\/UBX-1W_noir_A01-1.jpg\",\"contentUrl\":\"https:\/\/autravail.ca\/wp-content\/uploads\/2025\/05\/UBX-1W_noir_A01-1.jpg\",\"width\":800,\"height\":720},{\"@type\":\"BreadcrumbList\",\"@id\":\"https:\/\/autravail.ca\/product\/jg-ubx-1w-manteau-montauk-pour-femme\/#breadcrumb\",\"itemListElement\":[{\"@type\":\"ListItem\",\"position\":1,\"name\":\"Accueil\",\"item\":\"https:\/\/autravail.ca\/\"},{\"@type\":\"ListItem\",\"position\":2,\"name\":\"Magasin\",\"item\":\"https:\/\/autravail.ca\/en\/shop\/\"},{\"@type\":\"ListItem\",\"position\":3,\"name\":\"JG UBX-1W &#8211; MANTEAU MONTAUK POUR FEMME\"}]},{\"@type\":\"WebSite\",\"@id\":\"https:\/\/autravail.ca\/#website\",\"url\":\"https:\/\/autravail.ca\/\",\"name\":\"Le Magasin Industriel\",\"description\":\"50 ans de tradition de s\u00e9curit\u00e9 au travail\",\"publisher\":{\"@id\":\"https:\/\/autravail.ca\/#organization\"},\"potentialAction\":[{\"@type\":\"SearchAction\",\"target\":{\"@type\":\"EntryPoint\",\"urlTemplate\":\"https:\/\/autravail.ca\/?s={search_term_string}\"},\"query-input\":{\"@type\":\"PropertyValueSpecification\",\"valueRequired\":true,\"valueName\":\"search_term_string\"}}],\"inLanguage\":\"en-CA\"},{\"@type\":\"Organization\",\"@id\":\"https:\/\/autravail.ca\/#organization\",\"name\":\"Le Magasin Industriel\",\"url\":\"https:\/\/autravail.ca\/\",\"logo\":{\"@type\":\"ImageObject\",\"inLanguage\":\"en-CA\",\"@id\":\"https:\/\/autravail.ca\/#\/schema\/logo\/image\/\",\"url\":\"https:\/\/autravail.ca\/wp-content\/uploads\/2025\/05\/cropped-magasin_industriel_120x.avif\",\"contentUrl\":\"https:\/\/autravail.ca\/wp-content\/uploads\/2025\/05\/cropped-magasin_industriel_120x.avif\",\"width\":120,\"height\":24,\"caption\":\"Le Magasin Industriel\"},\"image\":{\"@id\":\"https:\/\/autravail.ca\/#\/schema\/logo\/image\/\"},\"sameAs\":[\"https:\/\/www.facebook.com\/lemagasinindustriel\/?locale=fr_FR\"]}]}<\/script>\n<!-- \/ Yoast SEO plugin. -->","yoast_head_json":{"title":"JG UBX-1W - MANTEAU MONTAUK POUR FEMME - Le Magasin Industriel","robots":{"index":"index","follow":"follow","max-snippet":"max-snippet:-1","max-image-preview":"max-image-preview:large","max-video-preview":"max-video-preview:-1"},"canonical":"https:\/\/autravail.ca\/en\/product\/jg-ubx-1w-manteau-montauk-pour-femme\/","og_locale":"en_US","og_type":"article","og_title":"JG UBX-1W - MANTEAU MONTAUK POUR FEMME - Le Magasin Industriel","og_description":"Manteau Montauk pour femme &#8211; Stormtech Dans une cat\u00e9gorie souvent r\u00e9serv\u00e9e aux vestes de performance ou aux v\u00eatements de travail, la Montauk propose une veste syst\u00e8me unique de style urbain au style \u00e9l\u00e9gant et minimaliste. Combin\u00e9 avec un tissu ext\u00e9rieur \u00e0 membrane imperm\u00e9able\/respirante serg\u00e9 HD H2XTREME \u00e9pais et r\u00e9sistant, ce 3-en-1 est dot\u00e9 d&rsquo;une doublure [&hellip;]","og_url":"https:\/\/autravail.ca\/en\/product\/jg-ubx-1w-manteau-montauk-pour-femme\/","og_site_name":"Le Magasin Industriel","article_publisher":"https:\/\/www.facebook.com\/lemagasinindustriel\/?locale=fr_FR","article_modified_time":"2025-12-05T09:10:13+00:00","og_image":[{"width":800,"height":720,"url":"https:\/\/autravail.ca\/wp-content\/uploads\/2025\/05\/UBX-1W_noir_A01-1.jpg","type":"image\/jpeg"}],"twitter_card":"summary_large_image","twitter_misc":{"Est. reading time":"1 minute"},"schema":{"@context":"https:\/\/schema.org","@graph":[{"@type":"WebPage","@id":"https:\/\/autravail.ca\/product\/jg-ubx-1w-manteau-montauk-pour-femme\/","url":"https:\/\/autravail.ca\/product\/jg-ubx-1w-manteau-montauk-pour-femme\/","name":"JG UBX-1W - MANTEAU MONTAUK POUR FEMME - Le Magasin Industriel","isPartOf":{"@id":"https:\/\/autravail.ca\/#website"},"primaryImageOfPage":{"@id":"https:\/\/autravail.ca\/product\/jg-ubx-1w-manteau-montauk-pour-femme\/#primaryimage"},"image":{"@id":"https:\/\/autravail.ca\/product\/jg-ubx-1w-manteau-montauk-pour-femme\/#primaryimage"},"thumbnailUrl":"https:\/\/autravail.ca\/wp-content\/uploads\/2025\/05\/UBX-1W_noir_A01-1.jpg","datePublished":"2025-05-08T07:29:58+00:00","dateModified":"2025-12-05T09:10:13+00:00","breadcrumb":{"@id":"https:\/\/autravail.ca\/product\/jg-ubx-1w-manteau-montauk-pour-femme\/#breadcrumb"},"inLanguage":"en-CA","potentialAction":[{"@type":"ReadAction","target":["https:\/\/autravail.ca\/product\/jg-ubx-1w-manteau-montauk-pour-femme\/"]}]},{"@type":"ImageObject","inLanguage":"en-CA","@id":"https:\/\/autravail.ca\/product\/jg-ubx-1w-manteau-montauk-pour-femme\/#primaryimage","url":"https:\/\/autravail.ca\/wp-content\/uploads\/2025\/05\/UBX-1W_noir_A01-1.jpg","contentUrl":"https:\/\/autravail.ca\/wp-content\/uploads\/2025\/05\/UBX-1W_noir_A01-1.jpg","width":800,"height":720},{"@type":"BreadcrumbList","@id":"https:\/\/autravail.ca\/product\/jg-ubx-1w-manteau-montauk-pour-femme\/#breadcrumb","itemListElement":[{"@type":"ListItem","position":1,"name":"Accueil","item":"https:\/\/autravail.ca\/"},{"@type":"ListItem","position":2,"name":"Magasin","item":"https:\/\/autravail.ca\/en\/shop\/"},{"@type":"ListItem","position":3,"name":"JG UBX-1W &#8211; MANTEAU MONTAUK POUR FEMME"}]},{"@type":"WebSite","@id":"https:\/\/autravail.ca\/#website","url":"https:\/\/autravail.ca\/","name":"Le Magasin Industriel","description":"50 ans de tradition de s\u00e9curit\u00e9 au travail","publisher":{"@id":"https:\/\/autravail.ca\/#organization"},"potentialAction":[{"@type":"SearchAction","target":{"@type":"EntryPoint","urlTemplate":"https:\/\/autravail.ca\/?s={search_term_string}"},"query-input":{"@type":"PropertyValueSpecification","valueRequired":true,"valueName":"search_term_string"}}],"inLanguage":"en-CA"},{"@type":"Organization","@id":"https:\/\/autravail.ca\/#organization","name":"Le Magasin Industriel","url":"https:\/\/autravail.ca\/","logo":{"@type":"ImageObject","inLanguage":"en-CA","@id":"https:\/\/autravail.ca\/#\/schema\/logo\/image\/","url":"https:\/\/autravail.ca\/wp-content\/uploads\/2025\/05\/cropped-magasin_industriel_120x.avif","contentUrl":"https:\/\/autravail.ca\/wp-content\/uploads\/2025\/05\/cropped-magasin_industriel_120x.avif","width":120,"height":24,"caption":"Le Magasin Industriel"},"image":{"@id":"https:\/\/autravail.ca\/#\/schema\/logo\/image\/"},"sameAs":["https:\/\/www.facebook.com\/lemagasinindustriel\/?locale=fr_FR"]}]}},"jetpack_sharing_enabled":true,"_links":{"self":[{"href":"https:\/\/autravail.ca\/en\/wp-json\/wp\/v2\/product\/34632","targetHints":{"allow":["GET"]}}],"collection":[{"href":"https:\/\/autravail.ca\/en\/wp-json\/wp\/v2\/product"}],"about":[{"href":"https:\/\/autravail.ca\/en\/wp-json\/wp\/v2\/types\/product"}],"replies":[{"embeddable":true,"href":"https:\/\/autravail.ca\/en\/wp-json\/wp\/v2\/comments?post=34632"}],"wp:featuredmedia":[{"embeddable":true,"href":"https:\/\/autravail.ca\/en\/wp-json\/wp\/v2\/media\/39549"}],"wp:attachment":[{"href":"https:\/\/autravail.ca\/en\/wp-json\/wp\/v2\/media?parent=34632"}],"wp:term":[{"taxonomy":"product_cat","embeddable":true,"href":"https:\/\/autravail.ca\/en\/wp-json\/wp\/v2\/product_cat?post=34632"},{"taxonomy":"product_tag","embeddable":true,"href":"https:\/\/autravail.ca\/en\/wp-json\/wp\/v2\/product_tag?post=34632"}],"curies":[{"name":"wp","href":"https:\/\/api.w.org\/{rel}","templated":true}]}}