{"id":34602,"date":"2025-05-08T07:29:29","date_gmt":"2025-05-08T07:29:29","guid":{"rendered":"https:\/\/meteoquebec.ca\/?post_type=product&#038;p=34602"},"modified":"2025-12-05T05:10:13","modified_gmt":"2025-12-05T09:10:13","slug":"jg-s426-manteau-de-securite-5-in-1","status":"publish","type":"product","link":"https:\/\/autravail.ca\/en\/product\/jg-s426-manteau-de-securite-5-in-1\/","title":{"rendered":"JG S426 - 5  1 SAFETY JACKET"},"content":{"rendered":"<p>Safety Coat 5\/1, Richlu<\/p>\n<p>&nbsp;<\/p>\n<ul>\n<li style=\"list-style-type: none;\">\n<ul>Our popular high visibility coat with reflective band is very versatile and functional. Of unmatched quality, it will keep you warm even during the coldest winters. This multi-purpose coat adapts to all seasons - wear only the jacket, the lining or combine them all.<\/ul>\n<\/li>\n<\/ul>\n<p>&nbsp;<\/p>\n<ul>\n<li>Shell: Poly-Oxford 300D with PU Coating and Anti-Freeze.<\/li>\n<li>Lining: 100% Polyester Insulating Mattress Padded at 6 oz.<\/li>\n<li>Reflective 3M Materials\u00a0<span data-mce-fragment=\"1\">Scotchlite<\/span><sup data-mce-fragment=\"1\">MC<\/sup><span data-mce-fragment=\"1\">\u00a0on contrasting 4-pocket (shell\/lining.<\/span><\/li>\n<li>Removable hood for helmet.<\/li>\n<li>Zip storm flap with pressure buttons on nylon slides.<\/li>\n<li>Identification Pocket with Auto-Adhesive Closure (shell\/lining)<\/li>\n<li>Two sleeves for micro (shell\/lining)<\/li>\n<li>Cuffs and sleeves black that hide dirt (except for the model uniform orange).<\/li>\n<li>Multi-pocket Model (Shell\/Lining)<\/li>\n<li>Customizable zone accessible by zipper (shell)<\/li>\n<li>Removable high visibility lining (black reverse side) with adjustable cuffs.<\/li>\n<\/ul>","protected":false},"excerpt":{"rendered":"<p>Manteau de s\u00e9curit\u00e9 5\/1, Richlu &nbsp; Notre populaire manteau haute visibilit\u00e9 avec ruban r\u00e9fl\u00e9chissant est tr\u00e8s polyvalent et fonctionnel. De qualit\u00e9 in\u00e9gal\u00e9e, il vous gardera au chaud m\u00eame les hivers les plus rigoureux. Ce manteau polyvalent s&rsquo;adapte aux quatre saisons &#8211; portez seulement la veste, la doublure ou combinez le tout. &nbsp; Coquille: Poly-Oxford 300D [&hellip;]<\/p>","protected":false},"featured_media":39532,"comment_status":"open","ping_status":"closed","template":"","meta":[],"product_cat":[610,756],"product_tag":[392,250,291],"class_list":{"0":"post-34602","1":"product","2":"type-product","3":"status-publish","4":"has-post-thumbnail","6":"product_brand-richlu","7":"product_cat-manteaux","8":"product_cat-richlu","9":"product_tag-jg","10":"product_tag-manteaux","11":"product_tag-vetements-haute-visibilite","13":"first","14":"outofstock","15":"taxable","16":"shipping-taxable","17":"purchasable","18":"product-type-variable"},"yoast_head":"<!-- This site is optimized with the Yoast SEO plugin v25.3.1 - https:\/\/yoast.com\/wordpress\/plugins\/seo\/ -->\n<title>JG S426 - MANTEAU DE S\u00c9CURIT\u00c9 5 IN 1 - Le Magasin Industriel<\/title>\n<meta name=\"robots\" content=\"index, follow, max-snippet:-1, max-image-preview:large, max-video-preview:-1\" \/>\n<link rel=\"canonical\" href=\"https:\/\/autravail.ca\/en\/product\/jg-s426-manteau-de-securite-5-in-1\/\" \/>\n<meta property=\"og:locale\" content=\"en_US\" \/>\n<meta property=\"og:type\" content=\"article\" \/>\n<meta property=\"og:title\" content=\"JG S426 - MANTEAU DE S\u00c9CURIT\u00c9 5 IN 1 - Le Magasin Industriel\" \/>\n<meta property=\"og:description\" content=\"Manteau de s\u00e9curit\u00e9 5\/1, Richlu &nbsp; Notre populaire manteau haute visibilit\u00e9 avec ruban r\u00e9fl\u00e9chissant est tr\u00e8s polyvalent et fonctionnel. De qualit\u00e9 in\u00e9gal\u00e9e, il vous gardera au chaud m\u00eame les hivers les plus rigoureux. Ce manteau polyvalent s&rsquo;adapte aux quatre saisons &#8211; portez seulement la veste, la doublure ou combinez le tout. &nbsp; Coquille: Poly-Oxford 300D [&hellip;]\" \/>\n<meta property=\"og:url\" content=\"https:\/\/autravail.ca\/en\/product\/jg-s426-manteau-de-securite-5-in-1\/\" \/>\n<meta property=\"og:site_name\" content=\"Le Magasin Industriel\" \/>\n<meta property=\"article:publisher\" content=\"https:\/\/www.facebook.com\/lemagasinindustriel\/?locale=fr_FR\" \/>\n<meta property=\"article:modified_time\" content=\"2025-12-05T09:10:13+00:00\" \/>\n<meta property=\"og:image\" content=\"https:\/\/autravail.ca\/wp-content\/uploads\/2025\/05\/S426_A01_noir_devant-1.jpg\" \/>\n\t<meta property=\"og:image:width\" content=\"800\" \/>\n\t<meta property=\"og:image:height\" content=\"720\" \/>\n\t<meta property=\"og:image:type\" content=\"image\/jpeg\" \/>\n<meta name=\"twitter:card\" content=\"summary_large_image\" \/>\n<meta name=\"twitter:label1\" content=\"Est. reading time\" \/>\n\t<meta name=\"twitter:data1\" content=\"1 minute\" \/>\n<script type=\"application\/ld+json\" class=\"yoast-schema-graph\">{\"@context\":\"https:\/\/schema.org\",\"@graph\":[{\"@type\":\"WebPage\",\"@id\":\"https:\/\/autravail.ca\/product\/jg-s426-manteau-de-securite-5-in-1\/\",\"url\":\"https:\/\/autravail.ca\/product\/jg-s426-manteau-de-securite-5-in-1\/\",\"name\":\"JG S426 - MANTEAU DE S\u00c9CURIT\u00c9 5 IN 1 - Le Magasin Industriel\",\"isPartOf\":{\"@id\":\"https:\/\/autravail.ca\/#website\"},\"primaryImageOfPage\":{\"@id\":\"https:\/\/autravail.ca\/product\/jg-s426-manteau-de-securite-5-in-1\/#primaryimage\"},\"image\":{\"@id\":\"https:\/\/autravail.ca\/product\/jg-s426-manteau-de-securite-5-in-1\/#primaryimage\"},\"thumbnailUrl\":\"https:\/\/autravail.ca\/wp-content\/uploads\/2025\/05\/S426_A01_noir_devant-1.jpg\",\"datePublished\":\"2025-05-08T07:29:29+00:00\",\"dateModified\":\"2025-12-05T09:10:13+00:00\",\"breadcrumb\":{\"@id\":\"https:\/\/autravail.ca\/product\/jg-s426-manteau-de-securite-5-in-1\/#breadcrumb\"},\"inLanguage\":\"en-CA\",\"potentialAction\":[{\"@type\":\"ReadAction\",\"target\":[\"https:\/\/autravail.ca\/product\/jg-s426-manteau-de-securite-5-in-1\/\"]}]},{\"@type\":\"ImageObject\",\"inLanguage\":\"en-CA\",\"@id\":\"https:\/\/autravail.ca\/product\/jg-s426-manteau-de-securite-5-in-1\/#primaryimage\",\"url\":\"https:\/\/autravail.ca\/wp-content\/uploads\/2025\/05\/S426_A01_noir_devant-1.jpg\",\"contentUrl\":\"https:\/\/autravail.ca\/wp-content\/uploads\/2025\/05\/S426_A01_noir_devant-1.jpg\",\"width\":800,\"height\":720},{\"@type\":\"BreadcrumbList\",\"@id\":\"https:\/\/autravail.ca\/product\/jg-s426-manteau-de-securite-5-in-1\/#breadcrumb\",\"itemListElement\":[{\"@type\":\"ListItem\",\"position\":1,\"name\":\"Accueil\",\"item\":\"https:\/\/autravail.ca\/\"},{\"@type\":\"ListItem\",\"position\":2,\"name\":\"Magasin\",\"item\":\"https:\/\/autravail.ca\/en\/shop\/\"},{\"@type\":\"ListItem\",\"position\":3,\"name\":\"JG S426 &#8211; MANTEAU DE S\u00c9CURIT\u00c9 5 IN 1\"}]},{\"@type\":\"WebSite\",\"@id\":\"https:\/\/autravail.ca\/#website\",\"url\":\"https:\/\/autravail.ca\/\",\"name\":\"Le Magasin Industriel\",\"description\":\"50 ans de tradition de s\u00e9curit\u00e9 au travail\",\"publisher\":{\"@id\":\"https:\/\/autravail.ca\/#organization\"},\"potentialAction\":[{\"@type\":\"SearchAction\",\"target\":{\"@type\":\"EntryPoint\",\"urlTemplate\":\"https:\/\/autravail.ca\/?s={search_term_string}\"},\"query-input\":{\"@type\":\"PropertyValueSpecification\",\"valueRequired\":true,\"valueName\":\"search_term_string\"}}],\"inLanguage\":\"en-CA\"},{\"@type\":\"Organization\",\"@id\":\"https:\/\/autravail.ca\/#organization\",\"name\":\"Le Magasin Industriel\",\"url\":\"https:\/\/autravail.ca\/\",\"logo\":{\"@type\":\"ImageObject\",\"inLanguage\":\"en-CA\",\"@id\":\"https:\/\/autravail.ca\/#\/schema\/logo\/image\/\",\"url\":\"https:\/\/autravail.ca\/wp-content\/uploads\/2025\/05\/cropped-magasin_industriel_120x.avif\",\"contentUrl\":\"https:\/\/autravail.ca\/wp-content\/uploads\/2025\/05\/cropped-magasin_industriel_120x.avif\",\"width\":120,\"height\":24,\"caption\":\"Le Magasin Industriel\"},\"image\":{\"@id\":\"https:\/\/autravail.ca\/#\/schema\/logo\/image\/\"},\"sameAs\":[\"https:\/\/www.facebook.com\/lemagasinindustriel\/?locale=fr_FR\"]}]}<\/script>\n<!-- \/ Yoast SEO plugin. -->","yoast_head_json":{"title":"JG S426 - MANTEAU DE S\u00c9CURIT\u00c9 5 IN 1 - Le Magasin Industriel","robots":{"index":"index","follow":"follow","max-snippet":"max-snippet:-1","max-image-preview":"max-image-preview:large","max-video-preview":"max-video-preview:-1"},"canonical":"https:\/\/autravail.ca\/en\/product\/jg-s426-manteau-de-securite-5-in-1\/","og_locale":"en_US","og_type":"article","og_title":"JG S426 - MANTEAU DE S\u00c9CURIT\u00c9 5 IN 1 - Le Magasin Industriel","og_description":"Manteau de s\u00e9curit\u00e9 5\/1, Richlu &nbsp; Notre populaire manteau haute visibilit\u00e9 avec ruban r\u00e9fl\u00e9chissant est tr\u00e8s polyvalent et fonctionnel. De qualit\u00e9 in\u00e9gal\u00e9e, il vous gardera au chaud m\u00eame les hivers les plus rigoureux. Ce manteau polyvalent s&rsquo;adapte aux quatre saisons &#8211; portez seulement la veste, la doublure ou combinez le tout. &nbsp; Coquille: Poly-Oxford 300D [&hellip;]","og_url":"https:\/\/autravail.ca\/en\/product\/jg-s426-manteau-de-securite-5-in-1\/","og_site_name":"Le Magasin Industriel","article_publisher":"https:\/\/www.facebook.com\/lemagasinindustriel\/?locale=fr_FR","article_modified_time":"2025-12-05T09:10:13+00:00","og_image":[{"width":800,"height":720,"url":"https:\/\/autravail.ca\/wp-content\/uploads\/2025\/05\/S426_A01_noir_devant-1.jpg","type":"image\/jpeg"}],"twitter_card":"summary_large_image","twitter_misc":{"Est. reading time":"1 minute"},"schema":{"@context":"https:\/\/schema.org","@graph":[{"@type":"WebPage","@id":"https:\/\/autravail.ca\/product\/jg-s426-manteau-de-securite-5-in-1\/","url":"https:\/\/autravail.ca\/product\/jg-s426-manteau-de-securite-5-in-1\/","name":"JG S426 - MANTEAU DE S\u00c9CURIT\u00c9 5 IN 1 - Le Magasin Industriel","isPartOf":{"@id":"https:\/\/autravail.ca\/#website"},"primaryImageOfPage":{"@id":"https:\/\/autravail.ca\/product\/jg-s426-manteau-de-securite-5-in-1\/#primaryimage"},"image":{"@id":"https:\/\/autravail.ca\/product\/jg-s426-manteau-de-securite-5-in-1\/#primaryimage"},"thumbnailUrl":"https:\/\/autravail.ca\/wp-content\/uploads\/2025\/05\/S426_A01_noir_devant-1.jpg","datePublished":"2025-05-08T07:29:29+00:00","dateModified":"2025-12-05T09:10:13+00:00","breadcrumb":{"@id":"https:\/\/autravail.ca\/product\/jg-s426-manteau-de-securite-5-in-1\/#breadcrumb"},"inLanguage":"en-CA","potentialAction":[{"@type":"ReadAction","target":["https:\/\/autravail.ca\/product\/jg-s426-manteau-de-securite-5-in-1\/"]}]},{"@type":"ImageObject","inLanguage":"en-CA","@id":"https:\/\/autravail.ca\/product\/jg-s426-manteau-de-securite-5-in-1\/#primaryimage","url":"https:\/\/autravail.ca\/wp-content\/uploads\/2025\/05\/S426_A01_noir_devant-1.jpg","contentUrl":"https:\/\/autravail.ca\/wp-content\/uploads\/2025\/05\/S426_A01_noir_devant-1.jpg","width":800,"height":720},{"@type":"BreadcrumbList","@id":"https:\/\/autravail.ca\/product\/jg-s426-manteau-de-securite-5-in-1\/#breadcrumb","itemListElement":[{"@type":"ListItem","position":1,"name":"Accueil","item":"https:\/\/autravail.ca\/"},{"@type":"ListItem","position":2,"name":"Magasin","item":"https:\/\/autravail.ca\/en\/shop\/"},{"@type":"ListItem","position":3,"name":"JG S426 &#8211; MANTEAU DE S\u00c9CURIT\u00c9 5 IN 1"}]},{"@type":"WebSite","@id":"https:\/\/autravail.ca\/#website","url":"https:\/\/autravail.ca\/","name":"Le Magasin Industriel","description":"50 ans de tradition de s\u00e9curit\u00e9 au travail","publisher":{"@id":"https:\/\/autravail.ca\/#organization"},"potentialAction":[{"@type":"SearchAction","target":{"@type":"EntryPoint","urlTemplate":"https:\/\/autravail.ca\/?s={search_term_string}"},"query-input":{"@type":"PropertyValueSpecification","valueRequired":true,"valueName":"search_term_string"}}],"inLanguage":"en-CA"},{"@type":"Organization","@id":"https:\/\/autravail.ca\/#organization","name":"Le Magasin Industriel","url":"https:\/\/autravail.ca\/","logo":{"@type":"ImageObject","inLanguage":"en-CA","@id":"https:\/\/autravail.ca\/#\/schema\/logo\/image\/","url":"https:\/\/autravail.ca\/wp-content\/uploads\/2025\/05\/cropped-magasin_industriel_120x.avif","contentUrl":"https:\/\/autravail.ca\/wp-content\/uploads\/2025\/05\/cropped-magasin_industriel_120x.avif","width":120,"height":24,"caption":"Le Magasin Industriel"},"image":{"@id":"https:\/\/autravail.ca\/#\/schema\/logo\/image\/"},"sameAs":["https:\/\/www.facebook.com\/lemagasinindustriel\/?locale=fr_FR"]}]}},"jetpack_sharing_enabled":true,"_links":{"self":[{"href":"https:\/\/autravail.ca\/en\/wp-json\/wp\/v2\/product\/34602","targetHints":{"allow":["GET"]}}],"collection":[{"href":"https:\/\/autravail.ca\/en\/wp-json\/wp\/v2\/product"}],"about":[{"href":"https:\/\/autravail.ca\/en\/wp-json\/wp\/v2\/types\/product"}],"replies":[{"embeddable":true,"href":"https:\/\/autravail.ca\/en\/wp-json\/wp\/v2\/comments?post=34602"}],"wp:featuredmedia":[{"embeddable":true,"href":"https:\/\/autravail.ca\/en\/wp-json\/wp\/v2\/media\/39532"}],"wp:attachment":[{"href":"https:\/\/autravail.ca\/en\/wp-json\/wp\/v2\/media?parent=34602"}],"wp:term":[{"taxonomy":"product_cat","embeddable":true,"href":"https:\/\/autravail.ca\/en\/wp-json\/wp\/v2\/product_cat?post=34602"},{"taxonomy":"product_tag","embeddable":true,"href":"https:\/\/autravail.ca\/en\/wp-json\/wp\/v2\/product_tag?post=34602"}],"curies":[{"name":"wp","href":"https:\/\/api.w.org\/{rel}","templated":true}]}}