{"id":34512,"date":"2025-05-08T07:28:35","date_gmt":"2025-05-08T07:28:35","guid":{"rendered":"https:\/\/meteoquebec.ca\/?post_type=product&#038;p=34512"},"modified":"2025-12-05T05:10:15","modified_gmt":"2025-12-05T09:10:15","slug":"jg-kxr-2w-manteau-nautilus-3-1-femme","status":"publish","type":"product","link":"https:\/\/autravail.ca\/en\/product\/jg-kxr-2w-manteau-nautilus-3-1-femme\/","title":{"rendered":"JG KXR-2W - NAUTILUS 3\/1 JACKET - WOMEN"},"content":{"rendered":"<p>Nautilus 3\/1 - Stormtech Jacket<\/p>\n<p>Sharp and thoughtful. This 3-in-1 system jacket is as changeable as the weather. Three jackets in one allow you to personalize them as it suits you. Choose to wear the insulated polar zip-up jacket alone, or simply put on the waterproof jacket in light conditions. The storm flap along the entire length provides additional coverage and the roll-up hood adds increased versatility. Safety always comes first; the reflective border offers increased visibility in low-light conditions.<\/p>\n<p>Outer shell D\/W\/R.<\/p>\n<p>Hydrophobic Finish (PFC-Free)<\/p>\n<p>High Performance Windcutter Outer Shell<\/p>\n<p>Filled with polar fleece polyester zippered lining.<\/p>\n<p>Adjustable Hood.<\/p>\n<p>Stormy weather throughout<\/p>\n<p>Internal Pockets<\/p>\n<p>Reflective border at back<\/p>","protected":false},"excerpt":{"rendered":"<p>Manteau Nautilus 3\/1 &#8211; Stormtech Perspicace et r\u00e9fl\u00e9chi. Cette veste syst\u00e8me 3 en 1 est aussi changeante que la m\u00e9t\u00e9o. Trois vestes en une vous permettent de les personnaliser comme bon vous semble. Choisissez de porter la veste doubl\u00e9e polaire zipp\u00e9e ultra chaude seule, ou enfilez simplement la veste de pluie dans des conditions l\u00e9g\u00e8res. [&hellip;]<\/p>","protected":false},"featured_media":39547,"comment_status":"open","ping_status":"closed","template":"","meta":[],"product_cat":[599,633,610,604],"product_tag":[255,392],"class_list":{"0":"post-34512","1":"product","2":"type-product","3":"status-publish","4":"has-post-thumbnail","6":"product_brand-le-magasin-industriel","7":"product_cat-apparel-accessories","8":"product_cat-femmes","9":"product_cat-manteaux","10":"product_cat-vetements-de-travail","11":"product_tag-femme","12":"product_tag-jg","14":"first","15":"outofstock","16":"taxable","17":"shipping-taxable","18":"purchasable","19":"product-type-variable"},"yoast_head":"<!-- This site is optimized with the Yoast SEO plugin v25.3.1 - https:\/\/yoast.com\/wordpress\/plugins\/seo\/ -->\n<title>JG KXR-2W - MANTEAU NAUTILUS 3\/1 - FEMME - Le Magasin Industriel<\/title>\n<meta name=\"robots\" content=\"index, follow, max-snippet:-1, max-image-preview:large, max-video-preview:-1\" \/>\n<link rel=\"canonical\" href=\"https:\/\/autravail.ca\/en\/product\/jg-kxr-2w-manteau-nautilus-3-1-femme\/\" \/>\n<meta property=\"og:locale\" content=\"en_US\" \/>\n<meta property=\"og:type\" content=\"article\" \/>\n<meta property=\"og:title\" content=\"JG KXR-2W - MANTEAU NAUTILUS 3\/1 - FEMME - Le Magasin Industriel\" \/>\n<meta property=\"og:description\" content=\"Manteau Nautilus 3\/1 &#8211; Stormtech Perspicace et r\u00e9fl\u00e9chi. Cette veste syst\u00e8me 3 en 1 est aussi changeante que la m\u00e9t\u00e9o. Trois vestes en une vous permettent de les personnaliser comme bon vous semble. Choisissez de porter la veste doubl\u00e9e polaire zipp\u00e9e ultra chaude seule, ou enfilez simplement la veste de pluie dans des conditions l\u00e9g\u00e8res. [&hellip;]\" \/>\n<meta property=\"og:url\" content=\"https:\/\/autravail.ca\/en\/product\/jg-kxr-2w-manteau-nautilus-3-1-femme\/\" \/>\n<meta property=\"og:site_name\" content=\"Le Magasin Industriel\" \/>\n<meta property=\"article:publisher\" content=\"https:\/\/www.facebook.com\/lemagasinindustriel\/?locale=fr_FR\" \/>\n<meta property=\"article:modified_time\" content=\"2025-12-05T09:10:15+00:00\" \/>\n<meta property=\"og:image\" content=\"https:\/\/autravail.ca\/wp-content\/uploads\/2025\/05\/KXR-2W_noir_A01-1.jpg\" \/>\n\t<meta property=\"og:image:width\" content=\"800\" \/>\n\t<meta property=\"og:image:height\" content=\"720\" \/>\n\t<meta property=\"og:image:type\" content=\"image\/jpeg\" \/>\n<meta name=\"twitter:card\" content=\"summary_large_image\" \/>\n<meta name=\"twitter:label1\" content=\"Est. reading time\" \/>\n\t<meta name=\"twitter:data1\" content=\"1 minute\" \/>\n<script type=\"application\/ld+json\" class=\"yoast-schema-graph\">{\"@context\":\"https:\/\/schema.org\",\"@graph\":[{\"@type\":\"WebPage\",\"@id\":\"https:\/\/autravail.ca\/product\/jg-kxr-2w-manteau-nautilus-3-1-femme\/\",\"url\":\"https:\/\/autravail.ca\/product\/jg-kxr-2w-manteau-nautilus-3-1-femme\/\",\"name\":\"JG KXR-2W - MANTEAU NAUTILUS 3\/1 - FEMME - Le Magasin Industriel\",\"isPartOf\":{\"@id\":\"https:\/\/autravail.ca\/#website\"},\"primaryImageOfPage\":{\"@id\":\"https:\/\/autravail.ca\/product\/jg-kxr-2w-manteau-nautilus-3-1-femme\/#primaryimage\"},\"image\":{\"@id\":\"https:\/\/autravail.ca\/product\/jg-kxr-2w-manteau-nautilus-3-1-femme\/#primaryimage\"},\"thumbnailUrl\":\"https:\/\/autravail.ca\/wp-content\/uploads\/2025\/05\/KXR-2W_noir_A01-1.jpg\",\"datePublished\":\"2025-05-08T07:28:35+00:00\",\"dateModified\":\"2025-12-05T09:10:15+00:00\",\"breadcrumb\":{\"@id\":\"https:\/\/autravail.ca\/product\/jg-kxr-2w-manteau-nautilus-3-1-femme\/#breadcrumb\"},\"inLanguage\":\"en-CA\",\"potentialAction\":[{\"@type\":\"ReadAction\",\"target\":[\"https:\/\/autravail.ca\/product\/jg-kxr-2w-manteau-nautilus-3-1-femme\/\"]}]},{\"@type\":\"ImageObject\",\"inLanguage\":\"en-CA\",\"@id\":\"https:\/\/autravail.ca\/product\/jg-kxr-2w-manteau-nautilus-3-1-femme\/#primaryimage\",\"url\":\"https:\/\/autravail.ca\/wp-content\/uploads\/2025\/05\/KXR-2W_noir_A01-1.jpg\",\"contentUrl\":\"https:\/\/autravail.ca\/wp-content\/uploads\/2025\/05\/KXR-2W_noir_A01-1.jpg\",\"width\":800,\"height\":720},{\"@type\":\"BreadcrumbList\",\"@id\":\"https:\/\/autravail.ca\/product\/jg-kxr-2w-manteau-nautilus-3-1-femme\/#breadcrumb\",\"itemListElement\":[{\"@type\":\"ListItem\",\"position\":1,\"name\":\"Accueil\",\"item\":\"https:\/\/autravail.ca\/\"},{\"@type\":\"ListItem\",\"position\":2,\"name\":\"Magasin\",\"item\":\"https:\/\/autravail.ca\/en\/shop\/\"},{\"@type\":\"ListItem\",\"position\":3,\"name\":\"JG KXR-2W &#8211; MANTEAU NAUTILUS 3\/1 &#8211; FEMME\"}]},{\"@type\":\"WebSite\",\"@id\":\"https:\/\/autravail.ca\/#website\",\"url\":\"https:\/\/autravail.ca\/\",\"name\":\"Le Magasin Industriel\",\"description\":\"50 ans de tradition de s\u00e9curit\u00e9 au travail\",\"publisher\":{\"@id\":\"https:\/\/autravail.ca\/#organization\"},\"potentialAction\":[{\"@type\":\"SearchAction\",\"target\":{\"@type\":\"EntryPoint\",\"urlTemplate\":\"https:\/\/autravail.ca\/?s={search_term_string}\"},\"query-input\":{\"@type\":\"PropertyValueSpecification\",\"valueRequired\":true,\"valueName\":\"search_term_string\"}}],\"inLanguage\":\"en-CA\"},{\"@type\":\"Organization\",\"@id\":\"https:\/\/autravail.ca\/#organization\",\"name\":\"Le Magasin Industriel\",\"url\":\"https:\/\/autravail.ca\/\",\"logo\":{\"@type\":\"ImageObject\",\"inLanguage\":\"en-CA\",\"@id\":\"https:\/\/autravail.ca\/#\/schema\/logo\/image\/\",\"url\":\"https:\/\/autravail.ca\/wp-content\/uploads\/2025\/05\/cropped-magasin_industriel_120x.avif\",\"contentUrl\":\"https:\/\/autravail.ca\/wp-content\/uploads\/2025\/05\/cropped-magasin_industriel_120x.avif\",\"width\":120,\"height\":24,\"caption\":\"Le Magasin Industriel\"},\"image\":{\"@id\":\"https:\/\/autravail.ca\/#\/schema\/logo\/image\/\"},\"sameAs\":[\"https:\/\/www.facebook.com\/lemagasinindustriel\/?locale=fr_FR\"]}]}<\/script>\n<!-- \/ Yoast SEO plugin. -->","yoast_head_json":{"title":"JG KXR-2W - MANTEAU NAUTILUS 3\/1 - FEMME - Le Magasin Industriel","robots":{"index":"index","follow":"follow","max-snippet":"max-snippet:-1","max-image-preview":"max-image-preview:large","max-video-preview":"max-video-preview:-1"},"canonical":"https:\/\/autravail.ca\/en\/product\/jg-kxr-2w-manteau-nautilus-3-1-femme\/","og_locale":"en_US","og_type":"article","og_title":"JG KXR-2W - MANTEAU NAUTILUS 3\/1 - FEMME - Le Magasin Industriel","og_description":"Manteau Nautilus 3\/1 &#8211; Stormtech Perspicace et r\u00e9fl\u00e9chi. Cette veste syst\u00e8me 3 en 1 est aussi changeante que la m\u00e9t\u00e9o. Trois vestes en une vous permettent de les personnaliser comme bon vous semble. Choisissez de porter la veste doubl\u00e9e polaire zipp\u00e9e ultra chaude seule, ou enfilez simplement la veste de pluie dans des conditions l\u00e9g\u00e8res. [&hellip;]","og_url":"https:\/\/autravail.ca\/en\/product\/jg-kxr-2w-manteau-nautilus-3-1-femme\/","og_site_name":"Le Magasin Industriel","article_publisher":"https:\/\/www.facebook.com\/lemagasinindustriel\/?locale=fr_FR","article_modified_time":"2025-12-05T09:10:15+00:00","og_image":[{"width":800,"height":720,"url":"https:\/\/autravail.ca\/wp-content\/uploads\/2025\/05\/KXR-2W_noir_A01-1.jpg","type":"image\/jpeg"}],"twitter_card":"summary_large_image","twitter_misc":{"Est. reading time":"1 minute"},"schema":{"@context":"https:\/\/schema.org","@graph":[{"@type":"WebPage","@id":"https:\/\/autravail.ca\/product\/jg-kxr-2w-manteau-nautilus-3-1-femme\/","url":"https:\/\/autravail.ca\/product\/jg-kxr-2w-manteau-nautilus-3-1-femme\/","name":"JG KXR-2W - MANTEAU NAUTILUS 3\/1 - FEMME - Le Magasin Industriel","isPartOf":{"@id":"https:\/\/autravail.ca\/#website"},"primaryImageOfPage":{"@id":"https:\/\/autravail.ca\/product\/jg-kxr-2w-manteau-nautilus-3-1-femme\/#primaryimage"},"image":{"@id":"https:\/\/autravail.ca\/product\/jg-kxr-2w-manteau-nautilus-3-1-femme\/#primaryimage"},"thumbnailUrl":"https:\/\/autravail.ca\/wp-content\/uploads\/2025\/05\/KXR-2W_noir_A01-1.jpg","datePublished":"2025-05-08T07:28:35+00:00","dateModified":"2025-12-05T09:10:15+00:00","breadcrumb":{"@id":"https:\/\/autravail.ca\/product\/jg-kxr-2w-manteau-nautilus-3-1-femme\/#breadcrumb"},"inLanguage":"en-CA","potentialAction":[{"@type":"ReadAction","target":["https:\/\/autravail.ca\/product\/jg-kxr-2w-manteau-nautilus-3-1-femme\/"]}]},{"@type":"ImageObject","inLanguage":"en-CA","@id":"https:\/\/autravail.ca\/product\/jg-kxr-2w-manteau-nautilus-3-1-femme\/#primaryimage","url":"https:\/\/autravail.ca\/wp-content\/uploads\/2025\/05\/KXR-2W_noir_A01-1.jpg","contentUrl":"https:\/\/autravail.ca\/wp-content\/uploads\/2025\/05\/KXR-2W_noir_A01-1.jpg","width":800,"height":720},{"@type":"BreadcrumbList","@id":"https:\/\/autravail.ca\/product\/jg-kxr-2w-manteau-nautilus-3-1-femme\/#breadcrumb","itemListElement":[{"@type":"ListItem","position":1,"name":"Accueil","item":"https:\/\/autravail.ca\/"},{"@type":"ListItem","position":2,"name":"Magasin","item":"https:\/\/autravail.ca\/en\/shop\/"},{"@type":"ListItem","position":3,"name":"JG KXR-2W &#8211; MANTEAU NAUTILUS 3\/1 &#8211; FEMME"}]},{"@type":"WebSite","@id":"https:\/\/autravail.ca\/#website","url":"https:\/\/autravail.ca\/","name":"Le Magasin Industriel","description":"50 ans de tradition de s\u00e9curit\u00e9 au travail","publisher":{"@id":"https:\/\/autravail.ca\/#organization"},"potentialAction":[{"@type":"SearchAction","target":{"@type":"EntryPoint","urlTemplate":"https:\/\/autravail.ca\/?s={search_term_string}"},"query-input":{"@type":"PropertyValueSpecification","valueRequired":true,"valueName":"search_term_string"}}],"inLanguage":"en-CA"},{"@type":"Organization","@id":"https:\/\/autravail.ca\/#organization","name":"Le Magasin Industriel","url":"https:\/\/autravail.ca\/","logo":{"@type":"ImageObject","inLanguage":"en-CA","@id":"https:\/\/autravail.ca\/#\/schema\/logo\/image\/","url":"https:\/\/autravail.ca\/wp-content\/uploads\/2025\/05\/cropped-magasin_industriel_120x.avif","contentUrl":"https:\/\/autravail.ca\/wp-content\/uploads\/2025\/05\/cropped-magasin_industriel_120x.avif","width":120,"height":24,"caption":"Le Magasin Industriel"},"image":{"@id":"https:\/\/autravail.ca\/#\/schema\/logo\/image\/"},"sameAs":["https:\/\/www.facebook.com\/lemagasinindustriel\/?locale=fr_FR"]}]}},"jetpack_sharing_enabled":true,"_links":{"self":[{"href":"https:\/\/autravail.ca\/en\/wp-json\/wp\/v2\/product\/34512","targetHints":{"allow":["GET"]}}],"collection":[{"href":"https:\/\/autravail.ca\/en\/wp-json\/wp\/v2\/product"}],"about":[{"href":"https:\/\/autravail.ca\/en\/wp-json\/wp\/v2\/types\/product"}],"replies":[{"embeddable":true,"href":"https:\/\/autravail.ca\/en\/wp-json\/wp\/v2\/comments?post=34512"}],"wp:featuredmedia":[{"embeddable":true,"href":"https:\/\/autravail.ca\/en\/wp-json\/wp\/v2\/media\/39547"}],"wp:attachment":[{"href":"https:\/\/autravail.ca\/en\/wp-json\/wp\/v2\/media?parent=34512"}],"wp:term":[{"taxonomy":"product_cat","embeddable":true,"href":"https:\/\/autravail.ca\/en\/wp-json\/wp\/v2\/product_cat?post=34512"},{"taxonomy":"product_tag","embeddable":true,"href":"https:\/\/autravail.ca\/en\/wp-json\/wp\/v2\/product_tag?post=34512"}],"curies":[{"name":"wp","href":"https:\/\/api.w.org\/{rel}","templated":true}]}}