{"id":34421,"date":"2025-05-08T07:27:50","date_gmt":"2025-05-08T07:27:50","guid":{"rendered":"https:\/\/meteoquebec.ca\/?post_type=product&#038;p=34421"},"modified":"2026-02-11T10:02:42","modified_gmt":"2026-02-11T14:02:42","slug":"jg-87-r-99-1-ref-manteau-impermeable","status":"publish","type":"product","link":"https:\/\/autravail.ca\/en\/product\/jg-87-r-99-1-ref-manteau-impermeable\/","title":{"rendered":"JG 87-R-99-1 REF - UNSINKABLE COAT"},"content":{"rendered":"<p>Waterproof High Visibility Coat, Ganka<\/p>\n<p>Waterproof high visibility coat with welded seams<\/p>\n<p>Nylon Endura 600 Deniers<\/p>\n<div id=\"product-description\" data-hook=\"product_description\">\n<p>It has reflective bands, a detachable hood with transparent lateral visors, a mesh fabric lining on the body and nylon sleeves, a central quick-release closure with Velcro flap, Velcro at the wrists and front zip pockets.<\/p>\n<\/div>\n<div class=\"product-properties\" data-hook=\"product_properties\"><\/div>","protected":false},"excerpt":{"rendered":"<p>High-Visibility Waterproof Jacket, Ganka Breathable high-visibility waterproof jacket with sealed seams. 600 Denier Endura nylon. Features reflective bands, a detachable hood with transparent side visors, mesh fabric lining in the body and nylon in the sleeves, central zipper with Velcro flap, Velcro cuffs []<\/p>","protected":false},"featured_media":39555,"comment_status":"open","ping_status":"closed","template":"","meta":[],"product_cat":[599,711,602,604],"product_tag":[242,392],"class_list":{"0":"post-34421","1":"product","2":"type-product","3":"status-publish","4":"has-post-thumbnail","6":"product_brand-ganka","7":"product_cat-apparel-accessories","8":"product_cat-ganka","9":"product_cat-hommes","10":"product_cat-vetements-de-travail","11":"product_tag-homme","12":"product_tag-jg","14":"first","15":"instock","16":"taxable","17":"shipping-taxable","18":"purchasable","19":"product-type-variable"},"yoast_head":"<!-- This site is optimized with the Yoast SEO plugin v25.3.1 - https:\/\/yoast.com\/wordpress\/plugins\/seo\/ -->\n<title>JG 87-R-99-1 REF - MANTEAU IMPERM\u00c9ABLE - Le Magasin Industriel<\/title>\n<meta name=\"robots\" content=\"index, follow, max-snippet:-1, max-image-preview:large, max-video-preview:-1\" \/>\n<link rel=\"canonical\" href=\"https:\/\/autravail.ca\/en\/product\/jg-87-r-99-1-ref-manteau-impermeable\/\" \/>\n<meta property=\"og:locale\" content=\"en_US\" \/>\n<meta property=\"og:type\" content=\"article\" \/>\n<meta property=\"og:title\" content=\"JG 87-R-99-1 REF - MANTEAU IMPERM\u00c9ABLE - Le Magasin Industriel\" \/>\n<meta property=\"og:description\" content=\"Manteau imperm\u00e9able haute visibilit\u00e9, Ganka Manteau imperm\u00e9able haute visibilit\u00e9 respirant avec coutures scell\u00e9es. Nylon Endura 600 Deniers. Il poss\u00e8de des bandes r\u00e9fl\u00e9chissantes, un capuchon d\u00e9tachable avec visi\u00e8res lat\u00e9rales transparentes, une doublure en tissu de maille au corps et en nylon dans les manches, une fermeture \u00e9clair centrale avec rabat \u00e0 Velcro, des Velcro aux poignets [&hellip;]\" \/>\n<meta property=\"og:url\" content=\"https:\/\/autravail.ca\/en\/product\/jg-87-r-99-1-ref-manteau-impermeable\/\" \/>\n<meta property=\"og:site_name\" content=\"Le Magasin Industriel\" \/>\n<meta property=\"article:publisher\" content=\"https:\/\/www.facebook.com\/lemagasinindustriel\/?locale=fr_FR\" \/>\n<meta property=\"article:modified_time\" content=\"2026-02-11T14:02:42+00:00\" \/>\n<meta property=\"og:image\" content=\"https:\/\/autravail.ca\/wp-content\/uploads\/2025\/05\/87-R-99-1REF_noir_A01-1.jpg\" \/>\n\t<meta property=\"og:image:width\" content=\"800\" \/>\n\t<meta property=\"og:image:height\" content=\"720\" \/>\n\t<meta property=\"og:image:type\" content=\"image\/jpeg\" \/>\n<meta name=\"twitter:card\" content=\"summary_large_image\" \/>\n<meta name=\"twitter:label1\" content=\"Est. reading time\" \/>\n\t<meta name=\"twitter:data1\" content=\"1 minute\" \/>\n<script type=\"application\/ld+json\" class=\"yoast-schema-graph\">{\"@context\":\"https:\/\/schema.org\",\"@graph\":[{\"@type\":\"WebPage\",\"@id\":\"https:\/\/autravail.ca\/product\/jg-87-r-99-1-ref-manteau-impermeable\/\",\"url\":\"https:\/\/autravail.ca\/product\/jg-87-r-99-1-ref-manteau-impermeable\/\",\"name\":\"JG 87-R-99-1 REF - MANTEAU IMPERM\u00c9ABLE - Le Magasin Industriel\",\"isPartOf\":{\"@id\":\"https:\/\/autravail.ca\/#website\"},\"primaryImageOfPage\":{\"@id\":\"https:\/\/autravail.ca\/product\/jg-87-r-99-1-ref-manteau-impermeable\/#primaryimage\"},\"image\":{\"@id\":\"https:\/\/autravail.ca\/product\/jg-87-r-99-1-ref-manteau-impermeable\/#primaryimage\"},\"thumbnailUrl\":\"https:\/\/autravail.ca\/wp-content\/uploads\/2025\/05\/87-R-99-1REF_noir_A01-1.jpg\",\"datePublished\":\"2025-05-08T07:27:50+00:00\",\"dateModified\":\"2026-02-11T14:02:42+00:00\",\"breadcrumb\":{\"@id\":\"https:\/\/autravail.ca\/product\/jg-87-r-99-1-ref-manteau-impermeable\/#breadcrumb\"},\"inLanguage\":\"en-CA\",\"potentialAction\":[{\"@type\":\"ReadAction\",\"target\":[\"https:\/\/autravail.ca\/product\/jg-87-r-99-1-ref-manteau-impermeable\/\"]}]},{\"@type\":\"ImageObject\",\"inLanguage\":\"en-CA\",\"@id\":\"https:\/\/autravail.ca\/product\/jg-87-r-99-1-ref-manteau-impermeable\/#primaryimage\",\"url\":\"https:\/\/autravail.ca\/wp-content\/uploads\/2025\/05\/87-R-99-1REF_noir_A01-1.jpg\",\"contentUrl\":\"https:\/\/autravail.ca\/wp-content\/uploads\/2025\/05\/87-R-99-1REF_noir_A01-1.jpg\",\"width\":800,\"height\":720},{\"@type\":\"BreadcrumbList\",\"@id\":\"https:\/\/autravail.ca\/product\/jg-87-r-99-1-ref-manteau-impermeable\/#breadcrumb\",\"itemListElement\":[{\"@type\":\"ListItem\",\"position\":1,\"name\":\"Accueil\",\"item\":\"https:\/\/autravail.ca\/\"},{\"@type\":\"ListItem\",\"position\":2,\"name\":\"Magasin\",\"item\":\"https:\/\/autravail.ca\/en\/shop\/\"},{\"@type\":\"ListItem\",\"position\":3,\"name\":\"JG 87-R-99-1 REF &#8211; MANTEAU IMPERM\u00c9ABLE\"}]},{\"@type\":\"WebSite\",\"@id\":\"https:\/\/autravail.ca\/#website\",\"url\":\"https:\/\/autravail.ca\/\",\"name\":\"Le Magasin Industriel\",\"description\":\"50 ans de tradition de s\u00e9curit\u00e9 au travail\",\"publisher\":{\"@id\":\"https:\/\/autravail.ca\/#organization\"},\"potentialAction\":[{\"@type\":\"SearchAction\",\"target\":{\"@type\":\"EntryPoint\",\"urlTemplate\":\"https:\/\/autravail.ca\/?s={search_term_string}\"},\"query-input\":{\"@type\":\"PropertyValueSpecification\",\"valueRequired\":true,\"valueName\":\"search_term_string\"}}],\"inLanguage\":\"en-CA\"},{\"@type\":\"Organization\",\"@id\":\"https:\/\/autravail.ca\/#organization\",\"name\":\"Le Magasin Industriel\",\"url\":\"https:\/\/autravail.ca\/\",\"logo\":{\"@type\":\"ImageObject\",\"inLanguage\":\"en-CA\",\"@id\":\"https:\/\/autravail.ca\/#\/schema\/logo\/image\/\",\"url\":\"https:\/\/autravail.ca\/wp-content\/uploads\/2025\/05\/cropped-magasin_industriel_120x.avif\",\"contentUrl\":\"https:\/\/autravail.ca\/wp-content\/uploads\/2025\/05\/cropped-magasin_industriel_120x.avif\",\"width\":120,\"height\":24,\"caption\":\"Le Magasin Industriel\"},\"image\":{\"@id\":\"https:\/\/autravail.ca\/#\/schema\/logo\/image\/\"},\"sameAs\":[\"https:\/\/www.facebook.com\/lemagasinindustriel\/?locale=fr_FR\"]}]}<\/script>\n<!-- \/ Yoast SEO plugin. -->","yoast_head_json":{"title":"JG 87-R-99-1 REF - MANTEAU IMPERM\u00c9ABLE - Le Magasin Industriel","robots":{"index":"index","follow":"follow","max-snippet":"max-snippet:-1","max-image-preview":"max-image-preview:large","max-video-preview":"max-video-preview:-1"},"canonical":"https:\/\/autravail.ca\/en\/product\/jg-87-r-99-1-ref-manteau-impermeable\/","og_locale":"en_US","og_type":"article","og_title":"JG 87-R-99-1 REF - MANTEAU IMPERM\u00c9ABLE - Le Magasin Industriel","og_description":"Manteau imperm\u00e9able haute visibilit\u00e9, Ganka Manteau imperm\u00e9able haute visibilit\u00e9 respirant avec coutures scell\u00e9es. Nylon Endura 600 Deniers. Il poss\u00e8de des bandes r\u00e9fl\u00e9chissantes, un capuchon d\u00e9tachable avec visi\u00e8res lat\u00e9rales transparentes, une doublure en tissu de maille au corps et en nylon dans les manches, une fermeture \u00e9clair centrale avec rabat \u00e0 Velcro, des Velcro aux poignets [&hellip;]","og_url":"https:\/\/autravail.ca\/en\/product\/jg-87-r-99-1-ref-manteau-impermeable\/","og_site_name":"Le Magasin Industriel","article_publisher":"https:\/\/www.facebook.com\/lemagasinindustriel\/?locale=fr_FR","article_modified_time":"2026-02-11T14:02:42+00:00","og_image":[{"width":800,"height":720,"url":"https:\/\/autravail.ca\/wp-content\/uploads\/2025\/05\/87-R-99-1REF_noir_A01-1.jpg","type":"image\/jpeg"}],"twitter_card":"summary_large_image","twitter_misc":{"Est. reading time":"1 minute"},"schema":{"@context":"https:\/\/schema.org","@graph":[{"@type":"WebPage","@id":"https:\/\/autravail.ca\/product\/jg-87-r-99-1-ref-manteau-impermeable\/","url":"https:\/\/autravail.ca\/product\/jg-87-r-99-1-ref-manteau-impermeable\/","name":"JG 87-R-99-1 REF - MANTEAU IMPERM\u00c9ABLE - Le Magasin Industriel","isPartOf":{"@id":"https:\/\/autravail.ca\/#website"},"primaryImageOfPage":{"@id":"https:\/\/autravail.ca\/product\/jg-87-r-99-1-ref-manteau-impermeable\/#primaryimage"},"image":{"@id":"https:\/\/autravail.ca\/product\/jg-87-r-99-1-ref-manteau-impermeable\/#primaryimage"},"thumbnailUrl":"https:\/\/autravail.ca\/wp-content\/uploads\/2025\/05\/87-R-99-1REF_noir_A01-1.jpg","datePublished":"2025-05-08T07:27:50+00:00","dateModified":"2026-02-11T14:02:42+00:00","breadcrumb":{"@id":"https:\/\/autravail.ca\/product\/jg-87-r-99-1-ref-manteau-impermeable\/#breadcrumb"},"inLanguage":"en-CA","potentialAction":[{"@type":"ReadAction","target":["https:\/\/autravail.ca\/product\/jg-87-r-99-1-ref-manteau-impermeable\/"]}]},{"@type":"ImageObject","inLanguage":"en-CA","@id":"https:\/\/autravail.ca\/product\/jg-87-r-99-1-ref-manteau-impermeable\/#primaryimage","url":"https:\/\/autravail.ca\/wp-content\/uploads\/2025\/05\/87-R-99-1REF_noir_A01-1.jpg","contentUrl":"https:\/\/autravail.ca\/wp-content\/uploads\/2025\/05\/87-R-99-1REF_noir_A01-1.jpg","width":800,"height":720},{"@type":"BreadcrumbList","@id":"https:\/\/autravail.ca\/product\/jg-87-r-99-1-ref-manteau-impermeable\/#breadcrumb","itemListElement":[{"@type":"ListItem","position":1,"name":"Accueil","item":"https:\/\/autravail.ca\/"},{"@type":"ListItem","position":2,"name":"Magasin","item":"https:\/\/autravail.ca\/en\/shop\/"},{"@type":"ListItem","position":3,"name":"JG 87-R-99-1 REF &#8211; MANTEAU IMPERM\u00c9ABLE"}]},{"@type":"WebSite","@id":"https:\/\/autravail.ca\/#website","url":"https:\/\/autravail.ca\/","name":"Le Magasin Industriel","description":"50 ans de tradition de s\u00e9curit\u00e9 au travail","publisher":{"@id":"https:\/\/autravail.ca\/#organization"},"potentialAction":[{"@type":"SearchAction","target":{"@type":"EntryPoint","urlTemplate":"https:\/\/autravail.ca\/?s={search_term_string}"},"query-input":{"@type":"PropertyValueSpecification","valueRequired":true,"valueName":"search_term_string"}}],"inLanguage":"en-CA"},{"@type":"Organization","@id":"https:\/\/autravail.ca\/#organization","name":"Le Magasin Industriel","url":"https:\/\/autravail.ca\/","logo":{"@type":"ImageObject","inLanguage":"en-CA","@id":"https:\/\/autravail.ca\/#\/schema\/logo\/image\/","url":"https:\/\/autravail.ca\/wp-content\/uploads\/2025\/05\/cropped-magasin_industriel_120x.avif","contentUrl":"https:\/\/autravail.ca\/wp-content\/uploads\/2025\/05\/cropped-magasin_industriel_120x.avif","width":120,"height":24,"caption":"Le Magasin Industriel"},"image":{"@id":"https:\/\/autravail.ca\/#\/schema\/logo\/image\/"},"sameAs":["https:\/\/www.facebook.com\/lemagasinindustriel\/?locale=fr_FR"]}]}},"jetpack_sharing_enabled":true,"_links":{"self":[{"href":"https:\/\/autravail.ca\/en\/wp-json\/wp\/v2\/product\/34421","targetHints":{"allow":["GET"]}}],"collection":[{"href":"https:\/\/autravail.ca\/en\/wp-json\/wp\/v2\/product"}],"about":[{"href":"https:\/\/autravail.ca\/en\/wp-json\/wp\/v2\/types\/product"}],"replies":[{"embeddable":true,"href":"https:\/\/autravail.ca\/en\/wp-json\/wp\/v2\/comments?post=34421"}],"wp:featuredmedia":[{"embeddable":true,"href":"https:\/\/autravail.ca\/en\/wp-json\/wp\/v2\/media\/39555"}],"wp:attachment":[{"href":"https:\/\/autravail.ca\/en\/wp-json\/wp\/v2\/media?parent=34421"}],"wp:term":[{"taxonomy":"product_cat","embeddable":true,"href":"https:\/\/autravail.ca\/en\/wp-json\/wp\/v2\/product_cat?post=34421"},{"taxonomy":"product_tag","embeddable":true,"href":"https:\/\/autravail.ca\/en\/wp-json\/wp\/v2\/product_tag?post=34421"}],"curies":[{"name":"wp","href":"https:\/\/api.w.org\/{rel}","templated":true}]}}