{"id":34393,"date":"2025-05-08T07:27:26","date_gmt":"2025-05-08T07:27:26","guid":{"rendered":"https:\/\/meteoquebec.ca\/?post_type=product&#038;p=34393"},"modified":"2025-12-05T05:10:17","modified_gmt":"2025-12-05T09:10:17","slug":"jg-70-713r-molleton-a-capuche-avec-bandes-reflechissante-jackfield","status":"publish","type":"product","link":"https:\/\/autravail.ca\/en\/product\/jg-70-713r-molleton-a-capuche-avec-bandes-reflechissante-jackfield\/","title":{"rendered":"JG 70-713R - MOLLETON HOOD WITH REFLECTIVE STRAPS - JACKFIELD"},"content":{"rendered":"<p>Molleton hood with reflective stripes \u2013 Jackfield<\/p>\n<ul>\n<li>100% polyester.<\/li>\n<li>Front zipper.<\/li>\n<li>Two pockets at the waist.<\/li>\n<li>Handles and knit size.<\/li>\n<li>Removable cap with pressure buttons.<\/li>\n<li>Adjustable cap with cord.<\/li>\n<li>Two vertical reflecting bands at the front.<\/li>\n<li>Two X-shaped reflective bands at the rear.<\/li>\n<li>A reflective tape at the waist.<\/li>\n<li>A reflective tape on each arm.<\/li>\n<li>Double seam on silver reflective stripe and yellow stripe.<\/li>\n<\/ul>","protected":false},"excerpt":{"rendered":"<p>Fleece hooded jacket - Jackfield (100% polyester). Lightning closure at the front. Two side pockets. Knit cuffs and waist. Removable and adjustable hood with buttons. Adjustable hood cord. Two reflective vertical stripes at the front. Two reflective 'X' shaped stripes at the back. One reflective strip at the waist. [...<\/p>","protected":false},"featured_media":0,"comment_status":"open","ping_status":"closed","template":"","meta":[],"product_cat":[633,602,604,658],"product_tag":[255,242,392,291],"class_list":{"0":"post-34393","1":"product","2":"type-product","3":"status-publish","5":"product_brand-jackfield","6":"product_cat-femmes","7":"product_cat-hommes","8":"product_cat-vetements-de-travail","9":"product_cat-vetements-haute-visibilite","10":"product_tag-femme","11":"product_tag-homme","12":"product_tag-jg","13":"product_tag-vetements-haute-visibilite","15":"first","16":"outofstock","17":"taxable","18":"shipping-taxable","19":"purchasable","20":"product-type-variable"},"yoast_head":"<!-- This site is optimized with the Yoast SEO plugin v25.3.1 - https:\/\/yoast.com\/wordpress\/plugins\/seo\/ -->\n<title>JG 70-713R - MOLLETON A CAPUCHE AVEC BANDES R\u00c9FL\u00c9CHISSANTE - JACKFIELD - Le Magasin Industriel<\/title>\n<meta name=\"robots\" content=\"index, follow, max-snippet:-1, max-image-preview:large, max-video-preview:-1\" \/>\n<link rel=\"canonical\" href=\"https:\/\/autravail.ca\/en\/product\/jg-70-713r-molleton-a-capuche-avec-bandes-reflechissante-jackfield\/\" \/>\n<meta property=\"og:locale\" content=\"en_US\" \/>\n<meta property=\"og:type\" content=\"article\" \/>\n<meta property=\"og:title\" content=\"JG 70-713R - MOLLETON A CAPUCHE AVEC BANDES R\u00c9FL\u00c9CHISSANTE - JACKFIELD - Le Magasin Industriel\" \/>\n<meta property=\"og:description\" content=\"Molleton a capuche avec bandes r\u00e9fl\u00e9chissante &#8211; Jackfield 100% polyester. Fermeture \u00e9clair \u00e0 l&rsquo;avant. Deux poches \u00e0 la taille. Poignets et taille en tricot. Capuchon amovible avec boutons pression. Capuchon ajustable avec cordon. Deux bandes r\u00e9fl\u00e9chissantes verticales \u00e0 l&rsquo;avant. Deux bandes r\u00e9fl\u00e9chissantes en forme de \u00a0\u00bbX\u00a0\u00bb \u00e0 l&rsquo;arri\u00e8re. Une bande r\u00e9fl\u00e9chissante \u00e0 la taille. Une [&hellip;]\" \/>\n<meta property=\"og:url\" content=\"https:\/\/autravail.ca\/en\/product\/jg-70-713r-molleton-a-capuche-avec-bandes-reflechissante-jackfield\/\" \/>\n<meta property=\"og:site_name\" content=\"Le Magasin Industriel\" \/>\n<meta property=\"article:publisher\" content=\"https:\/\/www.facebook.com\/lemagasinindustriel\/?locale=fr_FR\" \/>\n<meta property=\"article:modified_time\" content=\"2025-12-05T09:10:17+00:00\" \/>\n<meta name=\"twitter:card\" content=\"summary_large_image\" \/>\n<script type=\"application\/ld+json\" class=\"yoast-schema-graph\">{\"@context\":\"https:\/\/schema.org\",\"@graph\":[{\"@type\":\"WebPage\",\"@id\":\"https:\/\/autravail.ca\/product\/jg-70-713r-molleton-a-capuche-avec-bandes-reflechissante-jackfield\/\",\"url\":\"https:\/\/autravail.ca\/product\/jg-70-713r-molleton-a-capuche-avec-bandes-reflechissante-jackfield\/\",\"name\":\"JG 70-713R - MOLLETON A CAPUCHE AVEC BANDES R\u00c9FL\u00c9CHISSANTE - JACKFIELD - Le Magasin Industriel\",\"isPartOf\":{\"@id\":\"https:\/\/autravail.ca\/#website\"},\"datePublished\":\"2025-05-08T07:27:26+00:00\",\"dateModified\":\"2025-12-05T09:10:17+00:00\",\"breadcrumb\":{\"@id\":\"https:\/\/autravail.ca\/product\/jg-70-713r-molleton-a-capuche-avec-bandes-reflechissante-jackfield\/#breadcrumb\"},\"inLanguage\":\"en-CA\",\"potentialAction\":[{\"@type\":\"ReadAction\",\"target\":[\"https:\/\/autravail.ca\/product\/jg-70-713r-molleton-a-capuche-avec-bandes-reflechissante-jackfield\/\"]}]},{\"@type\":\"BreadcrumbList\",\"@id\":\"https:\/\/autravail.ca\/product\/jg-70-713r-molleton-a-capuche-avec-bandes-reflechissante-jackfield\/#breadcrumb\",\"itemListElement\":[{\"@type\":\"ListItem\",\"position\":1,\"name\":\"Accueil\",\"item\":\"https:\/\/autravail.ca\/\"},{\"@type\":\"ListItem\",\"position\":2,\"name\":\"Magasin\",\"item\":\"https:\/\/autravail.ca\/en\/shop\/\"},{\"@type\":\"ListItem\",\"position\":3,\"name\":\"JG 70-713R &#8211; MOLLETON A CAPUCHE AVEC BANDES R\u00c9FL\u00c9CHISSANTE &#8211; JACKFIELD\"}]},{\"@type\":\"WebSite\",\"@id\":\"https:\/\/autravail.ca\/#website\",\"url\":\"https:\/\/autravail.ca\/\",\"name\":\"Le Magasin Industriel\",\"description\":\"50 ans de tradition de s\u00e9curit\u00e9 au travail\",\"publisher\":{\"@id\":\"https:\/\/autravail.ca\/#organization\"},\"potentialAction\":[{\"@type\":\"SearchAction\",\"target\":{\"@type\":\"EntryPoint\",\"urlTemplate\":\"https:\/\/autravail.ca\/?s={search_term_string}\"},\"query-input\":{\"@type\":\"PropertyValueSpecification\",\"valueRequired\":true,\"valueName\":\"search_term_string\"}}],\"inLanguage\":\"en-CA\"},{\"@type\":\"Organization\",\"@id\":\"https:\/\/autravail.ca\/#organization\",\"name\":\"Le Magasin Industriel\",\"url\":\"https:\/\/autravail.ca\/\",\"logo\":{\"@type\":\"ImageObject\",\"inLanguage\":\"en-CA\",\"@id\":\"https:\/\/autravail.ca\/#\/schema\/logo\/image\/\",\"url\":\"https:\/\/autravail.ca\/wp-content\/uploads\/2025\/05\/cropped-magasin_industriel_120x.avif\",\"contentUrl\":\"https:\/\/autravail.ca\/wp-content\/uploads\/2025\/05\/cropped-magasin_industriel_120x.avif\",\"width\":120,\"height\":24,\"caption\":\"Le Magasin Industriel\"},\"image\":{\"@id\":\"https:\/\/autravail.ca\/#\/schema\/logo\/image\/\"},\"sameAs\":[\"https:\/\/www.facebook.com\/lemagasinindustriel\/?locale=fr_FR\"]}]}<\/script>\n<!-- \/ Yoast SEO plugin. -->","yoast_head_json":{"title":"JG 70-713R - MOLLETON A CAPUCHE AVEC BANDES R\u00c9FL\u00c9CHISSANTE - JACKFIELD - Le Magasin Industriel","robots":{"index":"index","follow":"follow","max-snippet":"max-snippet:-1","max-image-preview":"max-image-preview:large","max-video-preview":"max-video-preview:-1"},"canonical":"https:\/\/autravail.ca\/en\/product\/jg-70-713r-molleton-a-capuche-avec-bandes-reflechissante-jackfield\/","og_locale":"en_US","og_type":"article","og_title":"JG 70-713R - MOLLETON A CAPUCHE AVEC BANDES R\u00c9FL\u00c9CHISSANTE - JACKFIELD - Le Magasin Industriel","og_description":"Molleton a capuche avec bandes r\u00e9fl\u00e9chissante &#8211; Jackfield 100% polyester. Fermeture \u00e9clair \u00e0 l&rsquo;avant. Deux poches \u00e0 la taille. Poignets et taille en tricot. Capuchon amovible avec boutons pression. Capuchon ajustable avec cordon. Deux bandes r\u00e9fl\u00e9chissantes verticales \u00e0 l&rsquo;avant. Deux bandes r\u00e9fl\u00e9chissantes en forme de \u00a0\u00bbX\u00a0\u00bb \u00e0 l&rsquo;arri\u00e8re. Une bande r\u00e9fl\u00e9chissante \u00e0 la taille. Une [&hellip;]","og_url":"https:\/\/autravail.ca\/en\/product\/jg-70-713r-molleton-a-capuche-avec-bandes-reflechissante-jackfield\/","og_site_name":"Le Magasin Industriel","article_publisher":"https:\/\/www.facebook.com\/lemagasinindustriel\/?locale=fr_FR","article_modified_time":"2025-12-05T09:10:17+00:00","twitter_card":"summary_large_image","schema":{"@context":"https:\/\/schema.org","@graph":[{"@type":"WebPage","@id":"https:\/\/autravail.ca\/product\/jg-70-713r-molleton-a-capuche-avec-bandes-reflechissante-jackfield\/","url":"https:\/\/autravail.ca\/product\/jg-70-713r-molleton-a-capuche-avec-bandes-reflechissante-jackfield\/","name":"JG 70-713R - MOLLETON A CAPUCHE AVEC BANDES R\u00c9FL\u00c9CHISSANTE - JACKFIELD - Le Magasin Industriel","isPartOf":{"@id":"https:\/\/autravail.ca\/#website"},"datePublished":"2025-05-08T07:27:26+00:00","dateModified":"2025-12-05T09:10:17+00:00","breadcrumb":{"@id":"https:\/\/autravail.ca\/product\/jg-70-713r-molleton-a-capuche-avec-bandes-reflechissante-jackfield\/#breadcrumb"},"inLanguage":"en-CA","potentialAction":[{"@type":"ReadAction","target":["https:\/\/autravail.ca\/product\/jg-70-713r-molleton-a-capuche-avec-bandes-reflechissante-jackfield\/"]}]},{"@type":"BreadcrumbList","@id":"https:\/\/autravail.ca\/product\/jg-70-713r-molleton-a-capuche-avec-bandes-reflechissante-jackfield\/#breadcrumb","itemListElement":[{"@type":"ListItem","position":1,"name":"Accueil","item":"https:\/\/autravail.ca\/"},{"@type":"ListItem","position":2,"name":"Magasin","item":"https:\/\/autravail.ca\/en\/shop\/"},{"@type":"ListItem","position":3,"name":"JG 70-713R &#8211; MOLLETON A CAPUCHE AVEC BANDES R\u00c9FL\u00c9CHISSANTE &#8211; JACKFIELD"}]},{"@type":"WebSite","@id":"https:\/\/autravail.ca\/#website","url":"https:\/\/autravail.ca\/","name":"Le Magasin Industriel","description":"50 ans de tradition de s\u00e9curit\u00e9 au travail","publisher":{"@id":"https:\/\/autravail.ca\/#organization"},"potentialAction":[{"@type":"SearchAction","target":{"@type":"EntryPoint","urlTemplate":"https:\/\/autravail.ca\/?s={search_term_string}"},"query-input":{"@type":"PropertyValueSpecification","valueRequired":true,"valueName":"search_term_string"}}],"inLanguage":"en-CA"},{"@type":"Organization","@id":"https:\/\/autravail.ca\/#organization","name":"Le Magasin Industriel","url":"https:\/\/autravail.ca\/","logo":{"@type":"ImageObject","inLanguage":"en-CA","@id":"https:\/\/autravail.ca\/#\/schema\/logo\/image\/","url":"https:\/\/autravail.ca\/wp-content\/uploads\/2025\/05\/cropped-magasin_industriel_120x.avif","contentUrl":"https:\/\/autravail.ca\/wp-content\/uploads\/2025\/05\/cropped-magasin_industriel_120x.avif","width":120,"height":24,"caption":"Le Magasin Industriel"},"image":{"@id":"https:\/\/autravail.ca\/#\/schema\/logo\/image\/"},"sameAs":["https:\/\/www.facebook.com\/lemagasinindustriel\/?locale=fr_FR"]}]}},"jetpack_sharing_enabled":true,"_links":{"self":[{"href":"https:\/\/autravail.ca\/en\/wp-json\/wp\/v2\/product\/34393","targetHints":{"allow":["GET"]}}],"collection":[{"href":"https:\/\/autravail.ca\/en\/wp-json\/wp\/v2\/product"}],"about":[{"href":"https:\/\/autravail.ca\/en\/wp-json\/wp\/v2\/types\/product"}],"replies":[{"embeddable":true,"href":"https:\/\/autravail.ca\/en\/wp-json\/wp\/v2\/comments?post=34393"}],"wp:attachment":[{"href":"https:\/\/autravail.ca\/en\/wp-json\/wp\/v2\/media?parent=34393"}],"wp:term":[{"taxonomy":"product_cat","embeddable":true,"href":"https:\/\/autravail.ca\/en\/wp-json\/wp\/v2\/product_cat?post=34393"},{"taxonomy":"product_tag","embeddable":true,"href":"https:\/\/autravail.ca\/en\/wp-json\/wp\/v2\/product_tag?post=34393"}],"curies":[{"name":"wp","href":"https:\/\/api.w.org\/{rel}","templated":true}]}}