{"id":34362,"date":"2025-05-08T07:27:04","date_gmt":"2025-05-08T07:27:04","guid":{"rendered":"https:\/\/meteoquebec.ca\/?post_type=product&#038;p=34362"},"modified":"2025-12-05T05:10:18","modified_gmt":"2025-12-05T09:10:18","slug":"jg-590r-manteau-refrigeration","status":"publish","type":"product","link":"https:\/\/autravail.ca\/en\/product\/jg-590r-manteau-refrigeration\/","title":{"rendered":"JG 590R - REFRIGERATION COAT"},"content":{"rendered":"<p>Refrigeration coat doubled with polar, Jackfield<\/p>\n<p><span>Refrigeration coat doubled with polar, with reflective bands.<\/span><\/p>\n<p>100% nylon ripstop 228T.<\/p>\n<p>Insulating material of 305 GSM (9oz).<\/p>\n<p>between polar fleece lining of 250 GSM<\/p>\n<p>Fleece lining<\/p>\n<p>Regular cut<\/p>\n<p>Quick closure in plastic at the front.<\/p>\n<p>Two pockets at the waist.<\/p>\n<p>Collar and cuffs of knitting<\/p>\n<p>Reflective bands on front, arms and back.<\/p>\n<p>Double stitching on the yellow band<\/p>","protected":false},"excerpt":{"rendered":"<p>Polar-Lined Refrigeration Coat  Jackfield Polar-lined refrigeration coat with reflective bands. 100% ripstop nylon 228T. 305 GSM (9oz) insulation. 250 GSM polar fleece lining. Regular fit. Front plastic zipper. Two waist pockets. Ribbed knit collar and cuffs. Reflective bands.<\/p>","protected":false},"featured_media":0,"comment_status":"open","ping_status":"closed","template":"","meta":[],"product_cat":[599,602,610,604],"product_tag":[242,392],"class_list":{"0":"post-34362","1":"product","2":"type-product","3":"status-publish","5":"product_brand-jackfield","6":"product_cat-apparel-accessories","7":"product_cat-hommes","8":"product_cat-manteaux","9":"product_cat-vetements-de-travail","10":"product_tag-homme","11":"product_tag-jg","13":"first","14":"outofstock","15":"taxable","16":"shipping-taxable","17":"purchasable","18":"product-type-variable"},"yoast_head":"<!-- This site is optimized with the Yoast SEO plugin v25.3.1 - https:\/\/yoast.com\/wordpress\/plugins\/seo\/ -->\n<title>JG 590R - MANTEAU R\u00c9FRIG\u00c9RATION - Le Magasin Industriel<\/title>\n<meta name=\"robots\" content=\"index, follow, max-snippet:-1, max-image-preview:large, max-video-preview:-1\" \/>\n<link rel=\"canonical\" href=\"https:\/\/autravail.ca\/en\/product\/jg-590r-manteau-refrigeration\/\" \/>\n<meta property=\"og:locale\" content=\"en_US\" \/>\n<meta property=\"og:type\" content=\"article\" \/>\n<meta property=\"og:title\" content=\"JG 590R - MANTEAU R\u00c9FRIG\u00c9RATION - Le Magasin Industriel\" \/>\n<meta property=\"og:description\" content=\"Manteau r\u00e9frig\u00e9ration doubl\u00e9 de polar, Jackfield Manteau r\u00e9frig\u00e9ration doubl\u00e9 de polar avec bandes r\u00e9fl\u00e9chissantes. 100% nylon ripstop 228T. Isolant de 305 GSM (9oz). Entre doublure de laine polaire 250 GSM. Doublure de polar. Coupe r\u00e9guli\u00e8re. Fermeture \u00e9clair en plastique \u00e0 l\u2019avant. Deux poches \u00e0 la taille. Col et poignets de tricot c\u00f4tel\u00e9. Bandes r\u00e9fl\u00e9chissantes \u00e0 [&hellip;]\" \/>\n<meta property=\"og:url\" content=\"https:\/\/autravail.ca\/en\/product\/jg-590r-manteau-refrigeration\/\" \/>\n<meta property=\"og:site_name\" content=\"Le Magasin Industriel\" \/>\n<meta property=\"article:publisher\" content=\"https:\/\/www.facebook.com\/lemagasinindustriel\/?locale=fr_FR\" \/>\n<meta property=\"article:modified_time\" content=\"2025-12-05T09:10:18+00:00\" \/>\n<meta name=\"twitter:card\" content=\"summary_large_image\" \/>\n<script type=\"application\/ld+json\" class=\"yoast-schema-graph\">{\"@context\":\"https:\/\/schema.org\",\"@graph\":[{\"@type\":\"WebPage\",\"@id\":\"https:\/\/autravail.ca\/product\/jg-590r-manteau-refrigeration\/\",\"url\":\"https:\/\/autravail.ca\/product\/jg-590r-manteau-refrigeration\/\",\"name\":\"JG 590R - MANTEAU R\u00c9FRIG\u00c9RATION - Le Magasin Industriel\",\"isPartOf\":{\"@id\":\"https:\/\/autravail.ca\/#website\"},\"datePublished\":\"2025-05-08T07:27:04+00:00\",\"dateModified\":\"2025-12-05T09:10:18+00:00\",\"breadcrumb\":{\"@id\":\"https:\/\/autravail.ca\/product\/jg-590r-manteau-refrigeration\/#breadcrumb\"},\"inLanguage\":\"en-CA\",\"potentialAction\":[{\"@type\":\"ReadAction\",\"target\":[\"https:\/\/autravail.ca\/product\/jg-590r-manteau-refrigeration\/\"]}]},{\"@type\":\"BreadcrumbList\",\"@id\":\"https:\/\/autravail.ca\/product\/jg-590r-manteau-refrigeration\/#breadcrumb\",\"itemListElement\":[{\"@type\":\"ListItem\",\"position\":1,\"name\":\"Accueil\",\"item\":\"https:\/\/autravail.ca\/\"},{\"@type\":\"ListItem\",\"position\":2,\"name\":\"Magasin\",\"item\":\"https:\/\/autravail.ca\/en\/shop\/\"},{\"@type\":\"ListItem\",\"position\":3,\"name\":\"JG 590R &#8211; MANTEAU R\u00c9FRIG\u00c9RATION\"}]},{\"@type\":\"WebSite\",\"@id\":\"https:\/\/autravail.ca\/#website\",\"url\":\"https:\/\/autravail.ca\/\",\"name\":\"Le Magasin Industriel\",\"description\":\"50 ans de tradition de s\u00e9curit\u00e9 au travail\",\"publisher\":{\"@id\":\"https:\/\/autravail.ca\/#organization\"},\"potentialAction\":[{\"@type\":\"SearchAction\",\"target\":{\"@type\":\"EntryPoint\",\"urlTemplate\":\"https:\/\/autravail.ca\/?s={search_term_string}\"},\"query-input\":{\"@type\":\"PropertyValueSpecification\",\"valueRequired\":true,\"valueName\":\"search_term_string\"}}],\"inLanguage\":\"en-CA\"},{\"@type\":\"Organization\",\"@id\":\"https:\/\/autravail.ca\/#organization\",\"name\":\"Le Magasin Industriel\",\"url\":\"https:\/\/autravail.ca\/\",\"logo\":{\"@type\":\"ImageObject\",\"inLanguage\":\"en-CA\",\"@id\":\"https:\/\/autravail.ca\/#\/schema\/logo\/image\/\",\"url\":\"https:\/\/autravail.ca\/wp-content\/uploads\/2025\/05\/cropped-magasin_industriel_120x.avif\",\"contentUrl\":\"https:\/\/autravail.ca\/wp-content\/uploads\/2025\/05\/cropped-magasin_industriel_120x.avif\",\"width\":120,\"height\":24,\"caption\":\"Le Magasin Industriel\"},\"image\":{\"@id\":\"https:\/\/autravail.ca\/#\/schema\/logo\/image\/\"},\"sameAs\":[\"https:\/\/www.facebook.com\/lemagasinindustriel\/?locale=fr_FR\"]}]}<\/script>\n<!-- \/ Yoast SEO plugin. -->","yoast_head_json":{"title":"JG 590R - MANTEAU R\u00c9FRIG\u00c9RATION - Le Magasin Industriel","robots":{"index":"index","follow":"follow","max-snippet":"max-snippet:-1","max-image-preview":"max-image-preview:large","max-video-preview":"max-video-preview:-1"},"canonical":"https:\/\/autravail.ca\/en\/product\/jg-590r-manteau-refrigeration\/","og_locale":"en_US","og_type":"article","og_title":"JG 590R - MANTEAU R\u00c9FRIG\u00c9RATION - Le Magasin Industriel","og_description":"Manteau r\u00e9frig\u00e9ration doubl\u00e9 de polar, Jackfield Manteau r\u00e9frig\u00e9ration doubl\u00e9 de polar avec bandes r\u00e9fl\u00e9chissantes. 100% nylon ripstop 228T. Isolant de 305 GSM (9oz). Entre doublure de laine polaire 250 GSM. Doublure de polar. Coupe r\u00e9guli\u00e8re. Fermeture \u00e9clair en plastique \u00e0 l\u2019avant. Deux poches \u00e0 la taille. Col et poignets de tricot c\u00f4tel\u00e9. Bandes r\u00e9fl\u00e9chissantes \u00e0 [&hellip;]","og_url":"https:\/\/autravail.ca\/en\/product\/jg-590r-manteau-refrigeration\/","og_site_name":"Le Magasin Industriel","article_publisher":"https:\/\/www.facebook.com\/lemagasinindustriel\/?locale=fr_FR","article_modified_time":"2025-12-05T09:10:18+00:00","twitter_card":"summary_large_image","schema":{"@context":"https:\/\/schema.org","@graph":[{"@type":"WebPage","@id":"https:\/\/autravail.ca\/product\/jg-590r-manteau-refrigeration\/","url":"https:\/\/autravail.ca\/product\/jg-590r-manteau-refrigeration\/","name":"JG 590R - MANTEAU R\u00c9FRIG\u00c9RATION - Le Magasin Industriel","isPartOf":{"@id":"https:\/\/autravail.ca\/#website"},"datePublished":"2025-05-08T07:27:04+00:00","dateModified":"2025-12-05T09:10:18+00:00","breadcrumb":{"@id":"https:\/\/autravail.ca\/product\/jg-590r-manteau-refrigeration\/#breadcrumb"},"inLanguage":"en-CA","potentialAction":[{"@type":"ReadAction","target":["https:\/\/autravail.ca\/product\/jg-590r-manteau-refrigeration\/"]}]},{"@type":"BreadcrumbList","@id":"https:\/\/autravail.ca\/product\/jg-590r-manteau-refrigeration\/#breadcrumb","itemListElement":[{"@type":"ListItem","position":1,"name":"Accueil","item":"https:\/\/autravail.ca\/"},{"@type":"ListItem","position":2,"name":"Magasin","item":"https:\/\/autravail.ca\/en\/shop\/"},{"@type":"ListItem","position":3,"name":"JG 590R &#8211; MANTEAU R\u00c9FRIG\u00c9RATION"}]},{"@type":"WebSite","@id":"https:\/\/autravail.ca\/#website","url":"https:\/\/autravail.ca\/","name":"Le Magasin Industriel","description":"50 ans de tradition de s\u00e9curit\u00e9 au travail","publisher":{"@id":"https:\/\/autravail.ca\/#organization"},"potentialAction":[{"@type":"SearchAction","target":{"@type":"EntryPoint","urlTemplate":"https:\/\/autravail.ca\/?s={search_term_string}"},"query-input":{"@type":"PropertyValueSpecification","valueRequired":true,"valueName":"search_term_string"}}],"inLanguage":"en-CA"},{"@type":"Organization","@id":"https:\/\/autravail.ca\/#organization","name":"Le Magasin Industriel","url":"https:\/\/autravail.ca\/","logo":{"@type":"ImageObject","inLanguage":"en-CA","@id":"https:\/\/autravail.ca\/#\/schema\/logo\/image\/","url":"https:\/\/autravail.ca\/wp-content\/uploads\/2025\/05\/cropped-magasin_industriel_120x.avif","contentUrl":"https:\/\/autravail.ca\/wp-content\/uploads\/2025\/05\/cropped-magasin_industriel_120x.avif","width":120,"height":24,"caption":"Le Magasin Industriel"},"image":{"@id":"https:\/\/autravail.ca\/#\/schema\/logo\/image\/"},"sameAs":["https:\/\/www.facebook.com\/lemagasinindustriel\/?locale=fr_FR"]}]}},"jetpack_sharing_enabled":true,"_links":{"self":[{"href":"https:\/\/autravail.ca\/en\/wp-json\/wp\/v2\/product\/34362","targetHints":{"allow":["GET"]}}],"collection":[{"href":"https:\/\/autravail.ca\/en\/wp-json\/wp\/v2\/product"}],"about":[{"href":"https:\/\/autravail.ca\/en\/wp-json\/wp\/v2\/types\/product"}],"replies":[{"embeddable":true,"href":"https:\/\/autravail.ca\/en\/wp-json\/wp\/v2\/comments?post=34362"}],"wp:attachment":[{"href":"https:\/\/autravail.ca\/en\/wp-json\/wp\/v2\/media?parent=34362"}],"wp:term":[{"taxonomy":"product_cat","embeddable":true,"href":"https:\/\/autravail.ca\/en\/wp-json\/wp\/v2\/product_cat?post=34362"},{"taxonomy":"product_tag","embeddable":true,"href":"https:\/\/autravail.ca\/en\/wp-json\/wp\/v2\/product_tag?post=34362"}],"curies":[{"name":"wp","href":"https:\/\/api.w.org\/{rel}","templated":true}]}}