{"id":34301,"date":"2025-05-08T07:26:35","date_gmt":"2025-05-08T07:26:35","guid":{"rendered":"https:\/\/meteoquebec.ca\/?post_type=product&#038;p=34301"},"modified":"2025-12-05T05:10:19","modified_gmt":"2025-12-05T09:10:19","slug":"jg-3331-molleton-a-capuchon-et-zip-unisexe-mo","status":"publish","type":"product","link":"https:\/\/autravail.ca\/en\/product\/jg-3331-molleton-a-capuchon-et-zip-unisexe-mo\/","title":{"rendered":"JG 3331 - UNISOEX MOLLETON HOODIE WITH ZIP - M&amp;O"},"content":{"rendered":"<p>Hooded Melton Wool Zip Jacket - M&amp;O<\/p>\n<ul>\n<li>Quick Metal Zippers, Pockets.<\/li>\n<li>Flat belt of the same color as the torso.<\/li>\n<li>The wristbands and waistbands contain spandex.<\/li>\n<li>Lightning Quick Zip Cover to allow printing on the entire front.<\/li>\n<li>Detachable Label.<\/li>\n<li>In compliance with ALENA standards.<\/li>\n<\/ul>","protected":false},"excerpt":{"rendered":"<p>Zippered Hooded Sweatshirt (Padded Cotton)  M&amp;O Metal zipper, pockets. Flat drawstring matching body color. Spandex in wrist and waistbands. Covered zipper for full-front printing. Tear-away label. NAFTA compliant.<\/p>","protected":false},"featured_media":39574,"comment_status":"open","ping_status":"closed","template":"","meta":[],"product_cat":[630,633,602,688,629,628],"product_tag":[306,255,242,392,293],"class_list":{"0":"post-34301","1":"product","2":"type-product","3":"status-publish","4":"has-post-thumbnail","6":"product_brand-m-o","7":"product_cat-chandails","8":"product_cat-femmes","9":"product_cat-hommes","10":"product_cat-m-and-o","11":"product_cat-polos","12":"product_cat-t-shirts","13":"product_tag-cartier","14":"product_tag-femme","15":"product_tag-homme","16":"product_tag-jg","17":"product_tag-t-shirts-polos-et-chandails","19":"first","20":"outofstock","21":"taxable","22":"shipping-taxable","23":"purchasable","24":"product-type-variable"},"yoast_head":"<!-- This site is optimized with the Yoast SEO plugin v25.3.1 - https:\/\/yoast.com\/wordpress\/plugins\/seo\/ -->\n<title>JG 3331 - MOLLETON A CAPUCHON ET ZIP UNISEXE - M&amp;O - Le Magasin Industriel<\/title>\n<meta name=\"robots\" content=\"index, follow, max-snippet:-1, max-image-preview:large, max-video-preview:-1\" \/>\n<link rel=\"canonical\" href=\"https:\/\/autravail.ca\/en\/product\/jg-3331-molleton-a-capuchon-et-zip-unisexe-mo\/\" \/>\n<meta property=\"og:locale\" content=\"en_US\" \/>\n<meta property=\"og:type\" content=\"article\" \/>\n<meta property=\"og:title\" content=\"JG 3331 - MOLLETON A CAPUCHON ET ZIP UNISEXE - M&amp;O - Le Magasin Industriel\" \/>\n<meta property=\"og:description\" content=\"Molleton \u00e0 capuchon et zip (conton ouatt\u00e9) &#8211; M&amp;O Fermeture \u00e9clair en m\u00e9tal, poches. Cordon plat de m\u00eame couleur que le buste. Les bandes au poignets et \u00e0 la taille contiennent du spandex. Fermeture \u00e9clair recouverte afin de permettre une impression sur tout le devant. \u00c9tiquette d\u00e9tachable. Conforme au normes de l&rsquo;ALENA.\" \/>\n<meta property=\"og:url\" content=\"https:\/\/autravail.ca\/en\/product\/jg-3331-molleton-a-capuchon-et-zip-unisexe-mo\/\" \/>\n<meta property=\"og:site_name\" content=\"Le Magasin Industriel\" \/>\n<meta property=\"article:publisher\" content=\"https:\/\/www.facebook.com\/lemagasinindustriel\/?locale=fr_FR\" \/>\n<meta property=\"article:modified_time\" content=\"2025-12-05T09:10:19+00:00\" \/>\n<meta property=\"og:image\" content=\"https:\/\/autravail.ca\/wp-content\/uploads\/2025\/05\/3331_blk_A01-1.jpg\" \/>\n\t<meta property=\"og:image:width\" content=\"1000\" \/>\n\t<meta property=\"og:image:height\" content=\"1000\" \/>\n\t<meta property=\"og:image:type\" content=\"image\/jpeg\" \/>\n<meta name=\"twitter:card\" content=\"summary_large_image\" \/>\n<meta name=\"twitter:label1\" content=\"Est. reading time\" \/>\n\t<meta name=\"twitter:data1\" content=\"1 minute\" \/>\n<script type=\"application\/ld+json\" class=\"yoast-schema-graph\">{\"@context\":\"https:\/\/schema.org\",\"@graph\":[{\"@type\":\"WebPage\",\"@id\":\"https:\/\/autravail.ca\/product\/jg-3331-molleton-a-capuchon-et-zip-unisexe-mo\/\",\"url\":\"https:\/\/autravail.ca\/product\/jg-3331-molleton-a-capuchon-et-zip-unisexe-mo\/\",\"name\":\"JG 3331 - MOLLETON A CAPUCHON ET ZIP UNISEXE - M&O - Le Magasin Industriel\",\"isPartOf\":{\"@id\":\"https:\/\/autravail.ca\/#website\"},\"primaryImageOfPage\":{\"@id\":\"https:\/\/autravail.ca\/product\/jg-3331-molleton-a-capuchon-et-zip-unisexe-mo\/#primaryimage\"},\"image\":{\"@id\":\"https:\/\/autravail.ca\/product\/jg-3331-molleton-a-capuchon-et-zip-unisexe-mo\/#primaryimage\"},\"thumbnailUrl\":\"https:\/\/autravail.ca\/wp-content\/uploads\/2025\/05\/3331_blk_A01-1.jpg\",\"datePublished\":\"2025-05-08T07:26:35+00:00\",\"dateModified\":\"2025-12-05T09:10:19+00:00\",\"breadcrumb\":{\"@id\":\"https:\/\/autravail.ca\/product\/jg-3331-molleton-a-capuchon-et-zip-unisexe-mo\/#breadcrumb\"},\"inLanguage\":\"en-CA\",\"potentialAction\":[{\"@type\":\"ReadAction\",\"target\":[\"https:\/\/autravail.ca\/product\/jg-3331-molleton-a-capuchon-et-zip-unisexe-mo\/\"]}]},{\"@type\":\"ImageObject\",\"inLanguage\":\"en-CA\",\"@id\":\"https:\/\/autravail.ca\/product\/jg-3331-molleton-a-capuchon-et-zip-unisexe-mo\/#primaryimage\",\"url\":\"https:\/\/autravail.ca\/wp-content\/uploads\/2025\/05\/3331_blk_A01-1.jpg\",\"contentUrl\":\"https:\/\/autravail.ca\/wp-content\/uploads\/2025\/05\/3331_blk_A01-1.jpg\",\"width\":1000,\"height\":1000},{\"@type\":\"BreadcrumbList\",\"@id\":\"https:\/\/autravail.ca\/product\/jg-3331-molleton-a-capuchon-et-zip-unisexe-mo\/#breadcrumb\",\"itemListElement\":[{\"@type\":\"ListItem\",\"position\":1,\"name\":\"Accueil\",\"item\":\"https:\/\/autravail.ca\/\"},{\"@type\":\"ListItem\",\"position\":2,\"name\":\"Magasin\",\"item\":\"https:\/\/autravail.ca\/en\/shop\/\"},{\"@type\":\"ListItem\",\"position\":3,\"name\":\"JG 3331 &#8211; MOLLETON A CAPUCHON ET ZIP UNISEXE &#8211; M&#038;O\"}]},{\"@type\":\"WebSite\",\"@id\":\"https:\/\/autravail.ca\/#website\",\"url\":\"https:\/\/autravail.ca\/\",\"name\":\"Le Magasin Industriel\",\"description\":\"50 ans de tradition de s\u00e9curit\u00e9 au travail\",\"publisher\":{\"@id\":\"https:\/\/autravail.ca\/#organization\"},\"potentialAction\":[{\"@type\":\"SearchAction\",\"target\":{\"@type\":\"EntryPoint\",\"urlTemplate\":\"https:\/\/autravail.ca\/?s={search_term_string}\"},\"query-input\":{\"@type\":\"PropertyValueSpecification\",\"valueRequired\":true,\"valueName\":\"search_term_string\"}}],\"inLanguage\":\"en-CA\"},{\"@type\":\"Organization\",\"@id\":\"https:\/\/autravail.ca\/#organization\",\"name\":\"Le Magasin Industriel\",\"url\":\"https:\/\/autravail.ca\/\",\"logo\":{\"@type\":\"ImageObject\",\"inLanguage\":\"en-CA\",\"@id\":\"https:\/\/autravail.ca\/#\/schema\/logo\/image\/\",\"url\":\"https:\/\/autravail.ca\/wp-content\/uploads\/2025\/05\/cropped-magasin_industriel_120x.avif\",\"contentUrl\":\"https:\/\/autravail.ca\/wp-content\/uploads\/2025\/05\/cropped-magasin_industriel_120x.avif\",\"width\":120,\"height\":24,\"caption\":\"Le Magasin Industriel\"},\"image\":{\"@id\":\"https:\/\/autravail.ca\/#\/schema\/logo\/image\/\"},\"sameAs\":[\"https:\/\/www.facebook.com\/lemagasinindustriel\/?locale=fr_FR\"]}]}<\/script>\n<!-- \/ Yoast SEO plugin. -->","yoast_head_json":{"title":"JG 3331 - MOLLETON A CAPUCHON ET ZIP UNISEXE - M&O - Le Magasin Industriel","robots":{"index":"index","follow":"follow","max-snippet":"max-snippet:-1","max-image-preview":"max-image-preview:large","max-video-preview":"max-video-preview:-1"},"canonical":"https:\/\/autravail.ca\/en\/product\/jg-3331-molleton-a-capuchon-et-zip-unisexe-mo\/","og_locale":"en_US","og_type":"article","og_title":"JG 3331 - MOLLETON A CAPUCHON ET ZIP UNISEXE - M&O - Le Magasin Industriel","og_description":"Molleton \u00e0 capuchon et zip (conton ouatt\u00e9) &#8211; M&amp;O Fermeture \u00e9clair en m\u00e9tal, poches. Cordon plat de m\u00eame couleur que le buste. Les bandes au poignets et \u00e0 la taille contiennent du spandex. Fermeture \u00e9clair recouverte afin de permettre une impression sur tout le devant. \u00c9tiquette d\u00e9tachable. Conforme au normes de l&rsquo;ALENA.","og_url":"https:\/\/autravail.ca\/en\/product\/jg-3331-molleton-a-capuchon-et-zip-unisexe-mo\/","og_site_name":"Le Magasin Industriel","article_publisher":"https:\/\/www.facebook.com\/lemagasinindustriel\/?locale=fr_FR","article_modified_time":"2025-12-05T09:10:19+00:00","og_image":[{"width":1000,"height":1000,"url":"https:\/\/autravail.ca\/wp-content\/uploads\/2025\/05\/3331_blk_A01-1.jpg","type":"image\/jpeg"}],"twitter_card":"summary_large_image","twitter_misc":{"Est. reading time":"1 minute"},"schema":{"@context":"https:\/\/schema.org","@graph":[{"@type":"WebPage","@id":"https:\/\/autravail.ca\/product\/jg-3331-molleton-a-capuchon-et-zip-unisexe-mo\/","url":"https:\/\/autravail.ca\/product\/jg-3331-molleton-a-capuchon-et-zip-unisexe-mo\/","name":"JG 3331 - MOLLETON A CAPUCHON ET ZIP UNISEXE - M&O - Le Magasin Industriel","isPartOf":{"@id":"https:\/\/autravail.ca\/#website"},"primaryImageOfPage":{"@id":"https:\/\/autravail.ca\/product\/jg-3331-molleton-a-capuchon-et-zip-unisexe-mo\/#primaryimage"},"image":{"@id":"https:\/\/autravail.ca\/product\/jg-3331-molleton-a-capuchon-et-zip-unisexe-mo\/#primaryimage"},"thumbnailUrl":"https:\/\/autravail.ca\/wp-content\/uploads\/2025\/05\/3331_blk_A01-1.jpg","datePublished":"2025-05-08T07:26:35+00:00","dateModified":"2025-12-05T09:10:19+00:00","breadcrumb":{"@id":"https:\/\/autravail.ca\/product\/jg-3331-molleton-a-capuchon-et-zip-unisexe-mo\/#breadcrumb"},"inLanguage":"en-CA","potentialAction":[{"@type":"ReadAction","target":["https:\/\/autravail.ca\/product\/jg-3331-molleton-a-capuchon-et-zip-unisexe-mo\/"]}]},{"@type":"ImageObject","inLanguage":"en-CA","@id":"https:\/\/autravail.ca\/product\/jg-3331-molleton-a-capuchon-et-zip-unisexe-mo\/#primaryimage","url":"https:\/\/autravail.ca\/wp-content\/uploads\/2025\/05\/3331_blk_A01-1.jpg","contentUrl":"https:\/\/autravail.ca\/wp-content\/uploads\/2025\/05\/3331_blk_A01-1.jpg","width":1000,"height":1000},{"@type":"BreadcrumbList","@id":"https:\/\/autravail.ca\/product\/jg-3331-molleton-a-capuchon-et-zip-unisexe-mo\/#breadcrumb","itemListElement":[{"@type":"ListItem","position":1,"name":"Accueil","item":"https:\/\/autravail.ca\/"},{"@type":"ListItem","position":2,"name":"Magasin","item":"https:\/\/autravail.ca\/en\/shop\/"},{"@type":"ListItem","position":3,"name":"JG 3331 &#8211; MOLLETON A CAPUCHON ET ZIP UNISEXE &#8211; M&#038;O"}]},{"@type":"WebSite","@id":"https:\/\/autravail.ca\/#website","url":"https:\/\/autravail.ca\/","name":"Le Magasin Industriel","description":"50 ans de tradition de s\u00e9curit\u00e9 au travail","publisher":{"@id":"https:\/\/autravail.ca\/#organization"},"potentialAction":[{"@type":"SearchAction","target":{"@type":"EntryPoint","urlTemplate":"https:\/\/autravail.ca\/?s={search_term_string}"},"query-input":{"@type":"PropertyValueSpecification","valueRequired":true,"valueName":"search_term_string"}}],"inLanguage":"en-CA"},{"@type":"Organization","@id":"https:\/\/autravail.ca\/#organization","name":"Le Magasin Industriel","url":"https:\/\/autravail.ca\/","logo":{"@type":"ImageObject","inLanguage":"en-CA","@id":"https:\/\/autravail.ca\/#\/schema\/logo\/image\/","url":"https:\/\/autravail.ca\/wp-content\/uploads\/2025\/05\/cropped-magasin_industriel_120x.avif","contentUrl":"https:\/\/autravail.ca\/wp-content\/uploads\/2025\/05\/cropped-magasin_industriel_120x.avif","width":120,"height":24,"caption":"Le Magasin Industriel"},"image":{"@id":"https:\/\/autravail.ca\/#\/schema\/logo\/image\/"},"sameAs":["https:\/\/www.facebook.com\/lemagasinindustriel\/?locale=fr_FR"]}]}},"jetpack_sharing_enabled":true,"_links":{"self":[{"href":"https:\/\/autravail.ca\/en\/wp-json\/wp\/v2\/product\/34301","targetHints":{"allow":["GET"]}}],"collection":[{"href":"https:\/\/autravail.ca\/en\/wp-json\/wp\/v2\/product"}],"about":[{"href":"https:\/\/autravail.ca\/en\/wp-json\/wp\/v2\/types\/product"}],"replies":[{"embeddable":true,"href":"https:\/\/autravail.ca\/en\/wp-json\/wp\/v2\/comments?post=34301"}],"wp:featuredmedia":[{"embeddable":true,"href":"https:\/\/autravail.ca\/en\/wp-json\/wp\/v2\/media\/39574"}],"wp:attachment":[{"href":"https:\/\/autravail.ca\/en\/wp-json\/wp\/v2\/media?parent=34301"}],"wp:term":[{"taxonomy":"product_cat","embeddable":true,"href":"https:\/\/autravail.ca\/en\/wp-json\/wp\/v2\/product_cat?post=34301"},{"taxonomy":"product_tag","embeddable":true,"href":"https:\/\/autravail.ca\/en\/wp-json\/wp\/v2\/product_tag?post=34301"}],"curies":[{"name":"wp","href":"https:\/\/api.w.org\/{rel}","templated":true}]}}