{"id":34182,"date":"2025-05-08T07:25:42","date_gmt":"2025-05-08T07:25:42","guid":{"rendered":"https:\/\/meteoquebec.ca\/?post_type=product&#038;p=34182"},"modified":"2025-12-05T05:10:21","modified_gmt":"2025-12-05T09:10:21","slug":"jg-105sus7-chemise-de-travail-westex-ultrasoft","status":"publish","type":"product","link":"https:\/\/autravail.ca\/en\/product\/jg-105sus7-chemise-de-travail-westex-ultrasoft\/","title":{"rendered":"JG 105SUS7 - WESTEX ULTRASOFT WORK SHIRT"},"content":{"rendered":"<p>BigBill Food Transformation Shirt<\/p>\n<p>88% Cotton \/ 12% Nylon<\/p>\n<p>Arc ATPV Indicator: 8.7 calories\/cm, CATEGORY EPIC 2<\/p>\n<p>With overlock and cuffs with hidden snap-button closure<\/p>\n<p>High resistance seams in Nomex fireproof thread.<\/p>\n<p>Collar with collar stem and tip guard with hidden button-press closure<\/p>\n<p>Stress points strengthened.<\/p>\n<p>Packed on the back<\/p>\n<p>Interview: domestic and industrial cleaning.<\/p>","protected":false},"excerpt":{"rendered":"<p>Work Shirt, BigBill 88% Cotton \/ 12% Nylon. Arc ATPV Indice: 8.7 calories\/cm, CATEGORY EPI 2. Front and sleeves with hidden button-press fasteners. High resistance stitching in Nomex thread. Collar with collar stay and pointed cuff with hidden button-press fastener. Reinforced stress points. Adjustable back pad. Care: [...]<\/p>","protected":false},"featured_media":39585,"comment_status":"open","ping_status":"closed","template":"","meta":[],"product_cat":[599,606,602],"product_tag":[247,242,392],"class_list":{"0":"post-34182","1":"product","2":"type-product","3":"status-publish","4":"has-post-thumbnail","6":"product_brand-big-bill","7":"product_cat-apparel-accessories","8":"product_cat-chemises","9":"product_cat-hommes","10":"product_tag-chemises","11":"product_tag-homme","12":"product_tag-jg","14":"first","15":"instock","16":"taxable","17":"shipping-taxable","18":"purchasable","19":"product-type-variable"},"yoast_head":"<!-- This site is optimized with the Yoast SEO plugin v25.3.1 - https:\/\/yoast.com\/wordpress\/plugins\/seo\/ -->\n<title>JG 105SUS7 - CHEMISE DE TRAVAIL WESTEX ULTRASOFT - Le Magasin Industriel<\/title>\n<meta name=\"robots\" content=\"index, follow, max-snippet:-1, max-image-preview:large, max-video-preview:-1\" \/>\n<link rel=\"canonical\" href=\"https:\/\/autravail.ca\/en\/product\/jg-105sus7-chemise-de-travail-westex-ultrasoft\/\" \/>\n<meta property=\"og:locale\" content=\"en_US\" \/>\n<meta property=\"og:type\" content=\"article\" \/>\n<meta property=\"og:title\" content=\"JG 105SUS7 - CHEMISE DE TRAVAIL WESTEX ULTRASOFT - Le Magasin Industriel\" \/>\n<meta property=\"og:description\" content=\"Chemise de transformation des aliments, BigBill 88% Coton \/ 12% Nylon. Indice d&rsquo;Arc ATPV 8.7 calories\/cm\u00b2,\u00a0CAT\u00c9GORIE EPI 2. Devant ourl\u00e9 et manchettes avec fermeture \u00e0 boutons-pression cach\u00e9s. Coutures haute r\u00e9sistance en fil ignifuge Nomex\u00ae. Collet avec pied de col et garde pointes avec fermeture \u00e0 bouton-pression cach\u00e9. Points de tension renforc\u00e9s. Empi\u00e8cement au dos. Entretien: [&hellip;]\" \/>\n<meta property=\"og:url\" content=\"https:\/\/autravail.ca\/en\/product\/jg-105sus7-chemise-de-travail-westex-ultrasoft\/\" \/>\n<meta property=\"og:site_name\" content=\"Le Magasin Industriel\" \/>\n<meta property=\"article:publisher\" content=\"https:\/\/www.facebook.com\/lemagasinindustriel\/?locale=fr_FR\" \/>\n<meta property=\"article:modified_time\" content=\"2025-12-05T09:10:21+00:00\" \/>\n<meta property=\"og:image\" content=\"https:\/\/autravail.ca\/wp-content\/uploads\/2025\/05\/105SUS7_A01-1.jpg\" \/>\n\t<meta property=\"og:image:width\" content=\"1000\" \/>\n\t<meta property=\"og:image:height\" content=\"1000\" \/>\n\t<meta property=\"og:image:type\" content=\"image\/jpeg\" \/>\n<meta name=\"twitter:card\" content=\"summary_large_image\" \/>\n<meta name=\"twitter:label1\" content=\"Est. reading time\" \/>\n\t<meta name=\"twitter:data1\" content=\"1 minute\" \/>\n<script type=\"application\/ld+json\" class=\"yoast-schema-graph\">{\"@context\":\"https:\/\/schema.org\",\"@graph\":[{\"@type\":\"WebPage\",\"@id\":\"https:\/\/autravail.ca\/product\/jg-105sus7-chemise-de-travail-westex-ultrasoft\/\",\"url\":\"https:\/\/autravail.ca\/product\/jg-105sus7-chemise-de-travail-westex-ultrasoft\/\",\"name\":\"JG 105SUS7 - CHEMISE DE TRAVAIL WESTEX ULTRASOFT - Le Magasin Industriel\",\"isPartOf\":{\"@id\":\"https:\/\/autravail.ca\/#website\"},\"primaryImageOfPage\":{\"@id\":\"https:\/\/autravail.ca\/product\/jg-105sus7-chemise-de-travail-westex-ultrasoft\/#primaryimage\"},\"image\":{\"@id\":\"https:\/\/autravail.ca\/product\/jg-105sus7-chemise-de-travail-westex-ultrasoft\/#primaryimage\"},\"thumbnailUrl\":\"https:\/\/autravail.ca\/wp-content\/uploads\/2025\/05\/105SUS7_A01-1.jpg\",\"datePublished\":\"2025-05-08T07:25:42+00:00\",\"dateModified\":\"2025-12-05T09:10:21+00:00\",\"breadcrumb\":{\"@id\":\"https:\/\/autravail.ca\/product\/jg-105sus7-chemise-de-travail-westex-ultrasoft\/#breadcrumb\"},\"inLanguage\":\"en-CA\",\"potentialAction\":[{\"@type\":\"ReadAction\",\"target\":[\"https:\/\/autravail.ca\/product\/jg-105sus7-chemise-de-travail-westex-ultrasoft\/\"]}]},{\"@type\":\"ImageObject\",\"inLanguage\":\"en-CA\",\"@id\":\"https:\/\/autravail.ca\/product\/jg-105sus7-chemise-de-travail-westex-ultrasoft\/#primaryimage\",\"url\":\"https:\/\/autravail.ca\/wp-content\/uploads\/2025\/05\/105SUS7_A01-1.jpg\",\"contentUrl\":\"https:\/\/autravail.ca\/wp-content\/uploads\/2025\/05\/105SUS7_A01-1.jpg\",\"width\":1000,\"height\":1000},{\"@type\":\"BreadcrumbList\",\"@id\":\"https:\/\/autravail.ca\/product\/jg-105sus7-chemise-de-travail-westex-ultrasoft\/#breadcrumb\",\"itemListElement\":[{\"@type\":\"ListItem\",\"position\":1,\"name\":\"Accueil\",\"item\":\"https:\/\/autravail.ca\/\"},{\"@type\":\"ListItem\",\"position\":2,\"name\":\"Magasin\",\"item\":\"https:\/\/autravail.ca\/en\/shop\/\"},{\"@type\":\"ListItem\",\"position\":3,\"name\":\"JG 105SUS7 &#8211; CHEMISE DE TRAVAIL WESTEX ULTRASOFT\"}]},{\"@type\":\"WebSite\",\"@id\":\"https:\/\/autravail.ca\/#website\",\"url\":\"https:\/\/autravail.ca\/\",\"name\":\"Le Magasin Industriel\",\"description\":\"50 ans de tradition de s\u00e9curit\u00e9 au travail\",\"publisher\":{\"@id\":\"https:\/\/autravail.ca\/#organization\"},\"potentialAction\":[{\"@type\":\"SearchAction\",\"target\":{\"@type\":\"EntryPoint\",\"urlTemplate\":\"https:\/\/autravail.ca\/?s={search_term_string}\"},\"query-input\":{\"@type\":\"PropertyValueSpecification\",\"valueRequired\":true,\"valueName\":\"search_term_string\"}}],\"inLanguage\":\"en-CA\"},{\"@type\":\"Organization\",\"@id\":\"https:\/\/autravail.ca\/#organization\",\"name\":\"Le Magasin Industriel\",\"url\":\"https:\/\/autravail.ca\/\",\"logo\":{\"@type\":\"ImageObject\",\"inLanguage\":\"en-CA\",\"@id\":\"https:\/\/autravail.ca\/#\/schema\/logo\/image\/\",\"url\":\"https:\/\/autravail.ca\/wp-content\/uploads\/2025\/05\/cropped-magasin_industriel_120x.avif\",\"contentUrl\":\"https:\/\/autravail.ca\/wp-content\/uploads\/2025\/05\/cropped-magasin_industriel_120x.avif\",\"width\":120,\"height\":24,\"caption\":\"Le Magasin Industriel\"},\"image\":{\"@id\":\"https:\/\/autravail.ca\/#\/schema\/logo\/image\/\"},\"sameAs\":[\"https:\/\/www.facebook.com\/lemagasinindustriel\/?locale=fr_FR\"]}]}<\/script>\n<!-- \/ Yoast SEO plugin. -->","yoast_head_json":{"title":"JG 105SUS7 - CHEMISE DE TRAVAIL WESTEX ULTRASOFT - Le Magasin Industriel","robots":{"index":"index","follow":"follow","max-snippet":"max-snippet:-1","max-image-preview":"max-image-preview:large","max-video-preview":"max-video-preview:-1"},"canonical":"https:\/\/autravail.ca\/en\/product\/jg-105sus7-chemise-de-travail-westex-ultrasoft\/","og_locale":"en_US","og_type":"article","og_title":"JG 105SUS7 - CHEMISE DE TRAVAIL WESTEX ULTRASOFT - Le Magasin Industriel","og_description":"Chemise de transformation des aliments, BigBill 88% Coton \/ 12% Nylon. Indice d&rsquo;Arc ATPV 8.7 calories\/cm\u00b2,\u00a0CAT\u00c9GORIE EPI 2. Devant ourl\u00e9 et manchettes avec fermeture \u00e0 boutons-pression cach\u00e9s. Coutures haute r\u00e9sistance en fil ignifuge Nomex\u00ae. Collet avec pied de col et garde pointes avec fermeture \u00e0 bouton-pression cach\u00e9. Points de tension renforc\u00e9s. Empi\u00e8cement au dos. Entretien: [&hellip;]","og_url":"https:\/\/autravail.ca\/en\/product\/jg-105sus7-chemise-de-travail-westex-ultrasoft\/","og_site_name":"Le Magasin Industriel","article_publisher":"https:\/\/www.facebook.com\/lemagasinindustriel\/?locale=fr_FR","article_modified_time":"2025-12-05T09:10:21+00:00","og_image":[{"width":1000,"height":1000,"url":"https:\/\/autravail.ca\/wp-content\/uploads\/2025\/05\/105SUS7_A01-1.jpg","type":"image\/jpeg"}],"twitter_card":"summary_large_image","twitter_misc":{"Est. reading time":"1 minute"},"schema":{"@context":"https:\/\/schema.org","@graph":[{"@type":"WebPage","@id":"https:\/\/autravail.ca\/product\/jg-105sus7-chemise-de-travail-westex-ultrasoft\/","url":"https:\/\/autravail.ca\/product\/jg-105sus7-chemise-de-travail-westex-ultrasoft\/","name":"JG 105SUS7 - CHEMISE DE TRAVAIL WESTEX ULTRASOFT - Le Magasin Industriel","isPartOf":{"@id":"https:\/\/autravail.ca\/#website"},"primaryImageOfPage":{"@id":"https:\/\/autravail.ca\/product\/jg-105sus7-chemise-de-travail-westex-ultrasoft\/#primaryimage"},"image":{"@id":"https:\/\/autravail.ca\/product\/jg-105sus7-chemise-de-travail-westex-ultrasoft\/#primaryimage"},"thumbnailUrl":"https:\/\/autravail.ca\/wp-content\/uploads\/2025\/05\/105SUS7_A01-1.jpg","datePublished":"2025-05-08T07:25:42+00:00","dateModified":"2025-12-05T09:10:21+00:00","breadcrumb":{"@id":"https:\/\/autravail.ca\/product\/jg-105sus7-chemise-de-travail-westex-ultrasoft\/#breadcrumb"},"inLanguage":"en-CA","potentialAction":[{"@type":"ReadAction","target":["https:\/\/autravail.ca\/product\/jg-105sus7-chemise-de-travail-westex-ultrasoft\/"]}]},{"@type":"ImageObject","inLanguage":"en-CA","@id":"https:\/\/autravail.ca\/product\/jg-105sus7-chemise-de-travail-westex-ultrasoft\/#primaryimage","url":"https:\/\/autravail.ca\/wp-content\/uploads\/2025\/05\/105SUS7_A01-1.jpg","contentUrl":"https:\/\/autravail.ca\/wp-content\/uploads\/2025\/05\/105SUS7_A01-1.jpg","width":1000,"height":1000},{"@type":"BreadcrumbList","@id":"https:\/\/autravail.ca\/product\/jg-105sus7-chemise-de-travail-westex-ultrasoft\/#breadcrumb","itemListElement":[{"@type":"ListItem","position":1,"name":"Accueil","item":"https:\/\/autravail.ca\/"},{"@type":"ListItem","position":2,"name":"Magasin","item":"https:\/\/autravail.ca\/en\/shop\/"},{"@type":"ListItem","position":3,"name":"JG 105SUS7 &#8211; CHEMISE DE TRAVAIL WESTEX ULTRASOFT"}]},{"@type":"WebSite","@id":"https:\/\/autravail.ca\/#website","url":"https:\/\/autravail.ca\/","name":"Le Magasin Industriel","description":"50 ans de tradition de s\u00e9curit\u00e9 au travail","publisher":{"@id":"https:\/\/autravail.ca\/#organization"},"potentialAction":[{"@type":"SearchAction","target":{"@type":"EntryPoint","urlTemplate":"https:\/\/autravail.ca\/?s={search_term_string}"},"query-input":{"@type":"PropertyValueSpecification","valueRequired":true,"valueName":"search_term_string"}}],"inLanguage":"en-CA"},{"@type":"Organization","@id":"https:\/\/autravail.ca\/#organization","name":"Le Magasin Industriel","url":"https:\/\/autravail.ca\/","logo":{"@type":"ImageObject","inLanguage":"en-CA","@id":"https:\/\/autravail.ca\/#\/schema\/logo\/image\/","url":"https:\/\/autravail.ca\/wp-content\/uploads\/2025\/05\/cropped-magasin_industriel_120x.avif","contentUrl":"https:\/\/autravail.ca\/wp-content\/uploads\/2025\/05\/cropped-magasin_industriel_120x.avif","width":120,"height":24,"caption":"Le Magasin Industriel"},"image":{"@id":"https:\/\/autravail.ca\/#\/schema\/logo\/image\/"},"sameAs":["https:\/\/www.facebook.com\/lemagasinindustriel\/?locale=fr_FR"]}]}},"jetpack_sharing_enabled":true,"_links":{"self":[{"href":"https:\/\/autravail.ca\/en\/wp-json\/wp\/v2\/product\/34182","targetHints":{"allow":["GET"]}}],"collection":[{"href":"https:\/\/autravail.ca\/en\/wp-json\/wp\/v2\/product"}],"about":[{"href":"https:\/\/autravail.ca\/en\/wp-json\/wp\/v2\/types\/product"}],"replies":[{"embeddable":true,"href":"https:\/\/autravail.ca\/en\/wp-json\/wp\/v2\/comments?post=34182"}],"wp:featuredmedia":[{"embeddable":true,"href":"https:\/\/autravail.ca\/en\/wp-json\/wp\/v2\/media\/39585"}],"wp:attachment":[{"href":"https:\/\/autravail.ca\/en\/wp-json\/wp\/v2\/media?parent=34182"}],"wp:term":[{"taxonomy":"product_cat","embeddable":true,"href":"https:\/\/autravail.ca\/en\/wp-json\/wp\/v2\/product_cat?post=34182"},{"taxonomy":"product_tag","embeddable":true,"href":"https:\/\/autravail.ca\/en\/wp-json\/wp\/v2\/product_tag?post=34182"}],"curies":[{"name":"wp","href":"https:\/\/api.w.org\/{rel}","templated":true}]}}