{"id":34125,"date":"2025-05-08T07:25:08","date_gmt":"2025-05-08T07:25:08","guid":{"rendered":"https:\/\/meteoquebec.ca\/?post_type=product&#038;p=34125"},"modified":"2025-12-05T05:10:22","modified_gmt":"2025-12-05T09:10:22","slug":"jf2211-shell-souple","status":"publish","type":"product","link":"https:\/\/autravail.ca\/en\/product\/jf2211-shell-souple\/","title":{"rendered":"JF2211 - SHELL SOFTSHELL"},"content":{"rendered":"<p>Soft Shell Performance Jacket, A.J.M<\/p>\n<p>100% polyester.<\/p>\n<p>Soft shell made of 3 bonded layers.<\/p>\n<p>Extensible and water-resistant.<\/p>\n<p>Waterproof and breathable.<\/p>\n<p>Polyester Anti-Pile Fleece<\/p>\n<p>Quick-zip closure before full length.<\/p>\n<p>Two lateral pockets with zipper closure.<\/p>\n<p>Two internal pockets.<\/p>","protected":false},"excerpt":{"rendered":"<p>Manteau coquille souple Performance, A.J.M 100% polyester. Coquille souple fait de 3 couches contrecoll\u00e9es. Extensible et r\u00e9sistant \u00e0 l&rsquo;eau. R\u00e9sistant au vent et respirant. Molleton de polyester anti-peluche. Fermeture \u00e9clair avant pleine longueur. Deux poches lat\u00e9rales avec fermeture \u00e9clair. Deux poches int\u00e9rieures.<\/p>","protected":false},"featured_media":19347,"comment_status":"open","ping_status":"closed","template":"","meta":[],"product_cat":[599,633,610,604],"product_tag":[],"class_list":{"0":"post-34125","1":"product","2":"type-product","3":"status-publish","4":"has-post-thumbnail","6":"product_brand-le-magasin-industriel","7":"product_cat-apparel-accessories","8":"product_cat-femmes","9":"product_cat-manteaux","10":"product_cat-vetements-de-travail","12":"first","13":"instock","14":"taxable","15":"shipping-taxable","16":"purchasable","17":"product-type-variable"},"yoast_head":"<!-- This site is optimized with the Yoast SEO plugin v25.3.1 - https:\/\/yoast.com\/wordpress\/plugins\/seo\/ -->\n<title>JF2211 - SHELL SOUPLE - Le Magasin Industriel<\/title>\n<meta name=\"robots\" content=\"index, follow, max-snippet:-1, max-image-preview:large, max-video-preview:-1\" \/>\n<link rel=\"canonical\" href=\"https:\/\/autravail.ca\/en\/product\/jf2211-shell-souple\/\" \/>\n<meta property=\"og:locale\" content=\"en_US\" \/>\n<meta property=\"og:type\" content=\"article\" \/>\n<meta property=\"og:title\" content=\"JF2211 - SHELL SOUPLE - Le Magasin Industriel\" \/>\n<meta property=\"og:description\" content=\"Manteau coquille souple Performance, A.J.M 100% polyester. Coquille souple fait de 3 couches contrecoll\u00e9es. Extensible et r\u00e9sistant \u00e0 l&rsquo;eau. R\u00e9sistant au vent et respirant. Molleton de polyester anti-peluche. Fermeture \u00e9clair avant pleine longueur. Deux poches lat\u00e9rales avec fermeture \u00e9clair. Deux poches int\u00e9rieures.\" \/>\n<meta property=\"og:url\" content=\"https:\/\/autravail.ca\/en\/product\/jf2211-shell-souple\/\" \/>\n<meta property=\"og:site_name\" content=\"Le Magasin Industriel\" \/>\n<meta property=\"article:publisher\" content=\"https:\/\/www.facebook.com\/lemagasinindustriel\/?locale=fr_FR\" \/>\n<meta property=\"article:modified_time\" content=\"2025-12-05T09:10:22+00:00\" \/>\n<meta property=\"og:image\" content=\"https:\/\/autravail.ca\/wp-content\/uploads\/2025\/05\/JF2211_marine_A01.jpg\" \/>\n\t<meta property=\"og:image:width\" content=\"800\" \/>\n\t<meta property=\"og:image:height\" content=\"720\" \/>\n\t<meta property=\"og:image:type\" content=\"image\/jpeg\" \/>\n<meta name=\"twitter:card\" content=\"summary_large_image\" \/>\n<script type=\"application\/ld+json\" class=\"yoast-schema-graph\">{\"@context\":\"https:\/\/schema.org\",\"@graph\":[{\"@type\":\"WebPage\",\"@id\":\"https:\/\/autravail.ca\/product\/jf2211-shell-souple\/\",\"url\":\"https:\/\/autravail.ca\/product\/jf2211-shell-souple\/\",\"name\":\"JF2211 - SHELL SOUPLE - Le Magasin Industriel\",\"isPartOf\":{\"@id\":\"https:\/\/autravail.ca\/#website\"},\"primaryImageOfPage\":{\"@id\":\"https:\/\/autravail.ca\/product\/jf2211-shell-souple\/#primaryimage\"},\"image\":{\"@id\":\"https:\/\/autravail.ca\/product\/jf2211-shell-souple\/#primaryimage\"},\"thumbnailUrl\":\"https:\/\/autravail.ca\/wp-content\/uploads\/2025\/05\/JF2211_marine_A01.jpg\",\"datePublished\":\"2025-05-08T07:25:08+00:00\",\"dateModified\":\"2025-12-05T09:10:22+00:00\",\"breadcrumb\":{\"@id\":\"https:\/\/autravail.ca\/product\/jf2211-shell-souple\/#breadcrumb\"},\"inLanguage\":\"en-CA\",\"potentialAction\":[{\"@type\":\"ReadAction\",\"target\":[\"https:\/\/autravail.ca\/product\/jf2211-shell-souple\/\"]}]},{\"@type\":\"ImageObject\",\"inLanguage\":\"en-CA\",\"@id\":\"https:\/\/autravail.ca\/product\/jf2211-shell-souple\/#primaryimage\",\"url\":\"https:\/\/autravail.ca\/wp-content\/uploads\/2025\/05\/JF2211_marine_A01.jpg\",\"contentUrl\":\"https:\/\/autravail.ca\/wp-content\/uploads\/2025\/05\/JF2211_marine_A01.jpg\",\"width\":800,\"height\":720},{\"@type\":\"BreadcrumbList\",\"@id\":\"https:\/\/autravail.ca\/product\/jf2211-shell-souple\/#breadcrumb\",\"itemListElement\":[{\"@type\":\"ListItem\",\"position\":1,\"name\":\"Accueil\",\"item\":\"https:\/\/autravail.ca\/\"},{\"@type\":\"ListItem\",\"position\":2,\"name\":\"Magasin\",\"item\":\"https:\/\/autravail.ca\/en\/shop\/\"},{\"@type\":\"ListItem\",\"position\":3,\"name\":\"JF2211 &#8211; SHELL SOUPLE\"}]},{\"@type\":\"WebSite\",\"@id\":\"https:\/\/autravail.ca\/#website\",\"url\":\"https:\/\/autravail.ca\/\",\"name\":\"Le Magasin Industriel\",\"description\":\"50 ans de tradition de s\u00e9curit\u00e9 au travail\",\"publisher\":{\"@id\":\"https:\/\/autravail.ca\/#organization\"},\"potentialAction\":[{\"@type\":\"SearchAction\",\"target\":{\"@type\":\"EntryPoint\",\"urlTemplate\":\"https:\/\/autravail.ca\/?s={search_term_string}\"},\"query-input\":{\"@type\":\"PropertyValueSpecification\",\"valueRequired\":true,\"valueName\":\"search_term_string\"}}],\"inLanguage\":\"en-CA\"},{\"@type\":\"Organization\",\"@id\":\"https:\/\/autravail.ca\/#organization\",\"name\":\"Le Magasin Industriel\",\"url\":\"https:\/\/autravail.ca\/\",\"logo\":{\"@type\":\"ImageObject\",\"inLanguage\":\"en-CA\",\"@id\":\"https:\/\/autravail.ca\/#\/schema\/logo\/image\/\",\"url\":\"https:\/\/autravail.ca\/wp-content\/uploads\/2025\/05\/cropped-magasin_industriel_120x.avif\",\"contentUrl\":\"https:\/\/autravail.ca\/wp-content\/uploads\/2025\/05\/cropped-magasin_industriel_120x.avif\",\"width\":120,\"height\":24,\"caption\":\"Le Magasin Industriel\"},\"image\":{\"@id\":\"https:\/\/autravail.ca\/#\/schema\/logo\/image\/\"},\"sameAs\":[\"https:\/\/www.facebook.com\/lemagasinindustriel\/?locale=fr_FR\"]}]}<\/script>\n<!-- \/ Yoast SEO plugin. -->","yoast_head_json":{"title":"JF2211 - SHELL SOUPLE - Le Magasin Industriel","robots":{"index":"index","follow":"follow","max-snippet":"max-snippet:-1","max-image-preview":"max-image-preview:large","max-video-preview":"max-video-preview:-1"},"canonical":"https:\/\/autravail.ca\/en\/product\/jf2211-shell-souple\/","og_locale":"en_US","og_type":"article","og_title":"JF2211 - SHELL SOUPLE - Le Magasin Industriel","og_description":"Manteau coquille souple Performance, A.J.M 100% polyester. Coquille souple fait de 3 couches contrecoll\u00e9es. Extensible et r\u00e9sistant \u00e0 l&rsquo;eau. R\u00e9sistant au vent et respirant. Molleton de polyester anti-peluche. Fermeture \u00e9clair avant pleine longueur. Deux poches lat\u00e9rales avec fermeture \u00e9clair. Deux poches int\u00e9rieures.","og_url":"https:\/\/autravail.ca\/en\/product\/jf2211-shell-souple\/","og_site_name":"Le Magasin Industriel","article_publisher":"https:\/\/www.facebook.com\/lemagasinindustriel\/?locale=fr_FR","article_modified_time":"2025-12-05T09:10:22+00:00","og_image":[{"width":800,"height":720,"url":"https:\/\/autravail.ca\/wp-content\/uploads\/2025\/05\/JF2211_marine_A01.jpg","type":"image\/jpeg"}],"twitter_card":"summary_large_image","schema":{"@context":"https:\/\/schema.org","@graph":[{"@type":"WebPage","@id":"https:\/\/autravail.ca\/product\/jf2211-shell-souple\/","url":"https:\/\/autravail.ca\/product\/jf2211-shell-souple\/","name":"JF2211 - SHELL SOUPLE - Le Magasin Industriel","isPartOf":{"@id":"https:\/\/autravail.ca\/#website"},"primaryImageOfPage":{"@id":"https:\/\/autravail.ca\/product\/jf2211-shell-souple\/#primaryimage"},"image":{"@id":"https:\/\/autravail.ca\/product\/jf2211-shell-souple\/#primaryimage"},"thumbnailUrl":"https:\/\/autravail.ca\/wp-content\/uploads\/2025\/05\/JF2211_marine_A01.jpg","datePublished":"2025-05-08T07:25:08+00:00","dateModified":"2025-12-05T09:10:22+00:00","breadcrumb":{"@id":"https:\/\/autravail.ca\/product\/jf2211-shell-souple\/#breadcrumb"},"inLanguage":"en-CA","potentialAction":[{"@type":"ReadAction","target":["https:\/\/autravail.ca\/product\/jf2211-shell-souple\/"]}]},{"@type":"ImageObject","inLanguage":"en-CA","@id":"https:\/\/autravail.ca\/product\/jf2211-shell-souple\/#primaryimage","url":"https:\/\/autravail.ca\/wp-content\/uploads\/2025\/05\/JF2211_marine_A01.jpg","contentUrl":"https:\/\/autravail.ca\/wp-content\/uploads\/2025\/05\/JF2211_marine_A01.jpg","width":800,"height":720},{"@type":"BreadcrumbList","@id":"https:\/\/autravail.ca\/product\/jf2211-shell-souple\/#breadcrumb","itemListElement":[{"@type":"ListItem","position":1,"name":"Accueil","item":"https:\/\/autravail.ca\/"},{"@type":"ListItem","position":2,"name":"Magasin","item":"https:\/\/autravail.ca\/en\/shop\/"},{"@type":"ListItem","position":3,"name":"JF2211 &#8211; SHELL SOUPLE"}]},{"@type":"WebSite","@id":"https:\/\/autravail.ca\/#website","url":"https:\/\/autravail.ca\/","name":"Le Magasin Industriel","description":"50 ans de tradition de s\u00e9curit\u00e9 au travail","publisher":{"@id":"https:\/\/autravail.ca\/#organization"},"potentialAction":[{"@type":"SearchAction","target":{"@type":"EntryPoint","urlTemplate":"https:\/\/autravail.ca\/?s={search_term_string}"},"query-input":{"@type":"PropertyValueSpecification","valueRequired":true,"valueName":"search_term_string"}}],"inLanguage":"en-CA"},{"@type":"Organization","@id":"https:\/\/autravail.ca\/#organization","name":"Le Magasin Industriel","url":"https:\/\/autravail.ca\/","logo":{"@type":"ImageObject","inLanguage":"en-CA","@id":"https:\/\/autravail.ca\/#\/schema\/logo\/image\/","url":"https:\/\/autravail.ca\/wp-content\/uploads\/2025\/05\/cropped-magasin_industriel_120x.avif","contentUrl":"https:\/\/autravail.ca\/wp-content\/uploads\/2025\/05\/cropped-magasin_industriel_120x.avif","width":120,"height":24,"caption":"Le Magasin Industriel"},"image":{"@id":"https:\/\/autravail.ca\/#\/schema\/logo\/image\/"},"sameAs":["https:\/\/www.facebook.com\/lemagasinindustriel\/?locale=fr_FR"]}]}},"jetpack_sharing_enabled":true,"_links":{"self":[{"href":"https:\/\/autravail.ca\/en\/wp-json\/wp\/v2\/product\/34125","targetHints":{"allow":["GET"]}}],"collection":[{"href":"https:\/\/autravail.ca\/en\/wp-json\/wp\/v2\/product"}],"about":[{"href":"https:\/\/autravail.ca\/en\/wp-json\/wp\/v2\/types\/product"}],"replies":[{"embeddable":true,"href":"https:\/\/autravail.ca\/en\/wp-json\/wp\/v2\/comments?post=34125"}],"wp:featuredmedia":[{"embeddable":true,"href":"https:\/\/autravail.ca\/en\/wp-json\/wp\/v2\/media\/19347"}],"wp:attachment":[{"href":"https:\/\/autravail.ca\/en\/wp-json\/wp\/v2\/media?parent=34125"}],"wp:term":[{"taxonomy":"product_cat","embeddable":true,"href":"https:\/\/autravail.ca\/en\/wp-json\/wp\/v2\/product_cat?post=34125"},{"taxonomy":"product_tag","embeddable":true,"href":"https:\/\/autravail.ca\/en\/wp-json\/wp\/v2\/product_tag?post=34125"}],"curies":[{"name":"wp","href":"https:\/\/api.w.org\/{rel}","templated":true}]}}