{"id":34124,"date":"2025-05-08T07:25:08","date_gmt":"2025-05-08T07:25:08","guid":{"rendered":"https:\/\/meteoquebec.ca\/?post_type=product&#038;p=34124"},"modified":"2025-12-05T05:10:22","modified_gmt":"2025-12-05T09:10:22","slug":"j3881-veste-soft-shell-de-travail-2","status":"publish","type":"product","link":"https:\/\/autravail.ca\/en\/product\/j3881-veste-soft-shell-de-travail-2\/","title":{"rendered":"J3881 - WORK SOFT SHELL JACKET"},"content":{"rendered":"<h3>Soft shell Jacket - Biz Collection<\/h3>\n<ul>\n<li>Exterieur: 100 % polyester.<\/li>\n<li>Sticky knit Polyester fabric with micro-fleece<\/li>\n<li>2 Way zip front with chin guard\/wind flap and collar rising<\/li>\n<li>Right chest external zippered vertical pocket with metal extraction and audio port access<\/li>\n<li>2 pockets before zippers hidden with metal pullers<\/li>\n<li>BIZ TECHNOLOGIE TECH<\/li>\n<li>Waterproof Note Repellent - 3000mm internal membrane<\/li>\n<li>Respirability note - 3000g\/m<\/li>\n<li>Windbreak<\/li>\n<\/ul>","protected":false},"excerpt":{"rendered":"<p>Soft shell Jacket - Biz Collection Exterior: 100 % polyester. Polyester waffle knit fabric with micro-fleece. Two-way zip frontal with wind-cut chin guard and hood adjustment. Right breast vertical exterior zipped pocket with metal eyelet and audio access. 2 hidden zippered pockets with metal eyelets on the chest. BIZ TECHNOLOGIE TECH . [..]<\/p>","protected":false},"featured_media":19339,"comment_status":"open","ping_status":"closed","template":"","meta":[],"product_cat":[15],"product_tag":[],"class_list":{"0":"post-34124","1":"product","2":"type-product","3":"status-publish","4":"has-post-thumbnail","6":"product_brand-biz-collection","7":"product_cat-uncategorized","9":"first","10":"instock","11":"taxable","12":"shipping-taxable","13":"purchasable","14":"product-type-variable"},"yoast_head":"<!-- This site is optimized with the Yoast SEO plugin v25.3.1 - https:\/\/yoast.com\/wordpress\/plugins\/seo\/ -->\n<title>J3881 - VESTE SOFT SHELL DE TRAVAIL - Le Magasin Industriel<\/title>\n<meta name=\"robots\" content=\"index, follow, max-snippet:-1, max-image-preview:large, max-video-preview:-1\" \/>\n<link rel=\"canonical\" href=\"https:\/\/autravail.ca\/en\/product\/j3881-veste-soft-shell-de-travail-2\/\" \/>\n<meta property=\"og:locale\" content=\"en_US\" \/>\n<meta property=\"og:type\" content=\"article\" \/>\n<meta property=\"og:title\" content=\"J3881 - VESTE SOFT SHELL DE TRAVAIL - Le Magasin Industriel\" \/>\n<meta property=\"og:description\" content=\"Veste Soft shell &#8211; Biz Collection Ext\u00e9rieur: 100 % polyester. Tricot tissu Polyester coll\u00e9 avec micro-polaire. Doublure2 Way zip frontal avec rabat coupe-vent menton et col montant. Poitrine droite poche verticale ext\u00e9rieure zipp\u00e9e avec extracteur de m\u00e9tal et l&rsquo;acc\u00e8s au port audio. 2 poches avant zipp\u00e9es dissimul\u00e9es avec extracteurs de m\u00e9tal. BIZ TECHNOLOGIE TECH \u2122. [&hellip;]\" \/>\n<meta property=\"og:url\" content=\"https:\/\/autravail.ca\/en\/product\/j3881-veste-soft-shell-de-travail-2\/\" \/>\n<meta property=\"og:site_name\" content=\"Le Magasin Industriel\" \/>\n<meta property=\"article:publisher\" content=\"https:\/\/www.facebook.com\/lemagasinindustriel\/?locale=fr_FR\" \/>\n<meta property=\"article:modified_time\" content=\"2025-12-05T09:10:22+00:00\" \/>\n<meta property=\"og:image\" content=\"https:\/\/autravail.ca\/wp-content\/uploads\/2025\/05\/j3881_3_black_ee4b6421-15b6-4370-9a79-786e8ea8e5f9.jpg\" \/>\n\t<meta property=\"og:image:width\" content=\"540\" \/>\n\t<meta property=\"og:image:height\" content=\"600\" \/>\n\t<meta property=\"og:image:type\" content=\"image\/jpeg\" \/>\n<meta name=\"twitter:card\" content=\"summary_large_image\" \/>\n<script type=\"application\/ld+json\" class=\"yoast-schema-graph\">{\"@context\":\"https:\/\/schema.org\",\"@graph\":[{\"@type\":\"WebPage\",\"@id\":\"https:\/\/autravail.ca\/product\/j3881-veste-soft-shell-de-travail-2\/\",\"url\":\"https:\/\/autravail.ca\/product\/j3881-veste-soft-shell-de-travail-2\/\",\"name\":\"J3881 - VESTE SOFT SHELL DE TRAVAIL - Le Magasin Industriel\",\"isPartOf\":{\"@id\":\"https:\/\/autravail.ca\/#website\"},\"primaryImageOfPage\":{\"@id\":\"https:\/\/autravail.ca\/product\/j3881-veste-soft-shell-de-travail-2\/#primaryimage\"},\"image\":{\"@id\":\"https:\/\/autravail.ca\/product\/j3881-veste-soft-shell-de-travail-2\/#primaryimage\"},\"thumbnailUrl\":\"https:\/\/autravail.ca\/wp-content\/uploads\/2025\/05\/j3881_3_black_ee4b6421-15b6-4370-9a79-786e8ea8e5f9.jpg\",\"datePublished\":\"2025-05-08T07:25:08+00:00\",\"dateModified\":\"2025-12-05T09:10:22+00:00\",\"breadcrumb\":{\"@id\":\"https:\/\/autravail.ca\/product\/j3881-veste-soft-shell-de-travail-2\/#breadcrumb\"},\"inLanguage\":\"en-CA\",\"potentialAction\":[{\"@type\":\"ReadAction\",\"target\":[\"https:\/\/autravail.ca\/product\/j3881-veste-soft-shell-de-travail-2\/\"]}]},{\"@type\":\"ImageObject\",\"inLanguage\":\"en-CA\",\"@id\":\"https:\/\/autravail.ca\/product\/j3881-veste-soft-shell-de-travail-2\/#primaryimage\",\"url\":\"https:\/\/autravail.ca\/wp-content\/uploads\/2025\/05\/j3881_3_black_ee4b6421-15b6-4370-9a79-786e8ea8e5f9.jpg\",\"contentUrl\":\"https:\/\/autravail.ca\/wp-content\/uploads\/2025\/05\/j3881_3_black_ee4b6421-15b6-4370-9a79-786e8ea8e5f9.jpg\",\"width\":540,\"height\":600},{\"@type\":\"BreadcrumbList\",\"@id\":\"https:\/\/autravail.ca\/product\/j3881-veste-soft-shell-de-travail-2\/#breadcrumb\",\"itemListElement\":[{\"@type\":\"ListItem\",\"position\":1,\"name\":\"Accueil\",\"item\":\"https:\/\/autravail.ca\/\"},{\"@type\":\"ListItem\",\"position\":2,\"name\":\"Magasin\",\"item\":\"https:\/\/autravail.ca\/en\/shop\/\"},{\"@type\":\"ListItem\",\"position\":3,\"name\":\"J3881 &#8211; VESTE SOFT SHELL DE TRAVAIL\"}]},{\"@type\":\"WebSite\",\"@id\":\"https:\/\/autravail.ca\/#website\",\"url\":\"https:\/\/autravail.ca\/\",\"name\":\"Le Magasin Industriel\",\"description\":\"50 ans de tradition de s\u00e9curit\u00e9 au travail\",\"publisher\":{\"@id\":\"https:\/\/autravail.ca\/#organization\"},\"potentialAction\":[{\"@type\":\"SearchAction\",\"target\":{\"@type\":\"EntryPoint\",\"urlTemplate\":\"https:\/\/autravail.ca\/?s={search_term_string}\"},\"query-input\":{\"@type\":\"PropertyValueSpecification\",\"valueRequired\":true,\"valueName\":\"search_term_string\"}}],\"inLanguage\":\"en-CA\"},{\"@type\":\"Organization\",\"@id\":\"https:\/\/autravail.ca\/#organization\",\"name\":\"Le Magasin Industriel\",\"url\":\"https:\/\/autravail.ca\/\",\"logo\":{\"@type\":\"ImageObject\",\"inLanguage\":\"en-CA\",\"@id\":\"https:\/\/autravail.ca\/#\/schema\/logo\/image\/\",\"url\":\"https:\/\/autravail.ca\/wp-content\/uploads\/2025\/05\/cropped-magasin_industriel_120x.avif\",\"contentUrl\":\"https:\/\/autravail.ca\/wp-content\/uploads\/2025\/05\/cropped-magasin_industriel_120x.avif\",\"width\":120,\"height\":24,\"caption\":\"Le Magasin Industriel\"},\"image\":{\"@id\":\"https:\/\/autravail.ca\/#\/schema\/logo\/image\/\"},\"sameAs\":[\"https:\/\/www.facebook.com\/lemagasinindustriel\/?locale=fr_FR\"]}]}<\/script>\n<!-- \/ Yoast SEO plugin. -->","yoast_head_json":{"title":"J3881 - VESTE SOFT SHELL DE TRAVAIL - Le Magasin Industriel","robots":{"index":"index","follow":"follow","max-snippet":"max-snippet:-1","max-image-preview":"max-image-preview:large","max-video-preview":"max-video-preview:-1"},"canonical":"https:\/\/autravail.ca\/en\/product\/j3881-veste-soft-shell-de-travail-2\/","og_locale":"en_US","og_type":"article","og_title":"J3881 - VESTE SOFT SHELL DE TRAVAIL - Le Magasin Industriel","og_description":"Veste Soft shell &#8211; Biz Collection Ext\u00e9rieur: 100 % polyester. Tricot tissu Polyester coll\u00e9 avec micro-polaire. Doublure2 Way zip frontal avec rabat coupe-vent menton et col montant. Poitrine droite poche verticale ext\u00e9rieure zipp\u00e9e avec extracteur de m\u00e9tal et l&rsquo;acc\u00e8s au port audio. 2 poches avant zipp\u00e9es dissimul\u00e9es avec extracteurs de m\u00e9tal. BIZ TECHNOLOGIE TECH \u2122. [&hellip;]","og_url":"https:\/\/autravail.ca\/en\/product\/j3881-veste-soft-shell-de-travail-2\/","og_site_name":"Le Magasin Industriel","article_publisher":"https:\/\/www.facebook.com\/lemagasinindustriel\/?locale=fr_FR","article_modified_time":"2025-12-05T09:10:22+00:00","og_image":[{"width":540,"height":600,"url":"https:\/\/autravail.ca\/wp-content\/uploads\/2025\/05\/j3881_3_black_ee4b6421-15b6-4370-9a79-786e8ea8e5f9.jpg","type":"image\/jpeg"}],"twitter_card":"summary_large_image","schema":{"@context":"https:\/\/schema.org","@graph":[{"@type":"WebPage","@id":"https:\/\/autravail.ca\/product\/j3881-veste-soft-shell-de-travail-2\/","url":"https:\/\/autravail.ca\/product\/j3881-veste-soft-shell-de-travail-2\/","name":"J3881 - VESTE SOFT SHELL DE TRAVAIL - Le Magasin Industriel","isPartOf":{"@id":"https:\/\/autravail.ca\/#website"},"primaryImageOfPage":{"@id":"https:\/\/autravail.ca\/product\/j3881-veste-soft-shell-de-travail-2\/#primaryimage"},"image":{"@id":"https:\/\/autravail.ca\/product\/j3881-veste-soft-shell-de-travail-2\/#primaryimage"},"thumbnailUrl":"https:\/\/autravail.ca\/wp-content\/uploads\/2025\/05\/j3881_3_black_ee4b6421-15b6-4370-9a79-786e8ea8e5f9.jpg","datePublished":"2025-05-08T07:25:08+00:00","dateModified":"2025-12-05T09:10:22+00:00","breadcrumb":{"@id":"https:\/\/autravail.ca\/product\/j3881-veste-soft-shell-de-travail-2\/#breadcrumb"},"inLanguage":"en-CA","potentialAction":[{"@type":"ReadAction","target":["https:\/\/autravail.ca\/product\/j3881-veste-soft-shell-de-travail-2\/"]}]},{"@type":"ImageObject","inLanguage":"en-CA","@id":"https:\/\/autravail.ca\/product\/j3881-veste-soft-shell-de-travail-2\/#primaryimage","url":"https:\/\/autravail.ca\/wp-content\/uploads\/2025\/05\/j3881_3_black_ee4b6421-15b6-4370-9a79-786e8ea8e5f9.jpg","contentUrl":"https:\/\/autravail.ca\/wp-content\/uploads\/2025\/05\/j3881_3_black_ee4b6421-15b6-4370-9a79-786e8ea8e5f9.jpg","width":540,"height":600},{"@type":"BreadcrumbList","@id":"https:\/\/autravail.ca\/product\/j3881-veste-soft-shell-de-travail-2\/#breadcrumb","itemListElement":[{"@type":"ListItem","position":1,"name":"Accueil","item":"https:\/\/autravail.ca\/"},{"@type":"ListItem","position":2,"name":"Magasin","item":"https:\/\/autravail.ca\/en\/shop\/"},{"@type":"ListItem","position":3,"name":"J3881 &#8211; VESTE SOFT SHELL DE TRAVAIL"}]},{"@type":"WebSite","@id":"https:\/\/autravail.ca\/#website","url":"https:\/\/autravail.ca\/","name":"Le Magasin Industriel","description":"50 ans de tradition de s\u00e9curit\u00e9 au travail","publisher":{"@id":"https:\/\/autravail.ca\/#organization"},"potentialAction":[{"@type":"SearchAction","target":{"@type":"EntryPoint","urlTemplate":"https:\/\/autravail.ca\/?s={search_term_string}"},"query-input":{"@type":"PropertyValueSpecification","valueRequired":true,"valueName":"search_term_string"}}],"inLanguage":"en-CA"},{"@type":"Organization","@id":"https:\/\/autravail.ca\/#organization","name":"Le Magasin Industriel","url":"https:\/\/autravail.ca\/","logo":{"@type":"ImageObject","inLanguage":"en-CA","@id":"https:\/\/autravail.ca\/#\/schema\/logo\/image\/","url":"https:\/\/autravail.ca\/wp-content\/uploads\/2025\/05\/cropped-magasin_industriel_120x.avif","contentUrl":"https:\/\/autravail.ca\/wp-content\/uploads\/2025\/05\/cropped-magasin_industriel_120x.avif","width":120,"height":24,"caption":"Le Magasin Industriel"},"image":{"@id":"https:\/\/autravail.ca\/#\/schema\/logo\/image\/"},"sameAs":["https:\/\/www.facebook.com\/lemagasinindustriel\/?locale=fr_FR"]}]}},"jetpack_sharing_enabled":true,"_links":{"self":[{"href":"https:\/\/autravail.ca\/en\/wp-json\/wp\/v2\/product\/34124","targetHints":{"allow":["GET"]}}],"collection":[{"href":"https:\/\/autravail.ca\/en\/wp-json\/wp\/v2\/product"}],"about":[{"href":"https:\/\/autravail.ca\/en\/wp-json\/wp\/v2\/types\/product"}],"replies":[{"embeddable":true,"href":"https:\/\/autravail.ca\/en\/wp-json\/wp\/v2\/comments?post=34124"}],"wp:featuredmedia":[{"embeddable":true,"href":"https:\/\/autravail.ca\/en\/wp-json\/wp\/v2\/media\/19339"}],"wp:attachment":[{"href":"https:\/\/autravail.ca\/en\/wp-json\/wp\/v2\/media?parent=34124"}],"wp:term":[{"taxonomy":"product_cat","embeddable":true,"href":"https:\/\/autravail.ca\/en\/wp-json\/wp\/v2\/product_cat?post=34124"},{"taxonomy":"product_tag","embeddable":true,"href":"https:\/\/autravail.ca\/en\/wp-json\/wp\/v2\/product_tag?post=34124"}],"curies":[{"name":"wp","href":"https:\/\/api.w.org\/{rel}","templated":true}]}}