{"id":34062,"date":"2025-05-08T07:24:23","date_gmt":"2025-05-08T07:24:23","guid":{"rendered":"https:\/\/meteoquebec.ca\/?post_type=product&#038;p=34062"},"modified":"2026-01-06T22:38:32","modified_gmt":"2026-01-07T02:38:32","slug":"jungle-moc-j003345w-soulier-de-travail","status":"publish","type":"product","link":"https:\/\/autravail.ca\/en\/product\/jungle-moc-j003345w-soulier-de-travail\/","title":{"rendered":"JUNGLE MOC - J003345W - WORK Shoes"},"content":{"rendered":"<h3>Safety Shoe, Jungle - Merrell<\/h3>\n<ul>\n<li>Safety Loafer (CSA)<\/li>\n<li>Full Grain Leather Waterproof Fastener<\/li>\n<li>Toe Cushion Resistant-to-Abrasion Rubber Protector.<\/li>\n<li>KINETIC FITMC combined with a profile EVA seated footrest providing optimal support for the arch and heel.<\/li>\n<li>The Merrell Air Cushion footbeds at the heel absorb shocks and provide more stability.<\/li>\n<li>Moulded Nylon Cambrion for support and flexibility at the mid-foot area.<\/li>\n<li>Composite Safety Buckle for light non-metallic protection; ASTM F2413-11 I\/75 C\/75 homologation.<\/li>\n<li>Resistance to perforations complies with ASTM PR standards; EH certification according to ASTM F2413-11.<\/li>\n<li>Anti-slip and oil resistant rubber outsole, compliant with the Mark II test.<\/li>\n<li>M SelectMC GRIP rubber sole by Merrell providing traction and adherence to any outsole where you need it.<\/li>\n<li>3 mm deep crampons.<\/li>\n<\/ul>","protected":false},"excerpt":{"rendered":"<p>Jungle Safety Loafer  Merrell CSA safety loafer. Waterproof full-grain leather upper. Abrasion-resistant rubber toe protector. KINETIC FIT with contoured EVA footbed for optimal arch and heel support. Merrell heel air cushions absorb shocks and enhance stability.<\/p>","protected":false},"featured_media":19242,"comment_status":"open","ping_status":"closed","template":"","meta":[],"product_cat":[619],"product_tag":[252,242,253,257],"class_list":{"0":"post-34062","1":"product","2":"type-product","3":"status-publish","4":"has-post-thumbnail","6":"product_brand-merrell","7":"product_cat-souliers-de-travail","8":"product_tag-electric-shock-resistant","9":"product_tag-homme","10":"product_tag-sole-protection","11":"product_tag-souliers-de-travail","13":"first","14":"instock","15":"taxable","16":"shipping-taxable","17":"purchasable","18":"product-type-variable"},"yoast_head":"<!-- This site is optimized with the Yoast SEO plugin v25.3.1 - https:\/\/yoast.com\/wordpress\/plugins\/seo\/ -->\n<title>JUNGLE MOC - J003345W - SOULIER DE TRAVAIL - Le Magasin Industriel<\/title>\n<meta name=\"robots\" content=\"index, follow, max-snippet:-1, max-image-preview:large, max-video-preview:-1\" \/>\n<link rel=\"canonical\" href=\"https:\/\/autravail.ca\/en\/product\/jungle-moc-j003345w-soulier-de-travail\/\" \/>\n<meta property=\"og:locale\" content=\"en_US\" \/>\n<meta property=\"og:type\" content=\"article\" \/>\n<meta property=\"og:title\" content=\"JUNGLE MOC - J003345W - SOULIER DE TRAVAIL - Le Magasin Industriel\" \/>\n<meta property=\"og:description\" content=\"Soulier de s\u00e9curit\u00e9, Jungle &#8211; Merrell Loafer de s\u00e9curit\u00e9 CSA Empeigne en cuir pleine fleur imperm\u00e9able Protecteur de caoutchouc aux orteils r\u00e9sistant \u00e0 l\u2019abrasion. KINETIC FITMC combin\u00e9 \u00e0 une assise plantaire profil\u00e9e en EVA avec soutien optimal pour l\u2019arche et le talon. Les coussinets d\u2019air Merrell au talon absorbent les chocs et procurent plus de [&hellip;]\" \/>\n<meta property=\"og:url\" content=\"https:\/\/autravail.ca\/en\/product\/jungle-moc-j003345w-soulier-de-travail\/\" \/>\n<meta property=\"og:site_name\" content=\"Le Magasin Industriel\" \/>\n<meta property=\"article:publisher\" content=\"https:\/\/www.facebook.com\/lemagasinindustriel\/?locale=fr_FR\" \/>\n<meta property=\"article:modified_time\" content=\"2026-01-07T02:38:32+00:00\" \/>\n<meta property=\"og:image\" content=\"https:\/\/autravail.ca\/wp-content\/uploads\/2025\/05\/J003345_A01.jpg\" \/>\n\t<meta property=\"og:image:width\" content=\"1000\" \/>\n\t<meta property=\"og:image:height\" content=\"1000\" \/>\n\t<meta property=\"og:image:type\" content=\"image\/jpeg\" \/>\n<meta name=\"twitter:card\" content=\"summary_large_image\" \/>\n<meta name=\"twitter:label1\" content=\"Est. reading time\" \/>\n\t<meta name=\"twitter:data1\" content=\"1 minute\" \/>\n<script type=\"application\/ld+json\" class=\"yoast-schema-graph\">{\"@context\":\"https:\/\/schema.org\",\"@graph\":[{\"@type\":\"WebPage\",\"@id\":\"https:\/\/autravail.ca\/product\/jungle-moc-j003345w-soulier-de-travail\/\",\"url\":\"https:\/\/autravail.ca\/product\/jungle-moc-j003345w-soulier-de-travail\/\",\"name\":\"JUNGLE MOC - J003345W - SOULIER DE TRAVAIL - Le Magasin Industriel\",\"isPartOf\":{\"@id\":\"https:\/\/autravail.ca\/#website\"},\"primaryImageOfPage\":{\"@id\":\"https:\/\/autravail.ca\/product\/jungle-moc-j003345w-soulier-de-travail\/#primaryimage\"},\"image\":{\"@id\":\"https:\/\/autravail.ca\/product\/jungle-moc-j003345w-soulier-de-travail\/#primaryimage\"},\"thumbnailUrl\":\"https:\/\/autravail.ca\/wp-content\/uploads\/2025\/05\/J003345_A01.jpg\",\"datePublished\":\"2025-05-08T07:24:23+00:00\",\"dateModified\":\"2026-01-07T02:38:32+00:00\",\"breadcrumb\":{\"@id\":\"https:\/\/autravail.ca\/product\/jungle-moc-j003345w-soulier-de-travail\/#breadcrumb\"},\"inLanguage\":\"en-CA\",\"potentialAction\":[{\"@type\":\"ReadAction\",\"target\":[\"https:\/\/autravail.ca\/product\/jungle-moc-j003345w-soulier-de-travail\/\"]}]},{\"@type\":\"ImageObject\",\"inLanguage\":\"en-CA\",\"@id\":\"https:\/\/autravail.ca\/product\/jungle-moc-j003345w-soulier-de-travail\/#primaryimage\",\"url\":\"https:\/\/autravail.ca\/wp-content\/uploads\/2025\/05\/J003345_A01.jpg\",\"contentUrl\":\"https:\/\/autravail.ca\/wp-content\/uploads\/2025\/05\/J003345_A01.jpg\",\"width\":1000,\"height\":1000},{\"@type\":\"BreadcrumbList\",\"@id\":\"https:\/\/autravail.ca\/product\/jungle-moc-j003345w-soulier-de-travail\/#breadcrumb\",\"itemListElement\":[{\"@type\":\"ListItem\",\"position\":1,\"name\":\"Accueil\",\"item\":\"https:\/\/autravail.ca\/\"},{\"@type\":\"ListItem\",\"position\":2,\"name\":\"Magasin\",\"item\":\"https:\/\/autravail.ca\/en\/shop\/\"},{\"@type\":\"ListItem\",\"position\":3,\"name\":\"JUNGLE MOC &#8211; J003345W &#8211; SOULIER DE TRAVAIL\"}]},{\"@type\":\"WebSite\",\"@id\":\"https:\/\/autravail.ca\/#website\",\"url\":\"https:\/\/autravail.ca\/\",\"name\":\"Le Magasin Industriel\",\"description\":\"50 ans de tradition de s\u00e9curit\u00e9 au travail\",\"publisher\":{\"@id\":\"https:\/\/autravail.ca\/#organization\"},\"potentialAction\":[{\"@type\":\"SearchAction\",\"target\":{\"@type\":\"EntryPoint\",\"urlTemplate\":\"https:\/\/autravail.ca\/?s={search_term_string}\"},\"query-input\":{\"@type\":\"PropertyValueSpecification\",\"valueRequired\":true,\"valueName\":\"search_term_string\"}}],\"inLanguage\":\"en-CA\"},{\"@type\":\"Organization\",\"@id\":\"https:\/\/autravail.ca\/#organization\",\"name\":\"Le Magasin Industriel\",\"url\":\"https:\/\/autravail.ca\/\",\"logo\":{\"@type\":\"ImageObject\",\"inLanguage\":\"en-CA\",\"@id\":\"https:\/\/autravail.ca\/#\/schema\/logo\/image\/\",\"url\":\"https:\/\/autravail.ca\/wp-content\/uploads\/2025\/05\/cropped-magasin_industriel_120x.avif\",\"contentUrl\":\"https:\/\/autravail.ca\/wp-content\/uploads\/2025\/05\/cropped-magasin_industriel_120x.avif\",\"width\":120,\"height\":24,\"caption\":\"Le Magasin Industriel\"},\"image\":{\"@id\":\"https:\/\/autravail.ca\/#\/schema\/logo\/image\/\"},\"sameAs\":[\"https:\/\/www.facebook.com\/lemagasinindustriel\/?locale=fr_FR\"]}]}<\/script>\n<!-- \/ Yoast SEO plugin. -->","yoast_head_json":{"title":"JUNGLE MOC - J003345W - SOULIER DE TRAVAIL - Le Magasin Industriel","robots":{"index":"index","follow":"follow","max-snippet":"max-snippet:-1","max-image-preview":"max-image-preview:large","max-video-preview":"max-video-preview:-1"},"canonical":"https:\/\/autravail.ca\/en\/product\/jungle-moc-j003345w-soulier-de-travail\/","og_locale":"en_US","og_type":"article","og_title":"JUNGLE MOC - J003345W - SOULIER DE TRAVAIL - Le Magasin Industriel","og_description":"Soulier de s\u00e9curit\u00e9, Jungle &#8211; Merrell Loafer de s\u00e9curit\u00e9 CSA Empeigne en cuir pleine fleur imperm\u00e9able Protecteur de caoutchouc aux orteils r\u00e9sistant \u00e0 l\u2019abrasion. KINETIC FITMC combin\u00e9 \u00e0 une assise plantaire profil\u00e9e en EVA avec soutien optimal pour l\u2019arche et le talon. Les coussinets d\u2019air Merrell au talon absorbent les chocs et procurent plus de [&hellip;]","og_url":"https:\/\/autravail.ca\/en\/product\/jungle-moc-j003345w-soulier-de-travail\/","og_site_name":"Le Magasin Industriel","article_publisher":"https:\/\/www.facebook.com\/lemagasinindustriel\/?locale=fr_FR","article_modified_time":"2026-01-07T02:38:32+00:00","og_image":[{"width":1000,"height":1000,"url":"https:\/\/autravail.ca\/wp-content\/uploads\/2025\/05\/J003345_A01.jpg","type":"image\/jpeg"}],"twitter_card":"summary_large_image","twitter_misc":{"Est. reading time":"1 minute"},"schema":{"@context":"https:\/\/schema.org","@graph":[{"@type":"WebPage","@id":"https:\/\/autravail.ca\/product\/jungle-moc-j003345w-soulier-de-travail\/","url":"https:\/\/autravail.ca\/product\/jungle-moc-j003345w-soulier-de-travail\/","name":"JUNGLE MOC - J003345W - SOULIER DE TRAVAIL - Le Magasin Industriel","isPartOf":{"@id":"https:\/\/autravail.ca\/#website"},"primaryImageOfPage":{"@id":"https:\/\/autravail.ca\/product\/jungle-moc-j003345w-soulier-de-travail\/#primaryimage"},"image":{"@id":"https:\/\/autravail.ca\/product\/jungle-moc-j003345w-soulier-de-travail\/#primaryimage"},"thumbnailUrl":"https:\/\/autravail.ca\/wp-content\/uploads\/2025\/05\/J003345_A01.jpg","datePublished":"2025-05-08T07:24:23+00:00","dateModified":"2026-01-07T02:38:32+00:00","breadcrumb":{"@id":"https:\/\/autravail.ca\/product\/jungle-moc-j003345w-soulier-de-travail\/#breadcrumb"},"inLanguage":"en-CA","potentialAction":[{"@type":"ReadAction","target":["https:\/\/autravail.ca\/product\/jungle-moc-j003345w-soulier-de-travail\/"]}]},{"@type":"ImageObject","inLanguage":"en-CA","@id":"https:\/\/autravail.ca\/product\/jungle-moc-j003345w-soulier-de-travail\/#primaryimage","url":"https:\/\/autravail.ca\/wp-content\/uploads\/2025\/05\/J003345_A01.jpg","contentUrl":"https:\/\/autravail.ca\/wp-content\/uploads\/2025\/05\/J003345_A01.jpg","width":1000,"height":1000},{"@type":"BreadcrumbList","@id":"https:\/\/autravail.ca\/product\/jungle-moc-j003345w-soulier-de-travail\/#breadcrumb","itemListElement":[{"@type":"ListItem","position":1,"name":"Accueil","item":"https:\/\/autravail.ca\/"},{"@type":"ListItem","position":2,"name":"Magasin","item":"https:\/\/autravail.ca\/en\/shop\/"},{"@type":"ListItem","position":3,"name":"JUNGLE MOC &#8211; J003345W &#8211; SOULIER DE TRAVAIL"}]},{"@type":"WebSite","@id":"https:\/\/autravail.ca\/#website","url":"https:\/\/autravail.ca\/","name":"Le Magasin Industriel","description":"50 ans de tradition de s\u00e9curit\u00e9 au travail","publisher":{"@id":"https:\/\/autravail.ca\/#organization"},"potentialAction":[{"@type":"SearchAction","target":{"@type":"EntryPoint","urlTemplate":"https:\/\/autravail.ca\/?s={search_term_string}"},"query-input":{"@type":"PropertyValueSpecification","valueRequired":true,"valueName":"search_term_string"}}],"inLanguage":"en-CA"},{"@type":"Organization","@id":"https:\/\/autravail.ca\/#organization","name":"Le Magasin Industriel","url":"https:\/\/autravail.ca\/","logo":{"@type":"ImageObject","inLanguage":"en-CA","@id":"https:\/\/autravail.ca\/#\/schema\/logo\/image\/","url":"https:\/\/autravail.ca\/wp-content\/uploads\/2025\/05\/cropped-magasin_industriel_120x.avif","contentUrl":"https:\/\/autravail.ca\/wp-content\/uploads\/2025\/05\/cropped-magasin_industriel_120x.avif","width":120,"height":24,"caption":"Le Magasin Industriel"},"image":{"@id":"https:\/\/autravail.ca\/#\/schema\/logo\/image\/"},"sameAs":["https:\/\/www.facebook.com\/lemagasinindustriel\/?locale=fr_FR"]}]}},"jetpack_sharing_enabled":true,"_links":{"self":[{"href":"https:\/\/autravail.ca\/en\/wp-json\/wp\/v2\/product\/34062","targetHints":{"allow":["GET"]}}],"collection":[{"href":"https:\/\/autravail.ca\/en\/wp-json\/wp\/v2\/product"}],"about":[{"href":"https:\/\/autravail.ca\/en\/wp-json\/wp\/v2\/types\/product"}],"replies":[{"embeddable":true,"href":"https:\/\/autravail.ca\/en\/wp-json\/wp\/v2\/comments?post=34062"}],"wp:featuredmedia":[{"embeddable":true,"href":"https:\/\/autravail.ca\/en\/wp-json\/wp\/v2\/media\/19242"}],"wp:attachment":[{"href":"https:\/\/autravail.ca\/en\/wp-json\/wp\/v2\/media?parent=34062"}],"wp:term":[{"taxonomy":"product_cat","embeddable":true,"href":"https:\/\/autravail.ca\/en\/wp-json\/wp\/v2\/product_cat?post=34062"},{"taxonomy":"product_tag","embeddable":true,"href":"https:\/\/autravail.ca\/en\/wp-json\/wp\/v2\/product_tag?post=34062"}],"curies":[{"name":"wp","href":"https:\/\/api.w.org\/{rel}","templated":true}]}}