{"id":34003,"date":"2025-05-08T07:23:58","date_gmt":"2025-05-08T07:23:58","guid":{"rendered":"https:\/\/meteoquebec.ca\/?post_type=product&#038;p=34003"},"modified":"2025-12-05T05:10:23","modified_gmt":"2025-12-05T09:10:23","slug":"j007877-bottillon-de-travail-strongfield-merrell","status":"publish","type":"product","link":"https:\/\/autravail.ca\/en\/product\/j007877-bottillon-de-travail-strongfield-merrell\/","title":{"rendered":"J007877 - WORK Ankle Boots, STRONGFIELD - MERRELL"},"content":{"rendered":"<p>Safety Ankle Boots, Strongfield - Merrell<\/p>\n<div class=\"description\">Designed for hard labor and long days on your feet, the Strongfield Composite Waterproof 6<sup>MC<\/sup>the ultra-durable TOUGHFRAME<sup>MC<\/sup><span>\u00a0<\/span>Stabilize and protect your feet all day long.<\/div>\n<div class=\"description\"><strong><\/strong><\/div>\n<div class=\"description\">\n<strong>CHARACTERISTICS<\/strong><br \/>Full grain leather (Waterproof) and chain strap.<br \/>Membrane M Select<sup>MC<\/sup><span>\u00a0<\/span>Dry by Merrell waterproof which lets moisture escape.<br \/>Non-metallic lacing ferrules.<br \/>Traditional Lacing System.<br \/>Protective apron skirt (dust-proof).<br \/>Meshed Taffeta Lining.<br \/>Profiled foam design with air permeable to air<span>\u00a0<\/span><b>COMFORT<\/b>BASE<sup>MC<\/sup><span>\u00a0<\/span>Enwraps the foot with a comfort that lasts all day.<br \/>The Merrell Air Cushion at the heel absorbs shocks and adds stability.<br \/>Midfoot Nylon Molded Arch Support for better fit and greater midfoot flexibility.<br \/>Homologation EH: ASTM F2413-18.<br \/>Composite safety buckle for light and non-metallic protection; certification: ASTM F2413-18 I\/75 C\/75.<br \/>Exterior sole made of rubber, anti-slip and oil resistant; tested Mark II.<br \/>Vulcanized Rubber M-Select<sup>MC<\/sup><span>\u00a0<\/span>Merrell GRIP providing durable traction and adhesion to any external sole where you need it.<br \/>Outer sole resistant to heat protects feet briefly against any direct contact over 260 C (500 F)<\/div>","protected":false},"excerpt":{"rendered":"<p>Strongfield Safety Boot  Merrell Designed for tough work and long days on your feet, the 6-inch waterproof composite leather toe Strongfield features COMFORTBASE shock absorption and cushioning technology; ultra-durable TOUGHFRAME stabilizes and protects your feet all day. FEATURES: Full-grain leather.<\/p>","protected":false},"featured_media":19182,"comment_status":"open","ping_status":"closed","template":"","meta":[],"product_cat":[621,602],"product_tag":[260,252,242,253],"class_list":{"0":"post-34003","1":"product","2":"type-product","3":"status-publish","4":"has-post-thumbnail","6":"product_brand-merrell","7":"product_cat-bottes-de-travail-6","8":"product_cat-hommes","9":"product_tag-bottillons-de-travail","10":"product_tag-electric-shock-resistant","11":"product_tag-homme","12":"product_tag-sole-protection","14":"first","15":"instock","16":"taxable","17":"shipping-taxable","18":"purchasable","19":"product-type-variable"},"yoast_head":"<!-- This site is optimized with the Yoast SEO plugin v25.3.1 - https:\/\/yoast.com\/wordpress\/plugins\/seo\/ -->\n<title>J007877 - BOTTILLON DE TRAVAIL, STRONGFIELD - MERRELL - Le Magasin Industriel<\/title>\n<meta name=\"robots\" content=\"index, follow, max-snippet:-1, max-image-preview:large, max-video-preview:-1\" \/>\n<link rel=\"canonical\" href=\"https:\/\/autravail.ca\/en\/product\/j007877-bottillon-de-travail-strongfield-merrell\/\" \/>\n<meta property=\"og:locale\" content=\"en_US\" \/>\n<meta property=\"og:type\" content=\"article\" \/>\n<meta property=\"og:title\" content=\"J007877 - BOTTILLON DE TRAVAIL, STRONGFIELD - MERRELL - Le Magasin Industriel\" \/>\n<meta property=\"og:description\" content=\"Bottillon de s\u00e9curit\u00e9, Strongfield &#8211; Merrell Con\u00e7u pour le dur labeur et les longues journ\u00e9es sur vos pieds, le mod\u00e8le Strongfield \u00e0 embout en cuir composite imperm\u00e9able de 6 pouces est dot\u00e9 de la technologie pour l&rsquo;absorption des chocs et le matelassage COMFORTBASEMC; l&rsquo;ultra-durable TOUGHFRAMEMC\u00a0stabilise et prot\u00e8ge vos pieds toute la journ\u00e9e. CARACT\u00c9RISTIQUES\u2022 Cuir pleine [&hellip;]\" \/>\n<meta property=\"og:url\" content=\"https:\/\/autravail.ca\/en\/product\/j007877-bottillon-de-travail-strongfield-merrell\/\" \/>\n<meta property=\"og:site_name\" content=\"Le Magasin Industriel\" \/>\n<meta property=\"article:publisher\" content=\"https:\/\/www.facebook.com\/lemagasinindustriel\/?locale=fr_FR\" \/>\n<meta property=\"article:modified_time\" content=\"2025-12-05T09:10:23+00:00\" \/>\n<meta property=\"og:image\" content=\"https:\/\/autravail.ca\/wp-content\/uploads\/2025\/05\/J007877_A01.jpg\" \/>\n\t<meta property=\"og:image:width\" content=\"1000\" \/>\n\t<meta property=\"og:image:height\" content=\"1000\" \/>\n\t<meta property=\"og:image:type\" content=\"image\/jpeg\" \/>\n<meta name=\"twitter:card\" content=\"summary_large_image\" \/>\n<meta name=\"twitter:label1\" content=\"Est. reading time\" \/>\n\t<meta name=\"twitter:data1\" content=\"1 minute\" \/>\n<script type=\"application\/ld+json\" class=\"yoast-schema-graph\">{\"@context\":\"https:\/\/schema.org\",\"@graph\":[{\"@type\":\"WebPage\",\"@id\":\"https:\/\/autravail.ca\/product\/j007877-bottillon-de-travail-strongfield-merrell\/\",\"url\":\"https:\/\/autravail.ca\/product\/j007877-bottillon-de-travail-strongfield-merrell\/\",\"name\":\"J007877 - BOTTILLON DE TRAVAIL, STRONGFIELD - MERRELL - Le Magasin Industriel\",\"isPartOf\":{\"@id\":\"https:\/\/autravail.ca\/#website\"},\"primaryImageOfPage\":{\"@id\":\"https:\/\/autravail.ca\/product\/j007877-bottillon-de-travail-strongfield-merrell\/#primaryimage\"},\"image\":{\"@id\":\"https:\/\/autravail.ca\/product\/j007877-bottillon-de-travail-strongfield-merrell\/#primaryimage\"},\"thumbnailUrl\":\"https:\/\/autravail.ca\/wp-content\/uploads\/2025\/05\/J007877_A01.jpg\",\"datePublished\":\"2025-05-08T07:23:58+00:00\",\"dateModified\":\"2025-12-05T09:10:23+00:00\",\"breadcrumb\":{\"@id\":\"https:\/\/autravail.ca\/product\/j007877-bottillon-de-travail-strongfield-merrell\/#breadcrumb\"},\"inLanguage\":\"en-CA\",\"potentialAction\":[{\"@type\":\"ReadAction\",\"target\":[\"https:\/\/autravail.ca\/product\/j007877-bottillon-de-travail-strongfield-merrell\/\"]}]},{\"@type\":\"ImageObject\",\"inLanguage\":\"en-CA\",\"@id\":\"https:\/\/autravail.ca\/product\/j007877-bottillon-de-travail-strongfield-merrell\/#primaryimage\",\"url\":\"https:\/\/autravail.ca\/wp-content\/uploads\/2025\/05\/J007877_A01.jpg\",\"contentUrl\":\"https:\/\/autravail.ca\/wp-content\/uploads\/2025\/05\/J007877_A01.jpg\",\"width\":1000,\"height\":1000},{\"@type\":\"BreadcrumbList\",\"@id\":\"https:\/\/autravail.ca\/product\/j007877-bottillon-de-travail-strongfield-merrell\/#breadcrumb\",\"itemListElement\":[{\"@type\":\"ListItem\",\"position\":1,\"name\":\"Accueil\",\"item\":\"https:\/\/autravail.ca\/\"},{\"@type\":\"ListItem\",\"position\":2,\"name\":\"Magasin\",\"item\":\"https:\/\/autravail.ca\/en\/shop\/\"},{\"@type\":\"ListItem\",\"position\":3,\"name\":\"J007877 &#8211; BOTTILLON DE TRAVAIL, STRONGFIELD &#8211; MERRELL\"}]},{\"@type\":\"WebSite\",\"@id\":\"https:\/\/autravail.ca\/#website\",\"url\":\"https:\/\/autravail.ca\/\",\"name\":\"Le Magasin Industriel\",\"description\":\"50 ans de tradition de s\u00e9curit\u00e9 au travail\",\"publisher\":{\"@id\":\"https:\/\/autravail.ca\/#organization\"},\"potentialAction\":[{\"@type\":\"SearchAction\",\"target\":{\"@type\":\"EntryPoint\",\"urlTemplate\":\"https:\/\/autravail.ca\/?s={search_term_string}\"},\"query-input\":{\"@type\":\"PropertyValueSpecification\",\"valueRequired\":true,\"valueName\":\"search_term_string\"}}],\"inLanguage\":\"en-CA\"},{\"@type\":\"Organization\",\"@id\":\"https:\/\/autravail.ca\/#organization\",\"name\":\"Le Magasin Industriel\",\"url\":\"https:\/\/autravail.ca\/\",\"logo\":{\"@type\":\"ImageObject\",\"inLanguage\":\"en-CA\",\"@id\":\"https:\/\/autravail.ca\/#\/schema\/logo\/image\/\",\"url\":\"https:\/\/autravail.ca\/wp-content\/uploads\/2025\/05\/cropped-magasin_industriel_120x.avif\",\"contentUrl\":\"https:\/\/autravail.ca\/wp-content\/uploads\/2025\/05\/cropped-magasin_industriel_120x.avif\",\"width\":120,\"height\":24,\"caption\":\"Le Magasin Industriel\"},\"image\":{\"@id\":\"https:\/\/autravail.ca\/#\/schema\/logo\/image\/\"},\"sameAs\":[\"https:\/\/www.facebook.com\/lemagasinindustriel\/?locale=fr_FR\"]}]}<\/script>\n<!-- \/ Yoast SEO plugin. -->","yoast_head_json":{"title":"J007877 - BOTTILLON DE TRAVAIL, STRONGFIELD - MERRELL - Le Magasin Industriel","robots":{"index":"index","follow":"follow","max-snippet":"max-snippet:-1","max-image-preview":"max-image-preview:large","max-video-preview":"max-video-preview:-1"},"canonical":"https:\/\/autravail.ca\/en\/product\/j007877-bottillon-de-travail-strongfield-merrell\/","og_locale":"en_US","og_type":"article","og_title":"J007877 - BOTTILLON DE TRAVAIL, STRONGFIELD - MERRELL - Le Magasin Industriel","og_description":"Bottillon de s\u00e9curit\u00e9, Strongfield &#8211; Merrell Con\u00e7u pour le dur labeur et les longues journ\u00e9es sur vos pieds, le mod\u00e8le Strongfield \u00e0 embout en cuir composite imperm\u00e9able de 6 pouces est dot\u00e9 de la technologie pour l&rsquo;absorption des chocs et le matelassage COMFORTBASEMC; l&rsquo;ultra-durable TOUGHFRAMEMC\u00a0stabilise et prot\u00e8ge vos pieds toute la journ\u00e9e. CARACT\u00c9RISTIQUES\u2022 Cuir pleine [&hellip;]","og_url":"https:\/\/autravail.ca\/en\/product\/j007877-bottillon-de-travail-strongfield-merrell\/","og_site_name":"Le Magasin Industriel","article_publisher":"https:\/\/www.facebook.com\/lemagasinindustriel\/?locale=fr_FR","article_modified_time":"2025-12-05T09:10:23+00:00","og_image":[{"width":1000,"height":1000,"url":"https:\/\/autravail.ca\/wp-content\/uploads\/2025\/05\/J007877_A01.jpg","type":"image\/jpeg"}],"twitter_card":"summary_large_image","twitter_misc":{"Est. reading time":"1 minute"},"schema":{"@context":"https:\/\/schema.org","@graph":[{"@type":"WebPage","@id":"https:\/\/autravail.ca\/product\/j007877-bottillon-de-travail-strongfield-merrell\/","url":"https:\/\/autravail.ca\/product\/j007877-bottillon-de-travail-strongfield-merrell\/","name":"J007877 - BOTTILLON DE TRAVAIL, STRONGFIELD - MERRELL - Le Magasin Industriel","isPartOf":{"@id":"https:\/\/autravail.ca\/#website"},"primaryImageOfPage":{"@id":"https:\/\/autravail.ca\/product\/j007877-bottillon-de-travail-strongfield-merrell\/#primaryimage"},"image":{"@id":"https:\/\/autravail.ca\/product\/j007877-bottillon-de-travail-strongfield-merrell\/#primaryimage"},"thumbnailUrl":"https:\/\/autravail.ca\/wp-content\/uploads\/2025\/05\/J007877_A01.jpg","datePublished":"2025-05-08T07:23:58+00:00","dateModified":"2025-12-05T09:10:23+00:00","breadcrumb":{"@id":"https:\/\/autravail.ca\/product\/j007877-bottillon-de-travail-strongfield-merrell\/#breadcrumb"},"inLanguage":"en-CA","potentialAction":[{"@type":"ReadAction","target":["https:\/\/autravail.ca\/product\/j007877-bottillon-de-travail-strongfield-merrell\/"]}]},{"@type":"ImageObject","inLanguage":"en-CA","@id":"https:\/\/autravail.ca\/product\/j007877-bottillon-de-travail-strongfield-merrell\/#primaryimage","url":"https:\/\/autravail.ca\/wp-content\/uploads\/2025\/05\/J007877_A01.jpg","contentUrl":"https:\/\/autravail.ca\/wp-content\/uploads\/2025\/05\/J007877_A01.jpg","width":1000,"height":1000},{"@type":"BreadcrumbList","@id":"https:\/\/autravail.ca\/product\/j007877-bottillon-de-travail-strongfield-merrell\/#breadcrumb","itemListElement":[{"@type":"ListItem","position":1,"name":"Accueil","item":"https:\/\/autravail.ca\/"},{"@type":"ListItem","position":2,"name":"Magasin","item":"https:\/\/autravail.ca\/en\/shop\/"},{"@type":"ListItem","position":3,"name":"J007877 &#8211; BOTTILLON DE TRAVAIL, STRONGFIELD &#8211; MERRELL"}]},{"@type":"WebSite","@id":"https:\/\/autravail.ca\/#website","url":"https:\/\/autravail.ca\/","name":"Le Magasin Industriel","description":"50 ans de tradition de s\u00e9curit\u00e9 au travail","publisher":{"@id":"https:\/\/autravail.ca\/#organization"},"potentialAction":[{"@type":"SearchAction","target":{"@type":"EntryPoint","urlTemplate":"https:\/\/autravail.ca\/?s={search_term_string}"},"query-input":{"@type":"PropertyValueSpecification","valueRequired":true,"valueName":"search_term_string"}}],"inLanguage":"en-CA"},{"@type":"Organization","@id":"https:\/\/autravail.ca\/#organization","name":"Le Magasin Industriel","url":"https:\/\/autravail.ca\/","logo":{"@type":"ImageObject","inLanguage":"en-CA","@id":"https:\/\/autravail.ca\/#\/schema\/logo\/image\/","url":"https:\/\/autravail.ca\/wp-content\/uploads\/2025\/05\/cropped-magasin_industriel_120x.avif","contentUrl":"https:\/\/autravail.ca\/wp-content\/uploads\/2025\/05\/cropped-magasin_industriel_120x.avif","width":120,"height":24,"caption":"Le Magasin Industriel"},"image":{"@id":"https:\/\/autravail.ca\/#\/schema\/logo\/image\/"},"sameAs":["https:\/\/www.facebook.com\/lemagasinindustriel\/?locale=fr_FR"]}]}},"jetpack_sharing_enabled":true,"_links":{"self":[{"href":"https:\/\/autravail.ca\/en\/wp-json\/wp\/v2\/product\/34003","targetHints":{"allow":["GET"]}}],"collection":[{"href":"https:\/\/autravail.ca\/en\/wp-json\/wp\/v2\/product"}],"about":[{"href":"https:\/\/autravail.ca\/en\/wp-json\/wp\/v2\/types\/product"}],"replies":[{"embeddable":true,"href":"https:\/\/autravail.ca\/en\/wp-json\/wp\/v2\/comments?post=34003"}],"wp:featuredmedia":[{"embeddable":true,"href":"https:\/\/autravail.ca\/en\/wp-json\/wp\/v2\/media\/19182"}],"wp:attachment":[{"href":"https:\/\/autravail.ca\/en\/wp-json\/wp\/v2\/media?parent=34003"}],"wp:term":[{"taxonomy":"product_cat","embeddable":true,"href":"https:\/\/autravail.ca\/en\/wp-json\/wp\/v2\/product_cat?post=34003"},{"taxonomy":"product_tag","embeddable":true,"href":"https:\/\/autravail.ca\/en\/wp-json\/wp\/v2\/product_tag?post=34003"}],"curies":[{"name":"wp","href":"https:\/\/api.w.org\/{rel}","templated":true}]}}