{"id":33972,"date":"2025-05-08T07:23:45","date_gmt":"2025-05-08T07:23:45","guid":{"rendered":"https:\/\/meteoquebec.ca\/?post_type=product&#038;p=33972"},"modified":"2025-12-05T05:10:23","modified_gmt":"2025-12-05T09:10:23","slug":"j005467w-bottillon-de-travail-moab-vertex-2","status":"publish","type":"product","link":"https:\/\/autravail.ca\/en\/product\/j005467w-bottillon-de-travail-moab-vertex-2\/","title":{"rendered":"J005467W - WORK Ankle Boots - MOAB VERTEX 2"},"content":{"rendered":"<p>Safety Ankle Boots, Moab Vertex 2 - Merrell<\/p>\n<p><span>An Waterproof membrane that prevents water from penetrating and allows moisture to escape.<\/span><br \/><span>Full grain leather waterproof cane and rattan<\/span><br \/><span>The bellows tongue prevents debris from entering the shoe.<\/span><br \/><span>Protection rubber cap resistant to abrasion<\/span><br \/><span>100% recycled strap<\/span><br \/><span>100 % recycled breathable lining<\/span><br \/><span>Covering of the footbed base in 100% recycled mesh<\/span><br \/><span>Cleansport NXT treated for natural odor control.<\/span><br \/><span>The plantar profile movable COMFORTBASE cradles your foot in a comfort that lasts all day.<\/span><br \/><span>Plantar vault tie rod in molded nylon<\/span><br \/><span>The Merrell Air Cushion at the heel absorbs shocks and adds stability.<\/span><br \/><span>Intermediate COMFORTBASE sole made of EVA rubber for better shock absorption and better cushioning.<\/span><br \/><span>External sole made of durable rubber, anti-slip and oil resistant; tested Mark II.<\/span><br \/><span>Resistant Perforation Plate<\/span><br \/><span>External heel protection resistant to heat for brief periods of contact reaching or exceeding 500 F<\/span><br \/><span>Safety fitting made of carbon fiber for protection; certified CSA Z195-14.<\/span><br \/><span>Protection against electrical risks (EH); compliant with standard CSA Z195-14<\/span><\/p>","protected":false},"excerpt":{"rendered":"<p>Safety Toe-Cap, Moab Vertex 2 - Merrell  Waterproof Membrane which prevents water from entering and allows moisture to escape.\n Full grain leather and mesh Waterproof pole.\n The air-filled tongue prevents debris from entering the shoe.\n Resistant abrasion rubber toe cap.\n 100% recycled lace-up.\n Lining in [&hellip;]<\/p>","protected":false},"featured_media":19130,"comment_status":"open","ping_status":"closed","template":"","meta":[],"product_cat":[621,602],"product_tag":[260,252,242,253],"class_list":{"0":"post-33972","1":"product","2":"type-product","3":"status-publish","4":"has-post-thumbnail","6":"product_brand-merrell","7":"product_cat-bottes-de-travail-6","8":"product_cat-hommes","9":"product_tag-bottillons-de-travail","10":"product_tag-electric-shock-resistant","11":"product_tag-homme","12":"product_tag-sole-protection","14":"first","15":"instock","16":"taxable","17":"shipping-taxable","18":"purchasable","19":"product-type-variable"},"yoast_head":"<!-- This site is optimized with the Yoast SEO plugin v25.3.1 - https:\/\/yoast.com\/wordpress\/plugins\/seo\/ -->\n<title>J005467W - BOTTILLON DE TRAVAIL - MOAB VERTEX 2 - Le Magasin Industriel<\/title>\n<meta name=\"robots\" content=\"index, follow, max-snippet:-1, max-image-preview:large, max-video-preview:-1\" \/>\n<link rel=\"canonical\" href=\"https:\/\/autravail.ca\/en\/product\/j005467w-bottillon-de-travail-moab-vertex-2\/\" \/>\n<meta property=\"og:locale\" content=\"en_US\" \/>\n<meta property=\"og:type\" content=\"article\" \/>\n<meta property=\"og:title\" content=\"J005467W - BOTTILLON DE TRAVAIL - MOAB VERTEX 2 - Le Magasin Industriel\" \/>\n<meta property=\"og:description\" content=\"Bottillon de s\u00e9curit\u00e9, Moab Vertex 2 &#8211; Merrell \u2022 Membrane imperm\u00e9able qui emp\u00eache l&rsquo;eau de p\u00e9n\u00e9trer et laisse l&rsquo;humidit\u00e9 s&rsquo;\u00e9chapper.\u2022 Tige imperm\u00e9able en cuir pleine fleur et en maille.\u2022 La languette \u00e0 soufflet emp\u00eache les d\u00e9bris de p\u00e9n\u00e9trer dans la chaussure.\u2022 Embout de protection en caoutchouc r\u00e9sistant \u00e0 l&rsquo;abrasion.\u2022 Sangle 100 % recycl\u00e9e.\u2022 Doublure en [&hellip;]\" \/>\n<meta property=\"og:url\" content=\"https:\/\/autravail.ca\/en\/product\/j005467w-bottillon-de-travail-moab-vertex-2\/\" \/>\n<meta property=\"og:site_name\" content=\"Le Magasin Industriel\" \/>\n<meta property=\"article:publisher\" content=\"https:\/\/www.facebook.com\/lemagasinindustriel\/?locale=fr_FR\" \/>\n<meta property=\"article:modified_time\" content=\"2025-12-05T09:10:23+00:00\" \/>\n<meta property=\"og:image\" content=\"https:\/\/autravail.ca\/wp-content\/uploads\/2025\/05\/J005467_A01.jpg\" \/>\n\t<meta property=\"og:image:width\" content=\"1000\" \/>\n\t<meta property=\"og:image:height\" content=\"1000\" \/>\n\t<meta property=\"og:image:type\" content=\"image\/jpeg\" \/>\n<meta name=\"twitter:card\" content=\"summary_large_image\" \/>\n<meta name=\"twitter:label1\" content=\"Est. reading time\" \/>\n\t<meta name=\"twitter:data1\" content=\"1 minute\" \/>\n<script type=\"application\/ld+json\" class=\"yoast-schema-graph\">{\"@context\":\"https:\/\/schema.org\",\"@graph\":[{\"@type\":\"WebPage\",\"@id\":\"https:\/\/autravail.ca\/product\/j005467w-bottillon-de-travail-moab-vertex-2\/\",\"url\":\"https:\/\/autravail.ca\/product\/j005467w-bottillon-de-travail-moab-vertex-2\/\",\"name\":\"J005467W - BOTTILLON DE TRAVAIL - MOAB VERTEX 2 - Le Magasin Industriel\",\"isPartOf\":{\"@id\":\"https:\/\/autravail.ca\/#website\"},\"primaryImageOfPage\":{\"@id\":\"https:\/\/autravail.ca\/product\/j005467w-bottillon-de-travail-moab-vertex-2\/#primaryimage\"},\"image\":{\"@id\":\"https:\/\/autravail.ca\/product\/j005467w-bottillon-de-travail-moab-vertex-2\/#primaryimage\"},\"thumbnailUrl\":\"https:\/\/autravail.ca\/wp-content\/uploads\/2025\/05\/J005467_A01.jpg\",\"datePublished\":\"2025-05-08T07:23:45+00:00\",\"dateModified\":\"2025-12-05T09:10:23+00:00\",\"breadcrumb\":{\"@id\":\"https:\/\/autravail.ca\/product\/j005467w-bottillon-de-travail-moab-vertex-2\/#breadcrumb\"},\"inLanguage\":\"en-CA\",\"potentialAction\":[{\"@type\":\"ReadAction\",\"target\":[\"https:\/\/autravail.ca\/product\/j005467w-bottillon-de-travail-moab-vertex-2\/\"]}]},{\"@type\":\"ImageObject\",\"inLanguage\":\"en-CA\",\"@id\":\"https:\/\/autravail.ca\/product\/j005467w-bottillon-de-travail-moab-vertex-2\/#primaryimage\",\"url\":\"https:\/\/autravail.ca\/wp-content\/uploads\/2025\/05\/J005467_A01.jpg\",\"contentUrl\":\"https:\/\/autravail.ca\/wp-content\/uploads\/2025\/05\/J005467_A01.jpg\",\"width\":1000,\"height\":1000},{\"@type\":\"BreadcrumbList\",\"@id\":\"https:\/\/autravail.ca\/product\/j005467w-bottillon-de-travail-moab-vertex-2\/#breadcrumb\",\"itemListElement\":[{\"@type\":\"ListItem\",\"position\":1,\"name\":\"Accueil\",\"item\":\"https:\/\/autravail.ca\/\"},{\"@type\":\"ListItem\",\"position\":2,\"name\":\"Magasin\",\"item\":\"https:\/\/autravail.ca\/en\/shop\/\"},{\"@type\":\"ListItem\",\"position\":3,\"name\":\"J005467W &#8211; BOTTILLON DE TRAVAIL &#8211; MOAB VERTEX 2\"}]},{\"@type\":\"WebSite\",\"@id\":\"https:\/\/autravail.ca\/#website\",\"url\":\"https:\/\/autravail.ca\/\",\"name\":\"Le Magasin Industriel\",\"description\":\"50 ans de tradition de s\u00e9curit\u00e9 au travail\",\"publisher\":{\"@id\":\"https:\/\/autravail.ca\/#organization\"},\"potentialAction\":[{\"@type\":\"SearchAction\",\"target\":{\"@type\":\"EntryPoint\",\"urlTemplate\":\"https:\/\/autravail.ca\/?s={search_term_string}\"},\"query-input\":{\"@type\":\"PropertyValueSpecification\",\"valueRequired\":true,\"valueName\":\"search_term_string\"}}],\"inLanguage\":\"en-CA\"},{\"@type\":\"Organization\",\"@id\":\"https:\/\/autravail.ca\/#organization\",\"name\":\"Le Magasin Industriel\",\"url\":\"https:\/\/autravail.ca\/\",\"logo\":{\"@type\":\"ImageObject\",\"inLanguage\":\"en-CA\",\"@id\":\"https:\/\/autravail.ca\/#\/schema\/logo\/image\/\",\"url\":\"https:\/\/autravail.ca\/wp-content\/uploads\/2025\/05\/cropped-magasin_industriel_120x.avif\",\"contentUrl\":\"https:\/\/autravail.ca\/wp-content\/uploads\/2025\/05\/cropped-magasin_industriel_120x.avif\",\"width\":120,\"height\":24,\"caption\":\"Le Magasin Industriel\"},\"image\":{\"@id\":\"https:\/\/autravail.ca\/#\/schema\/logo\/image\/\"},\"sameAs\":[\"https:\/\/www.facebook.com\/lemagasinindustriel\/?locale=fr_FR\"]}]}<\/script>\n<!-- \/ Yoast SEO plugin. -->","yoast_head_json":{"title":"J005467W - BOTTILLON DE TRAVAIL - MOAB VERTEX 2 - Le Magasin Industriel","robots":{"index":"index","follow":"follow","max-snippet":"max-snippet:-1","max-image-preview":"max-image-preview:large","max-video-preview":"max-video-preview:-1"},"canonical":"https:\/\/autravail.ca\/en\/product\/j005467w-bottillon-de-travail-moab-vertex-2\/","og_locale":"en_US","og_type":"article","og_title":"J005467W - BOTTILLON DE TRAVAIL - MOAB VERTEX 2 - Le Magasin Industriel","og_description":"Bottillon de s\u00e9curit\u00e9, Moab Vertex 2 &#8211; Merrell \u2022 Membrane imperm\u00e9able qui emp\u00eache l&rsquo;eau de p\u00e9n\u00e9trer et laisse l&rsquo;humidit\u00e9 s&rsquo;\u00e9chapper.\u2022 Tige imperm\u00e9able en cuir pleine fleur et en maille.\u2022 La languette \u00e0 soufflet emp\u00eache les d\u00e9bris de p\u00e9n\u00e9trer dans la chaussure.\u2022 Embout de protection en caoutchouc r\u00e9sistant \u00e0 l&rsquo;abrasion.\u2022 Sangle 100 % recycl\u00e9e.\u2022 Doublure en [&hellip;]","og_url":"https:\/\/autravail.ca\/en\/product\/j005467w-bottillon-de-travail-moab-vertex-2\/","og_site_name":"Le Magasin Industriel","article_publisher":"https:\/\/www.facebook.com\/lemagasinindustriel\/?locale=fr_FR","article_modified_time":"2025-12-05T09:10:23+00:00","og_image":[{"width":1000,"height":1000,"url":"https:\/\/autravail.ca\/wp-content\/uploads\/2025\/05\/J005467_A01.jpg","type":"image\/jpeg"}],"twitter_card":"summary_large_image","twitter_misc":{"Est. reading time":"1 minute"},"schema":{"@context":"https:\/\/schema.org","@graph":[{"@type":"WebPage","@id":"https:\/\/autravail.ca\/product\/j005467w-bottillon-de-travail-moab-vertex-2\/","url":"https:\/\/autravail.ca\/product\/j005467w-bottillon-de-travail-moab-vertex-2\/","name":"J005467W - BOTTILLON DE TRAVAIL - MOAB VERTEX 2 - Le Magasin Industriel","isPartOf":{"@id":"https:\/\/autravail.ca\/#website"},"primaryImageOfPage":{"@id":"https:\/\/autravail.ca\/product\/j005467w-bottillon-de-travail-moab-vertex-2\/#primaryimage"},"image":{"@id":"https:\/\/autravail.ca\/product\/j005467w-bottillon-de-travail-moab-vertex-2\/#primaryimage"},"thumbnailUrl":"https:\/\/autravail.ca\/wp-content\/uploads\/2025\/05\/J005467_A01.jpg","datePublished":"2025-05-08T07:23:45+00:00","dateModified":"2025-12-05T09:10:23+00:00","breadcrumb":{"@id":"https:\/\/autravail.ca\/product\/j005467w-bottillon-de-travail-moab-vertex-2\/#breadcrumb"},"inLanguage":"en-CA","potentialAction":[{"@type":"ReadAction","target":["https:\/\/autravail.ca\/product\/j005467w-bottillon-de-travail-moab-vertex-2\/"]}]},{"@type":"ImageObject","inLanguage":"en-CA","@id":"https:\/\/autravail.ca\/product\/j005467w-bottillon-de-travail-moab-vertex-2\/#primaryimage","url":"https:\/\/autravail.ca\/wp-content\/uploads\/2025\/05\/J005467_A01.jpg","contentUrl":"https:\/\/autravail.ca\/wp-content\/uploads\/2025\/05\/J005467_A01.jpg","width":1000,"height":1000},{"@type":"BreadcrumbList","@id":"https:\/\/autravail.ca\/product\/j005467w-bottillon-de-travail-moab-vertex-2\/#breadcrumb","itemListElement":[{"@type":"ListItem","position":1,"name":"Accueil","item":"https:\/\/autravail.ca\/"},{"@type":"ListItem","position":2,"name":"Magasin","item":"https:\/\/autravail.ca\/en\/shop\/"},{"@type":"ListItem","position":3,"name":"J005467W &#8211; BOTTILLON DE TRAVAIL &#8211; MOAB VERTEX 2"}]},{"@type":"WebSite","@id":"https:\/\/autravail.ca\/#website","url":"https:\/\/autravail.ca\/","name":"Le Magasin Industriel","description":"50 ans de tradition de s\u00e9curit\u00e9 au travail","publisher":{"@id":"https:\/\/autravail.ca\/#organization"},"potentialAction":[{"@type":"SearchAction","target":{"@type":"EntryPoint","urlTemplate":"https:\/\/autravail.ca\/?s={search_term_string}"},"query-input":{"@type":"PropertyValueSpecification","valueRequired":true,"valueName":"search_term_string"}}],"inLanguage":"en-CA"},{"@type":"Organization","@id":"https:\/\/autravail.ca\/#organization","name":"Le Magasin Industriel","url":"https:\/\/autravail.ca\/","logo":{"@type":"ImageObject","inLanguage":"en-CA","@id":"https:\/\/autravail.ca\/#\/schema\/logo\/image\/","url":"https:\/\/autravail.ca\/wp-content\/uploads\/2025\/05\/cropped-magasin_industriel_120x.avif","contentUrl":"https:\/\/autravail.ca\/wp-content\/uploads\/2025\/05\/cropped-magasin_industriel_120x.avif","width":120,"height":24,"caption":"Le Magasin Industriel"},"image":{"@id":"https:\/\/autravail.ca\/#\/schema\/logo\/image\/"},"sameAs":["https:\/\/www.facebook.com\/lemagasinindustriel\/?locale=fr_FR"]}]}},"jetpack_sharing_enabled":true,"_links":{"self":[{"href":"https:\/\/autravail.ca\/en\/wp-json\/wp\/v2\/product\/33972","targetHints":{"allow":["GET"]}}],"collection":[{"href":"https:\/\/autravail.ca\/en\/wp-json\/wp\/v2\/product"}],"about":[{"href":"https:\/\/autravail.ca\/en\/wp-json\/wp\/v2\/types\/product"}],"replies":[{"embeddable":true,"href":"https:\/\/autravail.ca\/en\/wp-json\/wp\/v2\/comments?post=33972"}],"wp:featuredmedia":[{"embeddable":true,"href":"https:\/\/autravail.ca\/en\/wp-json\/wp\/v2\/media\/19130"}],"wp:attachment":[{"href":"https:\/\/autravail.ca\/en\/wp-json\/wp\/v2\/media?parent=33972"}],"wp:term":[{"taxonomy":"product_cat","embeddable":true,"href":"https:\/\/autravail.ca\/en\/wp-json\/wp\/v2\/product_cat?post=33972"},{"taxonomy":"product_tag","embeddable":true,"href":"https:\/\/autravail.ca\/en\/wp-json\/wp\/v2\/product_tag?post=33972"}],"curies":[{"name":"wp","href":"https:\/\/api.w.org\/{rel}","templated":true}]}}