{"id":33912,"date":"2025-05-08T07:23:07","date_gmt":"2025-05-08T07:23:07","guid":{"rendered":"https:\/\/meteoquebec.ca\/?post_type=product&#038;p=33912"},"modified":"2025-12-05T05:10:24","modified_gmt":"2025-12-05T09:10:24","slug":"2055-manteau-impermeable-hugo-strong-orage","status":"publish","type":"product","link":"https:\/\/autravail.ca\/en\/product\/2055-manteau-impermeable-hugo-strong-orage\/","title":{"rendered":"2055 - Hugo Strong Waterproof Coat - STORM"},"content":{"rendered":"<h3>RAINCOAT ORAGE<br \/>\n<\/h3>\n<ul>\n<li>Induction of polyurethane, PVC (360 g\/m - waterproof and robust)<strong data-mce-fragment=\"1\"><\/strong> with watertightness 5000 mm<\/li>\n<li>Hugo Strong Storm Model number 2055<\/li>\n<li>Large adjustable hood by cord<\/li>\n<li>Sliding closure injected under double leg<\/li>\n<li>3 exterior pockets with water penetration system<\/li>\n<li>Zipped inner breast pocket \n<\/li>\n<li>Wrists cut with ventilation system back<\/li>\n<li>Thermally Welded Watertight Seams\n<\/li>\n<li>Trousers sold separately: <a href=\"https:\/\/autravail.ca\/en\/products\/pantalons-impermeables-de-hugo-strong\/\" title=\"rain pants\" target=\"_blank\">Thunder 1252<\/a>\n<\/li>\n<\/ul>","protected":false},"excerpt":{"rendered":"<p>ORAGE Raincoat Polyurethane-coated PVC (360 g\/m  waterproof and durable) with 5000 mm waterproofing. Hugo Strong Orage model number 2055. Large adjustable hood with drawcord. Injected zipper closure under double flap. 3 exterior pockets with water-repellent system. Interior zippered chest pocket. Windproof cuffs with back ventilation system. Seams []<\/p>","protected":false},"featured_media":19055,"comment_status":"open","ping_status":"closed","template":"","meta":[],"product_cat":[599,677],"product_tag":[242,280,250],"class_list":{"0":"post-33912","1":"product","2":"type-product","3":"status-publish","4":"has-post-thumbnail","6":"product_brand-hugo-strong","7":"product_cat-apparel-accessories","8":"product_cat-hugo-strong","9":"product_tag-homme","10":"product_tag-impermeables","11":"product_tag-manteaux","13":"first","14":"instock","15":"taxable","16":"shipping-taxable","17":"purchasable","18":"product-type-variable"},"yoast_head":"<!-- This site is optimized with the Yoast SEO plugin v25.3.1 - https:\/\/yoast.com\/wordpress\/plugins\/seo\/ -->\n<title>2055 - Manteau Imperm\u00e9able Hugo Strong - ORAGE - Le Magasin Industriel<\/title>\n<meta name=\"robots\" content=\"index, follow, max-snippet:-1, max-image-preview:large, max-video-preview:-1\" \/>\n<link rel=\"canonical\" href=\"https:\/\/autravail.ca\/en\/product\/2055-manteau-impermeable-hugo-strong-orage\/\" \/>\n<meta property=\"og:locale\" content=\"en_US\" \/>\n<meta property=\"og:type\" content=\"article\" \/>\n<meta property=\"og:title\" content=\"2055 - Manteau Imperm\u00e9able Hugo Strong - ORAGE - Le Magasin Industriel\" \/>\n<meta property=\"og:description\" content=\"Manteau de pluie ORAGE Enduction de polyur\u00e9thane, PVC (360 g\/m\u00b2 \u2013 \u00e9tanche et robuste) avec \u00e9tanch\u00e9it\u00e9 5000 mm Mod\u00e8le Orage de Hugo Strong num\u00e9ro 2055 Grande capuche resserrable par cordon Fermeture \u00e0 glissi\u00e8re inject\u00e9e sous double patte 3 poches ext\u00e9rieures avec syst\u00e8me anti-p\u00e9n\u00e9tration d\u2019eau Poche poitrine int\u00e9rieure zipp\u00e9e Poignets coupevent avec syst\u00e8me d\u2019a\u00e9ration dos Coutures [&hellip;]\" \/>\n<meta property=\"og:url\" content=\"https:\/\/autravail.ca\/en\/product\/2055-manteau-impermeable-hugo-strong-orage\/\" \/>\n<meta property=\"og:site_name\" content=\"Le Magasin Industriel\" \/>\n<meta property=\"article:publisher\" content=\"https:\/\/www.facebook.com\/lemagasinindustriel\/?locale=fr_FR\" \/>\n<meta property=\"article:modified_time\" content=\"2025-12-05T09:10:24+00:00\" \/>\n<meta property=\"og:image\" content=\"https:\/\/autravail.ca\/wp-content\/uploads\/2025\/05\/Orage_A01.jpg\" \/>\n\t<meta property=\"og:image:width\" content=\"800\" \/>\n\t<meta property=\"og:image:height\" content=\"720\" \/>\n\t<meta property=\"og:image:type\" content=\"image\/jpeg\" \/>\n<meta name=\"twitter:card\" content=\"summary_large_image\" \/>\n<script type=\"application\/ld+json\" class=\"yoast-schema-graph\">{\"@context\":\"https:\/\/schema.org\",\"@graph\":[{\"@type\":\"WebPage\",\"@id\":\"https:\/\/autravail.ca\/en\/product\/2055-manteau-impermeable-hugo-strong-orage\/\",\"url\":\"https:\/\/autravail.ca\/en\/product\/2055-manteau-impermeable-hugo-strong-orage\/\",\"name\":\"2055 - Manteau Imperm\u00e9able Hugo Strong - ORAGE - Le Magasin Industriel\",\"isPartOf\":{\"@id\":\"https:\/\/autravail.ca\/#website\"},\"primaryImageOfPage\":{\"@id\":\"https:\/\/autravail.ca\/en\/product\/2055-manteau-impermeable-hugo-strong-orage\/#primaryimage\"},\"image\":{\"@id\":\"https:\/\/autravail.ca\/en\/product\/2055-manteau-impermeable-hugo-strong-orage\/#primaryimage\"},\"thumbnailUrl\":\"https:\/\/autravail.ca\/wp-content\/uploads\/2025\/05\/Orage_A01.jpg\",\"datePublished\":\"2025-05-08T07:23:07+00:00\",\"dateModified\":\"2025-12-05T09:10:24+00:00\",\"breadcrumb\":{\"@id\":\"https:\/\/autravail.ca\/en\/product\/2055-manteau-impermeable-hugo-strong-orage\/#breadcrumb\"},\"inLanguage\":\"en-CA\",\"potentialAction\":[{\"@type\":\"ReadAction\",\"target\":[\"https:\/\/autravail.ca\/en\/product\/2055-manteau-impermeable-hugo-strong-orage\/\"]}]},{\"@type\":\"ImageObject\",\"inLanguage\":\"en-CA\",\"@id\":\"https:\/\/autravail.ca\/en\/product\/2055-manteau-impermeable-hugo-strong-orage\/#primaryimage\",\"url\":\"https:\/\/autravail.ca\/wp-content\/uploads\/2025\/05\/Orage_A01.jpg\",\"contentUrl\":\"https:\/\/autravail.ca\/wp-content\/uploads\/2025\/05\/Orage_A01.jpg\",\"width\":800,\"height\":720},{\"@type\":\"BreadcrumbList\",\"@id\":\"https:\/\/autravail.ca\/en\/product\/2055-manteau-impermeable-hugo-strong-orage\/#breadcrumb\",\"itemListElement\":[{\"@type\":\"ListItem\",\"position\":1,\"name\":\"Accueil\",\"item\":\"https:\/\/autravail.ca\/\"},{\"@type\":\"ListItem\",\"position\":2,\"name\":\"Magasin\",\"item\":\"https:\/\/autravail.ca\/en\/shop\/\"},{\"@type\":\"ListItem\",\"position\":3,\"name\":\"2055 &#8211; Manteau Imperm\u00e9able Hugo Strong &#8211; ORAGE\"}]},{\"@type\":\"WebSite\",\"@id\":\"https:\/\/autravail.ca\/#website\",\"url\":\"https:\/\/autravail.ca\/\",\"name\":\"Le Magasin Industriel\",\"description\":\"50 ans de tradition de s\u00e9curit\u00e9 au travail\",\"publisher\":{\"@id\":\"https:\/\/autravail.ca\/#organization\"},\"potentialAction\":[{\"@type\":\"SearchAction\",\"target\":{\"@type\":\"EntryPoint\",\"urlTemplate\":\"https:\/\/autravail.ca\/?s={search_term_string}\"},\"query-input\":{\"@type\":\"PropertyValueSpecification\",\"valueRequired\":true,\"valueName\":\"search_term_string\"}}],\"inLanguage\":\"en-CA\"},{\"@type\":\"Organization\",\"@id\":\"https:\/\/autravail.ca\/#organization\",\"name\":\"Le Magasin Industriel\",\"url\":\"https:\/\/autravail.ca\/\",\"logo\":{\"@type\":\"ImageObject\",\"inLanguage\":\"en-CA\",\"@id\":\"https:\/\/autravail.ca\/#\/schema\/logo\/image\/\",\"url\":\"https:\/\/autravail.ca\/wp-content\/uploads\/2025\/05\/cropped-magasin_industriel_120x.avif\",\"contentUrl\":\"https:\/\/autravail.ca\/wp-content\/uploads\/2025\/05\/cropped-magasin_industriel_120x.avif\",\"width\":120,\"height\":24,\"caption\":\"Le Magasin Industriel\"},\"image\":{\"@id\":\"https:\/\/autravail.ca\/#\/schema\/logo\/image\/\"},\"sameAs\":[\"https:\/\/www.facebook.com\/lemagasinindustriel\/?locale=fr_FR\"]}]}<\/script>\n<!-- \/ Yoast SEO plugin. -->","yoast_head_json":{"title":"2055 - Manteau Imperm\u00e9able Hugo Strong - ORAGE - Le Magasin Industriel","robots":{"index":"index","follow":"follow","max-snippet":"max-snippet:-1","max-image-preview":"max-image-preview:large","max-video-preview":"max-video-preview:-1"},"canonical":"https:\/\/autravail.ca\/en\/product\/2055-manteau-impermeable-hugo-strong-orage\/","og_locale":"en_US","og_type":"article","og_title":"2055 - Manteau Imperm\u00e9able Hugo Strong - ORAGE - Le Magasin Industriel","og_description":"Manteau de pluie ORAGE Enduction de polyur\u00e9thane, PVC (360 g\/m\u00b2 \u2013 \u00e9tanche et robuste) avec \u00e9tanch\u00e9it\u00e9 5000 mm Mod\u00e8le Orage de Hugo Strong num\u00e9ro 2055 Grande capuche resserrable par cordon Fermeture \u00e0 glissi\u00e8re inject\u00e9e sous double patte 3 poches ext\u00e9rieures avec syst\u00e8me anti-p\u00e9n\u00e9tration d\u2019eau Poche poitrine int\u00e9rieure zipp\u00e9e Poignets coupevent avec syst\u00e8me d\u2019a\u00e9ration dos Coutures [&hellip;]","og_url":"https:\/\/autravail.ca\/en\/product\/2055-manteau-impermeable-hugo-strong-orage\/","og_site_name":"Le Magasin Industriel","article_publisher":"https:\/\/www.facebook.com\/lemagasinindustriel\/?locale=fr_FR","article_modified_time":"2025-12-05T09:10:24+00:00","og_image":[{"width":800,"height":720,"url":"https:\/\/autravail.ca\/wp-content\/uploads\/2025\/05\/Orage_A01.jpg","type":"image\/jpeg"}],"twitter_card":"summary_large_image","schema":{"@context":"https:\/\/schema.org","@graph":[{"@type":"WebPage","@id":"https:\/\/autravail.ca\/en\/product\/2055-manteau-impermeable-hugo-strong-orage\/","url":"https:\/\/autravail.ca\/en\/product\/2055-manteau-impermeable-hugo-strong-orage\/","name":"2055 - Manteau Imperm\u00e9able Hugo Strong - ORAGE - Le Magasin Industriel","isPartOf":{"@id":"https:\/\/autravail.ca\/#website"},"primaryImageOfPage":{"@id":"https:\/\/autravail.ca\/en\/product\/2055-manteau-impermeable-hugo-strong-orage\/#primaryimage"},"image":{"@id":"https:\/\/autravail.ca\/en\/product\/2055-manteau-impermeable-hugo-strong-orage\/#primaryimage"},"thumbnailUrl":"https:\/\/autravail.ca\/wp-content\/uploads\/2025\/05\/Orage_A01.jpg","datePublished":"2025-05-08T07:23:07+00:00","dateModified":"2025-12-05T09:10:24+00:00","breadcrumb":{"@id":"https:\/\/autravail.ca\/en\/product\/2055-manteau-impermeable-hugo-strong-orage\/#breadcrumb"},"inLanguage":"en-CA","potentialAction":[{"@type":"ReadAction","target":["https:\/\/autravail.ca\/en\/product\/2055-manteau-impermeable-hugo-strong-orage\/"]}]},{"@type":"ImageObject","inLanguage":"en-CA","@id":"https:\/\/autravail.ca\/en\/product\/2055-manteau-impermeable-hugo-strong-orage\/#primaryimage","url":"https:\/\/autravail.ca\/wp-content\/uploads\/2025\/05\/Orage_A01.jpg","contentUrl":"https:\/\/autravail.ca\/wp-content\/uploads\/2025\/05\/Orage_A01.jpg","width":800,"height":720},{"@type":"BreadcrumbList","@id":"https:\/\/autravail.ca\/en\/product\/2055-manteau-impermeable-hugo-strong-orage\/#breadcrumb","itemListElement":[{"@type":"ListItem","position":1,"name":"Accueil","item":"https:\/\/autravail.ca\/"},{"@type":"ListItem","position":2,"name":"Magasin","item":"https:\/\/autravail.ca\/en\/shop\/"},{"@type":"ListItem","position":3,"name":"2055 &#8211; Manteau Imperm\u00e9able Hugo Strong &#8211; ORAGE"}]},{"@type":"WebSite","@id":"https:\/\/autravail.ca\/#website","url":"https:\/\/autravail.ca\/","name":"Le Magasin Industriel","description":"50 ans de tradition de s\u00e9curit\u00e9 au travail","publisher":{"@id":"https:\/\/autravail.ca\/#organization"},"potentialAction":[{"@type":"SearchAction","target":{"@type":"EntryPoint","urlTemplate":"https:\/\/autravail.ca\/?s={search_term_string}"},"query-input":{"@type":"PropertyValueSpecification","valueRequired":true,"valueName":"search_term_string"}}],"inLanguage":"en-CA"},{"@type":"Organization","@id":"https:\/\/autravail.ca\/#organization","name":"Le Magasin Industriel","url":"https:\/\/autravail.ca\/","logo":{"@type":"ImageObject","inLanguage":"en-CA","@id":"https:\/\/autravail.ca\/#\/schema\/logo\/image\/","url":"https:\/\/autravail.ca\/wp-content\/uploads\/2025\/05\/cropped-magasin_industriel_120x.avif","contentUrl":"https:\/\/autravail.ca\/wp-content\/uploads\/2025\/05\/cropped-magasin_industriel_120x.avif","width":120,"height":24,"caption":"Le Magasin Industriel"},"image":{"@id":"https:\/\/autravail.ca\/#\/schema\/logo\/image\/"},"sameAs":["https:\/\/www.facebook.com\/lemagasinindustriel\/?locale=fr_FR"]}]}},"jetpack_sharing_enabled":true,"_links":{"self":[{"href":"https:\/\/autravail.ca\/en\/wp-json\/wp\/v2\/product\/33912","targetHints":{"allow":["GET"]}}],"collection":[{"href":"https:\/\/autravail.ca\/en\/wp-json\/wp\/v2\/product"}],"about":[{"href":"https:\/\/autravail.ca\/en\/wp-json\/wp\/v2\/types\/product"}],"replies":[{"embeddable":true,"href":"https:\/\/autravail.ca\/en\/wp-json\/wp\/v2\/comments?post=33912"}],"wp:featuredmedia":[{"embeddable":true,"href":"https:\/\/autravail.ca\/en\/wp-json\/wp\/v2\/media\/19055"}],"wp:attachment":[{"href":"https:\/\/autravail.ca\/en\/wp-json\/wp\/v2\/media?parent=33912"}],"wp:term":[{"taxonomy":"product_cat","embeddable":true,"href":"https:\/\/autravail.ca\/en\/wp-json\/wp\/v2\/product_cat?post=33912"},{"taxonomy":"product_tag","embeddable":true,"href":"https:\/\/autravail.ca\/en\/wp-json\/wp\/v2\/product_tag?post=33912"}],"curies":[{"name":"wp","href":"https:\/\/api.w.org\/{rel}","templated":true}]}}