{"id":33822,"date":"2025-05-08T07:22:17","date_gmt":"2025-05-08T07:22:17","guid":{"rendered":"https:\/\/meteoquebec.ca\/?post_type=product&#038;p=33822"},"modified":"2025-12-05T05:10:24","modified_gmt":"2025-12-05T09:10:24","slug":"ib4315-espadrille-de-travail","status":"publish","type":"product","link":"https:\/\/autravail.ca\/en\/product\/ib4315-espadrille-de-travail\/","title":{"rendered":"IB4315 - WORK Sneakers"},"content":{"rendered":"<p>Safety Espadrilles, Fusion Flexwear - Reebok<\/p>\n<p>Tube : Ultraknit and Flexweave Tube<br \/>Lining: Nylon mesh draining moisture<br \/>Exterior sole: intermediate outsole made of Floatride Energy foam and exterior anti-slip rubber sole<br \/>Midsole Intercalaire: The Midsole Intercalaire in Floatride Energy Foam is lighter than traditional EVA<br \/>Inner Sole: Removable Forefoot Cushion in EVA<br \/>Size range: Large 7-11, 12, 13, 14 and 15<br \/>Profession: Industrial, Hotel or Restaurant<span style=\"color: #040404;\"><em>.<\/em><\/span><\/p>\n<div class=\"custom-field--value\">\n<span style=\"color: #f70a0a;\"><em><\/em><\/span>\n<\/div>\n<div class=\"custom-field--value\"><span style=\"color: #f70a0a;\"><em>Possible delivery delay for this model.<\/em><\/span><\/div>","protected":false},"excerpt":{"rendered":"<p>Fusion Flexwear Safety Sneaker  Reebok Upper: Ultraknit and Flexweave. Lining: Moisture-wicking nylon mesh. Outsole: Floatride Energy foam midsole and slip-resistant rubber outsole. Midsole: Floatride Energy foam, lighter than traditional EVA. Insole: Removable EVA footbed.<\/p>","protected":false},"featured_media":18934,"comment_status":"open","ping_status":"closed","template":"","meta":[],"product_cat":[645,602],"product_tag":[270,242,257],"class_list":{"0":"post-33822","1":"product","2":"type-product","3":"status-publish","4":"has-post-thumbnail","6":"product_brand-reebok","7":"product_cat-espadrilles-de-travail","8":"product_cat-hommes","9":"product_tag-espadrilles-de-travail","10":"product_tag-homme","11":"product_tag-souliers-de-travail","13":"first","14":"instock","15":"taxable","16":"shipping-taxable","17":"purchasable","18":"product-type-variable"},"yoast_head":"<!-- This site is optimized with the Yoast SEO plugin v25.3.1 - https:\/\/yoast.com\/wordpress\/plugins\/seo\/ -->\n<title>IB4315 - ESPADRILLE DE TRAVAIL - Le Magasin Industriel<\/title>\n<meta name=\"robots\" content=\"index, follow, max-snippet:-1, max-image-preview:large, max-video-preview:-1\" \/>\n<link rel=\"canonical\" href=\"https:\/\/autravail.ca\/en\/product\/ib4315-espadrille-de-travail\/\" \/>\n<meta property=\"og:locale\" content=\"en_US\" \/>\n<meta property=\"og:type\" content=\"article\" \/>\n<meta property=\"og:title\" content=\"IB4315 - ESPADRILLE DE TRAVAIL - Le Magasin Industriel\" \/>\n<meta property=\"og:description\" content=\"Espadrille de s\u00e9curit\u00e9, Fusion Flexwear &#8211; Reebok Tige : tige Ultraknit et FlexweaveDoublure : Maille de nylon \u00e9vacuant l&rsquo;humidit\u00e9Semelle ext\u00e9rieure : semelle interm\u00e9diaire en mousse Floatride Energy et semelle ext\u00e9rieure antid\u00e9rapante en caoutchoucSemelle intercalaire : la semelle intercalaire en mousse Floatride Energy est plus l\u00e9g\u00e8re que l&rsquo;EVA traditionnelSemelle int\u00e9rieure : assise plantaire amovible en EVAGamme [&hellip;]\" \/>\n<meta property=\"og:url\" content=\"https:\/\/autravail.ca\/en\/product\/ib4315-espadrille-de-travail\/\" \/>\n<meta property=\"og:site_name\" content=\"Le Magasin Industriel\" \/>\n<meta property=\"article:publisher\" content=\"https:\/\/www.facebook.com\/lemagasinindustriel\/?locale=fr_FR\" \/>\n<meta property=\"article:modified_time\" content=\"2025-12-05T09:10:24+00:00\" \/>\n<meta property=\"og:image\" content=\"https:\/\/autravail.ca\/wp-content\/uploads\/2025\/05\/IB4315_A01_2a05350f-52ad-4c71-b406-c9f865b55735.jpg\" \/>\n\t<meta property=\"og:image:width\" content=\"1000\" \/>\n\t<meta property=\"og:image:height\" content=\"1000\" \/>\n\t<meta property=\"og:image:type\" content=\"image\/jpeg\" \/>\n<meta name=\"twitter:card\" content=\"summary_large_image\" \/>\n<script type=\"application\/ld+json\" class=\"yoast-schema-graph\">{\"@context\":\"https:\/\/schema.org\",\"@graph\":[{\"@type\":\"WebPage\",\"@id\":\"https:\/\/autravail.ca\/product\/ib4315-espadrille-de-travail\/\",\"url\":\"https:\/\/autravail.ca\/product\/ib4315-espadrille-de-travail\/\",\"name\":\"IB4315 - ESPADRILLE DE TRAVAIL - Le Magasin Industriel\",\"isPartOf\":{\"@id\":\"https:\/\/autravail.ca\/#website\"},\"primaryImageOfPage\":{\"@id\":\"https:\/\/autravail.ca\/product\/ib4315-espadrille-de-travail\/#primaryimage\"},\"image\":{\"@id\":\"https:\/\/autravail.ca\/product\/ib4315-espadrille-de-travail\/#primaryimage\"},\"thumbnailUrl\":\"https:\/\/autravail.ca\/wp-content\/uploads\/2025\/05\/IB4315_A01_2a05350f-52ad-4c71-b406-c9f865b55735.jpg\",\"datePublished\":\"2025-05-08T07:22:17+00:00\",\"dateModified\":\"2025-12-05T09:10:24+00:00\",\"breadcrumb\":{\"@id\":\"https:\/\/autravail.ca\/product\/ib4315-espadrille-de-travail\/#breadcrumb\"},\"inLanguage\":\"en-CA\",\"potentialAction\":[{\"@type\":\"ReadAction\",\"target\":[\"https:\/\/autravail.ca\/product\/ib4315-espadrille-de-travail\/\"]}]},{\"@type\":\"ImageObject\",\"inLanguage\":\"en-CA\",\"@id\":\"https:\/\/autravail.ca\/product\/ib4315-espadrille-de-travail\/#primaryimage\",\"url\":\"https:\/\/autravail.ca\/wp-content\/uploads\/2025\/05\/IB4315_A01_2a05350f-52ad-4c71-b406-c9f865b55735.jpg\",\"contentUrl\":\"https:\/\/autravail.ca\/wp-content\/uploads\/2025\/05\/IB4315_A01_2a05350f-52ad-4c71-b406-c9f865b55735.jpg\",\"width\":1000,\"height\":1000},{\"@type\":\"BreadcrumbList\",\"@id\":\"https:\/\/autravail.ca\/product\/ib4315-espadrille-de-travail\/#breadcrumb\",\"itemListElement\":[{\"@type\":\"ListItem\",\"position\":1,\"name\":\"Accueil\",\"item\":\"https:\/\/autravail.ca\/\"},{\"@type\":\"ListItem\",\"position\":2,\"name\":\"Magasin\",\"item\":\"https:\/\/autravail.ca\/en\/shop\/\"},{\"@type\":\"ListItem\",\"position\":3,\"name\":\"IB4315 &#8211; ESPADRILLE DE TRAVAIL\"}]},{\"@type\":\"WebSite\",\"@id\":\"https:\/\/autravail.ca\/#website\",\"url\":\"https:\/\/autravail.ca\/\",\"name\":\"Le Magasin Industriel\",\"description\":\"50 ans de tradition de s\u00e9curit\u00e9 au travail\",\"publisher\":{\"@id\":\"https:\/\/autravail.ca\/#organization\"},\"potentialAction\":[{\"@type\":\"SearchAction\",\"target\":{\"@type\":\"EntryPoint\",\"urlTemplate\":\"https:\/\/autravail.ca\/?s={search_term_string}\"},\"query-input\":{\"@type\":\"PropertyValueSpecification\",\"valueRequired\":true,\"valueName\":\"search_term_string\"}}],\"inLanguage\":\"en-CA\"},{\"@type\":\"Organization\",\"@id\":\"https:\/\/autravail.ca\/#organization\",\"name\":\"Le Magasin Industriel\",\"url\":\"https:\/\/autravail.ca\/\",\"logo\":{\"@type\":\"ImageObject\",\"inLanguage\":\"en-CA\",\"@id\":\"https:\/\/autravail.ca\/#\/schema\/logo\/image\/\",\"url\":\"https:\/\/autravail.ca\/wp-content\/uploads\/2025\/05\/cropped-magasin_industriel_120x.avif\",\"contentUrl\":\"https:\/\/autravail.ca\/wp-content\/uploads\/2025\/05\/cropped-magasin_industriel_120x.avif\",\"width\":120,\"height\":24,\"caption\":\"Le Magasin Industriel\"},\"image\":{\"@id\":\"https:\/\/autravail.ca\/#\/schema\/logo\/image\/\"},\"sameAs\":[\"https:\/\/www.facebook.com\/lemagasinindustriel\/?locale=fr_FR\"]}]}<\/script>\n<!-- \/ Yoast SEO plugin. -->","yoast_head_json":{"title":"IB4315 - ESPADRILLE DE TRAVAIL - Le Magasin Industriel","robots":{"index":"index","follow":"follow","max-snippet":"max-snippet:-1","max-image-preview":"max-image-preview:large","max-video-preview":"max-video-preview:-1"},"canonical":"https:\/\/autravail.ca\/en\/product\/ib4315-espadrille-de-travail\/","og_locale":"en_US","og_type":"article","og_title":"IB4315 - ESPADRILLE DE TRAVAIL - Le Magasin Industriel","og_description":"Espadrille de s\u00e9curit\u00e9, Fusion Flexwear &#8211; Reebok Tige : tige Ultraknit et FlexweaveDoublure : Maille de nylon \u00e9vacuant l&rsquo;humidit\u00e9Semelle ext\u00e9rieure : semelle interm\u00e9diaire en mousse Floatride Energy et semelle ext\u00e9rieure antid\u00e9rapante en caoutchoucSemelle intercalaire : la semelle intercalaire en mousse Floatride Energy est plus l\u00e9g\u00e8re que l&rsquo;EVA traditionnelSemelle int\u00e9rieure : assise plantaire amovible en EVAGamme [&hellip;]","og_url":"https:\/\/autravail.ca\/en\/product\/ib4315-espadrille-de-travail\/","og_site_name":"Le Magasin Industriel","article_publisher":"https:\/\/www.facebook.com\/lemagasinindustriel\/?locale=fr_FR","article_modified_time":"2025-12-05T09:10:24+00:00","og_image":[{"width":1000,"height":1000,"url":"https:\/\/autravail.ca\/wp-content\/uploads\/2025\/05\/IB4315_A01_2a05350f-52ad-4c71-b406-c9f865b55735.jpg","type":"image\/jpeg"}],"twitter_card":"summary_large_image","schema":{"@context":"https:\/\/schema.org","@graph":[{"@type":"WebPage","@id":"https:\/\/autravail.ca\/product\/ib4315-espadrille-de-travail\/","url":"https:\/\/autravail.ca\/product\/ib4315-espadrille-de-travail\/","name":"IB4315 - ESPADRILLE DE TRAVAIL - Le Magasin Industriel","isPartOf":{"@id":"https:\/\/autravail.ca\/#website"},"primaryImageOfPage":{"@id":"https:\/\/autravail.ca\/product\/ib4315-espadrille-de-travail\/#primaryimage"},"image":{"@id":"https:\/\/autravail.ca\/product\/ib4315-espadrille-de-travail\/#primaryimage"},"thumbnailUrl":"https:\/\/autravail.ca\/wp-content\/uploads\/2025\/05\/IB4315_A01_2a05350f-52ad-4c71-b406-c9f865b55735.jpg","datePublished":"2025-05-08T07:22:17+00:00","dateModified":"2025-12-05T09:10:24+00:00","breadcrumb":{"@id":"https:\/\/autravail.ca\/product\/ib4315-espadrille-de-travail\/#breadcrumb"},"inLanguage":"en-CA","potentialAction":[{"@type":"ReadAction","target":["https:\/\/autravail.ca\/product\/ib4315-espadrille-de-travail\/"]}]},{"@type":"ImageObject","inLanguage":"en-CA","@id":"https:\/\/autravail.ca\/product\/ib4315-espadrille-de-travail\/#primaryimage","url":"https:\/\/autravail.ca\/wp-content\/uploads\/2025\/05\/IB4315_A01_2a05350f-52ad-4c71-b406-c9f865b55735.jpg","contentUrl":"https:\/\/autravail.ca\/wp-content\/uploads\/2025\/05\/IB4315_A01_2a05350f-52ad-4c71-b406-c9f865b55735.jpg","width":1000,"height":1000},{"@type":"BreadcrumbList","@id":"https:\/\/autravail.ca\/product\/ib4315-espadrille-de-travail\/#breadcrumb","itemListElement":[{"@type":"ListItem","position":1,"name":"Accueil","item":"https:\/\/autravail.ca\/"},{"@type":"ListItem","position":2,"name":"Magasin","item":"https:\/\/autravail.ca\/en\/shop\/"},{"@type":"ListItem","position":3,"name":"IB4315 &#8211; ESPADRILLE DE TRAVAIL"}]},{"@type":"WebSite","@id":"https:\/\/autravail.ca\/#website","url":"https:\/\/autravail.ca\/","name":"Le Magasin Industriel","description":"50 ans de tradition de s\u00e9curit\u00e9 au travail","publisher":{"@id":"https:\/\/autravail.ca\/#organization"},"potentialAction":[{"@type":"SearchAction","target":{"@type":"EntryPoint","urlTemplate":"https:\/\/autravail.ca\/?s={search_term_string}"},"query-input":{"@type":"PropertyValueSpecification","valueRequired":true,"valueName":"search_term_string"}}],"inLanguage":"en-CA"},{"@type":"Organization","@id":"https:\/\/autravail.ca\/#organization","name":"Le Magasin Industriel","url":"https:\/\/autravail.ca\/","logo":{"@type":"ImageObject","inLanguage":"en-CA","@id":"https:\/\/autravail.ca\/#\/schema\/logo\/image\/","url":"https:\/\/autravail.ca\/wp-content\/uploads\/2025\/05\/cropped-magasin_industriel_120x.avif","contentUrl":"https:\/\/autravail.ca\/wp-content\/uploads\/2025\/05\/cropped-magasin_industriel_120x.avif","width":120,"height":24,"caption":"Le Magasin Industriel"},"image":{"@id":"https:\/\/autravail.ca\/#\/schema\/logo\/image\/"},"sameAs":["https:\/\/www.facebook.com\/lemagasinindustriel\/?locale=fr_FR"]}]}},"jetpack_sharing_enabled":true,"_links":{"self":[{"href":"https:\/\/autravail.ca\/en\/wp-json\/wp\/v2\/product\/33822","targetHints":{"allow":["GET"]}}],"collection":[{"href":"https:\/\/autravail.ca\/en\/wp-json\/wp\/v2\/product"}],"about":[{"href":"https:\/\/autravail.ca\/en\/wp-json\/wp\/v2\/types\/product"}],"replies":[{"embeddable":true,"href":"https:\/\/autravail.ca\/en\/wp-json\/wp\/v2\/comments?post=33822"}],"wp:featuredmedia":[{"embeddable":true,"href":"https:\/\/autravail.ca\/en\/wp-json\/wp\/v2\/media\/18934"}],"wp:attachment":[{"href":"https:\/\/autravail.ca\/en\/wp-json\/wp\/v2\/media?parent=33822"}],"wp:term":[{"taxonomy":"product_cat","embeddable":true,"href":"https:\/\/autravail.ca\/en\/wp-json\/wp\/v2\/product_cat?post=33822"},{"taxonomy":"product_tag","embeddable":true,"href":"https:\/\/autravail.ca\/en\/wp-json\/wp\/v2\/product_tag?post=33822"}],"curies":[{"name":"wp","href":"https:\/\/api.w.org\/{rel}","templated":true}]}}