{"id":33732,"date":"2025-05-08T07:21:30","date_gmt":"2025-05-08T07:21:30","guid":{"rendered":"https:\/\/meteoquebec.ca\/?post_type=product&#038;p=33732"},"modified":"2025-12-05T05:10:25","modified_gmt":"2025-12-05T09:10:25","slug":"espadrille-de-travail-reebok-sublite-ib4041","status":"publish","type":"product","link":"https:\/\/autravail.ca\/en\/product\/espadrille-de-travail-reebok-sublite-ib4041\/","title":{"rendered":"Espadrille de travail Reebok Sublite &#8211; IB4041"},"content":{"rendered":"<h3>Espadrille de travail Reebok Sublite &#8211; IB4041<\/h3>\n<div>\n<div id=\"GPKdr75VxxULKQtmtrwed-content-0\">\n<p>L\u2019Espadrille de travail Reebok Sublite &#8211; IB4041 combine robustesse et confort pour les longues journ\u00e9es actives. Sa conception l\u00e9g\u00e8re r\u00e9duit la fatigue et favorise la mobilit\u00e9. La semelle antid\u00e9rapante assure une excellente adh\u00e9rence sur diverses surfaces, m\u00eame en environnements exigeants. Le design respirant garde les pieds au sec et limite la chaleur accumul\u00e9e. Le bout renforc\u00e9 prot\u00e8ge efficacement contre les chocs et les impacts impr\u00e9vus. La doublure int\u00e9rieure douce am\u00e9liore le confort et r\u00e9duit les frottements. La chaussure s\u2019adapte parfaitement aux mouvements rapides et aux t\u00e2ches vari\u00e9es. Les mat\u00e9riaux durables prolongent la dur\u00e9e de vie et r\u00e9sistent aux conditions difficiles. Le style moderne permet de garder une allure professionnelle sans sacrifier la performance. La flexibilit\u00e9 de la semelle facilite les d\u00e9placements fr\u00e9quents et les changements de posture. L\u2019espadrille reste stable m\u00eame lors de mouvements brusques.<\/p>\n<p>L&rsquo;espadrille Sublite de <a href=\"https:\/\/autravail.ca\/en\/product-brand\/Reebok\/\">Reebok<\/a> incarne un \u00e9quilibre entre s\u00e9curit\u00e9, confort et efficacit\u00e9. Reebok IB4041 devient un alli\u00e9 fiable au quotidien.<\/p>\n<p><img decoding=\"async\" class=\"alignnone size-full wp-image-40117\" src=\"https:\/\/autravail.ca\/wp-content\/uploads\/2025\/09\/Certification-Omega-Triangle-vert.jpg\" alt=\"Certifications Om\u00e9ga Triangle vert\" width=\"193\" height=\"110\" srcset=\"https:\/\/autravail.ca\/wp-content\/uploads\/2025\/09\/Certification-Omega-Triangle-vert.jpg 193w, https:\/\/autravail.ca\/wp-content\/uploads\/2025\/09\/Certification-Omega-Triangle-vert-150x85.jpg 150w, https:\/\/autravail.ca\/wp-content\/uploads\/2025\/09\/Certification-Omega-Triangle-vert-18x10.jpg 18w\" sizes=\"(max-width: 193px) 100vw, 193px\" \/><\/p>\n<\/div>\n<\/div>\n<div><\/div>\n<h4>Characteristics:<\/h4>\n<ul>\n<li>Embout et plaque en composite sans m\u00e9tal<\/li>\n<li>Protection Om\u00e9ga ESR Flexible Athetic<\/li>\n<li>Semelle intercalaire en mousse EVA SubLite<\/li>\n<li>Lining \/ Insulation: nylon absorbing moisture mesh.<\/li>\n<li>La semelle de massage MemoryTech<\/li>\n<li>Certification CSA Om\u00e9ga<\/li>\n<li>Lightweight industrial comfort at approximately 350 grams per shoe<\/li>\n<li>Sublite Cushion Work<\/li>\n<li>Largeur Wide<\/li>\n<li>\n<div class=\"custom-field custom-field__point_{i}\">\n<div class=\"custom-field--value\"><em><span style=\"color: #fa0b0b;\">Unisex Sizing (US Men's Footwear): For women, add 2 sizes.<\/span><\/em><\/div>\n<\/div>\n<\/li>\n<\/ul>\n<p><img decoding=\"async\" class=\"alignnone wp-image-40620\" src=\"https:\/\/autravail.ca\/wp-content\/uploads\/2025\/09\/Jachete-quebec-et-canada.jpg\" alt=\"Logo de l'achat local\" width=\"162\" height=\"139\" \/>Merci d&rsquo;encourager une entreprise 100% d&rsquo;ici!<\/p>\n<p>TS2511O<\/p>","protected":false},"excerpt":{"rendered":"<p>Espadrille de travail Reebok Sublite &#8211; IB4041 L\u2019Espadrille de travail Reebok Sublite &#8211; IB4041 combine robustesse et confort pour les longues journ\u00e9es actives. Sa conception l\u00e9g\u00e8re r\u00e9duit la fatigue et favorise la mobilit\u00e9. La semelle antid\u00e9rapante assure une excellente adh\u00e9rence sur diverses surfaces, m\u00eame en environnements exigeants. Le design respirant garde les pieds au sec [&hellip;]<\/p>","protected":false},"featured_media":18826,"comment_status":"open","ping_status":"closed","template":"","meta":[],"product_cat":[811,804,645,808,633,602],"product_tag":[252,270,255,242,253],"class_list":{"0":"post-33732","1":"product","2":"type-product","3":"status-publish","4":"has-post-thumbnail","6":"product_brand-reebok","7":"product_cat-chaussures-de-securite","8":"product_cat-espadrille-de-travail-femme","9":"product_cat-espadrilles-de-travail","10":"product_cat-espadrilles-de-travail-homme","11":"product_cat-femmes","12":"product_cat-hommes","13":"product_tag-electric-shock-resistant","14":"product_tag-espadrilles-de-travail","15":"product_tag-femme","16":"product_tag-homme","17":"product_tag-sole-protection","19":"first","20":"instock","21":"taxable","22":"shipping-taxable","23":"purchasable","24":"product-type-variable"},"yoast_head":"<!-- This site is optimized with the Yoast SEO plugin v25.3.1 - https:\/\/yoast.com\/wordpress\/plugins\/seo\/ -->\n<title>Espadrille de travail Reebok Sublite - IB4041 - Le Magasin Industriel<\/title>\n<meta name=\"description\" content=\"Espadrille de travail Reebok Sublite - IB4041 avec embout de composite et semelle confort Sublite de Reebok work. Certifi\u00e9 CSA.\" \/>\n<meta name=\"robots\" content=\"index, follow, max-snippet:-1, max-image-preview:large, max-video-preview:-1\" \/>\n<link rel=\"canonical\" href=\"https:\/\/autravail.ca\/en\/product\/espadrille-de-travail-reebok-sublite-ib4041\/\" \/>\n<meta property=\"og:locale\" content=\"en_US\" \/>\n<meta property=\"og:type\" content=\"article\" \/>\n<meta property=\"og:title\" content=\"Espadrille de travail Reebok Sublite - IB4041 - Le Magasin Industriel\" \/>\n<meta property=\"og:description\" content=\"Espadrille de travail Reebok Sublite - IB4041 avec embout de composite et semelle confort Sublite de Reebok work. Certifi\u00e9 CSA.\" \/>\n<meta property=\"og:url\" content=\"https:\/\/autravail.ca\/en\/product\/espadrille-de-travail-reebok-sublite-ib4041\/\" \/>\n<meta property=\"og:site_name\" content=\"Le Magasin Industriel\" \/>\n<meta property=\"article:publisher\" content=\"https:\/\/www.facebook.com\/lemagasinindustriel\/?locale=fr_FR\" \/>\n<meta property=\"article:modified_time\" content=\"2025-12-05T09:10:25+00:00\" \/>\n<meta property=\"og:image\" content=\"https:\/\/autravail.ca\/wp-content\/uploads\/2025\/05\/IB4041_A01.jpg\" \/>\n\t<meta property=\"og:image:width\" content=\"1000\" \/>\n\t<meta property=\"og:image:height\" content=\"1000\" \/>\n\t<meta property=\"og:image:type\" content=\"image\/jpeg\" \/>\n<meta name=\"twitter:card\" content=\"summary_large_image\" \/>\n<meta name=\"twitter:label1\" content=\"Est. reading time\" \/>\n\t<meta name=\"twitter:data1\" content=\"2 minutes\" \/>\n<script type=\"application\/ld+json\" class=\"yoast-schema-graph\">{\"@context\":\"https:\/\/schema.org\",\"@graph\":[{\"@type\":\"WebPage\",\"@id\":\"https:\/\/autravail.ca\/product\/espadrille-de-travail-reebok-sublite-ib4041\/\",\"url\":\"https:\/\/autravail.ca\/product\/espadrille-de-travail-reebok-sublite-ib4041\/\",\"name\":\"Espadrille de travail Reebok Sublite - IB4041 - Le Magasin Industriel\",\"isPartOf\":{\"@id\":\"https:\/\/autravail.ca\/#website\"},\"primaryImageOfPage\":{\"@id\":\"https:\/\/autravail.ca\/product\/espadrille-de-travail-reebok-sublite-ib4041\/#primaryimage\"},\"image\":{\"@id\":\"https:\/\/autravail.ca\/product\/espadrille-de-travail-reebok-sublite-ib4041\/#primaryimage\"},\"thumbnailUrl\":\"https:\/\/autravail.ca\/wp-content\/uploads\/2025\/05\/IB4041_A01.jpg\",\"datePublished\":\"2025-05-08T07:21:30+00:00\",\"dateModified\":\"2025-12-05T09:10:25+00:00\",\"description\":\"Espadrille de travail Reebok Sublite - IB4041 avec embout de composite et semelle confort Sublite de Reebok work. Certifi\u00e9 CSA.\",\"breadcrumb\":{\"@id\":\"https:\/\/autravail.ca\/product\/espadrille-de-travail-reebok-sublite-ib4041\/#breadcrumb\"},\"inLanguage\":\"en-CA\",\"potentialAction\":[{\"@type\":\"ReadAction\",\"target\":[\"https:\/\/autravail.ca\/product\/espadrille-de-travail-reebok-sublite-ib4041\/\"]}]},{\"@type\":\"ImageObject\",\"inLanguage\":\"en-CA\",\"@id\":\"https:\/\/autravail.ca\/product\/espadrille-de-travail-reebok-sublite-ib4041\/#primaryimage\",\"url\":\"https:\/\/autravail.ca\/wp-content\/uploads\/2025\/05\/IB4041_A01.jpg\",\"contentUrl\":\"https:\/\/autravail.ca\/wp-content\/uploads\/2025\/05\/IB4041_A01.jpg\",\"width\":1000,\"height\":1000,\"caption\":\"Espadrille de travail Reebok Sublite - IB4041\"},{\"@type\":\"BreadcrumbList\",\"@id\":\"https:\/\/autravail.ca\/product\/espadrille-de-travail-reebok-sublite-ib4041\/#breadcrumb\",\"itemListElement\":[{\"@type\":\"ListItem\",\"position\":1,\"name\":\"Accueil\",\"item\":\"https:\/\/autravail.ca\/\"},{\"@type\":\"ListItem\",\"position\":2,\"name\":\"Magasin\",\"item\":\"https:\/\/autravail.ca\/en\/shop\/\"},{\"@type\":\"ListItem\",\"position\":3,\"name\":\"Espadrille de travail Reebok Sublite &#8211; IB4041\"}]},{\"@type\":\"WebSite\",\"@id\":\"https:\/\/autravail.ca\/#website\",\"url\":\"https:\/\/autravail.ca\/\",\"name\":\"Le Magasin Industriel\",\"description\":\"50 ans de tradition de s\u00e9curit\u00e9 au travail\",\"publisher\":{\"@id\":\"https:\/\/autravail.ca\/#organization\"},\"potentialAction\":[{\"@type\":\"SearchAction\",\"target\":{\"@type\":\"EntryPoint\",\"urlTemplate\":\"https:\/\/autravail.ca\/?s={search_term_string}\"},\"query-input\":{\"@type\":\"PropertyValueSpecification\",\"valueRequired\":true,\"valueName\":\"search_term_string\"}}],\"inLanguage\":\"en-CA\"},{\"@type\":\"Organization\",\"@id\":\"https:\/\/autravail.ca\/#organization\",\"name\":\"Le Magasin Industriel\",\"url\":\"https:\/\/autravail.ca\/\",\"logo\":{\"@type\":\"ImageObject\",\"inLanguage\":\"en-CA\",\"@id\":\"https:\/\/autravail.ca\/#\/schema\/logo\/image\/\",\"url\":\"https:\/\/autravail.ca\/wp-content\/uploads\/2025\/05\/cropped-magasin_industriel_120x.avif\",\"contentUrl\":\"https:\/\/autravail.ca\/wp-content\/uploads\/2025\/05\/cropped-magasin_industriel_120x.avif\",\"width\":120,\"height\":24,\"caption\":\"Le Magasin Industriel\"},\"image\":{\"@id\":\"https:\/\/autravail.ca\/#\/schema\/logo\/image\/\"},\"sameAs\":[\"https:\/\/www.facebook.com\/lemagasinindustriel\/?locale=fr_FR\"]}]}<\/script>\n<!-- \/ Yoast SEO plugin. -->","yoast_head_json":{"title":"Espadrille de travail Reebok Sublite - IB4041 - Le Magasin Industriel","description":"Espadrille de travail Reebok Sublite - IB4041 avec embout de composite et semelle confort Sublite de Reebok work. Certifi\u00e9 CSA.","robots":{"index":"index","follow":"follow","max-snippet":"max-snippet:-1","max-image-preview":"max-image-preview:large","max-video-preview":"max-video-preview:-1"},"canonical":"https:\/\/autravail.ca\/en\/product\/espadrille-de-travail-reebok-sublite-ib4041\/","og_locale":"en_US","og_type":"article","og_title":"Espadrille de travail Reebok Sublite - IB4041 - Le Magasin Industriel","og_description":"Espadrille de travail Reebok Sublite - IB4041 avec embout de composite et semelle confort Sublite de Reebok work. Certifi\u00e9 CSA.","og_url":"https:\/\/autravail.ca\/en\/product\/espadrille-de-travail-reebok-sublite-ib4041\/","og_site_name":"Le Magasin Industriel","article_publisher":"https:\/\/www.facebook.com\/lemagasinindustriel\/?locale=fr_FR","article_modified_time":"2025-12-05T09:10:25+00:00","og_image":[{"width":1000,"height":1000,"url":"https:\/\/autravail.ca\/wp-content\/uploads\/2025\/05\/IB4041_A01.jpg","type":"image\/jpeg"}],"twitter_card":"summary_large_image","twitter_misc":{"Est. reading time":"2 minutes"},"schema":{"@context":"https:\/\/schema.org","@graph":[{"@type":"WebPage","@id":"https:\/\/autravail.ca\/product\/espadrille-de-travail-reebok-sublite-ib4041\/","url":"https:\/\/autravail.ca\/product\/espadrille-de-travail-reebok-sublite-ib4041\/","name":"Espadrille de travail Reebok Sublite - IB4041 - Le Magasin Industriel","isPartOf":{"@id":"https:\/\/autravail.ca\/#website"},"primaryImageOfPage":{"@id":"https:\/\/autravail.ca\/product\/espadrille-de-travail-reebok-sublite-ib4041\/#primaryimage"},"image":{"@id":"https:\/\/autravail.ca\/product\/espadrille-de-travail-reebok-sublite-ib4041\/#primaryimage"},"thumbnailUrl":"https:\/\/autravail.ca\/wp-content\/uploads\/2025\/05\/IB4041_A01.jpg","datePublished":"2025-05-08T07:21:30+00:00","dateModified":"2025-12-05T09:10:25+00:00","description":"Espadrille de travail Reebok Sublite - IB4041 avec embout de composite et semelle confort Sublite de Reebok work. Certifi\u00e9 CSA.","breadcrumb":{"@id":"https:\/\/autravail.ca\/product\/espadrille-de-travail-reebok-sublite-ib4041\/#breadcrumb"},"inLanguage":"en-CA","potentialAction":[{"@type":"ReadAction","target":["https:\/\/autravail.ca\/product\/espadrille-de-travail-reebok-sublite-ib4041\/"]}]},{"@type":"ImageObject","inLanguage":"en-CA","@id":"https:\/\/autravail.ca\/product\/espadrille-de-travail-reebok-sublite-ib4041\/#primaryimage","url":"https:\/\/autravail.ca\/wp-content\/uploads\/2025\/05\/IB4041_A01.jpg","contentUrl":"https:\/\/autravail.ca\/wp-content\/uploads\/2025\/05\/IB4041_A01.jpg","width":1000,"height":1000,"caption":"Espadrille de travail Reebok Sublite - IB4041"},{"@type":"BreadcrumbList","@id":"https:\/\/autravail.ca\/product\/espadrille-de-travail-reebok-sublite-ib4041\/#breadcrumb","itemListElement":[{"@type":"ListItem","position":1,"name":"Accueil","item":"https:\/\/autravail.ca\/"},{"@type":"ListItem","position":2,"name":"Magasin","item":"https:\/\/autravail.ca\/en\/shop\/"},{"@type":"ListItem","position":3,"name":"Espadrille de travail Reebok Sublite &#8211; IB4041"}]},{"@type":"WebSite","@id":"https:\/\/autravail.ca\/#website","url":"https:\/\/autravail.ca\/","name":"Le Magasin Industriel","description":"50 ans de tradition de s\u00e9curit\u00e9 au travail","publisher":{"@id":"https:\/\/autravail.ca\/#organization"},"potentialAction":[{"@type":"SearchAction","target":{"@type":"EntryPoint","urlTemplate":"https:\/\/autravail.ca\/?s={search_term_string}"},"query-input":{"@type":"PropertyValueSpecification","valueRequired":true,"valueName":"search_term_string"}}],"inLanguage":"en-CA"},{"@type":"Organization","@id":"https:\/\/autravail.ca\/#organization","name":"Le Magasin Industriel","url":"https:\/\/autravail.ca\/","logo":{"@type":"ImageObject","inLanguage":"en-CA","@id":"https:\/\/autravail.ca\/#\/schema\/logo\/image\/","url":"https:\/\/autravail.ca\/wp-content\/uploads\/2025\/05\/cropped-magasin_industriel_120x.avif","contentUrl":"https:\/\/autravail.ca\/wp-content\/uploads\/2025\/05\/cropped-magasin_industriel_120x.avif","width":120,"height":24,"caption":"Le Magasin Industriel"},"image":{"@id":"https:\/\/autravail.ca\/#\/schema\/logo\/image\/"},"sameAs":["https:\/\/www.facebook.com\/lemagasinindustriel\/?locale=fr_FR"]}]}},"jetpack_sharing_enabled":true,"_links":{"self":[{"href":"https:\/\/autravail.ca\/en\/wp-json\/wp\/v2\/product\/33732","targetHints":{"allow":["GET"]}}],"collection":[{"href":"https:\/\/autravail.ca\/en\/wp-json\/wp\/v2\/product"}],"about":[{"href":"https:\/\/autravail.ca\/en\/wp-json\/wp\/v2\/types\/product"}],"replies":[{"embeddable":true,"href":"https:\/\/autravail.ca\/en\/wp-json\/wp\/v2\/comments?post=33732"}],"wp:featuredmedia":[{"embeddable":true,"href":"https:\/\/autravail.ca\/en\/wp-json\/wp\/v2\/media\/18826"}],"wp:attachment":[{"href":"https:\/\/autravail.ca\/en\/wp-json\/wp\/v2\/media?parent=33732"}],"wp:term":[{"taxonomy":"product_cat","embeddable":true,"href":"https:\/\/autravail.ca\/en\/wp-json\/wp\/v2\/product_cat?post=33732"},{"taxonomy":"product_tag","embeddable":true,"href":"https:\/\/autravail.ca\/en\/wp-json\/wp\/v2\/product_tag?post=33732"}],"curies":[{"name":"wp","href":"https:\/\/api.w.org\/{rel}","templated":true}]}}