{"id":33672,"date":"2025-05-08T07:20:52","date_gmt":"2025-05-08T07:20:52","guid":{"rendered":"https:\/\/meteoquebec.ca\/?post_type=product&#038;p=33672"},"modified":"2025-12-05T05:10:25","modified_gmt":"2025-12-05T09:10:25","slug":"soulier-de-travail-reebok-ib4036","status":"publish","type":"product","link":"https:\/\/autravail.ca\/en\/product\/soulier-de-travail-reebok-ib4036\/","title":{"rendered":"Soulier de travail Reebok &#8211; IB4036"},"content":{"rendered":"<h3>Soulier de travail Reebok &#8211; IB4036<\/h3>\n<p>Le soulier de travail Reebok &#8211; IB4036 combine confort et performance dans un design sobre et professionnel. Sa conception robuste assure une protection fiable pour les longues journ\u00e9es en milieu exigeant. La semelle antid\u00e9rapante offre une adh\u00e9rence solide sur diverses surfaces. Le cuir r\u00e9sistant garantit une durabilit\u00e9 remarquable face aux contraintes quotidiennes. L\u2019int\u00e9rieur matelass\u00e9 procure un soutien constant et r\u00e9duit la fatigue des pieds. La forme loafer facilite l\u2019enfilage rapide, sans compromis sur la s\u00e9curit\u00e9. Ce mod\u00e8le privil\u00e9gie la stabilit\u00e9 et la mobilit\u00e9, essentielles pour rester efficace au travail. Les mat\u00e9riaux respirants maintiennent une sensation de fra\u00eecheur m\u00eame apr\u00e8s plusieurs heures. Le style discret s\u2019adapte facilement aux environnements professionnels vari\u00e9s.<\/p>\n<p>Le soulier de travail <a href=\"https:\/\/autravail.ca\/en\/product-brand\/Reebok\/\">Reebok<\/a> &#8211; IB4036 devient un alli\u00e9 fiable pour ceux qui recherchent confort, s\u00e9curit\u00e9 et efficacit\u00e9 dans leurs t\u00e2ches quotidiennes.<\/p>\n<p>&nbsp;<\/p>\n<p><img decoding=\"async\" class=\"alignnone size-full wp-image-40117\" src=\"https:\/\/autravail.ca\/wp-content\/uploads\/2025\/09\/Certification-Omega-Triangle-vert.jpg\" alt=\"Certifications Om\u00e9ga Triangle vert\" width=\"193\" height=\"110\" srcset=\"https:\/\/autravail.ca\/wp-content\/uploads\/2025\/09\/Certification-Omega-Triangle-vert.jpg 193w, https:\/\/autravail.ca\/wp-content\/uploads\/2025\/09\/Certification-Omega-Triangle-vert-150x85.jpg 150w, https:\/\/autravail.ca\/wp-content\/uploads\/2025\/09\/Certification-Omega-Triangle-vert-18x10.jpg 18w\" sizes=\"(max-width: 193px) 100vw, 193px\" \/><\/p>\n<p>&nbsp;<\/p>\n<ul>\n<li>CSA 1 Protective Cap and Anti-Piercing Sole.<\/li>\n<li>Omega - Shock Resistant Soles<\/li>\n<li>Leather.<\/li>\n<li>Sole made of natural rubber.<\/li>\n<li>Outsole with anti-slip reinforcement.<\/li>\n<li>Metal-free construction.<\/li>\n<li>Doublure en Nylon \u00e9vacuant l&rsquo;humidit\u00e9<\/li>\n<li>Semelle intercalaire de mousse Sublite<\/li>\n<li>Semelle anatomique MemoryTech Massage<\/li>\n<li>Largeur Wide<\/li>\n<\/ul>\n<div class=\"custom-field--value\"><em><span style=\"color: #fa0b0b;\">Unisex US male shoe sizes presented. To convert to US women's shoe size, add 2 sizes. Example: 4 US man = 6 US woman.<\/span><\/em><\/div>\n<div class=\"custom-field--value\"><\/div>","protected":false},"excerpt":{"rendered":"<p>Soulier de travail Reebok &#8211; IB4036 Le soulier de travail Reebok &#8211; IB4036 combine confort et performance dans un design sobre et professionnel. Sa conception robuste assure une protection fiable pour les longues journ\u00e9es en milieu exigeant. La semelle antid\u00e9rapante offre une adh\u00e9rence solide sur diverses surfaces. Le cuir r\u00e9sistant garantit une durabilit\u00e9 remarquable face [&hellip;]<\/p>","protected":false},"featured_media":18763,"comment_status":"open","ping_status":"closed","template":"","meta":[],"product_cat":[619],"product_tag":[252,242,253,257],"class_list":{"0":"post-33672","1":"product","2":"type-product","3":"status-publish","4":"has-post-thumbnail","6":"product_brand-reebok","7":"product_cat-souliers-de-travail","8":"product_tag-electric-shock-resistant","9":"product_tag-homme","10":"product_tag-sole-protection","11":"product_tag-souliers-de-travail","13":"first","14":"instock","15":"taxable","16":"shipping-taxable","17":"purchasable","18":"product-type-variable"},"yoast_head":"<!-- This site is optimized with the Yoast SEO plugin v25.3.1 - https:\/\/yoast.com\/wordpress\/plugins\/seo\/ -->\n<title>Soulier de travail Reebok - IB4036 - Le Magasin Industriel<\/title>\n<meta name=\"description\" content=\"Soulier de travail Reebok - IB4036 devient un alli\u00e9 fiable pour ceux qui recherchent confort, s\u00e9curit\u00e9 et efficacit\u00e9 dans leurs t\u00e2ches quotidiennes.\" \/>\n<meta name=\"robots\" content=\"index, follow, max-snippet:-1, max-image-preview:large, max-video-preview:-1\" \/>\n<link rel=\"canonical\" href=\"https:\/\/autravail.ca\/en\/product\/soulier-de-travail-reebok-ib4036\/\" \/>\n<meta property=\"og:locale\" content=\"en_US\" \/>\n<meta property=\"og:type\" content=\"article\" \/>\n<meta property=\"og:title\" content=\"Soulier de travail Reebok - IB4036 - Le Magasin Industriel\" \/>\n<meta property=\"og:description\" content=\"Soulier de travail Reebok - IB4036 devient un alli\u00e9 fiable pour ceux qui recherchent confort, s\u00e9curit\u00e9 et efficacit\u00e9 dans leurs t\u00e2ches quotidiennes.\" \/>\n<meta property=\"og:url\" content=\"https:\/\/autravail.ca\/en\/product\/soulier-de-travail-reebok-ib4036\/\" \/>\n<meta property=\"og:site_name\" content=\"Le Magasin Industriel\" \/>\n<meta property=\"article:publisher\" content=\"https:\/\/www.facebook.com\/lemagasinindustriel\/?locale=fr_FR\" \/>\n<meta property=\"article:modified_time\" content=\"2025-12-05T09:10:25+00:00\" \/>\n<meta property=\"og:image\" content=\"https:\/\/autravail.ca\/wp-content\/uploads\/2025\/05\/IB4036_A01.jpg\" \/>\n\t<meta property=\"og:image:width\" content=\"800\" \/>\n\t<meta property=\"og:image:height\" content=\"720\" \/>\n\t<meta property=\"og:image:type\" content=\"image\/jpeg\" \/>\n<meta name=\"twitter:card\" content=\"summary_large_image\" \/>\n<meta name=\"twitter:label1\" content=\"Est. reading time\" \/>\n\t<meta name=\"twitter:data1\" content=\"2 minutes\" \/>\n<script type=\"application\/ld+json\" class=\"yoast-schema-graph\">{\"@context\":\"https:\/\/schema.org\",\"@graph\":[{\"@type\":\"WebPage\",\"@id\":\"https:\/\/autravail.ca\/product\/soulier-de-travail-reebok-ib4036\/\",\"url\":\"https:\/\/autravail.ca\/product\/soulier-de-travail-reebok-ib4036\/\",\"name\":\"Soulier de travail Reebok - IB4036 - Le Magasin Industriel\",\"isPartOf\":{\"@id\":\"https:\/\/autravail.ca\/#website\"},\"primaryImageOfPage\":{\"@id\":\"https:\/\/autravail.ca\/product\/soulier-de-travail-reebok-ib4036\/#primaryimage\"},\"image\":{\"@id\":\"https:\/\/autravail.ca\/product\/soulier-de-travail-reebok-ib4036\/#primaryimage\"},\"thumbnailUrl\":\"https:\/\/autravail.ca\/wp-content\/uploads\/2025\/05\/IB4036_A01.jpg\",\"datePublished\":\"2025-05-08T07:20:52+00:00\",\"dateModified\":\"2025-12-05T09:10:25+00:00\",\"description\":\"Soulier de travail Reebok - IB4036 devient un alli\u00e9 fiable pour ceux qui recherchent confort, s\u00e9curit\u00e9 et efficacit\u00e9 dans leurs t\u00e2ches quotidiennes.\",\"breadcrumb\":{\"@id\":\"https:\/\/autravail.ca\/product\/soulier-de-travail-reebok-ib4036\/#breadcrumb\"},\"inLanguage\":\"en-CA\",\"potentialAction\":[{\"@type\":\"ReadAction\",\"target\":[\"https:\/\/autravail.ca\/product\/soulier-de-travail-reebok-ib4036\/\"]}]},{\"@type\":\"ImageObject\",\"inLanguage\":\"en-CA\",\"@id\":\"https:\/\/autravail.ca\/product\/soulier-de-travail-reebok-ib4036\/#primaryimage\",\"url\":\"https:\/\/autravail.ca\/wp-content\/uploads\/2025\/05\/IB4036_A01.jpg\",\"contentUrl\":\"https:\/\/autravail.ca\/wp-content\/uploads\/2025\/05\/IB4036_A01.jpg\",\"width\":800,\"height\":720,\"caption\":\"Soulier de travail Reebok - IB4036\"},{\"@type\":\"BreadcrumbList\",\"@id\":\"https:\/\/autravail.ca\/product\/soulier-de-travail-reebok-ib4036\/#breadcrumb\",\"itemListElement\":[{\"@type\":\"ListItem\",\"position\":1,\"name\":\"Accueil\",\"item\":\"https:\/\/autravail.ca\/\"},{\"@type\":\"ListItem\",\"position\":2,\"name\":\"Magasin\",\"item\":\"https:\/\/autravail.ca\/en\/shop\/\"},{\"@type\":\"ListItem\",\"position\":3,\"name\":\"Soulier de travail Reebok &#8211; IB4036\"}]},{\"@type\":\"WebSite\",\"@id\":\"https:\/\/autravail.ca\/#website\",\"url\":\"https:\/\/autravail.ca\/\",\"name\":\"Le Magasin Industriel\",\"description\":\"50 ans de tradition de s\u00e9curit\u00e9 au travail\",\"publisher\":{\"@id\":\"https:\/\/autravail.ca\/#organization\"},\"potentialAction\":[{\"@type\":\"SearchAction\",\"target\":{\"@type\":\"EntryPoint\",\"urlTemplate\":\"https:\/\/autravail.ca\/?s={search_term_string}\"},\"query-input\":{\"@type\":\"PropertyValueSpecification\",\"valueRequired\":true,\"valueName\":\"search_term_string\"}}],\"inLanguage\":\"en-CA\"},{\"@type\":\"Organization\",\"@id\":\"https:\/\/autravail.ca\/#organization\",\"name\":\"Le Magasin Industriel\",\"url\":\"https:\/\/autravail.ca\/\",\"logo\":{\"@type\":\"ImageObject\",\"inLanguage\":\"en-CA\",\"@id\":\"https:\/\/autravail.ca\/#\/schema\/logo\/image\/\",\"url\":\"https:\/\/autravail.ca\/wp-content\/uploads\/2025\/05\/cropped-magasin_industriel_120x.avif\",\"contentUrl\":\"https:\/\/autravail.ca\/wp-content\/uploads\/2025\/05\/cropped-magasin_industriel_120x.avif\",\"width\":120,\"height\":24,\"caption\":\"Le Magasin Industriel\"},\"image\":{\"@id\":\"https:\/\/autravail.ca\/#\/schema\/logo\/image\/\"},\"sameAs\":[\"https:\/\/www.facebook.com\/lemagasinindustriel\/?locale=fr_FR\"]}]}<\/script>\n<!-- \/ Yoast SEO plugin. -->","yoast_head_json":{"title":"Soulier de travail Reebok - IB4036 - Le Magasin Industriel","description":"Soulier de travail Reebok - IB4036 devient un alli\u00e9 fiable pour ceux qui recherchent confort, s\u00e9curit\u00e9 et efficacit\u00e9 dans leurs t\u00e2ches quotidiennes.","robots":{"index":"index","follow":"follow","max-snippet":"max-snippet:-1","max-image-preview":"max-image-preview:large","max-video-preview":"max-video-preview:-1"},"canonical":"https:\/\/autravail.ca\/en\/product\/soulier-de-travail-reebok-ib4036\/","og_locale":"en_US","og_type":"article","og_title":"Soulier de travail Reebok - IB4036 - Le Magasin Industriel","og_description":"Soulier de travail Reebok - IB4036 devient un alli\u00e9 fiable pour ceux qui recherchent confort, s\u00e9curit\u00e9 et efficacit\u00e9 dans leurs t\u00e2ches quotidiennes.","og_url":"https:\/\/autravail.ca\/en\/product\/soulier-de-travail-reebok-ib4036\/","og_site_name":"Le Magasin Industriel","article_publisher":"https:\/\/www.facebook.com\/lemagasinindustriel\/?locale=fr_FR","article_modified_time":"2025-12-05T09:10:25+00:00","og_image":[{"width":800,"height":720,"url":"https:\/\/autravail.ca\/wp-content\/uploads\/2025\/05\/IB4036_A01.jpg","type":"image\/jpeg"}],"twitter_card":"summary_large_image","twitter_misc":{"Est. reading time":"2 minutes"},"schema":{"@context":"https:\/\/schema.org","@graph":[{"@type":"WebPage","@id":"https:\/\/autravail.ca\/product\/soulier-de-travail-reebok-ib4036\/","url":"https:\/\/autravail.ca\/product\/soulier-de-travail-reebok-ib4036\/","name":"Soulier de travail Reebok - IB4036 - Le Magasin Industriel","isPartOf":{"@id":"https:\/\/autravail.ca\/#website"},"primaryImageOfPage":{"@id":"https:\/\/autravail.ca\/product\/soulier-de-travail-reebok-ib4036\/#primaryimage"},"image":{"@id":"https:\/\/autravail.ca\/product\/soulier-de-travail-reebok-ib4036\/#primaryimage"},"thumbnailUrl":"https:\/\/autravail.ca\/wp-content\/uploads\/2025\/05\/IB4036_A01.jpg","datePublished":"2025-05-08T07:20:52+00:00","dateModified":"2025-12-05T09:10:25+00:00","description":"Soulier de travail Reebok - IB4036 devient un alli\u00e9 fiable pour ceux qui recherchent confort, s\u00e9curit\u00e9 et efficacit\u00e9 dans leurs t\u00e2ches quotidiennes.","breadcrumb":{"@id":"https:\/\/autravail.ca\/product\/soulier-de-travail-reebok-ib4036\/#breadcrumb"},"inLanguage":"en-CA","potentialAction":[{"@type":"ReadAction","target":["https:\/\/autravail.ca\/product\/soulier-de-travail-reebok-ib4036\/"]}]},{"@type":"ImageObject","inLanguage":"en-CA","@id":"https:\/\/autravail.ca\/product\/soulier-de-travail-reebok-ib4036\/#primaryimage","url":"https:\/\/autravail.ca\/wp-content\/uploads\/2025\/05\/IB4036_A01.jpg","contentUrl":"https:\/\/autravail.ca\/wp-content\/uploads\/2025\/05\/IB4036_A01.jpg","width":800,"height":720,"caption":"Soulier de travail Reebok - IB4036"},{"@type":"BreadcrumbList","@id":"https:\/\/autravail.ca\/product\/soulier-de-travail-reebok-ib4036\/#breadcrumb","itemListElement":[{"@type":"ListItem","position":1,"name":"Accueil","item":"https:\/\/autravail.ca\/"},{"@type":"ListItem","position":2,"name":"Magasin","item":"https:\/\/autravail.ca\/en\/shop\/"},{"@type":"ListItem","position":3,"name":"Soulier de travail Reebok &#8211; IB4036"}]},{"@type":"WebSite","@id":"https:\/\/autravail.ca\/#website","url":"https:\/\/autravail.ca\/","name":"Le Magasin Industriel","description":"50 ans de tradition de s\u00e9curit\u00e9 au travail","publisher":{"@id":"https:\/\/autravail.ca\/#organization"},"potentialAction":[{"@type":"SearchAction","target":{"@type":"EntryPoint","urlTemplate":"https:\/\/autravail.ca\/?s={search_term_string}"},"query-input":{"@type":"PropertyValueSpecification","valueRequired":true,"valueName":"search_term_string"}}],"inLanguage":"en-CA"},{"@type":"Organization","@id":"https:\/\/autravail.ca\/#organization","name":"Le Magasin Industriel","url":"https:\/\/autravail.ca\/","logo":{"@type":"ImageObject","inLanguage":"en-CA","@id":"https:\/\/autravail.ca\/#\/schema\/logo\/image\/","url":"https:\/\/autravail.ca\/wp-content\/uploads\/2025\/05\/cropped-magasin_industriel_120x.avif","contentUrl":"https:\/\/autravail.ca\/wp-content\/uploads\/2025\/05\/cropped-magasin_industriel_120x.avif","width":120,"height":24,"caption":"Le Magasin Industriel"},"image":{"@id":"https:\/\/autravail.ca\/#\/schema\/logo\/image\/"},"sameAs":["https:\/\/www.facebook.com\/lemagasinindustriel\/?locale=fr_FR"]}]}},"jetpack_sharing_enabled":true,"_links":{"self":[{"href":"https:\/\/autravail.ca\/en\/wp-json\/wp\/v2\/product\/33672","targetHints":{"allow":["GET"]}}],"collection":[{"href":"https:\/\/autravail.ca\/en\/wp-json\/wp\/v2\/product"}],"about":[{"href":"https:\/\/autravail.ca\/en\/wp-json\/wp\/v2\/types\/product"}],"replies":[{"embeddable":true,"href":"https:\/\/autravail.ca\/en\/wp-json\/wp\/v2\/comments?post=33672"}],"wp:featuredmedia":[{"embeddable":true,"href":"https:\/\/autravail.ca\/en\/wp-json\/wp\/v2\/media\/18763"}],"wp:attachment":[{"href":"https:\/\/autravail.ca\/en\/wp-json\/wp\/v2\/media?parent=33672"}],"wp:term":[{"taxonomy":"product_cat","embeddable":true,"href":"https:\/\/autravail.ca\/en\/wp-json\/wp\/v2\/product_cat?post=33672"},{"taxonomy":"product_tag","embeddable":true,"href":"https:\/\/autravail.ca\/en\/wp-json\/wp\/v2\/product_tag?post=33672"}],"curies":[{"name":"wp","href":"https:\/\/api.w.org\/{rel}","templated":true}]}}