{"id":33671,"date":"2025-05-08T07:20:46","date_gmt":"2025-05-08T07:20:46","guid":{"rendered":"https:\/\/meteoquebec.ca\/?product=ib3501-soulier-de-travail"},"modified":"2026-03-04T14:54:48","modified_gmt":"2026-03-04T18:54:48","slug":"soulier-de-travail-guide-work-ib3501","status":"publish","type":"product","link":"https:\/\/autravail.ca\/en\/product\/soulier-de-travail-guide-work-ib3501\/","title":{"rendered":"Soulier de travail Guide Work &#8211; IB3501"},"content":{"rendered":"<h3>Soulier de travail Guide Work &#8211; IB3501<\/h3>\n<p>Le soulier de travail Guide Work &#8211; IB3501 de <a href=\"https:\/\/autravail.ca\/en\/product-brand\/reebok\/\">Reebok<\/a> s&rsquo;inspire de la technologie de course \u00e0 pied pour relever tous les d\u00e9fis d&rsquo;une journ\u00e9e de travail industrielle.<\/p>\n<p><span style=\"color: #000000;\">La chaussure Guide Work s&rsquo;appuie sur la technologie running pour relever tous les d\u00e9fis d&rsquo;une journ\u00e9e de travail <strong>industrielle<\/strong>\u00a0. La semelle interm\u00e9diaire en mousse dynamique R52 est con\u00e7ue pour amortir les chocs et propulser le pied vers l&rsquo;avant, assurant un confort longue dur\u00e9e.<\/span><\/p>\n<p><span style=\"color: #000000;\">La semelle int\u00e9rieure \u00e0 m\u00e9moire de forme \u00e9pouse parfaitement les formes du pied. Le contrefort ext\u00e9rieur enveloppant en TPU offre\u00a0<strong>une stabilit\u00e9 accrue<\/strong> et un ajustement parfait.<\/span><\/p>\n<p><img decoding=\"async\" class=\"alignnone size-full wp-image-40117\" src=\"https:\/\/autravail.ca\/wp-content\/uploads\/2025\/09\/Certification-Omega-Triangle-vert.jpg\" alt=\"Certifications Om\u00e9ga Triangle vert\" width=\"193\" height=\"110\" srcset=\"https:\/\/autravail.ca\/wp-content\/uploads\/2025\/09\/Certification-Omega-Triangle-vert.jpg 193w, https:\/\/autravail.ca\/wp-content\/uploads\/2025\/09\/Certification-Omega-Triangle-vert-150x85.jpg 150w, https:\/\/autravail.ca\/wp-content\/uploads\/2025\/09\/Certification-Omega-Triangle-vert-18x10.jpg 18w\" sizes=\"(max-width: 193px) 100vw, 193px\" \/><\/p>\n<p><strong>Caract\u00e9ristiques principales<\/strong><\/p>\n<ul>\n<li><span style=\"color: #000000;\">La tige \u00e0 profil bas offre une libert\u00e9 de mouvement au niveau de la cheville et des transitions talon-orteil plus rapides<\/span><\/li>\n<li><span style=\"color: #000000;\">Le contrefort ext\u00e9rieur enveloppant en TPU offre un meilleur ajustement et une meilleure r\u00e9sistance \u00e0 la torsion dans la zone du talon<\/span><\/li>\n<li><span style=\"color: #000000;\">Biom\u00e9canique dynamique dans la semelle ext\u00e9rieure avec 12,9 degr\u00e9s de flexion \u00e0 70 % de la distance de l&rsquo;arri\u00e8re \u00e0 l&rsquo;avant du pied<\/span><\/li>\n<li><span style=\"color: #000000;\">La semelle interm\u00e9diaire en mousse dynamique R52 offre une propulsion vers l&rsquo;avant et un confort \u00e9nergisant \u00e0 chaque foul\u00e9e<\/span><\/li>\n<li><span style=\"color: #000000;\">La semelle int\u00e9rieure \u00e0 technologie m\u00e9moire s&rsquo;adapte \u00e0 votre pied pour un confort imm\u00e9diat et un amorti durable<\/span><\/li>\n<li>Soulier de s\u00e9curit\u00e9 Reebok CSA<\/li>\n<li>Steel certified class 1 button and plate, resistant to electrical shocks.<\/li>\n<li>Inner Sole: Removable Memory Tech Massage Cushion.<\/li>\n<li>Lining \/ Insulation in absorbing nylon mesh.<\/li>\n<li>Interlayered Sole in R52 Foam<\/li>\n<li>Outside sole in anti-slip rubber.<\/li>\n<li>Button and steel plate.<\/li>\n<\/ul>\n<p><img decoding=\"async\" class=\"alignnone wp-image-40620\" src=\"https:\/\/autravail.ca\/wp-content\/uploads\/2025\/09\/Jachete-quebec-et-canada.jpg\" alt=\"Logo de l'achat local\" width=\"162\" height=\"139\" \/>Merci d&rsquo;encourager une entreprise 100% d&rsquo;ici!<\/p>\n<p><em><span style=\"color: #fa0b0b;\">Unisex US male shoe sizes presented. To convert to US women's shoe size, add 2 sizes. Example: 4 US man = 6 US woman.<\/span><\/em><\/p>","protected":false},"excerpt":{"rendered":"<p>Soulier de travail Guide Work &#8211; IB3501 Le soulier de travail Guide Work &#8211; IB3501 de Reebok s&rsquo;inspire de la technologie de course \u00e0 pied pour relever tous les d\u00e9fis d&rsquo;une journ\u00e9e de travail industrielle. La chaussure Guide Work s&rsquo;appuie sur la technologie running pour relever tous les d\u00e9fis d&rsquo;une journ\u00e9e de travail industrielle\u00a0. La [&hellip;]<\/p>","protected":false},"featured_media":18739,"comment_status":"open","ping_status":"closed","template":"","meta":[],"product_cat":[633,602,619,617],"product_tag":[252,255,242,253,257],"class_list":{"0":"post-33671","1":"product","2":"type-product","3":"status-publish","4":"has-post-thumbnail","6":"product_brand-reebok","7":"product_cat-femmes","8":"product_cat-hommes","9":"product_cat-souliers-de-travail","10":"product_cat-souliers-de-travail-femme","11":"product_tag-electric-shock-resistant","12":"product_tag-femme","13":"product_tag-homme","14":"product_tag-sole-protection","15":"product_tag-souliers-de-travail","17":"first","18":"instock","19":"taxable","20":"shipping-taxable","21":"purchasable","22":"product-type-variable"},"yoast_head":"<!-- This site is optimized with the Yoast SEO plugin v25.3.1 - https:\/\/yoast.com\/wordpress\/plugins\/seo\/ -->\n<title>Soulier de travail Guide Work - IB3501 - Le Magasin Industriel<\/title>\n<meta name=\"description\" content=\"Soulier de travail Guide Work - IB3501 s&#039;appuie sur une technologie de course \u00e0 pied adapt\u00e9e aux exigences des environnements industriels.\" \/>\n<meta name=\"robots\" content=\"index, follow, max-snippet:-1, max-image-preview:large, max-video-preview:-1\" \/>\n<link rel=\"canonical\" href=\"https:\/\/autravail.ca\/en\/product\/soulier-de-travail-guide-work-ib3501\/\" \/>\n<meta property=\"og:locale\" content=\"en_US\" \/>\n<meta property=\"og:type\" content=\"article\" \/>\n<meta property=\"og:title\" content=\"Soulier de travail Guide Work - IB3501 - Le Magasin Industriel\" \/>\n<meta property=\"og:description\" content=\"Soulier de travail Guide Work - IB3501 s&#039;appuie sur une technologie de course \u00e0 pied adapt\u00e9e aux exigences des environnements industriels.\" \/>\n<meta property=\"og:url\" content=\"https:\/\/autravail.ca\/en\/product\/soulier-de-travail-guide-work-ib3501\/\" \/>\n<meta property=\"og:site_name\" content=\"Le Magasin Industriel\" \/>\n<meta property=\"article:publisher\" content=\"https:\/\/www.facebook.com\/lemagasinindustriel\/?locale=fr_FR\" \/>\n<meta property=\"article:modified_time\" content=\"2026-03-04T18:54:48+00:00\" \/>\n<meta property=\"og:image\" content=\"https:\/\/autravail.ca\/wp-content\/uploads\/2025\/05\/IB3501_A01.jpg\" \/>\n\t<meta property=\"og:image:width\" content=\"1000\" \/>\n\t<meta property=\"og:image:height\" content=\"1000\" \/>\n\t<meta property=\"og:image:type\" content=\"image\/jpeg\" \/>\n<meta name=\"twitter:card\" content=\"summary_large_image\" \/>\n<meta name=\"twitter:label1\" content=\"Est. reading time\" \/>\n\t<meta name=\"twitter:data1\" content=\"3 minutes\" \/>\n<script type=\"application\/ld+json\" class=\"yoast-schema-graph\">{\"@context\":\"https:\/\/schema.org\",\"@graph\":[{\"@type\":\"WebPage\",\"@id\":\"https:\/\/autravail.ca\/product\/soulier-de-travail-guide-work-ib3501\/\",\"url\":\"https:\/\/autravail.ca\/product\/soulier-de-travail-guide-work-ib3501\/\",\"name\":\"Soulier de travail Guide Work - IB3501 - Le Magasin Industriel\",\"isPartOf\":{\"@id\":\"https:\/\/autravail.ca\/#website\"},\"primaryImageOfPage\":{\"@id\":\"https:\/\/autravail.ca\/product\/soulier-de-travail-guide-work-ib3501\/#primaryimage\"},\"image\":{\"@id\":\"https:\/\/autravail.ca\/product\/soulier-de-travail-guide-work-ib3501\/#primaryimage\"},\"thumbnailUrl\":\"https:\/\/autravail.ca\/wp-content\/uploads\/2025\/05\/IB3501_A01.jpg\",\"datePublished\":\"2025-05-08T07:20:46+00:00\",\"dateModified\":\"2026-03-04T18:54:48+00:00\",\"description\":\"Soulier de travail Guide Work - IB3501 s'appuie sur une technologie de course \u00e0 pied adapt\u00e9e aux exigences des environnements industriels.\",\"breadcrumb\":{\"@id\":\"https:\/\/autravail.ca\/product\/soulier-de-travail-guide-work-ib3501\/#breadcrumb\"},\"inLanguage\":\"en-CA\",\"potentialAction\":[{\"@type\":\"ReadAction\",\"target\":[\"https:\/\/autravail.ca\/product\/soulier-de-travail-guide-work-ib3501\/\"]}]},{\"@type\":\"ImageObject\",\"inLanguage\":\"en-CA\",\"@id\":\"https:\/\/autravail.ca\/product\/soulier-de-travail-guide-work-ib3501\/#primaryimage\",\"url\":\"https:\/\/autravail.ca\/wp-content\/uploads\/2025\/05\/IB3501_A01.jpg\",\"contentUrl\":\"https:\/\/autravail.ca\/wp-content\/uploads\/2025\/05\/IB3501_A01.jpg\",\"width\":1000,\"height\":1000},{\"@type\":\"BreadcrumbList\",\"@id\":\"https:\/\/autravail.ca\/product\/soulier-de-travail-guide-work-ib3501\/#breadcrumb\",\"itemListElement\":[{\"@type\":\"ListItem\",\"position\":1,\"name\":\"Accueil\",\"item\":\"https:\/\/autravail.ca\/\"},{\"@type\":\"ListItem\",\"position\":2,\"name\":\"Magasin\",\"item\":\"https:\/\/autravail.ca\/en\/shop\/\"},{\"@type\":\"ListItem\",\"position\":3,\"name\":\"Soulier de travail Guide Work &#8211; IB3501\"}]},{\"@type\":\"WebSite\",\"@id\":\"https:\/\/autravail.ca\/#website\",\"url\":\"https:\/\/autravail.ca\/\",\"name\":\"Le Magasin Industriel\",\"description\":\"50 ans de tradition de s\u00e9curit\u00e9 au travail\",\"publisher\":{\"@id\":\"https:\/\/autravail.ca\/#organization\"},\"potentialAction\":[{\"@type\":\"SearchAction\",\"target\":{\"@type\":\"EntryPoint\",\"urlTemplate\":\"https:\/\/autravail.ca\/?s={search_term_string}\"},\"query-input\":{\"@type\":\"PropertyValueSpecification\",\"valueRequired\":true,\"valueName\":\"search_term_string\"}}],\"inLanguage\":\"en-CA\"},{\"@type\":\"Organization\",\"@id\":\"https:\/\/autravail.ca\/#organization\",\"name\":\"Le Magasin Industriel\",\"url\":\"https:\/\/autravail.ca\/\",\"logo\":{\"@type\":\"ImageObject\",\"inLanguage\":\"en-CA\",\"@id\":\"https:\/\/autravail.ca\/#\/schema\/logo\/image\/\",\"url\":\"https:\/\/autravail.ca\/wp-content\/uploads\/2025\/05\/cropped-magasin_industriel_120x.avif\",\"contentUrl\":\"https:\/\/autravail.ca\/wp-content\/uploads\/2025\/05\/cropped-magasin_industriel_120x.avif\",\"width\":120,\"height\":24,\"caption\":\"Le Magasin Industriel\"},\"image\":{\"@id\":\"https:\/\/autravail.ca\/#\/schema\/logo\/image\/\"},\"sameAs\":[\"https:\/\/www.facebook.com\/lemagasinindustriel\/?locale=fr_FR\"]}]}<\/script>\n<!-- \/ Yoast SEO plugin. -->","yoast_head_json":{"title":"Soulier de travail Guide Work - IB3501 - Le Magasin Industriel","description":"Soulier de travail Guide Work - IB3501 s'appuie sur une technologie de course \u00e0 pied adapt\u00e9e aux exigences des environnements industriels.","robots":{"index":"index","follow":"follow","max-snippet":"max-snippet:-1","max-image-preview":"max-image-preview:large","max-video-preview":"max-video-preview:-1"},"canonical":"https:\/\/autravail.ca\/en\/product\/soulier-de-travail-guide-work-ib3501\/","og_locale":"en_US","og_type":"article","og_title":"Soulier de travail Guide Work - IB3501 - Le Magasin Industriel","og_description":"Soulier de travail Guide Work - IB3501 s'appuie sur une technologie de course \u00e0 pied adapt\u00e9e aux exigences des environnements industriels.","og_url":"https:\/\/autravail.ca\/en\/product\/soulier-de-travail-guide-work-ib3501\/","og_site_name":"Le Magasin Industriel","article_publisher":"https:\/\/www.facebook.com\/lemagasinindustriel\/?locale=fr_FR","article_modified_time":"2026-03-04T18:54:48+00:00","og_image":[{"width":1000,"height":1000,"url":"https:\/\/autravail.ca\/wp-content\/uploads\/2025\/05\/IB3501_A01.jpg","type":"image\/jpeg"}],"twitter_card":"summary_large_image","twitter_misc":{"Est. reading time":"3 minutes"},"schema":{"@context":"https:\/\/schema.org","@graph":[{"@type":"WebPage","@id":"https:\/\/autravail.ca\/product\/soulier-de-travail-guide-work-ib3501\/","url":"https:\/\/autravail.ca\/product\/soulier-de-travail-guide-work-ib3501\/","name":"Soulier de travail Guide Work - IB3501 - Le Magasin Industriel","isPartOf":{"@id":"https:\/\/autravail.ca\/#website"},"primaryImageOfPage":{"@id":"https:\/\/autravail.ca\/product\/soulier-de-travail-guide-work-ib3501\/#primaryimage"},"image":{"@id":"https:\/\/autravail.ca\/product\/soulier-de-travail-guide-work-ib3501\/#primaryimage"},"thumbnailUrl":"https:\/\/autravail.ca\/wp-content\/uploads\/2025\/05\/IB3501_A01.jpg","datePublished":"2025-05-08T07:20:46+00:00","dateModified":"2026-03-04T18:54:48+00:00","description":"Soulier de travail Guide Work - IB3501 s'appuie sur une technologie de course \u00e0 pied adapt\u00e9e aux exigences des environnements industriels.","breadcrumb":{"@id":"https:\/\/autravail.ca\/product\/soulier-de-travail-guide-work-ib3501\/#breadcrumb"},"inLanguage":"en-CA","potentialAction":[{"@type":"ReadAction","target":["https:\/\/autravail.ca\/product\/soulier-de-travail-guide-work-ib3501\/"]}]},{"@type":"ImageObject","inLanguage":"en-CA","@id":"https:\/\/autravail.ca\/product\/soulier-de-travail-guide-work-ib3501\/#primaryimage","url":"https:\/\/autravail.ca\/wp-content\/uploads\/2025\/05\/IB3501_A01.jpg","contentUrl":"https:\/\/autravail.ca\/wp-content\/uploads\/2025\/05\/IB3501_A01.jpg","width":1000,"height":1000},{"@type":"BreadcrumbList","@id":"https:\/\/autravail.ca\/product\/soulier-de-travail-guide-work-ib3501\/#breadcrumb","itemListElement":[{"@type":"ListItem","position":1,"name":"Accueil","item":"https:\/\/autravail.ca\/"},{"@type":"ListItem","position":2,"name":"Magasin","item":"https:\/\/autravail.ca\/en\/shop\/"},{"@type":"ListItem","position":3,"name":"Soulier de travail Guide Work &#8211; IB3501"}]},{"@type":"WebSite","@id":"https:\/\/autravail.ca\/#website","url":"https:\/\/autravail.ca\/","name":"Le Magasin Industriel","description":"50 ans de tradition de s\u00e9curit\u00e9 au travail","publisher":{"@id":"https:\/\/autravail.ca\/#organization"},"potentialAction":[{"@type":"SearchAction","target":{"@type":"EntryPoint","urlTemplate":"https:\/\/autravail.ca\/?s={search_term_string}"},"query-input":{"@type":"PropertyValueSpecification","valueRequired":true,"valueName":"search_term_string"}}],"inLanguage":"en-CA"},{"@type":"Organization","@id":"https:\/\/autravail.ca\/#organization","name":"Le Magasin Industriel","url":"https:\/\/autravail.ca\/","logo":{"@type":"ImageObject","inLanguage":"en-CA","@id":"https:\/\/autravail.ca\/#\/schema\/logo\/image\/","url":"https:\/\/autravail.ca\/wp-content\/uploads\/2025\/05\/cropped-magasin_industriel_120x.avif","contentUrl":"https:\/\/autravail.ca\/wp-content\/uploads\/2025\/05\/cropped-magasin_industriel_120x.avif","width":120,"height":24,"caption":"Le Magasin Industriel"},"image":{"@id":"https:\/\/autravail.ca\/#\/schema\/logo\/image\/"},"sameAs":["https:\/\/www.facebook.com\/lemagasinindustriel\/?locale=fr_FR"]}]}},"jetpack_sharing_enabled":true,"_links":{"self":[{"href":"https:\/\/autravail.ca\/en\/wp-json\/wp\/v2\/product\/33671","targetHints":{"allow":["GET"]}}],"collection":[{"href":"https:\/\/autravail.ca\/en\/wp-json\/wp\/v2\/product"}],"about":[{"href":"https:\/\/autravail.ca\/en\/wp-json\/wp\/v2\/types\/product"}],"replies":[{"embeddable":true,"href":"https:\/\/autravail.ca\/en\/wp-json\/wp\/v2\/comments?post=33671"}],"wp:featuredmedia":[{"embeddable":true,"href":"https:\/\/autravail.ca\/en\/wp-json\/wp\/v2\/media\/18739"}],"wp:attachment":[{"href":"https:\/\/autravail.ca\/en\/wp-json\/wp\/v2\/media?parent=33671"}],"wp:term":[{"taxonomy":"product_cat","embeddable":true,"href":"https:\/\/autravail.ca\/en\/wp-json\/wp\/v2\/product_cat?post=33671"},{"taxonomy":"product_tag","embeddable":true,"href":"https:\/\/autravail.ca\/en\/wp-json\/wp\/v2\/product_tag?post=33671"}],"curies":[{"name":"wp","href":"https:\/\/api.w.org\/{rel}","templated":true}]}}