{"id":33614,"date":"2025-05-08T07:20:02","date_gmt":"2025-05-08T07:20:02","guid":{"rendered":"https:\/\/meteoquebec.ca\/?post_type=product&#038;p=33614"},"modified":"2026-04-02T11:54:30","modified_gmt":"2026-04-02T15:54:30","slug":"graisse-naturelle-dubbin-24427-533","status":"publish","type":"product","link":"https:\/\/autravail.ca\/en\/product\/graisse-naturelle-dubbin-24427-533\/","title":{"rendered":"Graisse Naturelle Dubbin &#8211; 24427 (533)"},"content":{"rendered":"<h3>Graisse Naturelle Dubbin &#8211; 24427 (533)<\/h3>\n<p>Graisse Naturelle Dubbin &#8211; 24427 (533) de <a href=\"https:\/\/autravail.ca\/en\/product-brand\/J-Audet-Jr\/\">J. Audet<\/a>. <span class=\"OYPEnA font-feature-liga-off font-feature-clig-off font-feature-calt-off text-decoration-none text-strikethrough-none\">La\u00a0<\/span><span class=\"OYPEnA font-feature-liga-off font-feature-clig-off font-feature-calt-off text-decoration-none text-strikethrough-none\">graisse naturelle<\/span><span class=\"OYPEnA font-feature-liga-off font-feature-clig-off font-feature-calt-off text-decoration-none text-strikethrough-none\">\u00a0sp\u00e9cialement con\u00e7ue pour l&rsquo;imperm\u00e9abilisation et l&rsquo;entretien des chaussures, des bottes et des ceintures en cuir. Cette graisse nourrit, revitalise et assouplit le cuir, tout en lui offrant une protection durable contre l&rsquo;eau et l&rsquo;humidit\u00e9. En formant une barri\u00e8re protectrice, la graisse naturelle aide \u00e0 pr\u00e9venir les dommages caus\u00e9s par l&rsquo;exposition aux intemp\u00e9ries, tout en pr\u00e9servant l&rsquo;aspect naturel et la qualit\u00e9 du cuir. Utilis\u00e9 r\u00e9guli\u00e8rement, il prolonge la dur\u00e9e de vie de vos articles en cuir et conserve leur apparence neuve plus longtemps.<\/span><\/p>\n<h6><span class=\"T286Pc\" data-sfc-cp=\"\" data-sfc-root=\"c\" data-sfc-cb=\"\" data-complete=\"true\"><strong class=\"Yjhzub\" data-sfc-root=\"c\" data-sfc-cb=\"\" data-complete=\"true\">Fonctions principales<\/strong>\u00a0:<\/span><\/h6>\n<ul class=\"KsbFXc U6u95\" data-sfc-root=\"c\" data-sfc-cb=\"\" data-complete=\"true\" data-processed=\"true\">\n<li style=\"list-style-type: none;\">\n<ul class=\"KsbFXc U6u95\" data-sfc-root=\"c\" data-sfc-cb=\"\" data-complete=\"true\">\n<li class=\"dF3vjf\" data-sfc-root=\"c\" data-sfc-cb=\"\" data-hveid=\"CAEIBBAB\" data-complete=\"true\" data-sae=\"\"><span class=\"T286Pc\" data-sfc-cp=\"\" data-sfc-root=\"c\" data-sfc-cb=\"\" data-complete=\"true\"><strong class=\"Yjhzub\" data-sfc-root=\"c\" data-sfc-cb=\"\" data-complete=\"true\">Imperm\u00e9abilisation<\/strong>\u00a0: Elle cr\u00e9e une barri\u00e8re durable contre l&rsquo;eau et l&rsquo;humidit\u00e9.<\/span><\/li>\n<li class=\"dF3vjf\" data-sfc-root=\"c\" data-sfc-cb=\"\" data-hveid=\"CAEIBBAC\" data-complete=\"true\" data-sae=\"\"><span class=\"T286Pc\" data-sfc-cp=\"\" data-sfc-root=\"c\" data-sfc-cb=\"\" data-complete=\"true\"><strong class=\"Yjhzub\" data-sfc-root=\"c\" data-sfc-cb=\"\" data-complete=\"true\">Soin profond<\/strong>\u00a0: Contrairement \u00e0 une simple cire, la graisse nourrit, revitalise et assouplit les fibres du cuir pour \u00e9viter qu&rsquo;il ne craqu\u00e8le.<\/span><\/li>\n<\/ul>\n<\/li>\n<\/ul>\n<p><span class=\"T286Pc\" data-sfc-cp=\"\" data-sfc-root=\"c\" data-sfc-cb=\"\" data-complete=\"true\" aria-owns=\"action-menu-parent-container\">Il s&rsquo;agit d&rsquo;un produit <strong class=\"Yjhzub\" data-sfc-root=\"c\" data-sfc-cb=\"\" data-complete=\"true\">100 % naturel<\/strong>, ce qui en fait un choix privil\u00e9gi\u00e9 pour ceux qui \u00e9vitent les produits chimiques synth\u00e9tiques sur leurs \u00e9quipements.<\/span><\/p>\n<h6><span class=\"T286Pc\" data-sfc-cp=\"\" data-sfc-root=\"c\" data-sfc-cb=\"\" data-complete=\"true\"><strong class=\"Yjhzub\" data-sfc-root=\"c\" data-sfc-cb=\"\" data-complete=\"true\">Utilisations recommand\u00e9es<\/strong>\u00a0:<\/span><\/h6>\n<ul>\n<li style=\"list-style-type: none;\">\n<ul class=\"KsbFXc U6u95\" data-sfc-root=\"c\" data-sfc-cb=\"\" data-complete=\"true\">\n<li class=\"dF3vjf\" data-sfc-root=\"c\" data-sfc-cb=\"\" data-hveid=\"CAEIBBAF\" data-complete=\"true\" data-sae=\"\"><span class=\"T286Pc\" data-sfc-cp=\"\" data-sfc-root=\"c\" data-sfc-cb=\"\" data-complete=\"true\">Id\u00e9ale pour les\u00a0<strong class=\"Yjhzub\" data-sfc-root=\"c\" data-sfc-cb=\"\" data-complete=\"true\">work boots<\/strong>, les\u00a0<strong class=\"Yjhzub\" data-sfc-root=\"c\" data-sfc-cb=\"\" data-complete=\"true\">bottes de chasse<\/strong>\u00a0et les\u00a0<strong class=\"Yjhzub\" data-sfc-root=\"c\" data-sfc-cb=\"\" data-complete=\"true\">ceintures en cuir<\/strong>.<\/span><\/li>\n<li class=\"dF3vjf\" data-sfc-root=\"c\" data-sfc-cb=\"\" data-hveid=\"CAEIBBAG\" data-complete=\"true\" data-sae=\"\"><span class=\"T286Pc\" data-sfc-cp=\"\" data-sfc-root=\"c\" data-sfc-cb=\"\" data-complete=\"true\" aria-owns=\"action-menu-parent-container\">Convient \u00e9galement aux \u00e9quipements de sport et aux cuirs artificiels souples tann\u00e9s \u00e0 l&rsquo;huile.<\/span><\/li>\n<\/ul>\n<\/li>\n<\/ul>\n<p><strong class=\"Yjhzub\" data-sfc-root=\"c\" data-sfc-cb=\"\" data-complete=\"true\" data-processed=\"true\">Note importante<\/strong>\u00a0: Comme la plupart des graisses naturelles, son application peut\u00a0<strong class=\"Yjhzub\" data-sfc-root=\"c\" data-sfc-cb=\"\" data-complete=\"true\" data-processed=\"true\">foncer l\u00e9g\u00e8rement la couleur<\/strong>\u00a0du cuir. Il est toujours recommand\u00e9 de faire un test sur une petite zone peu visible avant de l&rsquo;appliquer sur toute la surface.<\/p>\n<p><img decoding=\"async\" class=\"alignnone wp-image-40620\" src=\"https:\/\/autravail.ca\/wp-content\/uploads\/2025\/09\/Jachete-quebec-et-canada.jpg\" alt=\"Logo de l'achat local\" width=\"162\" height=\"139\" \/>Merci d&rsquo;encourager une entreprise 100% d&rsquo;ici!<\/p>\n<p>TS2604H<\/p>","protected":false},"excerpt":{"rendered":"<p>Graisse Naturelle Dubbin &#8211; 24427 (533) Graisse Naturelle Dubbin &#8211; 24427 (533) de J. Audet. La\u00a0graisse naturelle\u00a0sp\u00e9cialement con\u00e7ue pour l&rsquo;imperm\u00e9abilisation et l&rsquo;entretien des chaussures, des bottes et des ceintures en cuir. Cette graisse nourrit, revitalise et assouplit le cuir, tout en lui offrant une protection durable contre l&rsquo;eau et l&rsquo;humidit\u00e9. En formant une barri\u00e8re protectrice, [&hellip;]<\/p>","protected":false},"featured_media":46867,"comment_status":"open","ping_status":"closed","template":"","meta":[],"product_cat":[657,673],"product_tag":[312],"class_list":{"0":"post-33614","1":"product","2":"type-product","3":"status-publish","4":"has-post-thumbnail","6":"product_brand-j-audet-jr","7":"product_cat-accessoires-de-chaussures","8":"product_cat-entretien-des-chaussures","9":"product_tag-entretien","11":"first","12":"instock","13":"taxable","14":"shipping-taxable","15":"purchasable","16":"product-type-variable"},"yoast_head":"<!-- This site is optimized with the Yoast SEO plugin v25.3.1 - https:\/\/yoast.com\/wordpress\/plugins\/seo\/ -->\n<title>Graisse Naturelle Dubbin - 24427 (533) - Le Magasin Industriel<\/title>\n<meta name=\"description\" content=\"Graisse Naturelle Dubbin - 24427 (533) sp\u00e9cialement con\u00e7ue pour l&#039;imperm\u00e9abilisation et l&#039;entretien des chaussures, des bottes et des ceintures en cuir\" \/>\n<meta name=\"robots\" content=\"index, follow, max-snippet:-1, max-image-preview:large, max-video-preview:-1\" \/>\n<link rel=\"canonical\" href=\"https:\/\/autravail.ca\/en\/product\/graisse-naturelle-dubbin-24427-533\/\" \/>\n<meta property=\"og:locale\" content=\"en_US\" \/>\n<meta property=\"og:type\" content=\"article\" \/>\n<meta property=\"og:title\" content=\"Graisse Naturelle Dubbin - 24427 (533) - Le Magasin Industriel\" \/>\n<meta property=\"og:description\" content=\"Graisse Naturelle Dubbin - 24427 (533) sp\u00e9cialement con\u00e7ue pour l&#039;imperm\u00e9abilisation et l&#039;entretien des chaussures, des bottes et des ceintures en cuir\" \/>\n<meta property=\"og:url\" content=\"https:\/\/autravail.ca\/en\/product\/graisse-naturelle-dubbin-24427-533\/\" \/>\n<meta property=\"og:site_name\" content=\"Le Magasin Industriel\" \/>\n<meta property=\"article:publisher\" content=\"https:\/\/www.facebook.com\/lemagasinindustriel\/?locale=fr_FR\" \/>\n<meta property=\"article:modified_time\" content=\"2026-04-02T15:54:30+00:00\" \/>\n<meta property=\"og:image\" content=\"https:\/\/autravail.ca\/wp-content\/uploads\/2025\/05\/Dubbin_A01.jpg\" \/>\n\t<meta property=\"og:image:width\" content=\"1000\" \/>\n\t<meta property=\"og:image:height\" content=\"1000\" \/>\n\t<meta property=\"og:image:type\" content=\"image\/jpeg\" \/>\n<meta name=\"twitter:card\" content=\"summary_large_image\" \/>\n<meta name=\"twitter:label1\" content=\"Est. reading time\" \/>\n\t<meta name=\"twitter:data1\" content=\"2 minutes\" \/>\n<script type=\"application\/ld+json\" class=\"yoast-schema-graph\">{\"@context\":\"https:\/\/schema.org\",\"@graph\":[{\"@type\":\"WebPage\",\"@id\":\"https:\/\/autravail.ca\/product\/graisse-naturelle-dubbin-24427-533\/\",\"url\":\"https:\/\/autravail.ca\/product\/graisse-naturelle-dubbin-24427-533\/\",\"name\":\"Graisse Naturelle Dubbin - 24427 (533) - Le Magasin Industriel\",\"isPartOf\":{\"@id\":\"https:\/\/autravail.ca\/#website\"},\"primaryImageOfPage\":{\"@id\":\"https:\/\/autravail.ca\/product\/graisse-naturelle-dubbin-24427-533\/#primaryimage\"},\"image\":{\"@id\":\"https:\/\/autravail.ca\/product\/graisse-naturelle-dubbin-24427-533\/#primaryimage\"},\"thumbnailUrl\":\"https:\/\/autravail.ca\/wp-content\/uploads\/2025\/05\/Dubbin_A01.jpg\",\"datePublished\":\"2025-05-08T07:20:02+00:00\",\"dateModified\":\"2026-04-02T15:54:30+00:00\",\"description\":\"Graisse Naturelle Dubbin - 24427 (533) sp\u00e9cialement con\u00e7ue pour l'imperm\u00e9abilisation et l'entretien des chaussures, des bottes et des ceintures en cuir\",\"breadcrumb\":{\"@id\":\"https:\/\/autravail.ca\/product\/graisse-naturelle-dubbin-24427-533\/#breadcrumb\"},\"inLanguage\":\"en-CA\",\"potentialAction\":[{\"@type\":\"ReadAction\",\"target\":[\"https:\/\/autravail.ca\/product\/graisse-naturelle-dubbin-24427-533\/\"]}]},{\"@type\":\"ImageObject\",\"inLanguage\":\"en-CA\",\"@id\":\"https:\/\/autravail.ca\/product\/graisse-naturelle-dubbin-24427-533\/#primaryimage\",\"url\":\"https:\/\/autravail.ca\/wp-content\/uploads\/2025\/05\/Dubbin_A01.jpg\",\"contentUrl\":\"https:\/\/autravail.ca\/wp-content\/uploads\/2025\/05\/Dubbin_A01.jpg\",\"width\":1000,\"height\":1000,\"caption\":\"Graisse Naturelle Dubbin - 24427 (533)\"},{\"@type\":\"BreadcrumbList\",\"@id\":\"https:\/\/autravail.ca\/product\/graisse-naturelle-dubbin-24427-533\/#breadcrumb\",\"itemListElement\":[{\"@type\":\"ListItem\",\"position\":1,\"name\":\"Accueil\",\"item\":\"https:\/\/autravail.ca\/\"},{\"@type\":\"ListItem\",\"position\":2,\"name\":\"Magasin\",\"item\":\"https:\/\/autravail.ca\/en\/shop\/\"},{\"@type\":\"ListItem\",\"position\":3,\"name\":\"Graisse Naturelle Dubbin &#8211; 24427 (533)\"}]},{\"@type\":\"WebSite\",\"@id\":\"https:\/\/autravail.ca\/#website\",\"url\":\"https:\/\/autravail.ca\/\",\"name\":\"Le Magasin Industriel\",\"description\":\"50 ans de tradition de s\u00e9curit\u00e9 au travail\",\"publisher\":{\"@id\":\"https:\/\/autravail.ca\/#organization\"},\"potentialAction\":[{\"@type\":\"SearchAction\",\"target\":{\"@type\":\"EntryPoint\",\"urlTemplate\":\"https:\/\/autravail.ca\/?s={search_term_string}\"},\"query-input\":{\"@type\":\"PropertyValueSpecification\",\"valueRequired\":true,\"valueName\":\"search_term_string\"}}],\"inLanguage\":\"en-CA\"},{\"@type\":\"Organization\",\"@id\":\"https:\/\/autravail.ca\/#organization\",\"name\":\"Le Magasin Industriel\",\"url\":\"https:\/\/autravail.ca\/\",\"logo\":{\"@type\":\"ImageObject\",\"inLanguage\":\"en-CA\",\"@id\":\"https:\/\/autravail.ca\/#\/schema\/logo\/image\/\",\"url\":\"https:\/\/autravail.ca\/wp-content\/uploads\/2025\/05\/cropped-magasin_industriel_120x.avif\",\"contentUrl\":\"https:\/\/autravail.ca\/wp-content\/uploads\/2025\/05\/cropped-magasin_industriel_120x.avif\",\"width\":120,\"height\":24,\"caption\":\"Le Magasin Industriel\"},\"image\":{\"@id\":\"https:\/\/autravail.ca\/#\/schema\/logo\/image\/\"},\"sameAs\":[\"https:\/\/www.facebook.com\/lemagasinindustriel\/?locale=fr_FR\"]}]}<\/script>\n<!-- \/ Yoast SEO plugin. -->","yoast_head_json":{"title":"Graisse Naturelle Dubbin - 24427 (533) - Le Magasin Industriel","description":"Graisse Naturelle Dubbin - 24427 (533) sp\u00e9cialement con\u00e7ue pour l'imperm\u00e9abilisation et l'entretien des chaussures, des bottes et des ceintures en cuir","robots":{"index":"index","follow":"follow","max-snippet":"max-snippet:-1","max-image-preview":"max-image-preview:large","max-video-preview":"max-video-preview:-1"},"canonical":"https:\/\/autravail.ca\/en\/product\/graisse-naturelle-dubbin-24427-533\/","og_locale":"en_US","og_type":"article","og_title":"Graisse Naturelle Dubbin - 24427 (533) - Le Magasin Industriel","og_description":"Graisse Naturelle Dubbin - 24427 (533) sp\u00e9cialement con\u00e7ue pour l'imperm\u00e9abilisation et l'entretien des chaussures, des bottes et des ceintures en cuir","og_url":"https:\/\/autravail.ca\/en\/product\/graisse-naturelle-dubbin-24427-533\/","og_site_name":"Le Magasin Industriel","article_publisher":"https:\/\/www.facebook.com\/lemagasinindustriel\/?locale=fr_FR","article_modified_time":"2026-04-02T15:54:30+00:00","og_image":[{"width":1000,"height":1000,"url":"https:\/\/autravail.ca\/wp-content\/uploads\/2025\/05\/Dubbin_A01.jpg","type":"image\/jpeg"}],"twitter_card":"summary_large_image","twitter_misc":{"Est. reading time":"2 minutes"},"schema":{"@context":"https:\/\/schema.org","@graph":[{"@type":"WebPage","@id":"https:\/\/autravail.ca\/product\/graisse-naturelle-dubbin-24427-533\/","url":"https:\/\/autravail.ca\/product\/graisse-naturelle-dubbin-24427-533\/","name":"Graisse Naturelle Dubbin - 24427 (533) - Le Magasin Industriel","isPartOf":{"@id":"https:\/\/autravail.ca\/#website"},"primaryImageOfPage":{"@id":"https:\/\/autravail.ca\/product\/graisse-naturelle-dubbin-24427-533\/#primaryimage"},"image":{"@id":"https:\/\/autravail.ca\/product\/graisse-naturelle-dubbin-24427-533\/#primaryimage"},"thumbnailUrl":"https:\/\/autravail.ca\/wp-content\/uploads\/2025\/05\/Dubbin_A01.jpg","datePublished":"2025-05-08T07:20:02+00:00","dateModified":"2026-04-02T15:54:30+00:00","description":"Graisse Naturelle Dubbin - 24427 (533) sp\u00e9cialement con\u00e7ue pour l'imperm\u00e9abilisation et l'entretien des chaussures, des bottes et des ceintures en cuir","breadcrumb":{"@id":"https:\/\/autravail.ca\/product\/graisse-naturelle-dubbin-24427-533\/#breadcrumb"},"inLanguage":"en-CA","potentialAction":[{"@type":"ReadAction","target":["https:\/\/autravail.ca\/product\/graisse-naturelle-dubbin-24427-533\/"]}]},{"@type":"ImageObject","inLanguage":"en-CA","@id":"https:\/\/autravail.ca\/product\/graisse-naturelle-dubbin-24427-533\/#primaryimage","url":"https:\/\/autravail.ca\/wp-content\/uploads\/2025\/05\/Dubbin_A01.jpg","contentUrl":"https:\/\/autravail.ca\/wp-content\/uploads\/2025\/05\/Dubbin_A01.jpg","width":1000,"height":1000,"caption":"Graisse Naturelle Dubbin - 24427 (533)"},{"@type":"BreadcrumbList","@id":"https:\/\/autravail.ca\/product\/graisse-naturelle-dubbin-24427-533\/#breadcrumb","itemListElement":[{"@type":"ListItem","position":1,"name":"Accueil","item":"https:\/\/autravail.ca\/"},{"@type":"ListItem","position":2,"name":"Magasin","item":"https:\/\/autravail.ca\/en\/shop\/"},{"@type":"ListItem","position":3,"name":"Graisse Naturelle Dubbin &#8211; 24427 (533)"}]},{"@type":"WebSite","@id":"https:\/\/autravail.ca\/#website","url":"https:\/\/autravail.ca\/","name":"Le Magasin Industriel","description":"50 ans de tradition de s\u00e9curit\u00e9 au travail","publisher":{"@id":"https:\/\/autravail.ca\/#organization"},"potentialAction":[{"@type":"SearchAction","target":{"@type":"EntryPoint","urlTemplate":"https:\/\/autravail.ca\/?s={search_term_string}"},"query-input":{"@type":"PropertyValueSpecification","valueRequired":true,"valueName":"search_term_string"}}],"inLanguage":"en-CA"},{"@type":"Organization","@id":"https:\/\/autravail.ca\/#organization","name":"Le Magasin Industriel","url":"https:\/\/autravail.ca\/","logo":{"@type":"ImageObject","inLanguage":"en-CA","@id":"https:\/\/autravail.ca\/#\/schema\/logo\/image\/","url":"https:\/\/autravail.ca\/wp-content\/uploads\/2025\/05\/cropped-magasin_industriel_120x.avif","contentUrl":"https:\/\/autravail.ca\/wp-content\/uploads\/2025\/05\/cropped-magasin_industriel_120x.avif","width":120,"height":24,"caption":"Le Magasin Industriel"},"image":{"@id":"https:\/\/autravail.ca\/#\/schema\/logo\/image\/"},"sameAs":["https:\/\/www.facebook.com\/lemagasinindustriel\/?locale=fr_FR"]}]}},"jetpack_sharing_enabled":true,"_links":{"self":[{"href":"https:\/\/autravail.ca\/en\/wp-json\/wp\/v2\/product\/33614","targetHints":{"allow":["GET"]}}],"collection":[{"href":"https:\/\/autravail.ca\/en\/wp-json\/wp\/v2\/product"}],"about":[{"href":"https:\/\/autravail.ca\/en\/wp-json\/wp\/v2\/types\/product"}],"replies":[{"embeddable":true,"href":"https:\/\/autravail.ca\/en\/wp-json\/wp\/v2\/comments?post=33614"}],"wp:featuredmedia":[{"embeddable":true,"href":"https:\/\/autravail.ca\/en\/wp-json\/wp\/v2\/media\/46867"}],"wp:attachment":[{"href":"https:\/\/autravail.ca\/en\/wp-json\/wp\/v2\/media?parent=33614"}],"wp:term":[{"taxonomy":"product_cat","embeddable":true,"href":"https:\/\/autravail.ca\/en\/wp-json\/wp\/v2\/product_cat?post=33614"},{"taxonomy":"product_tag","embeddable":true,"href":"https:\/\/autravail.ca\/en\/wp-json\/wp\/v2\/product_tag?post=33614"}],"curies":[{"name":"wp","href":"https:\/\/api.w.org\/{rel}","templated":true}]}}