{"id":33556,"date":"2025-05-08T07:19:17","date_gmt":"2025-05-08T07:19:17","guid":{"rendered":"https:\/\/meteoquebec.ca\/?post_type=product&#038;p=33556"},"modified":"2025-12-05T05:10:27","modified_gmt":"2025-12-05T09:10:27","slug":"gant-chauffant-789009mh","status":"publish","type":"product","link":"https:\/\/autravail.ca\/en\/product\/gant-chauffant-789009mh\/","title":{"rendered":"CHAUFANT GLOVE - 789009MH"},"content":{"rendered":"<p>Goat Leather Heating Gloves - Group BBH<\/p>\n<p><span>Are you looking for ultra-warm and durable work gloves? These goat leather Heating gloves with a fantastic treatment are a must. The C-70 Thinsulate lining, combined with 3 levels of heating powered by two batteries and a heating zone on the sides of the fingers, will keep you warm for your recreational or maintenance activities. The elastic cord with auto-locking system helps to maintain your body temperature, in addition to keeping snow and debris outside.<\/span><\/p>\n<p><span><i class=\"custom\">Nothing to translate here as the text seems empty or consists of special characters () which are not typical symbols, words or phrases.<\/i>\u00a0Knuckles and ends of fingers in goat leather shimmering<\/span><\/p>\n<p><span><i class=\"custom\">Nothing to translate here as the text seems empty or consists of special characters () which are not typical symbols, words or phrases.<\/i>\u00a0Black nylon shells<\/span><\/p>\n<p><span><i class=\"custom\">Nothing to translate here as the text seems empty or consists of special characters () which are not typical symbols, words or phrases.<\/i>\u00a0Adjustable auto-clasping band for wrists<\/span><\/p>\n<p><span><i class=\"custom\">Nothing to translate here as the text seems empty or consists of special characters () which are not typical symbols, words or phrases.<\/i> <\/span><span>Adjustable collar with elastic closure strap and auto-locking system<\/span><\/p>\n<p><span><i class=\"custom\">Nothing to translate here as the text seems empty or consists of special characters () which are not typical symbols, words or phrases.<\/i>\u00a0Pockets with YKK sliding closure for battery storage<\/span><\/p>\n<p><span><i class=\"custom\">Nothing to translate here as the text seems empty or consists of special characters () which are not typical symbols, words or phrases.<\/i>\u00a0C-70 Thinsulate<\/span><\/p>\n<p><span><i class=\"custom\">Nothing to translate here as the text seems empty or consists of special characters () which are not typical symbols, words or phrases.<\/i>\u00a0Three levels of heating powered by two lithium-polymer batteries at 7.4 V<\/span><\/p>\n<p><span><i class=\"custom\">Nothing to translate here as the text seems empty or consists of special characters () which are not typical symbols, words or phrases.<\/i>\u00a0Warm zone on the side of the fingers<\/span><\/p>\n<p><span><i class=\"custom\">Nothing to translate here as the text seems empty or consists of special characters () which are not typical symbols, words or phrases.<\/i>\u00a0Battery charger included<\/span><\/p>","protected":false},"excerpt":{"rendered":"<p>Heating Goat Leather Gloves - BBH Group Are you searching for extremely warm and durable work gloves? These Heating goat leather gloves with a stunning treatment are a must-have. The C-70 Thinsulate lining, combined with 3 heating levels powered by two batteries and a Heating zone on the side [&hellip;]<\/p>","protected":false},"featured_media":18615,"comment_status":"open","ping_status":"closed","template":"","meta":[],"product_cat":[602],"product_tag":[242],"class_list":{"0":"post-33556","1":"product","2":"type-product","3":"status-publish","4":"has-post-thumbnail","6":"product_brand-magasin-industriel","7":"product_cat-hommes","8":"product_tag-homme","10":"first","11":"instock","12":"taxable","13":"shipping-taxable","14":"purchasable","15":"product-type-variable"},"yoast_head":"<!-- This site is optimized with the Yoast SEO plugin v25.3.1 - https:\/\/yoast.com\/wordpress\/plugins\/seo\/ -->\n<title>GANT CHAUFFANT - 789009MH - Le Magasin Industriel<\/title>\n<meta name=\"robots\" content=\"index, follow, max-snippet:-1, max-image-preview:large, max-video-preview:-1\" \/>\n<link rel=\"canonical\" href=\"https:\/\/autravail.ca\/en\/product\/gant-chauffant-789009mh\/\" \/>\n<meta property=\"og:locale\" content=\"en_US\" \/>\n<meta property=\"og:type\" content=\"article\" \/>\n<meta property=\"og:title\" content=\"GANT CHAUFFANT - 789009MH - Le Magasin Industriel\" \/>\n<meta property=\"og:description\" content=\"Gant chauffant en cuir de ch\u00e8vre &#8211; Groupe BBH \u00c0 la recherche de gants de travail ultrachauds et durables? Ces gants chauffants en cuir de ch\u00e8vre avec un traitement d\u00e9perlant sont un must. La doublure C-70 Thinsulate\u2122, combin\u00e9e \u00e0 3 niveaux de chauffage aliment\u00e9s par deux batteries et \u00e0 une zone chauffante sur le c\u00f4t\u00e9 [&hellip;]\" \/>\n<meta property=\"og:url\" content=\"https:\/\/autravail.ca\/en\/product\/gant-chauffant-789009mh\/\" \/>\n<meta property=\"og:site_name\" content=\"Le Magasin Industriel\" \/>\n<meta property=\"article:publisher\" content=\"https:\/\/www.facebook.com\/lemagasinindustriel\/?locale=fr_FR\" \/>\n<meta property=\"article:modified_time\" content=\"2025-12-05T09:10:27+00:00\" \/>\n<meta property=\"og:image\" content=\"https:\/\/autravail.ca\/wp-content\/uploads\/2025\/05\/789009MH_A01.jpg\" \/>\n\t<meta property=\"og:image:width\" content=\"1000\" \/>\n\t<meta property=\"og:image:height\" content=\"1000\" \/>\n\t<meta property=\"og:image:type\" content=\"image\/jpeg\" \/>\n<meta name=\"twitter:card\" content=\"summary_large_image\" \/>\n<meta name=\"twitter:label1\" content=\"Est. reading time\" \/>\n\t<meta name=\"twitter:data1\" content=\"1 minute\" \/>\n<script type=\"application\/ld+json\" class=\"yoast-schema-graph\">{\"@context\":\"https:\/\/schema.org\",\"@graph\":[{\"@type\":\"WebPage\",\"@id\":\"https:\/\/autravail.ca\/en\/product\/gant-chauffant-789009mh\/\",\"url\":\"https:\/\/autravail.ca\/en\/product\/gant-chauffant-789009mh\/\",\"name\":\"GANT CHAUFFANT - 789009MH - Le Magasin Industriel\",\"isPartOf\":{\"@id\":\"https:\/\/autravail.ca\/#website\"},\"primaryImageOfPage\":{\"@id\":\"https:\/\/autravail.ca\/en\/product\/gant-chauffant-789009mh\/#primaryimage\"},\"image\":{\"@id\":\"https:\/\/autravail.ca\/en\/product\/gant-chauffant-789009mh\/#primaryimage\"},\"thumbnailUrl\":\"https:\/\/autravail.ca\/wp-content\/uploads\/2025\/05\/789009MH_A01.jpg\",\"datePublished\":\"2025-05-08T07:19:17+00:00\",\"dateModified\":\"2025-12-05T09:10:27+00:00\",\"breadcrumb\":{\"@id\":\"https:\/\/autravail.ca\/en\/product\/gant-chauffant-789009mh\/#breadcrumb\"},\"inLanguage\":\"en-CA\",\"potentialAction\":[{\"@type\":\"ReadAction\",\"target\":[\"https:\/\/autravail.ca\/en\/product\/gant-chauffant-789009mh\/\"]}]},{\"@type\":\"ImageObject\",\"inLanguage\":\"en-CA\",\"@id\":\"https:\/\/autravail.ca\/en\/product\/gant-chauffant-789009mh\/#primaryimage\",\"url\":\"https:\/\/autravail.ca\/wp-content\/uploads\/2025\/05\/789009MH_A01.jpg\",\"contentUrl\":\"https:\/\/autravail.ca\/wp-content\/uploads\/2025\/05\/789009MH_A01.jpg\",\"width\":1000,\"height\":1000},{\"@type\":\"BreadcrumbList\",\"@id\":\"https:\/\/autravail.ca\/en\/product\/gant-chauffant-789009mh\/#breadcrumb\",\"itemListElement\":[{\"@type\":\"ListItem\",\"position\":1,\"name\":\"Accueil\",\"item\":\"https:\/\/autravail.ca\/\"},{\"@type\":\"ListItem\",\"position\":2,\"name\":\"Magasin\",\"item\":\"https:\/\/autravail.ca\/en\/shop\/\"},{\"@type\":\"ListItem\",\"position\":3,\"name\":\"GANT CHAUFFANT &#8211; 789009MH\"}]},{\"@type\":\"WebSite\",\"@id\":\"https:\/\/autravail.ca\/#website\",\"url\":\"https:\/\/autravail.ca\/\",\"name\":\"Le Magasin Industriel\",\"description\":\"50 ans de tradition de s\u00e9curit\u00e9 au travail\",\"publisher\":{\"@id\":\"https:\/\/autravail.ca\/#organization\"},\"potentialAction\":[{\"@type\":\"SearchAction\",\"target\":{\"@type\":\"EntryPoint\",\"urlTemplate\":\"https:\/\/autravail.ca\/?s={search_term_string}\"},\"query-input\":{\"@type\":\"PropertyValueSpecification\",\"valueRequired\":true,\"valueName\":\"search_term_string\"}}],\"inLanguage\":\"en-CA\"},{\"@type\":\"Organization\",\"@id\":\"https:\/\/autravail.ca\/#organization\",\"name\":\"Le Magasin Industriel\",\"url\":\"https:\/\/autravail.ca\/\",\"logo\":{\"@type\":\"ImageObject\",\"inLanguage\":\"en-CA\",\"@id\":\"https:\/\/autravail.ca\/#\/schema\/logo\/image\/\",\"url\":\"https:\/\/autravail.ca\/wp-content\/uploads\/2025\/05\/cropped-magasin_industriel_120x.avif\",\"contentUrl\":\"https:\/\/autravail.ca\/wp-content\/uploads\/2025\/05\/cropped-magasin_industriel_120x.avif\",\"width\":120,\"height\":24,\"caption\":\"Le Magasin Industriel\"},\"image\":{\"@id\":\"https:\/\/autravail.ca\/#\/schema\/logo\/image\/\"},\"sameAs\":[\"https:\/\/www.facebook.com\/lemagasinindustriel\/?locale=fr_FR\"]}]}<\/script>\n<!-- \/ Yoast SEO plugin. -->","yoast_head_json":{"title":"GANT CHAUFFANT - 789009MH - Le Magasin Industriel","robots":{"index":"index","follow":"follow","max-snippet":"max-snippet:-1","max-image-preview":"max-image-preview:large","max-video-preview":"max-video-preview:-1"},"canonical":"https:\/\/autravail.ca\/en\/product\/gant-chauffant-789009mh\/","og_locale":"en_US","og_type":"article","og_title":"GANT CHAUFFANT - 789009MH - Le Magasin Industriel","og_description":"Gant chauffant en cuir de ch\u00e8vre &#8211; Groupe BBH \u00c0 la recherche de gants de travail ultrachauds et durables? Ces gants chauffants en cuir de ch\u00e8vre avec un traitement d\u00e9perlant sont un must. La doublure C-70 Thinsulate\u2122, combin\u00e9e \u00e0 3 niveaux de chauffage aliment\u00e9s par deux batteries et \u00e0 une zone chauffante sur le c\u00f4t\u00e9 [&hellip;]","og_url":"https:\/\/autravail.ca\/en\/product\/gant-chauffant-789009mh\/","og_site_name":"Le Magasin Industriel","article_publisher":"https:\/\/www.facebook.com\/lemagasinindustriel\/?locale=fr_FR","article_modified_time":"2025-12-05T09:10:27+00:00","og_image":[{"width":1000,"height":1000,"url":"https:\/\/autravail.ca\/wp-content\/uploads\/2025\/05\/789009MH_A01.jpg","type":"image\/jpeg"}],"twitter_card":"summary_large_image","twitter_misc":{"Est. reading time":"1 minute"},"schema":{"@context":"https:\/\/schema.org","@graph":[{"@type":"WebPage","@id":"https:\/\/autravail.ca\/en\/product\/gant-chauffant-789009mh\/","url":"https:\/\/autravail.ca\/en\/product\/gant-chauffant-789009mh\/","name":"GANT CHAUFFANT - 789009MH - Le Magasin Industriel","isPartOf":{"@id":"https:\/\/autravail.ca\/#website"},"primaryImageOfPage":{"@id":"https:\/\/autravail.ca\/en\/product\/gant-chauffant-789009mh\/#primaryimage"},"image":{"@id":"https:\/\/autravail.ca\/en\/product\/gant-chauffant-789009mh\/#primaryimage"},"thumbnailUrl":"https:\/\/autravail.ca\/wp-content\/uploads\/2025\/05\/789009MH_A01.jpg","datePublished":"2025-05-08T07:19:17+00:00","dateModified":"2025-12-05T09:10:27+00:00","breadcrumb":{"@id":"https:\/\/autravail.ca\/en\/product\/gant-chauffant-789009mh\/#breadcrumb"},"inLanguage":"en-CA","potentialAction":[{"@type":"ReadAction","target":["https:\/\/autravail.ca\/en\/product\/gant-chauffant-789009mh\/"]}]},{"@type":"ImageObject","inLanguage":"en-CA","@id":"https:\/\/autravail.ca\/en\/product\/gant-chauffant-789009mh\/#primaryimage","url":"https:\/\/autravail.ca\/wp-content\/uploads\/2025\/05\/789009MH_A01.jpg","contentUrl":"https:\/\/autravail.ca\/wp-content\/uploads\/2025\/05\/789009MH_A01.jpg","width":1000,"height":1000},{"@type":"BreadcrumbList","@id":"https:\/\/autravail.ca\/en\/product\/gant-chauffant-789009mh\/#breadcrumb","itemListElement":[{"@type":"ListItem","position":1,"name":"Accueil","item":"https:\/\/autravail.ca\/"},{"@type":"ListItem","position":2,"name":"Magasin","item":"https:\/\/autravail.ca\/en\/shop\/"},{"@type":"ListItem","position":3,"name":"GANT CHAUFFANT &#8211; 789009MH"}]},{"@type":"WebSite","@id":"https:\/\/autravail.ca\/#website","url":"https:\/\/autravail.ca\/","name":"Le Magasin Industriel","description":"50 ans de tradition de s\u00e9curit\u00e9 au travail","publisher":{"@id":"https:\/\/autravail.ca\/#organization"},"potentialAction":[{"@type":"SearchAction","target":{"@type":"EntryPoint","urlTemplate":"https:\/\/autravail.ca\/?s={search_term_string}"},"query-input":{"@type":"PropertyValueSpecification","valueRequired":true,"valueName":"search_term_string"}}],"inLanguage":"en-CA"},{"@type":"Organization","@id":"https:\/\/autravail.ca\/#organization","name":"Le Magasin Industriel","url":"https:\/\/autravail.ca\/","logo":{"@type":"ImageObject","inLanguage":"en-CA","@id":"https:\/\/autravail.ca\/#\/schema\/logo\/image\/","url":"https:\/\/autravail.ca\/wp-content\/uploads\/2025\/05\/cropped-magasin_industriel_120x.avif","contentUrl":"https:\/\/autravail.ca\/wp-content\/uploads\/2025\/05\/cropped-magasin_industriel_120x.avif","width":120,"height":24,"caption":"Le Magasin Industriel"},"image":{"@id":"https:\/\/autravail.ca\/#\/schema\/logo\/image\/"},"sameAs":["https:\/\/www.facebook.com\/lemagasinindustriel\/?locale=fr_FR"]}]}},"jetpack_sharing_enabled":true,"_links":{"self":[{"href":"https:\/\/autravail.ca\/en\/wp-json\/wp\/v2\/product\/33556","targetHints":{"allow":["GET"]}}],"collection":[{"href":"https:\/\/autravail.ca\/en\/wp-json\/wp\/v2\/product"}],"about":[{"href":"https:\/\/autravail.ca\/en\/wp-json\/wp\/v2\/types\/product"}],"replies":[{"embeddable":true,"href":"https:\/\/autravail.ca\/en\/wp-json\/wp\/v2\/comments?post=33556"}],"wp:featuredmedia":[{"embeddable":true,"href":"https:\/\/autravail.ca\/en\/wp-json\/wp\/v2\/media\/18615"}],"wp:attachment":[{"href":"https:\/\/autravail.ca\/en\/wp-json\/wp\/v2\/media?parent=33556"}],"wp:term":[{"taxonomy":"product_cat","embeddable":true,"href":"https:\/\/autravail.ca\/en\/wp-json\/wp\/v2\/product_cat?post=33556"},{"taxonomy":"product_tag","embeddable":true,"href":"https:\/\/autravail.ca\/en\/wp-json\/wp\/v2\/product_tag?post=33556"}],"curies":[{"name":"wp","href":"https:\/\/api.w.org\/{rel}","templated":true}]}}