{"id":33465,"date":"2025-05-08T07:18:11","date_gmt":"2025-05-08T07:18:11","guid":{"rendered":"https:\/\/meteoquebec.ca\/?post_type=product&#038;p=33465"},"modified":"2026-04-13T17:13:07","modified_gmt":"2026-04-13T21:13:07","slug":"soulier-de-travail-fullbench-superlite-j17541","status":"publish","type":"product","link":"https:\/\/autravail.ca\/en\/product\/soulier-de-travail-fullbench-superlite-j17541\/","title":{"rendered":"Soulier de travail Fullbench Superlite &#8211; J17541"},"content":{"rendered":"<h3>Soulier de travail Fullbench Superlite &#8211; J17541<\/h3>\n<p>Soulier de travail Fullbench Superlite &#8211; J17541 de <a href=\"https:\/\/autravail.ca\/en\/product-brand\/merrell\/\">Merrell<\/a> comme son nom l&rsquo;indique, sa principale caract\u00e9ristique est sa l\u00e9g\u00e8ret\u00e9 extr\u00eame, \u00e9tant environ <strong class=\"Yjhzub\" data-sfc-root=\"c\" data-sfc-cb=\"\" data-complete=\"true\" data-processed=\"true\">17 % plus l\u00e9g\u00e8re<\/strong>\u00a0que le mod\u00e8le Fullbench original.<\/p>\n<p><img decoding=\"async\" class=\"alignnone size-full wp-image-40117\" src=\"https:\/\/autravail.ca\/wp-content\/uploads\/2025\/09\/Certification-Omega-Triangle-vert.jpg\" alt=\"Certifications Om\u00e9ga Triangle vert\" width=\"193\" height=\"110\" srcset=\"https:\/\/autravail.ca\/wp-content\/uploads\/2025\/09\/Certification-Omega-Triangle-vert.jpg 193w, https:\/\/autravail.ca\/wp-content\/uploads\/2025\/09\/Certification-Omega-Triangle-vert-150x85.jpg 150w, https:\/\/autravail.ca\/wp-content\/uploads\/2025\/09\/Certification-Omega-Triangle-vert-18x10.jpg 18w\" sizes=\"(max-width: 193px) 100vw, 193px\" \/><\/p>\n<h6>Characteristics:<\/h6>\n<p>\u2022 Tige en cuir synth\u00e9tique et maille pour une ventilation optimale, id\u00e9ale pour les environnements int\u00e9rieurs ou chauds comme les entrep\u00f4ts<br \/>\n\u2022 Doublure en maille respirante<br \/>\n\u2022 Assise plantaire profil\u00e9e COMFORTBASE\u2122 enveloppant votre pied pour un confort tout au long de la journ\u00e9e<br \/>\n\u2022 Cambrion de la vo\u00fbte plantaire en nylon moul\u00e9<br \/>\n\u2022 Semelle intercalaire COMFORTBASE\u2122 en EVA caoutchout\u00e9e pour une absorption des chocs et un amorti accrus<br \/>\n\u2022 Semelle ext\u00e9rieure en caoutchouc durable antid\u00e9rapante et r\u00e9sistante \u00e0 l&rsquo;huile ; test\u00e9e selon la norme Mark II.<br \/>\n\u2022 Semelle ext\u00e9rieure en EVA dot\u00e9e de crampons en caoutchouc plac\u00e9s strat\u00e9giquement pour une adh\u00e9rence en toute l\u00e9g\u00e8ret\u00e9<br \/>\n\u2022 Plaque r\u00e9sistante aux perforations, offrant une s\u00e9curit\u00e9 maximale sans le poids de l&rsquo;acier, Certifi\u00e9e\u00a0<strong class=\"Yjhzub\" data-sfc-root=\"c\" data-sfc-cb=\"\" data-complete=\"true\" aria-owns=\"action-menu-parent-container\">CSA Grade 1<\/strong><br \/>\n\u2022 Embout de s\u00e9curit\u00e9 en alliage pour une protection l\u00e9g\u00e8re ; class\u00e9 CSA Z195-14<br \/>\n\u2022 Protection contre les risques \u00e9lectriques (EH)<\/p>\n<p><em><span style=\"color: #fa0b0b;\">Unisex U.S. men's sizes presented. To convert to U.S. women's size, add 2 sizes. Example: 5 U.S. men = 7 U.S. women<\/span><\/em><\/p>\n<p><img decoding=\"async\" class=\"alignnone wp-image-40620\" src=\"https:\/\/autravail.ca\/wp-content\/uploads\/2025\/09\/Jachete-quebec-et-canada.jpg\" alt=\"Logo de l'achat local\" width=\"162\" height=\"139\" \/>Merci d&rsquo;encourager une entreprise 100% d&rsquo;ici!<\/p>\n<p>TS2604H<\/p>","protected":false},"excerpt":{"rendered":"<p>Soulier de travail Fullbench Superlite &#8211; J17541 Soulier de travail Fullbench Superlite &#8211; J17541 de Merrell comme son nom l&rsquo;indique, sa principale caract\u00e9ristique est sa l\u00e9g\u00e8ret\u00e9 extr\u00eame, \u00e9tant environ 17 % plus l\u00e9g\u00e8re\u00a0que le mod\u00e8le Fullbench original. Caract\u00e9ristiques: \u2022 Tige en cuir synth\u00e9tique et maille pour une ventilation optimale, id\u00e9ale pour les environnements int\u00e9rieurs ou [&hellip;]<\/p>","protected":false},"featured_media":18468,"comment_status":"open","ping_status":"closed","template":"","meta":[],"product_cat":[645,808,602],"product_tag":[252,270,242,253],"class_list":{"0":"post-33465","1":"product","2":"type-product","3":"status-publish","4":"has-post-thumbnail","6":"product_brand-merrell","7":"product_cat-espadrilles-de-travail","8":"product_cat-espadrilles-de-travail-homme","9":"product_cat-hommes","10":"product_tag-electric-shock-resistant","11":"product_tag-espadrilles-de-travail","12":"product_tag-homme","13":"product_tag-sole-protection","15":"first","16":"instock","17":"taxable","18":"shipping-taxable","19":"purchasable","20":"product-type-variable"},"yoast_head":"<!-- This site is optimized with the Yoast SEO plugin v25.3.1 - https:\/\/yoast.com\/wordpress\/plugins\/seo\/ -->\n<title>Soulier de travail Fullbench Superlite - J17541 - Le Magasin Industriel<\/title>\n<meta name=\"description\" content=\"Soulier de travail Fullbench Superlite - J17541 comme son nom l&#039;indique, sa principale caract\u00e9ristique est sa l\u00e9g\u00e8ret\u00e9 extr\u00eame\" \/>\n<meta name=\"robots\" content=\"index, follow, max-snippet:-1, max-image-preview:large, max-video-preview:-1\" \/>\n<link rel=\"canonical\" href=\"https:\/\/autravail.ca\/en\/product\/soulier-de-travail-fullbench-superlite-j17541\/\" \/>\n<meta property=\"og:locale\" content=\"en_US\" \/>\n<meta property=\"og:type\" content=\"article\" \/>\n<meta property=\"og:title\" content=\"Soulier de travail Fullbench Superlite - J17541 - Le Magasin Industriel\" \/>\n<meta property=\"og:description\" content=\"Soulier de travail Fullbench Superlite - J17541 comme son nom l&#039;indique, sa principale caract\u00e9ristique est sa l\u00e9g\u00e8ret\u00e9 extr\u00eame\" \/>\n<meta property=\"og:url\" content=\"https:\/\/autravail.ca\/en\/product\/soulier-de-travail-fullbench-superlite-j17541\/\" \/>\n<meta property=\"og:site_name\" content=\"Le Magasin Industriel\" \/>\n<meta property=\"article:publisher\" content=\"https:\/\/www.facebook.com\/lemagasinindustriel\/?locale=fr_FR\" \/>\n<meta property=\"article:modified_time\" content=\"2026-04-13T21:13:07+00:00\" \/>\n<meta property=\"og:image\" content=\"https:\/\/autravail.ca\/wp-content\/uploads\/2025\/05\/J17541_A01_836f5775-bf8b-4312-90ec-254d2a88dc11.jpg\" \/>\n\t<meta property=\"og:image:width\" content=\"1000\" \/>\n\t<meta property=\"og:image:height\" content=\"1000\" \/>\n\t<meta property=\"og:image:type\" content=\"image\/jpeg\" \/>\n<meta name=\"twitter:card\" content=\"summary_large_image\" \/>\n<meta name=\"twitter:label1\" content=\"Est. reading time\" \/>\n\t<meta name=\"twitter:data1\" content=\"2 minutes\" \/>\n<script type=\"application\/ld+json\" class=\"yoast-schema-graph\">{\"@context\":\"https:\/\/schema.org\",\"@graph\":[{\"@type\":\"WebPage\",\"@id\":\"https:\/\/autravail.ca\/product\/soulier-de-travail-fullbench-superlite-j17541\/\",\"url\":\"https:\/\/autravail.ca\/product\/soulier-de-travail-fullbench-superlite-j17541\/\",\"name\":\"Soulier de travail Fullbench Superlite - J17541 - Le Magasin Industriel\",\"isPartOf\":{\"@id\":\"https:\/\/autravail.ca\/#website\"},\"primaryImageOfPage\":{\"@id\":\"https:\/\/autravail.ca\/product\/soulier-de-travail-fullbench-superlite-j17541\/#primaryimage\"},\"image\":{\"@id\":\"https:\/\/autravail.ca\/product\/soulier-de-travail-fullbench-superlite-j17541\/#primaryimage\"},\"thumbnailUrl\":\"https:\/\/autravail.ca\/wp-content\/uploads\/2025\/05\/J17541_A01_836f5775-bf8b-4312-90ec-254d2a88dc11.jpg\",\"datePublished\":\"2025-05-08T07:18:11+00:00\",\"dateModified\":\"2026-04-13T21:13:07+00:00\",\"description\":\"Soulier de travail Fullbench Superlite - J17541 comme son nom l'indique, sa principale caract\u00e9ristique est sa l\u00e9g\u00e8ret\u00e9 extr\u00eame\",\"breadcrumb\":{\"@id\":\"https:\/\/autravail.ca\/product\/soulier-de-travail-fullbench-superlite-j17541\/#breadcrumb\"},\"inLanguage\":\"en-CA\",\"potentialAction\":[{\"@type\":\"ReadAction\",\"target\":[\"https:\/\/autravail.ca\/product\/soulier-de-travail-fullbench-superlite-j17541\/\"]}]},{\"@type\":\"ImageObject\",\"inLanguage\":\"en-CA\",\"@id\":\"https:\/\/autravail.ca\/product\/soulier-de-travail-fullbench-superlite-j17541\/#primaryimage\",\"url\":\"https:\/\/autravail.ca\/wp-content\/uploads\/2025\/05\/J17541_A01_836f5775-bf8b-4312-90ec-254d2a88dc11.jpg\",\"contentUrl\":\"https:\/\/autravail.ca\/wp-content\/uploads\/2025\/05\/J17541_A01_836f5775-bf8b-4312-90ec-254d2a88dc11.jpg\",\"width\":1000,\"height\":1000,\"caption\":\"Soulier de travail Fullbench Superlite - J17541\"},{\"@type\":\"BreadcrumbList\",\"@id\":\"https:\/\/autravail.ca\/product\/soulier-de-travail-fullbench-superlite-j17541\/#breadcrumb\",\"itemListElement\":[{\"@type\":\"ListItem\",\"position\":1,\"name\":\"Accueil\",\"item\":\"https:\/\/autravail.ca\/\"},{\"@type\":\"ListItem\",\"position\":2,\"name\":\"Magasin\",\"item\":\"https:\/\/autravail.ca\/en\/shop\/\"},{\"@type\":\"ListItem\",\"position\":3,\"name\":\"Soulier de travail Fullbench Superlite &#8211; J17541\"}]},{\"@type\":\"WebSite\",\"@id\":\"https:\/\/autravail.ca\/#website\",\"url\":\"https:\/\/autravail.ca\/\",\"name\":\"Le Magasin Industriel\",\"description\":\"50 ans de tradition de s\u00e9curit\u00e9 au travail\",\"publisher\":{\"@id\":\"https:\/\/autravail.ca\/#organization\"},\"potentialAction\":[{\"@type\":\"SearchAction\",\"target\":{\"@type\":\"EntryPoint\",\"urlTemplate\":\"https:\/\/autravail.ca\/?s={search_term_string}\"},\"query-input\":{\"@type\":\"PropertyValueSpecification\",\"valueRequired\":true,\"valueName\":\"search_term_string\"}}],\"inLanguage\":\"en-CA\"},{\"@type\":\"Organization\",\"@id\":\"https:\/\/autravail.ca\/#organization\",\"name\":\"Le Magasin Industriel\",\"url\":\"https:\/\/autravail.ca\/\",\"logo\":{\"@type\":\"ImageObject\",\"inLanguage\":\"en-CA\",\"@id\":\"https:\/\/autravail.ca\/#\/schema\/logo\/image\/\",\"url\":\"https:\/\/autravail.ca\/wp-content\/uploads\/2025\/05\/cropped-magasin_industriel_120x.avif\",\"contentUrl\":\"https:\/\/autravail.ca\/wp-content\/uploads\/2025\/05\/cropped-magasin_industriel_120x.avif\",\"width\":120,\"height\":24,\"caption\":\"Le Magasin Industriel\"},\"image\":{\"@id\":\"https:\/\/autravail.ca\/#\/schema\/logo\/image\/\"},\"sameAs\":[\"https:\/\/www.facebook.com\/lemagasinindustriel\/?locale=fr_FR\"]}]}<\/script>\n<!-- \/ Yoast SEO plugin. -->","yoast_head_json":{"title":"Soulier de travail Fullbench Superlite - J17541 - Le Magasin Industriel","description":"Soulier de travail Fullbench Superlite - J17541 comme son nom l'indique, sa principale caract\u00e9ristique est sa l\u00e9g\u00e8ret\u00e9 extr\u00eame","robots":{"index":"index","follow":"follow","max-snippet":"max-snippet:-1","max-image-preview":"max-image-preview:large","max-video-preview":"max-video-preview:-1"},"canonical":"https:\/\/autravail.ca\/en\/product\/soulier-de-travail-fullbench-superlite-j17541\/","og_locale":"en_US","og_type":"article","og_title":"Soulier de travail Fullbench Superlite - J17541 - Le Magasin Industriel","og_description":"Soulier de travail Fullbench Superlite - J17541 comme son nom l'indique, sa principale caract\u00e9ristique est sa l\u00e9g\u00e8ret\u00e9 extr\u00eame","og_url":"https:\/\/autravail.ca\/en\/product\/soulier-de-travail-fullbench-superlite-j17541\/","og_site_name":"Le Magasin Industriel","article_publisher":"https:\/\/www.facebook.com\/lemagasinindustriel\/?locale=fr_FR","article_modified_time":"2026-04-13T21:13:07+00:00","og_image":[{"width":1000,"height":1000,"url":"https:\/\/autravail.ca\/wp-content\/uploads\/2025\/05\/J17541_A01_836f5775-bf8b-4312-90ec-254d2a88dc11.jpg","type":"image\/jpeg"}],"twitter_card":"summary_large_image","twitter_misc":{"Est. reading time":"2 minutes"},"schema":{"@context":"https:\/\/schema.org","@graph":[{"@type":"WebPage","@id":"https:\/\/autravail.ca\/product\/soulier-de-travail-fullbench-superlite-j17541\/","url":"https:\/\/autravail.ca\/product\/soulier-de-travail-fullbench-superlite-j17541\/","name":"Soulier de travail Fullbench Superlite - J17541 - Le Magasin Industriel","isPartOf":{"@id":"https:\/\/autravail.ca\/#website"},"primaryImageOfPage":{"@id":"https:\/\/autravail.ca\/product\/soulier-de-travail-fullbench-superlite-j17541\/#primaryimage"},"image":{"@id":"https:\/\/autravail.ca\/product\/soulier-de-travail-fullbench-superlite-j17541\/#primaryimage"},"thumbnailUrl":"https:\/\/autravail.ca\/wp-content\/uploads\/2025\/05\/J17541_A01_836f5775-bf8b-4312-90ec-254d2a88dc11.jpg","datePublished":"2025-05-08T07:18:11+00:00","dateModified":"2026-04-13T21:13:07+00:00","description":"Soulier de travail Fullbench Superlite - J17541 comme son nom l'indique, sa principale caract\u00e9ristique est sa l\u00e9g\u00e8ret\u00e9 extr\u00eame","breadcrumb":{"@id":"https:\/\/autravail.ca\/product\/soulier-de-travail-fullbench-superlite-j17541\/#breadcrumb"},"inLanguage":"en-CA","potentialAction":[{"@type":"ReadAction","target":["https:\/\/autravail.ca\/product\/soulier-de-travail-fullbench-superlite-j17541\/"]}]},{"@type":"ImageObject","inLanguage":"en-CA","@id":"https:\/\/autravail.ca\/product\/soulier-de-travail-fullbench-superlite-j17541\/#primaryimage","url":"https:\/\/autravail.ca\/wp-content\/uploads\/2025\/05\/J17541_A01_836f5775-bf8b-4312-90ec-254d2a88dc11.jpg","contentUrl":"https:\/\/autravail.ca\/wp-content\/uploads\/2025\/05\/J17541_A01_836f5775-bf8b-4312-90ec-254d2a88dc11.jpg","width":1000,"height":1000,"caption":"Soulier de travail Fullbench Superlite - J17541"},{"@type":"BreadcrumbList","@id":"https:\/\/autravail.ca\/product\/soulier-de-travail-fullbench-superlite-j17541\/#breadcrumb","itemListElement":[{"@type":"ListItem","position":1,"name":"Accueil","item":"https:\/\/autravail.ca\/"},{"@type":"ListItem","position":2,"name":"Magasin","item":"https:\/\/autravail.ca\/en\/shop\/"},{"@type":"ListItem","position":3,"name":"Soulier de travail Fullbench Superlite &#8211; J17541"}]},{"@type":"WebSite","@id":"https:\/\/autravail.ca\/#website","url":"https:\/\/autravail.ca\/","name":"Le Magasin Industriel","description":"50 ans de tradition de s\u00e9curit\u00e9 au travail","publisher":{"@id":"https:\/\/autravail.ca\/#organization"},"potentialAction":[{"@type":"SearchAction","target":{"@type":"EntryPoint","urlTemplate":"https:\/\/autravail.ca\/?s={search_term_string}"},"query-input":{"@type":"PropertyValueSpecification","valueRequired":true,"valueName":"search_term_string"}}],"inLanguage":"en-CA"},{"@type":"Organization","@id":"https:\/\/autravail.ca\/#organization","name":"Le Magasin Industriel","url":"https:\/\/autravail.ca\/","logo":{"@type":"ImageObject","inLanguage":"en-CA","@id":"https:\/\/autravail.ca\/#\/schema\/logo\/image\/","url":"https:\/\/autravail.ca\/wp-content\/uploads\/2025\/05\/cropped-magasin_industriel_120x.avif","contentUrl":"https:\/\/autravail.ca\/wp-content\/uploads\/2025\/05\/cropped-magasin_industriel_120x.avif","width":120,"height":24,"caption":"Le Magasin Industriel"},"image":{"@id":"https:\/\/autravail.ca\/#\/schema\/logo\/image\/"},"sameAs":["https:\/\/www.facebook.com\/lemagasinindustriel\/?locale=fr_FR"]}]}},"_links":{"self":[{"href":"https:\/\/autravail.ca\/en\/wp-json\/wp\/v2\/product\/33465","targetHints":{"allow":["GET"]}}],"collection":[{"href":"https:\/\/autravail.ca\/en\/wp-json\/wp\/v2\/product"}],"about":[{"href":"https:\/\/autravail.ca\/en\/wp-json\/wp\/v2\/types\/product"}],"replies":[{"embeddable":true,"href":"https:\/\/autravail.ca\/en\/wp-json\/wp\/v2\/comments?post=33465"}],"wp:featuredmedia":[{"embeddable":true,"href":"https:\/\/autravail.ca\/en\/wp-json\/wp\/v2\/media\/18468"}],"wp:attachment":[{"href":"https:\/\/autravail.ca\/en\/wp-json\/wp\/v2\/media?parent=33465"}],"wp:term":[{"taxonomy":"product_cat","embeddable":true,"href":"https:\/\/autravail.ca\/en\/wp-json\/wp\/v2\/product_cat?post=33465"},{"taxonomy":"product_tag","embeddable":true,"href":"https:\/\/autravail.ca\/en\/wp-json\/wp\/v2\/product_tag?post=33465"}],"curies":[{"name":"wp","href":"https:\/\/api.w.org\/{rel}","templated":true}]}}