{"id":33441,"date":"2025-05-08T07:17:50","date_gmt":"2025-05-08T07:17:50","guid":{"rendered":"https:\/\/meteoquebec.ca\/?post_type=product&#038;p=33441"},"modified":"2025-12-05T05:10:28","modified_gmt":"2025-12-05T09:10:28","slug":"fp1003d-harnais-universel","status":"publish","type":"product","link":"https:\/\/autravail.ca\/en\/product\/fp1003d-harnais-universel\/","title":{"rendered":"FP1003D - UNIVERSAL HARNESS"},"content":{"rendered":"<h3><strong>Universal Harness Dyna-Pro - Dynamic<\/strong><\/h3>\n<ul>\n<li>\n<h4>Integrated cushion on the back, shoulders, and thighs.<\/h4>\n<\/li>\n<li>\n<h4>Bayonet-type attachments<\/h4>\n<\/li>\n<li>\n<h4>1 large dorsal ring and 2 large lateral rings<\/h4>\n<\/li>\n<li>\n<h4>CSA groupe A, P.<\/h4>\n<\/li>\n<\/ul>\n<ul><\/ul>\n<h6>Supplier Message: The design of these harnesses requires skill from the designer, so that they provide the user with comfort, lightness, and mobility required. The user forgets that they are wearing a harness even if they work all day. The harness DYNA-PRO is firstly lighter than what the entire market can offer in this category of harnesses. It also offers you all the necessary hardware for comfort but in no way does the hardware affect mobility. You will notice that on this harness you have no excess hardware. Why? Because we have found that when there is excessive hardware, it causes sweating excessively, making the harness uncomfortable. We have therefore addressed the problem and have only placed hardware where it was necessary to thus design a lighter and more comfortable harness. In addition to offering it at a better price, this harness is also available with quick-link attachments.  These harnesses meet and exceed ANSI standards, OSHA regulations and are certified by CSA.<\/h6>","protected":false},"excerpt":{"rendered":"<p>Universal Harness Dyna-Pro  Dynamic Integrated padding on the back, shoulders, and leg straps. Bayonet-style buckles with 1 large dorsal D-ring and 2 large lateral D-rings. CSA Group A, P. Supplier message: The design of these harnesses requires expert skill to ensure user comfort, []<\/p>","protected":false},"featured_media":18453,"comment_status":"open","ping_status":"closed","template":"","meta":[],"product_cat":[745],"product_tag":[376],"class_list":{"0":"post-33441","1":"product","2":"type-product","3":"status-publish","4":"has-post-thumbnail","6":"product_brand-dynamic","7":"product_cat-protection-contre-les-chutes","8":"product_tag-protection-antichute","10":"first","11":"outofstock","12":"taxable","13":"shipping-taxable","14":"purchasable","15":"product-type-variable"},"yoast_head":"<!-- This site is optimized with the Yoast SEO plugin v25.3.1 - https:\/\/yoast.com\/wordpress\/plugins\/seo\/ -->\n<title>FP1003D - HARNAIS UNIVERSEL - Le Magasin Industriel<\/title>\n<meta name=\"robots\" content=\"index, follow, max-snippet:-1, max-image-preview:large, max-video-preview:-1\" \/>\n<link rel=\"canonical\" href=\"https:\/\/autravail.ca\/en\/product\/fp1003d-harnais-universel\/\" \/>\n<meta property=\"og:locale\" content=\"en_US\" \/>\n<meta property=\"og:type\" content=\"article\" \/>\n<meta property=\"og:title\" content=\"FP1003D - HARNAIS UNIVERSEL - Le Magasin Industriel\" \/>\n<meta property=\"og:description\" content=\"Harnais Universel \u00a0\u00bbDyna-Pro\u00a0\u00bb &#8211; Dynamic Coussinet int\u00e9gr\u00e9 au dos, aux \u00e9paules et aux cuissardes. Attaches de type ba\u00efonnette 1 grand anneau dorsal et 2 grands anneaux lat\u00e9raux. CSA groupe A, P. Message du fournisseur: La conception de ces harnais demande au concepteur une habilet\u00e9 consomm\u00e9, afin que ces derniers procures \u00e0 l\u2019utilisateur le confort, la [&hellip;]\" \/>\n<meta property=\"og:url\" content=\"https:\/\/autravail.ca\/en\/product\/fp1003d-harnais-universel\/\" \/>\n<meta property=\"og:site_name\" content=\"Le Magasin Industriel\" \/>\n<meta property=\"article:publisher\" content=\"https:\/\/www.facebook.com\/lemagasinindustriel\/?locale=fr_FR\" \/>\n<meta property=\"article:modified_time\" content=\"2025-12-05T09:10:28+00:00\" \/>\n<meta property=\"og:image\" content=\"https:\/\/autravail.ca\/wp-content\/uploads\/2025\/05\/Fp1003D.jpg\" \/>\n\t<meta property=\"og:image:width\" content=\"540\" \/>\n\t<meta property=\"og:image:height\" content=\"600\" \/>\n\t<meta property=\"og:image:type\" content=\"image\/jpeg\" \/>\n<meta name=\"twitter:card\" content=\"summary_large_image\" \/>\n<meta name=\"twitter:label1\" content=\"Est. reading time\" \/>\n\t<meta name=\"twitter:data1\" content=\"1 minute\" \/>\n<script type=\"application\/ld+json\" class=\"yoast-schema-graph\">{\"@context\":\"https:\/\/schema.org\",\"@graph\":[{\"@type\":\"WebPage\",\"@id\":\"https:\/\/autravail.ca\/product\/fp1003d-harnais-universel\/\",\"url\":\"https:\/\/autravail.ca\/product\/fp1003d-harnais-universel\/\",\"name\":\"FP1003D - HARNAIS UNIVERSEL - Le Magasin Industriel\",\"isPartOf\":{\"@id\":\"https:\/\/autravail.ca\/#website\"},\"primaryImageOfPage\":{\"@id\":\"https:\/\/autravail.ca\/product\/fp1003d-harnais-universel\/#primaryimage\"},\"image\":{\"@id\":\"https:\/\/autravail.ca\/product\/fp1003d-harnais-universel\/#primaryimage\"},\"thumbnailUrl\":\"https:\/\/autravail.ca\/wp-content\/uploads\/2025\/05\/Fp1003D.jpg\",\"datePublished\":\"2025-05-08T07:17:50+00:00\",\"dateModified\":\"2025-12-05T09:10:28+00:00\",\"breadcrumb\":{\"@id\":\"https:\/\/autravail.ca\/product\/fp1003d-harnais-universel\/#breadcrumb\"},\"inLanguage\":\"en-CA\",\"potentialAction\":[{\"@type\":\"ReadAction\",\"target\":[\"https:\/\/autravail.ca\/product\/fp1003d-harnais-universel\/\"]}]},{\"@type\":\"ImageObject\",\"inLanguage\":\"en-CA\",\"@id\":\"https:\/\/autravail.ca\/product\/fp1003d-harnais-universel\/#primaryimage\",\"url\":\"https:\/\/autravail.ca\/wp-content\/uploads\/2025\/05\/Fp1003D.jpg\",\"contentUrl\":\"https:\/\/autravail.ca\/wp-content\/uploads\/2025\/05\/Fp1003D.jpg\",\"width\":540,\"height\":600},{\"@type\":\"BreadcrumbList\",\"@id\":\"https:\/\/autravail.ca\/product\/fp1003d-harnais-universel\/#breadcrumb\",\"itemListElement\":[{\"@type\":\"ListItem\",\"position\":1,\"name\":\"Accueil\",\"item\":\"https:\/\/autravail.ca\/\"},{\"@type\":\"ListItem\",\"position\":2,\"name\":\"Magasin\",\"item\":\"https:\/\/autravail.ca\/en\/shop\/\"},{\"@type\":\"ListItem\",\"position\":3,\"name\":\"FP1003D &#8211; HARNAIS UNIVERSEL\"}]},{\"@type\":\"WebSite\",\"@id\":\"https:\/\/autravail.ca\/#website\",\"url\":\"https:\/\/autravail.ca\/\",\"name\":\"Le Magasin Industriel\",\"description\":\"50 ans de tradition de s\u00e9curit\u00e9 au travail\",\"publisher\":{\"@id\":\"https:\/\/autravail.ca\/#organization\"},\"potentialAction\":[{\"@type\":\"SearchAction\",\"target\":{\"@type\":\"EntryPoint\",\"urlTemplate\":\"https:\/\/autravail.ca\/?s={search_term_string}\"},\"query-input\":{\"@type\":\"PropertyValueSpecification\",\"valueRequired\":true,\"valueName\":\"search_term_string\"}}],\"inLanguage\":\"en-CA\"},{\"@type\":\"Organization\",\"@id\":\"https:\/\/autravail.ca\/#organization\",\"name\":\"Le Magasin Industriel\",\"url\":\"https:\/\/autravail.ca\/\",\"logo\":{\"@type\":\"ImageObject\",\"inLanguage\":\"en-CA\",\"@id\":\"https:\/\/autravail.ca\/#\/schema\/logo\/image\/\",\"url\":\"https:\/\/autravail.ca\/wp-content\/uploads\/2025\/05\/cropped-magasin_industriel_120x.avif\",\"contentUrl\":\"https:\/\/autravail.ca\/wp-content\/uploads\/2025\/05\/cropped-magasin_industriel_120x.avif\",\"width\":120,\"height\":24,\"caption\":\"Le Magasin Industriel\"},\"image\":{\"@id\":\"https:\/\/autravail.ca\/#\/schema\/logo\/image\/\"},\"sameAs\":[\"https:\/\/www.facebook.com\/lemagasinindustriel\/?locale=fr_FR\"]}]}<\/script>\n<!-- \/ Yoast SEO plugin. -->","yoast_head_json":{"title":"FP1003D - HARNAIS UNIVERSEL - Le Magasin Industriel","robots":{"index":"index","follow":"follow","max-snippet":"max-snippet:-1","max-image-preview":"max-image-preview:large","max-video-preview":"max-video-preview:-1"},"canonical":"https:\/\/autravail.ca\/en\/product\/fp1003d-harnais-universel\/","og_locale":"en_US","og_type":"article","og_title":"FP1003D - HARNAIS UNIVERSEL - Le Magasin Industriel","og_description":"Harnais Universel \u00a0\u00bbDyna-Pro\u00a0\u00bb &#8211; Dynamic Coussinet int\u00e9gr\u00e9 au dos, aux \u00e9paules et aux cuissardes. Attaches de type ba\u00efonnette 1 grand anneau dorsal et 2 grands anneaux lat\u00e9raux. CSA groupe A, P. Message du fournisseur: La conception de ces harnais demande au concepteur une habilet\u00e9 consomm\u00e9, afin que ces derniers procures \u00e0 l\u2019utilisateur le confort, la [&hellip;]","og_url":"https:\/\/autravail.ca\/en\/product\/fp1003d-harnais-universel\/","og_site_name":"Le Magasin Industriel","article_publisher":"https:\/\/www.facebook.com\/lemagasinindustriel\/?locale=fr_FR","article_modified_time":"2025-12-05T09:10:28+00:00","og_image":[{"width":540,"height":600,"url":"https:\/\/autravail.ca\/wp-content\/uploads\/2025\/05\/Fp1003D.jpg","type":"image\/jpeg"}],"twitter_card":"summary_large_image","twitter_misc":{"Est. reading time":"1 minute"},"schema":{"@context":"https:\/\/schema.org","@graph":[{"@type":"WebPage","@id":"https:\/\/autravail.ca\/product\/fp1003d-harnais-universel\/","url":"https:\/\/autravail.ca\/product\/fp1003d-harnais-universel\/","name":"FP1003D - HARNAIS UNIVERSEL - Le Magasin Industriel","isPartOf":{"@id":"https:\/\/autravail.ca\/#website"},"primaryImageOfPage":{"@id":"https:\/\/autravail.ca\/product\/fp1003d-harnais-universel\/#primaryimage"},"image":{"@id":"https:\/\/autravail.ca\/product\/fp1003d-harnais-universel\/#primaryimage"},"thumbnailUrl":"https:\/\/autravail.ca\/wp-content\/uploads\/2025\/05\/Fp1003D.jpg","datePublished":"2025-05-08T07:17:50+00:00","dateModified":"2025-12-05T09:10:28+00:00","breadcrumb":{"@id":"https:\/\/autravail.ca\/product\/fp1003d-harnais-universel\/#breadcrumb"},"inLanguage":"en-CA","potentialAction":[{"@type":"ReadAction","target":["https:\/\/autravail.ca\/product\/fp1003d-harnais-universel\/"]}]},{"@type":"ImageObject","inLanguage":"en-CA","@id":"https:\/\/autravail.ca\/product\/fp1003d-harnais-universel\/#primaryimage","url":"https:\/\/autravail.ca\/wp-content\/uploads\/2025\/05\/Fp1003D.jpg","contentUrl":"https:\/\/autravail.ca\/wp-content\/uploads\/2025\/05\/Fp1003D.jpg","width":540,"height":600},{"@type":"BreadcrumbList","@id":"https:\/\/autravail.ca\/product\/fp1003d-harnais-universel\/#breadcrumb","itemListElement":[{"@type":"ListItem","position":1,"name":"Accueil","item":"https:\/\/autravail.ca\/"},{"@type":"ListItem","position":2,"name":"Magasin","item":"https:\/\/autravail.ca\/en\/shop\/"},{"@type":"ListItem","position":3,"name":"FP1003D &#8211; HARNAIS UNIVERSEL"}]},{"@type":"WebSite","@id":"https:\/\/autravail.ca\/#website","url":"https:\/\/autravail.ca\/","name":"Le Magasin Industriel","description":"50 ans de tradition de s\u00e9curit\u00e9 au travail","publisher":{"@id":"https:\/\/autravail.ca\/#organization"},"potentialAction":[{"@type":"SearchAction","target":{"@type":"EntryPoint","urlTemplate":"https:\/\/autravail.ca\/?s={search_term_string}"},"query-input":{"@type":"PropertyValueSpecification","valueRequired":true,"valueName":"search_term_string"}}],"inLanguage":"en-CA"},{"@type":"Organization","@id":"https:\/\/autravail.ca\/#organization","name":"Le Magasin Industriel","url":"https:\/\/autravail.ca\/","logo":{"@type":"ImageObject","inLanguage":"en-CA","@id":"https:\/\/autravail.ca\/#\/schema\/logo\/image\/","url":"https:\/\/autravail.ca\/wp-content\/uploads\/2025\/05\/cropped-magasin_industriel_120x.avif","contentUrl":"https:\/\/autravail.ca\/wp-content\/uploads\/2025\/05\/cropped-magasin_industriel_120x.avif","width":120,"height":24,"caption":"Le Magasin Industriel"},"image":{"@id":"https:\/\/autravail.ca\/#\/schema\/logo\/image\/"},"sameAs":["https:\/\/www.facebook.com\/lemagasinindustriel\/?locale=fr_FR"]}]}},"jetpack_sharing_enabled":true,"_links":{"self":[{"href":"https:\/\/autravail.ca\/en\/wp-json\/wp\/v2\/product\/33441","targetHints":{"allow":["GET"]}}],"collection":[{"href":"https:\/\/autravail.ca\/en\/wp-json\/wp\/v2\/product"}],"about":[{"href":"https:\/\/autravail.ca\/en\/wp-json\/wp\/v2\/types\/product"}],"replies":[{"embeddable":true,"href":"https:\/\/autravail.ca\/en\/wp-json\/wp\/v2\/comments?post=33441"}],"wp:featuredmedia":[{"embeddable":true,"href":"https:\/\/autravail.ca\/en\/wp-json\/wp\/v2\/media\/18453"}],"wp:attachment":[{"href":"https:\/\/autravail.ca\/en\/wp-json\/wp\/v2\/media?parent=33441"}],"wp:term":[{"taxonomy":"product_cat","embeddable":true,"href":"https:\/\/autravail.ca\/en\/wp-json\/wp\/v2\/product_cat?post=33441"},{"taxonomy":"product_tag","embeddable":true,"href":"https:\/\/autravail.ca\/en\/wp-json\/wp\/v2\/product_tag?post=33441"}],"curies":[{"name":"wp","href":"https:\/\/api.w.org\/{rel}","templated":true}]}}