{"id":33419,"date":"2025-05-08T07:17:23","date_gmt":"2025-05-08T07:17:23","guid":{"rendered":"https:\/\/meteoquebec.ca\/?post_type=product&#038;p=33419"},"modified":"2025-12-05T05:10:28","modified_gmt":"2025-12-05T09:10:28","slug":"fp775-connecteur-a-mousquetons-1-pouce","status":"publish","type":"product","link":"https:\/\/autravail.ca\/en\/product\/fp775-connecteur-a-mousquetons-1-pouce\/","title":{"rendered":"FP775 - ONE INCH HANDLE BARREL CONNECTOR"},"content":{"rendered":"<p>Mousqueton 1 pouce - Dynamic <\/p>\n<ul>\n<li>Mousquetons and hooks are probably the pieces of equipment on which least attention is paid. Probably because they are at the end of a lanyard or other protective equipment piece. Mousquetons and hooks offer numerous possibilities and are available in a very wide variety of shapes and sizes. They also provide maximum protection and secure closure, and are designed to offer you the greatest ease of operation. All are approved for a load of 5000 lb (22 kN) unless otherwise specified. Certified CSA, ANSI and CE.<\/li>\n<li>Steel Alloy Submitted to Thermal Treatment in the 'D' Shape.<\/li>\n<li>Automatic rotation lock.<\/li>\n<\/ul>","protected":false},"excerpt":{"rendered":"<p>Mousqueton 1 pouce &#8211; Dynamic Les mousquetons et les crochets sont probablement les pi\u00e8ces d\u2019\u00e9quipement sur lesquelles on porte le moins d\u2019attention. Probablement parce qu\u2019elles sont au bout d\u2019une longe ou autre pi\u00e8ce d\u2019\u00e9quipement pour la protection antichute. Les mousquetons et crochets offrent une foule de possibilit\u00e9s et sont disponibles dans une tr\u00e8s grande vari\u00e9t\u00e9 [&hellip;]<\/p>","protected":false},"featured_media":18428,"comment_status":"open","ping_status":"closed","template":"","meta":[],"product_cat":[702,745],"product_tag":[255,242,376],"class_list":{"0":"post-33419","1":"product","2":"type-product","3":"status-publish","4":"has-post-thumbnail","6":"product_brand-dynamic","7":"product_cat-accessoires-de-securite","8":"product_cat-protection-contre-les-chutes","9":"product_tag-femme","10":"product_tag-homme","11":"product_tag-protection-antichute","13":"first","14":"instock","15":"taxable","16":"shipping-taxable","17":"purchasable","18":"product-type-variable"},"yoast_head":"<!-- This site is optimized with the Yoast SEO plugin v25.3.1 - https:\/\/yoast.com\/wordpress\/plugins\/seo\/ -->\n<title>FP775 - CONNECTEUR \u00c0 MOUSQUETONS 1 POUCE - Le Magasin Industriel<\/title>\n<meta name=\"robots\" content=\"index, follow, max-snippet:-1, max-image-preview:large, max-video-preview:-1\" \/>\n<link rel=\"canonical\" href=\"https:\/\/autravail.ca\/en\/product\/fp775-connecteur-a-mousquetons-1-pouce\/\" \/>\n<meta property=\"og:locale\" content=\"en_US\" \/>\n<meta property=\"og:type\" content=\"article\" \/>\n<meta property=\"og:title\" content=\"FP775 - CONNECTEUR \u00c0 MOUSQUETONS 1 POUCE - Le Magasin Industriel\" \/>\n<meta property=\"og:description\" content=\"Mousqueton 1 pouce &#8211; Dynamic Les mousquetons et les crochets sont probablement les pi\u00e8ces d\u2019\u00e9quipement sur lesquelles on porte le moins d\u2019attention. Probablement parce qu\u2019elles sont au bout d\u2019une longe ou autre pi\u00e8ce d\u2019\u00e9quipement pour la protection antichute. Les mousquetons et crochets offrent une foule de possibilit\u00e9s et sont disponibles dans une tr\u00e8s grande vari\u00e9t\u00e9 [&hellip;]\" \/>\n<meta property=\"og:url\" content=\"https:\/\/autravail.ca\/en\/product\/fp775-connecteur-a-mousquetons-1-pouce\/\" \/>\n<meta property=\"og:site_name\" content=\"Le Magasin Industriel\" \/>\n<meta property=\"article:publisher\" content=\"https:\/\/www.facebook.com\/lemagasinindustriel\/?locale=fr_FR\" \/>\n<meta property=\"article:modified_time\" content=\"2025-12-05T09:10:28+00:00\" \/>\n<meta property=\"og:image\" content=\"https:\/\/autravail.ca\/wp-content\/uploads\/2025\/05\/FP775_A01.jpg\" \/>\n\t<meta property=\"og:image:width\" content=\"800\" \/>\n\t<meta property=\"og:image:height\" content=\"720\" \/>\n\t<meta property=\"og:image:type\" content=\"image\/jpeg\" \/>\n<meta name=\"twitter:card\" content=\"summary_large_image\" \/>\n<meta name=\"twitter:label1\" content=\"Est. reading time\" \/>\n\t<meta name=\"twitter:data1\" content=\"1 minute\" \/>\n<script type=\"application\/ld+json\" class=\"yoast-schema-graph\">{\"@context\":\"https:\/\/schema.org\",\"@graph\":[{\"@type\":\"WebPage\",\"@id\":\"https:\/\/autravail.ca\/product\/fp775-connecteur-a-mousquetons-1-pouce\/\",\"url\":\"https:\/\/autravail.ca\/product\/fp775-connecteur-a-mousquetons-1-pouce\/\",\"name\":\"FP775 - CONNECTEUR \u00c0 MOUSQUETONS 1 POUCE - Le Magasin Industriel\",\"isPartOf\":{\"@id\":\"https:\/\/autravail.ca\/#website\"},\"primaryImageOfPage\":{\"@id\":\"https:\/\/autravail.ca\/product\/fp775-connecteur-a-mousquetons-1-pouce\/#primaryimage\"},\"image\":{\"@id\":\"https:\/\/autravail.ca\/product\/fp775-connecteur-a-mousquetons-1-pouce\/#primaryimage\"},\"thumbnailUrl\":\"https:\/\/autravail.ca\/wp-content\/uploads\/2025\/05\/FP775_A01.jpg\",\"datePublished\":\"2025-05-08T07:17:23+00:00\",\"dateModified\":\"2025-12-05T09:10:28+00:00\",\"breadcrumb\":{\"@id\":\"https:\/\/autravail.ca\/product\/fp775-connecteur-a-mousquetons-1-pouce\/#breadcrumb\"},\"inLanguage\":\"en-CA\",\"potentialAction\":[{\"@type\":\"ReadAction\",\"target\":[\"https:\/\/autravail.ca\/product\/fp775-connecteur-a-mousquetons-1-pouce\/\"]}]},{\"@type\":\"ImageObject\",\"inLanguage\":\"en-CA\",\"@id\":\"https:\/\/autravail.ca\/product\/fp775-connecteur-a-mousquetons-1-pouce\/#primaryimage\",\"url\":\"https:\/\/autravail.ca\/wp-content\/uploads\/2025\/05\/FP775_A01.jpg\",\"contentUrl\":\"https:\/\/autravail.ca\/wp-content\/uploads\/2025\/05\/FP775_A01.jpg\",\"width\":800,\"height\":720},{\"@type\":\"BreadcrumbList\",\"@id\":\"https:\/\/autravail.ca\/product\/fp775-connecteur-a-mousquetons-1-pouce\/#breadcrumb\",\"itemListElement\":[{\"@type\":\"ListItem\",\"position\":1,\"name\":\"Accueil\",\"item\":\"https:\/\/autravail.ca\/\"},{\"@type\":\"ListItem\",\"position\":2,\"name\":\"Magasin\",\"item\":\"https:\/\/autravail.ca\/en\/shop\/\"},{\"@type\":\"ListItem\",\"position\":3,\"name\":\"FP775 &#8211; CONNECTEUR \u00c0 MOUSQUETONS 1 POUCE\"}]},{\"@type\":\"WebSite\",\"@id\":\"https:\/\/autravail.ca\/#website\",\"url\":\"https:\/\/autravail.ca\/\",\"name\":\"Le Magasin Industriel\",\"description\":\"50 ans de tradition de s\u00e9curit\u00e9 au travail\",\"publisher\":{\"@id\":\"https:\/\/autravail.ca\/#organization\"},\"potentialAction\":[{\"@type\":\"SearchAction\",\"target\":{\"@type\":\"EntryPoint\",\"urlTemplate\":\"https:\/\/autravail.ca\/?s={search_term_string}\"},\"query-input\":{\"@type\":\"PropertyValueSpecification\",\"valueRequired\":true,\"valueName\":\"search_term_string\"}}],\"inLanguage\":\"en-CA\"},{\"@type\":\"Organization\",\"@id\":\"https:\/\/autravail.ca\/#organization\",\"name\":\"Le Magasin Industriel\",\"url\":\"https:\/\/autravail.ca\/\",\"logo\":{\"@type\":\"ImageObject\",\"inLanguage\":\"en-CA\",\"@id\":\"https:\/\/autravail.ca\/#\/schema\/logo\/image\/\",\"url\":\"https:\/\/autravail.ca\/wp-content\/uploads\/2025\/05\/cropped-magasin_industriel_120x.avif\",\"contentUrl\":\"https:\/\/autravail.ca\/wp-content\/uploads\/2025\/05\/cropped-magasin_industriel_120x.avif\",\"width\":120,\"height\":24,\"caption\":\"Le Magasin Industriel\"},\"image\":{\"@id\":\"https:\/\/autravail.ca\/#\/schema\/logo\/image\/\"},\"sameAs\":[\"https:\/\/www.facebook.com\/lemagasinindustriel\/?locale=fr_FR\"]}]}<\/script>\n<!-- \/ Yoast SEO plugin. -->","yoast_head_json":{"title":"FP775 - CONNECTEUR \u00c0 MOUSQUETONS 1 POUCE - Le Magasin Industriel","robots":{"index":"index","follow":"follow","max-snippet":"max-snippet:-1","max-image-preview":"max-image-preview:large","max-video-preview":"max-video-preview:-1"},"canonical":"https:\/\/autravail.ca\/en\/product\/fp775-connecteur-a-mousquetons-1-pouce\/","og_locale":"en_US","og_type":"article","og_title":"FP775 - CONNECTEUR \u00c0 MOUSQUETONS 1 POUCE - Le Magasin Industriel","og_description":"Mousqueton 1 pouce &#8211; Dynamic Les mousquetons et les crochets sont probablement les pi\u00e8ces d\u2019\u00e9quipement sur lesquelles on porte le moins d\u2019attention. Probablement parce qu\u2019elles sont au bout d\u2019une longe ou autre pi\u00e8ce d\u2019\u00e9quipement pour la protection antichute. Les mousquetons et crochets offrent une foule de possibilit\u00e9s et sont disponibles dans une tr\u00e8s grande vari\u00e9t\u00e9 [&hellip;]","og_url":"https:\/\/autravail.ca\/en\/product\/fp775-connecteur-a-mousquetons-1-pouce\/","og_site_name":"Le Magasin Industriel","article_publisher":"https:\/\/www.facebook.com\/lemagasinindustriel\/?locale=fr_FR","article_modified_time":"2025-12-05T09:10:28+00:00","og_image":[{"width":800,"height":720,"url":"https:\/\/autravail.ca\/wp-content\/uploads\/2025\/05\/FP775_A01.jpg","type":"image\/jpeg"}],"twitter_card":"summary_large_image","twitter_misc":{"Est. reading time":"1 minute"},"schema":{"@context":"https:\/\/schema.org","@graph":[{"@type":"WebPage","@id":"https:\/\/autravail.ca\/product\/fp775-connecteur-a-mousquetons-1-pouce\/","url":"https:\/\/autravail.ca\/product\/fp775-connecteur-a-mousquetons-1-pouce\/","name":"FP775 - CONNECTEUR \u00c0 MOUSQUETONS 1 POUCE - Le Magasin Industriel","isPartOf":{"@id":"https:\/\/autravail.ca\/#website"},"primaryImageOfPage":{"@id":"https:\/\/autravail.ca\/product\/fp775-connecteur-a-mousquetons-1-pouce\/#primaryimage"},"image":{"@id":"https:\/\/autravail.ca\/product\/fp775-connecteur-a-mousquetons-1-pouce\/#primaryimage"},"thumbnailUrl":"https:\/\/autravail.ca\/wp-content\/uploads\/2025\/05\/FP775_A01.jpg","datePublished":"2025-05-08T07:17:23+00:00","dateModified":"2025-12-05T09:10:28+00:00","breadcrumb":{"@id":"https:\/\/autravail.ca\/product\/fp775-connecteur-a-mousquetons-1-pouce\/#breadcrumb"},"inLanguage":"en-CA","potentialAction":[{"@type":"ReadAction","target":["https:\/\/autravail.ca\/product\/fp775-connecteur-a-mousquetons-1-pouce\/"]}]},{"@type":"ImageObject","inLanguage":"en-CA","@id":"https:\/\/autravail.ca\/product\/fp775-connecteur-a-mousquetons-1-pouce\/#primaryimage","url":"https:\/\/autravail.ca\/wp-content\/uploads\/2025\/05\/FP775_A01.jpg","contentUrl":"https:\/\/autravail.ca\/wp-content\/uploads\/2025\/05\/FP775_A01.jpg","width":800,"height":720},{"@type":"BreadcrumbList","@id":"https:\/\/autravail.ca\/product\/fp775-connecteur-a-mousquetons-1-pouce\/#breadcrumb","itemListElement":[{"@type":"ListItem","position":1,"name":"Accueil","item":"https:\/\/autravail.ca\/"},{"@type":"ListItem","position":2,"name":"Magasin","item":"https:\/\/autravail.ca\/en\/shop\/"},{"@type":"ListItem","position":3,"name":"FP775 &#8211; CONNECTEUR \u00c0 MOUSQUETONS 1 POUCE"}]},{"@type":"WebSite","@id":"https:\/\/autravail.ca\/#website","url":"https:\/\/autravail.ca\/","name":"Le Magasin Industriel","description":"50 ans de tradition de s\u00e9curit\u00e9 au travail","publisher":{"@id":"https:\/\/autravail.ca\/#organization"},"potentialAction":[{"@type":"SearchAction","target":{"@type":"EntryPoint","urlTemplate":"https:\/\/autravail.ca\/?s={search_term_string}"},"query-input":{"@type":"PropertyValueSpecification","valueRequired":true,"valueName":"search_term_string"}}],"inLanguage":"en-CA"},{"@type":"Organization","@id":"https:\/\/autravail.ca\/#organization","name":"Le Magasin Industriel","url":"https:\/\/autravail.ca\/","logo":{"@type":"ImageObject","inLanguage":"en-CA","@id":"https:\/\/autravail.ca\/#\/schema\/logo\/image\/","url":"https:\/\/autravail.ca\/wp-content\/uploads\/2025\/05\/cropped-magasin_industriel_120x.avif","contentUrl":"https:\/\/autravail.ca\/wp-content\/uploads\/2025\/05\/cropped-magasin_industriel_120x.avif","width":120,"height":24,"caption":"Le Magasin Industriel"},"image":{"@id":"https:\/\/autravail.ca\/#\/schema\/logo\/image\/"},"sameAs":["https:\/\/www.facebook.com\/lemagasinindustriel\/?locale=fr_FR"]}]}},"jetpack_sharing_enabled":true,"_links":{"self":[{"href":"https:\/\/autravail.ca\/en\/wp-json\/wp\/v2\/product\/33419","targetHints":{"allow":["GET"]}}],"collection":[{"href":"https:\/\/autravail.ca\/en\/wp-json\/wp\/v2\/product"}],"about":[{"href":"https:\/\/autravail.ca\/en\/wp-json\/wp\/v2\/types\/product"}],"replies":[{"embeddable":true,"href":"https:\/\/autravail.ca\/en\/wp-json\/wp\/v2\/comments?post=33419"}],"wp:featuredmedia":[{"embeddable":true,"href":"https:\/\/autravail.ca\/en\/wp-json\/wp\/v2\/media\/18428"}],"wp:attachment":[{"href":"https:\/\/autravail.ca\/en\/wp-json\/wp\/v2\/media?parent=33419"}],"wp:term":[{"taxonomy":"product_cat","embeddable":true,"href":"https:\/\/autravail.ca\/en\/wp-json\/wp\/v2\/product_cat?post=33419"},{"taxonomy":"product_tag","embeddable":true,"href":"https:\/\/autravail.ca\/en\/wp-json\/wp\/v2\/product_tag?post=33419"}],"curies":[{"name":"wp","href":"https:\/\/api.w.org\/{rel}","templated":true}]}}