{"id":33360,"date":"2025-05-08T07:16:05","date_gmt":"2025-05-08T07:16:05","guid":{"rendered":"https:\/\/meteoquebec.ca\/?post_type=product&#038;p=33360"},"modified":"2025-12-05T05:10:29","modified_gmt":"2025-12-05T09:10:29","slug":"fp2003dg-harnais-universel","status":"publish","type":"product","link":"https:\/\/autravail.ca\/en\/product\/fp2003dg-harnais-universel\/","title":{"rendered":"FP2003DG - UNIVERSAL HARNESS"},"content":{"rendered":"<h3><strong>Universal Harness - Dynamic<\/strong><\/h3>\n<ul>\n<li>\n<h4>Jacket with adjustable shoulder straps<\/h4>\n<\/li>\n<li>\n<h4>Ultra light harness<\/h4>\n<\/li>\n<li>\n<h4>1 large dorsal ring + 2 lateral rings for positioning and knee pads eyelets.<\/h4>\n<\/li>\n<li>\n<h4>CSA groupe A, P.<\/h4>\n<\/li>\n<\/ul>\n<ul><\/ul>\n<h6><\/h6>","protected":false},"excerpt":{"rendered":"<p>Universal Harness - Dynamic Jacket with adjustable shoulder straps. Ultra-light harness featuring 1 dorsal ring and 2 lateral rings for positioning and adjustable waist belts. CSA Group A, P.<\/p>","protected":false},"featured_media":18351,"comment_status":"open","ping_status":"closed","template":"","meta":[],"product_cat":[702,633,602,745],"product_tag":[376],"class_list":{"0":"post-33360","1":"product","2":"type-product","3":"status-publish","4":"has-post-thumbnail","6":"product_brand-dynamic","7":"product_cat-accessoires-de-securite","8":"product_cat-femmes","9":"product_cat-hommes","10":"product_cat-protection-contre-les-chutes","11":"product_tag-protection-antichute","13":"first","14":"instock","15":"taxable","16":"shipping-taxable","17":"purchasable","18":"product-type-variable"},"yoast_head":"<!-- This site is optimized with the Yoast SEO plugin v25.3.1 - https:\/\/yoast.com\/wordpress\/plugins\/seo\/ -->\n<title>FP2003DG - HARNAIS UNIVERSEL - Le Magasin Industriel<\/title>\n<meta name=\"robots\" content=\"index, follow, max-snippet:-1, max-image-preview:large, max-video-preview:-1\" \/>\n<link rel=\"canonical\" href=\"https:\/\/autravail.ca\/en\/product\/fp2003dg-harnais-universel\/\" \/>\n<meta property=\"og:locale\" content=\"en_US\" \/>\n<meta property=\"og:type\" content=\"article\" \/>\n<meta property=\"og:title\" content=\"FP2003DG - HARNAIS UNIVERSEL - Le Magasin Industriel\" \/>\n<meta property=\"og:description\" content=\"Harnais Universel &#8211; Dynamic Veste avec sangles d&rsquo;\u00e9paules ajustables. Harnais ultra l\u00e9ger 1 grand anneau dorsal plus 2 anneaux lat\u00e9raux pour le positionnement et cuissardes \u0153illets. CSA groupe A, P.\" \/>\n<meta property=\"og:url\" content=\"https:\/\/autravail.ca\/en\/product\/fp2003dg-harnais-universel\/\" \/>\n<meta property=\"og:site_name\" content=\"Le Magasin Industriel\" \/>\n<meta property=\"article:publisher\" content=\"https:\/\/www.facebook.com\/lemagasinindustriel\/?locale=fr_FR\" \/>\n<meta property=\"article:modified_time\" content=\"2025-12-05T09:10:29+00:00\" \/>\n<meta property=\"og:image\" content=\"https:\/\/autravail.ca\/wp-content\/uploads\/2025\/05\/FP2003DG_A01.jpg\" \/>\n\t<meta property=\"og:image:width\" content=\"800\" \/>\n\t<meta property=\"og:image:height\" content=\"720\" \/>\n\t<meta property=\"og:image:type\" content=\"image\/jpeg\" \/>\n<meta name=\"twitter:card\" content=\"summary_large_image\" \/>\n<script type=\"application\/ld+json\" class=\"yoast-schema-graph\">{\"@context\":\"https:\/\/schema.org\",\"@graph\":[{\"@type\":\"WebPage\",\"@id\":\"https:\/\/autravail.ca\/product\/fp2003dg-harnais-universel\/\",\"url\":\"https:\/\/autravail.ca\/product\/fp2003dg-harnais-universel\/\",\"name\":\"FP2003DG - HARNAIS UNIVERSEL - Le Magasin Industriel\",\"isPartOf\":{\"@id\":\"https:\/\/autravail.ca\/#website\"},\"primaryImageOfPage\":{\"@id\":\"https:\/\/autravail.ca\/product\/fp2003dg-harnais-universel\/#primaryimage\"},\"image\":{\"@id\":\"https:\/\/autravail.ca\/product\/fp2003dg-harnais-universel\/#primaryimage\"},\"thumbnailUrl\":\"https:\/\/autravail.ca\/wp-content\/uploads\/2025\/05\/FP2003DG_A01.jpg\",\"datePublished\":\"2025-05-08T07:16:05+00:00\",\"dateModified\":\"2025-12-05T09:10:29+00:00\",\"breadcrumb\":{\"@id\":\"https:\/\/autravail.ca\/product\/fp2003dg-harnais-universel\/#breadcrumb\"},\"inLanguage\":\"en-CA\",\"potentialAction\":[{\"@type\":\"ReadAction\",\"target\":[\"https:\/\/autravail.ca\/product\/fp2003dg-harnais-universel\/\"]}]},{\"@type\":\"ImageObject\",\"inLanguage\":\"en-CA\",\"@id\":\"https:\/\/autravail.ca\/product\/fp2003dg-harnais-universel\/#primaryimage\",\"url\":\"https:\/\/autravail.ca\/wp-content\/uploads\/2025\/05\/FP2003DG_A01.jpg\",\"contentUrl\":\"https:\/\/autravail.ca\/wp-content\/uploads\/2025\/05\/FP2003DG_A01.jpg\",\"width\":800,\"height\":720},{\"@type\":\"BreadcrumbList\",\"@id\":\"https:\/\/autravail.ca\/product\/fp2003dg-harnais-universel\/#breadcrumb\",\"itemListElement\":[{\"@type\":\"ListItem\",\"position\":1,\"name\":\"Accueil\",\"item\":\"https:\/\/autravail.ca\/\"},{\"@type\":\"ListItem\",\"position\":2,\"name\":\"Magasin\",\"item\":\"https:\/\/autravail.ca\/en\/shop\/\"},{\"@type\":\"ListItem\",\"position\":3,\"name\":\"FP2003DG &#8211; HARNAIS UNIVERSEL\"}]},{\"@type\":\"WebSite\",\"@id\":\"https:\/\/autravail.ca\/#website\",\"url\":\"https:\/\/autravail.ca\/\",\"name\":\"Le Magasin Industriel\",\"description\":\"50 ans de tradition de s\u00e9curit\u00e9 au travail\",\"publisher\":{\"@id\":\"https:\/\/autravail.ca\/#organization\"},\"potentialAction\":[{\"@type\":\"SearchAction\",\"target\":{\"@type\":\"EntryPoint\",\"urlTemplate\":\"https:\/\/autravail.ca\/?s={search_term_string}\"},\"query-input\":{\"@type\":\"PropertyValueSpecification\",\"valueRequired\":true,\"valueName\":\"search_term_string\"}}],\"inLanguage\":\"en-CA\"},{\"@type\":\"Organization\",\"@id\":\"https:\/\/autravail.ca\/#organization\",\"name\":\"Le Magasin Industriel\",\"url\":\"https:\/\/autravail.ca\/\",\"logo\":{\"@type\":\"ImageObject\",\"inLanguage\":\"en-CA\",\"@id\":\"https:\/\/autravail.ca\/#\/schema\/logo\/image\/\",\"url\":\"https:\/\/autravail.ca\/wp-content\/uploads\/2025\/05\/cropped-magasin_industriel_120x.avif\",\"contentUrl\":\"https:\/\/autravail.ca\/wp-content\/uploads\/2025\/05\/cropped-magasin_industriel_120x.avif\",\"width\":120,\"height\":24,\"caption\":\"Le Magasin Industriel\"},\"image\":{\"@id\":\"https:\/\/autravail.ca\/#\/schema\/logo\/image\/\"},\"sameAs\":[\"https:\/\/www.facebook.com\/lemagasinindustriel\/?locale=fr_FR\"]}]}<\/script>\n<!-- \/ Yoast SEO plugin. -->","yoast_head_json":{"title":"FP2003DG - HARNAIS UNIVERSEL - Le Magasin Industriel","robots":{"index":"index","follow":"follow","max-snippet":"max-snippet:-1","max-image-preview":"max-image-preview:large","max-video-preview":"max-video-preview:-1"},"canonical":"https:\/\/autravail.ca\/en\/product\/fp2003dg-harnais-universel\/","og_locale":"en_US","og_type":"article","og_title":"FP2003DG - HARNAIS UNIVERSEL - Le Magasin Industriel","og_description":"Harnais Universel &#8211; Dynamic Veste avec sangles d&rsquo;\u00e9paules ajustables. Harnais ultra l\u00e9ger 1 grand anneau dorsal plus 2 anneaux lat\u00e9raux pour le positionnement et cuissardes \u0153illets. CSA groupe A, P.","og_url":"https:\/\/autravail.ca\/en\/product\/fp2003dg-harnais-universel\/","og_site_name":"Le Magasin Industriel","article_publisher":"https:\/\/www.facebook.com\/lemagasinindustriel\/?locale=fr_FR","article_modified_time":"2025-12-05T09:10:29+00:00","og_image":[{"width":800,"height":720,"url":"https:\/\/autravail.ca\/wp-content\/uploads\/2025\/05\/FP2003DG_A01.jpg","type":"image\/jpeg"}],"twitter_card":"summary_large_image","schema":{"@context":"https:\/\/schema.org","@graph":[{"@type":"WebPage","@id":"https:\/\/autravail.ca\/product\/fp2003dg-harnais-universel\/","url":"https:\/\/autravail.ca\/product\/fp2003dg-harnais-universel\/","name":"FP2003DG - HARNAIS UNIVERSEL - Le Magasin Industriel","isPartOf":{"@id":"https:\/\/autravail.ca\/#website"},"primaryImageOfPage":{"@id":"https:\/\/autravail.ca\/product\/fp2003dg-harnais-universel\/#primaryimage"},"image":{"@id":"https:\/\/autravail.ca\/product\/fp2003dg-harnais-universel\/#primaryimage"},"thumbnailUrl":"https:\/\/autravail.ca\/wp-content\/uploads\/2025\/05\/FP2003DG_A01.jpg","datePublished":"2025-05-08T07:16:05+00:00","dateModified":"2025-12-05T09:10:29+00:00","breadcrumb":{"@id":"https:\/\/autravail.ca\/product\/fp2003dg-harnais-universel\/#breadcrumb"},"inLanguage":"en-CA","potentialAction":[{"@type":"ReadAction","target":["https:\/\/autravail.ca\/product\/fp2003dg-harnais-universel\/"]}]},{"@type":"ImageObject","inLanguage":"en-CA","@id":"https:\/\/autravail.ca\/product\/fp2003dg-harnais-universel\/#primaryimage","url":"https:\/\/autravail.ca\/wp-content\/uploads\/2025\/05\/FP2003DG_A01.jpg","contentUrl":"https:\/\/autravail.ca\/wp-content\/uploads\/2025\/05\/FP2003DG_A01.jpg","width":800,"height":720},{"@type":"BreadcrumbList","@id":"https:\/\/autravail.ca\/product\/fp2003dg-harnais-universel\/#breadcrumb","itemListElement":[{"@type":"ListItem","position":1,"name":"Accueil","item":"https:\/\/autravail.ca\/"},{"@type":"ListItem","position":2,"name":"Magasin","item":"https:\/\/autravail.ca\/en\/shop\/"},{"@type":"ListItem","position":3,"name":"FP2003DG &#8211; HARNAIS UNIVERSEL"}]},{"@type":"WebSite","@id":"https:\/\/autravail.ca\/#website","url":"https:\/\/autravail.ca\/","name":"Le Magasin Industriel","description":"50 ans de tradition de s\u00e9curit\u00e9 au travail","publisher":{"@id":"https:\/\/autravail.ca\/#organization"},"potentialAction":[{"@type":"SearchAction","target":{"@type":"EntryPoint","urlTemplate":"https:\/\/autravail.ca\/?s={search_term_string}"},"query-input":{"@type":"PropertyValueSpecification","valueRequired":true,"valueName":"search_term_string"}}],"inLanguage":"en-CA"},{"@type":"Organization","@id":"https:\/\/autravail.ca\/#organization","name":"Le Magasin Industriel","url":"https:\/\/autravail.ca\/","logo":{"@type":"ImageObject","inLanguage":"en-CA","@id":"https:\/\/autravail.ca\/#\/schema\/logo\/image\/","url":"https:\/\/autravail.ca\/wp-content\/uploads\/2025\/05\/cropped-magasin_industriel_120x.avif","contentUrl":"https:\/\/autravail.ca\/wp-content\/uploads\/2025\/05\/cropped-magasin_industriel_120x.avif","width":120,"height":24,"caption":"Le Magasin Industriel"},"image":{"@id":"https:\/\/autravail.ca\/#\/schema\/logo\/image\/"},"sameAs":["https:\/\/www.facebook.com\/lemagasinindustriel\/?locale=fr_FR"]}]}},"jetpack_sharing_enabled":true,"_links":{"self":[{"href":"https:\/\/autravail.ca\/en\/wp-json\/wp\/v2\/product\/33360","targetHints":{"allow":["GET"]}}],"collection":[{"href":"https:\/\/autravail.ca\/en\/wp-json\/wp\/v2\/product"}],"about":[{"href":"https:\/\/autravail.ca\/en\/wp-json\/wp\/v2\/types\/product"}],"replies":[{"embeddable":true,"href":"https:\/\/autravail.ca\/en\/wp-json\/wp\/v2\/comments?post=33360"}],"wp:featuredmedia":[{"embeddable":true,"href":"https:\/\/autravail.ca\/en\/wp-json\/wp\/v2\/media\/18351"}],"wp:attachment":[{"href":"https:\/\/autravail.ca\/en\/wp-json\/wp\/v2\/media?parent=33360"}],"wp:term":[{"taxonomy":"product_cat","embeddable":true,"href":"https:\/\/autravail.ca\/en\/wp-json\/wp\/v2\/product_cat?post=33360"},{"taxonomy":"product_tag","embeddable":true,"href":"https:\/\/autravail.ca\/en\/wp-json\/wp\/v2\/product_tag?post=33360"}],"curies":[{"name":"wp","href":"https:\/\/api.w.org\/{rel}","templated":true}]}}