{"id":33353,"date":"2025-05-08T07:16:02","date_gmt":"2025-05-08T07:16:02","guid":{"rendered":"https:\/\/meteoquebec.ca\/?post_type=product&#038;p=33353"},"modified":"2025-12-05T05:10:29","modified_gmt":"2025-12-05T09:10:29","slug":"fp10-4f-raccord-dancrage","status":"publish","type":"product","link":"https:\/\/autravail.ca\/en\/product\/fp10-4f-raccord-dancrage\/","title":{"rendered":"FP10\/4F - ANCHOR CONNECTION"},"content":{"rendered":"<p>Anchor connection - Dynamic<\/p>\n<ul>\n<li>Dynamic offers a complete range of standard anchor points connections. These connections are designed to connect the rope to the anchoring point. Each of these connections can be used for various applications for fall arrest. Each flexible anchor connection has a minimum tensile strength of 5000 lb (22 kN).<\/li>\n<li>Steel galvanized cable clamp with Flemish eyelets at both ends, covered with red PVC for corrosion resistance and easier identification.<\/li>\n<li>4 lbs (1.2 m)<\/li>\n<\/ul>","protected":false},"excerpt":{"rendered":"<p>Anchor Connector  Dynamic Dynamic offers a complete range of standard anchor connectors. These connectors are designed to link the lanyard to the anchor point. Each can be used for various fall arrest applications. Each flexible anchor connector has a minimum tensile strength of 5000 lb (22 kN). []<\/p>","protected":false},"featured_media":18324,"comment_status":"open","ping_status":"closed","template":"","meta":[],"product_cat":[745],"product_tag":[255,242,376],"class_list":{"0":"post-33353","1":"product","2":"type-product","3":"status-publish","4":"has-post-thumbnail","6":"product_brand-dynamic","7":"product_cat-protection-contre-les-chutes","8":"product_tag-femme","9":"product_tag-homme","10":"product_tag-protection-antichute","12":"first","13":"instock","14":"taxable","15":"shipping-taxable","16":"purchasable","17":"product-type-variable"},"yoast_head":"<!-- This site is optimized with the Yoast SEO plugin v25.3.1 - https:\/\/yoast.com\/wordpress\/plugins\/seo\/ -->\n<title>FP10\/4F - RACCORD D&#039;ANCRAGE - Le Magasin Industriel<\/title>\n<meta name=\"robots\" content=\"index, follow, max-snippet:-1, max-image-preview:large, max-video-preview:-1\" \/>\n<link rel=\"canonical\" href=\"https:\/\/autravail.ca\/en\/product\/fp10-4f-raccord-dancrage\/\" \/>\n<meta property=\"og:locale\" content=\"en_US\" \/>\n<meta property=\"og:type\" content=\"article\" \/>\n<meta property=\"og:title\" content=\"FP10\/4F - RACCORD D&#039;ANCRAGE - Le Magasin Industriel\" \/>\n<meta property=\"og:description\" content=\"Raccord d&rsquo;ancrage &#8211; Dynamic Dynamic vous offre une gamme compl\u00e8te de raccords d\u2019ancrage standards. Ces raccords sont con\u00e7us pour relier la longe au point d\u2019ancrage. Chacun des ces raccords peuvent \u00eatre utilis\u00e9s pour une vari\u00e9t\u00e9 d\u2019applications pour arr\u00eat de chute. Chaque raccord d\u2019ancrage flexible poss\u00e8de une force de tension minimale de 5000 lb (22 kN). [&hellip;]\" \/>\n<meta property=\"og:url\" content=\"https:\/\/autravail.ca\/en\/product\/fp10-4f-raccord-dancrage\/\" \/>\n<meta property=\"og:site_name\" content=\"Le Magasin Industriel\" \/>\n<meta property=\"article:publisher\" content=\"https:\/\/www.facebook.com\/lemagasinindustriel\/?locale=fr_FR\" \/>\n<meta property=\"article:modified_time\" content=\"2025-12-05T09:10:29+00:00\" \/>\n<meta property=\"og:image\" content=\"https:\/\/autravail.ca\/wp-content\/uploads\/2025\/05\/FP10_3F.jpg\" \/>\n\t<meta property=\"og:image:width\" content=\"540\" \/>\n\t<meta property=\"og:image:height\" content=\"600\" \/>\n\t<meta property=\"og:image:type\" content=\"image\/jpeg\" \/>\n<meta name=\"twitter:card\" content=\"summary_large_image\" \/>\n<script type=\"application\/ld+json\" class=\"yoast-schema-graph\">{\"@context\":\"https:\/\/schema.org\",\"@graph\":[{\"@type\":\"WebPage\",\"@id\":\"https:\/\/autravail.ca\/product\/fp10-4f-raccord-dancrage\/\",\"url\":\"https:\/\/autravail.ca\/product\/fp10-4f-raccord-dancrage\/\",\"name\":\"FP10\/4F - RACCORD D'ANCRAGE - Le Magasin Industriel\",\"isPartOf\":{\"@id\":\"https:\/\/autravail.ca\/#website\"},\"primaryImageOfPage\":{\"@id\":\"https:\/\/autravail.ca\/product\/fp10-4f-raccord-dancrage\/#primaryimage\"},\"image\":{\"@id\":\"https:\/\/autravail.ca\/product\/fp10-4f-raccord-dancrage\/#primaryimage\"},\"thumbnailUrl\":\"https:\/\/autravail.ca\/wp-content\/uploads\/2025\/05\/FP10_3F.jpg\",\"datePublished\":\"2025-05-08T07:16:02+00:00\",\"dateModified\":\"2025-12-05T09:10:29+00:00\",\"breadcrumb\":{\"@id\":\"https:\/\/autravail.ca\/product\/fp10-4f-raccord-dancrage\/#breadcrumb\"},\"inLanguage\":\"en-CA\",\"potentialAction\":[{\"@type\":\"ReadAction\",\"target\":[\"https:\/\/autravail.ca\/product\/fp10-4f-raccord-dancrage\/\"]}]},{\"@type\":\"ImageObject\",\"inLanguage\":\"en-CA\",\"@id\":\"https:\/\/autravail.ca\/product\/fp10-4f-raccord-dancrage\/#primaryimage\",\"url\":\"https:\/\/autravail.ca\/wp-content\/uploads\/2025\/05\/FP10_3F.jpg\",\"contentUrl\":\"https:\/\/autravail.ca\/wp-content\/uploads\/2025\/05\/FP10_3F.jpg\",\"width\":540,\"height\":600},{\"@type\":\"BreadcrumbList\",\"@id\":\"https:\/\/autravail.ca\/product\/fp10-4f-raccord-dancrage\/#breadcrumb\",\"itemListElement\":[{\"@type\":\"ListItem\",\"position\":1,\"name\":\"Accueil\",\"item\":\"https:\/\/autravail.ca\/\"},{\"@type\":\"ListItem\",\"position\":2,\"name\":\"Magasin\",\"item\":\"https:\/\/autravail.ca\/en\/shop\/\"},{\"@type\":\"ListItem\",\"position\":3,\"name\":\"FP10\/4F &#8211; RACCORD D&rsquo;ANCRAGE\"}]},{\"@type\":\"WebSite\",\"@id\":\"https:\/\/autravail.ca\/#website\",\"url\":\"https:\/\/autravail.ca\/\",\"name\":\"Le Magasin Industriel\",\"description\":\"50 ans de tradition de s\u00e9curit\u00e9 au travail\",\"publisher\":{\"@id\":\"https:\/\/autravail.ca\/#organization\"},\"potentialAction\":[{\"@type\":\"SearchAction\",\"target\":{\"@type\":\"EntryPoint\",\"urlTemplate\":\"https:\/\/autravail.ca\/?s={search_term_string}\"},\"query-input\":{\"@type\":\"PropertyValueSpecification\",\"valueRequired\":true,\"valueName\":\"search_term_string\"}}],\"inLanguage\":\"en-CA\"},{\"@type\":\"Organization\",\"@id\":\"https:\/\/autravail.ca\/#organization\",\"name\":\"Le Magasin Industriel\",\"url\":\"https:\/\/autravail.ca\/\",\"logo\":{\"@type\":\"ImageObject\",\"inLanguage\":\"en-CA\",\"@id\":\"https:\/\/autravail.ca\/#\/schema\/logo\/image\/\",\"url\":\"https:\/\/autravail.ca\/wp-content\/uploads\/2025\/05\/cropped-magasin_industriel_120x.avif\",\"contentUrl\":\"https:\/\/autravail.ca\/wp-content\/uploads\/2025\/05\/cropped-magasin_industriel_120x.avif\",\"width\":120,\"height\":24,\"caption\":\"Le Magasin Industriel\"},\"image\":{\"@id\":\"https:\/\/autravail.ca\/#\/schema\/logo\/image\/\"},\"sameAs\":[\"https:\/\/www.facebook.com\/lemagasinindustriel\/?locale=fr_FR\"]}]}<\/script>\n<!-- \/ Yoast SEO plugin. -->","yoast_head_json":{"title":"FP10\/4F - RACCORD D'ANCRAGE - Le Magasin Industriel","robots":{"index":"index","follow":"follow","max-snippet":"max-snippet:-1","max-image-preview":"max-image-preview:large","max-video-preview":"max-video-preview:-1"},"canonical":"https:\/\/autravail.ca\/en\/product\/fp10-4f-raccord-dancrage\/","og_locale":"en_US","og_type":"article","og_title":"FP10\/4F - RACCORD D'ANCRAGE - Le Magasin Industriel","og_description":"Raccord d&rsquo;ancrage &#8211; Dynamic Dynamic vous offre une gamme compl\u00e8te de raccords d\u2019ancrage standards. Ces raccords sont con\u00e7us pour relier la longe au point d\u2019ancrage. Chacun des ces raccords peuvent \u00eatre utilis\u00e9s pour une vari\u00e9t\u00e9 d\u2019applications pour arr\u00eat de chute. Chaque raccord d\u2019ancrage flexible poss\u00e8de une force de tension minimale de 5000 lb (22 kN). [&hellip;]","og_url":"https:\/\/autravail.ca\/en\/product\/fp10-4f-raccord-dancrage\/","og_site_name":"Le Magasin Industriel","article_publisher":"https:\/\/www.facebook.com\/lemagasinindustriel\/?locale=fr_FR","article_modified_time":"2025-12-05T09:10:29+00:00","og_image":[{"width":540,"height":600,"url":"https:\/\/autravail.ca\/wp-content\/uploads\/2025\/05\/FP10_3F.jpg","type":"image\/jpeg"}],"twitter_card":"summary_large_image","schema":{"@context":"https:\/\/schema.org","@graph":[{"@type":"WebPage","@id":"https:\/\/autravail.ca\/product\/fp10-4f-raccord-dancrage\/","url":"https:\/\/autravail.ca\/product\/fp10-4f-raccord-dancrage\/","name":"FP10\/4F - RACCORD D'ANCRAGE - Le Magasin Industriel","isPartOf":{"@id":"https:\/\/autravail.ca\/#website"},"primaryImageOfPage":{"@id":"https:\/\/autravail.ca\/product\/fp10-4f-raccord-dancrage\/#primaryimage"},"image":{"@id":"https:\/\/autravail.ca\/product\/fp10-4f-raccord-dancrage\/#primaryimage"},"thumbnailUrl":"https:\/\/autravail.ca\/wp-content\/uploads\/2025\/05\/FP10_3F.jpg","datePublished":"2025-05-08T07:16:02+00:00","dateModified":"2025-12-05T09:10:29+00:00","breadcrumb":{"@id":"https:\/\/autravail.ca\/product\/fp10-4f-raccord-dancrage\/#breadcrumb"},"inLanguage":"en-CA","potentialAction":[{"@type":"ReadAction","target":["https:\/\/autravail.ca\/product\/fp10-4f-raccord-dancrage\/"]}]},{"@type":"ImageObject","inLanguage":"en-CA","@id":"https:\/\/autravail.ca\/product\/fp10-4f-raccord-dancrage\/#primaryimage","url":"https:\/\/autravail.ca\/wp-content\/uploads\/2025\/05\/FP10_3F.jpg","contentUrl":"https:\/\/autravail.ca\/wp-content\/uploads\/2025\/05\/FP10_3F.jpg","width":540,"height":600},{"@type":"BreadcrumbList","@id":"https:\/\/autravail.ca\/product\/fp10-4f-raccord-dancrage\/#breadcrumb","itemListElement":[{"@type":"ListItem","position":1,"name":"Accueil","item":"https:\/\/autravail.ca\/"},{"@type":"ListItem","position":2,"name":"Magasin","item":"https:\/\/autravail.ca\/en\/shop\/"},{"@type":"ListItem","position":3,"name":"FP10\/4F &#8211; RACCORD D&rsquo;ANCRAGE"}]},{"@type":"WebSite","@id":"https:\/\/autravail.ca\/#website","url":"https:\/\/autravail.ca\/","name":"Le Magasin Industriel","description":"50 ans de tradition de s\u00e9curit\u00e9 au travail","publisher":{"@id":"https:\/\/autravail.ca\/#organization"},"potentialAction":[{"@type":"SearchAction","target":{"@type":"EntryPoint","urlTemplate":"https:\/\/autravail.ca\/?s={search_term_string}"},"query-input":{"@type":"PropertyValueSpecification","valueRequired":true,"valueName":"search_term_string"}}],"inLanguage":"en-CA"},{"@type":"Organization","@id":"https:\/\/autravail.ca\/#organization","name":"Le Magasin Industriel","url":"https:\/\/autravail.ca\/","logo":{"@type":"ImageObject","inLanguage":"en-CA","@id":"https:\/\/autravail.ca\/#\/schema\/logo\/image\/","url":"https:\/\/autravail.ca\/wp-content\/uploads\/2025\/05\/cropped-magasin_industriel_120x.avif","contentUrl":"https:\/\/autravail.ca\/wp-content\/uploads\/2025\/05\/cropped-magasin_industriel_120x.avif","width":120,"height":24,"caption":"Le Magasin Industriel"},"image":{"@id":"https:\/\/autravail.ca\/#\/schema\/logo\/image\/"},"sameAs":["https:\/\/www.facebook.com\/lemagasinindustriel\/?locale=fr_FR"]}]}},"jetpack_sharing_enabled":true,"_links":{"self":[{"href":"https:\/\/autravail.ca\/en\/wp-json\/wp\/v2\/product\/33353","targetHints":{"allow":["GET"]}}],"collection":[{"href":"https:\/\/autravail.ca\/en\/wp-json\/wp\/v2\/product"}],"about":[{"href":"https:\/\/autravail.ca\/en\/wp-json\/wp\/v2\/types\/product"}],"replies":[{"embeddable":true,"href":"https:\/\/autravail.ca\/en\/wp-json\/wp\/v2\/comments?post=33353"}],"wp:featuredmedia":[{"embeddable":true,"href":"https:\/\/autravail.ca\/en\/wp-json\/wp\/v2\/media\/18324"}],"wp:attachment":[{"href":"https:\/\/autravail.ca\/en\/wp-json\/wp\/v2\/media?parent=33353"}],"wp:term":[{"taxonomy":"product_cat","embeddable":true,"href":"https:\/\/autravail.ca\/en\/wp-json\/wp\/v2\/product_cat?post=33353"},{"taxonomy":"product_tag","embeddable":true,"href":"https:\/\/autravail.ca\/en\/wp-json\/wp\/v2\/product_tag?post=33353"}],"curies":[{"name":"wp","href":"https:\/\/api.w.org\/{rel}","templated":true}]}}