{"id":33291,"date":"2025-05-08T07:15:06","date_gmt":"2025-05-08T07:15:06","guid":{"rendered":"https:\/\/meteoquebec.ca\/?post_type=product&#038;p=33291"},"modified":"2025-12-05T05:10:29","modified_gmt":"2025-12-05T09:10:29","slug":"exsg-botte-neos-explorer-stabilicers","status":"publish","type":"product","link":"https:\/\/autravail.ca\/en\/product\/exsg-botte-neos-explorer-stabilicers\/","title":{"rendered":"EXSG - NEOS EXPLORER boots STABILIZERS"},"content":{"rendered":"<p>Neos Explorer Stabilizers - North<\/p>\n<ul>\n<li>STABILicersMD Soles with 32 replaceable spikes, per pair, to provide excellent grip.<\/li>\n<li>Key for laces included with practical internal pocket.<\/li>\n<li>Nylon covering with waterproof membrane.<\/li>\n<li>Isolation made of 4mm polyurethane foam.<\/li>\n<\/ul>","protected":false},"excerpt":{"rendered":"<p>Neos Explorer Stabilicers Boot  North STABILicers soles with 32 replaceable cleats per pair for excellent traction. Cleat key included with convenient internal pocket. Nylon cover with waterproof membrane. 4mm polyurethane foam insulation.<\/p>","protected":false},"featured_media":18255,"comment_status":"open","ping_status":"closed","template":"","meta":[],"product_cat":[657,709,602],"product_tag":[292,242,340],"class_list":{"0":"post-33291","1":"product","2":"type-product","3":"status-publish","4":"has-post-thumbnail","6":"product_brand-neos","7":"product_cat-accessoires-de-chaussures","8":"product_cat-couvre-chaussures","9":"product_cat-hommes","10":"product_tag-couvre-chaussures-et-claques","11":"product_tag-homme","12":"product_tag-isolant","14":"first","15":"outofstock","16":"taxable","17":"shipping-taxable","18":"purchasable","19":"product-type-variable"},"yoast_head":"<!-- This site is optimized with the Yoast SEO plugin v25.3.1 - https:\/\/yoast.com\/wordpress\/plugins\/seo\/ -->\n<title>EXSG - BOTTE NEOS EXPLORER STABILICERS - Le Magasin Industriel<\/title>\n<meta name=\"robots\" content=\"index, follow, max-snippet:-1, max-image-preview:large, max-video-preview:-1\" \/>\n<link rel=\"canonical\" href=\"https:\/\/autravail.ca\/en\/product\/exsg-botte-neos-explorer-stabilicers\/\" \/>\n<meta property=\"og:locale\" content=\"en_US\" \/>\n<meta property=\"og:type\" content=\"article\" \/>\n<meta property=\"og:title\" content=\"EXSG - BOTTE NEOS EXPLORER STABILICERS - Le Magasin Industriel\" \/>\n<meta property=\"og:description\" content=\"Botte Neos Explorer Stabilicesr &#8211; North Semelles STABILicersMD avec 32 taquets rempla\u00e7ables, par paire, afin de fournir une excellente traction. Cl\u00e9 pour les taquets incluse avec poche interne pratique. Recouvrement en nylon avec membrane \u00e9tanche. Isolation faite de mousse de polyur\u00e9thane de 4 mm.\" \/>\n<meta property=\"og:url\" content=\"https:\/\/autravail.ca\/en\/product\/exsg-botte-neos-explorer-stabilicers\/\" \/>\n<meta property=\"og:site_name\" content=\"Le Magasin Industriel\" \/>\n<meta property=\"article:publisher\" content=\"https:\/\/www.facebook.com\/lemagasinindustriel\/?locale=fr_FR\" \/>\n<meta property=\"article:modified_time\" content=\"2025-12-05T09:10:29+00:00\" \/>\n<meta property=\"og:image\" content=\"https:\/\/autravail.ca\/wp-content\/uploads\/2025\/05\/EXSG_A01.jpg\" \/>\n\t<meta property=\"og:image:width\" content=\"800\" \/>\n\t<meta property=\"og:image:height\" content=\"720\" \/>\n\t<meta property=\"og:image:type\" content=\"image\/jpeg\" \/>\n<meta name=\"twitter:card\" content=\"summary_large_image\" \/>\n<script type=\"application\/ld+json\" class=\"yoast-schema-graph\">{\"@context\":\"https:\/\/schema.org\",\"@graph\":[{\"@type\":\"WebPage\",\"@id\":\"https:\/\/autravail.ca\/product\/exsg-botte-neos-explorer-stabilicers\/\",\"url\":\"https:\/\/autravail.ca\/product\/exsg-botte-neos-explorer-stabilicers\/\",\"name\":\"EXSG - BOTTE NEOS EXPLORER STABILICERS - Le Magasin Industriel\",\"isPartOf\":{\"@id\":\"https:\/\/autravail.ca\/#website\"},\"primaryImageOfPage\":{\"@id\":\"https:\/\/autravail.ca\/product\/exsg-botte-neos-explorer-stabilicers\/#primaryimage\"},\"image\":{\"@id\":\"https:\/\/autravail.ca\/product\/exsg-botte-neos-explorer-stabilicers\/#primaryimage\"},\"thumbnailUrl\":\"https:\/\/autravail.ca\/wp-content\/uploads\/2025\/05\/EXSG_A01.jpg\",\"datePublished\":\"2025-05-08T07:15:06+00:00\",\"dateModified\":\"2025-12-05T09:10:29+00:00\",\"breadcrumb\":{\"@id\":\"https:\/\/autravail.ca\/product\/exsg-botte-neos-explorer-stabilicers\/#breadcrumb\"},\"inLanguage\":\"en-CA\",\"potentialAction\":[{\"@type\":\"ReadAction\",\"target\":[\"https:\/\/autravail.ca\/product\/exsg-botte-neos-explorer-stabilicers\/\"]}]},{\"@type\":\"ImageObject\",\"inLanguage\":\"en-CA\",\"@id\":\"https:\/\/autravail.ca\/product\/exsg-botte-neos-explorer-stabilicers\/#primaryimage\",\"url\":\"https:\/\/autravail.ca\/wp-content\/uploads\/2025\/05\/EXSG_A01.jpg\",\"contentUrl\":\"https:\/\/autravail.ca\/wp-content\/uploads\/2025\/05\/EXSG_A01.jpg\",\"width\":800,\"height\":720},{\"@type\":\"BreadcrumbList\",\"@id\":\"https:\/\/autravail.ca\/product\/exsg-botte-neos-explorer-stabilicers\/#breadcrumb\",\"itemListElement\":[{\"@type\":\"ListItem\",\"position\":1,\"name\":\"Accueil\",\"item\":\"https:\/\/autravail.ca\/\"},{\"@type\":\"ListItem\",\"position\":2,\"name\":\"Magasin\",\"item\":\"https:\/\/autravail.ca\/en\/shop\/\"},{\"@type\":\"ListItem\",\"position\":3,\"name\":\"EXSG &#8211; BOTTE NEOS EXPLORER STABILICERS\"}]},{\"@type\":\"WebSite\",\"@id\":\"https:\/\/autravail.ca\/#website\",\"url\":\"https:\/\/autravail.ca\/\",\"name\":\"Le Magasin Industriel\",\"description\":\"50 ans de tradition de s\u00e9curit\u00e9 au travail\",\"publisher\":{\"@id\":\"https:\/\/autravail.ca\/#organization\"},\"potentialAction\":[{\"@type\":\"SearchAction\",\"target\":{\"@type\":\"EntryPoint\",\"urlTemplate\":\"https:\/\/autravail.ca\/?s={search_term_string}\"},\"query-input\":{\"@type\":\"PropertyValueSpecification\",\"valueRequired\":true,\"valueName\":\"search_term_string\"}}],\"inLanguage\":\"en-CA\"},{\"@type\":\"Organization\",\"@id\":\"https:\/\/autravail.ca\/#organization\",\"name\":\"Le Magasin Industriel\",\"url\":\"https:\/\/autravail.ca\/\",\"logo\":{\"@type\":\"ImageObject\",\"inLanguage\":\"en-CA\",\"@id\":\"https:\/\/autravail.ca\/#\/schema\/logo\/image\/\",\"url\":\"https:\/\/autravail.ca\/wp-content\/uploads\/2025\/05\/cropped-magasin_industriel_120x.avif\",\"contentUrl\":\"https:\/\/autravail.ca\/wp-content\/uploads\/2025\/05\/cropped-magasin_industriel_120x.avif\",\"width\":120,\"height\":24,\"caption\":\"Le Magasin Industriel\"},\"image\":{\"@id\":\"https:\/\/autravail.ca\/#\/schema\/logo\/image\/\"},\"sameAs\":[\"https:\/\/www.facebook.com\/lemagasinindustriel\/?locale=fr_FR\"]}]}<\/script>\n<!-- \/ Yoast SEO plugin. -->","yoast_head_json":{"title":"EXSG - BOTTE NEOS EXPLORER STABILICERS - Le Magasin Industriel","robots":{"index":"index","follow":"follow","max-snippet":"max-snippet:-1","max-image-preview":"max-image-preview:large","max-video-preview":"max-video-preview:-1"},"canonical":"https:\/\/autravail.ca\/en\/product\/exsg-botte-neos-explorer-stabilicers\/","og_locale":"en_US","og_type":"article","og_title":"EXSG - BOTTE NEOS EXPLORER STABILICERS - Le Magasin Industriel","og_description":"Botte Neos Explorer Stabilicesr &#8211; North Semelles STABILicersMD avec 32 taquets rempla\u00e7ables, par paire, afin de fournir une excellente traction. Cl\u00e9 pour les taquets incluse avec poche interne pratique. Recouvrement en nylon avec membrane \u00e9tanche. Isolation faite de mousse de polyur\u00e9thane de 4 mm.","og_url":"https:\/\/autravail.ca\/en\/product\/exsg-botte-neos-explorer-stabilicers\/","og_site_name":"Le Magasin Industriel","article_publisher":"https:\/\/www.facebook.com\/lemagasinindustriel\/?locale=fr_FR","article_modified_time":"2025-12-05T09:10:29+00:00","og_image":[{"width":800,"height":720,"url":"https:\/\/autravail.ca\/wp-content\/uploads\/2025\/05\/EXSG_A01.jpg","type":"image\/jpeg"}],"twitter_card":"summary_large_image","schema":{"@context":"https:\/\/schema.org","@graph":[{"@type":"WebPage","@id":"https:\/\/autravail.ca\/product\/exsg-botte-neos-explorer-stabilicers\/","url":"https:\/\/autravail.ca\/product\/exsg-botte-neos-explorer-stabilicers\/","name":"EXSG - BOTTE NEOS EXPLORER STABILICERS - Le Magasin Industriel","isPartOf":{"@id":"https:\/\/autravail.ca\/#website"},"primaryImageOfPage":{"@id":"https:\/\/autravail.ca\/product\/exsg-botte-neos-explorer-stabilicers\/#primaryimage"},"image":{"@id":"https:\/\/autravail.ca\/product\/exsg-botte-neos-explorer-stabilicers\/#primaryimage"},"thumbnailUrl":"https:\/\/autravail.ca\/wp-content\/uploads\/2025\/05\/EXSG_A01.jpg","datePublished":"2025-05-08T07:15:06+00:00","dateModified":"2025-12-05T09:10:29+00:00","breadcrumb":{"@id":"https:\/\/autravail.ca\/product\/exsg-botte-neos-explorer-stabilicers\/#breadcrumb"},"inLanguage":"en-CA","potentialAction":[{"@type":"ReadAction","target":["https:\/\/autravail.ca\/product\/exsg-botte-neos-explorer-stabilicers\/"]}]},{"@type":"ImageObject","inLanguage":"en-CA","@id":"https:\/\/autravail.ca\/product\/exsg-botte-neos-explorer-stabilicers\/#primaryimage","url":"https:\/\/autravail.ca\/wp-content\/uploads\/2025\/05\/EXSG_A01.jpg","contentUrl":"https:\/\/autravail.ca\/wp-content\/uploads\/2025\/05\/EXSG_A01.jpg","width":800,"height":720},{"@type":"BreadcrumbList","@id":"https:\/\/autravail.ca\/product\/exsg-botte-neos-explorer-stabilicers\/#breadcrumb","itemListElement":[{"@type":"ListItem","position":1,"name":"Accueil","item":"https:\/\/autravail.ca\/"},{"@type":"ListItem","position":2,"name":"Magasin","item":"https:\/\/autravail.ca\/en\/shop\/"},{"@type":"ListItem","position":3,"name":"EXSG &#8211; BOTTE NEOS EXPLORER STABILICERS"}]},{"@type":"WebSite","@id":"https:\/\/autravail.ca\/#website","url":"https:\/\/autravail.ca\/","name":"Le Magasin Industriel","description":"50 ans de tradition de s\u00e9curit\u00e9 au travail","publisher":{"@id":"https:\/\/autravail.ca\/#organization"},"potentialAction":[{"@type":"SearchAction","target":{"@type":"EntryPoint","urlTemplate":"https:\/\/autravail.ca\/?s={search_term_string}"},"query-input":{"@type":"PropertyValueSpecification","valueRequired":true,"valueName":"search_term_string"}}],"inLanguage":"en-CA"},{"@type":"Organization","@id":"https:\/\/autravail.ca\/#organization","name":"Le Magasin Industriel","url":"https:\/\/autravail.ca\/","logo":{"@type":"ImageObject","inLanguage":"en-CA","@id":"https:\/\/autravail.ca\/#\/schema\/logo\/image\/","url":"https:\/\/autravail.ca\/wp-content\/uploads\/2025\/05\/cropped-magasin_industriel_120x.avif","contentUrl":"https:\/\/autravail.ca\/wp-content\/uploads\/2025\/05\/cropped-magasin_industriel_120x.avif","width":120,"height":24,"caption":"Le Magasin Industriel"},"image":{"@id":"https:\/\/autravail.ca\/#\/schema\/logo\/image\/"},"sameAs":["https:\/\/www.facebook.com\/lemagasinindustriel\/?locale=fr_FR"]}]}},"jetpack_sharing_enabled":true,"_links":{"self":[{"href":"https:\/\/autravail.ca\/en\/wp-json\/wp\/v2\/product\/33291","targetHints":{"allow":["GET"]}}],"collection":[{"href":"https:\/\/autravail.ca\/en\/wp-json\/wp\/v2\/product"}],"about":[{"href":"https:\/\/autravail.ca\/en\/wp-json\/wp\/v2\/types\/product"}],"replies":[{"embeddable":true,"href":"https:\/\/autravail.ca\/en\/wp-json\/wp\/v2\/comments?post=33291"}],"wp:featuredmedia":[{"embeddable":true,"href":"https:\/\/autravail.ca\/en\/wp-json\/wp\/v2\/media\/18255"}],"wp:attachment":[{"href":"https:\/\/autravail.ca\/en\/wp-json\/wp\/v2\/media?parent=33291"}],"wp:term":[{"taxonomy":"product_cat","embeddable":true,"href":"https:\/\/autravail.ca\/en\/wp-json\/wp\/v2\/product_cat?post=33291"},{"taxonomy":"product_tag","embeddable":true,"href":"https:\/\/autravail.ca\/en\/wp-json\/wp\/v2\/product_tag?post=33291"}],"curies":[{"name":"wp","href":"https:\/\/api.w.org\/{rel}","templated":true}]}}