{"id":33265,"date":"2025-05-08T07:14:38","date_gmt":"2025-05-08T07:14:38","guid":{"rendered":"https:\/\/meteoquebec.ca\/?post_type=product&#038;p=33265"},"modified":"2025-12-05T05:10:29","modified_gmt":"2025-12-05T09:10:29","slug":"botte-de-travail-timberland-endurance-a22sd","status":"publish","type":"product","link":"https:\/\/autravail.ca\/en\/product\/botte-de-travail-timberland-endurance-a22sd\/","title":{"rendered":"Botte de travail Timberland Endurance &#8211; A22SD"},"content":{"rendered":"<h3>Botte de travail Timberland Endurance &#8211; A22SD<\/h3>\n<div class=\"custom-field custom-field__point_{i}\">La Botte de travail Timberland Endurance &#8211; A22SD est con\u00e7ue pour le pied f\u00e9minin. Fid\u00e8le aux produits de <a href=\"http:\/\/Botte de travail Timberland Endurance - A22SD\">Timberland Pro<\/a>, elle offre confort, s\u00e9curit\u00e9 et durabilit\u00e9 au quotidien. Le cuir pleine fleur imperm\u00e9able prot\u00e8ge contre l\u2019humidit\u00e9. Une membrane interne bloque les pathog\u00e8nes et l\u2019eau. L\u2019embout en composite CarbonShield est l\u00e9ger et s\u00e9curitaire. La plaque antiperforation sans m\u00e9tal respecte les normes CSA. La semelle ext\u00e9rieure en TPU r\u00e9siste \u00e0 l\u2019huile, \u00e0 la chaleur et \u00e0 l\u2019abrasion. Elle est antid\u00e9rapante et adapt\u00e9e aux quatre saisons. L\u2019assise plantaire en polyur\u00e9thane absorbe les chocs efficacement. La technologie antifatigue r\u00e9duit la pression sur les pieds. La doublure Microban contr\u00f4le les odeurs. La construction \u00e0 injection directe assure solidit\u00e9 et confort. Le cambrion sans m\u00e9tal soutient la vo\u00fbte plantaire. Les \u0153illets en laiton et crochets en zinc sont robustes. La botte est isol\u00e9e \u00e0 200 g pour les climats froids.<\/div>\n<div><\/div>\n<div>\n<p><img decoding=\"async\" class=\"alignnone size-full wp-image-40117\" src=\"https:\/\/autravail.ca\/wp-content\/uploads\/2025\/09\/Certification-Omega-Triangle-vert.jpg\" alt=\"Certifications Om\u00e9ga Triangle vert\" width=\"193\" height=\"110\" srcset=\"https:\/\/autravail.ca\/wp-content\/uploads\/2025\/09\/Certification-Omega-Triangle-vert.jpg 193w, https:\/\/autravail.ca\/wp-content\/uploads\/2025\/09\/Certification-Omega-Triangle-vert-150x85.jpg 150w, https:\/\/autravail.ca\/wp-content\/uploads\/2025\/09\/Certification-Omega-Triangle-vert-18x10.jpg 18w\" sizes=\"(max-width: 193px) 100vw, 193px\" \/><\/p>\n<p><span class=\"BxUVEf ILfuVd\" lang=\"fr\"><span class=\"hgKElc\"><b><!--EndFragment --><\/b><\/span><\/span><\/p>\n<h4>Characteristics:<\/h4>\n<ul>\n<li class=\"ml-5\">Full flowered durable top quality coating with an Waterproof membrane<\/li>\n<li class=\"ml-5\">Embout de s\u00e9curit\u00e9 en composite optimis\u00e9 gr\u00e2ce \u00e0 la technologie Carbon Shield\u2122<\/li>\n<li class=\"ml-5\">Plaque non m\u00e9tallique antiperforation<\/li>\n<li class=\"ml-5\">Fabrication \u00e0 injection directe<\/li>\n<li class=\"ml-5\">Cambrion sans m\u00e9tal<\/li>\n<li>Certifications CSA triangle vert, Om\u00e9ga (ESR)<\/li>\n<li class=\"ml-5\">\u0152illets en laiton avec crochets \u00e0 double usage en zinc<\/li>\n<li class=\"ml-5\">Assise plantaire en polyur\u00e9thane avec technologie antifatigue offrant amortissement des chocs et retour d\u2019\u00e9nergie<\/li>\n<li class=\"ml-5\">Doublure en filet avec traitement antimicrobien contr\u00f4lant les odeurs<\/li>\n<li class=\"ml-5\">Semelle d\u2019usure en caoutchouc non marquant qui r\u00e9siste \u00e0 la chaleur, \u00e0 l\u2019huile, au glissement et \u00e0 l\u2019abrasion<\/li>\n<li class=\"ml-5\">Garantie confort 30 jours<\/li>\n<\/ul>\n<p><img decoding=\"async\" class=\"alignnone wp-image-40620\" src=\"https:\/\/autravail.ca\/wp-content\/uploads\/2025\/09\/Jachete-quebec-et-canada.jpg\" alt=\"Logo de l'achat local\" width=\"162\" height=\"139\" \/>Merci d&rsquo;encourager une entreprise 100% d&rsquo;ici!<\/p>\n<\/div>","protected":false},"excerpt":{"rendered":"<p>Botte de travail Timberland Endurance &#8211; A22SD La Botte de travail Timberland Endurance &#8211; A22SD est con\u00e7ue pour le pied f\u00e9minin. Fid\u00e8le aux produits de Timberland Pro, elle offre confort, s\u00e9curit\u00e9 et durabilit\u00e9 au quotidien. Le cuir pleine fleur imperm\u00e9able prot\u00e8ge contre l\u2019humidit\u00e9. Une membrane interne bloque les pathog\u00e8nes et l\u2019eau. L\u2019embout en composite CarbonShield [&hellip;]<\/p>","protected":false},"featured_media":41040,"comment_status":"open","ping_status":"closed","template":"","meta":[],"product_cat":[613,642,633],"product_tag":[251,252,255,253],"class_list":{"0":"post-33265","1":"product","2":"type-product","3":"status-publish","4":"has-post-thumbnail","6":"product_brand-timberland-pro","7":"product_cat-bottes-de-travail","8":"product_cat-bottes-de-travail-femme","9":"product_cat-femmes","10":"product_tag-bottes-de-travail","11":"product_tag-electric-shock-resistant","12":"product_tag-femme","13":"product_tag-sole-protection","15":"first","16":"instock","17":"taxable","18":"shipping-taxable","19":"purchasable","20":"product-type-variable"},"yoast_head":"<!-- This site is optimized with the Yoast SEO plugin v25.3.1 - https:\/\/yoast.com\/wordpress\/plugins\/seo\/ -->\n<title>Botte de travail Timberland Endurance - A22SD - Le Magasin Industriel<\/title>\n<meta name=\"description\" content=\"Botte de travail Timberland Endurance - A22SD pour femme de Timberland Pro avec cuir pleine fleur de qualit\u00e9 et semelle confort antifatigue.\" \/>\n<meta name=\"robots\" content=\"index, follow, max-snippet:-1, max-image-preview:large, max-video-preview:-1\" \/>\n<link rel=\"canonical\" href=\"https:\/\/autravail.ca\/en\/product\/botte-de-travail-timberland-endurance-a22sd\/\" \/>\n<meta property=\"og:locale\" content=\"en_US\" \/>\n<meta property=\"og:type\" content=\"article\" \/>\n<meta property=\"og:title\" content=\"Botte de travail Timberland Endurance - A22SD - Le Magasin Industriel\" \/>\n<meta property=\"og:description\" content=\"Botte de travail Timberland Endurance - A22SD pour femme de Timberland Pro avec cuir pleine fleur de qualit\u00e9 et semelle confort antifatigue.\" \/>\n<meta property=\"og:url\" content=\"https:\/\/autravail.ca\/en\/product\/botte-de-travail-timberland-endurance-a22sd\/\" \/>\n<meta property=\"og:site_name\" content=\"Le Magasin Industriel\" \/>\n<meta property=\"article:publisher\" content=\"https:\/\/www.facebook.com\/lemagasinindustriel\/?locale=fr_FR\" \/>\n<meta property=\"article:modified_time\" content=\"2025-12-05T09:10:29+00:00\" \/>\n<meta property=\"og:image\" content=\"https:\/\/autravail.ca\/wp-content\/uploads\/2025\/05\/A22SD_A01-1.jpg\" \/>\n\t<meta property=\"og:image:width\" content=\"1000\" \/>\n\t<meta property=\"og:image:height\" content=\"1000\" \/>\n\t<meta property=\"og:image:type\" content=\"image\/jpeg\" \/>\n<meta name=\"twitter:card\" content=\"summary_large_image\" \/>\n<meta name=\"twitter:label1\" content=\"Est. reading time\" \/>\n\t<meta name=\"twitter:data1\" content=\"2 minutes\" \/>\n<script type=\"application\/ld+json\" class=\"yoast-schema-graph\">{\"@context\":\"https:\/\/schema.org\",\"@graph\":[{\"@type\":\"WebPage\",\"@id\":\"https:\/\/autravail.ca\/product\/botte-de-travail-timberland-endurance-a22sd\/\",\"url\":\"https:\/\/autravail.ca\/product\/botte-de-travail-timberland-endurance-a22sd\/\",\"name\":\"Botte de travail Timberland Endurance - A22SD - Le Magasin Industriel\",\"isPartOf\":{\"@id\":\"https:\/\/autravail.ca\/#website\"},\"primaryImageOfPage\":{\"@id\":\"https:\/\/autravail.ca\/product\/botte-de-travail-timberland-endurance-a22sd\/#primaryimage\"},\"image\":{\"@id\":\"https:\/\/autravail.ca\/product\/botte-de-travail-timberland-endurance-a22sd\/#primaryimage\"},\"thumbnailUrl\":\"https:\/\/autravail.ca\/wp-content\/uploads\/2025\/05\/A22SD_A01-1.jpg\",\"datePublished\":\"2025-05-08T07:14:38+00:00\",\"dateModified\":\"2025-12-05T09:10:29+00:00\",\"description\":\"Botte de travail Timberland Endurance - A22SD pour femme de Timberland Pro avec cuir pleine fleur de qualit\u00e9 et semelle confort antifatigue.\",\"breadcrumb\":{\"@id\":\"https:\/\/autravail.ca\/product\/botte-de-travail-timberland-endurance-a22sd\/#breadcrumb\"},\"inLanguage\":\"en-CA\",\"potentialAction\":[{\"@type\":\"ReadAction\",\"target\":[\"https:\/\/autravail.ca\/product\/botte-de-travail-timberland-endurance-a22sd\/\"]}]},{\"@type\":\"ImageObject\",\"inLanguage\":\"en-CA\",\"@id\":\"https:\/\/autravail.ca\/product\/botte-de-travail-timberland-endurance-a22sd\/#primaryimage\",\"url\":\"https:\/\/autravail.ca\/wp-content\/uploads\/2025\/05\/A22SD_A01-1.jpg\",\"contentUrl\":\"https:\/\/autravail.ca\/wp-content\/uploads\/2025\/05\/A22SD_A01-1.jpg\",\"width\":1000,\"height\":1000,\"caption\":\"Botte de travail Timberland Endurance A22SD pour femme\"},{\"@type\":\"BreadcrumbList\",\"@id\":\"https:\/\/autravail.ca\/product\/botte-de-travail-timberland-endurance-a22sd\/#breadcrumb\",\"itemListElement\":[{\"@type\":\"ListItem\",\"position\":1,\"name\":\"Accueil\",\"item\":\"https:\/\/autravail.ca\/\"},{\"@type\":\"ListItem\",\"position\":2,\"name\":\"Magasin\",\"item\":\"https:\/\/autravail.ca\/en\/shop\/\"},{\"@type\":\"ListItem\",\"position\":3,\"name\":\"Botte de travail Timberland Endurance &#8211; A22SD\"}]},{\"@type\":\"WebSite\",\"@id\":\"https:\/\/autravail.ca\/#website\",\"url\":\"https:\/\/autravail.ca\/\",\"name\":\"Le Magasin Industriel\",\"description\":\"50 ans de tradition de s\u00e9curit\u00e9 au travail\",\"publisher\":{\"@id\":\"https:\/\/autravail.ca\/#organization\"},\"potentialAction\":[{\"@type\":\"SearchAction\",\"target\":{\"@type\":\"EntryPoint\",\"urlTemplate\":\"https:\/\/autravail.ca\/?s={search_term_string}\"},\"query-input\":{\"@type\":\"PropertyValueSpecification\",\"valueRequired\":true,\"valueName\":\"search_term_string\"}}],\"inLanguage\":\"en-CA\"},{\"@type\":\"Organization\",\"@id\":\"https:\/\/autravail.ca\/#organization\",\"name\":\"Le Magasin Industriel\",\"url\":\"https:\/\/autravail.ca\/\",\"logo\":{\"@type\":\"ImageObject\",\"inLanguage\":\"en-CA\",\"@id\":\"https:\/\/autravail.ca\/#\/schema\/logo\/image\/\",\"url\":\"https:\/\/autravail.ca\/wp-content\/uploads\/2025\/05\/cropped-magasin_industriel_120x.avif\",\"contentUrl\":\"https:\/\/autravail.ca\/wp-content\/uploads\/2025\/05\/cropped-magasin_industriel_120x.avif\",\"width\":120,\"height\":24,\"caption\":\"Le Magasin Industriel\"},\"image\":{\"@id\":\"https:\/\/autravail.ca\/#\/schema\/logo\/image\/\"},\"sameAs\":[\"https:\/\/www.facebook.com\/lemagasinindustriel\/?locale=fr_FR\"]}]}<\/script>\n<!-- \/ Yoast SEO plugin. -->","yoast_head_json":{"title":"Botte de travail Timberland Endurance - A22SD - Le Magasin Industriel","description":"Botte de travail Timberland Endurance - A22SD pour femme de Timberland Pro avec cuir pleine fleur de qualit\u00e9 et semelle confort antifatigue.","robots":{"index":"index","follow":"follow","max-snippet":"max-snippet:-1","max-image-preview":"max-image-preview:large","max-video-preview":"max-video-preview:-1"},"canonical":"https:\/\/autravail.ca\/en\/product\/botte-de-travail-timberland-endurance-a22sd\/","og_locale":"en_US","og_type":"article","og_title":"Botte de travail Timberland Endurance - A22SD - Le Magasin Industriel","og_description":"Botte de travail Timberland Endurance - A22SD pour femme de Timberland Pro avec cuir pleine fleur de qualit\u00e9 et semelle confort antifatigue.","og_url":"https:\/\/autravail.ca\/en\/product\/botte-de-travail-timberland-endurance-a22sd\/","og_site_name":"Le Magasin Industriel","article_publisher":"https:\/\/www.facebook.com\/lemagasinindustriel\/?locale=fr_FR","article_modified_time":"2025-12-05T09:10:29+00:00","og_image":[{"width":1000,"height":1000,"url":"https:\/\/autravail.ca\/wp-content\/uploads\/2025\/05\/A22SD_A01-1.jpg","type":"image\/jpeg"}],"twitter_card":"summary_large_image","twitter_misc":{"Est. reading time":"2 minutes"},"schema":{"@context":"https:\/\/schema.org","@graph":[{"@type":"WebPage","@id":"https:\/\/autravail.ca\/product\/botte-de-travail-timberland-endurance-a22sd\/","url":"https:\/\/autravail.ca\/product\/botte-de-travail-timberland-endurance-a22sd\/","name":"Botte de travail Timberland Endurance - A22SD - Le Magasin Industriel","isPartOf":{"@id":"https:\/\/autravail.ca\/#website"},"primaryImageOfPage":{"@id":"https:\/\/autravail.ca\/product\/botte-de-travail-timberland-endurance-a22sd\/#primaryimage"},"image":{"@id":"https:\/\/autravail.ca\/product\/botte-de-travail-timberland-endurance-a22sd\/#primaryimage"},"thumbnailUrl":"https:\/\/autravail.ca\/wp-content\/uploads\/2025\/05\/A22SD_A01-1.jpg","datePublished":"2025-05-08T07:14:38+00:00","dateModified":"2025-12-05T09:10:29+00:00","description":"Botte de travail Timberland Endurance - A22SD pour femme de Timberland Pro avec cuir pleine fleur de qualit\u00e9 et semelle confort antifatigue.","breadcrumb":{"@id":"https:\/\/autravail.ca\/product\/botte-de-travail-timberland-endurance-a22sd\/#breadcrumb"},"inLanguage":"en-CA","potentialAction":[{"@type":"ReadAction","target":["https:\/\/autravail.ca\/product\/botte-de-travail-timberland-endurance-a22sd\/"]}]},{"@type":"ImageObject","inLanguage":"en-CA","@id":"https:\/\/autravail.ca\/product\/botte-de-travail-timberland-endurance-a22sd\/#primaryimage","url":"https:\/\/autravail.ca\/wp-content\/uploads\/2025\/05\/A22SD_A01-1.jpg","contentUrl":"https:\/\/autravail.ca\/wp-content\/uploads\/2025\/05\/A22SD_A01-1.jpg","width":1000,"height":1000,"caption":"Botte de travail Timberland Endurance A22SD pour femme"},{"@type":"BreadcrumbList","@id":"https:\/\/autravail.ca\/product\/botte-de-travail-timberland-endurance-a22sd\/#breadcrumb","itemListElement":[{"@type":"ListItem","position":1,"name":"Accueil","item":"https:\/\/autravail.ca\/"},{"@type":"ListItem","position":2,"name":"Magasin","item":"https:\/\/autravail.ca\/en\/shop\/"},{"@type":"ListItem","position":3,"name":"Botte de travail Timberland Endurance &#8211; A22SD"}]},{"@type":"WebSite","@id":"https:\/\/autravail.ca\/#website","url":"https:\/\/autravail.ca\/","name":"Le Magasin Industriel","description":"50 ans de tradition de s\u00e9curit\u00e9 au travail","publisher":{"@id":"https:\/\/autravail.ca\/#organization"},"potentialAction":[{"@type":"SearchAction","target":{"@type":"EntryPoint","urlTemplate":"https:\/\/autravail.ca\/?s={search_term_string}"},"query-input":{"@type":"PropertyValueSpecification","valueRequired":true,"valueName":"search_term_string"}}],"inLanguage":"en-CA"},{"@type":"Organization","@id":"https:\/\/autravail.ca\/#organization","name":"Le Magasin Industriel","url":"https:\/\/autravail.ca\/","logo":{"@type":"ImageObject","inLanguage":"en-CA","@id":"https:\/\/autravail.ca\/#\/schema\/logo\/image\/","url":"https:\/\/autravail.ca\/wp-content\/uploads\/2025\/05\/cropped-magasin_industriel_120x.avif","contentUrl":"https:\/\/autravail.ca\/wp-content\/uploads\/2025\/05\/cropped-magasin_industriel_120x.avif","width":120,"height":24,"caption":"Le Magasin Industriel"},"image":{"@id":"https:\/\/autravail.ca\/#\/schema\/logo\/image\/"},"sameAs":["https:\/\/www.facebook.com\/lemagasinindustriel\/?locale=fr_FR"]}]}},"jetpack_sharing_enabled":true,"_links":{"self":[{"href":"https:\/\/autravail.ca\/en\/wp-json\/wp\/v2\/product\/33265","targetHints":{"allow":["GET"]}}],"collection":[{"href":"https:\/\/autravail.ca\/en\/wp-json\/wp\/v2\/product"}],"about":[{"href":"https:\/\/autravail.ca\/en\/wp-json\/wp\/v2\/types\/product"}],"replies":[{"embeddable":true,"href":"https:\/\/autravail.ca\/en\/wp-json\/wp\/v2\/comments?post=33265"}],"wp:featuredmedia":[{"embeddable":true,"href":"https:\/\/autravail.ca\/en\/wp-json\/wp\/v2\/media\/41040"}],"wp:attachment":[{"href":"https:\/\/autravail.ca\/en\/wp-json\/wp\/v2\/media?parent=33265"}],"wp:term":[{"taxonomy":"product_cat","embeddable":true,"href":"https:\/\/autravail.ca\/en\/wp-json\/wp\/v2\/product_cat?post=33265"},{"taxonomy":"product_tag","embeddable":true,"href":"https:\/\/autravail.ca\/en\/wp-json\/wp\/v2\/product_tag?post=33265"}],"curies":[{"name":"wp","href":"https:\/\/api.w.org\/{rel}","templated":true}]}}