{"id":33084,"date":"2025-05-08T07:12:22","date_gmt":"2025-05-08T07:12:22","guid":{"rendered":"https:\/\/meteoquebec.ca\/?post_type=product&#038;p=33084"},"modified":"2025-12-05T05:10:30","modified_gmt":"2025-12-05T09:10:30","slug":"doublure-de-botte-timberland-pac-max-epais-a5mr2","status":"publish","type":"product","link":"https:\/\/autravail.ca\/en\/product\/doublure-de-botte-timberland-pac-max-epais-a5mr2\/","title":{"rendered":"Doublure de botte Timberland Pac Max \u00c9pais &#8211; A5MR2"},"content":{"rendered":"<h3>Doublure de botte Timberland Pac Max \u00c9pais &#8211; A5MR2<\/h3>\n<p>La Doublure de botte Timberland Pac Max \u00c9pais &#8211; A5MR2 de la botte Pac Max <a href=\"https:\/\/autravail.ca\/en\/product-brand\/timberland-pro\/\">Timberland PRO<\/a> offre une chaleur optimale en conditions hivernales extr\u00eames. Elle combine mousse isolante et laine naturelle pour un confort sup\u00e9rieur. Cette doublure conserve la chaleur corporelle m\u00eame par grand froid. Elle \u00e9pouse la forme du pied pour une meilleure r\u00e9partition thermique. Sa conception multicouche r\u00e9duit les pertes de chaleur. Elle reste efficace m\u00eame en cas d\u2019humidit\u00e9 prolong\u00e9e. La doublure est respirante pour \u00e9viter l\u2019accumulation d\u2019humidit\u00e9 interne. Elle am\u00e9liore le confort g\u00e9n\u00e9ral de la botte en r\u00e9duisant les points de pression. Elle est id\u00e9ale pour les longues journ\u00e9es de travail \u00e0 l\u2019ext\u00e9rieur. Sa densit\u00e9 procure une sensation de cocon protecteur. Elle compl\u00e8te l\u2019imperm\u00e9abilit\u00e9 de la botte pour une protection totale. La doublure \u00e9paisse aide \u00e0 pr\u00e9venir les engelures. Elle convient aux environnements industriels et aux chantiers hivernaux. Elle respecte les normes de s\u00e9curit\u00e9 thermique.<\/p>\n<h4>Characteristics:<\/h4>\n<div id=\"base-collapse-v-0-19-2-content\" class=\"overflow-hidden duration\" aria-labelledby=\"base-collapse-v-0-19-2\">\n<div class=\"\" data-test-id=\"vf-accordion-content\">\n<div class=\"body-3 pb-4 pt-2\">\n<ul class=\"grid list-disc gap-4 cols-2\" title=\"Properties of Benefits\" data-test-id=\"product-details-bulletin\">\n<li class=\"ml-5\">Isolant Mylar\u00ae cot\u00e9 \u00e0 -60\u00b0C (-76\u00b0F) dans les zones cibl\u00e9es procurant un maximum de confort et de chaleur<\/li>\n<li class=\"ml-5\">Ganse \u00e9lastique permettant un ajustement personnalis\u00e9<\/li>\n<li class=\"ml-5\">Boucle \u00e0 l\u2019arri\u00e8re facilitant l\u2019enfilage et pouvant servir \u00e0 suspendre le chausson<\/li>\n<li class=\"ml-5\">Doublure en filet respirant et \u00e9vacuant l\u2019humidit\u00e9 en tissu ReBOTL\u2122 contenant au moins 50% de plastique recycl\u00e9 et comportant un traitement antimicrobien contr\u00f4lant les odeurs<\/li>\n<li class=\"ml-5\">Assise plantaire en polyur\u00e9thane avec technologie antifatigue offrant amortissement des chocs et retour d\u2019\u00e9nergie<\/li>\n<li class=\"ml-5\">L\u2019embo\u00eetage du talon matelass\u00e9 et soutenant en mousse EVA \u00e9limine tout glissement du talon dans la botte<\/li>\n<li class=\"ml-5\">Fabrication soud\u00e9e favorisant la flexibilit\u00e9<\/li>\n<li class=\"ml-5\">Importation<\/li>\n<\/ul>\n<p><img decoding=\"async\" class=\"alignnone wp-image-40620\" src=\"https:\/\/autravail.ca\/wp-content\/uploads\/2025\/09\/Jachete-quebec-et-canada.jpg\" alt=\"Logo de l'achat local\" width=\"162\" height=\"139\" \/>Merci d&rsquo;encourager une entreprise 100% d&rsquo;ici!<\/p>\n<\/div>\n<\/div>\n<\/div>","protected":false},"excerpt":{"rendered":"<p>Doublure de botte Timberland Pac Max \u00c9pais &#8211; A5MR2 La Doublure de botte Timberland Pac Max \u00c9pais &#8211; A5MR2 de la botte Pac Max Timberland PRO offre une chaleur optimale en conditions hivernales extr\u00eames. Elle combine mousse isolante et laine naturelle pour un confort sup\u00e9rieur. Cette doublure conserve la chaleur corporelle m\u00eame par grand froid. [&hellip;]<\/p>","protected":false},"featured_media":41133,"comment_status":"open","ping_status":"closed","template":"","meta":[],"product_cat":[599,749],"product_tag":[255,242,385],"class_list":{"0":"post-33084","1":"product","2":"type-product","3":"status-publish","4":"has-post-thumbnail","6":"product_brand-timberland-pro","7":"product_cat-apparel-accessories","8":"product_cat-doublure-de-botte","9":"product_tag-femme","10":"product_tag-homme","11":"product_tag-liner","13":"first","14":"instock","15":"taxable","16":"shipping-taxable","17":"purchasable","18":"product-type-variable","19":"has-default-attributes"},"yoast_head":"<!-- This site is optimized with the Yoast SEO plugin v25.3.1 - https:\/\/yoast.com\/wordpress\/plugins\/seo\/ -->\n<title>Doublure de botte Timberland Pac Max \u00c9pais - A5MR2 - Le Magasin Industriel<\/title>\n<meta name=\"description\" content=\"Doublure de botte Timberland Pac Max \u00c9pais - A5MR2 pour un maximum d&#039;isolation aux froides temp\u00e9ratures et conserver le confort Timberland Pro.\" \/>\n<meta name=\"robots\" content=\"index, follow, max-snippet:-1, max-image-preview:large, max-video-preview:-1\" \/>\n<link rel=\"canonical\" href=\"https:\/\/autravail.ca\/en\/product\/doublure-de-botte-timberland-pac-max-epais-a5mr2\/\" \/>\n<meta property=\"og:locale\" content=\"en_US\" \/>\n<meta property=\"og:type\" content=\"article\" \/>\n<meta property=\"og:title\" content=\"Doublure de botte Timberland Pac Max \u00c9pais - A5MR2 - Le Magasin Industriel\" \/>\n<meta property=\"og:description\" content=\"Doublure de botte Timberland Pac Max \u00c9pais - A5MR2 pour un maximum d&#039;isolation aux froides temp\u00e9ratures et conserver le confort Timberland Pro.\" \/>\n<meta property=\"og:url\" content=\"https:\/\/autravail.ca\/en\/product\/doublure-de-botte-timberland-pac-max-epais-a5mr2\/\" \/>\n<meta property=\"og:site_name\" content=\"Le Magasin Industriel\" \/>\n<meta property=\"article:publisher\" content=\"https:\/\/www.facebook.com\/lemagasinindustriel\/?locale=fr_FR\" \/>\n<meta property=\"article:modified_time\" content=\"2025-12-05T09:10:30+00:00\" \/>\n<meta property=\"og:image\" content=\"https:\/\/autravail.ca\/wp-content\/uploads\/2025\/05\/A5MR2_A01-1.jpg\" \/>\n\t<meta property=\"og:image:width\" content=\"1000\" \/>\n\t<meta property=\"og:image:height\" content=\"1000\" \/>\n\t<meta property=\"og:image:type\" content=\"image\/jpeg\" \/>\n<meta name=\"twitter:card\" content=\"summary_large_image\" \/>\n<meta name=\"twitter:label1\" content=\"Est. reading time\" \/>\n\t<meta name=\"twitter:data1\" content=\"2 minutes\" \/>\n<script type=\"application\/ld+json\" class=\"yoast-schema-graph\">{\"@context\":\"https:\/\/schema.org\",\"@graph\":[{\"@type\":\"WebPage\",\"@id\":\"https:\/\/autravail.ca\/product\/doublure-de-botte-timberland-pac-max-epais-a5mr2\/\",\"url\":\"https:\/\/autravail.ca\/product\/doublure-de-botte-timberland-pac-max-epais-a5mr2\/\",\"name\":\"Doublure de botte Timberland Pac Max \u00c9pais - A5MR2 - Le Magasin Industriel\",\"isPartOf\":{\"@id\":\"https:\/\/autravail.ca\/#website\"},\"primaryImageOfPage\":{\"@id\":\"https:\/\/autravail.ca\/product\/doublure-de-botte-timberland-pac-max-epais-a5mr2\/#primaryimage\"},\"image\":{\"@id\":\"https:\/\/autravail.ca\/product\/doublure-de-botte-timberland-pac-max-epais-a5mr2\/#primaryimage\"},\"thumbnailUrl\":\"https:\/\/autravail.ca\/wp-content\/uploads\/2025\/05\/A5MR2_A01-1.jpg\",\"datePublished\":\"2025-05-08T07:12:22+00:00\",\"dateModified\":\"2025-12-05T09:10:30+00:00\",\"description\":\"Doublure de botte Timberland Pac Max \u00c9pais - A5MR2 pour un maximum d'isolation aux froides temp\u00e9ratures et conserver le confort Timberland Pro.\",\"breadcrumb\":{\"@id\":\"https:\/\/autravail.ca\/product\/doublure-de-botte-timberland-pac-max-epais-a5mr2\/#breadcrumb\"},\"inLanguage\":\"en-CA\",\"potentialAction\":[{\"@type\":\"ReadAction\",\"target\":[\"https:\/\/autravail.ca\/product\/doublure-de-botte-timberland-pac-max-epais-a5mr2\/\"]}]},{\"@type\":\"ImageObject\",\"inLanguage\":\"en-CA\",\"@id\":\"https:\/\/autravail.ca\/product\/doublure-de-botte-timberland-pac-max-epais-a5mr2\/#primaryimage\",\"url\":\"https:\/\/autravail.ca\/wp-content\/uploads\/2025\/05\/A5MR2_A01-1.jpg\",\"contentUrl\":\"https:\/\/autravail.ca\/wp-content\/uploads\/2025\/05\/A5MR2_A01-1.jpg\",\"width\":1000,\"height\":1000,\"caption\":\"Doublure de botte hiver Timberland Pac Max A5MR2\"},{\"@type\":\"BreadcrumbList\",\"@id\":\"https:\/\/autravail.ca\/product\/doublure-de-botte-timberland-pac-max-epais-a5mr2\/#breadcrumb\",\"itemListElement\":[{\"@type\":\"ListItem\",\"position\":1,\"name\":\"Accueil\",\"item\":\"https:\/\/autravail.ca\/\"},{\"@type\":\"ListItem\",\"position\":2,\"name\":\"Magasin\",\"item\":\"https:\/\/autravail.ca\/en\/shop\/\"},{\"@type\":\"ListItem\",\"position\":3,\"name\":\"Doublure de botte Timberland Pac Max \u00c9pais &#8211; A5MR2\"}]},{\"@type\":\"WebSite\",\"@id\":\"https:\/\/autravail.ca\/#website\",\"url\":\"https:\/\/autravail.ca\/\",\"name\":\"Le Magasin Industriel\",\"description\":\"50 ans de tradition de s\u00e9curit\u00e9 au travail\",\"publisher\":{\"@id\":\"https:\/\/autravail.ca\/#organization\"},\"potentialAction\":[{\"@type\":\"SearchAction\",\"target\":{\"@type\":\"EntryPoint\",\"urlTemplate\":\"https:\/\/autravail.ca\/?s={search_term_string}\"},\"query-input\":{\"@type\":\"PropertyValueSpecification\",\"valueRequired\":true,\"valueName\":\"search_term_string\"}}],\"inLanguage\":\"en-CA\"},{\"@type\":\"Organization\",\"@id\":\"https:\/\/autravail.ca\/#organization\",\"name\":\"Le Magasin Industriel\",\"url\":\"https:\/\/autravail.ca\/\",\"logo\":{\"@type\":\"ImageObject\",\"inLanguage\":\"en-CA\",\"@id\":\"https:\/\/autravail.ca\/#\/schema\/logo\/image\/\",\"url\":\"https:\/\/autravail.ca\/wp-content\/uploads\/2025\/05\/cropped-magasin_industriel_120x.avif\",\"contentUrl\":\"https:\/\/autravail.ca\/wp-content\/uploads\/2025\/05\/cropped-magasin_industriel_120x.avif\",\"width\":120,\"height\":24,\"caption\":\"Le Magasin Industriel\"},\"image\":{\"@id\":\"https:\/\/autravail.ca\/#\/schema\/logo\/image\/\"},\"sameAs\":[\"https:\/\/www.facebook.com\/lemagasinindustriel\/?locale=fr_FR\"]}]}<\/script>\n<!-- \/ Yoast SEO plugin. -->","yoast_head_json":{"title":"Doublure de botte Timberland Pac Max \u00c9pais - A5MR2 - Le Magasin Industriel","description":"Doublure de botte Timberland Pac Max \u00c9pais - A5MR2 pour un maximum d'isolation aux froides temp\u00e9ratures et conserver le confort Timberland Pro.","robots":{"index":"index","follow":"follow","max-snippet":"max-snippet:-1","max-image-preview":"max-image-preview:large","max-video-preview":"max-video-preview:-1"},"canonical":"https:\/\/autravail.ca\/en\/product\/doublure-de-botte-timberland-pac-max-epais-a5mr2\/","og_locale":"en_US","og_type":"article","og_title":"Doublure de botte Timberland Pac Max \u00c9pais - A5MR2 - Le Magasin Industriel","og_description":"Doublure de botte Timberland Pac Max \u00c9pais - A5MR2 pour un maximum d'isolation aux froides temp\u00e9ratures et conserver le confort Timberland Pro.","og_url":"https:\/\/autravail.ca\/en\/product\/doublure-de-botte-timberland-pac-max-epais-a5mr2\/","og_site_name":"Le Magasin Industriel","article_publisher":"https:\/\/www.facebook.com\/lemagasinindustriel\/?locale=fr_FR","article_modified_time":"2025-12-05T09:10:30+00:00","og_image":[{"width":1000,"height":1000,"url":"https:\/\/autravail.ca\/wp-content\/uploads\/2025\/05\/A5MR2_A01-1.jpg","type":"image\/jpeg"}],"twitter_card":"summary_large_image","twitter_misc":{"Est. reading time":"2 minutes"},"schema":{"@context":"https:\/\/schema.org","@graph":[{"@type":"WebPage","@id":"https:\/\/autravail.ca\/product\/doublure-de-botte-timberland-pac-max-epais-a5mr2\/","url":"https:\/\/autravail.ca\/product\/doublure-de-botte-timberland-pac-max-epais-a5mr2\/","name":"Doublure de botte Timberland Pac Max \u00c9pais - A5MR2 - Le Magasin Industriel","isPartOf":{"@id":"https:\/\/autravail.ca\/#website"},"primaryImageOfPage":{"@id":"https:\/\/autravail.ca\/product\/doublure-de-botte-timberland-pac-max-epais-a5mr2\/#primaryimage"},"image":{"@id":"https:\/\/autravail.ca\/product\/doublure-de-botte-timberland-pac-max-epais-a5mr2\/#primaryimage"},"thumbnailUrl":"https:\/\/autravail.ca\/wp-content\/uploads\/2025\/05\/A5MR2_A01-1.jpg","datePublished":"2025-05-08T07:12:22+00:00","dateModified":"2025-12-05T09:10:30+00:00","description":"Doublure de botte Timberland Pac Max \u00c9pais - A5MR2 pour un maximum d'isolation aux froides temp\u00e9ratures et conserver le confort Timberland Pro.","breadcrumb":{"@id":"https:\/\/autravail.ca\/product\/doublure-de-botte-timberland-pac-max-epais-a5mr2\/#breadcrumb"},"inLanguage":"en-CA","potentialAction":[{"@type":"ReadAction","target":["https:\/\/autravail.ca\/product\/doublure-de-botte-timberland-pac-max-epais-a5mr2\/"]}]},{"@type":"ImageObject","inLanguage":"en-CA","@id":"https:\/\/autravail.ca\/product\/doublure-de-botte-timberland-pac-max-epais-a5mr2\/#primaryimage","url":"https:\/\/autravail.ca\/wp-content\/uploads\/2025\/05\/A5MR2_A01-1.jpg","contentUrl":"https:\/\/autravail.ca\/wp-content\/uploads\/2025\/05\/A5MR2_A01-1.jpg","width":1000,"height":1000,"caption":"Doublure de botte hiver Timberland Pac Max A5MR2"},{"@type":"BreadcrumbList","@id":"https:\/\/autravail.ca\/product\/doublure-de-botte-timberland-pac-max-epais-a5mr2\/#breadcrumb","itemListElement":[{"@type":"ListItem","position":1,"name":"Accueil","item":"https:\/\/autravail.ca\/"},{"@type":"ListItem","position":2,"name":"Magasin","item":"https:\/\/autravail.ca\/en\/shop\/"},{"@type":"ListItem","position":3,"name":"Doublure de botte Timberland Pac Max \u00c9pais &#8211; A5MR2"}]},{"@type":"WebSite","@id":"https:\/\/autravail.ca\/#website","url":"https:\/\/autravail.ca\/","name":"Le Magasin Industriel","description":"50 ans de tradition de s\u00e9curit\u00e9 au travail","publisher":{"@id":"https:\/\/autravail.ca\/#organization"},"potentialAction":[{"@type":"SearchAction","target":{"@type":"EntryPoint","urlTemplate":"https:\/\/autravail.ca\/?s={search_term_string}"},"query-input":{"@type":"PropertyValueSpecification","valueRequired":true,"valueName":"search_term_string"}}],"inLanguage":"en-CA"},{"@type":"Organization","@id":"https:\/\/autravail.ca\/#organization","name":"Le Magasin Industriel","url":"https:\/\/autravail.ca\/","logo":{"@type":"ImageObject","inLanguage":"en-CA","@id":"https:\/\/autravail.ca\/#\/schema\/logo\/image\/","url":"https:\/\/autravail.ca\/wp-content\/uploads\/2025\/05\/cropped-magasin_industriel_120x.avif","contentUrl":"https:\/\/autravail.ca\/wp-content\/uploads\/2025\/05\/cropped-magasin_industriel_120x.avif","width":120,"height":24,"caption":"Le Magasin Industriel"},"image":{"@id":"https:\/\/autravail.ca\/#\/schema\/logo\/image\/"},"sameAs":["https:\/\/www.facebook.com\/lemagasinindustriel\/?locale=fr_FR"]}]}},"jetpack_sharing_enabled":true,"_links":{"self":[{"href":"https:\/\/autravail.ca\/en\/wp-json\/wp\/v2\/product\/33084","targetHints":{"allow":["GET"]}}],"collection":[{"href":"https:\/\/autravail.ca\/en\/wp-json\/wp\/v2\/product"}],"about":[{"href":"https:\/\/autravail.ca\/en\/wp-json\/wp\/v2\/types\/product"}],"replies":[{"embeddable":true,"href":"https:\/\/autravail.ca\/en\/wp-json\/wp\/v2\/comments?post=33084"}],"wp:featuredmedia":[{"embeddable":true,"href":"https:\/\/autravail.ca\/en\/wp-json\/wp\/v2\/media\/41133"}],"wp:attachment":[{"href":"https:\/\/autravail.ca\/en\/wp-json\/wp\/v2\/media?parent=33084"}],"wp:term":[{"taxonomy":"product_cat","embeddable":true,"href":"https:\/\/autravail.ca\/en\/wp-json\/wp\/v2\/product_cat?post=33084"},{"taxonomy":"product_tag","embeddable":true,"href":"https:\/\/autravail.ca\/en\/wp-json\/wp\/v2\/product_tag?post=33084"}],"curies":[{"name":"wp","href":"https:\/\/api.w.org\/{rel}","templated":true}]}}